{"id":129766,"date":"2022-08-23T22:28:30","date_gmt":"2022-08-23T22:28:30","guid":{"rendered":"https:\/\/espak.ee\/epood\/?post_type=product&#038;p=129766"},"modified":"2026-02-10T12:09:32","modified_gmt":"2026-02-10T10:09:32","slug":"libisemisvastane-teip-tesa-kollane-must-60951-15m50mm","status":"publish","type":"product","link":"https:\/\/espak.ee\/epood\/toode\/libisemisvastane-teip-tesa-kollane-must-60951-15m50mm\/","title":{"rendered":"LIBISEMISVASTANE TEIP TESA KOLLANE\/MUST 60951 15M*50MM"},"content":{"rendered":"<div class=\"row\"  id=\"row-114850039\">\n\n\t<div id=\"col-24784613\" class=\"col medium-9 small-12 large-9\"  >\n\t\t\t\t<div class=\"col-inner\"  >\n\t\t\t\n\t\t\t\n<h3>Libisemisvastane teip tesa\u00ae 60951 kollane\/must 15m x 50mm<\/h3>\n<p>tesa\u00ae libisemisvastaste teipide sarja sobib kasutada k\u00f5ikjal, kus vajatakse ohutut jalgealust. Kollane ja must libisemisvastane teip pakub t\u00e4iuslikku kaitset libastumise eest ja aitab seega v\u00e4ltida t\u00f6\u00f6\u00f5nnetusi. T\u00e4nu v\u00e4ga heale nakkele sobib toode kasutamiseks n\u00f5udlikel pindadel, nagu tehasep\u00f5randad, t\u00f6\u00f6stusalad. Tugev ja vastupidav liimikiht tagab libisemisvastase kaitse tavalise kasutuskombineeritud aladel 1\u20132 aasta jooksul. Libisemisvastased teibid on k\u00e4sitsi rebitavad ega t\u00f5mba p\u00e4rast paigaldust kokku.<\/p>\n\t<div id=\"gap-1774861139\" class=\"gap-element clearfix\" style=\"display:block; height:auto;\">\n\t\t\n<style>\n#gap-1774861139 {\n  padding-top: 30px;\n}\n<\/style>\n\t<\/div>\n\t\n\t\t<\/div>\n\t\t\t\t\t<\/div>\n\n\t\n\n\t<div id=\"col-252341846\" class=\"col medium-3 small-12 large-3\"  >\n\t\t\t\t<div class=\"col-inner\"  >\n\t\t\t\n\t\t\t\n<h3>Tehniline informatsioon<\/h3>\n<p><a href=\"https:\/\/espak.ee\/epood\/wp-content\/uploads\/2022\/08\/tesa-professional-60951-cr-et-ee.pdf\"target=\"_blank\" rel=\"noopener noreferrer\"><i class=\"far fa-file-pdf\"><\/i> Tehniline info (PDF)<\/a><\/p>\n<p><strong>\u00dcksikasjalikuma n\u00f5u saamiseks v\u00f5tke \u00fchendust:<br \/><\/strong>tesa tape UAB<br \/>Sepise 1<br \/>11415<br \/>Tallinn<br \/>+372 6401 366<\/p>\n<div class=\"is-divider divider clearfix\" ><\/div>\n\t\t<\/div>\n\t\t\t\t\t<\/div>\n\n\t\n<\/div>\n","protected":false},"excerpt":{"rendered":"","protected":false},"featured_media":130109,"comment_status":"closed","ping_status":"closed","template":"","meta":[],"product_brand":[],"product_cat":[2909,2908,2907,2683],"product_tag":[],"class_list":{"0":"post-129766","1":"product","2":"type-product","3":"status-publish","4":"has-post-thumbnail","6":"product_cat-eriotstarbelised-teibid","7":"product_cat-teibid","8":"product_cat-teibid-ja-armeerimismaterjalid","9":"product_cat-viimistluskaubad","10":"pa_kaubamark-tesa-as","12":"first","13":"instock","14":"sale","15":"taxable","16":"shipping-taxable","17":"purchasable","18":"product-type-simple"},"yoast_head":"<!-- This site is optimized with the Yoast SEO plugin v26.9 - https:\/\/yoast.com\/product\/yoast-seo-wordpress\/ -->\n<title>LIBISEMISVASTANE TEIP TESA KOLLANE\/MUST 60951 15M*50MM - Espak E-pood<\/title>\n<meta name=\"robots\" content=\"index, follow, max-snippet:-1, max-image-preview:large, max-video-preview:-1\" \/>\n<link rel=\"canonical\" href=\"https:\/\/espak.ee\/epood\/toode\/libisemisvastane-teip-tesa-kollane-must-60951-15m50mm\/\" \/>\n<meta property=\"og:locale\" content=\"et_EE\" \/>\n<meta property=\"og:type\" content=\"article\" \/>\n<meta property=\"og:title\" content=\"LIBISEMISVASTANE TEIP TESA KOLLANE\/MUST 60951 15M*50MM - Espak E-pood\" \/>\n<meta property=\"og:url\" content=\"https:\/\/espak.ee\/epood\/toode\/libisemisvastane-teip-tesa-kollane-must-60951-15m50mm\/\" \/>\n<meta property=\"og:site_name\" content=\"Espak E-pood\" \/>\n<meta property=\"article:modified_time\" content=\"2026-02-10T10:09:32+00:00\" \/>\n<meta property=\"og:image\" content=\"https:\/\/espak.ee\/epood\/wp-content\/uploads\/2022\/08\/tesa-4042448841957-60951-00000-li602-left-pa1917166_canvas16x9_18.jpg\" \/>\n\t<meta property=\"og:image:width\" content=\"800\" \/>\n\t<meta property=\"og:image:height\" content=\"800\" \/>\n\t<meta property=\"og:image:type\" content=\"image\/jpeg\" \/>\n<meta name=\"twitter:card\" content=\"summary_large_image\" \/>\n<meta name=\"twitter:label1\" content=\"Est. reading time\" \/>\n\t<meta name=\"twitter:data1\" content=\"1 minut\" \/>\n<script type=\"application\/ld+json\" class=\"yoast-schema-graph\">{\"@context\":\"https:\/\/schema.org\",\"@graph\":[{\"@type\":\"WebPage\",\"@id\":\"https:\/\/espak.ee\/epood\/toode\/libisemisvastane-teip-tesa-kollane-must-60951-15m50mm\/\",\"url\":\"https:\/\/espak.ee\/epood\/toode\/libisemisvastane-teip-tesa-kollane-must-60951-15m50mm\/\",\"name\":\"LIBISEMISVASTANE TEIP TESA KOLLANE\/MUST 60951 15M*50MM - Espak E-pood\",\"isPartOf\":{\"@id\":\"https:\/\/espak.ee\/epood\/#website\"},\"primaryImageOfPage\":{\"@id\":\"https:\/\/espak.ee\/epood\/toode\/libisemisvastane-teip-tesa-kollane-must-60951-15m50mm\/#primaryimage\"},\"image\":{\"@id\":\"https:\/\/espak.ee\/epood\/toode\/libisemisvastane-teip-tesa-kollane-must-60951-15m50mm\/#primaryimage\"},\"thumbnailUrl\":\"https:\/\/espak.ee\/epood\/wp-content\/uploads\/2022\/08\/tesa-4042448841957-60951-00000-li602-left-pa1917166_canvas16x9_18.jpg\",\"datePublished\":\"2022-08-23T22:28:30+00:00\",\"dateModified\":\"2026-02-10T10:09:32+00:00\",\"breadcrumb\":{\"@id\":\"https:\/\/espak.ee\/epood\/toode\/libisemisvastane-teip-tesa-kollane-must-60951-15m50mm\/#breadcrumb\"},\"inLanguage\":\"et\",\"potentialAction\":[{\"@type\":\"ReadAction\",\"target\":[\"https:\/\/espak.ee\/epood\/toode\/libisemisvastane-teip-tesa-kollane-must-60951-15m50mm\/\"]}]},{\"@type\":\"ImageObject\",\"inLanguage\":\"et\",\"@id\":\"https:\/\/espak.ee\/epood\/toode\/libisemisvastane-teip-tesa-kollane-must-60951-15m50mm\/#primaryimage\",\"url\":\"https:\/\/espak.ee\/epood\/wp-content\/uploads\/2022\/08\/tesa-4042448841957-60951-00000-li602-left-pa1917166_canvas16x9_18.jpg\",\"contentUrl\":\"https:\/\/espak.ee\/epood\/wp-content\/uploads\/2022\/08\/tesa-4042448841957-60951-00000-li602-left-pa1917166_canvas16x9_18.jpg\",\"width\":800,\"height\":800},{\"@type\":\"BreadcrumbList\",\"@id\":\"https:\/\/espak.ee\/epood\/toode\/libisemisvastane-teip-tesa-kollane-must-60951-15m50mm\/#breadcrumb\",\"itemListElement\":[{\"@type\":\"ListItem\",\"position\":1,\"name\":\"Home\",\"item\":\"https:\/\/espak.ee\/epood\/\"},{\"@type\":\"ListItem\",\"position\":2,\"name\":\"Tootevalik\",\"item\":\"https:\/\/espak.ee\/epood\/tootevalik\/\"},{\"@type\":\"ListItem\",\"position\":3,\"name\":\"LIBISEMISVASTANE TEIP TESA KOLLANE\/MUST 60951 15M*50MM\"}]},{\"@type\":\"WebSite\",\"@id\":\"https:\/\/espak.ee\/epood\/#website\",\"url\":\"https:\/\/espak.ee\/epood\/\",\"name\":\"Espak E-pood\",\"description\":\"\",\"potentialAction\":[{\"@type\":\"SearchAction\",\"target\":{\"@type\":\"EntryPoint\",\"urlTemplate\":\"https:\/\/espak.ee\/epood\/?s={search_term_string}\"},\"query-input\":{\"@type\":\"PropertyValueSpecification\",\"valueRequired\":true,\"valueName\":\"search_term_string\"}}],\"inLanguage\":\"et\"}]}<\/script>\n<!-- \/ Yoast SEO plugin. -->","yoast_head_json":{"title":"LIBISEMISVASTANE TEIP TESA KOLLANE\/MUST 60951 15M*50MM - Espak E-pood","robots":{"index":"index","follow":"follow","max-snippet":"max-snippet:-1","max-image-preview":"max-image-preview:large","max-video-preview":"max-video-preview:-1"},"canonical":"https:\/\/espak.ee\/epood\/toode\/libisemisvastane-teip-tesa-kollane-must-60951-15m50mm\/","og_locale":"et_EE","og_type":"article","og_title":"LIBISEMISVASTANE TEIP TESA KOLLANE\/MUST 60951 15M*50MM - Espak E-pood","og_url":"https:\/\/espak.ee\/epood\/toode\/libisemisvastane-teip-tesa-kollane-must-60951-15m50mm\/","og_site_name":"Espak E-pood","article_modified_time":"2026-02-10T10:09:32+00:00","og_image":[{"width":800,"height":800,"url":"https:\/\/espak.ee\/epood\/wp-content\/uploads\/2022\/08\/tesa-4042448841957-60951-00000-li602-left-pa1917166_canvas16x9_18.jpg","type":"image\/jpeg"}],"twitter_card":"summary_large_image","twitter_misc":{"Est. reading time":"1 minut"},"schema":{"@context":"https:\/\/schema.org","@graph":[{"@type":"WebPage","@id":"https:\/\/espak.ee\/epood\/toode\/libisemisvastane-teip-tesa-kollane-must-60951-15m50mm\/","url":"https:\/\/espak.ee\/epood\/toode\/libisemisvastane-teip-tesa-kollane-must-60951-15m50mm\/","name":"LIBISEMISVASTANE TEIP TESA KOLLANE\/MUST 60951 15M*50MM - Espak E-pood","isPartOf":{"@id":"https:\/\/espak.ee\/epood\/#website"},"primaryImageOfPage":{"@id":"https:\/\/espak.ee\/epood\/toode\/libisemisvastane-teip-tesa-kollane-must-60951-15m50mm\/#primaryimage"},"image":{"@id":"https:\/\/espak.ee\/epood\/toode\/libisemisvastane-teip-tesa-kollane-must-60951-15m50mm\/#primaryimage"},"thumbnailUrl":"https:\/\/espak.ee\/epood\/wp-content\/uploads\/2022\/08\/tesa-4042448841957-60951-00000-li602-left-pa1917166_canvas16x9_18.jpg","datePublished":"2022-08-23T22:28:30+00:00","dateModified":"2026-02-10T10:09:32+00:00","breadcrumb":{"@id":"https:\/\/espak.ee\/epood\/toode\/libisemisvastane-teip-tesa-kollane-must-60951-15m50mm\/#breadcrumb"},"inLanguage":"et","potentialAction":[{"@type":"ReadAction","target":["https:\/\/espak.ee\/epood\/toode\/libisemisvastane-teip-tesa-kollane-must-60951-15m50mm\/"]}]},{"@type":"ImageObject","inLanguage":"et","@id":"https:\/\/espak.ee\/epood\/toode\/libisemisvastane-teip-tesa-kollane-must-60951-15m50mm\/#primaryimage","url":"https:\/\/espak.ee\/epood\/wp-content\/uploads\/2022\/08\/tesa-4042448841957-60951-00000-li602-left-pa1917166_canvas16x9_18.jpg","contentUrl":"https:\/\/espak.ee\/epood\/wp-content\/uploads\/2022\/08\/tesa-4042448841957-60951-00000-li602-left-pa1917166_canvas16x9_18.jpg","width":800,"height":800},{"@type":"BreadcrumbList","@id":"https:\/\/espak.ee\/epood\/toode\/libisemisvastane-teip-tesa-kollane-must-60951-15m50mm\/#breadcrumb","itemListElement":[{"@type":"ListItem","position":1,"name":"Home","item":"https:\/\/espak.ee\/epood\/"},{"@type":"ListItem","position":2,"name":"Tootevalik","item":"https:\/\/espak.ee\/epood\/tootevalik\/"},{"@type":"ListItem","position":3,"name":"LIBISEMISVASTANE TEIP TESA KOLLANE\/MUST 60951 15M*50MM"}]},{"@type":"WebSite","@id":"https:\/\/espak.ee\/epood\/#website","url":"https:\/\/espak.ee\/epood\/","name":"Espak E-pood","description":"","potentialAction":[{"@type":"SearchAction","target":{"@type":"EntryPoint","urlTemplate":"https:\/\/espak.ee\/epood\/?s={search_term_string}"},"query-input":{"@type":"PropertyValueSpecification","valueRequired":true,"valueName":"search_term_string"}}],"inLanguage":"et"}]}},"_links":{"self":[{"href":"https:\/\/espak.ee\/epood\/wp-json\/wp\/v2\/product\/129766","targetHints":{"allow":["GET"]}}],"collection":[{"href":"https:\/\/espak.ee\/epood\/wp-json\/wp\/v2\/product"}],"about":[{"href":"https:\/\/espak.ee\/epood\/wp-json\/wp\/v2\/types\/product"}],"replies":[{"embeddable":true,"href":"https:\/\/espak.ee\/epood\/wp-json\/wp\/v2\/comments?post=129766"}],"wp:featuredmedia":[{"embeddable":true,"href":"https:\/\/espak.ee\/epood\/wp-json\/wp\/v2\/media\/130109"}],"wp:attachment":[{"href":"https:\/\/espak.ee\/epood\/wp-json\/wp\/v2\/media?parent=129766"}],"wp:term":[{"taxonomy":"product_brand","embeddable":true,"href":"https:\/\/espak.ee\/epood\/wp-json\/wp\/v2\/product_brand?post=129766"},{"taxonomy":"product_cat","embeddable":true,"href":"https:\/\/espak.ee\/epood\/wp-json\/wp\/v2\/product_cat?post=129766"},{"taxonomy":"product_tag","embeddable":true,"href":"https:\/\/espak.ee\/epood\/wp-json\/wp\/v2\/product_tag?post=129766"}],"curies":[{"name":"wp","href":"https:\/\/api.w.org\/{rel}","templated":true}]}}