{"id":12937,"date":"2019-12-17T02:55:05","date_gmt":"2019-12-17T00:55:05","guid":{"rendered":"https:\/\/espak.ee\/hinnakiri\/?post_type=product&#038;p=12937"},"modified":"2024-03-23T00:06:25","modified_gmt":"2024-03-22T22:06:25","slug":"taitepahtel-face-filler-10l","status":"publish","type":"product","link":"https:\/\/espak.ee\/epood\/toode\/taitepahtel-face-filler-10l\/","title":{"rendered":"T\u00c4ITEPAHTEL FACE FILLER 10L"},"content":{"rendered":"<div class=\"row\"  id=\"row-1765009699\">\n\n\t<div id=\"col-1415977297\" class=\"col medium-9 small-12 large-9\"  >\n\t\t\t\t<div class=\"col-inner\"  >\n\t\t\t\n\t\t\t\n<h2>Face Filler<\/h2>\n<p>T\u00e4itepahtel sise\u2013 ja v\u00e4list\u00f6\u00f6deks.<\/p>\n<div class=\"message-box relative\" style=\"padding-top:15px;padding-bottom:15px;\"><div class=\"message-box-bg-image bg-fill fill\" ><\/div><div class=\"message-box-bg-overlay bg-fill fill\" ><\/div><div class=\"container relative\"><div class=\"inner last-reset\">\n<div class=\"row align-middle align-center\"  id=\"row-1838120913\">\n\n\t<div id=\"col-773723910\" class=\"col small-12 large-12\"  >\n\t\t\t\t<div class=\"col-inner text-left\"  >\n\t\t\t\n\t\t\t\n<h4>Omadused<\/h4>\n<div class=\"row\"  id=\"row-12623723\">\n\n\t<div id=\"col-1932380901\" class=\"col medium-6 small-12 large-6\"  >\n\t\t\t\t<div class=\"col-inner\"  >\n\t\t\t\n\t\t\t\n<p><i class=\"fa fa-check fa-2x\"><\/i> <strong>Niiskuskindel<\/strong><\/p>\n<p><i class=\"fa fa-check fa-2x\"><\/i> <strong>Sise- ja v\u00e4list\u00f6\u00f6deks<\/strong><\/p>\n\t\t<\/div>\n\t\t\t\t\n<style>\n#col-1932380901 > .col-inner {\n  margin: 0px 0px 15px 0px;\n}\n<\/style>\n\t<\/div>\n\n\t\n\n\t<div id=\"col-116222145\" class=\"col medium-6 small-12 large-6\"  >\n\t\t\t\t<div class=\"col-inner\"  >\n\t\t\t\n\t\t\t\n<p><i class=\"fa fa-check fa-2x\"><\/i> <strong>Hea nake aluspinnaga<\/strong><\/p>\n<p><i class=\"fa fa-check fa-2x\"><\/i> <strong>Kiiresti kuivav<\/strong><\/p>\n\t\t<\/div>\n\t\t\t\t\n<style>\n#col-116222145 > .col-inner {\n  margin: 0px 0px 15px 0px;\n}\n<\/style>\n\t<\/div>\n\n\t\n<\/div>\n\t\t<\/div>\n\t\t\t\t\t<\/div>\n\n\t\n<\/div>\n<\/div><\/div><\/div>\n\t<div id=\"gap-722145412\" class=\"gap-element clearfix\" style=\"display:block; height:auto;\">\n\t\t\n<style>\n#gap-722145412 {\n  padding-top: 30px;\n}\n<\/style>\n\t<\/div>\n\t\n<h3>Kasutamise \u00fcksikasjad<\/h3>\n<p><strong>Kasutusalad:<\/strong> Koht- ja aluspahteldus sise- ja v\u00e4list\u00f6\u00f6del. Sobib pragude, aukude jt. ebatasasuste t\u00e4itmiseks seintel ja lagedel. Pahteldatud pinda saab \u00fcle v\u00e4rvida v\u00f5i tapeetida peale kuivamist.<\/p>\n<p><strong>Pahteldatavad pinnad:<\/strong> Betoon-, kergbetoon-, kips-, kipsplaat-, krohv-, kivi- jt. mineraalpinnad sise- ja v\u00e4list\u00f6\u00f6del.<\/p>\n<p><strong>Aluspinna ettevalmistus:<\/strong> Pahteldatav pind peab olema kuiv, puhastatud mittep\u00fcsivast ja kooruvast materjalist, rasvast, \u00f5list, tolmust, samblikest ja muust mustusest. Vajadusel kasutada hallituse eemaldamiseks vahendit Biotol E v\u00f5i Biotol Spray (j\u00e4rgida toote kasutusjuhendit). Vana katte ja suurema mustuse t\u00e4ielikuks eemaldamiseks soovitame kasutada surve- v\u00f5i liivapesu. Armatuur ja teised metallist elemendid puhastada roostest ning koheselt kruntida roostekaitsev\u00e4rviga. Poorsed, imavad pinnad kruntida vahendiga Aquastop, Aquastop Bio, Aquastop Fa\u00e7ade v\u00f5i Tiefgrund (j\u00e4rgida toote kasutusjuhendit). Varem email- v\u00f5i \u00f5liv\u00e4rvidega kaetud pinnad lihvida matistumiseni.<\/p>\n<p><strong>Pahteldamine:<\/strong> Pahtel kanda pinnale pahtlilabidatega. Teine kiht pahtlit kanda pinnale p\u00e4rast esimese kihi t\u00e4ielikku kuivamist. Kuivanud pind lihvida siledaks, lihvimistolm hoolikalt eemaldada. Pahteldamiseks sobib \u00f5hu- ja pinnatemperatuur +5 &#8230; +25\u043e\u0421 ja suhteline \u00f5huniiskus alla 80%. Pahteldamise ajal v\u00e4ltida tuulet\u00f5mbust, k\u00f5rget ja madalat temperatuuri, vihma ja udu.<\/p>\n<p><strong>Ohutus:<\/strong> Toode ei ole klassifitseeritud ohtlikuks vastavalt direktiivile 1999\/45\/E\u00dc ja selle muudatustele. T\u00f6\u00f6tamisel j\u00e4rgida t\u00f6\u00f6ohutusn\u00f5udeid. V\u00e4ltida p\u00f5hjendamatut riski. \u00c4rge s\u00f6\u00f6ge ja jooge kasutamise ajal; peske p\u00e4rast k\u00e4si sobiva puhastusvahendiga. Pahteldatud pinna lihvimisel kanda tolmumaski ja kaitseprille. V\u00e4ltida sattumist nahale ja silma. Silma sattumisel pesta rohke veega. Hoida lastele k\u00e4ttesaamatus kohas. Ennetava meetmena on soovitatav kasutada tavalisi isikukaitsevahendeid, millel on CE-m\u00e4rgis, vastavalt direktiivile 89\/686\/E\u00dc.<\/p>\n\t\t<\/div>\n\t\t\t\t\t<\/div>\n\n\t\n\n\t<div id=\"col-28280516\" class=\"col medium-3 small-12 large-3\"  >\n\t\t\t\t<div class=\"col-inner\"  >\n\t\t\t\n\t\t\t\n\t<div id=\"gap-1288106516\" class=\"gap-element clearfix\" style=\"display:block; height:auto;\">\n\t\t\n<style>\n#gap-1288106516 {\n  padding-top: 30px;\n}\n<\/style>\n\t<\/div>\n\t\n<h3>Tehniline informatsioon<\/h3>\n<p><a href=\"https:\/\/espak.ee\/epood\/wp-content\/uploads\/face-filler-tooteleht.pdf\" target=\"_blank\" rel=\"noopener noreferrer\"><i class=\"far fa-file-pdf\"><\/i> Tehniline info (PDF)<\/a><\/p>\n<div class=\"is-divider divider clearfix\" ><\/div>\n<p><strong>\u00dcksikasjalikuma n\u00f5u saamiseks v\u00f5tke \u00fchendust:<br \/><\/strong>Eskaro AS<br \/>Fosforiidi 20<br \/>Maardu<br \/>+372 6217969<\/p>\n<div class=\"is-divider divider clearfix\" ><\/div>\n\t\t<\/div>\n\t\t\t\t\t<\/div>\n\n\t\n<\/div>\n","protected":false},"excerpt":{"rendered":"","protected":false},"featured_media":40047,"comment_status":"closed","ping_status":"open","template":"","meta":[],"product_brand":[],"product_cat":[2729,2818,2698,2697],"product_tag":[],"class_list":{"0":"post-12937","1":"product","2":"type-product","3":"status-publish","4":"has-post-thumbnail","6":"product_cat-fassaadi-ja-universaalpahtlid","7":"product_cat-fassaadipahtlid","8":"product_cat-pahtlid-ja-kuivsegud","9":"product_cat-uldehitus","10":"pa_kaubamark-eskaro-as","12":"first","13":"instock","14":"sale","15":"taxable","16":"shipping-taxable","17":"purchasable","18":"product-type-simple"},"yoast_head":"<!-- This site is optimized with the Yoast SEO plugin v26.9 - https:\/\/yoast.com\/product\/yoast-seo-wordpress\/ -->\n<title>T\u00c4ITEPAHTEL FACE FILLER 10L - Espak E-pood<\/title>\n<meta name=\"robots\" content=\"index, follow, max-snippet:-1, max-image-preview:large, max-video-preview:-1\" \/>\n<link rel=\"canonical\" href=\"https:\/\/espak.ee\/epood\/toode\/taitepahtel-face-filler-10l\/\" \/>\n<meta property=\"og:locale\" content=\"et_EE\" \/>\n<meta property=\"og:type\" content=\"article\" \/>\n<meta property=\"og:title\" content=\"T\u00c4ITEPAHTEL FACE FILLER 10L - Espak E-pood\" \/>\n<meta property=\"og:url\" content=\"https:\/\/espak.ee\/epood\/toode\/taitepahtel-face-filler-10l\/\" \/>\n<meta property=\"og:site_name\" content=\"Espak E-pood\" \/>\n<meta property=\"article:modified_time\" content=\"2024-03-22T22:06:25+00:00\" \/>\n<meta property=\"og:image\" content=\"https:\/\/espak.ee\/epood\/wp-content\/uploads\/4740381002045_FaceFiller10L.png\" \/>\n\t<meta property=\"og:image:width\" content=\"760\" \/>\n\t<meta property=\"og:image:height\" content=\"637\" \/>\n\t<meta property=\"og:image:type\" content=\"image\/png\" \/>\n<meta name=\"twitter:card\" content=\"summary_large_image\" \/>\n<meta name=\"twitter:label1\" content=\"Est. reading time\" \/>\n\t<meta name=\"twitter:data1\" content=\"2 minutit\" \/>\n<script type=\"application\/ld+json\" class=\"yoast-schema-graph\">{\"@context\":\"https:\/\/schema.org\",\"@graph\":[{\"@type\":\"WebPage\",\"@id\":\"https:\/\/espak.ee\/epood\/toode\/taitepahtel-face-filler-10l\/\",\"url\":\"https:\/\/espak.ee\/epood\/toode\/taitepahtel-face-filler-10l\/\",\"name\":\"T\u00c4ITEPAHTEL FACE FILLER 10L - Espak E-pood\",\"isPartOf\":{\"@id\":\"https:\/\/espak.ee\/epood\/#website\"},\"primaryImageOfPage\":{\"@id\":\"https:\/\/espak.ee\/epood\/toode\/taitepahtel-face-filler-10l\/#primaryimage\"},\"image\":{\"@id\":\"https:\/\/espak.ee\/epood\/toode\/taitepahtel-face-filler-10l\/#primaryimage\"},\"thumbnailUrl\":\"https:\/\/espak.ee\/epood\/wp-content\/uploads\/4740381002045_FaceFiller10L.png\",\"datePublished\":\"2019-12-17T00:55:05+00:00\",\"dateModified\":\"2024-03-22T22:06:25+00:00\",\"breadcrumb\":{\"@id\":\"https:\/\/espak.ee\/epood\/toode\/taitepahtel-face-filler-10l\/#breadcrumb\"},\"inLanguage\":\"et\",\"potentialAction\":[{\"@type\":\"ReadAction\",\"target\":[\"https:\/\/espak.ee\/epood\/toode\/taitepahtel-face-filler-10l\/\"]}]},{\"@type\":\"ImageObject\",\"inLanguage\":\"et\",\"@id\":\"https:\/\/espak.ee\/epood\/toode\/taitepahtel-face-filler-10l\/#primaryimage\",\"url\":\"https:\/\/espak.ee\/epood\/wp-content\/uploads\/4740381002045_FaceFiller10L.png\",\"contentUrl\":\"https:\/\/espak.ee\/epood\/wp-content\/uploads\/4740381002045_FaceFiller10L.png\",\"width\":760,\"height\":637},{\"@type\":\"BreadcrumbList\",\"@id\":\"https:\/\/espak.ee\/epood\/toode\/taitepahtel-face-filler-10l\/#breadcrumb\",\"itemListElement\":[{\"@type\":\"ListItem\",\"position\":1,\"name\":\"Home\",\"item\":\"https:\/\/espak.ee\/epood\/\"},{\"@type\":\"ListItem\",\"position\":2,\"name\":\"Tootevalik\",\"item\":\"https:\/\/espak.ee\/epood\/tootevalik\/\"},{\"@type\":\"ListItem\",\"position\":3,\"name\":\"T\u00c4ITEPAHTEL FACE FILLER 10L\"}]},{\"@type\":\"WebSite\",\"@id\":\"https:\/\/espak.ee\/epood\/#website\",\"url\":\"https:\/\/espak.ee\/epood\/\",\"name\":\"Espak E-pood\",\"description\":\"\",\"potentialAction\":[{\"@type\":\"SearchAction\",\"target\":{\"@type\":\"EntryPoint\",\"urlTemplate\":\"https:\/\/espak.ee\/epood\/?s={search_term_string}\"},\"query-input\":{\"@type\":\"PropertyValueSpecification\",\"valueRequired\":true,\"valueName\":\"search_term_string\"}}],\"inLanguage\":\"et\"}]}<\/script>\n<!-- \/ Yoast SEO plugin. -->","yoast_head_json":{"title":"T\u00c4ITEPAHTEL FACE FILLER 10L - Espak E-pood","robots":{"index":"index","follow":"follow","max-snippet":"max-snippet:-1","max-image-preview":"max-image-preview:large","max-video-preview":"max-video-preview:-1"},"canonical":"https:\/\/espak.ee\/epood\/toode\/taitepahtel-face-filler-10l\/","og_locale":"et_EE","og_type":"article","og_title":"T\u00c4ITEPAHTEL FACE FILLER 10L - Espak E-pood","og_url":"https:\/\/espak.ee\/epood\/toode\/taitepahtel-face-filler-10l\/","og_site_name":"Espak E-pood","article_modified_time":"2024-03-22T22:06:25+00:00","og_image":[{"width":760,"height":637,"url":"https:\/\/espak.ee\/epood\/wp-content\/uploads\/4740381002045_FaceFiller10L.png","type":"image\/png"}],"twitter_card":"summary_large_image","twitter_misc":{"Est. reading time":"2 minutit"},"schema":{"@context":"https:\/\/schema.org","@graph":[{"@type":"WebPage","@id":"https:\/\/espak.ee\/epood\/toode\/taitepahtel-face-filler-10l\/","url":"https:\/\/espak.ee\/epood\/toode\/taitepahtel-face-filler-10l\/","name":"T\u00c4ITEPAHTEL FACE FILLER 10L - Espak E-pood","isPartOf":{"@id":"https:\/\/espak.ee\/epood\/#website"},"primaryImageOfPage":{"@id":"https:\/\/espak.ee\/epood\/toode\/taitepahtel-face-filler-10l\/#primaryimage"},"image":{"@id":"https:\/\/espak.ee\/epood\/toode\/taitepahtel-face-filler-10l\/#primaryimage"},"thumbnailUrl":"https:\/\/espak.ee\/epood\/wp-content\/uploads\/4740381002045_FaceFiller10L.png","datePublished":"2019-12-17T00:55:05+00:00","dateModified":"2024-03-22T22:06:25+00:00","breadcrumb":{"@id":"https:\/\/espak.ee\/epood\/toode\/taitepahtel-face-filler-10l\/#breadcrumb"},"inLanguage":"et","potentialAction":[{"@type":"ReadAction","target":["https:\/\/espak.ee\/epood\/toode\/taitepahtel-face-filler-10l\/"]}]},{"@type":"ImageObject","inLanguage":"et","@id":"https:\/\/espak.ee\/epood\/toode\/taitepahtel-face-filler-10l\/#primaryimage","url":"https:\/\/espak.ee\/epood\/wp-content\/uploads\/4740381002045_FaceFiller10L.png","contentUrl":"https:\/\/espak.ee\/epood\/wp-content\/uploads\/4740381002045_FaceFiller10L.png","width":760,"height":637},{"@type":"BreadcrumbList","@id":"https:\/\/espak.ee\/epood\/toode\/taitepahtel-face-filler-10l\/#breadcrumb","itemListElement":[{"@type":"ListItem","position":1,"name":"Home","item":"https:\/\/espak.ee\/epood\/"},{"@type":"ListItem","position":2,"name":"Tootevalik","item":"https:\/\/espak.ee\/epood\/tootevalik\/"},{"@type":"ListItem","position":3,"name":"T\u00c4ITEPAHTEL FACE FILLER 10L"}]},{"@type":"WebSite","@id":"https:\/\/espak.ee\/epood\/#website","url":"https:\/\/espak.ee\/epood\/","name":"Espak E-pood","description":"","potentialAction":[{"@type":"SearchAction","target":{"@type":"EntryPoint","urlTemplate":"https:\/\/espak.ee\/epood\/?s={search_term_string}"},"query-input":{"@type":"PropertyValueSpecification","valueRequired":true,"valueName":"search_term_string"}}],"inLanguage":"et"}]}},"_links":{"self":[{"href":"https:\/\/espak.ee\/epood\/wp-json\/wp\/v2\/product\/12937","targetHints":{"allow":["GET"]}}],"collection":[{"href":"https:\/\/espak.ee\/epood\/wp-json\/wp\/v2\/product"}],"about":[{"href":"https:\/\/espak.ee\/epood\/wp-json\/wp\/v2\/types\/product"}],"replies":[{"embeddable":true,"href":"https:\/\/espak.ee\/epood\/wp-json\/wp\/v2\/comments?post=12937"}],"wp:featuredmedia":[{"embeddable":true,"href":"https:\/\/espak.ee\/epood\/wp-json\/wp\/v2\/media\/40047"}],"wp:attachment":[{"href":"https:\/\/espak.ee\/epood\/wp-json\/wp\/v2\/media?parent=12937"}],"wp:term":[{"taxonomy":"product_brand","embeddable":true,"href":"https:\/\/espak.ee\/epood\/wp-json\/wp\/v2\/product_brand?post=12937"},{"taxonomy":"product_cat","embeddable":true,"href":"https:\/\/espak.ee\/epood\/wp-json\/wp\/v2\/product_cat?post=12937"},{"taxonomy":"product_tag","embeddable":true,"href":"https:\/\/espak.ee\/epood\/wp-json\/wp\/v2\/product_tag?post=12937"}],"curies":[{"name":"wp","href":"https:\/\/api.w.org\/{rel}","templated":true}]}}