{"id":12894,"date":"2019-12-17T02:51:58","date_gmt":"2019-12-17T00:51:58","guid":{"rendered":"https:\/\/espak.ee\/hinnakiri\/?post_type=product&#038;p=12894"},"modified":"2026-03-21T10:09:26","modified_gmt":"2026-03-21T08:09:26","slug":"linaoli-5l","status":"publish","type":"product","link":"https:\/\/espak.ee\/epood\/toode\/linaoli-5l\/","title":{"rendered":"LINA\u00d5LI 5L"},"content":{"rendered":"<div class=\"row\"  id=\"row-1229731596\">\n\n\t<div id=\"col-1979893478\" class=\"col medium-9 small-12 large-9\"  >\n\t\t\t\t<div class=\"col-inner\"  >\n\t\t\t\n\t\t\t\n<h2>Lina\u00f5li<\/h2>\n<p>Naturaalne rafineeritud k\u00fclmpressitud lina\u00f5li puidu immutamiseks ja t\u00f6\u00f6tlemiseks.<\/p>\n<div class=\"message-box relative\" style=\"padding-top:15px;padding-bottom:15px;\"><div class=\"message-box-bg-image bg-fill fill\" ><\/div><div class=\"message-box-bg-overlay bg-fill fill\" ><\/div><div class=\"container relative\"><div class=\"inner last-reset\">\n<div class=\"row align-middle align-center\"  id=\"row-293415151\">\n\n\t<div id=\"col-1914574793\" class=\"col small-12 large-12\"  >\n\t\t\t\t<div class=\"col-inner text-left\"  >\n\t\t\t\n\t\t\t\n<h4>Omadused<\/h4>\n<div class=\"row\"  id=\"row-1822755413\">\n\n\t<div id=\"col-1705820462\" class=\"col medium-6 small-12 large-6\"  >\n\t\t\t\t<div class=\"col-inner\"  >\n\t\t\t\n\t\t\t\n<p><i class=\"fa fa-check fa-2x\"><\/i> <strong>Meeldiva naturaal\u00f5li l\u00f5hnaga<\/strong><\/p>\n<p><i class=\"fa fa-check fa-2x\"><\/i> <strong>Takistab puidu l\u00f5henemist<\/strong><\/p>\n\t\t<\/div>\n\t\t\t\t\n<style>\n#col-1705820462 > .col-inner {\n  margin: 0px 0px 15px 0px;\n}\n<\/style>\n\t<\/div>\n\n\t\n\n\t<div id=\"col-760101195\" class=\"col medium-6 small-12 large-6\"  >\n\t\t\t\t<div class=\"col-inner\"  >\n\t\t\t\n\t\t\t\n<p><i class=\"fa fa-check fa-2x\"><\/i> <strong>Kaitseb pinda mustuse ja niiskuse eest<\/strong><\/p>\n<p><i class=\"fa fa-check fa-2x\"><\/i> <strong>Ei sisalda biotsiide ega lahusteid<\/strong><\/p>\n\t\t<\/div>\n\t\t\t\t\n<style>\n#col-760101195 > .col-inner {\n  margin: 0px 0px 15px 0px;\n}\n<\/style>\n\t<\/div>\n\n\t\n<\/div>\n\t\t<\/div>\n\t\t\t\t\t<\/div>\n\n\t\n<\/div>\n<\/div><\/div><\/div>\n\t<div id=\"gap-86222985\" class=\"gap-element clearfix\" style=\"display:block; height:auto;\">\n\t\t\n<style>\n#gap-86222985 {\n  padding-top: 30px;\n}\n<\/style>\n\t<\/div>\n\t\n<h3>Kasutamise \u00fcksikasjad<\/h3>\n<p><strong>Kasutusalad:<\/strong> Puittooted ja puidustkonstruktsioonid, -m\u00e4nguasjad, -l\u00f5ikelauad, -lusikad,- m\u00f6\u00f6bel, pressitud puitpaneelid jt. puitesemed. Siset\u00f6\u00f6deks. Ei sobi lakitud v\u00f5i v\u00e4rvitud pindadele.<\/p>\n<p><strong>T\u00f6\u00f6deldavad pinnad:<\/strong> T\u00f6\u00f6tlemata v\u00f5i vanast mittep\u00fcsivast kattest puhastatud puitpinnad. Ei sobi p\u00f5randate t\u00f6\u00f6tlemiseks.<\/p>\n<p><strong>Aluspinna ettevalmistus:<\/strong> Puidu niiskus ei tohi \u00fcletada 20%. T\u00f6\u00f6de tegemise temperatuur peab olema +5&#8230;+25\u00b0C, lubatud suhteline niiskus kuni 80%. T\u00f6\u00f6deldav pind hoolikalt puhastada mustusest, rasvast ja tolmust. Puidu pinnal ei tohi olla hallistusest tingitud kahjustusi. Sinavuse v\u00f5i hallitusega kaetud pinnad t\u00f6\u00f6delda vahendiga Wood Cleaner v\u00f5i Biotol E (j\u00e4rgida toodete kasutusjuhendit). Varasemalt v\u00e4rvitud pinnad tuleb p\u00f5hjalikult puhastada (kaabitsa, tugevate harjastega harjaga, ehitusf\u00f6\u00f6ni v\u00f5i v\u00e4rvieemaldusvahendiga OPS 10).<br \/>\nTumedaks l\u00e4inud puitpinnad puhastada mehaaniliselt metallharjaga, m\u00e4danenud lauad asendada uutega.<br \/>\nPuitelementide kinnitamiseks on soovitav kasutada tsingitud kinnitusdetaile.<\/p>\n<p><strong>T\u00f6\u00f6tlemine:<\/strong> Kanda \u00f5li pinnale puhta lapi v\u00f5i pintsliga ja lasta sisse imbuda 15 -30minutit. Tugevalt imavate pindade puhul korrata t\u00f6\u00f6tlemist. Sisseimbumata \u00f5li eemaldada pinnalt lapiga. Sissekastmise teel t\u00f6\u00f6deldavat puitesemed asetada \u00f5lisse, lasta imbuda, \u00fcleliigne \u00f5li eemaldada pinnalt lapiga.<\/p>\n<p><strong>Ohutus:<\/strong> Toodet ei ole klassifitseeritud ohtlikuna koosk\u00f5las CLP-m\u00e4\u00e4rusega (E\u00dc) nr 1272\/2008. On v\u00f5imalik \u00f5lise riide v\u00f5i paberi ises\u00fcttimine. Hoida lastele k\u00e4ttesaamatus kohas.<\/p>\n\t\t<\/div>\n\t\t\t\t\t<\/div>\n\n\t\n\n\t<div id=\"col-1514677213\" class=\"col medium-3 small-12 large-3\"  >\n\t\t\t\t<div class=\"col-inner\"  >\n\t\t\t\n\t\t\t\n\t<div id=\"gap-248175260\" class=\"gap-element clearfix\" style=\"display:block; height:auto;\">\n\t\t\n<style>\n#gap-248175260 {\n  padding-top: 30px;\n}\n<\/style>\n\t<\/div>\n\t\n<h3>Tehniline informatsioon<\/h3>\n<p><a href=\"https:\/\/espak.ee\/epood\/wp-content\/uploads\/lina\u00f5li-tooteleht.pdf\" target=\"_blank\" rel=\"noopener noreferrer\"><i class=\"far fa-file-pdf\"><\/i> Tehniline info (PDF)<\/a><\/p>\n<div class=\"is-divider divider clearfix\" ><\/div>\n<p><strong>\u00dcksikasjalikuma n\u00f5u saamiseks v\u00f5tke \u00fchendust:<br \/><\/strong>Eskaro AS<br \/>Fosforiidi 20<br \/>Maardu<br \/>+372 6217969<\/p>\n<div class=\"is-divider divider clearfix\" ><\/div>\n\t\t<\/div>\n\t\t\t\t\t<\/div>\n\n\t\n<\/div>\n","protected":false},"excerpt":{"rendered":"","protected":false},"featured_media":15215,"comment_status":"closed","ping_status":"open","template":"","meta":[],"product_brand":[],"product_cat":[2693,2829,2684,2683],"product_tag":[],"class_list":{"0":"post-12894","1":"product","2":"type-product","3":"status-publish","4":"has-post-thumbnail","6":"product_cat-lakid-peitsid-olid-puidukaitse","7":"product_cat-olid-sisepindadele","8":"product_cat-varvid-lakid-lahustid-puidukaitsed-olid","9":"product_cat-viimistluskaubad","10":"product_shipping_class-dpd-cold","11":"pa_kaubamark-eskaro-as","13":"first","14":"instock","15":"sale","16":"taxable","17":"shipping-taxable","18":"purchasable","19":"product-type-simple"},"yoast_head":"<!-- This site is optimized with the Yoast SEO plugin v26.9 - https:\/\/yoast.com\/product\/yoast-seo-wordpress\/ -->\n<title>LINA\u00d5LI 5L - Espak E-pood<\/title>\n<meta name=\"robots\" content=\"index, follow, max-snippet:-1, max-image-preview:large, max-video-preview:-1\" \/>\n<link rel=\"canonical\" href=\"https:\/\/espak.ee\/epood\/toode\/linaoli-5l\/\" \/>\n<meta property=\"og:locale\" content=\"et_EE\" \/>\n<meta property=\"og:type\" content=\"article\" \/>\n<meta property=\"og:title\" content=\"LINA\u00d5LI 5L - Espak E-pood\" \/>\n<meta property=\"og:url\" content=\"https:\/\/espak.ee\/epood\/toode\/linaoli-5l\/\" \/>\n<meta property=\"og:site_name\" content=\"Espak E-pood\" \/>\n<meta property=\"article:modified_time\" content=\"2026-03-21T08:09:26+00:00\" \/>\n<meta property=\"og:image\" content=\"https:\/\/espak.ee\/epood\/wp-content\/uploads\/Linaoli_5L.jpg\" \/>\n\t<meta property=\"og:image:width\" content=\"1840\" \/>\n\t<meta property=\"og:image:height\" content=\"1840\" \/>\n\t<meta property=\"og:image:type\" content=\"image\/jpeg\" \/>\n<meta name=\"twitter:card\" content=\"summary_large_image\" \/>\n<meta name=\"twitter:label1\" content=\"Est. reading time\" \/>\n\t<meta name=\"twitter:data1\" content=\"2 minutit\" \/>\n<script type=\"application\/ld+json\" class=\"yoast-schema-graph\">{\"@context\":\"https:\/\/schema.org\",\"@graph\":[{\"@type\":\"WebPage\",\"@id\":\"https:\/\/espak.ee\/epood\/toode\/linaoli-5l\/\",\"url\":\"https:\/\/espak.ee\/epood\/toode\/linaoli-5l\/\",\"name\":\"LINA\u00d5LI 5L - Espak E-pood\",\"isPartOf\":{\"@id\":\"https:\/\/espak.ee\/epood\/#website\"},\"primaryImageOfPage\":{\"@id\":\"https:\/\/espak.ee\/epood\/toode\/linaoli-5l\/#primaryimage\"},\"image\":{\"@id\":\"https:\/\/espak.ee\/epood\/toode\/linaoli-5l\/#primaryimage\"},\"thumbnailUrl\":\"https:\/\/espak.ee\/epood\/wp-content\/uploads\/Linaoli_5L.jpg\",\"datePublished\":\"2019-12-17T00:51:58+00:00\",\"dateModified\":\"2026-03-21T08:09:26+00:00\",\"breadcrumb\":{\"@id\":\"https:\/\/espak.ee\/epood\/toode\/linaoli-5l\/#breadcrumb\"},\"inLanguage\":\"et\",\"potentialAction\":[{\"@type\":\"ReadAction\",\"target\":[\"https:\/\/espak.ee\/epood\/toode\/linaoli-5l\/\"]}]},{\"@type\":\"ImageObject\",\"inLanguage\":\"et\",\"@id\":\"https:\/\/espak.ee\/epood\/toode\/linaoli-5l\/#primaryimage\",\"url\":\"https:\/\/espak.ee\/epood\/wp-content\/uploads\/Linaoli_5L.jpg\",\"contentUrl\":\"https:\/\/espak.ee\/epood\/wp-content\/uploads\/Linaoli_5L.jpg\",\"width\":1840,\"height\":1840},{\"@type\":\"BreadcrumbList\",\"@id\":\"https:\/\/espak.ee\/epood\/toode\/linaoli-5l\/#breadcrumb\",\"itemListElement\":[{\"@type\":\"ListItem\",\"position\":1,\"name\":\"Home\",\"item\":\"https:\/\/espak.ee\/epood\/\"},{\"@type\":\"ListItem\",\"position\":2,\"name\":\"Tootevalik\",\"item\":\"https:\/\/espak.ee\/epood\/tootevalik\/\"},{\"@type\":\"ListItem\",\"position\":3,\"name\":\"LINA\u00d5LI 5L\"}]},{\"@type\":\"WebSite\",\"@id\":\"https:\/\/espak.ee\/epood\/#website\",\"url\":\"https:\/\/espak.ee\/epood\/\",\"name\":\"Espak E-pood\",\"description\":\"\",\"potentialAction\":[{\"@type\":\"SearchAction\",\"target\":{\"@type\":\"EntryPoint\",\"urlTemplate\":\"https:\/\/espak.ee\/epood\/?s={search_term_string}\"},\"query-input\":{\"@type\":\"PropertyValueSpecification\",\"valueRequired\":true,\"valueName\":\"search_term_string\"}}],\"inLanguage\":\"et\"}]}<\/script>\n<!-- \/ Yoast SEO plugin. -->","yoast_head_json":{"title":"LINA\u00d5LI 5L - Espak E-pood","robots":{"index":"index","follow":"follow","max-snippet":"max-snippet:-1","max-image-preview":"max-image-preview:large","max-video-preview":"max-video-preview:-1"},"canonical":"https:\/\/espak.ee\/epood\/toode\/linaoli-5l\/","og_locale":"et_EE","og_type":"article","og_title":"LINA\u00d5LI 5L - Espak E-pood","og_url":"https:\/\/espak.ee\/epood\/toode\/linaoli-5l\/","og_site_name":"Espak E-pood","article_modified_time":"2026-03-21T08:09:26+00:00","og_image":[{"width":1840,"height":1840,"url":"https:\/\/espak.ee\/epood\/wp-content\/uploads\/Linaoli_5L.jpg","type":"image\/jpeg"}],"twitter_card":"summary_large_image","twitter_misc":{"Est. reading time":"2 minutit"},"schema":{"@context":"https:\/\/schema.org","@graph":[{"@type":"WebPage","@id":"https:\/\/espak.ee\/epood\/toode\/linaoli-5l\/","url":"https:\/\/espak.ee\/epood\/toode\/linaoli-5l\/","name":"LINA\u00d5LI 5L - Espak E-pood","isPartOf":{"@id":"https:\/\/espak.ee\/epood\/#website"},"primaryImageOfPage":{"@id":"https:\/\/espak.ee\/epood\/toode\/linaoli-5l\/#primaryimage"},"image":{"@id":"https:\/\/espak.ee\/epood\/toode\/linaoli-5l\/#primaryimage"},"thumbnailUrl":"https:\/\/espak.ee\/epood\/wp-content\/uploads\/Linaoli_5L.jpg","datePublished":"2019-12-17T00:51:58+00:00","dateModified":"2026-03-21T08:09:26+00:00","breadcrumb":{"@id":"https:\/\/espak.ee\/epood\/toode\/linaoli-5l\/#breadcrumb"},"inLanguage":"et","potentialAction":[{"@type":"ReadAction","target":["https:\/\/espak.ee\/epood\/toode\/linaoli-5l\/"]}]},{"@type":"ImageObject","inLanguage":"et","@id":"https:\/\/espak.ee\/epood\/toode\/linaoli-5l\/#primaryimage","url":"https:\/\/espak.ee\/epood\/wp-content\/uploads\/Linaoli_5L.jpg","contentUrl":"https:\/\/espak.ee\/epood\/wp-content\/uploads\/Linaoli_5L.jpg","width":1840,"height":1840},{"@type":"BreadcrumbList","@id":"https:\/\/espak.ee\/epood\/toode\/linaoli-5l\/#breadcrumb","itemListElement":[{"@type":"ListItem","position":1,"name":"Home","item":"https:\/\/espak.ee\/epood\/"},{"@type":"ListItem","position":2,"name":"Tootevalik","item":"https:\/\/espak.ee\/epood\/tootevalik\/"},{"@type":"ListItem","position":3,"name":"LINA\u00d5LI 5L"}]},{"@type":"WebSite","@id":"https:\/\/espak.ee\/epood\/#website","url":"https:\/\/espak.ee\/epood\/","name":"Espak E-pood","description":"","potentialAction":[{"@type":"SearchAction","target":{"@type":"EntryPoint","urlTemplate":"https:\/\/espak.ee\/epood\/?s={search_term_string}"},"query-input":{"@type":"PropertyValueSpecification","valueRequired":true,"valueName":"search_term_string"}}],"inLanguage":"et"}]}},"_links":{"self":[{"href":"https:\/\/espak.ee\/epood\/wp-json\/wp\/v2\/product\/12894","targetHints":{"allow":["GET"]}}],"collection":[{"href":"https:\/\/espak.ee\/epood\/wp-json\/wp\/v2\/product"}],"about":[{"href":"https:\/\/espak.ee\/epood\/wp-json\/wp\/v2\/types\/product"}],"replies":[{"embeddable":true,"href":"https:\/\/espak.ee\/epood\/wp-json\/wp\/v2\/comments?post=12894"}],"wp:featuredmedia":[{"embeddable":true,"href":"https:\/\/espak.ee\/epood\/wp-json\/wp\/v2\/media\/15215"}],"wp:attachment":[{"href":"https:\/\/espak.ee\/epood\/wp-json\/wp\/v2\/media?parent=12894"}],"wp:term":[{"taxonomy":"product_brand","embeddable":true,"href":"https:\/\/espak.ee\/epood\/wp-json\/wp\/v2\/product_brand?post=12894"},{"taxonomy":"product_cat","embeddable":true,"href":"https:\/\/espak.ee\/epood\/wp-json\/wp\/v2\/product_cat?post=12894"},{"taxonomy":"product_tag","embeddable":true,"href":"https:\/\/espak.ee\/epood\/wp-json\/wp\/v2\/product_tag?post=12894"}],"curies":[{"name":"wp","href":"https:\/\/api.w.org\/{rel}","templated":true}]}}