{"id":12839,"date":"2019-12-14T02:50:25","date_gmt":"2019-12-14T00:50:25","guid":{"rendered":"https:\/\/espak.ee\/hinnakiri\/?post_type=product&#038;p=12839"},"modified":"2026-03-16T15:19:52","modified_gmt":"2026-03-16T13:19:52","slug":"seinaliim-5l","status":"publish","type":"product","link":"https:\/\/espak.ee\/epood\/toode\/seinaliim-5l\/","title":{"rendered":"SEINALIIM 5L"},"content":{"rendered":"<div class=\"row\"  id=\"row-1438627789\">\n\n\t<div id=\"col-753604230\" class=\"col medium-9 small-12 large-9\"  >\n\t\t\t\t<div class=\"col-inner\"  >\n\t\t\t\n\t\t\t\n<h2>Seinaliim<\/h2>\n<p>Kergete ja raskete rullseinakatete liim.<\/p>\n<div class=\"message-box relative\" style=\"padding-top:15px;padding-bottom:15px;\"><div class=\"message-box-bg-image bg-fill fill\" ><\/div><div class=\"message-box-bg-overlay bg-fill fill\" ><\/div><div class=\"container relative\"><div class=\"inner last-reset\">\n<div class=\"row align-middle align-center\"  id=\"row-1342202094\">\n\n\t<div id=\"col-1221539081\" class=\"col small-12 large-12\"  >\n\t\t\t\t<div class=\"col-inner text-left\"  >\n\t\t\t\n\t\t\t\n<h4>Omadused<\/h4>\n<div class=\"row\"  id=\"row-594812970\">\n\n\t<div id=\"col-2069151253\" class=\"col medium-6 small-12 large-6\"  >\n\t\t\t\t<div class=\"col-inner\"  >\n\t\t\t\n\t\t\t\n<p><i class=\"fa fa-check fa-2x\"><\/i> <strong>Kasutusvalmis<\/strong><\/p>\n<p><i class=\"fa fa-check fa-2x\"><\/i> <strong>Hea nake aluspinnaga<\/strong><\/p>\n\t\t<\/div>\n\t\t\t\t\n<style>\n#col-2069151253 > .col-inner {\n  margin: 0px 0px 15px 0px;\n}\n<\/style>\n\t<\/div>\n\n\t\n\n\t<div id=\"col-1534040639\" class=\"col medium-6 small-12 large-6\"  >\n\t\t\t\t<div class=\"col-inner\"  >\n\t\t\t\n\t\t\t\n<p><i class=\"fa fa-check fa-2x\"><\/i> <strong>Ilma l\u00f5hnata<\/strong><\/p>\n<p><i class=\"fa fa-check fa-2x\"><\/i> <strong>S\u00e4ilitab pinna veeaurude l\u00e4bilaskev\u00f5ime<\/strong><\/p>\n\t\t<\/div>\n\t\t\t\t\n<style>\n#col-1534040639 > .col-inner {\n  margin: 0px 0px 15px 0px;\n}\n<\/style>\n\t<\/div>\n\n\t\n<\/div>\n\t\t<\/div>\n\t\t\t\t\t<\/div>\n\n\t\n<\/div>\n<\/div><\/div><\/div>\n\t<div id=\"gap-339057267\" class=\"gap-element clearfix\" style=\"display:block; height:auto;\">\n\t\t\n<style>\n#gap-339057267 {\n  padding-top: 30px;\n}\n<\/style>\n\t<\/div>\n\t\n<h3>Kasutamise \u00fcksikasjad<\/h3>\n<p><strong>Kasutusalad:<\/strong> Seinakattematerjalide liimimiseks v\u00e4rvitud, pahteldatud, kips-, puitkiud-, puitlaastplaat jt. imavatele pindadele kuivades ruumides. Siset\u00f6\u00f6deks.<\/p>\n<p><strong>Liimitavad materjalid:<\/strong> Klaaskiudtapeedi, \u00fclev\u00e4rvitava tapeedi, vin\u00fc\u00fcl-, akr\u00fc\u00fcl-, raskete-, reljeefsete-, struktuursete-, metall-, tekstiil-, looduslike- ja tasandustapeedi, taft, d\u017euut jm. kangaste ning teiste paber-, fliis-, polu\u0308ester- ja kiudalusel rullseinakatete kleepimiseks. Ei sobi plastmaterjalide, korgi ega puidu liimimise.<\/p>\n<p><strong>Aluspinna ettevalmistus:<\/strong> Liimitav pind peab olema kuiv, puhastatud tolmust, rasvast jm. mustusest ning kooruvatest elementidest. Varem v\u00e4rvitud pinnad puhastada vanast kooruvast v\u00e4rvist, tugevalt l\u00e4ikivad pinnad lihvida matistumiseni, tolm hoolikalt eemaldada. Tugevalt m\u00e4\u00e4rdunud pinnad pesta 3-5%-lise soodalahusega, seej\u00e4rel puhta veega hoolikalt loputada ning lasta kuivada. Hallitusega kaetud pinnad mehaaniliselt puhastada ja t\u00f6\u00f6delda vahenditega Biotol E v\u00f5i Biotol Spray, loputada veega ja lasta kuivada. Ebatasasused, praod ja lohud pahteldada sobiva pahtliga Aqua Filler. Pahteldatud pinnad peavad olema enne seinakatte liimist t\u00e4ielikult kuivanud. Poorsed pinnad kruntida vahendiga Aquastop v\u00f5i Tiefgrund v\u00f5i liimiga mida on lahjendatud veega 4:1.<\/p>\n<p><strong>Liimimine:<\/strong> Liimimisel tuleb t\u00e4ita seinakattematerjali tootjapoolseid juhiseid. Enne kasutamist liimi segada. Ruumi, liimitava pinna, kattematerjali ja liimi temperatuur peab olema u\u0308hesugune ja v\u00e4hemalt +15\u00b0\u0421, suhteline \u00f5huniiskus alla 85%. Paberlalusel tapeetide liimimisel v\u00f5ib liimi lahjendada veega kuni 30%, selleks lisada liimile vesi, segada 1 minut ja j\u00e4tta 15 minutiks seisma. Seej\u00e4rel segada uuesti u\u0308htlase koostise saavutamiseks. Lahjendatud liimi tuleb \u00e4ra kasutada 24 tunni jooksul. Liim kanda liimitavale pinnale rulli, liimikammi v\u00f5i pintsliga 1-2 seinakatte laiusest. Liimi v\u00f5ib kanda ka seinakatte tagumisel ku\u0308ljele, kandes liimi keskelt \u00e4\u00e4rte poole. J\u00e4rgida seinakatte tootja juhiseid liimi pinnale kandmise kohta. M\u00e4rgliimimine, seinakate paigaldatakse kohe peale liimist. Liimi lahtioleku aeg (aeg liimi kandmisest kuni seinakatte paigaldamiseni): poorsete pindade puhul \u2013 kohe v\u00e4rvitud pindade puhul &#8211; 5&#8230;10 minutit. Seinakatte korrigeerimise aeg: poorsete pindade puhul &#8211; 5&#8230;10 minutit, v\u00e4rvitud pindade puhul &#8211; mitte u\u0308le 15 minuti. Liimitav materjal suruda tihedalt vastu seina ja h\u00f6\u00f6ruda tapeedilabida, -harja v\u00f5i kummirulli abil \u00f5hk katte alt v\u00e4lja liikudes keskelt \u00e4\u00e4rte poole. Liimiplekid eemaldada viivitamatult niiske puhta lapiga. Kuivamise ajal v\u00e4ltida tuulet\u00f5mbust ja temperatuuri k\u00f5ikumist. Seinakatte v\u00f5ib u\u0308le v\u00e4rvida vesialuseliste v\u00e4rvidega mitte varem kui 24 tundi p\u00e4rast liimimist.<\/p>\n<p><strong>Ohutus:<\/strong> Toodet ei ole klassifitseeritud ohtlikuks koosk\u00f5las direktiiviga 67\/548\/E\u00dc, direktiiviga 1999\/45\/E\u00dc ja CLP-m\u00e4\u00e4rusega (E\u00dc) nr 1272\/2008. T\u00f6\u00f6tamisel j\u00e4rgida t\u00f6\u00f6ohutusn\u00f5udeid. Silma sattumisel pesta rohke veega. Hoida lastele k\u00e4ttesaamatus kohas. Ennetava meetmena on soovitatav kasutada tavalisi isikukaitsevahendeid, millel on CE-m\u00e4rgis, vastavalt direktiivile 89\/686\/E\u00dc.<\/p>\n\t\t<\/div>\n\t\t\t\t\t<\/div>\n\n\t\n\n\t<div id=\"col-325749251\" class=\"col medium-3 small-12 large-3\"  >\n\t\t\t\t<div class=\"col-inner\"  >\n\t\t\t\n\t\t\t\n\t<div id=\"gap-1413691767\" class=\"gap-element clearfix\" style=\"display:block; height:auto;\">\n\t\t\n<style>\n#gap-1413691767 {\n  padding-top: 30px;\n}\n<\/style>\n\t<\/div>\n\t\n<h3>Tehniline informatsioon<\/h3>\n<p><a href=\"https:\/\/espak.ee\/epood\/wp-content\/uploads\/2019\/12\/WEB_Passport_Eskaro_Seinaliim_Estonia_eesti_05.pdf\"target=\"_blank\" rel=\"noopener noreferrer\"><i class=\"far fa-file-pdf\"><\/i> Tehniline info (PDF)<\/a><\/p>\n<h3>Ohutusalane teave<\/h3>\n<p><a href=\"https:\/\/espak.ee\/epood\/wp-content\/uploads\/2019\/12\/Ohutuskaart-Seinaliim.pdf\"target=\"_blank\" rel=\"noopener noreferrer\"><i class=\"far fa-file-pdf\"><\/i> Ohutuskaart (PDF)<\/a><\/p>\n<div class=\"is-divider divider clearfix\" ><\/div>\n<p><strong>\u00dcksikasjalikuma n\u00f5u saamiseks v\u00f5tke \u00fchendust:<br \/><\/strong>Eskaro AS<br \/>Fosforiidi 20<br \/>Maardu<br \/>+372 6217969<\/p>\n<div class=\"is-divider divider clearfix\" ><\/div>\n\t\t<\/div>\n\t\t\t\t\t<\/div>\n\n\t\n<\/div>\n","protected":false},"excerpt":{"rendered":"","protected":false},"featured_media":267235,"comment_status":"closed","ping_status":"closed","template":"","meta":[],"product_brand":[],"product_cat":[2703,2706,2731,2683],"product_tag":[],"class_list":{"0":"post-12839","1":"product","2":"type-product","3":"status-publish","4":"has-post-thumbnail","6":"product_cat-ehituskeemia","7":"product_cat-liimid","8":"product_cat-seina-ja-porandaliimid","9":"product_cat-viimistluskaubad","10":"pa_kaubamark-eskaro-as","12":"first","13":"instock","14":"sale","15":"taxable","16":"shipping-taxable","17":"purchasable","18":"product-type-simple"},"yoast_head":"<!-- This site is optimized with the Yoast SEO plugin v26.9 - https:\/\/yoast.com\/product\/yoast-seo-wordpress\/ -->\n<title>SEINALIIM 5L - Espak E-pood<\/title>\n<meta name=\"robots\" content=\"index, follow, max-snippet:-1, max-image-preview:large, max-video-preview:-1\" \/>\n<link rel=\"canonical\" href=\"https:\/\/espak.ee\/epood\/toode\/seinaliim-5l\/\" \/>\n<meta property=\"og:locale\" content=\"et_EE\" \/>\n<meta property=\"og:type\" content=\"article\" \/>\n<meta property=\"og:title\" content=\"SEINALIIM 5L - Espak E-pood\" \/>\n<meta property=\"og:url\" content=\"https:\/\/espak.ee\/epood\/toode\/seinaliim-5l\/\" \/>\n<meta property=\"og:site_name\" content=\"Espak E-pood\" \/>\n<meta property=\"article:modified_time\" content=\"2026-03-16T13:19:52+00:00\" \/>\n<meta property=\"og:image\" content=\"https:\/\/espak.ee\/epood\/wp-content\/uploads\/2019\/12\/Seinaliim_1-5L.jpg\" \/>\n\t<meta property=\"og:image:width\" content=\"1000\" \/>\n\t<meta property=\"og:image:height\" content=\"1000\" \/>\n\t<meta property=\"og:image:type\" content=\"image\/jpeg\" \/>\n<meta name=\"twitter:card\" content=\"summary_large_image\" \/>\n<meta name=\"twitter:label1\" content=\"Est. reading time\" \/>\n\t<meta name=\"twitter:data1\" content=\"3 minutit\" \/>\n<script type=\"application\/ld+json\" class=\"yoast-schema-graph\">{\"@context\":\"https:\/\/schema.org\",\"@graph\":[{\"@type\":\"WebPage\",\"@id\":\"https:\/\/espak.ee\/epood\/toode\/seinaliim-5l\/\",\"url\":\"https:\/\/espak.ee\/epood\/toode\/seinaliim-5l\/\",\"name\":\"SEINALIIM 5L - Espak E-pood\",\"isPartOf\":{\"@id\":\"https:\/\/espak.ee\/epood\/#website\"},\"primaryImageOfPage\":{\"@id\":\"https:\/\/espak.ee\/epood\/toode\/seinaliim-5l\/#primaryimage\"},\"image\":{\"@id\":\"https:\/\/espak.ee\/epood\/toode\/seinaliim-5l\/#primaryimage\"},\"thumbnailUrl\":\"https:\/\/espak.ee\/epood\/wp-content\/uploads\/2019\/12\/Seinaliim_1-5L.jpg\",\"datePublished\":\"2019-12-14T00:50:25+00:00\",\"dateModified\":\"2026-03-16T13:19:52+00:00\",\"breadcrumb\":{\"@id\":\"https:\/\/espak.ee\/epood\/toode\/seinaliim-5l\/#breadcrumb\"},\"inLanguage\":\"et\",\"potentialAction\":[{\"@type\":\"ReadAction\",\"target\":[\"https:\/\/espak.ee\/epood\/toode\/seinaliim-5l\/\"]}]},{\"@type\":\"ImageObject\",\"inLanguage\":\"et\",\"@id\":\"https:\/\/espak.ee\/epood\/toode\/seinaliim-5l\/#primaryimage\",\"url\":\"https:\/\/espak.ee\/epood\/wp-content\/uploads\/2019\/12\/Seinaliim_1-5L.jpg\",\"contentUrl\":\"https:\/\/espak.ee\/epood\/wp-content\/uploads\/2019\/12\/Seinaliim_1-5L.jpg\",\"width\":1000,\"height\":1000},{\"@type\":\"BreadcrumbList\",\"@id\":\"https:\/\/espak.ee\/epood\/toode\/seinaliim-5l\/#breadcrumb\",\"itemListElement\":[{\"@type\":\"ListItem\",\"position\":1,\"name\":\"Home\",\"item\":\"https:\/\/espak.ee\/epood\/\"},{\"@type\":\"ListItem\",\"position\":2,\"name\":\"Tootevalik\",\"item\":\"https:\/\/espak.ee\/epood\/tootevalik\/\"},{\"@type\":\"ListItem\",\"position\":3,\"name\":\"SEINALIIM 5L\"}]},{\"@type\":\"WebSite\",\"@id\":\"https:\/\/espak.ee\/epood\/#website\",\"url\":\"https:\/\/espak.ee\/epood\/\",\"name\":\"Espak E-pood\",\"description\":\"\",\"potentialAction\":[{\"@type\":\"SearchAction\",\"target\":{\"@type\":\"EntryPoint\",\"urlTemplate\":\"https:\/\/espak.ee\/epood\/?s={search_term_string}\"},\"query-input\":{\"@type\":\"PropertyValueSpecification\",\"valueRequired\":true,\"valueName\":\"search_term_string\"}}],\"inLanguage\":\"et\"}]}<\/script>\n<!-- \/ Yoast SEO plugin. -->","yoast_head_json":{"title":"SEINALIIM 5L - Espak E-pood","robots":{"index":"index","follow":"follow","max-snippet":"max-snippet:-1","max-image-preview":"max-image-preview:large","max-video-preview":"max-video-preview:-1"},"canonical":"https:\/\/espak.ee\/epood\/toode\/seinaliim-5l\/","og_locale":"et_EE","og_type":"article","og_title":"SEINALIIM 5L - Espak E-pood","og_url":"https:\/\/espak.ee\/epood\/toode\/seinaliim-5l\/","og_site_name":"Espak E-pood","article_modified_time":"2026-03-16T13:19:52+00:00","og_image":[{"width":1000,"height":1000,"url":"https:\/\/espak.ee\/epood\/wp-content\/uploads\/2019\/12\/Seinaliim_1-5L.jpg","type":"image\/jpeg"}],"twitter_card":"summary_large_image","twitter_misc":{"Est. reading time":"3 minutit"},"schema":{"@context":"https:\/\/schema.org","@graph":[{"@type":"WebPage","@id":"https:\/\/espak.ee\/epood\/toode\/seinaliim-5l\/","url":"https:\/\/espak.ee\/epood\/toode\/seinaliim-5l\/","name":"SEINALIIM 5L - Espak E-pood","isPartOf":{"@id":"https:\/\/espak.ee\/epood\/#website"},"primaryImageOfPage":{"@id":"https:\/\/espak.ee\/epood\/toode\/seinaliim-5l\/#primaryimage"},"image":{"@id":"https:\/\/espak.ee\/epood\/toode\/seinaliim-5l\/#primaryimage"},"thumbnailUrl":"https:\/\/espak.ee\/epood\/wp-content\/uploads\/2019\/12\/Seinaliim_1-5L.jpg","datePublished":"2019-12-14T00:50:25+00:00","dateModified":"2026-03-16T13:19:52+00:00","breadcrumb":{"@id":"https:\/\/espak.ee\/epood\/toode\/seinaliim-5l\/#breadcrumb"},"inLanguage":"et","potentialAction":[{"@type":"ReadAction","target":["https:\/\/espak.ee\/epood\/toode\/seinaliim-5l\/"]}]},{"@type":"ImageObject","inLanguage":"et","@id":"https:\/\/espak.ee\/epood\/toode\/seinaliim-5l\/#primaryimage","url":"https:\/\/espak.ee\/epood\/wp-content\/uploads\/2019\/12\/Seinaliim_1-5L.jpg","contentUrl":"https:\/\/espak.ee\/epood\/wp-content\/uploads\/2019\/12\/Seinaliim_1-5L.jpg","width":1000,"height":1000},{"@type":"BreadcrumbList","@id":"https:\/\/espak.ee\/epood\/toode\/seinaliim-5l\/#breadcrumb","itemListElement":[{"@type":"ListItem","position":1,"name":"Home","item":"https:\/\/espak.ee\/epood\/"},{"@type":"ListItem","position":2,"name":"Tootevalik","item":"https:\/\/espak.ee\/epood\/tootevalik\/"},{"@type":"ListItem","position":3,"name":"SEINALIIM 5L"}]},{"@type":"WebSite","@id":"https:\/\/espak.ee\/epood\/#website","url":"https:\/\/espak.ee\/epood\/","name":"Espak E-pood","description":"","potentialAction":[{"@type":"SearchAction","target":{"@type":"EntryPoint","urlTemplate":"https:\/\/espak.ee\/epood\/?s={search_term_string}"},"query-input":{"@type":"PropertyValueSpecification","valueRequired":true,"valueName":"search_term_string"}}],"inLanguage":"et"}]}},"_links":{"self":[{"href":"https:\/\/espak.ee\/epood\/wp-json\/wp\/v2\/product\/12839","targetHints":{"allow":["GET"]}}],"collection":[{"href":"https:\/\/espak.ee\/epood\/wp-json\/wp\/v2\/product"}],"about":[{"href":"https:\/\/espak.ee\/epood\/wp-json\/wp\/v2\/types\/product"}],"replies":[{"embeddable":true,"href":"https:\/\/espak.ee\/epood\/wp-json\/wp\/v2\/comments?post=12839"}],"wp:featuredmedia":[{"embeddable":true,"href":"https:\/\/espak.ee\/epood\/wp-json\/wp\/v2\/media\/267235"}],"wp:attachment":[{"href":"https:\/\/espak.ee\/epood\/wp-json\/wp\/v2\/media?parent=12839"}],"wp:term":[{"taxonomy":"product_brand","embeddable":true,"href":"https:\/\/espak.ee\/epood\/wp-json\/wp\/v2\/product_brand?post=12839"},{"taxonomy":"product_cat","embeddable":true,"href":"https:\/\/espak.ee\/epood\/wp-json\/wp\/v2\/product_cat?post=12839"},{"taxonomy":"product_tag","embeddable":true,"href":"https:\/\/espak.ee\/epood\/wp-json\/wp\/v2\/product_tag?post=12839"}],"curies":[{"name":"wp","href":"https:\/\/api.w.org\/{rel}","templated":true}]}}