{"id":12828,"date":"2019-12-14T02:50:17","date_gmt":"2019-12-14T00:50:17","guid":{"rendered":"https:\/\/espak.ee\/hinnakiri\/?post_type=product&#038;p=12828"},"modified":"2025-10-05T15:24:29","modified_gmt":"2025-10-05T12:24:29","slug":"niiskuskindel-puiduliim-b3-075l","status":"publish","type":"product","link":"https:\/\/espak.ee\/epood\/toode\/niiskuskindel-puiduliim-b3-075l\/","title":{"rendered":"NIISKUSKINDEL PUIDULIIM B3 0,75L"},"content":{"rendered":"<div class=\"row\"  id=\"row-258107636\">\n\n\t<div id=\"col-723826303\" class=\"col medium-9 small-12 large-9\"  >\n\t\t\t\t<div class=\"col-inner\"  >\n\t\t\t\n\t\t\t\n<h2>B3 Niiskuskindel Puiduliim<\/h2>\n<p>Niiskuskindel \u00fchekomponentne vesialuseline puiduliim sise ja v\u00e4list\u00f6\u00f6deks.<\/p>\n<div class=\"message-box relative\" style=\"padding-top:15px;padding-bottom:15px;\"><div class=\"message-box-bg-image bg-fill fill\" ><\/div><div class=\"message-box-bg-overlay bg-fill fill\" ><\/div><div class=\"container relative\"><div class=\"inner last-reset\">\n<div class=\"row align-middle align-center\"  id=\"row-1190925547\">\n\n\t<div id=\"col-768600557\" class=\"col small-12 large-12\"  >\n\t\t\t\t<div class=\"col-inner text-left\"  >\n\t\t\t\n\t\t\t\n<h4>Omadused<\/h4>\n<div class=\"row\"  id=\"row-133231239\">\n\n\t<div id=\"col-792610805\" class=\"col medium-6 small-12 large-6\"  >\n\t\t\t\t<div class=\"col-inner\"  >\n\t\t\t\n\t\t\t\n<p><i class=\"fa fa-check fa-2x\"><\/i> <strong>Sobib m\u00f6\u00f6bli liimimiseks<\/strong><\/p>\n<p><i class=\"fa fa-check fa-2x\"><\/i> <strong>Kiire esialgne kokkuliimimisv\u00f5ime<\/strong><\/p>\n\t\t<\/div>\n\t\t\t\t\n<style>\n#col-792610805 > .col-inner {\n  margin: 0px 0px 15px 0px;\n}\n<\/style>\n\t<\/div>\n\n\t\n\n\t<div id=\"col-629163370\" class=\"col medium-6 small-12 large-6\"  >\n\t\t\t\t<div class=\"col-inner\"  >\n\t\t\t\n\t\t\t\n<p><i class=\"fa fa-check fa-2x\"><\/i> <strong>Moodustab elastse niiskuskindla liimivuugi<\/strong><\/p>\n<p><i class=\"fa fa-check fa-2x\"><\/i> <strong>K\u00f5rge temperatuuritaluvus<\/strong><\/p>\n\t\t<\/div>\n\t\t\t\t\n<style>\n#col-629163370 > .col-inner {\n  margin: 0px 0px 15px 0px;\n}\n<\/style>\n\t<\/div>\n\n\t\n<\/div>\n\t\t<\/div>\n\t\t\t\t\t<\/div>\n\n\t\n<\/div>\n<\/div><\/div><\/div>\n\t<div id=\"gap-1002019820\" class=\"gap-element clearfix\" style=\"display:block; height:auto;\">\n\t\t\n<style>\n#gap-1002019820 {\n  padding-top: 30px;\n}\n<\/style>\n\t<\/div>\n\t\n<h3>Kasutamise \u00fcksikasjad<\/h3>\n<p><strong>Kasutusalad:<\/strong> K\u00f5igist puidust pindade liimimiseks, kuivades ja niisketes ruumides. Sise- ja v\u00e4list\u00f6\u00f6deks.<\/p>\n<p><strong>V\u00e4rvitavad pinnad:<\/strong> Aknad, uksed, m\u00f6\u00f6bel (k\u00f6\u00f6gi-, aia-, vannitoa jm. m\u00f6\u00f6bel), naturaalpuidust kilpparkett, laminaat, parkett, jm puitesemed. Ei sobi veega pidevas kontaktis olevate pindade liimimiseks.<\/p>\n<p><strong>Aluspinna ettevalmistus:<\/strong> Liimitav pind peab olema kuiv, puhastatud tolmust, rasvast, \u00f5list, vahast jm. mustusest ning kooruvatest elementidest. Tugevalt l\u00e4ikivad pinnad lihvida matistumiseni, tolm hoolikalt eemaldada. T\u00f6\u00f6 teostamiseks sobiv materjali-, liimi- ja \u00f5hutemperatuur +15&#8230;+20\u00b0C ja suhteline \u00f5huniiskus 50&#8230;70%. Liimitava materjali niiskussisaldus peab j\u00e4\u00e4ma vahemikku 7&#8230;12%. Liimimine liiga madalal v\u00f5i liiga k\u00f5rgel temperatuuril halvendab liimi nakkev\u00f5imet ja tugevust. Liimides kuuma ilmaga on soovitav liimiga katta korraga v\u00e4ikesed pinnad et v\u00e4hendada riski liimi liiga kiireks kuivamiseks ja nakkev\u00f5ime halvenemiseks.<\/p>\n<p><strong>V\u00e4rvimine:<\/strong> Liimitav pind peab olema kuiv, puhastatud tolmust, rasvast, \u00f5list, vahast jm. mustusest ning kooruvatest elementidest. Tugevalt l\u00e4ikivad pinnad lihvida matistumiseni, tolm hoolikalt eemaldada. T\u00f6\u00f6 teostamiseks sobiv materjali-, liimi- ja \u00f5hutemperatuur +15&#8230;+20\u00b0C ja suhteline \u00f5huniiskus 50&#8230;70%. Liimitava materjali niiskussisaldus peab j\u00e4\u00e4ma vahemikku 7&#8230;12%. Liimimine liiga madalal v\u00f5i liiga k\u00f5rgel temperatuuril halvendab liimi nakkev\u00f5imet ja tugevust. Liimides kuuma ilmaga on soovitav liimiga katta korraga v\u00e4ikesed pinnad et v\u00e4hendada riski liimi liiga kiireks kuivamiseks ja nakkev\u00f5ime halvenemiseks. Kuivamise ajal v\u00e4ltida tuulet\u00f5mbust ja temperatuuri k\u00f5ikumist (sobiv temperatuur +15..+20\u00b0C, suhteline \u00f5huniiskus 50&#8230;70%).<\/p>\n<p><strong>Ohutus:<\/strong> Toodet ei ole klassifitseeritud ohtlikuks koosk\u00f5las CLP-m\u00e4\u00e4rusega (E\u00dc) nr 1272\/2008. Hoida lastele k\u00e4ttesaamatus kohas. Ennetava meetmena on soovitatav kasutada tavalisi isikukaitsevahendeid, millel on CE-m\u00e4rgis. \u00c4rge s\u00f6\u00f6ge ja jooge kasutamise ajal; peske p\u00e4rast k\u00e4si sobiva puhastusvahendiga. Silma sattumisel pesta rohke veega. Kokkupuutel nahaga on soovitatud puhastada kahjustatud ala p\u00f5hjalikult vee ja neutraalse seebiga. Probleemide korral p\u00f6\u00f6rduge arsti poole.<\/p>\n\t\t<\/div>\n\t\t\t\t\t<\/div>\n\n\t\n\n\t<div id=\"col-557225853\" class=\"col medium-3 small-12 large-3\"  >\n\t\t\t\t<div class=\"col-inner\"  >\n\t\t\t\n\t\t\t\n\t<div id=\"gap-2088552165\" class=\"gap-element clearfix\" style=\"display:block; height:auto;\">\n\t\t\n<style>\n#gap-2088552165 {\n  padding-top: 30px;\n}\n<\/style>\n\t<\/div>\n\t\n<h3>Tehniline informatsioon<\/h3>\n<p><a href=\"https:\/\/espak.ee\/epood\/wp-content\/uploads\/B3-tooteleht.pdf\" target=\"_blank\" rel=\"noopener noreferrer\"><i class=\"far fa-file-pdf\"><\/i> Tehniline info (PDF)<\/a><\/p>\n<div class=\"is-divider divider clearfix\" ><\/div>\n<p><strong>\u00dcksikasjalikuma n\u00f5u saamiseks v\u00f5tke \u00fchendust:<br \/><\/strong>Eskaro AS<br \/>Fosforiidi 20<br \/>Maardu<br \/>+372 6217969<\/p>\n<div class=\"is-divider divider clearfix\" ><\/div>\n\t\t<\/div>\n\t\t\t\t\t<\/div>\n\n\t\n<\/div>\n","protected":false},"excerpt":{"rendered":"","protected":false},"featured_media":15231,"comment_status":"closed","ping_status":"open","template":"","meta":[],"product_brand":[],"product_cat":[2703,2706,2843,2683],"product_tag":[],"class_list":{"0":"post-12828","1":"product","2":"type-product","3":"status-publish","4":"has-post-thumbnail","6":"product_cat-ehituskeemia","7":"product_cat-liimid","8":"product_cat-puidu-ja-parketiliimid","9":"product_cat-viimistluskaubad","10":"pa_kaubamark-eskaro-as","12":"first","13":"instock","14":"sale","15":"taxable","16":"shipping-taxable","17":"purchasable","18":"product-type-simple"},"yoast_head":"<!-- This site is optimized with the Yoast SEO plugin v26.9 - https:\/\/yoast.com\/product\/yoast-seo-wordpress\/ -->\n<title>NIISKUSKINDEL PUIDULIIM B3 0,75L - Espak E-pood<\/title>\n<meta name=\"robots\" content=\"index, follow, max-snippet:-1, max-image-preview:large, max-video-preview:-1\" \/>\n<link rel=\"canonical\" href=\"https:\/\/espak.ee\/epood\/toode\/niiskuskindel-puiduliim-b3-075l\/\" \/>\n<meta property=\"og:locale\" content=\"et_EE\" \/>\n<meta property=\"og:type\" content=\"article\" \/>\n<meta property=\"og:title\" content=\"NIISKUSKINDEL PUIDULIIM B3 0,75L - Espak E-pood\" \/>\n<meta property=\"og:url\" content=\"https:\/\/espak.ee\/epood\/toode\/niiskuskindel-puiduliim-b3-075l\/\" \/>\n<meta property=\"og:site_name\" content=\"Espak E-pood\" \/>\n<meta property=\"article:modified_time\" content=\"2025-10-05T12:24:29+00:00\" \/>\n<meta property=\"og:image\" content=\"https:\/\/espak.ee\/epood\/wp-content\/uploads\/NK_PuiduliimB3_075L.jpg\" \/>\n\t<meta property=\"og:image:width\" content=\"1134\" \/>\n\t<meta property=\"og:image:height\" content=\"1134\" \/>\n\t<meta property=\"og:image:type\" content=\"image\/jpeg\" \/>\n<meta name=\"twitter:card\" content=\"summary_large_image\" \/>\n<meta name=\"twitter:label1\" content=\"Est. reading time\" \/>\n\t<meta name=\"twitter:data1\" content=\"2 minutit\" \/>\n<script type=\"application\/ld+json\" class=\"yoast-schema-graph\">{\"@context\":\"https:\/\/schema.org\",\"@graph\":[{\"@type\":\"WebPage\",\"@id\":\"https:\/\/espak.ee\/epood\/toode\/niiskuskindel-puiduliim-b3-075l\/\",\"url\":\"https:\/\/espak.ee\/epood\/toode\/niiskuskindel-puiduliim-b3-075l\/\",\"name\":\"NIISKUSKINDEL PUIDULIIM B3 0,75L - Espak E-pood\",\"isPartOf\":{\"@id\":\"https:\/\/espak.ee\/epood\/#website\"},\"primaryImageOfPage\":{\"@id\":\"https:\/\/espak.ee\/epood\/toode\/niiskuskindel-puiduliim-b3-075l\/#primaryimage\"},\"image\":{\"@id\":\"https:\/\/espak.ee\/epood\/toode\/niiskuskindel-puiduliim-b3-075l\/#primaryimage\"},\"thumbnailUrl\":\"https:\/\/espak.ee\/epood\/wp-content\/uploads\/NK_PuiduliimB3_075L.jpg\",\"datePublished\":\"2019-12-14T00:50:17+00:00\",\"dateModified\":\"2025-10-05T12:24:29+00:00\",\"breadcrumb\":{\"@id\":\"https:\/\/espak.ee\/epood\/toode\/niiskuskindel-puiduliim-b3-075l\/#breadcrumb\"},\"inLanguage\":\"et\",\"potentialAction\":[{\"@type\":\"ReadAction\",\"target\":[\"https:\/\/espak.ee\/epood\/toode\/niiskuskindel-puiduliim-b3-075l\/\"]}]},{\"@type\":\"ImageObject\",\"inLanguage\":\"et\",\"@id\":\"https:\/\/espak.ee\/epood\/toode\/niiskuskindel-puiduliim-b3-075l\/#primaryimage\",\"url\":\"https:\/\/espak.ee\/epood\/wp-content\/uploads\/NK_PuiduliimB3_075L.jpg\",\"contentUrl\":\"https:\/\/espak.ee\/epood\/wp-content\/uploads\/NK_PuiduliimB3_075L.jpg\",\"width\":1134,\"height\":1134},{\"@type\":\"BreadcrumbList\",\"@id\":\"https:\/\/espak.ee\/epood\/toode\/niiskuskindel-puiduliim-b3-075l\/#breadcrumb\",\"itemListElement\":[{\"@type\":\"ListItem\",\"position\":1,\"name\":\"Home\",\"item\":\"https:\/\/espak.ee\/epood\/\"},{\"@type\":\"ListItem\",\"position\":2,\"name\":\"Tootevalik\",\"item\":\"https:\/\/espak.ee\/epood\/tootevalik\/\"},{\"@type\":\"ListItem\",\"position\":3,\"name\":\"NIISKUSKINDEL PUIDULIIM B3 0,75L\"}]},{\"@type\":\"WebSite\",\"@id\":\"https:\/\/espak.ee\/epood\/#website\",\"url\":\"https:\/\/espak.ee\/epood\/\",\"name\":\"Espak E-pood\",\"description\":\"\",\"potentialAction\":[{\"@type\":\"SearchAction\",\"target\":{\"@type\":\"EntryPoint\",\"urlTemplate\":\"https:\/\/espak.ee\/epood\/?s={search_term_string}\"},\"query-input\":{\"@type\":\"PropertyValueSpecification\",\"valueRequired\":true,\"valueName\":\"search_term_string\"}}],\"inLanguage\":\"et\"}]}<\/script>\n<!-- \/ Yoast SEO plugin. -->","yoast_head_json":{"title":"NIISKUSKINDEL PUIDULIIM B3 0,75L - Espak E-pood","robots":{"index":"index","follow":"follow","max-snippet":"max-snippet:-1","max-image-preview":"max-image-preview:large","max-video-preview":"max-video-preview:-1"},"canonical":"https:\/\/espak.ee\/epood\/toode\/niiskuskindel-puiduliim-b3-075l\/","og_locale":"et_EE","og_type":"article","og_title":"NIISKUSKINDEL PUIDULIIM B3 0,75L - Espak E-pood","og_url":"https:\/\/espak.ee\/epood\/toode\/niiskuskindel-puiduliim-b3-075l\/","og_site_name":"Espak E-pood","article_modified_time":"2025-10-05T12:24:29+00:00","og_image":[{"width":1134,"height":1134,"url":"https:\/\/espak.ee\/epood\/wp-content\/uploads\/NK_PuiduliimB3_075L.jpg","type":"image\/jpeg"}],"twitter_card":"summary_large_image","twitter_misc":{"Est. reading time":"2 minutit"},"schema":{"@context":"https:\/\/schema.org","@graph":[{"@type":"WebPage","@id":"https:\/\/espak.ee\/epood\/toode\/niiskuskindel-puiduliim-b3-075l\/","url":"https:\/\/espak.ee\/epood\/toode\/niiskuskindel-puiduliim-b3-075l\/","name":"NIISKUSKINDEL PUIDULIIM B3 0,75L - Espak E-pood","isPartOf":{"@id":"https:\/\/espak.ee\/epood\/#website"},"primaryImageOfPage":{"@id":"https:\/\/espak.ee\/epood\/toode\/niiskuskindel-puiduliim-b3-075l\/#primaryimage"},"image":{"@id":"https:\/\/espak.ee\/epood\/toode\/niiskuskindel-puiduliim-b3-075l\/#primaryimage"},"thumbnailUrl":"https:\/\/espak.ee\/epood\/wp-content\/uploads\/NK_PuiduliimB3_075L.jpg","datePublished":"2019-12-14T00:50:17+00:00","dateModified":"2025-10-05T12:24:29+00:00","breadcrumb":{"@id":"https:\/\/espak.ee\/epood\/toode\/niiskuskindel-puiduliim-b3-075l\/#breadcrumb"},"inLanguage":"et","potentialAction":[{"@type":"ReadAction","target":["https:\/\/espak.ee\/epood\/toode\/niiskuskindel-puiduliim-b3-075l\/"]}]},{"@type":"ImageObject","inLanguage":"et","@id":"https:\/\/espak.ee\/epood\/toode\/niiskuskindel-puiduliim-b3-075l\/#primaryimage","url":"https:\/\/espak.ee\/epood\/wp-content\/uploads\/NK_PuiduliimB3_075L.jpg","contentUrl":"https:\/\/espak.ee\/epood\/wp-content\/uploads\/NK_PuiduliimB3_075L.jpg","width":1134,"height":1134},{"@type":"BreadcrumbList","@id":"https:\/\/espak.ee\/epood\/toode\/niiskuskindel-puiduliim-b3-075l\/#breadcrumb","itemListElement":[{"@type":"ListItem","position":1,"name":"Home","item":"https:\/\/espak.ee\/epood\/"},{"@type":"ListItem","position":2,"name":"Tootevalik","item":"https:\/\/espak.ee\/epood\/tootevalik\/"},{"@type":"ListItem","position":3,"name":"NIISKUSKINDEL PUIDULIIM B3 0,75L"}]},{"@type":"WebSite","@id":"https:\/\/espak.ee\/epood\/#website","url":"https:\/\/espak.ee\/epood\/","name":"Espak E-pood","description":"","potentialAction":[{"@type":"SearchAction","target":{"@type":"EntryPoint","urlTemplate":"https:\/\/espak.ee\/epood\/?s={search_term_string}"},"query-input":{"@type":"PropertyValueSpecification","valueRequired":true,"valueName":"search_term_string"}}],"inLanguage":"et"}]}},"_links":{"self":[{"href":"https:\/\/espak.ee\/epood\/wp-json\/wp\/v2\/product\/12828","targetHints":{"allow":["GET"]}}],"collection":[{"href":"https:\/\/espak.ee\/epood\/wp-json\/wp\/v2\/product"}],"about":[{"href":"https:\/\/espak.ee\/epood\/wp-json\/wp\/v2\/types\/product"}],"replies":[{"embeddable":true,"href":"https:\/\/espak.ee\/epood\/wp-json\/wp\/v2\/comments?post=12828"}],"wp:featuredmedia":[{"embeddable":true,"href":"https:\/\/espak.ee\/epood\/wp-json\/wp\/v2\/media\/15231"}],"wp:attachment":[{"href":"https:\/\/espak.ee\/epood\/wp-json\/wp\/v2\/media?parent=12828"}],"wp:term":[{"taxonomy":"product_brand","embeddable":true,"href":"https:\/\/espak.ee\/epood\/wp-json\/wp\/v2\/product_brand?post=12828"},{"taxonomy":"product_cat","embeddable":true,"href":"https:\/\/espak.ee\/epood\/wp-json\/wp\/v2\/product_cat?post=12828"},{"taxonomy":"product_tag","embeddable":true,"href":"https:\/\/espak.ee\/epood\/wp-json\/wp\/v2\/product_tag?post=12828"}],"curies":[{"name":"wp","href":"https:\/\/api.w.org\/{rel}","templated":true}]}}