{"id":128057,"date":"2022-08-06T06:40:50","date_gmt":"2022-08-06T06:40:50","guid":{"rendered":"https:\/\/espak.ee\/epood\/?post_type=product&#038;p=128057"},"modified":"2024-03-23T02:37:32","modified_gmt":"2024-03-23T00:37:32","slug":"murutraktor-kogujaga-stiga-estate-384","status":"publish","type":"product","link":"https:\/\/espak.ee\/epood\/toode\/murutraktor-kogujaga-stiga-estate-384\/","title":{"rendered":"MURUTRAKTOR KOGUJAGA STIGA ESTATE 384"},"content":{"rendered":"<div class=\"row\"  id=\"row-1380536538\">\n\n\t<div id=\"col-1972304105\" class=\"col medium-9 small-12 large-9\"  >\n\t\t\t\t<div class=\"col-inner\"  >\n\t\t\t\n\t\t\t\n<h2>Murutraktor kogujaga Stiga Estate 384<\/h2>\n<p>Stiga kogujaga murutraktor Estate 384 sobib v\u00e4iksemate ja keskmise suurusega murualade niitmiseks. Soovitusliku niiduala suurus on ca 3500 m\u00b2.<br \/>\n<div class=\"is-divider divider clearfix\" ><\/div>\nIdeaalne traktor neile, kes eelistavad puhast ja kaunist murupinda, millelt on kohe kogu niidetud muru kokku kogutud. Stiga kogujaga murutraktor Estate 384 on kahe l\u00f5iketeraga 84 cm laiune niidukorpus, millel on ka kaks tugiratast, mis v\u00f5imaldavad paremini kohaneda eba\u00fchtlase murupinnaga. Terad l\u00fclitatakse sisse ja v\u00e4lja armatuurlaual asuvale nupule vajutades. Ohutuse tagamiseks on traktoril turvas\u00fcsteem: kui juht istmelt lahkub, l\u00fclituvad mootor ja l\u00f5iketerad automaatselt v\u00e4lja. Niiduk\u00f5rguse reguleerimiseks on 7 positsiooni vahemikus 2,5 \u2013 8 cm. Niidetud muru kogutakse 240-liitrisesse korvi. Spetsiaalne helisignaal annab m\u00e4rku murukoti t\u00e4itumisest. Niidetud muru saab koos muude biolagunevate aiaj\u00e4\u00e4tmetega \u00fcmber t\u00f6\u00f6delda v\u00e4\u00e4rtuslikuks kompostiks ja taaskasutada oma aias. T\u00f6\u00f6mugavust suurendavad pehmendusega rool ja Classic k\u00f5rge seljatoega iste. Esituled tagavad parema n\u00e4htavuse h\u00e4maras t\u00f6\u00f6tamisel v\u00f5i halbades ilmastikuoludes (udu, vihm v\u00f5i lumesadu).<\/p>\n<p>Mult\u0161imise lisaseade annab traktorile mitmek\u00fclgsuse, kuna selle abil saab niita ilma niidet korvi kogumata. Peenestatud niide j\u00e4\u00e4b v\u00e4etisena murule. Ohutuse huvides ei niida traktor tagurdamisel. Spetsiaalne nupp annab siiski v\u00f5imaluse niitmiseks ka tagurdamisel.<\/p>\n<p>T\u00e4nu pesemisliidesele saab p\u00e4rast iga niitmiskorda voolikuga kiiresti ja lihtsalt pesta niidukorpuse p\u00f5hja.<\/p>\n<p>Traktoritele m\u00f5eldud erinevad  LISASEADMED  v\u00f5imaldavad masinat t\u00f6\u00f6s hoida aastaringselt. Haagisena kasutatavad mururull ja k\u00fclvik sobivad suuremate murualade hooldamiseks. Niidetud muru v\u00f5i s\u00fcgislehed saab kokku koguda muru- ja lehekogujaga.  Sahk on talvel abiks suurema lume l\u00fckkamisel. Haagisk\u00e4ru on erinevateks majapidamist\u00f6\u00f6deks kasutatav pea aastaringselt.<\/p>\n<p>Soovitame kasutada biolisandi vaba  A95 bensiini ja spetsiaalset Stiga \u00f5li, mis tagab mootori parima j\u00f5udluse ja optimaalse \u00f5lituse. Hoolduseks ja remondiks soovitame kasutada ainult originaalvaruosi, mis tagavad masina maksimaalse t\u00f6\u00f6ea.<\/p>\n<p><strong>Akulaadija, mult\u0161ikomplekt, kivikaitse ja haagisekonks on m\u00fc\u00fcgil lisavarustusena.<\/strong> <\/p>\n\t\t<\/div>\n\t\t\t\t\t<\/div>\n\n\t\n\n\t<div id=\"col-1266515728\" class=\"col medium-3 small-12 large-3\"  >\n\t\t\t\t<div class=\"col-inner\"  >\n\t\t\t\n\t\t\t\n\t<div id=\"gap-1694284549\" class=\"gap-element clearfix\" style=\"display:block; height:auto;\">\n\t\t\n<style>\n#gap-1694284549 {\n  padding-top: 30px;\n}\n<\/style>\n\t<\/div>\n\t\n<div class=\"is-divider divider clearfix\" ><\/div>\n<p><strong>\u00dcksikasjalikuma n\u00f5u saamiseks v\u00f5tke \u00fchendust:<br \/><\/strong>LOODUS INVEST AS<br \/>Viljandi mnt. 18a<br \/>11216<br \/>Tallinn<br \/>+372 6722144<\/p>\n<div class=\"is-divider divider clearfix\" ><\/div>\n\t\t<\/div>\n\t\t\t\t\t<\/div>\n\n\t\n<\/div>\n","protected":false},"excerpt":{"rendered":"","protected":false},"featured_media":128540,"comment_status":"closed","ping_status":"closed","template":"","meta":[],"product_brand":[],"product_cat":[2789,2788,2790,3352],"product_tag":[],"class_list":{"0":"post-128057","1":"product","2":"type-product","3":"status-publish","4":"has-post-thumbnail","6":"product_cat-aiatarbed","7":"product_cat-aiatarbed-ja-kodukaubad","8":"product_cat-aiatehnika","9":"product_cat-murutraktorid","10":"pa_kaubamark-loodus-invest-as","12":"first","13":"outofstock","14":"sale","15":"taxable","16":"shipping-taxable","17":"purchasable","18":"product-type-simple"},"yoast_head":"<!-- This site is optimized with the Yoast SEO plugin v26.9 - https:\/\/yoast.com\/product\/yoast-seo-wordpress\/ -->\n<title>MURUTRAKTOR KOGUJAGA STIGA ESTATE 384 - Espak E-pood<\/title>\n<meta name=\"robots\" content=\"index, follow, max-snippet:-1, max-image-preview:large, max-video-preview:-1\" \/>\n<link rel=\"canonical\" href=\"https:\/\/espak.ee\/epood\/toode\/murutraktor-kogujaga-stiga-estate-384\/\" \/>\n<meta property=\"og:locale\" content=\"et_EE\" \/>\n<meta property=\"og:type\" content=\"article\" \/>\n<meta property=\"og:title\" content=\"MURUTRAKTOR KOGUJAGA STIGA ESTATE 384 - Espak E-pood\" \/>\n<meta property=\"og:url\" content=\"https:\/\/espak.ee\/epood\/toode\/murutraktor-kogujaga-stiga-estate-384\/\" \/>\n<meta property=\"og:site_name\" content=\"Espak E-pood\" \/>\n<meta property=\"article:modified_time\" content=\"2024-03-23T00:37:32+00:00\" \/>\n<meta property=\"og:image\" content=\"https:\/\/espak.ee\/epood\/wp-content\/uploads\/2022\/08\/ESTATE384_2T2100481ST1_full01.jpg\" \/>\n\t<meta property=\"og:image:width\" content=\"800\" \/>\n\t<meta property=\"og:image:height\" content=\"800\" \/>\n\t<meta property=\"og:image:type\" content=\"image\/jpeg\" \/>\n<meta name=\"twitter:card\" content=\"summary_large_image\" \/>\n<meta name=\"twitter:label1\" content=\"Est. reading time\" \/>\n\t<meta name=\"twitter:data1\" content=\"2 minutit\" \/>\n<script type=\"application\/ld+json\" class=\"yoast-schema-graph\">{\"@context\":\"https:\/\/schema.org\",\"@graph\":[{\"@type\":\"WebPage\",\"@id\":\"https:\/\/espak.ee\/epood\/toode\/murutraktor-kogujaga-stiga-estate-384\/\",\"url\":\"https:\/\/espak.ee\/epood\/toode\/murutraktor-kogujaga-stiga-estate-384\/\",\"name\":\"MURUTRAKTOR KOGUJAGA STIGA ESTATE 384 - Espak E-pood\",\"isPartOf\":{\"@id\":\"https:\/\/espak.ee\/epood\/#website\"},\"primaryImageOfPage\":{\"@id\":\"https:\/\/espak.ee\/epood\/toode\/murutraktor-kogujaga-stiga-estate-384\/#primaryimage\"},\"image\":{\"@id\":\"https:\/\/espak.ee\/epood\/toode\/murutraktor-kogujaga-stiga-estate-384\/#primaryimage\"},\"thumbnailUrl\":\"https:\/\/espak.ee\/epood\/wp-content\/uploads\/2022\/08\/ESTATE384_2T2100481ST1_full01.jpg\",\"datePublished\":\"2022-08-06T06:40:50+00:00\",\"dateModified\":\"2024-03-23T00:37:32+00:00\",\"breadcrumb\":{\"@id\":\"https:\/\/espak.ee\/epood\/toode\/murutraktor-kogujaga-stiga-estate-384\/#breadcrumb\"},\"inLanguage\":\"et\",\"potentialAction\":[{\"@type\":\"ReadAction\",\"target\":[\"https:\/\/espak.ee\/epood\/toode\/murutraktor-kogujaga-stiga-estate-384\/\"]}]},{\"@type\":\"ImageObject\",\"inLanguage\":\"et\",\"@id\":\"https:\/\/espak.ee\/epood\/toode\/murutraktor-kogujaga-stiga-estate-384\/#primaryimage\",\"url\":\"https:\/\/espak.ee\/epood\/wp-content\/uploads\/2022\/08\/ESTATE384_2T2100481ST1_full01.jpg\",\"contentUrl\":\"https:\/\/espak.ee\/epood\/wp-content\/uploads\/2022\/08\/ESTATE384_2T2100481ST1_full01.jpg\",\"width\":800,\"height\":800},{\"@type\":\"BreadcrumbList\",\"@id\":\"https:\/\/espak.ee\/epood\/toode\/murutraktor-kogujaga-stiga-estate-384\/#breadcrumb\",\"itemListElement\":[{\"@type\":\"ListItem\",\"position\":1,\"name\":\"Home\",\"item\":\"https:\/\/espak.ee\/epood\/\"},{\"@type\":\"ListItem\",\"position\":2,\"name\":\"Tootevalik\",\"item\":\"https:\/\/espak.ee\/epood\/tootevalik\/\"},{\"@type\":\"ListItem\",\"position\":3,\"name\":\"MURUTRAKTOR KOGUJAGA STIGA ESTATE 384\"}]},{\"@type\":\"WebSite\",\"@id\":\"https:\/\/espak.ee\/epood\/#website\",\"url\":\"https:\/\/espak.ee\/epood\/\",\"name\":\"Espak E-pood\",\"description\":\"\",\"potentialAction\":[{\"@type\":\"SearchAction\",\"target\":{\"@type\":\"EntryPoint\",\"urlTemplate\":\"https:\/\/espak.ee\/epood\/?s={search_term_string}\"},\"query-input\":{\"@type\":\"PropertyValueSpecification\",\"valueRequired\":true,\"valueName\":\"search_term_string\"}}],\"inLanguage\":\"et\"}]}<\/script>\n<!-- \/ Yoast SEO plugin. -->","yoast_head_json":{"title":"MURUTRAKTOR KOGUJAGA STIGA ESTATE 384 - Espak E-pood","robots":{"index":"index","follow":"follow","max-snippet":"max-snippet:-1","max-image-preview":"max-image-preview:large","max-video-preview":"max-video-preview:-1"},"canonical":"https:\/\/espak.ee\/epood\/toode\/murutraktor-kogujaga-stiga-estate-384\/","og_locale":"et_EE","og_type":"article","og_title":"MURUTRAKTOR KOGUJAGA STIGA ESTATE 384 - Espak E-pood","og_url":"https:\/\/espak.ee\/epood\/toode\/murutraktor-kogujaga-stiga-estate-384\/","og_site_name":"Espak E-pood","article_modified_time":"2024-03-23T00:37:32+00:00","og_image":[{"width":800,"height":800,"url":"https:\/\/espak.ee\/epood\/wp-content\/uploads\/2022\/08\/ESTATE384_2T2100481ST1_full01.jpg","type":"image\/jpeg"}],"twitter_card":"summary_large_image","twitter_misc":{"Est. reading time":"2 minutit"},"schema":{"@context":"https:\/\/schema.org","@graph":[{"@type":"WebPage","@id":"https:\/\/espak.ee\/epood\/toode\/murutraktor-kogujaga-stiga-estate-384\/","url":"https:\/\/espak.ee\/epood\/toode\/murutraktor-kogujaga-stiga-estate-384\/","name":"MURUTRAKTOR KOGUJAGA STIGA ESTATE 384 - Espak E-pood","isPartOf":{"@id":"https:\/\/espak.ee\/epood\/#website"},"primaryImageOfPage":{"@id":"https:\/\/espak.ee\/epood\/toode\/murutraktor-kogujaga-stiga-estate-384\/#primaryimage"},"image":{"@id":"https:\/\/espak.ee\/epood\/toode\/murutraktor-kogujaga-stiga-estate-384\/#primaryimage"},"thumbnailUrl":"https:\/\/espak.ee\/epood\/wp-content\/uploads\/2022\/08\/ESTATE384_2T2100481ST1_full01.jpg","datePublished":"2022-08-06T06:40:50+00:00","dateModified":"2024-03-23T00:37:32+00:00","breadcrumb":{"@id":"https:\/\/espak.ee\/epood\/toode\/murutraktor-kogujaga-stiga-estate-384\/#breadcrumb"},"inLanguage":"et","potentialAction":[{"@type":"ReadAction","target":["https:\/\/espak.ee\/epood\/toode\/murutraktor-kogujaga-stiga-estate-384\/"]}]},{"@type":"ImageObject","inLanguage":"et","@id":"https:\/\/espak.ee\/epood\/toode\/murutraktor-kogujaga-stiga-estate-384\/#primaryimage","url":"https:\/\/espak.ee\/epood\/wp-content\/uploads\/2022\/08\/ESTATE384_2T2100481ST1_full01.jpg","contentUrl":"https:\/\/espak.ee\/epood\/wp-content\/uploads\/2022\/08\/ESTATE384_2T2100481ST1_full01.jpg","width":800,"height":800},{"@type":"BreadcrumbList","@id":"https:\/\/espak.ee\/epood\/toode\/murutraktor-kogujaga-stiga-estate-384\/#breadcrumb","itemListElement":[{"@type":"ListItem","position":1,"name":"Home","item":"https:\/\/espak.ee\/epood\/"},{"@type":"ListItem","position":2,"name":"Tootevalik","item":"https:\/\/espak.ee\/epood\/tootevalik\/"},{"@type":"ListItem","position":3,"name":"MURUTRAKTOR KOGUJAGA STIGA ESTATE 384"}]},{"@type":"WebSite","@id":"https:\/\/espak.ee\/epood\/#website","url":"https:\/\/espak.ee\/epood\/","name":"Espak E-pood","description":"","potentialAction":[{"@type":"SearchAction","target":{"@type":"EntryPoint","urlTemplate":"https:\/\/espak.ee\/epood\/?s={search_term_string}"},"query-input":{"@type":"PropertyValueSpecification","valueRequired":true,"valueName":"search_term_string"}}],"inLanguage":"et"}]}},"_links":{"self":[{"href":"https:\/\/espak.ee\/epood\/wp-json\/wp\/v2\/product\/128057","targetHints":{"allow":["GET"]}}],"collection":[{"href":"https:\/\/espak.ee\/epood\/wp-json\/wp\/v2\/product"}],"about":[{"href":"https:\/\/espak.ee\/epood\/wp-json\/wp\/v2\/types\/product"}],"replies":[{"embeddable":true,"href":"https:\/\/espak.ee\/epood\/wp-json\/wp\/v2\/comments?post=128057"}],"wp:featuredmedia":[{"embeddable":true,"href":"https:\/\/espak.ee\/epood\/wp-json\/wp\/v2\/media\/128540"}],"wp:attachment":[{"href":"https:\/\/espak.ee\/epood\/wp-json\/wp\/v2\/media?parent=128057"}],"wp:term":[{"taxonomy":"product_brand","embeddable":true,"href":"https:\/\/espak.ee\/epood\/wp-json\/wp\/v2\/product_brand?post=128057"},{"taxonomy":"product_cat","embeddable":true,"href":"https:\/\/espak.ee\/epood\/wp-json\/wp\/v2\/product_cat?post=128057"},{"taxonomy":"product_tag","embeddable":true,"href":"https:\/\/espak.ee\/epood\/wp-json\/wp\/v2\/product_tag?post=128057"}],"curies":[{"name":"wp","href":"https:\/\/api.w.org\/{rel}","templated":true}]}}