{"id":128050,"date":"2022-08-06T05:37:23","date_gmt":"2022-08-06T05:37:23","guid":{"rendered":"https:\/\/espak.ee\/epood\/?post_type=product&#038;p=128050"},"modified":"2026-03-31T15:18:04","modified_gmt":"2026-03-31T12:18:04","slug":"alasiga-oksakaarid-fiskars-x-series-powergear-p941","status":"publish","type":"product","link":"https:\/\/espak.ee\/epood\/toode\/alasiga-oksakaarid-fiskars-x-series-powergear-p941\/","title":{"rendered":"ALASIGA OKSAK\u00c4\u00c4RID FISKARS X-SERIES POWERGEAR, P941"},"content":{"rendered":"<div class=\"row\"  id=\"row-1313687038\">\n\n\t<div id=\"col-986916121\" class=\"col medium-9 small-12 large-9\"  >\n\t\t\t\t<div class=\"col-inner\"  >\n\t\t\t\n\t\t\t\n<h2>Alasiga oksak\u00e4\u00e4rid Fiskars X-series PowerGear P941<\/h2>\n<p>Fiskarsi patenteeritud PowerGear\u2122-mehhanism muudab l\u00f5ikamise tavap\u00e4rasest mehhanismist 3 korda kergemaks. P\u00f6\u00f6rlev k\u00e4epide jaotab koormuse s\u00f5rmedele \u00fchtlasemalt ja t\u00e4nu sellele v\u00e4sivad k\u00e4ed v\u00e4hem. Alasiga oksak\u00e4\u00e4rid sobivad j\u00e4medamate okste (diameetriga kuni 26 mm) ja ka kuivanud okste l\u00f5ikamiseks. Karastatud ja t\u00e4ppislihvitud l\u00f5iketera s\u00e4ilitab oma teravuse pikaks ajaks. L\u00f5iketera h\u00f5\u00f5rdumisvastane kate tagab nii roostekindluse kui v\u00f5imaldab teha t\u00e4pseid ja puhtaid l\u00f5ikeid oluliselt v\u00e4iksema vaevaga. Kerge ja vastupidav FiberComp\u2122  materjalist k\u00e4epide on haarde parandamiseks kaetud pehme SoftGrip\u2122 pinnakattega. H\u00f5lpsalt kasutatav l\u00fckandlukk terade avamiseks ja sulgemiseks. Sobivad ainult paremak\u00e4elistele.<br \/>\n<div class=\"is-divider divider clearfix\" ><\/div>\nKorraliku l\u00f5ike saamiseks ja oma k\u00e4te s\u00e4\u00e4stmiseks on oluline valida head ja kvaliteetsed t\u00f6\u00f6riistad. Fiskarsi patenteeritud PowerGear\u2122-mehhanism muudab l\u00f5ikamise tavap\u00e4rasest mehhanismist 3 korda kergemaks ja v\u00e4sitab v\u00e4hem kasutaja k\u00e4si. Alasiga oksak\u00e4\u00e4rid (vahel nimetatud ka sekaatorid) sobivad j\u00e4medamate ja sitkemate okste ning kuivanud okste (l\u00e4bim\u00f5\u00f5duga 26mm) l\u00f5ikamiseks.  Oksak\u00e4\u00e4re kasutades j\u00e4lgige, et hoiate oksa l\u00f5ikamisel k\u00e4\u00e4re nii, et l\u00f5iketera j\u00e4\u00e4ks allesj\u00e4\u00e4va osa poole ja t\u00f6mp osa \u00e4ral\u00f5igatava oksa vastu. L\u00f5iketera h\u00f5\u00f5rdumisvastane kate tagab nii roostekindluse kui v\u00f5imaldab teha t\u00e4pseid ja puhtaid l\u00f5ikeid oluliselt v\u00e4iksema vaevaga. Karastatud ja t\u00e4ppislihvitud l\u00f5iketera s\u00e4ilitab oma teravuse pikaks ajaks.<\/p>\n<p>Soovitame aiat\u00f6\u00f6riistu regulaarselt hooldada ja teritada. Sellega tagate, et l\u00f5ikehaavad j\u00e4\u00e4vad v\u00f5imalikult puhtad ja siledad. Mullapiirilt l\u00f5ikamisel kasutage vanemaid t\u00f6\u00f6riistu, sest liivaterad rikuvad oksak\u00e4\u00e4ride terasid.<\/p>\n\t\t<\/div>\n\t\t\t\t\t<\/div>\n\n\t\n\n\t<div id=\"col-513374909\" class=\"col medium-3 small-12 large-3\"  >\n\t\t\t\t<div class=\"col-inner\"  >\n\t\t\t\n\t\t\t\n\t<div id=\"gap-901055692\" class=\"gap-element clearfix\" style=\"display:block; height:auto;\">\n\t\t\n<style>\n#gap-901055692 {\n  padding-top: 30px;\n}\n<\/style>\n\t<\/div>\n\t\n<div class=\"is-divider divider clearfix\" ><\/div>\n<p><strong>\u00dcksikasjalikuma n\u00f5u saamiseks v\u00f5tke \u00fchendust:<br \/><\/strong>LOODUS INVEST AS<br \/>Viljandi mnt. 18a<br \/>11216<br \/>Tallinn<br \/>+372 6722144<\/p>\n<div class=\"is-divider divider clearfix\" ><\/div>\n\t\t<\/div>\n\t\t\t\t\t<\/div>\n\n\t\n<\/div>\n","protected":false},"excerpt":{"rendered":"","protected":false},"featured_media":128574,"comment_status":"closed","ping_status":"closed","template":"","meta":[],"product_brand":[],"product_cat":[2789,2788,3341,3381],"product_tag":[],"class_list":{"0":"post-128050","1":"product","2":"type-product","3":"status-publish","4":"has-post-thumbnail","6":"product_cat-aiatarbed","7":"product_cat-aiatarbed-ja-kodukaubad","8":"product_cat-aiatooriistad","9":"product_cat-oksaloikurid","10":"pa_kaubamark-loodus-invest-as","12":"first","13":"instock","14":"sale","15":"taxable","16":"shipping-taxable","17":"purchasable","18":"product-type-simple"},"yoast_head":"<!-- This site is optimized with the Yoast SEO plugin v26.9 - https:\/\/yoast.com\/product\/yoast-seo-wordpress\/ -->\n<title>ALASIGA OKSAK\u00c4\u00c4RID FISKARS X-SERIES POWERGEAR, P941 - Espak E-pood<\/title>\n<meta name=\"robots\" content=\"index, follow, max-snippet:-1, max-image-preview:large, max-video-preview:-1\" \/>\n<link rel=\"canonical\" href=\"https:\/\/espak.ee\/epood\/toode\/alasiga-oksakaarid-fiskars-x-series-powergear-p941\/\" \/>\n<meta property=\"og:locale\" content=\"et_EE\" \/>\n<meta property=\"og:type\" content=\"article\" \/>\n<meta property=\"og:title\" content=\"ALASIGA OKSAK\u00c4\u00c4RID FISKARS X-SERIES POWERGEAR, P941 - Espak E-pood\" \/>\n<meta property=\"og:url\" content=\"https:\/\/espak.ee\/epood\/toode\/alasiga-oksakaarid-fiskars-x-series-powergear-p941\/\" \/>\n<meta property=\"og:site_name\" content=\"Espak E-pood\" \/>\n<meta property=\"article:modified_time\" content=\"2026-03-31T12:18:04+00:00\" \/>\n<meta property=\"og:image\" content=\"https:\/\/espak.ee\/epood\/wp-content\/uploads\/2022\/08\/F-111122_1057174_X-series_Anvil_L_with_PowerGear_P941.jpg\" \/>\n\t<meta property=\"og:image:width\" content=\"2000\" \/>\n\t<meta property=\"og:image:height\" content=\"2000\" \/>\n\t<meta property=\"og:image:type\" content=\"image\/jpeg\" \/>\n<meta name=\"twitter:card\" content=\"summary_large_image\" \/>\n<meta name=\"twitter:label1\" content=\"Est. reading time\" \/>\n\t<meta name=\"twitter:data1\" content=\"2 minutit\" \/>\n<script type=\"application\/ld+json\" class=\"yoast-schema-graph\">{\"@context\":\"https:\/\/schema.org\",\"@graph\":[{\"@type\":\"WebPage\",\"@id\":\"https:\/\/espak.ee\/epood\/toode\/alasiga-oksakaarid-fiskars-x-series-powergear-p941\/\",\"url\":\"https:\/\/espak.ee\/epood\/toode\/alasiga-oksakaarid-fiskars-x-series-powergear-p941\/\",\"name\":\"ALASIGA OKSAK\u00c4\u00c4RID FISKARS X-SERIES POWERGEAR, P941 - Espak E-pood\",\"isPartOf\":{\"@id\":\"https:\/\/espak.ee\/epood\/#website\"},\"primaryImageOfPage\":{\"@id\":\"https:\/\/espak.ee\/epood\/toode\/alasiga-oksakaarid-fiskars-x-series-powergear-p941\/#primaryimage\"},\"image\":{\"@id\":\"https:\/\/espak.ee\/epood\/toode\/alasiga-oksakaarid-fiskars-x-series-powergear-p941\/#primaryimage\"},\"thumbnailUrl\":\"https:\/\/espak.ee\/epood\/wp-content\/uploads\/2022\/08\/F-111122_1057174_X-series_Anvil_L_with_PowerGear_P941.jpg\",\"datePublished\":\"2022-08-06T05:37:23+00:00\",\"dateModified\":\"2026-03-31T12:18:04+00:00\",\"breadcrumb\":{\"@id\":\"https:\/\/espak.ee\/epood\/toode\/alasiga-oksakaarid-fiskars-x-series-powergear-p941\/#breadcrumb\"},\"inLanguage\":\"et\",\"potentialAction\":[{\"@type\":\"ReadAction\",\"target\":[\"https:\/\/espak.ee\/epood\/toode\/alasiga-oksakaarid-fiskars-x-series-powergear-p941\/\"]}]},{\"@type\":\"ImageObject\",\"inLanguage\":\"et\",\"@id\":\"https:\/\/espak.ee\/epood\/toode\/alasiga-oksakaarid-fiskars-x-series-powergear-p941\/#primaryimage\",\"url\":\"https:\/\/espak.ee\/epood\/wp-content\/uploads\/2022\/08\/F-111122_1057174_X-series_Anvil_L_with_PowerGear_P941.jpg\",\"contentUrl\":\"https:\/\/espak.ee\/epood\/wp-content\/uploads\/2022\/08\/F-111122_1057174_X-series_Anvil_L_with_PowerGear_P941.jpg\",\"width\":2000,\"height\":2000},{\"@type\":\"BreadcrumbList\",\"@id\":\"https:\/\/espak.ee\/epood\/toode\/alasiga-oksakaarid-fiskars-x-series-powergear-p941\/#breadcrumb\",\"itemListElement\":[{\"@type\":\"ListItem\",\"position\":1,\"name\":\"Home\",\"item\":\"https:\/\/espak.ee\/epood\/\"},{\"@type\":\"ListItem\",\"position\":2,\"name\":\"Tootevalik\",\"item\":\"https:\/\/espak.ee\/epood\/tootevalik\/\"},{\"@type\":\"ListItem\",\"position\":3,\"name\":\"ALASIGA OKSAK\u00c4\u00c4RID FISKARS X-SERIES POWERGEAR, P941\"}]},{\"@type\":\"WebSite\",\"@id\":\"https:\/\/espak.ee\/epood\/#website\",\"url\":\"https:\/\/espak.ee\/epood\/\",\"name\":\"Espak E-pood\",\"description\":\"\",\"potentialAction\":[{\"@type\":\"SearchAction\",\"target\":{\"@type\":\"EntryPoint\",\"urlTemplate\":\"https:\/\/espak.ee\/epood\/?s={search_term_string}\"},\"query-input\":{\"@type\":\"PropertyValueSpecification\",\"valueRequired\":true,\"valueName\":\"search_term_string\"}}],\"inLanguage\":\"et\"}]}<\/script>\n<!-- \/ Yoast SEO plugin. -->","yoast_head_json":{"title":"ALASIGA OKSAK\u00c4\u00c4RID FISKARS X-SERIES POWERGEAR, P941 - Espak E-pood","robots":{"index":"index","follow":"follow","max-snippet":"max-snippet:-1","max-image-preview":"max-image-preview:large","max-video-preview":"max-video-preview:-1"},"canonical":"https:\/\/espak.ee\/epood\/toode\/alasiga-oksakaarid-fiskars-x-series-powergear-p941\/","og_locale":"et_EE","og_type":"article","og_title":"ALASIGA OKSAK\u00c4\u00c4RID FISKARS X-SERIES POWERGEAR, P941 - Espak E-pood","og_url":"https:\/\/espak.ee\/epood\/toode\/alasiga-oksakaarid-fiskars-x-series-powergear-p941\/","og_site_name":"Espak E-pood","article_modified_time":"2026-03-31T12:18:04+00:00","og_image":[{"width":2000,"height":2000,"url":"https:\/\/espak.ee\/epood\/wp-content\/uploads\/2022\/08\/F-111122_1057174_X-series_Anvil_L_with_PowerGear_P941.jpg","type":"image\/jpeg"}],"twitter_card":"summary_large_image","twitter_misc":{"Est. reading time":"2 minutit"},"schema":{"@context":"https:\/\/schema.org","@graph":[{"@type":"WebPage","@id":"https:\/\/espak.ee\/epood\/toode\/alasiga-oksakaarid-fiskars-x-series-powergear-p941\/","url":"https:\/\/espak.ee\/epood\/toode\/alasiga-oksakaarid-fiskars-x-series-powergear-p941\/","name":"ALASIGA OKSAK\u00c4\u00c4RID FISKARS X-SERIES POWERGEAR, P941 - Espak E-pood","isPartOf":{"@id":"https:\/\/espak.ee\/epood\/#website"},"primaryImageOfPage":{"@id":"https:\/\/espak.ee\/epood\/toode\/alasiga-oksakaarid-fiskars-x-series-powergear-p941\/#primaryimage"},"image":{"@id":"https:\/\/espak.ee\/epood\/toode\/alasiga-oksakaarid-fiskars-x-series-powergear-p941\/#primaryimage"},"thumbnailUrl":"https:\/\/espak.ee\/epood\/wp-content\/uploads\/2022\/08\/F-111122_1057174_X-series_Anvil_L_with_PowerGear_P941.jpg","datePublished":"2022-08-06T05:37:23+00:00","dateModified":"2026-03-31T12:18:04+00:00","breadcrumb":{"@id":"https:\/\/espak.ee\/epood\/toode\/alasiga-oksakaarid-fiskars-x-series-powergear-p941\/#breadcrumb"},"inLanguage":"et","potentialAction":[{"@type":"ReadAction","target":["https:\/\/espak.ee\/epood\/toode\/alasiga-oksakaarid-fiskars-x-series-powergear-p941\/"]}]},{"@type":"ImageObject","inLanguage":"et","@id":"https:\/\/espak.ee\/epood\/toode\/alasiga-oksakaarid-fiskars-x-series-powergear-p941\/#primaryimage","url":"https:\/\/espak.ee\/epood\/wp-content\/uploads\/2022\/08\/F-111122_1057174_X-series_Anvil_L_with_PowerGear_P941.jpg","contentUrl":"https:\/\/espak.ee\/epood\/wp-content\/uploads\/2022\/08\/F-111122_1057174_X-series_Anvil_L_with_PowerGear_P941.jpg","width":2000,"height":2000},{"@type":"BreadcrumbList","@id":"https:\/\/espak.ee\/epood\/toode\/alasiga-oksakaarid-fiskars-x-series-powergear-p941\/#breadcrumb","itemListElement":[{"@type":"ListItem","position":1,"name":"Home","item":"https:\/\/espak.ee\/epood\/"},{"@type":"ListItem","position":2,"name":"Tootevalik","item":"https:\/\/espak.ee\/epood\/tootevalik\/"},{"@type":"ListItem","position":3,"name":"ALASIGA OKSAK\u00c4\u00c4RID FISKARS X-SERIES POWERGEAR, P941"}]},{"@type":"WebSite","@id":"https:\/\/espak.ee\/epood\/#website","url":"https:\/\/espak.ee\/epood\/","name":"Espak E-pood","description":"","potentialAction":[{"@type":"SearchAction","target":{"@type":"EntryPoint","urlTemplate":"https:\/\/espak.ee\/epood\/?s={search_term_string}"},"query-input":{"@type":"PropertyValueSpecification","valueRequired":true,"valueName":"search_term_string"}}],"inLanguage":"et"}]}},"_links":{"self":[{"href":"https:\/\/espak.ee\/epood\/wp-json\/wp\/v2\/product\/128050","targetHints":{"allow":["GET"]}}],"collection":[{"href":"https:\/\/espak.ee\/epood\/wp-json\/wp\/v2\/product"}],"about":[{"href":"https:\/\/espak.ee\/epood\/wp-json\/wp\/v2\/types\/product"}],"replies":[{"embeddable":true,"href":"https:\/\/espak.ee\/epood\/wp-json\/wp\/v2\/comments?post=128050"}],"wp:featuredmedia":[{"embeddable":true,"href":"https:\/\/espak.ee\/epood\/wp-json\/wp\/v2\/media\/128574"}],"wp:attachment":[{"href":"https:\/\/espak.ee\/epood\/wp-json\/wp\/v2\/media?parent=128050"}],"wp:term":[{"taxonomy":"product_brand","embeddable":true,"href":"https:\/\/espak.ee\/epood\/wp-json\/wp\/v2\/product_brand?post=128050"},{"taxonomy":"product_cat","embeddable":true,"href":"https:\/\/espak.ee\/epood\/wp-json\/wp\/v2\/product_cat?post=128050"},{"taxonomy":"product_tag","embeddable":true,"href":"https:\/\/espak.ee\/epood\/wp-json\/wp\/v2\/product_tag?post=128050"}],"curies":[{"name":"wp","href":"https:\/\/api.w.org\/{rel}","templated":true}]}}