{"id":128007,"date":"2022-08-05T06:33:15","date_gmt":"2022-08-05T06:33:15","guid":{"rendered":"https:\/\/espak.ee\/epood\/?post_type=product&#038;p=128007"},"modified":"2026-04-03T12:33:51","modified_gmt":"2026-04-03T09:33:51","slug":"mitmeotstarbeline-pustolivaht-penosil-172-750ml","status":"publish","type":"product","link":"https:\/\/espak.ee\/epood\/toode\/mitmeotstarbeline-pustolivaht-penosil-172-750ml\/","title":{"rendered":"MITMEOTSTARBELINE P\u00dcSTOLIVAHT PENOSIL ALL PURPOSE GUNFOAM 172 750ML"},"content":{"rendered":"<div class=\"row\"  id=\"row-1214923697\">\n\n\t<div id=\"col-1850850805\" class=\"col medium-9 small-12 large-9\"  >\n\t\t\t\t<div class=\"col-inner\"  >\n\t\t\t\n\t\t\t\n<h3>Mitmeotstarbeline p\u00fcstolivaht Penosil All Purpose Gunfoam 172 750ml <\/h3>\n<p>PENOSIL All Purpose Gunfoam 172 on p\u00fcstolivaht professionaalseks kasutamiseks enamikeks ehituslikeks tihendus- ja t\u00e4itmist\u00f6\u00f6deks. Suure v\u00e4ljatulekuga mitmeotstarbeline \u00fchekomponentne ehitusvaht sobib \u00fcldisteks tihendus-, isolatsiooni- ja t\u00e4itmist\u00f6\u00f6deks. Toimib h\u00e4sti ka k\u00f5rgemal temperatuuril (kuni +40 \u00b0C). Tagab survetundlike vuukide \u00f5hu- ja helikindla tihendamise. Iga ostetud All Purpose Gunfoam 172&#8217;ga toetate Eesti Maadlusliitu ning annate hoogu laste ja noorte maadluskarj\u00e4\u00e4rile.  <\/p>\n<div class=\"message-box relative\" style=\"padding-top:15px;padding-bottom:15px;\"><div class=\"message-box-bg-image bg-fill fill\" ><\/div><div class=\"message-box-bg-overlay bg-fill fill\" ><\/div><div class=\"container relative\"><div class=\"inner last-reset\">\n<div class=\"row align-middle align-center\"  id=\"row-2000719231\">\n\n\t<div id=\"col-1822565954\" class=\"col small-12 large-12\"  >\n\t\t\t\t<div class=\"col-inner text-left\"  >\n\t\t\t\n\t\t\t\n<h4>Omadused<\/h4>\n<div class=\"row\"  id=\"row-914362031\">\n\n\t<div id=\"col-404569762\" class=\"col medium-6 small-12 large-6\"  >\n\t\t\t\t<div class=\"col-inner\"  >\n\t\t\t\n\t\t\t\n<p><i class=\"fa fa-check fa-2x\"><\/i> <strong> V\u00e4ike tardumissurve<\/strong><\/p>\n<p><i class=\"fa fa-check fa-2x\"><\/i> <strong> Suurep\u00e4rased isoleerivad omadused<\/strong><\/p>\n<p><i class=\"fa fa-check fa-2x\"><\/i> <strong> Toimib h\u00e4sti ka k\u00f5rgel temperatuuril (kuni +40 \u00b0C)<\/strong><\/p>\n\t\t<\/div>\n\t\t\t\t\n<style>\n#col-404569762 > .col-inner {\n  margin: 0px 0px 15px 0px;\n}\n<\/style>\n\t<\/div>\n\n\t\n\n\t<div id=\"col-935900167\" class=\"col medium-6 small-12 large-6\"  >\n\t\t\t\t<div class=\"col-inner\"  >\n\t\t\t\n\t\t\t\n<p><i class=\"fa fa-check fa-2x\"><\/i> <strong> Suur v\u00e4ljatulek<\/strong><\/p>\n<p><i class=\"fa fa-check fa-2x\"><\/i> <strong> M\u00f5\u00f5dukas j\u00e4relpaisumine<\/strong><\/p>\n<p><i class=\"fa fa-check fa-2x\"><\/i> <strong> Suurep\u00e4rased soojus- ja heliisolatsiooniomadused<\/strong><\/p>\n\t\t<\/div>\n\t\t\t\t\n<style>\n#col-935900167 > .col-inner {\n  margin: 0px 0px 15px 0px;\n}\n<\/style>\n\t<\/div>\n\n\t\n<\/div>\n\t\t<\/div>\n\t\t\t\t\t<\/div>\n\n\t\n<\/div>\n<\/div><\/div><\/div>\n\t<div id=\"gap-1670622079\" class=\"gap-element clearfix\" style=\"display:block; height:auto;\">\n\t\t\n<style>\n#gap-1670622079 {\n  padding-top: 30px;\n}\n<\/style>\n\t<\/div>\n\t\n<h3>Kasutamise \u00fcksikasjad<\/h3>\n<p><strong>Kasutusalad:<\/strong><br \/>\nAkna- ja uksevuukide tihendamine ja t\u00e4itmine<br \/>\nAvauste, vuukide, t\u00fchimike ja l\u00e4biviikude (nt kaablite ja torude l\u00e4biviigud) t\u00e4itmine ja isoleerimine.<br \/>\n\u00dchendusvuukide tihendamine.<br \/>\nSoojus- ja heliisolatsiooni parandamine.<br \/>\nK\u00fclmasildade m\u00f5ju v\u00e4hendamine.<br \/>\nNakkuvus: Puit, betoon, kivi, tellised, k\u00f5ik metallid, kipsplaat, EPS, katusekivid, PVC.<\/p>\n<p><strong>Kasutusjuhend:<\/strong><br \/>\nPinnad peavad olema tolmust, lahtistest osakestest ja \u00f5liplekkidest puhtad. Niisutage kuivad pinnad veeuduga, et tagada kiirem tardumine ja parem l\u00f5pptulemus.<\/p>\n<p>Loksutage tugevalt v\u00e4hemalt 20 korda. Hoidke vahuballooni p\u00fcstises asendis, ventiil \u00fcleval. Keerake balloon p\u00fcstoli k\u00fclge. Vahu v\u00e4ljapressimisel hoidke ballooni tagurpidi. Vahu v\u00e4ljatulekut saab reguleerida p\u00fcstoli p\u00e4\u00e4stiku ja reguleerkruvi abil.<\/p>\n<p>T\u00e4itke vuuk umbes 65% ulatuses vahuga. Suuremate vuukide korral kandke vaht peale mitmes kihis ja parima tulemuse saavutamiseks niisutage kergelt iga kihi vahel. Liigse vahu saab \u00e4ra l\u00f5igata alles p\u00e4rast l\u00f5plikku tardumist.<\/p>\n<p>\u00c4rge suunake vahup\u00fcstolit inimeste poole. \u00c4rge keerake ballooni p\u00fcstoli k\u00fclge, kui ventiil on tagurpidi. \u00c4rge keerake p\u00fcstolit ballooni k\u00fclge. \u00c4rge painutage ega p\u00f6\u00f6rake ballooni keeramise ajal.<\/p>\n<p><strong>N\u00e4pun\u00e4ited:<\/strong><br \/>\n\u00d5hutemperatuur kasutamisel: +5 \u00b0C kuni +40 \u00b0C.<br \/>\nKaitske k\u00fclgnevaid pindu paberi, kile v\u00f5i muu sobiva materjaliga.<br \/>\nKuna ehitusmaterjale on v\u00e4ga erinevaid, soovitame enne toote kasutamist katsetada alati selle sobivust.<br \/>\nMadalal temperatuuril t\u00f6\u00f6tades tuleb vahuballoon eelsoojendada toatemperatuurini (umbes 20 \u00b0C).<br \/>\nT\u00f6\u00f6riistade ja pindade puhastamiseks tardumata vahust kasutage puhastusvahendit Penosil Foam Cleaner.<br \/>\nK\u00e4te ja r\u00f5ivaste puhastamiseks tardumata vahust kasutage puhastuslappe Penosil Cleaning Wipes.<br \/>\nVahueemaldi Penosil Foam Remover pehmendab tardunud vahtu ja aitab selle h\u00f5lpsamalt eemaldada.<\/p>\n<p><strong>Kitsendused:<\/strong><br \/>\nEi nakku pol\u00fcet\u00fcleenist (PE), PTFE-st (Teflon\u00ae) ega silikoonist pindadele.<br \/>\n\u00c4rge kasutage temperatuuril alla +5 \u00b0C.<br \/>\nTardunud vahu kaitsmiseks UV-kiirguse eest tuleb see katta sobiva materjaliga.<br \/>\n\u00c4rge katke enne, kui vaht on t\u00e4ielikult tardunud.<\/p>\n\t\t<\/div>\n\t\t\t\t\t<\/div>\n\n\t\n\n\t<div id=\"col-1222894627\" class=\"col medium-3 small-12 large-3\"  >\n\t\t\t\t<div class=\"col-inner\"  >\n\t\t\t\n\t\t\t\n<h3>Tehniline informatsioon<\/h3>\n<p><a href=\"https:\/\/espak.ee\/epood\/wp-content\/uploads\/2022\/08\/172_PENOSIL_All_Purpose_Gunfoam_172_TDS_est.pdf\"target=\"_blank\" rel=\"noopener noreferrer\"><i class=\"far fa-file-pdf\"><\/i> Tehniline info (PDF)<\/a><\/p>\n<div class=\"is-divider divider clearfix\" ><\/div>\n<p><strong>\u00dcksikasjalikuma n\u00f5u saamiseks v\u00f5tke \u00fchendust:<br \/><\/strong>Wolf Group O\u00dc<br \/>Suur-Paala 6<br \/>13619<br \/>Tallinn<br \/>+372 605 9301<\/p>\n\t\t<\/div>\n\t\t\t\t\t<\/div>\n\n\t\n<\/div>\n","protected":false},"excerpt":{"rendered":"","protected":false},"featured_media":141501,"comment_status":"closed","ping_status":"closed","template":"","meta":[],"product_brand":[],"product_cat":[2703,2708,2710,2683],"product_tag":[],"class_list":{"0":"post-128007","1":"product","2":"type-product","3":"status-publish","4":"has-post-thumbnail","6":"product_cat-ehituskeemia","7":"product_cat-hermeetikud","8":"product_cat-montaazivahud","9":"product_cat-viimistluskaubad","10":"pa_kaubamark-krimelte-ou","12":"first","13":"instock","14":"sale","15":"taxable","16":"shipping-taxable","17":"purchasable","18":"product-type-simple"},"yoast_head":"<!-- This site is optimized with the Yoast SEO plugin v26.9 - https:\/\/yoast.com\/product\/yoast-seo-wordpress\/ -->\n<title>MITMEOTSTARBELINE P\u00dcSTOLIVAHT PENOSIL ALL PURPOSE GUNFOAM 172 750ML - Espak E-pood<\/title>\n<meta name=\"robots\" content=\"index, follow, max-snippet:-1, max-image-preview:large, max-video-preview:-1\" \/>\n<link rel=\"canonical\" href=\"https:\/\/espak.ee\/epood\/toode\/mitmeotstarbeline-pustolivaht-penosil-172-750ml\/\" \/>\n<meta property=\"og:locale\" content=\"et_EE\" \/>\n<meta property=\"og:type\" content=\"article\" \/>\n<meta property=\"og:title\" content=\"MITMEOTSTARBELINE P\u00dcSTOLIVAHT PENOSIL ALL PURPOSE GUNFOAM 172 750ML - Espak E-pood\" \/>\n<meta property=\"og:url\" content=\"https:\/\/espak.ee\/epood\/toode\/mitmeotstarbeline-pustolivaht-penosil-172-750ml\/\" \/>\n<meta property=\"og:site_name\" content=\"Espak E-pood\" \/>\n<meta property=\"article:modified_time\" content=\"2026-04-03T09:33:51+00:00\" \/>\n<meta property=\"og:image\" content=\"https:\/\/espak.ee\/epood\/wp-content\/uploads\/2022\/08\/172_All_Purpose_Gunfoam_172_Maaldus_EE_FI.png.jpg\" \/>\n\t<meta property=\"og:image:width\" content=\"800\" \/>\n\t<meta property=\"og:image:height\" content=\"800\" \/>\n\t<meta property=\"og:image:type\" content=\"image\/jpeg\" \/>\n<meta name=\"twitter:card\" content=\"summary_large_image\" \/>\n<meta name=\"twitter:label1\" content=\"Est. reading time\" \/>\n\t<meta name=\"twitter:data1\" content=\"2 minutit\" \/>\n<script type=\"application\/ld+json\" class=\"yoast-schema-graph\">{\"@context\":\"https:\/\/schema.org\",\"@graph\":[{\"@type\":\"WebPage\",\"@id\":\"https:\/\/espak.ee\/epood\/toode\/mitmeotstarbeline-pustolivaht-penosil-172-750ml\/\",\"url\":\"https:\/\/espak.ee\/epood\/toode\/mitmeotstarbeline-pustolivaht-penosil-172-750ml\/\",\"name\":\"MITMEOTSTARBELINE P\u00dcSTOLIVAHT PENOSIL ALL PURPOSE GUNFOAM 172 750ML - Espak E-pood\",\"isPartOf\":{\"@id\":\"https:\/\/espak.ee\/epood\/#website\"},\"primaryImageOfPage\":{\"@id\":\"https:\/\/espak.ee\/epood\/toode\/mitmeotstarbeline-pustolivaht-penosil-172-750ml\/#primaryimage\"},\"image\":{\"@id\":\"https:\/\/espak.ee\/epood\/toode\/mitmeotstarbeline-pustolivaht-penosil-172-750ml\/#primaryimage\"},\"thumbnailUrl\":\"https:\/\/espak.ee\/epood\/wp-content\/uploads\/2022\/08\/172_All_Purpose_Gunfoam_172_Maaldus_EE_FI.png.jpg\",\"datePublished\":\"2022-08-05T06:33:15+00:00\",\"dateModified\":\"2026-04-03T09:33:51+00:00\",\"breadcrumb\":{\"@id\":\"https:\/\/espak.ee\/epood\/toode\/mitmeotstarbeline-pustolivaht-penosil-172-750ml\/#breadcrumb\"},\"inLanguage\":\"et\",\"potentialAction\":[{\"@type\":\"ReadAction\",\"target\":[\"https:\/\/espak.ee\/epood\/toode\/mitmeotstarbeline-pustolivaht-penosil-172-750ml\/\"]}]},{\"@type\":\"ImageObject\",\"inLanguage\":\"et\",\"@id\":\"https:\/\/espak.ee\/epood\/toode\/mitmeotstarbeline-pustolivaht-penosil-172-750ml\/#primaryimage\",\"url\":\"https:\/\/espak.ee\/epood\/wp-content\/uploads\/2022\/08\/172_All_Purpose_Gunfoam_172_Maaldus_EE_FI.png.jpg\",\"contentUrl\":\"https:\/\/espak.ee\/epood\/wp-content\/uploads\/2022\/08\/172_All_Purpose_Gunfoam_172_Maaldus_EE_FI.png.jpg\",\"width\":800,\"height\":800},{\"@type\":\"BreadcrumbList\",\"@id\":\"https:\/\/espak.ee\/epood\/toode\/mitmeotstarbeline-pustolivaht-penosil-172-750ml\/#breadcrumb\",\"itemListElement\":[{\"@type\":\"ListItem\",\"position\":1,\"name\":\"Home\",\"item\":\"https:\/\/espak.ee\/epood\/\"},{\"@type\":\"ListItem\",\"position\":2,\"name\":\"Tootevalik\",\"item\":\"https:\/\/espak.ee\/epood\/tootevalik\/\"},{\"@type\":\"ListItem\",\"position\":3,\"name\":\"MITMEOTSTARBELINE P\u00dcSTOLIVAHT PENOSIL ALL PURPOSE GUNFOAM 172 750ML\"}]},{\"@type\":\"WebSite\",\"@id\":\"https:\/\/espak.ee\/epood\/#website\",\"url\":\"https:\/\/espak.ee\/epood\/\",\"name\":\"Espak E-pood\",\"description\":\"\",\"potentialAction\":[{\"@type\":\"SearchAction\",\"target\":{\"@type\":\"EntryPoint\",\"urlTemplate\":\"https:\/\/espak.ee\/epood\/?s={search_term_string}\"},\"query-input\":{\"@type\":\"PropertyValueSpecification\",\"valueRequired\":true,\"valueName\":\"search_term_string\"}}],\"inLanguage\":\"et\"}]}<\/script>\n<!-- \/ Yoast SEO plugin. -->","yoast_head_json":{"title":"MITMEOTSTARBELINE P\u00dcSTOLIVAHT PENOSIL ALL PURPOSE GUNFOAM 172 750ML - Espak E-pood","robots":{"index":"index","follow":"follow","max-snippet":"max-snippet:-1","max-image-preview":"max-image-preview:large","max-video-preview":"max-video-preview:-1"},"canonical":"https:\/\/espak.ee\/epood\/toode\/mitmeotstarbeline-pustolivaht-penosil-172-750ml\/","og_locale":"et_EE","og_type":"article","og_title":"MITMEOTSTARBELINE P\u00dcSTOLIVAHT PENOSIL ALL PURPOSE GUNFOAM 172 750ML - Espak E-pood","og_url":"https:\/\/espak.ee\/epood\/toode\/mitmeotstarbeline-pustolivaht-penosil-172-750ml\/","og_site_name":"Espak E-pood","article_modified_time":"2026-04-03T09:33:51+00:00","og_image":[{"width":800,"height":800,"url":"https:\/\/espak.ee\/epood\/wp-content\/uploads\/2022\/08\/172_All_Purpose_Gunfoam_172_Maaldus_EE_FI.png.jpg","type":"image\/jpeg"}],"twitter_card":"summary_large_image","twitter_misc":{"Est. reading time":"2 minutit"},"schema":{"@context":"https:\/\/schema.org","@graph":[{"@type":"WebPage","@id":"https:\/\/espak.ee\/epood\/toode\/mitmeotstarbeline-pustolivaht-penosil-172-750ml\/","url":"https:\/\/espak.ee\/epood\/toode\/mitmeotstarbeline-pustolivaht-penosil-172-750ml\/","name":"MITMEOTSTARBELINE P\u00dcSTOLIVAHT PENOSIL ALL PURPOSE GUNFOAM 172 750ML - Espak E-pood","isPartOf":{"@id":"https:\/\/espak.ee\/epood\/#website"},"primaryImageOfPage":{"@id":"https:\/\/espak.ee\/epood\/toode\/mitmeotstarbeline-pustolivaht-penosil-172-750ml\/#primaryimage"},"image":{"@id":"https:\/\/espak.ee\/epood\/toode\/mitmeotstarbeline-pustolivaht-penosil-172-750ml\/#primaryimage"},"thumbnailUrl":"https:\/\/espak.ee\/epood\/wp-content\/uploads\/2022\/08\/172_All_Purpose_Gunfoam_172_Maaldus_EE_FI.png.jpg","datePublished":"2022-08-05T06:33:15+00:00","dateModified":"2026-04-03T09:33:51+00:00","breadcrumb":{"@id":"https:\/\/espak.ee\/epood\/toode\/mitmeotstarbeline-pustolivaht-penosil-172-750ml\/#breadcrumb"},"inLanguage":"et","potentialAction":[{"@type":"ReadAction","target":["https:\/\/espak.ee\/epood\/toode\/mitmeotstarbeline-pustolivaht-penosil-172-750ml\/"]}]},{"@type":"ImageObject","inLanguage":"et","@id":"https:\/\/espak.ee\/epood\/toode\/mitmeotstarbeline-pustolivaht-penosil-172-750ml\/#primaryimage","url":"https:\/\/espak.ee\/epood\/wp-content\/uploads\/2022\/08\/172_All_Purpose_Gunfoam_172_Maaldus_EE_FI.png.jpg","contentUrl":"https:\/\/espak.ee\/epood\/wp-content\/uploads\/2022\/08\/172_All_Purpose_Gunfoam_172_Maaldus_EE_FI.png.jpg","width":800,"height":800},{"@type":"BreadcrumbList","@id":"https:\/\/espak.ee\/epood\/toode\/mitmeotstarbeline-pustolivaht-penosil-172-750ml\/#breadcrumb","itemListElement":[{"@type":"ListItem","position":1,"name":"Home","item":"https:\/\/espak.ee\/epood\/"},{"@type":"ListItem","position":2,"name":"Tootevalik","item":"https:\/\/espak.ee\/epood\/tootevalik\/"},{"@type":"ListItem","position":3,"name":"MITMEOTSTARBELINE P\u00dcSTOLIVAHT PENOSIL ALL PURPOSE GUNFOAM 172 750ML"}]},{"@type":"WebSite","@id":"https:\/\/espak.ee\/epood\/#website","url":"https:\/\/espak.ee\/epood\/","name":"Espak E-pood","description":"","potentialAction":[{"@type":"SearchAction","target":{"@type":"EntryPoint","urlTemplate":"https:\/\/espak.ee\/epood\/?s={search_term_string}"},"query-input":{"@type":"PropertyValueSpecification","valueRequired":true,"valueName":"search_term_string"}}],"inLanguage":"et"}]}},"_links":{"self":[{"href":"https:\/\/espak.ee\/epood\/wp-json\/wp\/v2\/product\/128007","targetHints":{"allow":["GET"]}}],"collection":[{"href":"https:\/\/espak.ee\/epood\/wp-json\/wp\/v2\/product"}],"about":[{"href":"https:\/\/espak.ee\/epood\/wp-json\/wp\/v2\/types\/product"}],"replies":[{"embeddable":true,"href":"https:\/\/espak.ee\/epood\/wp-json\/wp\/v2\/comments?post=128007"}],"wp:featuredmedia":[{"embeddable":true,"href":"https:\/\/espak.ee\/epood\/wp-json\/wp\/v2\/media\/141501"}],"wp:attachment":[{"href":"https:\/\/espak.ee\/epood\/wp-json\/wp\/v2\/media?parent=128007"}],"wp:term":[{"taxonomy":"product_brand","embeddable":true,"href":"https:\/\/espak.ee\/epood\/wp-json\/wp\/v2\/product_brand?post=128007"},{"taxonomy":"product_cat","embeddable":true,"href":"https:\/\/espak.ee\/epood\/wp-json\/wp\/v2\/product_cat?post=128007"},{"taxonomy":"product_tag","embeddable":true,"href":"https:\/\/espak.ee\/epood\/wp-json\/wp\/v2\/product_tag?post=128007"}],"curies":[{"name":"wp","href":"https:\/\/api.w.org\/{rel}","templated":true}]}}