{"id":127381,"date":"2022-07-27T06:30:41","date_gmt":"2022-07-27T06:30:41","guid":{"rendered":"https:\/\/espak.ee\/epood\/?post_type=product&#038;p=127381"},"modified":"2024-03-23T02:43:19","modified_gmt":"2024-03-23T00:43:19","slug":"plaadiliist-roostevaba-teras-harjatud-102882500mm","status":"publish","type":"product","link":"https:\/\/espak.ee\/epood\/toode\/plaadiliist-roostevaba-teras-harjatud-102882500mm\/","title":{"rendered":"PLAADILIIST ROOSTEVABA TERAS HARJATUD 10*28,8*2500MM"},"content":{"rendered":"<div class=\"row\"  id=\"row-1881039982\">\n\n\t<div id=\"col-272808365\" class=\"col medium-9 small-12 large-9\"  >\n\t\t\t\t<div class=\"col-inner\"  >\n\t\t\t\n\t\t\t\n<h3>Plaadiliist harjatud roostevaba teras 28,8x10x2500mm <\/h3>\n<p>Roostevabast terasest plaadiliist.<br \/>\nPinnat\u00f6\u00f6tlus: Harjatud.<br \/>\n<strong>Profiili m\u00f5\u00f5dud:<\/strong> <br \/> Pikkus: 2500 mm<br \/>Laius: 28,8 mm<br \/>K\u00f5rgus: 10 mm<\/p>\n<div class=\"row align-middle align-center\"  id=\"row-966444211\">\n\n\t<div id=\"col-747439331\" class=\"col small-12 large-12\"  >\n\t\t\t\t<div class=\"col-inner text-left\"  >\n\t\t\t\n\t\t\t\n<div class=\"row\"  id=\"row-1528281918\">\n\n\t<div id=\"col-847021994\" class=\"col medium-6 small-12 large-6\"  >\n\t\t\t\t<div class=\"col-inner\"  >\n\t\t\t\n\t\t\t\n<p><img decoding=\"async\" src=\"https:\/\/espak.ee\/epood\/wp-content\/uploads\/2022\/07\/257a.png\" alt=\"\" width=\"660\" height=\"440\" class=\"alignnone size-full wp-image-136516\" srcset=\"https:\/\/espak.ee\/epood\/wp-content\/uploads\/2022\/07\/257a.png 660w, https:\/\/espak.ee\/epood\/wp-content\/uploads\/2022\/07\/257a-500x333.png 500w, https:\/\/espak.ee\/epood\/wp-content\/uploads\/2022\/07\/257a-300x200.png 300w, https:\/\/espak.ee\/epood\/wp-content\/uploads\/2022\/07\/257a-150x100.png 150w\" sizes=\"(max-width: 660px) 100vw, 660px\" \/><br \/>\n\t\t<\/div>\n\t\t\t\t\n<style>\n#col-847021994 > .col-inner {\n  margin: 0px 0px 15px 0px;\n}\n<\/style>\n\t<\/div>\n\n\t\n<\/div>\n\t\t<\/div>\n\t\t\t\t\t<\/div>\n\n\t\n<\/div>\n\t\t<\/div>\n\t\t\t\t\t<\/div>\n\n\t\n\n\t<div id=\"col-1902159806\" class=\"col medium-3 small-12 large-3\"  >\n\t\t\t\t<div class=\"col-inner\"  >\n\t\t\t\n\t\t\t\n<div class=\"is-divider divider clearfix\" ><\/div>\n<p><strong>\u00dcksikasjalikuma n\u00f5u saamiseks v\u00f5tke \u00fchendust:<br \/><\/strong>Espak AS<br \/>Viadukti 42<br \/>11313<br \/>Tallinn<br \/>+372 6 512333<\/p>\n\t\t<\/div>\n\t\t\t\t\t<\/div>\n\n\t\n<\/div>\n","protected":false},"excerpt":{"rendered":"","protected":false},"featured_media":136530,"comment_status":"closed","ping_status":"closed","template":"","meta":[],"product_brand":[],"product_cat":[2857,4556,4555,2683],"product_tag":[],"class_list":{"0":"post-127381","1":"product","2":"type-product","3":"status-publish","4":"has-post-thumbnail","6":"product_cat-liistud","7":"product_cat-metallist-dekoratiivliistud","8":"product_cat-metallliistud","9":"product_cat-viimistluskaubad","10":"pa_kaubamark-arcansas-s-r-l","12":"first","13":"instock","14":"sale","15":"taxable","16":"shipping-taxable","17":"purchasable","18":"product-type-simple"},"yoast_head":"<!-- This site is optimized with the Yoast SEO plugin v26.9 - https:\/\/yoast.com\/product\/yoast-seo-wordpress\/ -->\n<title>PLAADILIIST ROOSTEVABA TERAS HARJATUD 10*28,8*2500MM - Espak E-pood<\/title>\n<meta name=\"robots\" content=\"index, follow, max-snippet:-1, max-image-preview:large, max-video-preview:-1\" \/>\n<link rel=\"canonical\" href=\"https:\/\/espak.ee\/epood\/toode\/plaadiliist-roostevaba-teras-harjatud-102882500mm\/\" \/>\n<meta property=\"og:locale\" content=\"et_EE\" \/>\n<meta property=\"og:type\" content=\"article\" \/>\n<meta property=\"og:title\" content=\"PLAADILIIST ROOSTEVABA TERAS HARJATUD 10*28,8*2500MM - Espak E-pood\" \/>\n<meta property=\"og:url\" content=\"https:\/\/espak.ee\/epood\/toode\/plaadiliist-roostevaba-teras-harjatud-102882500mm\/\" \/>\n<meta property=\"og:site_name\" content=\"Espak E-pood\" \/>\n<meta property=\"article:modified_time\" content=\"2024-03-23T00:43:19+00:00\" \/>\n<meta property=\"og:image\" content=\"https:\/\/espak.ee\/epood\/wp-content\/uploads\/2022\/07\/257a5s-8013237046927.jpg\" \/>\n\t<meta property=\"og:image:width\" content=\"1000\" \/>\n\t<meta property=\"og:image:height\" content=\"1000\" \/>\n\t<meta property=\"og:image:type\" content=\"image\/jpeg\" \/>\n<meta name=\"twitter:card\" content=\"summary_large_image\" \/>\n<script type=\"application\/ld+json\" class=\"yoast-schema-graph\">{\"@context\":\"https:\/\/schema.org\",\"@graph\":[{\"@type\":\"WebPage\",\"@id\":\"https:\/\/espak.ee\/epood\/toode\/plaadiliist-roostevaba-teras-harjatud-102882500mm\/\",\"url\":\"https:\/\/espak.ee\/epood\/toode\/plaadiliist-roostevaba-teras-harjatud-102882500mm\/\",\"name\":\"PLAADILIIST ROOSTEVABA TERAS HARJATUD 10*28,8*2500MM - Espak E-pood\",\"isPartOf\":{\"@id\":\"https:\/\/espak.ee\/epood\/#website\"},\"primaryImageOfPage\":{\"@id\":\"https:\/\/espak.ee\/epood\/toode\/plaadiliist-roostevaba-teras-harjatud-102882500mm\/#primaryimage\"},\"image\":{\"@id\":\"https:\/\/espak.ee\/epood\/toode\/plaadiliist-roostevaba-teras-harjatud-102882500mm\/#primaryimage\"},\"thumbnailUrl\":\"https:\/\/espak.ee\/epood\/wp-content\/uploads\/2022\/07\/257a5s-8013237046927.jpg\",\"datePublished\":\"2022-07-27T06:30:41+00:00\",\"dateModified\":\"2024-03-23T00:43:19+00:00\",\"breadcrumb\":{\"@id\":\"https:\/\/espak.ee\/epood\/toode\/plaadiliist-roostevaba-teras-harjatud-102882500mm\/#breadcrumb\"},\"inLanguage\":\"et\",\"potentialAction\":[{\"@type\":\"ReadAction\",\"target\":[\"https:\/\/espak.ee\/epood\/toode\/plaadiliist-roostevaba-teras-harjatud-102882500mm\/\"]}]},{\"@type\":\"ImageObject\",\"inLanguage\":\"et\",\"@id\":\"https:\/\/espak.ee\/epood\/toode\/plaadiliist-roostevaba-teras-harjatud-102882500mm\/#primaryimage\",\"url\":\"https:\/\/espak.ee\/epood\/wp-content\/uploads\/2022\/07\/257a5s-8013237046927.jpg\",\"contentUrl\":\"https:\/\/espak.ee\/epood\/wp-content\/uploads\/2022\/07\/257a5s-8013237046927.jpg\",\"width\":1000,\"height\":1000},{\"@type\":\"BreadcrumbList\",\"@id\":\"https:\/\/espak.ee\/epood\/toode\/plaadiliist-roostevaba-teras-harjatud-102882500mm\/#breadcrumb\",\"itemListElement\":[{\"@type\":\"ListItem\",\"position\":1,\"name\":\"Home\",\"item\":\"https:\/\/espak.ee\/epood\/\"},{\"@type\":\"ListItem\",\"position\":2,\"name\":\"Tootevalik\",\"item\":\"https:\/\/espak.ee\/epood\/tootevalik\/\"},{\"@type\":\"ListItem\",\"position\":3,\"name\":\"PLAADILIIST ROOSTEVABA TERAS HARJATUD 10*28,8*2500MM\"}]},{\"@type\":\"WebSite\",\"@id\":\"https:\/\/espak.ee\/epood\/#website\",\"url\":\"https:\/\/espak.ee\/epood\/\",\"name\":\"Espak E-pood\",\"description\":\"\",\"potentialAction\":[{\"@type\":\"SearchAction\",\"target\":{\"@type\":\"EntryPoint\",\"urlTemplate\":\"https:\/\/espak.ee\/epood\/?s={search_term_string}\"},\"query-input\":{\"@type\":\"PropertyValueSpecification\",\"valueRequired\":true,\"valueName\":\"search_term_string\"}}],\"inLanguage\":\"et\"}]}<\/script>\n<!-- \/ Yoast SEO plugin. -->","yoast_head_json":{"title":"PLAADILIIST ROOSTEVABA TERAS HARJATUD 10*28,8*2500MM - Espak E-pood","robots":{"index":"index","follow":"follow","max-snippet":"max-snippet:-1","max-image-preview":"max-image-preview:large","max-video-preview":"max-video-preview:-1"},"canonical":"https:\/\/espak.ee\/epood\/toode\/plaadiliist-roostevaba-teras-harjatud-102882500mm\/","og_locale":"et_EE","og_type":"article","og_title":"PLAADILIIST ROOSTEVABA TERAS HARJATUD 10*28,8*2500MM - Espak E-pood","og_url":"https:\/\/espak.ee\/epood\/toode\/plaadiliist-roostevaba-teras-harjatud-102882500mm\/","og_site_name":"Espak E-pood","article_modified_time":"2024-03-23T00:43:19+00:00","og_image":[{"width":1000,"height":1000,"url":"https:\/\/espak.ee\/epood\/wp-content\/uploads\/2022\/07\/257a5s-8013237046927.jpg","type":"image\/jpeg"}],"twitter_card":"summary_large_image","schema":{"@context":"https:\/\/schema.org","@graph":[{"@type":"WebPage","@id":"https:\/\/espak.ee\/epood\/toode\/plaadiliist-roostevaba-teras-harjatud-102882500mm\/","url":"https:\/\/espak.ee\/epood\/toode\/plaadiliist-roostevaba-teras-harjatud-102882500mm\/","name":"PLAADILIIST ROOSTEVABA TERAS HARJATUD 10*28,8*2500MM - Espak E-pood","isPartOf":{"@id":"https:\/\/espak.ee\/epood\/#website"},"primaryImageOfPage":{"@id":"https:\/\/espak.ee\/epood\/toode\/plaadiliist-roostevaba-teras-harjatud-102882500mm\/#primaryimage"},"image":{"@id":"https:\/\/espak.ee\/epood\/toode\/plaadiliist-roostevaba-teras-harjatud-102882500mm\/#primaryimage"},"thumbnailUrl":"https:\/\/espak.ee\/epood\/wp-content\/uploads\/2022\/07\/257a5s-8013237046927.jpg","datePublished":"2022-07-27T06:30:41+00:00","dateModified":"2024-03-23T00:43:19+00:00","breadcrumb":{"@id":"https:\/\/espak.ee\/epood\/toode\/plaadiliist-roostevaba-teras-harjatud-102882500mm\/#breadcrumb"},"inLanguage":"et","potentialAction":[{"@type":"ReadAction","target":["https:\/\/espak.ee\/epood\/toode\/plaadiliist-roostevaba-teras-harjatud-102882500mm\/"]}]},{"@type":"ImageObject","inLanguage":"et","@id":"https:\/\/espak.ee\/epood\/toode\/plaadiliist-roostevaba-teras-harjatud-102882500mm\/#primaryimage","url":"https:\/\/espak.ee\/epood\/wp-content\/uploads\/2022\/07\/257a5s-8013237046927.jpg","contentUrl":"https:\/\/espak.ee\/epood\/wp-content\/uploads\/2022\/07\/257a5s-8013237046927.jpg","width":1000,"height":1000},{"@type":"BreadcrumbList","@id":"https:\/\/espak.ee\/epood\/toode\/plaadiliist-roostevaba-teras-harjatud-102882500mm\/#breadcrumb","itemListElement":[{"@type":"ListItem","position":1,"name":"Home","item":"https:\/\/espak.ee\/epood\/"},{"@type":"ListItem","position":2,"name":"Tootevalik","item":"https:\/\/espak.ee\/epood\/tootevalik\/"},{"@type":"ListItem","position":3,"name":"PLAADILIIST ROOSTEVABA TERAS HARJATUD 10*28,8*2500MM"}]},{"@type":"WebSite","@id":"https:\/\/espak.ee\/epood\/#website","url":"https:\/\/espak.ee\/epood\/","name":"Espak E-pood","description":"","potentialAction":[{"@type":"SearchAction","target":{"@type":"EntryPoint","urlTemplate":"https:\/\/espak.ee\/epood\/?s={search_term_string}"},"query-input":{"@type":"PropertyValueSpecification","valueRequired":true,"valueName":"search_term_string"}}],"inLanguage":"et"}]}},"_links":{"self":[{"href":"https:\/\/espak.ee\/epood\/wp-json\/wp\/v2\/product\/127381","targetHints":{"allow":["GET"]}}],"collection":[{"href":"https:\/\/espak.ee\/epood\/wp-json\/wp\/v2\/product"}],"about":[{"href":"https:\/\/espak.ee\/epood\/wp-json\/wp\/v2\/types\/product"}],"replies":[{"embeddable":true,"href":"https:\/\/espak.ee\/epood\/wp-json\/wp\/v2\/comments?post=127381"}],"wp:featuredmedia":[{"embeddable":true,"href":"https:\/\/espak.ee\/epood\/wp-json\/wp\/v2\/media\/136530"}],"wp:attachment":[{"href":"https:\/\/espak.ee\/epood\/wp-json\/wp\/v2\/media?parent=127381"}],"wp:term":[{"taxonomy":"product_brand","embeddable":true,"href":"https:\/\/espak.ee\/epood\/wp-json\/wp\/v2\/product_brand?post=127381"},{"taxonomy":"product_cat","embeddable":true,"href":"https:\/\/espak.ee\/epood\/wp-json\/wp\/v2\/product_cat?post=127381"},{"taxonomy":"product_tag","embeddable":true,"href":"https:\/\/espak.ee\/epood\/wp-json\/wp\/v2\/product_tag?post=127381"}],"curies":[{"name":"wp","href":"https:\/\/api.w.org\/{rel}","templated":true}]}}