{"id":12726,"date":"2019-12-13T02:46:15","date_gmt":"2019-12-13T00:46:15","guid":{"rendered":"https:\/\/espak.ee\/hinnakiri\/?post_type=product&#038;p=12726"},"modified":"2026-03-21T09:13:03","modified_gmt":"2026-03-21T07:13:03","slug":"hallituse-eemaldaja-biotol-e-05l","status":"publish","type":"product","link":"https:\/\/espak.ee\/epood\/toode\/hallituse-eemaldaja-biotol-e-05l\/","title":{"rendered":"HALLITUSE EEMALDAJA BIOTOL E 0,5L"},"content":{"rendered":"<div class=\"row\"  id=\"row-349863698\">\n\n\t<div id=\"col-637180504\" class=\"col medium-9 small-12 large-9\"  >\n\t\t\t\t<div class=\"col-inner\"  >\n\t\t\t\n\t\t\t\n<h2>Biotol E<\/h2>\n<p>Kontsentreeritud vahend mikrofloora vastaseks prof\u00fclaktikaks ja h\u00e4vitamiseks.<\/p>\n<div class=\"message-box relative\" style=\"padding-top:15px;padding-bottom:15px;\"><div class=\"message-box-bg-image bg-fill fill\" ><\/div><div class=\"message-box-bg-overlay bg-fill fill\" ><\/div><div class=\"container relative\"><div class=\"inner last-reset\">\n<div class=\"row align-middle align-center\"  id=\"row-214913294\">\n\n\t<div id=\"col-1445399241\" class=\"col small-12 large-12\"  >\n\t\t\t\t<div class=\"col-inner text-left\"  >\n\t\t\t\n\t\t\t\n<h4>Omadused<\/h4>\n<div class=\"row\"  id=\"row-2045575090\">\n\n\t<div id=\"col-886551084\" class=\"col medium-6 small-12 large-6\"  >\n\t\t\t\t<div class=\"col-inner\"  >\n\t\t\t\n\t\t\t\n<p><i class=\"fa fa-check fa-2x\"><\/i> <strong>Sise- ja v\u00e4list\u00f6\u00f6deks<\/strong><\/p>\n<p><i class=\"fa fa-check fa-2x\"><\/i> <strong>Ei muuda t\u00f6\u00f6deldud pinna v\u00e4rvust.<\/strong><\/p>\n\t\t<\/div>\n\t\t\t\t\n<style>\n#col-886551084 > .col-inner {\n  margin: 0px 0px 15px 0px;\n}\n<\/style>\n\t<\/div>\n\n\t\n\n\t<div id=\"col-358059044\" class=\"col medium-6 small-12 large-6\"  >\n\t\t\t\t<div class=\"col-inner\"  >\n\t\t\t\n\t\t\t\n<p><i class=\"fa fa-check fa-2x\"><\/i> <strong>Sobib tootmis- ja \u00fcldkasutatavate ruumide desinfitseerimiseks.<\/strong><\/p>\n<p><i class=\"fa fa-check fa-2x\"><\/i> <strong>Ei takista pinna loomulikku hingamist<\/strong><\/p>\n\t\t<\/div>\n\t\t\t\t\n<style>\n#col-358059044 > .col-inner {\n  margin: 0px 0px 15px 0px;\n}\n<\/style>\n\t<\/div>\n\n\t\n<\/div>\n\t\t<\/div>\n\t\t\t\t\t<\/div>\n\n\t\n<\/div>\n<\/div><\/div><\/div>\n\t<div id=\"gap-829359265\" class=\"gap-element clearfix\" style=\"display:block; height:auto;\">\n\t\t\n<style>\n#gap-829359265 {\n  padding-top: 30px;\n}\n<\/style>\n\t<\/div>\n\t\n<h3>Kasutamise \u00fcksikasjad<\/h3>\n<p><strong>Kasutusalad:<\/strong> Kasutatakse halva ventilatsiooniga, k\u00f5rgendatud niiskusega v\u00f5i bioloogilse saaste ohuga siseruumides: vannitoad, k\u00f6\u00f6gid, pesumajad, ujulad, samuti v\u00e4lisseinad, soklid, karniisid, r\u00f5dud, eterniit-, kivi- ja muud katused, aknaraamid, k\u00f5nniteepiirded- ja plaadid, m\u00e4lestusm\u00e4rgid jt. mikroflooraga nakatunud pindade t\u00f6\u00f6tlemiseks nende hooldamisel ja restaureerimisel. Vahendit v\u00f5ib kasutada tootmis- ja \u00fcldkasutatavate ruumide desinfitseerimiseks. Sise- ja v\u00e4list\u00f6\u00f6deks.<\/p>\n<p><strong>T\u00f6\u00f6deldavad pinnad:<\/strong> Kivi-, betoon-, krohv- telliskivi- ja puitpinnad, samuti v\u00e4rvitud pinnad, keraamiliste plaatidega kaetud pinnad jm. pinnad.<\/p>\n<p><strong>Aluspinna ettevalmistus:<\/strong> Tihedalt mikroflooraga kaetud pinnad, kuhu on raskendatud desinfitseeriva vahendi imbumine, tuleb ettevaatlikult puhastada enne vahendi kasutamist kaabitsa v\u00f5i harjaga ning j\u00e4lgida, et nakatunud pindadelt ei leviks nakkus k\u00f5rval olevatele puhastele pindadele. Kui l\u00e4heduses kasvavad taimed siis on soovitatav need katta kilega.<\/p>\n<p><strong>Pinnale kandmine:<\/strong> Kontsentraat lahjendada veega 1:10. Lahust kanda pinnale k\u00fcllastumiseni. T\u00f6\u00f6vahenditena kasutada pehmet pintslit v\u00f5i k\u00e4sna, suurte pindade puhul pihustit. Lahust kanda pinnale mitu korda (\u201em\u00e4rjalt m\u00e4rjale\u201d meetodil) kiht kihi j\u00e4rel. Vertikaalpindadel on vahendit soovitav tilkumise v\u00e4ltimiseks kanda alt \u00fcles.<br \/>\nV\u00e4ltida vahendi sattumist l\u00e4heduses olevatele esemetele. Tugevalt mikroflooraga kaetud pindu t\u00f6\u00f6delda uuesti 10&#8230;15min. p\u00e4rast. Puhastatud pinnad loputada puhta veega ning lasta kuivada. Enne v\u00e4rvimist v\u00f5i krohvimist peab t\u00f6\u00f6deldud pind kuivama normaalsetel tingimustel mitte v\u00e4hem kui \u00fcks \u00f6\u00f6p\u00e4ev.<br \/>\nEnne lakkimist v\u00f5i v\u00e4rvimist peab t\u00f6\u00f6deldud puitpinnal laskma kuivada kuni n\u00f5utava puidu niiskustaseme saavutamiseni.<\/p>\n<p><strong>Ohutus:<\/strong> Hoiatus. V\u00e4ga m\u00fcrgine veeorganismidele. Mu\u0308rgine veeorganismidele, pikaajaline toime. P\u00f5hjustab tugevat silmade \u00e4rritust. P\u00f5hjustab naha\u00e4rritust. Sisaldab: 2,2\u2019-oks\u00fcbisetanool; kvaternaarsete bens\u00fc\u00fcl-C 12-16-alk\u00fc\u00fcldimet\u00fc\u00fclammooniumi\u00fchendite kloriidid; 2-okt\u00fc\u00fc-2H- isotiasool-3-oon. V\u00f5ib p\u00f5hjustada allergilist nahareaktsiooni. K\u00e4itlemisel t\u00e4ita ohutusn\u00f5udeid! Sisaldab biotsiidi (Kvaternaarsete bens\u00fc\u00fcl-C 12-16-alk\u00fc\u00fcldimetu\u00fc\u00fclammooniumi\u00fchendite kloriidid 27 g\/kg; 2-okt\u00fc\u00fcl-2H- isotiasool-3-oon 3 g\/kg). Enne kasutamist tutvuda kasutusjuhendiga. Registreerimistunnistus nr 0725\/10. Hoida lastele k\u00e4ttesaamatus kohas. Kanda kaitsekindaid\/kaitser\u00f5ivastust\/kaitseprille\/kaitsemaski. NAHALE SATTUMISE KORRAL: pesta rohke veega. Naha\u00e4rrituse v\u00f5i l\u00f6\u00f6be korral: p\u00f6\u00f6rduda arsti poole. SILMA SATTUMISE KORRAL: loputada mitme minuti jooksul ettevaatlikult veega. Eemaldada kontaktl\u00e4\u00e4tsed, kui neid kasutatakse ja kui neid on kerge eemaldada. Loputada veel kord. Kui silmade \u00e4rritus ei m\u00f6\u00f6du: p\u00f6\u00f6rduda arsti poole. Arsti poole p\u00f6\u00f6rdudes v\u00f5tta kaasa toote pakend v\u00f5i etikett.<\/p>\n\t\t<\/div>\n\t\t\t\t\t<\/div>\n\n\t\n\n\t<div id=\"col-1623873828\" class=\"col medium-3 small-12 large-3\"  >\n\t\t\t\t<div class=\"col-inner\"  >\n\t\t\t\n\t\t\t\n\t<div id=\"gap-1521649017\" class=\"gap-element clearfix\" style=\"display:block; height:auto;\">\n\t\t\n<style>\n#gap-1521649017 {\n  padding-top: 30px;\n}\n<\/style>\n\t<\/div>\n\t\n<h3>Tehniline informatsioon<\/h3>\n<p><a href=\"https:\/\/espak.ee\/epood\/wp-content\/uploads\/biotol-e-tooteleht.pdf\" target=\"_blank\" rel=\"noopener noreferrer\"><i class=\"far fa-file-pdf\"><\/i> Tehniline info (PDF)<\/a><\/p>\n<div class=\"is-divider divider clearfix\" ><\/div>\n<p><strong>\u00dcksikasjalikuma n\u00f5u saamiseks v\u00f5tke \u00fchendust:<br \/><\/strong>Eskaro AS<br \/>Fosforiidi 20<br \/>Maardu<br \/>+372 6217969<\/p>\n<div class=\"is-divider divider clearfix\" ><\/div>\n\t\t<\/div>\n\t\t\t\t\t<\/div>\n\n\t\n<\/div>\n","protected":false},"excerpt":{"rendered":"","protected":false},"featured_media":13063,"comment_status":"closed","ping_status":"open","template":"","meta":[],"product_brand":[],"product_cat":[2691,3441,2684,2683],"product_tag":[],"class_list":{"0":"post-12726","1":"product","2":"type-product","3":"status-publish","4":"has-post-thumbnail","6":"product_cat-lahustid","7":"product_cat-lahustid-ja-pesuained","8":"product_cat-varvid-lakid-lahustid-puidukaitsed-olid","9":"product_cat-viimistluskaubad","10":"product_shipping_class-dpd-cold","11":"pa_kaubamark-eskaro-as","13":"first","14":"instock","15":"sale","16":"taxable","17":"shipping-taxable","18":"purchasable","19":"product-type-simple"},"yoast_head":"<!-- This site is optimized with the Yoast SEO plugin v26.9 - https:\/\/yoast.com\/product\/yoast-seo-wordpress\/ -->\n<title>HALLITUSE EEMALDAJA BIOTOL E 0,5L - Espak E-pood<\/title>\n<meta name=\"robots\" content=\"index, follow, max-snippet:-1, max-image-preview:large, max-video-preview:-1\" \/>\n<link rel=\"canonical\" href=\"https:\/\/espak.ee\/epood\/toode\/hallituse-eemaldaja-biotol-e-05l\/\" \/>\n<meta property=\"og:locale\" content=\"et_EE\" \/>\n<meta property=\"og:type\" content=\"article\" \/>\n<meta property=\"og:title\" content=\"HALLITUSE EEMALDAJA BIOTOL E 0,5L - Espak E-pood\" \/>\n<meta property=\"og:url\" content=\"https:\/\/espak.ee\/epood\/toode\/hallituse-eemaldaja-biotol-e-05l\/\" \/>\n<meta property=\"og:site_name\" content=\"Espak E-pood\" \/>\n<meta property=\"article:modified_time\" content=\"2026-03-21T07:13:03+00:00\" \/>\n<meta property=\"og:image\" content=\"https:\/\/espak.ee\/epood\/wp-content\/uploads\/BiotolE_05L.jpg\" \/>\n\t<meta property=\"og:image:width\" content=\"2048\" \/>\n\t<meta property=\"og:image:height\" content=\"2048\" \/>\n\t<meta property=\"og:image:type\" content=\"image\/jpeg\" \/>\n<meta name=\"twitter:card\" content=\"summary_large_image\" \/>\n<meta name=\"twitter:label1\" content=\"Est. reading time\" \/>\n\t<meta name=\"twitter:data1\" content=\"3 minutit\" \/>\n<script type=\"application\/ld+json\" class=\"yoast-schema-graph\">{\"@context\":\"https:\/\/schema.org\",\"@graph\":[{\"@type\":\"WebPage\",\"@id\":\"https:\/\/espak.ee\/epood\/toode\/hallituse-eemaldaja-biotol-e-05l\/\",\"url\":\"https:\/\/espak.ee\/epood\/toode\/hallituse-eemaldaja-biotol-e-05l\/\",\"name\":\"HALLITUSE EEMALDAJA BIOTOL E 0,5L - Espak E-pood\",\"isPartOf\":{\"@id\":\"https:\/\/espak.ee\/epood\/#website\"},\"primaryImageOfPage\":{\"@id\":\"https:\/\/espak.ee\/epood\/toode\/hallituse-eemaldaja-biotol-e-05l\/#primaryimage\"},\"image\":{\"@id\":\"https:\/\/espak.ee\/epood\/toode\/hallituse-eemaldaja-biotol-e-05l\/#primaryimage\"},\"thumbnailUrl\":\"https:\/\/espak.ee\/epood\/wp-content\/uploads\/BiotolE_05L.jpg\",\"datePublished\":\"2019-12-13T00:46:15+00:00\",\"dateModified\":\"2026-03-21T07:13:03+00:00\",\"breadcrumb\":{\"@id\":\"https:\/\/espak.ee\/epood\/toode\/hallituse-eemaldaja-biotol-e-05l\/#breadcrumb\"},\"inLanguage\":\"et\",\"potentialAction\":[{\"@type\":\"ReadAction\",\"target\":[\"https:\/\/espak.ee\/epood\/toode\/hallituse-eemaldaja-biotol-e-05l\/\"]}]},{\"@type\":\"ImageObject\",\"inLanguage\":\"et\",\"@id\":\"https:\/\/espak.ee\/epood\/toode\/hallituse-eemaldaja-biotol-e-05l\/#primaryimage\",\"url\":\"https:\/\/espak.ee\/epood\/wp-content\/uploads\/BiotolE_05L.jpg\",\"contentUrl\":\"https:\/\/espak.ee\/epood\/wp-content\/uploads\/BiotolE_05L.jpg\",\"width\":2048,\"height\":2048},{\"@type\":\"BreadcrumbList\",\"@id\":\"https:\/\/espak.ee\/epood\/toode\/hallituse-eemaldaja-biotol-e-05l\/#breadcrumb\",\"itemListElement\":[{\"@type\":\"ListItem\",\"position\":1,\"name\":\"Home\",\"item\":\"https:\/\/espak.ee\/epood\/\"},{\"@type\":\"ListItem\",\"position\":2,\"name\":\"Tootevalik\",\"item\":\"https:\/\/espak.ee\/epood\/tootevalik\/\"},{\"@type\":\"ListItem\",\"position\":3,\"name\":\"HALLITUSE EEMALDAJA BIOTOL E 0,5L\"}]},{\"@type\":\"WebSite\",\"@id\":\"https:\/\/espak.ee\/epood\/#website\",\"url\":\"https:\/\/espak.ee\/epood\/\",\"name\":\"Espak E-pood\",\"description\":\"\",\"potentialAction\":[{\"@type\":\"SearchAction\",\"target\":{\"@type\":\"EntryPoint\",\"urlTemplate\":\"https:\/\/espak.ee\/epood\/?s={search_term_string}\"},\"query-input\":{\"@type\":\"PropertyValueSpecification\",\"valueRequired\":true,\"valueName\":\"search_term_string\"}}],\"inLanguage\":\"et\"}]}<\/script>\n<!-- \/ Yoast SEO plugin. -->","yoast_head_json":{"title":"HALLITUSE EEMALDAJA BIOTOL E 0,5L - Espak E-pood","robots":{"index":"index","follow":"follow","max-snippet":"max-snippet:-1","max-image-preview":"max-image-preview:large","max-video-preview":"max-video-preview:-1"},"canonical":"https:\/\/espak.ee\/epood\/toode\/hallituse-eemaldaja-biotol-e-05l\/","og_locale":"et_EE","og_type":"article","og_title":"HALLITUSE EEMALDAJA BIOTOL E 0,5L - Espak E-pood","og_url":"https:\/\/espak.ee\/epood\/toode\/hallituse-eemaldaja-biotol-e-05l\/","og_site_name":"Espak E-pood","article_modified_time":"2026-03-21T07:13:03+00:00","og_image":[{"width":2048,"height":2048,"url":"https:\/\/espak.ee\/epood\/wp-content\/uploads\/BiotolE_05L.jpg","type":"image\/jpeg"}],"twitter_card":"summary_large_image","twitter_misc":{"Est. reading time":"3 minutit"},"schema":{"@context":"https:\/\/schema.org","@graph":[{"@type":"WebPage","@id":"https:\/\/espak.ee\/epood\/toode\/hallituse-eemaldaja-biotol-e-05l\/","url":"https:\/\/espak.ee\/epood\/toode\/hallituse-eemaldaja-biotol-e-05l\/","name":"HALLITUSE EEMALDAJA BIOTOL E 0,5L - Espak E-pood","isPartOf":{"@id":"https:\/\/espak.ee\/epood\/#website"},"primaryImageOfPage":{"@id":"https:\/\/espak.ee\/epood\/toode\/hallituse-eemaldaja-biotol-e-05l\/#primaryimage"},"image":{"@id":"https:\/\/espak.ee\/epood\/toode\/hallituse-eemaldaja-biotol-e-05l\/#primaryimage"},"thumbnailUrl":"https:\/\/espak.ee\/epood\/wp-content\/uploads\/BiotolE_05L.jpg","datePublished":"2019-12-13T00:46:15+00:00","dateModified":"2026-03-21T07:13:03+00:00","breadcrumb":{"@id":"https:\/\/espak.ee\/epood\/toode\/hallituse-eemaldaja-biotol-e-05l\/#breadcrumb"},"inLanguage":"et","potentialAction":[{"@type":"ReadAction","target":["https:\/\/espak.ee\/epood\/toode\/hallituse-eemaldaja-biotol-e-05l\/"]}]},{"@type":"ImageObject","inLanguage":"et","@id":"https:\/\/espak.ee\/epood\/toode\/hallituse-eemaldaja-biotol-e-05l\/#primaryimage","url":"https:\/\/espak.ee\/epood\/wp-content\/uploads\/BiotolE_05L.jpg","contentUrl":"https:\/\/espak.ee\/epood\/wp-content\/uploads\/BiotolE_05L.jpg","width":2048,"height":2048},{"@type":"BreadcrumbList","@id":"https:\/\/espak.ee\/epood\/toode\/hallituse-eemaldaja-biotol-e-05l\/#breadcrumb","itemListElement":[{"@type":"ListItem","position":1,"name":"Home","item":"https:\/\/espak.ee\/epood\/"},{"@type":"ListItem","position":2,"name":"Tootevalik","item":"https:\/\/espak.ee\/epood\/tootevalik\/"},{"@type":"ListItem","position":3,"name":"HALLITUSE EEMALDAJA BIOTOL E 0,5L"}]},{"@type":"WebSite","@id":"https:\/\/espak.ee\/epood\/#website","url":"https:\/\/espak.ee\/epood\/","name":"Espak E-pood","description":"","potentialAction":[{"@type":"SearchAction","target":{"@type":"EntryPoint","urlTemplate":"https:\/\/espak.ee\/epood\/?s={search_term_string}"},"query-input":{"@type":"PropertyValueSpecification","valueRequired":true,"valueName":"search_term_string"}}],"inLanguage":"et"}]}},"_links":{"self":[{"href":"https:\/\/espak.ee\/epood\/wp-json\/wp\/v2\/product\/12726","targetHints":{"allow":["GET"]}}],"collection":[{"href":"https:\/\/espak.ee\/epood\/wp-json\/wp\/v2\/product"}],"about":[{"href":"https:\/\/espak.ee\/epood\/wp-json\/wp\/v2\/types\/product"}],"replies":[{"embeddable":true,"href":"https:\/\/espak.ee\/epood\/wp-json\/wp\/v2\/comments?post=12726"}],"wp:featuredmedia":[{"embeddable":true,"href":"https:\/\/espak.ee\/epood\/wp-json\/wp\/v2\/media\/13063"}],"wp:attachment":[{"href":"https:\/\/espak.ee\/epood\/wp-json\/wp\/v2\/media?parent=12726"}],"wp:term":[{"taxonomy":"product_brand","embeddable":true,"href":"https:\/\/espak.ee\/epood\/wp-json\/wp\/v2\/product_brand?post=12726"},{"taxonomy":"product_cat","embeddable":true,"href":"https:\/\/espak.ee\/epood\/wp-json\/wp\/v2\/product_cat?post=12726"},{"taxonomy":"product_tag","embeddable":true,"href":"https:\/\/espak.ee\/epood\/wp-json\/wp\/v2\/product_tag?post=12726"}],"curies":[{"name":"wp","href":"https:\/\/api.w.org\/{rel}","templated":true}]}}