{"id":127006,"date":"2022-07-22T07:37:15","date_gmt":"2022-07-22T07:37:15","guid":{"rendered":"https:\/\/espak.ee\/epood\/?post_type=product&#038;p=127006"},"modified":"2026-03-21T10:19:17","modified_gmt":"2026-03-21T08:19:17","slug":"universaalne-emailvarv-puidule-ja-metallile-eskaro-universe-woodmetal-a-9l","status":"publish","type":"product","link":"https:\/\/espak.ee\/epood\/toode\/universaalne-emailvarv-puidule-ja-metallile-eskaro-universe-woodmetal-a-9l\/","title":{"rendered":"UNIVERSAALNE EMAILV\u00c4RV PUIDULE JA METALLILE ESKARO UNIVERSE WOOD&#038;METAL A 9L"},"content":{"rendered":"<div class=\"row\"  id=\"row-13758887\">\n\n\t<div id=\"col-951274803\" class=\"col medium-9 small-12 large-9\"  >\n\t\t\t\t<div class=\"col-inner\"  >\n\t\t\t\n\t\t\t\n<h2>UNIVERSE Wood&#038;Metal 9L <\/h2>\n<p>Siidmatt vesialuseline akr\u00fc\u00fclvesidispersioonv\u00e4rv puit- ja metallpindadele sise- ja v\u00e4listingimustesse.<\/p>\n<div class=\"message-box relative\" style=\"padding-top:15px;padding-bottom:15px;\"><div class=\"message-box-bg-image bg-fill fill\" ><\/div><div class=\"message-box-bg-overlay bg-fill fill\" ><\/div><div class=\"container relative\"><div class=\"inner last-reset\">\n<div class=\"row align-middle align-center\"  id=\"row-1380353490\">\n\n\t<div id=\"col-13497964\" class=\"col small-12 large-12\"  >\n\t\t\t\t<div class=\"col-inner text-left\"  >\n\t\t\t\n\t\t\t\n<h4>Omadused<\/h4>\n<div class=\"row\"  id=\"row-1153367024\">\n\n\t<div id=\"col-272727914\" class=\"col medium-6 small-12 large-6\"  >\n\t\t\t\t<div class=\"col-inner\"  >\n\t\t\t\n\t\t\t\n<p><i class=\"fa fa-check fa-2x\"><\/i> <strong>Moodustab siidmati sileda pinna<\/strong><\/p>\n<p><i class=\"fa fa-check fa-2x\"><\/i> <strong>T\u00e4nu spetsiaalsele mitmefaasilisele akr\u00fc\u00fclsideainele on v\u00e4rvil suurep\u00e4rane nakkuvus ja l\u00fchike kuivamisaeg<\/strong><\/p>\n\t\t<\/div>\n\t\t\t\t\n<style>\n#col-272727914 > .col-inner {\n  margin: 0px 0px 15px 0px;\n}\n<\/style>\n\t<\/div>\n\n\t\n\n\t<div id=\"col-465833083\" class=\"col medium-6 small-12 large-6\"  >\n\t\t\t\t<div class=\"col-inner\"  >\n\t\t\t\n\t\t\t\n<p><i class=\"fa fa-check fa-2x\"><\/i> <strong>V\u00e4rvitud pind talub p\u00e4rast kuivamist korduvat m\u00e4rgpuhastust<\/strong><\/p>\n<p><i class=\"fa fa-check fa-2x\"><\/i> <strong>Ei kolletu ajapikku<\/strong><\/p>\n\t\t<\/div>\n\t\t\t\t\n<style>\n#col-465833083 > .col-inner {\n  margin: 0px 0px 15px 0px;\n}\n<\/style>\n\t<\/div>\n\n\t\n<\/div>\n\t\t<\/div>\n\t\t\t\t\t<\/div>\n\n\t\n<\/div>\n<\/div><\/div><\/div>\n\t<div id=\"gap-876298972\" class=\"gap-element clearfix\" style=\"display:block; height:auto;\">\n\t\t\n<style>\n#gap-876298972 {\n  padding-top: 30px;\n}\n<\/style>\n\t<\/div>\n\t\n<h3>Kasutamise \u00fcksikasjad<\/h3>\n<p><strong>Kasutusalad:<\/strong> Sobib uutele ja varem v\u00e4rvitud (alk\u00fc\u00fcd- ja \u00f5liv\u00e4rvidega) v\u00f5i lakitud puidule, puitkiudplaadile, puitlaastplaadile, krunditud metallpindadele. Ei soovitata eelnevalt t\u00f6\u00f6stuslikult v\u00e4rvitud pindadele, samuti alumiinium ja kruntimata tsingitud pindadele. Ei soovitata suurte puitfassaadide ja p\u00f5randate v\u00e4rvimiseks.<\/p>\n<p><strong>V\u00e4rvitavad pinnad:<\/strong> Aiam\u00f6\u00f6bel ja -konstruktsioonid, puitfassaadide detailid, aiad, lillerestid, uksed, aknaraamid, m\u00f6\u00f6blielemendid, p\u00f5randaliistud jne. samuti eelnevalt krunditud metallpinnad.<\/p>\n<p><strong>Aluspinna ettevalmistus:<\/strong> Pinnad puhastada tolmust, rasvast, lahtistest kooruvatest osakestest. M\u00e4\u00e4rdunud pinnad pesta puhastusvahendiga EasyClean (kasutusjuhend tootel) ja lasta kuivada. Tumenenud puitu saab puhastada vahendiga WoodClean (kasutusjuhend tootel) ja vajadusel t\u00f6\u00f6delda vahendiga Biotol E (Biotol Spray), et eemaldada pinnalt hallitus v\u00f5i rohelus. Puhastatud pind loputada veega ja lasta kuivada. Oksakohtadelt eemaldada vaik. Puitpinnad v\u00e4listingimustes immutada s\u00fcvaimmutusvahendiga Aura Biostop v\u00f5i Biostop Aqua V. Metallpindadelt eemaldada rooste ja kruntida Katto Primeriga.<\/p>\n<p><strong>V\u00e4rvimine:<\/strong> Enne kasutamist v\u00e4rvi korralikult segada. Toonitud v\u00e4rv on soovitav kokku segada \u00fches anumas. Kanda pinnale 1-2 kihti pintsli, rulli v\u00f5i pihustiga temperatuuril +10&#8230;25 \u00b0C ja suhtelisel \u00f5huniiskusel alla 80 %. Esimese kihi pealekandmisel v\u00f5i v\u00e4rvimisel pihustiga v\u00f5ib v\u00e4rvi vedeldada veega kuni 5 % mahust, pihustiga v\u00e4rvimisel d\u00fc\u00fcsi l\u00e4bim\u00f5\u00f5t 0,017-0,021 tolli. V\u00e4rvimisel p\u00fc\u00fcda s\u00e4ilitada \u201dm\u00e4rga \u00e4\u00e4rt\u201d.<\/p>\n<p><strong>Hooldamine:<\/strong> L\u00f5pliku kulumiskindluse saavutab pind umbes nelja n\u00e4dala jooksul. Seni tuleks v\u00e4ltida pinna puhastamist. \u00c4\u00e4rmisel vajadusel v\u00f5ib varem pinda puhastada pehme \u0161vammi v\u00f5i lapi ja leige veega, kuid mitte varem kui kaks p\u00e4eva p\u00e4rast v\u00e4rvimist. V\u00e4rvitud pinna pesemiseks kasutada vett ja neutraalset pesuvahendit. Mitte kasutada orgaanilisi lahusteid, abrasiivseid puhastusvahendeid ja abrasiivsed k\u00e4snu v\u00f5i harju. Hallituse eemaldamiseks soovitame kasutada vahendit Biotol E v\u00f5i Biotol Spray.<\/p>\n\t\t<\/div>\n\t\t\t\t\t<\/div>\n\n\t\n\n\t<div id=\"col-296556606\" class=\"col medium-3 small-12 large-3\"  >\n\t\t\t\t<div class=\"col-inner\"  >\n\t\t\t\n\t\t\t\n\t<div id=\"gap-1922828129\" class=\"gap-element clearfix\" style=\"display:block; height:auto;\">\n\t\t\n<style>\n#gap-1922828129 {\n  padding-top: 30px;\n}\n<\/style>\n\t<\/div>\n\t\n<h3>Tehniline informatsioon<\/h3>\n<p><a href=\"https:\/\/espak.ee\/epood\/wp-content\/uploads\/2021\/10\/WEB_Passport_Eskaro_Universe-Wood-Metal_Estonia_eesti_01.pdf\" target=\"_blank\" rel=\"noopener noreferrer\"><i class=\"far fa-file-pdf\"><\/i> Tehniline info (PDF)<\/a><\/p>\n<div class=\"is-divider divider clearfix\" ><\/div>\n<p><strong>\u00dcksikasjalikuma n\u00f5u saamiseks v\u00f5tke \u00fchendust:<br \/>\n<\/strong><\/ br>Eskaro AS<br \/>Fosforiidi 20<br \/>Maardu<br \/>+372 6217969<\/p>\n<div class=\"is-divider divider clearfix\" ><\/div>\n\t\t<\/div>\n\t\t\t\t\t<\/div>\n\n\t\n<\/div>\n","protected":false},"excerpt":{"rendered":"","protected":false},"featured_media":100463,"comment_status":"closed","ping_status":"closed","template":"","meta":[],"product_brand":[],"product_cat":[3443,2685,2684,2683],"product_tag":[],"class_list":{"0":"post-127006","1":"product","2":"type-product","3":"status-publish","4":"has-post-thumbnail","6":"product_cat-universaalsed-varvid-sise-valis","7":"product_cat-varvid","8":"product_cat-varvid-lakid-lahustid-puidukaitsed-olid","9":"product_cat-viimistluskaubad","10":"product_shipping_class-dpd-cold","11":"pa_kaubamark-eskaro-as","13":"first","14":"instock","15":"sale","16":"taxable","17":"shipping-taxable","18":"purchasable","19":"product-type-simple"},"yoast_head":"<!-- This site is optimized with the Yoast SEO plugin v26.9 - https:\/\/yoast.com\/product\/yoast-seo-wordpress\/ -->\n<title>UNIVERSAALNE EMAILV\u00c4RV PUIDULE JA METALLILE ESKARO UNIVERSE WOOD&amp;METAL A 9L - Espak E-pood<\/title>\n<meta name=\"robots\" content=\"index, follow, max-snippet:-1, max-image-preview:large, max-video-preview:-1\" \/>\n<link rel=\"canonical\" href=\"https:\/\/espak.ee\/epood\/toode\/universaalne-emailvarv-puidule-ja-metallile-eskaro-universe-woodmetal-a-9l\/\" \/>\n<meta property=\"og:locale\" content=\"et_EE\" \/>\n<meta property=\"og:type\" content=\"article\" \/>\n<meta property=\"og:title\" content=\"UNIVERSAALNE EMAILV\u00c4RV PUIDULE JA METALLILE ESKARO UNIVERSE WOOD&amp;METAL A 9L - Espak E-pood\" \/>\n<meta property=\"og:url\" content=\"https:\/\/espak.ee\/epood\/toode\/universaalne-emailvarv-puidule-ja-metallile-eskaro-universe-woodmetal-a-9l\/\" \/>\n<meta property=\"og:site_name\" content=\"Espak E-pood\" \/>\n<meta property=\"article:modified_time\" content=\"2026-03-21T08:19:17+00:00\" \/>\n<meta property=\"og:image\" content=\"https:\/\/espak.ee\/epood\/wp-content\/uploads\/2021\/10\/Eskaro_Universe_2021_web_512_est.jpg\" \/>\n\t<meta property=\"og:image:width\" content=\"1000\" \/>\n\t<meta property=\"og:image:height\" content=\"1000\" \/>\n\t<meta property=\"og:image:type\" content=\"image\/jpeg\" \/>\n<meta name=\"twitter:card\" content=\"summary_large_image\" \/>\n<meta name=\"twitter:label1\" content=\"Est. reading time\" \/>\n\t<meta name=\"twitter:data1\" content=\"2 minutit\" \/>\n<script type=\"application\/ld+json\" class=\"yoast-schema-graph\">{\"@context\":\"https:\/\/schema.org\",\"@graph\":[{\"@type\":\"WebPage\",\"@id\":\"https:\/\/espak.ee\/epood\/toode\/universaalne-emailvarv-puidule-ja-metallile-eskaro-universe-woodmetal-a-9l\/\",\"url\":\"https:\/\/espak.ee\/epood\/toode\/universaalne-emailvarv-puidule-ja-metallile-eskaro-universe-woodmetal-a-9l\/\",\"name\":\"UNIVERSAALNE EMAILV\u00c4RV PUIDULE JA METALLILE ESKARO UNIVERSE WOOD&METAL A 9L - Espak E-pood\",\"isPartOf\":{\"@id\":\"https:\/\/espak.ee\/epood\/#website\"},\"primaryImageOfPage\":{\"@id\":\"https:\/\/espak.ee\/epood\/toode\/universaalne-emailvarv-puidule-ja-metallile-eskaro-universe-woodmetal-a-9l\/#primaryimage\"},\"image\":{\"@id\":\"https:\/\/espak.ee\/epood\/toode\/universaalne-emailvarv-puidule-ja-metallile-eskaro-universe-woodmetal-a-9l\/#primaryimage\"},\"thumbnailUrl\":\"https:\/\/espak.ee\/epood\/wp-content\/uploads\/2021\/10\/Eskaro_Universe_2021_web_512_est.jpg\",\"datePublished\":\"2022-07-22T07:37:15+00:00\",\"dateModified\":\"2026-03-21T08:19:17+00:00\",\"breadcrumb\":{\"@id\":\"https:\/\/espak.ee\/epood\/toode\/universaalne-emailvarv-puidule-ja-metallile-eskaro-universe-woodmetal-a-9l\/#breadcrumb\"},\"inLanguage\":\"et\",\"potentialAction\":[{\"@type\":\"ReadAction\",\"target\":[\"https:\/\/espak.ee\/epood\/toode\/universaalne-emailvarv-puidule-ja-metallile-eskaro-universe-woodmetal-a-9l\/\"]}]},{\"@type\":\"ImageObject\",\"inLanguage\":\"et\",\"@id\":\"https:\/\/espak.ee\/epood\/toode\/universaalne-emailvarv-puidule-ja-metallile-eskaro-universe-woodmetal-a-9l\/#primaryimage\",\"url\":\"https:\/\/espak.ee\/epood\/wp-content\/uploads\/2021\/10\/Eskaro_Universe_2021_web_512_est.jpg\",\"contentUrl\":\"https:\/\/espak.ee\/epood\/wp-content\/uploads\/2021\/10\/Eskaro_Universe_2021_web_512_est.jpg\",\"width\":1000,\"height\":1000},{\"@type\":\"BreadcrumbList\",\"@id\":\"https:\/\/espak.ee\/epood\/toode\/universaalne-emailvarv-puidule-ja-metallile-eskaro-universe-woodmetal-a-9l\/#breadcrumb\",\"itemListElement\":[{\"@type\":\"ListItem\",\"position\":1,\"name\":\"Home\",\"item\":\"https:\/\/espak.ee\/epood\/\"},{\"@type\":\"ListItem\",\"position\":2,\"name\":\"Tootevalik\",\"item\":\"https:\/\/espak.ee\/epood\/tootevalik\/\"},{\"@type\":\"ListItem\",\"position\":3,\"name\":\"UNIVERSAALNE EMAILV\u00c4RV PUIDULE JA METALLILE ESKARO UNIVERSE WOOD&#038;METAL A 9L\"}]},{\"@type\":\"WebSite\",\"@id\":\"https:\/\/espak.ee\/epood\/#website\",\"url\":\"https:\/\/espak.ee\/epood\/\",\"name\":\"Espak E-pood\",\"description\":\"\",\"potentialAction\":[{\"@type\":\"SearchAction\",\"target\":{\"@type\":\"EntryPoint\",\"urlTemplate\":\"https:\/\/espak.ee\/epood\/?s={search_term_string}\"},\"query-input\":{\"@type\":\"PropertyValueSpecification\",\"valueRequired\":true,\"valueName\":\"search_term_string\"}}],\"inLanguage\":\"et\"}]}<\/script>\n<!-- \/ Yoast SEO plugin. -->","yoast_head_json":{"title":"UNIVERSAALNE EMAILV\u00c4RV PUIDULE JA METALLILE ESKARO UNIVERSE WOOD&METAL A 9L - Espak E-pood","robots":{"index":"index","follow":"follow","max-snippet":"max-snippet:-1","max-image-preview":"max-image-preview:large","max-video-preview":"max-video-preview:-1"},"canonical":"https:\/\/espak.ee\/epood\/toode\/universaalne-emailvarv-puidule-ja-metallile-eskaro-universe-woodmetal-a-9l\/","og_locale":"et_EE","og_type":"article","og_title":"UNIVERSAALNE EMAILV\u00c4RV PUIDULE JA METALLILE ESKARO UNIVERSE WOOD&METAL A 9L - Espak E-pood","og_url":"https:\/\/espak.ee\/epood\/toode\/universaalne-emailvarv-puidule-ja-metallile-eskaro-universe-woodmetal-a-9l\/","og_site_name":"Espak E-pood","article_modified_time":"2026-03-21T08:19:17+00:00","og_image":[{"width":1000,"height":1000,"url":"https:\/\/espak.ee\/epood\/wp-content\/uploads\/2021\/10\/Eskaro_Universe_2021_web_512_est.jpg","type":"image\/jpeg"}],"twitter_card":"summary_large_image","twitter_misc":{"Est. reading time":"2 minutit"},"schema":{"@context":"https:\/\/schema.org","@graph":[{"@type":"WebPage","@id":"https:\/\/espak.ee\/epood\/toode\/universaalne-emailvarv-puidule-ja-metallile-eskaro-universe-woodmetal-a-9l\/","url":"https:\/\/espak.ee\/epood\/toode\/universaalne-emailvarv-puidule-ja-metallile-eskaro-universe-woodmetal-a-9l\/","name":"UNIVERSAALNE EMAILV\u00c4RV PUIDULE JA METALLILE ESKARO UNIVERSE WOOD&METAL A 9L - Espak E-pood","isPartOf":{"@id":"https:\/\/espak.ee\/epood\/#website"},"primaryImageOfPage":{"@id":"https:\/\/espak.ee\/epood\/toode\/universaalne-emailvarv-puidule-ja-metallile-eskaro-universe-woodmetal-a-9l\/#primaryimage"},"image":{"@id":"https:\/\/espak.ee\/epood\/toode\/universaalne-emailvarv-puidule-ja-metallile-eskaro-universe-woodmetal-a-9l\/#primaryimage"},"thumbnailUrl":"https:\/\/espak.ee\/epood\/wp-content\/uploads\/2021\/10\/Eskaro_Universe_2021_web_512_est.jpg","datePublished":"2022-07-22T07:37:15+00:00","dateModified":"2026-03-21T08:19:17+00:00","breadcrumb":{"@id":"https:\/\/espak.ee\/epood\/toode\/universaalne-emailvarv-puidule-ja-metallile-eskaro-universe-woodmetal-a-9l\/#breadcrumb"},"inLanguage":"et","potentialAction":[{"@type":"ReadAction","target":["https:\/\/espak.ee\/epood\/toode\/universaalne-emailvarv-puidule-ja-metallile-eskaro-universe-woodmetal-a-9l\/"]}]},{"@type":"ImageObject","inLanguage":"et","@id":"https:\/\/espak.ee\/epood\/toode\/universaalne-emailvarv-puidule-ja-metallile-eskaro-universe-woodmetal-a-9l\/#primaryimage","url":"https:\/\/espak.ee\/epood\/wp-content\/uploads\/2021\/10\/Eskaro_Universe_2021_web_512_est.jpg","contentUrl":"https:\/\/espak.ee\/epood\/wp-content\/uploads\/2021\/10\/Eskaro_Universe_2021_web_512_est.jpg","width":1000,"height":1000},{"@type":"BreadcrumbList","@id":"https:\/\/espak.ee\/epood\/toode\/universaalne-emailvarv-puidule-ja-metallile-eskaro-universe-woodmetal-a-9l\/#breadcrumb","itemListElement":[{"@type":"ListItem","position":1,"name":"Home","item":"https:\/\/espak.ee\/epood\/"},{"@type":"ListItem","position":2,"name":"Tootevalik","item":"https:\/\/espak.ee\/epood\/tootevalik\/"},{"@type":"ListItem","position":3,"name":"UNIVERSAALNE EMAILV\u00c4RV PUIDULE JA METALLILE ESKARO UNIVERSE WOOD&#038;METAL A 9L"}]},{"@type":"WebSite","@id":"https:\/\/espak.ee\/epood\/#website","url":"https:\/\/espak.ee\/epood\/","name":"Espak E-pood","description":"","potentialAction":[{"@type":"SearchAction","target":{"@type":"EntryPoint","urlTemplate":"https:\/\/espak.ee\/epood\/?s={search_term_string}"},"query-input":{"@type":"PropertyValueSpecification","valueRequired":true,"valueName":"search_term_string"}}],"inLanguage":"et"}]}},"_links":{"self":[{"href":"https:\/\/espak.ee\/epood\/wp-json\/wp\/v2\/product\/127006","targetHints":{"allow":["GET"]}}],"collection":[{"href":"https:\/\/espak.ee\/epood\/wp-json\/wp\/v2\/product"}],"about":[{"href":"https:\/\/espak.ee\/epood\/wp-json\/wp\/v2\/types\/product"}],"replies":[{"embeddable":true,"href":"https:\/\/espak.ee\/epood\/wp-json\/wp\/v2\/comments?post=127006"}],"wp:featuredmedia":[{"embeddable":true,"href":"https:\/\/espak.ee\/epood\/wp-json\/wp\/v2\/media\/100463"}],"wp:attachment":[{"href":"https:\/\/espak.ee\/epood\/wp-json\/wp\/v2\/media?parent=127006"}],"wp:term":[{"taxonomy":"product_brand","embeddable":true,"href":"https:\/\/espak.ee\/epood\/wp-json\/wp\/v2\/product_brand?post=127006"},{"taxonomy":"product_cat","embeddable":true,"href":"https:\/\/espak.ee\/epood\/wp-json\/wp\/v2\/product_cat?post=127006"},{"taxonomy":"product_tag","embeddable":true,"href":"https:\/\/espak.ee\/epood\/wp-json\/wp\/v2\/product_tag?post=127006"}],"curies":[{"name":"wp","href":"https:\/\/api.w.org\/{rel}","templated":true}]}}