{"id":12606,"date":"2019-12-11T02:47:05","date_gmt":"2019-12-11T00:47:05","guid":{"rendered":"https:\/\/espak.ee\/hinnakiri\/?post_type=product&#038;p=12606"},"modified":"2026-01-29T18:06:39","modified_gmt":"2026-01-29T16:06:39","slug":"pesuaine-kivipindadele-mira-7230-ceramic-wash-1l","status":"publish","type":"product","link":"https:\/\/espak.ee\/epood\/toode\/pesuaine-kivipindadele-mira-7230-ceramic-wash-1l\/","title":{"rendered":"PESUAINE KIVIPINDADELE MIRA 7230 CERAMIC WASH 1L"},"content":{"rendered":"<div class=\"row\"  id=\"row-1719823071\">\n\n\t<div id=\"col-176793689\" class=\"col medium-9 small-12 large-9\"  >\n\t\t\t\t<div class=\"col-inner\"  >\n\t\t\t\n\t\t\t\n<h2>Igap\u00e4evane pesuaine Mira 7230 Ceramic Wash 1l<\/h2>\n<p>Igap\u00e4evane pesuaine plaatidele ja sanitaartehnikale. Neutraalne pesuaine keraamiliste plaatide, looduskivi ja sanitaartehnika igap\u00e4evaseks pesuks. Eemaldab pinnalt mustuse ja lubja j\u00e4\u00e4gid ning kaitseb plaate ning vuuke m\u00e4\u00e4rdumise ja hallituse eest.<br \/>\nPesuaine sisaldab vett, l\u00f5hnaainet, pindaktiivseid aineid, s\u00e4ilitusainet ja lubjasidujat.\n<\/p>\n<p><strong>Kasutamine:<\/strong><br \/>\n7230 ceramic wash on neutraalne pesuaine glasuuritud ja glasuurita pindadele, keraamikale, poleeritud marmorile, graniidile, vannitoa furnituurile jms.<br \/>\n7230 ceramic wash segatakse veega.<br \/>\nLahjendada: 1:20-1_100.<br \/>\nKasutusjuhis: Kandke lahus aluspinnale pesuk\u00e4sna, tekstiilist lapi v\u00f5i mopiga.<br \/>\nP\u00fchkige pind \u00fcle puhta niiske lapi v\u00f5i mopiga.<\/p>\n<p><strong>Kasutusala:<\/strong><br \/>\nSobib kasutamiseks enamustel plaatidel nagu ka sanitaartehnikal, v\u00e4rvitud pindadel jms sise- ning v\u00e4listingimustes.<\/p>\n<p><strong>Paigaldus:<\/strong><br \/>\n7230 ceramic wash sisaldab aktiivseid aineid, mis takistavad mustuse ja lubja haardumist pinnale.<br \/>\n7230 ceramic wash segada veega vahekorras 0,1 liitrit 7230 ceramic wash 10 liitri leige veega. Kasutage kahte \u00e4mbrit &#8211; \u00fcks pesulahuse ja teine puhta vee jaoks. Peske p\u00f5randapind, loputage moppi alati puhtas vees enne pesulahusesse kastmist. Nii eemaldate p\u00f5randalt lahti pestud mustuse.<\/p>\n<p><strong>Ohutusn\u00f5uded:<\/strong><br \/>\nToode ei sisalda ohtlikke aineid ja ei vaja ohum\u00e4rgistust. L\u00e4hem info tooteohutuskaardilt.<\/p>\n<p><strong>EU deklaratsioon:<\/strong><br \/>\n<5-15% anioonseid v\u00f5i mitteioonseid pindaktiivseid aineid\nl\u00f5hnaaine.<\/p>\n\t\t<\/div>\n\t\t\t\t\t<\/div>\n\n\t\n\n\t<div id=\"col-851788723\" class=\"col medium-3 small-12 large-3\"  >\n\t\t\t\t<div class=\"col-inner\"  >\n\t\t\t\n\t\t\t\n\t<div id=\"gap-1160898041\" class=\"gap-element clearfix\" style=\"display:block; height:auto;\">\n\t\t\n<style>\n#gap-1160898041 {\n  padding-top: 30px;\n}\n<\/style>\n\t<\/div>\n\t\n<h3>Tehniline informatsioon<\/h3>\n<p><a href=\"https:\/\/espak.ee\/epood\/wp-content\/uploads\/2019\/12\/mira_7230_ceramic_wash_ds_ET_2019-11-01.pdf\"target=\"_blank\" rel=\"noopener noreferrer\"><i class=\"far fa-file-pdf\"><\/i> Tehniline info (PDF)<\/a><\/p>\n<h3>Ohutusalane teave<\/h3>\n<p><a href=\"https:\/\/espak.ee\/epood\/wp-content\/uploads\/2019\/12\/SDS_mira_7230_ceramic_wash_EE_v2.0_2023.08.pdf\"target=\"_blank\" rel=\"noopener noreferrer\"><i class=\"far fa-file-pdf\"><\/i> Ohutuskaart (PDF)<\/a><\/p>\n<div class=\"is-divider divider clearfix\" ><\/div>\n<p><strong>\u00dcksikasjalikuma n\u00f5u saamiseks v\u00f5tke \u00fchendust:<br \/><\/strong>Mira Ehitusmaterjalid O\u00dc<br \/>Segu 8<br \/>76505<br \/>Saue<br \/>+372 6790670<\/p>\n<div class=\"is-divider divider clearfix\" ><\/div>\n\t\t<\/div>\n\t\t\t\t\t<\/div>\n\n\t\n<\/div>\n","protected":false},"excerpt":{"rendered":"","protected":false},"featured_media":206985,"comment_status":"closed","ping_status":"closed","template":"","meta":[],"product_brand":[],"product_cat":[2809,2698,2803,2697],"product_tag":[],"class_list":{"0":"post-12606","1":"product","2":"type-product","3":"status-publish","4":"has-post-thumbnail","6":"product_cat-erisegud","7":"product_cat-pahtlid-ja-kuivsegud","8":"product_cat-porandasegud","9":"product_cat-uldehitus","10":"pa_kaubamark-mira-ehitusmaterjalid-ou","12":"first","13":"instock","14":"sale","15":"taxable","16":"shipping-taxable","17":"purchasable","18":"product-type-simple"},"yoast_head":"<!-- This site is optimized with the Yoast SEO plugin v26.9 - https:\/\/yoast.com\/product\/yoast-seo-wordpress\/ -->\n<title>PESUAINE KIVIPINDADELE MIRA 7230 CERAMIC WASH 1L - Espak E-pood<\/title>\n<meta name=\"robots\" content=\"index, follow, max-snippet:-1, max-image-preview:large, max-video-preview:-1\" \/>\n<link rel=\"canonical\" href=\"https:\/\/espak.ee\/epood\/toode\/pesuaine-kivipindadele-mira-7230-ceramic-wash-1l\/\" \/>\n<meta property=\"og:locale\" content=\"et_EE\" \/>\n<meta property=\"og:type\" content=\"article\" \/>\n<meta property=\"og:title\" content=\"PESUAINE KIVIPINDADELE MIRA 7230 CERAMIC WASH 1L - Espak E-pood\" \/>\n<meta property=\"og:url\" content=\"https:\/\/espak.ee\/epood\/toode\/pesuaine-kivipindadele-mira-7230-ceramic-wash-1l\/\" \/>\n<meta property=\"og:site_name\" content=\"Espak E-pood\" \/>\n<meta property=\"article:modified_time\" content=\"2026-01-29T16:06:39+00:00\" \/>\n<meta property=\"og:image\" content=\"https:\/\/espak.ee\/epood\/wp-content\/uploads\/2019\/12\/Mira-7230-ceramic-wash-1L-front.jpg\" \/>\n\t<meta property=\"og:image:width\" content=\"1024\" \/>\n\t<meta property=\"og:image:height\" content=\"1024\" \/>\n\t<meta property=\"og:image:type\" content=\"image\/jpeg\" \/>\n<meta name=\"twitter:card\" content=\"summary_large_image\" \/>\n<meta name=\"twitter:label1\" content=\"Est. reading time\" \/>\n\t<meta name=\"twitter:data1\" content=\"1 minut\" \/>\n<script type=\"application\/ld+json\" class=\"yoast-schema-graph\">{\"@context\":\"https:\/\/schema.org\",\"@graph\":[{\"@type\":\"WebPage\",\"@id\":\"https:\/\/espak.ee\/epood\/toode\/pesuaine-kivipindadele-mira-7230-ceramic-wash-1l\/\",\"url\":\"https:\/\/espak.ee\/epood\/toode\/pesuaine-kivipindadele-mira-7230-ceramic-wash-1l\/\",\"name\":\"PESUAINE KIVIPINDADELE MIRA 7230 CERAMIC WASH 1L - Espak E-pood\",\"isPartOf\":{\"@id\":\"https:\/\/espak.ee\/epood\/#website\"},\"primaryImageOfPage\":{\"@id\":\"https:\/\/espak.ee\/epood\/toode\/pesuaine-kivipindadele-mira-7230-ceramic-wash-1l\/#primaryimage\"},\"image\":{\"@id\":\"https:\/\/espak.ee\/epood\/toode\/pesuaine-kivipindadele-mira-7230-ceramic-wash-1l\/#primaryimage\"},\"thumbnailUrl\":\"https:\/\/espak.ee\/epood\/wp-content\/uploads\/2019\/12\/Mira-7230-ceramic-wash-1L-front.jpg\",\"datePublished\":\"2019-12-11T00:47:05+00:00\",\"dateModified\":\"2026-01-29T16:06:39+00:00\",\"breadcrumb\":{\"@id\":\"https:\/\/espak.ee\/epood\/toode\/pesuaine-kivipindadele-mira-7230-ceramic-wash-1l\/#breadcrumb\"},\"inLanguage\":\"et\",\"potentialAction\":[{\"@type\":\"ReadAction\",\"target\":[\"https:\/\/espak.ee\/epood\/toode\/pesuaine-kivipindadele-mira-7230-ceramic-wash-1l\/\"]}]},{\"@type\":\"ImageObject\",\"inLanguage\":\"et\",\"@id\":\"https:\/\/espak.ee\/epood\/toode\/pesuaine-kivipindadele-mira-7230-ceramic-wash-1l\/#primaryimage\",\"url\":\"https:\/\/espak.ee\/epood\/wp-content\/uploads\/2019\/12\/Mira-7230-ceramic-wash-1L-front.jpg\",\"contentUrl\":\"https:\/\/espak.ee\/epood\/wp-content\/uploads\/2019\/12\/Mira-7230-ceramic-wash-1L-front.jpg\",\"width\":1024,\"height\":1024},{\"@type\":\"BreadcrumbList\",\"@id\":\"https:\/\/espak.ee\/epood\/toode\/pesuaine-kivipindadele-mira-7230-ceramic-wash-1l\/#breadcrumb\",\"itemListElement\":[{\"@type\":\"ListItem\",\"position\":1,\"name\":\"Home\",\"item\":\"https:\/\/espak.ee\/epood\/\"},{\"@type\":\"ListItem\",\"position\":2,\"name\":\"Tootevalik\",\"item\":\"https:\/\/espak.ee\/epood\/tootevalik\/\"},{\"@type\":\"ListItem\",\"position\":3,\"name\":\"PESUAINE KIVIPINDADELE MIRA 7230 CERAMIC WASH 1L\"}]},{\"@type\":\"WebSite\",\"@id\":\"https:\/\/espak.ee\/epood\/#website\",\"url\":\"https:\/\/espak.ee\/epood\/\",\"name\":\"Espak E-pood\",\"description\":\"\",\"potentialAction\":[{\"@type\":\"SearchAction\",\"target\":{\"@type\":\"EntryPoint\",\"urlTemplate\":\"https:\/\/espak.ee\/epood\/?s={search_term_string}\"},\"query-input\":{\"@type\":\"PropertyValueSpecification\",\"valueRequired\":true,\"valueName\":\"search_term_string\"}}],\"inLanguage\":\"et\"}]}<\/script>\n<!-- \/ Yoast SEO plugin. -->","yoast_head_json":{"title":"PESUAINE KIVIPINDADELE MIRA 7230 CERAMIC WASH 1L - Espak E-pood","robots":{"index":"index","follow":"follow","max-snippet":"max-snippet:-1","max-image-preview":"max-image-preview:large","max-video-preview":"max-video-preview:-1"},"canonical":"https:\/\/espak.ee\/epood\/toode\/pesuaine-kivipindadele-mira-7230-ceramic-wash-1l\/","og_locale":"et_EE","og_type":"article","og_title":"PESUAINE KIVIPINDADELE MIRA 7230 CERAMIC WASH 1L - Espak E-pood","og_url":"https:\/\/espak.ee\/epood\/toode\/pesuaine-kivipindadele-mira-7230-ceramic-wash-1l\/","og_site_name":"Espak E-pood","article_modified_time":"2026-01-29T16:06:39+00:00","og_image":[{"width":1024,"height":1024,"url":"https:\/\/espak.ee\/epood\/wp-content\/uploads\/2019\/12\/Mira-7230-ceramic-wash-1L-front.jpg","type":"image\/jpeg"}],"twitter_card":"summary_large_image","twitter_misc":{"Est. reading time":"1 minut"},"schema":{"@context":"https:\/\/schema.org","@graph":[{"@type":"WebPage","@id":"https:\/\/espak.ee\/epood\/toode\/pesuaine-kivipindadele-mira-7230-ceramic-wash-1l\/","url":"https:\/\/espak.ee\/epood\/toode\/pesuaine-kivipindadele-mira-7230-ceramic-wash-1l\/","name":"PESUAINE KIVIPINDADELE MIRA 7230 CERAMIC WASH 1L - Espak E-pood","isPartOf":{"@id":"https:\/\/espak.ee\/epood\/#website"},"primaryImageOfPage":{"@id":"https:\/\/espak.ee\/epood\/toode\/pesuaine-kivipindadele-mira-7230-ceramic-wash-1l\/#primaryimage"},"image":{"@id":"https:\/\/espak.ee\/epood\/toode\/pesuaine-kivipindadele-mira-7230-ceramic-wash-1l\/#primaryimage"},"thumbnailUrl":"https:\/\/espak.ee\/epood\/wp-content\/uploads\/2019\/12\/Mira-7230-ceramic-wash-1L-front.jpg","datePublished":"2019-12-11T00:47:05+00:00","dateModified":"2026-01-29T16:06:39+00:00","breadcrumb":{"@id":"https:\/\/espak.ee\/epood\/toode\/pesuaine-kivipindadele-mira-7230-ceramic-wash-1l\/#breadcrumb"},"inLanguage":"et","potentialAction":[{"@type":"ReadAction","target":["https:\/\/espak.ee\/epood\/toode\/pesuaine-kivipindadele-mira-7230-ceramic-wash-1l\/"]}]},{"@type":"ImageObject","inLanguage":"et","@id":"https:\/\/espak.ee\/epood\/toode\/pesuaine-kivipindadele-mira-7230-ceramic-wash-1l\/#primaryimage","url":"https:\/\/espak.ee\/epood\/wp-content\/uploads\/2019\/12\/Mira-7230-ceramic-wash-1L-front.jpg","contentUrl":"https:\/\/espak.ee\/epood\/wp-content\/uploads\/2019\/12\/Mira-7230-ceramic-wash-1L-front.jpg","width":1024,"height":1024},{"@type":"BreadcrumbList","@id":"https:\/\/espak.ee\/epood\/toode\/pesuaine-kivipindadele-mira-7230-ceramic-wash-1l\/#breadcrumb","itemListElement":[{"@type":"ListItem","position":1,"name":"Home","item":"https:\/\/espak.ee\/epood\/"},{"@type":"ListItem","position":2,"name":"Tootevalik","item":"https:\/\/espak.ee\/epood\/tootevalik\/"},{"@type":"ListItem","position":3,"name":"PESUAINE KIVIPINDADELE MIRA 7230 CERAMIC WASH 1L"}]},{"@type":"WebSite","@id":"https:\/\/espak.ee\/epood\/#website","url":"https:\/\/espak.ee\/epood\/","name":"Espak E-pood","description":"","potentialAction":[{"@type":"SearchAction","target":{"@type":"EntryPoint","urlTemplate":"https:\/\/espak.ee\/epood\/?s={search_term_string}"},"query-input":{"@type":"PropertyValueSpecification","valueRequired":true,"valueName":"search_term_string"}}],"inLanguage":"et"}]}},"_links":{"self":[{"href":"https:\/\/espak.ee\/epood\/wp-json\/wp\/v2\/product\/12606","targetHints":{"allow":["GET"]}}],"collection":[{"href":"https:\/\/espak.ee\/epood\/wp-json\/wp\/v2\/product"}],"about":[{"href":"https:\/\/espak.ee\/epood\/wp-json\/wp\/v2\/types\/product"}],"replies":[{"embeddable":true,"href":"https:\/\/espak.ee\/epood\/wp-json\/wp\/v2\/comments?post=12606"}],"wp:featuredmedia":[{"embeddable":true,"href":"https:\/\/espak.ee\/epood\/wp-json\/wp\/v2\/media\/206985"}],"wp:attachment":[{"href":"https:\/\/espak.ee\/epood\/wp-json\/wp\/v2\/media?parent=12606"}],"wp:term":[{"taxonomy":"product_brand","embeddable":true,"href":"https:\/\/espak.ee\/epood\/wp-json\/wp\/v2\/product_brand?post=12606"},{"taxonomy":"product_cat","embeddable":true,"href":"https:\/\/espak.ee\/epood\/wp-json\/wp\/v2\/product_cat?post=12606"},{"taxonomy":"product_tag","embeddable":true,"href":"https:\/\/espak.ee\/epood\/wp-json\/wp\/v2\/product_tag?post=12606"}],"curies":[{"name":"wp","href":"https:\/\/api.w.org\/{rel}","templated":true}]}}