{"id":125784,"date":"2022-07-08T06:27:37","date_gmt":"2022-07-08T06:27:37","guid":{"rendered":"https:\/\/espak.ee\/epood\/?post_type=product&#038;p=125784"},"modified":"2024-08-02T12:54:25","modified_gmt":"2024-08-02T09:54:25","slug":"plastikadapter-eco-killa-3tk-kollane","status":"publish","type":"product","link":"https:\/\/espak.ee\/epood\/toode\/plastikadapter-eco-killa-3tk-kollane\/","title":{"rendered":"PLASTIKADAPTER ECO KILLA 3TK KOLLANE"},"content":{"rendered":"<div class=\"row\"  id=\"row-1095800527\">\n\n\t<div id=\"col-375083760\" class=\"col medium-9 small-12 large-9\"  >\n\t\t\t\t<div class=\"col-inner\"  >\n\t\t\t\n\t\t\t\n<h3>Plastikadapter Eco Killa<\/h3>\n<p>\u00d6koloogiline ja universaalne plastikadapter Eco Killa aitab p\u00fc\u00fcda h\u00e4irivaid putukaid (k\u00e4rbseid, porik\u00e4rbseid, \u00e4\u00e4dikak\u00e4rbseid, herilasi, vapsikuid, \u00f6\u00f6liblikaid, m\u00e4hkureid), ilma keemilisi aineid kasutamata, putukad p\u00e4\u00e4sevad l\u00f5ksu sisse, aga v\u00e4lja ei saa. Toode koosneb 3 adapterist (3 p\u00fc\u00fcnise valmistamiseks), mida saab lihtsalt kinnitada tavalise plastist veepudeli k\u00fclge. Kollase v\u00e4rvusega adapter on atraktiivne lendavatele putukatele, seda saab \u00fcles riputada. Sobib kasutamiseks aedades, viljapuuaedades, terassidel, tallides, lautades.<\/p>\n\t\t<\/div>\n\t\t\t\t\t<\/div>\n\n\t\n\n\t<div id=\"col-1535169921\" class=\"col medium-3 small-12 large-3\"  >\n\t\t\t\t<div class=\"col-inner\"  >\n\t\t\t\n\t\t\t\n\t<div id=\"gap-1733243422\" class=\"gap-element clearfix\" style=\"display:block; height:auto;\">\n\t\t\n<style>\n#gap-1733243422 {\n  padding-top: 30px;\n}\n<\/style>\n\t<\/div>\n\t\n<p><strong>\u00dcksikasjalikuma n\u00f5u saamiseks v\u00f5tke \u00fchendust:<br \/><\/strong>Horticom O\u00dc<br \/>Loom\u00e4e tee 11<br \/>75306<br \/>Rae vald<br \/> +372 6011 727<\/p>\n\t\t<\/div>\n\t\t\t\t\t<\/div>\n\n\t\n<\/div>\n","protected":false},"excerpt":{"rendered":"","protected":false},"featured_media":150564,"comment_status":"closed","ping_status":"closed","template":"","meta":[],"product_brand":[],"product_cat":[2789,2788,4748,2884],"product_tag":[],"class_list":{"0":"post-125784","1":"product","2":"type-product","3":"status-publish","4":"has-post-thumbnail","6":"product_cat-aiatarbed","7":"product_cat-aiatarbed-ja-kodukaubad","8":"product_cat-lendavate-putukate-torjevahendid","9":"product_cat-olmekahjurite-torjevahendid","10":"pa_kaubamark-horticom-ou","12":"first","13":"instock","14":"sale","15":"taxable","16":"shipping-taxable","17":"purchasable","18":"product-type-simple"},"yoast_head":"<!-- This site is optimized with the Yoast SEO plugin v26.9 - https:\/\/yoast.com\/product\/yoast-seo-wordpress\/ -->\n<title>PLASTIKADAPTER ECO KILLA 3TK KOLLANE - Espak E-pood<\/title>\n<meta name=\"robots\" content=\"index, follow, max-snippet:-1, max-image-preview:large, max-video-preview:-1\" \/>\n<link rel=\"canonical\" href=\"https:\/\/espak.ee\/epood\/toode\/plastikadapter-eco-killa-3tk-kollane\/\" \/>\n<meta property=\"og:locale\" content=\"et_EE\" \/>\n<meta property=\"og:type\" content=\"article\" \/>\n<meta property=\"og:title\" content=\"PLASTIKADAPTER ECO KILLA 3TK KOLLANE - Espak E-pood\" \/>\n<meta property=\"og:url\" content=\"https:\/\/espak.ee\/epood\/toode\/plastikadapter-eco-killa-3tk-kollane\/\" \/>\n<meta property=\"og:site_name\" content=\"Espak E-pood\" \/>\n<meta property=\"article:modified_time\" content=\"2024-08-02T09:54:25+00:00\" \/>\n<meta property=\"og:image\" content=\"https:\/\/espak.ee\/epood\/wp-content\/uploads\/2022\/07\/product-673948_0-P060901.jpg\" \/>\n\t<meta property=\"og:image:width\" content=\"800\" \/>\n\t<meta property=\"og:image:height\" content=\"800\" \/>\n\t<meta property=\"og:image:type\" content=\"image\/jpeg\" \/>\n<meta name=\"twitter:card\" content=\"summary_large_image\" \/>\n<meta name=\"twitter:label1\" content=\"Est. reading time\" \/>\n\t<meta name=\"twitter:data1\" content=\"1 minut\" \/>\n<script type=\"application\/ld+json\" class=\"yoast-schema-graph\">{\"@context\":\"https:\/\/schema.org\",\"@graph\":[{\"@type\":\"WebPage\",\"@id\":\"https:\/\/espak.ee\/epood\/toode\/plastikadapter-eco-killa-3tk-kollane\/\",\"url\":\"https:\/\/espak.ee\/epood\/toode\/plastikadapter-eco-killa-3tk-kollane\/\",\"name\":\"PLASTIKADAPTER ECO KILLA 3TK KOLLANE - Espak E-pood\",\"isPartOf\":{\"@id\":\"https:\/\/espak.ee\/epood\/#website\"},\"primaryImageOfPage\":{\"@id\":\"https:\/\/espak.ee\/epood\/toode\/plastikadapter-eco-killa-3tk-kollane\/#primaryimage\"},\"image\":{\"@id\":\"https:\/\/espak.ee\/epood\/toode\/plastikadapter-eco-killa-3tk-kollane\/#primaryimage\"},\"thumbnailUrl\":\"https:\/\/espak.ee\/epood\/wp-content\/uploads\/2022\/07\/product-673948_0-P060901.jpg\",\"datePublished\":\"2022-07-08T06:27:37+00:00\",\"dateModified\":\"2024-08-02T09:54:25+00:00\",\"breadcrumb\":{\"@id\":\"https:\/\/espak.ee\/epood\/toode\/plastikadapter-eco-killa-3tk-kollane\/#breadcrumb\"},\"inLanguage\":\"et\",\"potentialAction\":[{\"@type\":\"ReadAction\",\"target\":[\"https:\/\/espak.ee\/epood\/toode\/plastikadapter-eco-killa-3tk-kollane\/\"]}]},{\"@type\":\"ImageObject\",\"inLanguage\":\"et\",\"@id\":\"https:\/\/espak.ee\/epood\/toode\/plastikadapter-eco-killa-3tk-kollane\/#primaryimage\",\"url\":\"https:\/\/espak.ee\/epood\/wp-content\/uploads\/2022\/07\/product-673948_0-P060901.jpg\",\"contentUrl\":\"https:\/\/espak.ee\/epood\/wp-content\/uploads\/2022\/07\/product-673948_0-P060901.jpg\",\"width\":800,\"height\":800},{\"@type\":\"BreadcrumbList\",\"@id\":\"https:\/\/espak.ee\/epood\/toode\/plastikadapter-eco-killa-3tk-kollane\/#breadcrumb\",\"itemListElement\":[{\"@type\":\"ListItem\",\"position\":1,\"name\":\"Home\",\"item\":\"https:\/\/espak.ee\/epood\/\"},{\"@type\":\"ListItem\",\"position\":2,\"name\":\"Tootevalik\",\"item\":\"https:\/\/espak.ee\/epood\/tootevalik\/\"},{\"@type\":\"ListItem\",\"position\":3,\"name\":\"PLASTIKADAPTER ECO KILLA 3TK KOLLANE\"}]},{\"@type\":\"WebSite\",\"@id\":\"https:\/\/espak.ee\/epood\/#website\",\"url\":\"https:\/\/espak.ee\/epood\/\",\"name\":\"Espak E-pood\",\"description\":\"\",\"potentialAction\":[{\"@type\":\"SearchAction\",\"target\":{\"@type\":\"EntryPoint\",\"urlTemplate\":\"https:\/\/espak.ee\/epood\/?s={search_term_string}\"},\"query-input\":{\"@type\":\"PropertyValueSpecification\",\"valueRequired\":true,\"valueName\":\"search_term_string\"}}],\"inLanguage\":\"et\"}]}<\/script>\n<!-- \/ Yoast SEO plugin. -->","yoast_head_json":{"title":"PLASTIKADAPTER ECO KILLA 3TK KOLLANE - Espak E-pood","robots":{"index":"index","follow":"follow","max-snippet":"max-snippet:-1","max-image-preview":"max-image-preview:large","max-video-preview":"max-video-preview:-1"},"canonical":"https:\/\/espak.ee\/epood\/toode\/plastikadapter-eco-killa-3tk-kollane\/","og_locale":"et_EE","og_type":"article","og_title":"PLASTIKADAPTER ECO KILLA 3TK KOLLANE - Espak E-pood","og_url":"https:\/\/espak.ee\/epood\/toode\/plastikadapter-eco-killa-3tk-kollane\/","og_site_name":"Espak E-pood","article_modified_time":"2024-08-02T09:54:25+00:00","og_image":[{"width":800,"height":800,"url":"https:\/\/espak.ee\/epood\/wp-content\/uploads\/2022\/07\/product-673948_0-P060901.jpg","type":"image\/jpeg"}],"twitter_card":"summary_large_image","twitter_misc":{"Est. reading time":"1 minut"},"schema":{"@context":"https:\/\/schema.org","@graph":[{"@type":"WebPage","@id":"https:\/\/espak.ee\/epood\/toode\/plastikadapter-eco-killa-3tk-kollane\/","url":"https:\/\/espak.ee\/epood\/toode\/plastikadapter-eco-killa-3tk-kollane\/","name":"PLASTIKADAPTER ECO KILLA 3TK KOLLANE - Espak E-pood","isPartOf":{"@id":"https:\/\/espak.ee\/epood\/#website"},"primaryImageOfPage":{"@id":"https:\/\/espak.ee\/epood\/toode\/plastikadapter-eco-killa-3tk-kollane\/#primaryimage"},"image":{"@id":"https:\/\/espak.ee\/epood\/toode\/plastikadapter-eco-killa-3tk-kollane\/#primaryimage"},"thumbnailUrl":"https:\/\/espak.ee\/epood\/wp-content\/uploads\/2022\/07\/product-673948_0-P060901.jpg","datePublished":"2022-07-08T06:27:37+00:00","dateModified":"2024-08-02T09:54:25+00:00","breadcrumb":{"@id":"https:\/\/espak.ee\/epood\/toode\/plastikadapter-eco-killa-3tk-kollane\/#breadcrumb"},"inLanguage":"et","potentialAction":[{"@type":"ReadAction","target":["https:\/\/espak.ee\/epood\/toode\/plastikadapter-eco-killa-3tk-kollane\/"]}]},{"@type":"ImageObject","inLanguage":"et","@id":"https:\/\/espak.ee\/epood\/toode\/plastikadapter-eco-killa-3tk-kollane\/#primaryimage","url":"https:\/\/espak.ee\/epood\/wp-content\/uploads\/2022\/07\/product-673948_0-P060901.jpg","contentUrl":"https:\/\/espak.ee\/epood\/wp-content\/uploads\/2022\/07\/product-673948_0-P060901.jpg","width":800,"height":800},{"@type":"BreadcrumbList","@id":"https:\/\/espak.ee\/epood\/toode\/plastikadapter-eco-killa-3tk-kollane\/#breadcrumb","itemListElement":[{"@type":"ListItem","position":1,"name":"Home","item":"https:\/\/espak.ee\/epood\/"},{"@type":"ListItem","position":2,"name":"Tootevalik","item":"https:\/\/espak.ee\/epood\/tootevalik\/"},{"@type":"ListItem","position":3,"name":"PLASTIKADAPTER ECO KILLA 3TK KOLLANE"}]},{"@type":"WebSite","@id":"https:\/\/espak.ee\/epood\/#website","url":"https:\/\/espak.ee\/epood\/","name":"Espak E-pood","description":"","potentialAction":[{"@type":"SearchAction","target":{"@type":"EntryPoint","urlTemplate":"https:\/\/espak.ee\/epood\/?s={search_term_string}"},"query-input":{"@type":"PropertyValueSpecification","valueRequired":true,"valueName":"search_term_string"}}],"inLanguage":"et"}]}},"_links":{"self":[{"href":"https:\/\/espak.ee\/epood\/wp-json\/wp\/v2\/product\/125784","targetHints":{"allow":["GET"]}}],"collection":[{"href":"https:\/\/espak.ee\/epood\/wp-json\/wp\/v2\/product"}],"about":[{"href":"https:\/\/espak.ee\/epood\/wp-json\/wp\/v2\/types\/product"}],"replies":[{"embeddable":true,"href":"https:\/\/espak.ee\/epood\/wp-json\/wp\/v2\/comments?post=125784"}],"wp:featuredmedia":[{"embeddable":true,"href":"https:\/\/espak.ee\/epood\/wp-json\/wp\/v2\/media\/150564"}],"wp:attachment":[{"href":"https:\/\/espak.ee\/epood\/wp-json\/wp\/v2\/media?parent=125784"}],"wp:term":[{"taxonomy":"product_brand","embeddable":true,"href":"https:\/\/espak.ee\/epood\/wp-json\/wp\/v2\/product_brand?post=125784"},{"taxonomy":"product_cat","embeddable":true,"href":"https:\/\/espak.ee\/epood\/wp-json\/wp\/v2\/product_cat?post=125784"},{"taxonomy":"product_tag","embeddable":true,"href":"https:\/\/espak.ee\/epood\/wp-json\/wp\/v2\/product_tag?post=125784"}],"curies":[{"name":"wp","href":"https:\/\/api.w.org\/{rel}","templated":true}]}}