{"id":124085,"date":"2022-06-22T06:18:04","date_gmt":"2022-06-22T06:18:04","guid":{"rendered":"https:\/\/espak.ee\/epood\/?post_type=product&#038;p=124085"},"modified":"2024-05-07T14:08:32","modified_gmt":"2024-05-07T11:08:32","slug":"akulaadija-einhell-18v-4512103","status":"publish","type":"product","link":"https:\/\/espak.ee\/epood\/toode\/akulaadija-einhell-18v-4512103\/","title":{"rendered":"AKULAADIJA EINHELL 18V 4512103"},"content":{"rendered":"<div class=\"row\"  id=\"row-453623663\">\n\n\t<div id=\"col-2118828347\" class=\"col medium-9 small-12 large-9\"  >\n\t\t\t\t<div class=\"col-inner\"  >\n\t\t\t\n\t\t\t\n<h2>Akulaadija<\/h2>\n<p>Einhelli 18\u00a0V Power X-Change\u00b4i akulaadur kuulub mitmeotstarbeliste ja vastastikku vahetatavate laetavate Einhelli Power X-Change\u00b4i akude s\u00fcsteemi. Kasud on ilmselged. \u00dcks laetav aku ja \u00fcks akulaadur mitte ainult ei s\u00e4\u00e4sta oluliselt soetuskulusid, vaid nende universaalne kasutus v\u00e4listab ka iga eraldi t\u00f6\u00f6riista erinevatest akudest ja akulaaduritest tuleneva t\u00fcdimuse ja kaose. Suur j\u00f5udlus, kestvus ja rahas\u00e4\u00e4stlikkus \u2013 akus\u00fcsteemi saab kasutada koos iga Power X-Change\u00b4i tootepere t\u00f6\u00f6riistaga. 18V Power X-Change\u00b4i akulaadurit saab kasutada iga laetava PXC sarja akuga. 4-amprine kiirlaadimistehnoloogia tagab l\u00fchema laadimisaja. Alaline aku seire tagab soodsaima laadimise ja 6-astmeline LED-n\u00e4idik n\u00e4itab laadimise kestel aku laetustaset. Nutikas laadimishaldus tagab laadimise t\u00e4ieliku ohutuse. H\u00f5lpsaks seinale kinnitamiseks on olemas sisseehitatud riputusaasad.<\/p>\n<div class=\"message-box relative\" style=\"padding-top:15px;padding-bottom:15px;\"><div class=\"message-box-bg-image bg-fill fill\" ><\/div><div class=\"message-box-bg-overlay bg-fill fill\" ><\/div><div class=\"container relative\"><div class=\"inner last-reset\">\n<div class=\"row align-middle align-center\"  id=\"row-1690658901\">\n\n\t<div id=\"col-290137467\" class=\"col small-12 large-12\"  >\n\t\t\t\t<div class=\"col-inner text-left\"  >\n\t\t\t\n\t\t\t\n<h4>Omadused<\/h4>\n<div class=\"row\"  id=\"row-1554829544\">\n\n\t<div id=\"col-314556556\" class=\"col medium-6 small-12 large-6\"  >\n\t\t\t\t<div class=\"col-inner\"  >\n\t\t\t\n\t\t\t\n<p><i class=\"fa fa-check fa-2x\"><\/i> <strong>Aku pikem kasutusaeg t\u00e4nu olukorraspetsiifilistele laadimists\u00fcklitele<\/strong><\/p>\n<p><i class=\"fa fa-check fa-2x\"><\/i> <strong>T\u00e4ielik ohutus t\u00e4nu nutikale laadimishaldusele<\/strong><\/p>\n\t\t<\/div>\n\t\t\t\t\n<style>\n#col-314556556 > .col-inner {\n  margin: 0px 0px 15px 0px;\n}\n<\/style>\n\t<\/div>\n\n\t\n\n\t<div id=\"col-1187174735\" class=\"col medium-6 small-12 large-6\"  >\n\t\t\t\t<div class=\"col-inner\"  >\n\t\t\t\n\t\t\t\n<p><i class=\"fa fa-check fa-2x\"><\/i> <strong> 4-amprine kiirlaadimistehnoloogia tagab l\u00fchema laadimisaja <\/strong><\/p>\n<p><i class=\"fa fa-check fa-2x\"><\/i> <strong>Hetkeolukorra teave t\u00e4nu 6-astmelisele LED-n\u00e4idikule<\/strong><\/p>\n\t\t<\/div>\n\t\t\t\t\n<style>\n#col-1187174735 > .col-inner {\n  margin: 0px 0px 15px 0px;\n}\n<\/style>\n\t<\/div>\n\n\t\n<\/div>\n\t\t<\/div>\n\t\t\t\t\t<\/div>\n\n\t\n<\/div>\n<\/div><\/div><\/div>\n\t<div id=\"gap-1824992558\" class=\"gap-element clearfix\" style=\"display:block; height:auto;\">\n\t\t\n<style>\n#gap-1824992558 {\n  padding-top: 30px;\n}\n<\/style>\n\t<\/div>\n\t\n\t\t<\/div>\n\t\t\t\t\t<\/div>\n\n\t\n\n\t<div id=\"col-435252889\" class=\"col medium-3 small-12 large-3\"  >\n\t\t\t\t<div class=\"col-inner\"  >\n\t\t\t\n\t\t\t\n<h3>Kasutusjuhend<\/h3>\n<p><a href=\"https:\/\/espak.ee\/epood\/wp-content\/uploads\/2022\/06\/Akulaadija-Einhell-4512103.pdf\"target=\"_blank\" rel=\"noopener noreferrer\"><i class=\"far fa-file-pdf\"><\/i> Kasutusjuhend (PDF)<\/a><\/p>\n<div class=\"is-divider divider clearfix\" ><\/div>\n<p><strong>\u00dcksikasjalikuma n\u00f5u saamiseks v\u00f5tke \u00fchendust:<br \/><\/strong>Espak AS<br \/>Viadukti 42<br \/>11313<br \/>Tallinn<br \/>+372 6 512333<\/p>\n<div class=\"is-divider divider clearfix\" ><\/div>\n\t\t<\/div>\n\t\t\t\t\t<\/div>\n\n\t\n<\/div>\n","protected":false},"excerpt":{"rendered":"","protected":false},"featured_media":125494,"comment_status":"closed","ping_status":"closed","template":"","meta":[],"product_brand":[],"product_cat":[2734,2733,2680,2679],"product_tag":[],"class_list":{"0":"post-124085","1":"product","2":"type-product","3":"status-publish","4":"has-post-thumbnail","6":"product_cat-akud-ja-laadijad","7":"product_cat-akutooriistad","8":"product_cat-elektritooriistad","9":"product_cat-tooriistad","10":"pa_kaubamark-einhell","12":"first","13":"instock","14":"sale","15":"taxable","16":"shipping-taxable","17":"purchasable","18":"product-type-simple"},"yoast_head":"<!-- This site is optimized with the Yoast SEO plugin v26.9 - https:\/\/yoast.com\/product\/yoast-seo-wordpress\/ -->\n<title>AKULAADIJA EINHELL 18V 4512103 - Espak E-pood<\/title>\n<meta name=\"robots\" content=\"index, follow, max-snippet:-1, max-image-preview:large, max-video-preview:-1\" \/>\n<link rel=\"canonical\" href=\"https:\/\/espak.ee\/epood\/toode\/akulaadija-einhell-18v-4512103\/\" \/>\n<meta property=\"og:locale\" content=\"et_EE\" \/>\n<meta property=\"og:type\" content=\"article\" \/>\n<meta property=\"og:title\" content=\"AKULAADIJA EINHELL 18V 4512103 - Espak E-pood\" \/>\n<meta property=\"og:url\" content=\"https:\/\/espak.ee\/epood\/toode\/akulaadija-einhell-18v-4512103\/\" \/>\n<meta property=\"og:site_name\" content=\"Espak E-pood\" \/>\n<meta property=\"article:modified_time\" content=\"2024-05-07T11:08:32+00:00\" \/>\n<meta property=\"og:image\" content=\"https:\/\/espak.ee\/epood\/wp-content\/uploads\/2022\/06\/4512103_11019_001_PXC_Charger_4A_RAL3002_pic.jpg\" \/>\n\t<meta property=\"og:image:width\" content=\"800\" \/>\n\t<meta property=\"og:image:height\" content=\"800\" \/>\n\t<meta property=\"og:image:type\" content=\"image\/jpeg\" \/>\n<meta name=\"twitter:card\" content=\"summary_large_image\" \/>\n<meta name=\"twitter:label1\" content=\"Est. reading time\" \/>\n\t<meta name=\"twitter:data1\" content=\"1 minut\" \/>\n<script type=\"application\/ld+json\" class=\"yoast-schema-graph\">{\"@context\":\"https:\/\/schema.org\",\"@graph\":[{\"@type\":\"WebPage\",\"@id\":\"https:\/\/espak.ee\/epood\/toode\/akulaadija-einhell-18v-4512103\/\",\"url\":\"https:\/\/espak.ee\/epood\/toode\/akulaadija-einhell-18v-4512103\/\",\"name\":\"AKULAADIJA EINHELL 18V 4512103 - Espak E-pood\",\"isPartOf\":{\"@id\":\"https:\/\/espak.ee\/epood\/#website\"},\"primaryImageOfPage\":{\"@id\":\"https:\/\/espak.ee\/epood\/toode\/akulaadija-einhell-18v-4512103\/#primaryimage\"},\"image\":{\"@id\":\"https:\/\/espak.ee\/epood\/toode\/akulaadija-einhell-18v-4512103\/#primaryimage\"},\"thumbnailUrl\":\"https:\/\/espak.ee\/epood\/wp-content\/uploads\/2022\/06\/4512103_11019_001_PXC_Charger_4A_RAL3002_pic.jpg\",\"datePublished\":\"2022-06-22T06:18:04+00:00\",\"dateModified\":\"2024-05-07T11:08:32+00:00\",\"breadcrumb\":{\"@id\":\"https:\/\/espak.ee\/epood\/toode\/akulaadija-einhell-18v-4512103\/#breadcrumb\"},\"inLanguage\":\"et\",\"potentialAction\":[{\"@type\":\"ReadAction\",\"target\":[\"https:\/\/espak.ee\/epood\/toode\/akulaadija-einhell-18v-4512103\/\"]}]},{\"@type\":\"ImageObject\",\"inLanguage\":\"et\",\"@id\":\"https:\/\/espak.ee\/epood\/toode\/akulaadija-einhell-18v-4512103\/#primaryimage\",\"url\":\"https:\/\/espak.ee\/epood\/wp-content\/uploads\/2022\/06\/4512103_11019_001_PXC_Charger_4A_RAL3002_pic.jpg\",\"contentUrl\":\"https:\/\/espak.ee\/epood\/wp-content\/uploads\/2022\/06\/4512103_11019_001_PXC_Charger_4A_RAL3002_pic.jpg\",\"width\":800,\"height\":800},{\"@type\":\"BreadcrumbList\",\"@id\":\"https:\/\/espak.ee\/epood\/toode\/akulaadija-einhell-18v-4512103\/#breadcrumb\",\"itemListElement\":[{\"@type\":\"ListItem\",\"position\":1,\"name\":\"Home\",\"item\":\"https:\/\/espak.ee\/epood\/\"},{\"@type\":\"ListItem\",\"position\":2,\"name\":\"Tootevalik\",\"item\":\"https:\/\/espak.ee\/epood\/tootevalik\/\"},{\"@type\":\"ListItem\",\"position\":3,\"name\":\"AKULAADIJA EINHELL 18V 4512103\"}]},{\"@type\":\"WebSite\",\"@id\":\"https:\/\/espak.ee\/epood\/#website\",\"url\":\"https:\/\/espak.ee\/epood\/\",\"name\":\"Espak E-pood\",\"description\":\"\",\"potentialAction\":[{\"@type\":\"SearchAction\",\"target\":{\"@type\":\"EntryPoint\",\"urlTemplate\":\"https:\/\/espak.ee\/epood\/?s={search_term_string}\"},\"query-input\":{\"@type\":\"PropertyValueSpecification\",\"valueRequired\":true,\"valueName\":\"search_term_string\"}}],\"inLanguage\":\"et\"}]}<\/script>\n<!-- \/ Yoast SEO plugin. -->","yoast_head_json":{"title":"AKULAADIJA EINHELL 18V 4512103 - Espak E-pood","robots":{"index":"index","follow":"follow","max-snippet":"max-snippet:-1","max-image-preview":"max-image-preview:large","max-video-preview":"max-video-preview:-1"},"canonical":"https:\/\/espak.ee\/epood\/toode\/akulaadija-einhell-18v-4512103\/","og_locale":"et_EE","og_type":"article","og_title":"AKULAADIJA EINHELL 18V 4512103 - Espak E-pood","og_url":"https:\/\/espak.ee\/epood\/toode\/akulaadija-einhell-18v-4512103\/","og_site_name":"Espak E-pood","article_modified_time":"2024-05-07T11:08:32+00:00","og_image":[{"width":800,"height":800,"url":"https:\/\/espak.ee\/epood\/wp-content\/uploads\/2022\/06\/4512103_11019_001_PXC_Charger_4A_RAL3002_pic.jpg","type":"image\/jpeg"}],"twitter_card":"summary_large_image","twitter_misc":{"Est. reading time":"1 minut"},"schema":{"@context":"https:\/\/schema.org","@graph":[{"@type":"WebPage","@id":"https:\/\/espak.ee\/epood\/toode\/akulaadija-einhell-18v-4512103\/","url":"https:\/\/espak.ee\/epood\/toode\/akulaadija-einhell-18v-4512103\/","name":"AKULAADIJA EINHELL 18V 4512103 - Espak E-pood","isPartOf":{"@id":"https:\/\/espak.ee\/epood\/#website"},"primaryImageOfPage":{"@id":"https:\/\/espak.ee\/epood\/toode\/akulaadija-einhell-18v-4512103\/#primaryimage"},"image":{"@id":"https:\/\/espak.ee\/epood\/toode\/akulaadija-einhell-18v-4512103\/#primaryimage"},"thumbnailUrl":"https:\/\/espak.ee\/epood\/wp-content\/uploads\/2022\/06\/4512103_11019_001_PXC_Charger_4A_RAL3002_pic.jpg","datePublished":"2022-06-22T06:18:04+00:00","dateModified":"2024-05-07T11:08:32+00:00","breadcrumb":{"@id":"https:\/\/espak.ee\/epood\/toode\/akulaadija-einhell-18v-4512103\/#breadcrumb"},"inLanguage":"et","potentialAction":[{"@type":"ReadAction","target":["https:\/\/espak.ee\/epood\/toode\/akulaadija-einhell-18v-4512103\/"]}]},{"@type":"ImageObject","inLanguage":"et","@id":"https:\/\/espak.ee\/epood\/toode\/akulaadija-einhell-18v-4512103\/#primaryimage","url":"https:\/\/espak.ee\/epood\/wp-content\/uploads\/2022\/06\/4512103_11019_001_PXC_Charger_4A_RAL3002_pic.jpg","contentUrl":"https:\/\/espak.ee\/epood\/wp-content\/uploads\/2022\/06\/4512103_11019_001_PXC_Charger_4A_RAL3002_pic.jpg","width":800,"height":800},{"@type":"BreadcrumbList","@id":"https:\/\/espak.ee\/epood\/toode\/akulaadija-einhell-18v-4512103\/#breadcrumb","itemListElement":[{"@type":"ListItem","position":1,"name":"Home","item":"https:\/\/espak.ee\/epood\/"},{"@type":"ListItem","position":2,"name":"Tootevalik","item":"https:\/\/espak.ee\/epood\/tootevalik\/"},{"@type":"ListItem","position":3,"name":"AKULAADIJA EINHELL 18V 4512103"}]},{"@type":"WebSite","@id":"https:\/\/espak.ee\/epood\/#website","url":"https:\/\/espak.ee\/epood\/","name":"Espak E-pood","description":"","potentialAction":[{"@type":"SearchAction","target":{"@type":"EntryPoint","urlTemplate":"https:\/\/espak.ee\/epood\/?s={search_term_string}"},"query-input":{"@type":"PropertyValueSpecification","valueRequired":true,"valueName":"search_term_string"}}],"inLanguage":"et"}]}},"_links":{"self":[{"href":"https:\/\/espak.ee\/epood\/wp-json\/wp\/v2\/product\/124085","targetHints":{"allow":["GET"]}}],"collection":[{"href":"https:\/\/espak.ee\/epood\/wp-json\/wp\/v2\/product"}],"about":[{"href":"https:\/\/espak.ee\/epood\/wp-json\/wp\/v2\/types\/product"}],"replies":[{"embeddable":true,"href":"https:\/\/espak.ee\/epood\/wp-json\/wp\/v2\/comments?post=124085"}],"wp:featuredmedia":[{"embeddable":true,"href":"https:\/\/espak.ee\/epood\/wp-json\/wp\/v2\/media\/125494"}],"wp:attachment":[{"href":"https:\/\/espak.ee\/epood\/wp-json\/wp\/v2\/media?parent=124085"}],"wp:term":[{"taxonomy":"product_brand","embeddable":true,"href":"https:\/\/espak.ee\/epood\/wp-json\/wp\/v2\/product_brand?post=124085"},{"taxonomy":"product_cat","embeddable":true,"href":"https:\/\/espak.ee\/epood\/wp-json\/wp\/v2\/product_cat?post=124085"},{"taxonomy":"product_tag","embeddable":true,"href":"https:\/\/espak.ee\/epood\/wp-json\/wp\/v2\/product_tag?post=124085"}],"curies":[{"name":"wp","href":"https:\/\/api.w.org\/{rel}","templated":true}]}}