{"id":123961,"date":"2022-06-22T01:22:37","date_gmt":"2022-06-22T01:22:37","guid":{"rendered":"https:\/\/espak.ee\/epood\/?post_type=product&#038;p=123961"},"modified":"2024-07-17T10:10:26","modified_gmt":"2024-07-17T07:10:26","slug":"lihvimisvork-abranet-125mm-grip-p120-10tk-pk","status":"publish","type":"product","link":"https:\/\/espak.ee\/epood\/toode\/lihvimisvork-abranet-125mm-grip-p120-10tk-pk\/","title":{"rendered":"LIHVIMISV\u00d5RK ABRANET 125MM GRIP P120 10TK\/PK"},"content":{"rendered":"<div class=\"row\"  id=\"row-1104676483\">\n\n\t<div id=\"col-521713675\" class=\"col medium-9 small-12 large-9\"  >\n\t\t\t\t<div class=\"col-inner\"  >\n\t\t\t\n\t\t\t\n<h3>Lihvimisv\u00f5rk Abranet 125mm Grip P120 10tk\/pk<\/h3>\n<p>Abranet\u00ae on uus revolutsiooniline tolmuvaba lihvimistoode.<br \/>\n Selles ainulaadses ja patenteeritud lihvimismaterjalis on tuhandeid v\u00e4ikeseid auke, millede kaudu on v\u00f5imalik h\u00e4sti imeda t\u00f6\u00f6deldavalt pinnalt \u00e4ra lihvimisel tekkivat tolmu. Tulemuseks on eriti tasane ja sile pind. Lisaks on ka tolmu kogus \u00f5hus minimaalne.<br \/>\n Abranet\u00ae on m\u00f5eldud pahtlite, kruntide, v\u00e4rvide, samas ka puidu jne materjalide lihvimiseks. Toode on v\u00e4ga vastupidav.\n<\/p>\n\t\t<\/div>\n\t\t\t\t\t<\/div>\n\n\t\n\n\t<div id=\"col-360713440\" class=\"col medium-3 small-12 large-3\"  >\n\t\t\t\t<div class=\"col-inner\"  >\n\t\t\t\n\t\t\t\n\t<div id=\"gap-186999859\" class=\"gap-element clearfix\" style=\"display:block; height:auto;\">\n\t\t\n<style>\n#gap-186999859 {\n  padding-top: 30px;\n}\n<\/style>\n\t<\/div>\n\t\n<p><strong>\u00dcksikasjalikuma n\u00f5u saamiseks v\u00f5tke \u00fchendust:<br \/><\/strong>AS Rivor<br \/>V\u00e4ike-M\u00e4nniku 13<br \/>11216<br \/>Tallinn<br \/> Telefon +372 6599 620<\/p>\n\t\t<\/div>\n\t\t\t\t\t<\/div>\n\n\t\n<\/div>\n","protected":false},"excerpt":{"rendered":"","protected":false},"featured_media":124105,"comment_status":"closed","ping_status":"closed","template":"","meta":[],"product_brand":[],"product_cat":[2831,3565,3566,2679],"product_tag":[],"class_list":{"0":"post-123961","1":"product","2":"type-product","3":"status-publish","4":"has-post-thumbnail","6":"product_cat-lihvtarbed","7":"product_cat-liivapaber","8":"product_cat-liivapaberid","9":"product_cat-tooriistad","10":"pa_kaubamark-rivor-as","12":"first","13":"instock","14":"sale","15":"taxable","16":"shipping-taxable","17":"purchasable","18":"product-type-simple"},"yoast_head":"<!-- This site is optimized with the Yoast SEO plugin v26.9 - https:\/\/yoast.com\/product\/yoast-seo-wordpress\/ -->\n<title>LIHVIMISV\u00d5RK ABRANET 125MM GRIP P120 10TK\/PK - Espak E-pood<\/title>\n<meta name=\"robots\" content=\"index, follow, max-snippet:-1, max-image-preview:large, max-video-preview:-1\" \/>\n<link rel=\"canonical\" href=\"https:\/\/espak.ee\/epood\/toode\/lihvimisvork-abranet-125mm-grip-p120-10tk-pk\/\" \/>\n<meta property=\"og:locale\" content=\"et_EE\" \/>\n<meta property=\"og:type\" content=\"article\" \/>\n<meta property=\"og:title\" content=\"LIHVIMISV\u00d5RK ABRANET 125MM GRIP P120 10TK\/PK - Espak E-pood\" \/>\n<meta property=\"og:url\" content=\"https:\/\/espak.ee\/epood\/toode\/lihvimisvork-abranet-125mm-grip-p120-10tk-pk\/\" \/>\n<meta property=\"og:site_name\" content=\"Espak E-pood\" \/>\n<meta property=\"article:modified_time\" content=\"2024-07-17T07:10:26+00:00\" \/>\n<meta property=\"og:image\" content=\"https:\/\/espak.ee\/epood\/wp-content\/uploads\/2022\/06\/6194_5885d8a4bfbbe9.40846101_MIR1394_S_1_web_large.jpg\" \/>\n\t<meta property=\"og:image:width\" content=\"600\" \/>\n\t<meta property=\"og:image:height\" content=\"600\" \/>\n\t<meta property=\"og:image:type\" content=\"image\/jpeg\" \/>\n<meta name=\"twitter:card\" content=\"summary_large_image\" \/>\n<script type=\"application\/ld+json\" class=\"yoast-schema-graph\">{\"@context\":\"https:\/\/schema.org\",\"@graph\":[{\"@type\":\"WebPage\",\"@id\":\"https:\/\/espak.ee\/epood\/toode\/lihvimisvork-abranet-125mm-grip-p120-10tk-pk\/\",\"url\":\"https:\/\/espak.ee\/epood\/toode\/lihvimisvork-abranet-125mm-grip-p120-10tk-pk\/\",\"name\":\"LIHVIMISV\u00d5RK ABRANET 125MM GRIP P120 10TK\/PK - Espak E-pood\",\"isPartOf\":{\"@id\":\"https:\/\/espak.ee\/epood\/#website\"},\"primaryImageOfPage\":{\"@id\":\"https:\/\/espak.ee\/epood\/toode\/lihvimisvork-abranet-125mm-grip-p120-10tk-pk\/#primaryimage\"},\"image\":{\"@id\":\"https:\/\/espak.ee\/epood\/toode\/lihvimisvork-abranet-125mm-grip-p120-10tk-pk\/#primaryimage\"},\"thumbnailUrl\":\"https:\/\/espak.ee\/epood\/wp-content\/uploads\/2022\/06\/6194_5885d8a4bfbbe9.40846101_MIR1394_S_1_web_large.jpg\",\"datePublished\":\"2022-06-22T01:22:37+00:00\",\"dateModified\":\"2024-07-17T07:10:26+00:00\",\"breadcrumb\":{\"@id\":\"https:\/\/espak.ee\/epood\/toode\/lihvimisvork-abranet-125mm-grip-p120-10tk-pk\/#breadcrumb\"},\"inLanguage\":\"et\",\"potentialAction\":[{\"@type\":\"ReadAction\",\"target\":[\"https:\/\/espak.ee\/epood\/toode\/lihvimisvork-abranet-125mm-grip-p120-10tk-pk\/\"]}]},{\"@type\":\"ImageObject\",\"inLanguage\":\"et\",\"@id\":\"https:\/\/espak.ee\/epood\/toode\/lihvimisvork-abranet-125mm-grip-p120-10tk-pk\/#primaryimage\",\"url\":\"https:\/\/espak.ee\/epood\/wp-content\/uploads\/2022\/06\/6194_5885d8a4bfbbe9.40846101_MIR1394_S_1_web_large.jpg\",\"contentUrl\":\"https:\/\/espak.ee\/epood\/wp-content\/uploads\/2022\/06\/6194_5885d8a4bfbbe9.40846101_MIR1394_S_1_web_large.jpg\",\"width\":600,\"height\":600},{\"@type\":\"BreadcrumbList\",\"@id\":\"https:\/\/espak.ee\/epood\/toode\/lihvimisvork-abranet-125mm-grip-p120-10tk-pk\/#breadcrumb\",\"itemListElement\":[{\"@type\":\"ListItem\",\"position\":1,\"name\":\"Home\",\"item\":\"https:\/\/espak.ee\/epood\/\"},{\"@type\":\"ListItem\",\"position\":2,\"name\":\"Tootevalik\",\"item\":\"https:\/\/espak.ee\/epood\/tootevalik\/\"},{\"@type\":\"ListItem\",\"position\":3,\"name\":\"LIHVIMISV\u00d5RK ABRANET 125MM GRIP P120 10TK\/PK\"}]},{\"@type\":\"WebSite\",\"@id\":\"https:\/\/espak.ee\/epood\/#website\",\"url\":\"https:\/\/espak.ee\/epood\/\",\"name\":\"Espak E-pood\",\"description\":\"\",\"potentialAction\":[{\"@type\":\"SearchAction\",\"target\":{\"@type\":\"EntryPoint\",\"urlTemplate\":\"https:\/\/espak.ee\/epood\/?s={search_term_string}\"},\"query-input\":{\"@type\":\"PropertyValueSpecification\",\"valueRequired\":true,\"valueName\":\"search_term_string\"}}],\"inLanguage\":\"et\"}]}<\/script>\n<!-- \/ Yoast SEO plugin. -->","yoast_head_json":{"title":"LIHVIMISV\u00d5RK ABRANET 125MM GRIP P120 10TK\/PK - Espak E-pood","robots":{"index":"index","follow":"follow","max-snippet":"max-snippet:-1","max-image-preview":"max-image-preview:large","max-video-preview":"max-video-preview:-1"},"canonical":"https:\/\/espak.ee\/epood\/toode\/lihvimisvork-abranet-125mm-grip-p120-10tk-pk\/","og_locale":"et_EE","og_type":"article","og_title":"LIHVIMISV\u00d5RK ABRANET 125MM GRIP P120 10TK\/PK - Espak E-pood","og_url":"https:\/\/espak.ee\/epood\/toode\/lihvimisvork-abranet-125mm-grip-p120-10tk-pk\/","og_site_name":"Espak E-pood","article_modified_time":"2024-07-17T07:10:26+00:00","og_image":[{"width":600,"height":600,"url":"https:\/\/espak.ee\/epood\/wp-content\/uploads\/2022\/06\/6194_5885d8a4bfbbe9.40846101_MIR1394_S_1_web_large.jpg","type":"image\/jpeg"}],"twitter_card":"summary_large_image","schema":{"@context":"https:\/\/schema.org","@graph":[{"@type":"WebPage","@id":"https:\/\/espak.ee\/epood\/toode\/lihvimisvork-abranet-125mm-grip-p120-10tk-pk\/","url":"https:\/\/espak.ee\/epood\/toode\/lihvimisvork-abranet-125mm-grip-p120-10tk-pk\/","name":"LIHVIMISV\u00d5RK ABRANET 125MM GRIP P120 10TK\/PK - Espak E-pood","isPartOf":{"@id":"https:\/\/espak.ee\/epood\/#website"},"primaryImageOfPage":{"@id":"https:\/\/espak.ee\/epood\/toode\/lihvimisvork-abranet-125mm-grip-p120-10tk-pk\/#primaryimage"},"image":{"@id":"https:\/\/espak.ee\/epood\/toode\/lihvimisvork-abranet-125mm-grip-p120-10tk-pk\/#primaryimage"},"thumbnailUrl":"https:\/\/espak.ee\/epood\/wp-content\/uploads\/2022\/06\/6194_5885d8a4bfbbe9.40846101_MIR1394_S_1_web_large.jpg","datePublished":"2022-06-22T01:22:37+00:00","dateModified":"2024-07-17T07:10:26+00:00","breadcrumb":{"@id":"https:\/\/espak.ee\/epood\/toode\/lihvimisvork-abranet-125mm-grip-p120-10tk-pk\/#breadcrumb"},"inLanguage":"et","potentialAction":[{"@type":"ReadAction","target":["https:\/\/espak.ee\/epood\/toode\/lihvimisvork-abranet-125mm-grip-p120-10tk-pk\/"]}]},{"@type":"ImageObject","inLanguage":"et","@id":"https:\/\/espak.ee\/epood\/toode\/lihvimisvork-abranet-125mm-grip-p120-10tk-pk\/#primaryimage","url":"https:\/\/espak.ee\/epood\/wp-content\/uploads\/2022\/06\/6194_5885d8a4bfbbe9.40846101_MIR1394_S_1_web_large.jpg","contentUrl":"https:\/\/espak.ee\/epood\/wp-content\/uploads\/2022\/06\/6194_5885d8a4bfbbe9.40846101_MIR1394_S_1_web_large.jpg","width":600,"height":600},{"@type":"BreadcrumbList","@id":"https:\/\/espak.ee\/epood\/toode\/lihvimisvork-abranet-125mm-grip-p120-10tk-pk\/#breadcrumb","itemListElement":[{"@type":"ListItem","position":1,"name":"Home","item":"https:\/\/espak.ee\/epood\/"},{"@type":"ListItem","position":2,"name":"Tootevalik","item":"https:\/\/espak.ee\/epood\/tootevalik\/"},{"@type":"ListItem","position":3,"name":"LIHVIMISV\u00d5RK ABRANET 125MM GRIP P120 10TK\/PK"}]},{"@type":"WebSite","@id":"https:\/\/espak.ee\/epood\/#website","url":"https:\/\/espak.ee\/epood\/","name":"Espak E-pood","description":"","potentialAction":[{"@type":"SearchAction","target":{"@type":"EntryPoint","urlTemplate":"https:\/\/espak.ee\/epood\/?s={search_term_string}"},"query-input":{"@type":"PropertyValueSpecification","valueRequired":true,"valueName":"search_term_string"}}],"inLanguage":"et"}]}},"_links":{"self":[{"href":"https:\/\/espak.ee\/epood\/wp-json\/wp\/v2\/product\/123961","targetHints":{"allow":["GET"]}}],"collection":[{"href":"https:\/\/espak.ee\/epood\/wp-json\/wp\/v2\/product"}],"about":[{"href":"https:\/\/espak.ee\/epood\/wp-json\/wp\/v2\/types\/product"}],"replies":[{"embeddable":true,"href":"https:\/\/espak.ee\/epood\/wp-json\/wp\/v2\/comments?post=123961"}],"wp:featuredmedia":[{"embeddable":true,"href":"https:\/\/espak.ee\/epood\/wp-json\/wp\/v2\/media\/124105"}],"wp:attachment":[{"href":"https:\/\/espak.ee\/epood\/wp-json\/wp\/v2\/media?parent=123961"}],"wp:term":[{"taxonomy":"product_brand","embeddable":true,"href":"https:\/\/espak.ee\/epood\/wp-json\/wp\/v2\/product_brand?post=123961"},{"taxonomy":"product_cat","embeddable":true,"href":"https:\/\/espak.ee\/epood\/wp-json\/wp\/v2\/product_cat?post=123961"},{"taxonomy":"product_tag","embeddable":true,"href":"https:\/\/espak.ee\/epood\/wp-json\/wp\/v2\/product_tag?post=123961"}],"curies":[{"name":"wp","href":"https:\/\/api.w.org\/{rel}","templated":true}]}}