{"id":123843,"date":"2022-06-21T06:22:00","date_gmt":"2022-06-21T06:22:00","guid":{"rendered":"https:\/\/espak.ee\/epood\/?post_type=product&#038;p=123843"},"modified":"2024-03-23T03:06:10","modified_gmt":"2024-03-23T01:06:10","slug":"akuliidesfrees-einhell-te-bj-18-li-solo","status":"publish","type":"product","link":"https:\/\/espak.ee\/epood\/toode\/akuliidesfrees-einhell-te-bj-18-li-solo\/","title":{"rendered":"AKULIIDESFREES EINHELL TE-BJ 18 LI SOLO"},"content":{"rendered":"<div class=\"row\"  id=\"row-1928649745\">\n\n\t<div id=\"col-1841065283\" class=\"col medium-9 small-12 large-9\"  >\n\t\t\t\t<div class=\"col-inner\"  >\n\t\t\t\n\t\t\t\n<h3>Akuliidesfrees Einhell TE-BJ 18 Li-Solo<\/h3>\n<div class=\"message-box relative\" style=\"padding-top:15px;padding-bottom:15px;\"><div class=\"message-box-bg-image bg-fill fill\" ><\/div><div class=\"message-box-bg-overlay bg-fill fill\" ><\/div><div class=\"container relative\"><div class=\"inner last-reset\">\n<div class=\"row align-middle align-center\"  id=\"row-1620698785\">\n\n\t<div id=\"col-1860731709\" class=\"col small-12 large-12\"  >\n\t\t\t\t<div class=\"col-inner text-left\"  >\n\t\t\t\n\t\t\t\n<h4>Omadused<\/h4>\n<div class=\"row\"  id=\"row-282981881\">\n\n\t<div id=\"col-765996926\" class=\"col medium-6 small-12 large-6\"  >\n\t\t\t\t<div class=\"col-inner\"  >\n\t\t\t\n\t\t\t\n<p><i class=\"far fa-check-circle fa-2x\"><\/i><strong>\u00a0Power X-Change&#8217;i tootepere liige <\/strong><\/p>\n<p><i class=\"far fa-check-circle fa-2x\"><\/i><strong> 6-astmeline l\u00f5ikes\u00fcgavuse kiirseadistus\u00a0<\/strong><\/p>\n<p><i class=\"far fa-check-circle fa-2x\"><\/i><strong> T\u00e4isalumiiniumist ehitus <\/strong><\/p>\n<p><i class=\"far fa-check-circle fa-2x\"><\/i><strong> Otsv\u00f5ti freesi vahetamiseks\u00a0<\/strong><\/p>\n\t\t<\/div>\n\t\t\t\t\n<style>\n#col-765996926 > .col-inner {\n  margin: 0px 0px 15px 0px;\n}\n<\/style>\n\t<\/div>\n\n\t\n\n\t<div id=\"col-1796896426\" class=\"col medium-6 small-12 large-6\"  >\n\t\t\t\t<div class=\"col-inner\"  >\n\t\t\t\n\t\t\t\n<p><i class=\"far fa-check-circle fa-2x\"><\/i><strong> Sujuvalt seadistatav k\u00f5rgus ja l\u00f5ikenurk<\/strong><\/p>\n<p><i class=\"far fa-check-circle fa-2x\"><\/i><strong> Spindlilukusti freesi h\u00f5lpsaks vahetamiseks\u00a0<\/strong><\/p>\n<p><i class=\"far fa-check-circle fa-2x\"><\/i><strong> Tolmukott\u00a0<\/strong><\/p>\n\t\t<\/div>\n\t\t\t\t\n<style>\n#col-1796896426 > .col-inner {\n  margin: 0px 0px 15px 0px;\n}\n<\/style>\n\t<\/div>\n\n\t\n<\/div>\n\t\t<\/div>\n\t\t\t\t\t<\/div>\n\n\t\n<\/div>\n<\/div><\/div><\/div>\n\t<div id=\"gap-323755854\" class=\"gap-element clearfix\" style=\"display:block; height:auto;\">\n\t\t\n<style>\n#gap-323755854 {\n  padding-top: 30px;\n}\n<\/style>\n\t<\/div>\n\t\n<h3>Tootekirjeldus<\/h3>\n<p>Einhell TE-BJ 18 Li akuliidesfrees on juhtmeta ja t\u00e4pne abimees: Power X-Change&#8217;i tootepere liikmena saab freesi kasutada elektri\u00fchendusest s\u00f5ltumatult ja see on koheseks kasutamiseks valmis.  T\u00e4nu sujuvalt muudetavale nurgale ja k\u00f5rguse seadmise v\u00f5imalusele saab teha keerukaid tarindeid. Kiirseadistuse abil saab freesimiss\u00fcgavuse seada h\u00f5lpsalt kuuele erinevale tasemele. Alumiiniumkonstruktsioon tagab freesimiseks laitmatu j\u00e4ikuse. Spindlilukusti h\u00f5lbustab freesi kiiret vahetamist. Tarvikute hulgas on otsv\u00f5ti freesi vahetamiseks, tolmukott puhtaks t\u00f6\u00f6tamiseks. Freesi saab \u00fchendada ka m\u00e4rg- ning kuivtolmuimuritega.<br \/>\nAku ja laadijata mudel. <\/p>\n\t<div id=\"gap-1149067924\" class=\"gap-element clearfix\" style=\"display:block; height:auto;\">\n\t\t\n<style>\n#gap-1149067924 {\n  padding-top: 30px;\n}\n<\/style>\n\t<\/div>\n\t\n\t\t<\/div>\n\t\t\t\t\t<\/div>\n\n\t\n\n\t<div id=\"col-7308621\" class=\"col medium-3 small-12 large-3\"  >\n\t\t\t\t<div class=\"col-inner\"  >\n\t\t\t\n\t\t\t\n\t<div id=\"gap-1229464994\" class=\"gap-element clearfix\" style=\"display:block; height:auto;\">\n\t\t\n<style>\n#gap-1229464994 {\n  padding-top: 30px;\n}\n<\/style>\n\t<\/div>\n\t\n<h3>Kasutusjuhend<\/h3>\n<p><a href=\"https:\/\/espak.ee\/epood\/wp-content\/uploads\/2022\/06\/Akuliidesfrees_Einhell_TE-BJ_18_LI_4350630_est.pdf\"target=\"_blank\" rel=\"noopener noreferrer\"><i class=\"far fa-file-pdf\"><\/i> Kasutusjuhend (PDF)<\/a><\/p>\n<div class=\"is-divider divider clearfix\" ><\/div>\n<p><strong>\u00dcksikasjalikuma n\u00f5u saamiseks v\u00f5tke \u00fchendust:<br \/><\/strong>Espak AS<br \/>Viadukti 42<br \/>11313<br \/>Tallinn<br \/>+372 6 512333<\/p>\n\t\t<\/div>\n\t\t\t\t\t<\/div>\n\n\t\n<\/div>\n","protected":false},"excerpt":{"rendered":"","protected":false},"featured_media":125485,"comment_status":"closed","ping_status":"closed","template":"","meta":[],"product_brand":[],"product_cat":[2741,2733,2680,2679],"product_tag":[],"class_list":{"0":"post-123843","1":"product","2":"type-product","3":"status-publish","4":"has-post-thumbnail","6":"product_cat-akuga-eritooriistad","7":"product_cat-akutooriistad","8":"product_cat-elektritooriistad","9":"product_cat-tooriistad","10":"pa_kaubamark-einhell","12":"first","13":"instock","14":"sale","15":"taxable","16":"shipping-taxable","17":"purchasable","18":"product-type-simple"},"yoast_head":"<!-- This site is optimized with the Yoast SEO plugin v26.9 - https:\/\/yoast.com\/product\/yoast-seo-wordpress\/ -->\n<title>AKULIIDESFREES EINHELL TE-BJ 18 LI SOLO - Espak E-pood<\/title>\n<meta name=\"robots\" content=\"index, follow, max-snippet:-1, max-image-preview:large, max-video-preview:-1\" \/>\n<link rel=\"canonical\" href=\"https:\/\/espak.ee\/epood\/toode\/akuliidesfrees-einhell-te-bj-18-li-solo\/\" \/>\n<meta property=\"og:locale\" content=\"et_EE\" \/>\n<meta property=\"og:type\" content=\"article\" \/>\n<meta property=\"og:title\" content=\"AKULIIDESFREES EINHELL TE-BJ 18 LI SOLO - Espak E-pood\" \/>\n<meta property=\"og:url\" content=\"https:\/\/espak.ee\/epood\/toode\/akuliidesfrees-einhell-te-bj-18-li-solo\/\" \/>\n<meta property=\"og:site_name\" content=\"Espak E-pood\" \/>\n<meta property=\"article:modified_time\" content=\"2024-03-23T01:06:10+00:00\" \/>\n<meta property=\"og:image\" content=\"https:\/\/espak.ee\/epood\/wp-content\/uploads\/2022\/06\/4350630_21011_002_TE_BJ_18_Li_Solo_RAL3002_Pic.jpg\" \/>\n\t<meta property=\"og:image:width\" content=\"800\" \/>\n\t<meta property=\"og:image:height\" content=\"800\" \/>\n\t<meta property=\"og:image:type\" content=\"image\/jpeg\" \/>\n<meta name=\"twitter:card\" content=\"summary_large_image\" \/>\n<meta name=\"twitter:label1\" content=\"Est. reading time\" \/>\n\t<meta name=\"twitter:data1\" content=\"1 minut\" \/>\n<script type=\"application\/ld+json\" class=\"yoast-schema-graph\">{\"@context\":\"https:\/\/schema.org\",\"@graph\":[{\"@type\":\"WebPage\",\"@id\":\"https:\/\/espak.ee\/epood\/toode\/akuliidesfrees-einhell-te-bj-18-li-solo\/\",\"url\":\"https:\/\/espak.ee\/epood\/toode\/akuliidesfrees-einhell-te-bj-18-li-solo\/\",\"name\":\"AKULIIDESFREES EINHELL TE-BJ 18 LI SOLO - Espak E-pood\",\"isPartOf\":{\"@id\":\"https:\/\/espak.ee\/epood\/#website\"},\"primaryImageOfPage\":{\"@id\":\"https:\/\/espak.ee\/epood\/toode\/akuliidesfrees-einhell-te-bj-18-li-solo\/#primaryimage\"},\"image\":{\"@id\":\"https:\/\/espak.ee\/epood\/toode\/akuliidesfrees-einhell-te-bj-18-li-solo\/#primaryimage\"},\"thumbnailUrl\":\"https:\/\/espak.ee\/epood\/wp-content\/uploads\/2022\/06\/4350630_21011_002_TE_BJ_18_Li_Solo_RAL3002_Pic.jpg\",\"datePublished\":\"2022-06-21T06:22:00+00:00\",\"dateModified\":\"2024-03-23T01:06:10+00:00\",\"breadcrumb\":{\"@id\":\"https:\/\/espak.ee\/epood\/toode\/akuliidesfrees-einhell-te-bj-18-li-solo\/#breadcrumb\"},\"inLanguage\":\"et\",\"potentialAction\":[{\"@type\":\"ReadAction\",\"target\":[\"https:\/\/espak.ee\/epood\/toode\/akuliidesfrees-einhell-te-bj-18-li-solo\/\"]}]},{\"@type\":\"ImageObject\",\"inLanguage\":\"et\",\"@id\":\"https:\/\/espak.ee\/epood\/toode\/akuliidesfrees-einhell-te-bj-18-li-solo\/#primaryimage\",\"url\":\"https:\/\/espak.ee\/epood\/wp-content\/uploads\/2022\/06\/4350630_21011_002_TE_BJ_18_Li_Solo_RAL3002_Pic.jpg\",\"contentUrl\":\"https:\/\/espak.ee\/epood\/wp-content\/uploads\/2022\/06\/4350630_21011_002_TE_BJ_18_Li_Solo_RAL3002_Pic.jpg\",\"width\":800,\"height\":800},{\"@type\":\"BreadcrumbList\",\"@id\":\"https:\/\/espak.ee\/epood\/toode\/akuliidesfrees-einhell-te-bj-18-li-solo\/#breadcrumb\",\"itemListElement\":[{\"@type\":\"ListItem\",\"position\":1,\"name\":\"Home\",\"item\":\"https:\/\/espak.ee\/epood\/\"},{\"@type\":\"ListItem\",\"position\":2,\"name\":\"Tootevalik\",\"item\":\"https:\/\/espak.ee\/epood\/tootevalik\/\"},{\"@type\":\"ListItem\",\"position\":3,\"name\":\"AKULIIDESFREES EINHELL TE-BJ 18 LI SOLO\"}]},{\"@type\":\"WebSite\",\"@id\":\"https:\/\/espak.ee\/epood\/#website\",\"url\":\"https:\/\/espak.ee\/epood\/\",\"name\":\"Espak E-pood\",\"description\":\"\",\"potentialAction\":[{\"@type\":\"SearchAction\",\"target\":{\"@type\":\"EntryPoint\",\"urlTemplate\":\"https:\/\/espak.ee\/epood\/?s={search_term_string}\"},\"query-input\":{\"@type\":\"PropertyValueSpecification\",\"valueRequired\":true,\"valueName\":\"search_term_string\"}}],\"inLanguage\":\"et\"}]}<\/script>\n<!-- \/ Yoast SEO plugin. -->","yoast_head_json":{"title":"AKULIIDESFREES EINHELL TE-BJ 18 LI SOLO - Espak E-pood","robots":{"index":"index","follow":"follow","max-snippet":"max-snippet:-1","max-image-preview":"max-image-preview:large","max-video-preview":"max-video-preview:-1"},"canonical":"https:\/\/espak.ee\/epood\/toode\/akuliidesfrees-einhell-te-bj-18-li-solo\/","og_locale":"et_EE","og_type":"article","og_title":"AKULIIDESFREES EINHELL TE-BJ 18 LI SOLO - Espak E-pood","og_url":"https:\/\/espak.ee\/epood\/toode\/akuliidesfrees-einhell-te-bj-18-li-solo\/","og_site_name":"Espak E-pood","article_modified_time":"2024-03-23T01:06:10+00:00","og_image":[{"width":800,"height":800,"url":"https:\/\/espak.ee\/epood\/wp-content\/uploads\/2022\/06\/4350630_21011_002_TE_BJ_18_Li_Solo_RAL3002_Pic.jpg","type":"image\/jpeg"}],"twitter_card":"summary_large_image","twitter_misc":{"Est. reading time":"1 minut"},"schema":{"@context":"https:\/\/schema.org","@graph":[{"@type":"WebPage","@id":"https:\/\/espak.ee\/epood\/toode\/akuliidesfrees-einhell-te-bj-18-li-solo\/","url":"https:\/\/espak.ee\/epood\/toode\/akuliidesfrees-einhell-te-bj-18-li-solo\/","name":"AKULIIDESFREES EINHELL TE-BJ 18 LI SOLO - Espak E-pood","isPartOf":{"@id":"https:\/\/espak.ee\/epood\/#website"},"primaryImageOfPage":{"@id":"https:\/\/espak.ee\/epood\/toode\/akuliidesfrees-einhell-te-bj-18-li-solo\/#primaryimage"},"image":{"@id":"https:\/\/espak.ee\/epood\/toode\/akuliidesfrees-einhell-te-bj-18-li-solo\/#primaryimage"},"thumbnailUrl":"https:\/\/espak.ee\/epood\/wp-content\/uploads\/2022\/06\/4350630_21011_002_TE_BJ_18_Li_Solo_RAL3002_Pic.jpg","datePublished":"2022-06-21T06:22:00+00:00","dateModified":"2024-03-23T01:06:10+00:00","breadcrumb":{"@id":"https:\/\/espak.ee\/epood\/toode\/akuliidesfrees-einhell-te-bj-18-li-solo\/#breadcrumb"},"inLanguage":"et","potentialAction":[{"@type":"ReadAction","target":["https:\/\/espak.ee\/epood\/toode\/akuliidesfrees-einhell-te-bj-18-li-solo\/"]}]},{"@type":"ImageObject","inLanguage":"et","@id":"https:\/\/espak.ee\/epood\/toode\/akuliidesfrees-einhell-te-bj-18-li-solo\/#primaryimage","url":"https:\/\/espak.ee\/epood\/wp-content\/uploads\/2022\/06\/4350630_21011_002_TE_BJ_18_Li_Solo_RAL3002_Pic.jpg","contentUrl":"https:\/\/espak.ee\/epood\/wp-content\/uploads\/2022\/06\/4350630_21011_002_TE_BJ_18_Li_Solo_RAL3002_Pic.jpg","width":800,"height":800},{"@type":"BreadcrumbList","@id":"https:\/\/espak.ee\/epood\/toode\/akuliidesfrees-einhell-te-bj-18-li-solo\/#breadcrumb","itemListElement":[{"@type":"ListItem","position":1,"name":"Home","item":"https:\/\/espak.ee\/epood\/"},{"@type":"ListItem","position":2,"name":"Tootevalik","item":"https:\/\/espak.ee\/epood\/tootevalik\/"},{"@type":"ListItem","position":3,"name":"AKULIIDESFREES EINHELL TE-BJ 18 LI SOLO"}]},{"@type":"WebSite","@id":"https:\/\/espak.ee\/epood\/#website","url":"https:\/\/espak.ee\/epood\/","name":"Espak E-pood","description":"","potentialAction":[{"@type":"SearchAction","target":{"@type":"EntryPoint","urlTemplate":"https:\/\/espak.ee\/epood\/?s={search_term_string}"},"query-input":{"@type":"PropertyValueSpecification","valueRequired":true,"valueName":"search_term_string"}}],"inLanguage":"et"}]}},"_links":{"self":[{"href":"https:\/\/espak.ee\/epood\/wp-json\/wp\/v2\/product\/123843","targetHints":{"allow":["GET"]}}],"collection":[{"href":"https:\/\/espak.ee\/epood\/wp-json\/wp\/v2\/product"}],"about":[{"href":"https:\/\/espak.ee\/epood\/wp-json\/wp\/v2\/types\/product"}],"replies":[{"embeddable":true,"href":"https:\/\/espak.ee\/epood\/wp-json\/wp\/v2\/comments?post=123843"}],"wp:featuredmedia":[{"embeddable":true,"href":"https:\/\/espak.ee\/epood\/wp-json\/wp\/v2\/media\/125485"}],"wp:attachment":[{"href":"https:\/\/espak.ee\/epood\/wp-json\/wp\/v2\/media?parent=123843"}],"wp:term":[{"taxonomy":"product_brand","embeddable":true,"href":"https:\/\/espak.ee\/epood\/wp-json\/wp\/v2\/product_brand?post=123843"},{"taxonomy":"product_cat","embeddable":true,"href":"https:\/\/espak.ee\/epood\/wp-json\/wp\/v2\/product_cat?post=123843"},{"taxonomy":"product_tag","embeddable":true,"href":"https:\/\/espak.ee\/epood\/wp-json\/wp\/v2\/product_tag?post=123843"}],"curies":[{"name":"wp","href":"https:\/\/api.w.org\/{rel}","templated":true}]}}