{"id":123639,"date":"2022-06-18T06:19:14","date_gmt":"2022-06-18T06:19:14","guid":{"rendered":"https:\/\/espak.ee\/epood\/?post_type=product&#038;p=123639"},"modified":"2024-03-23T03:06:24","modified_gmt":"2024-03-23T01:06:24","slug":"robotmuruniiduk-gardena-smart-sileno-life-1250m%c2%b2","status":"publish","type":"product","link":"https:\/\/espak.ee\/epood\/toode\/robotmuruniiduk-gardena-smart-sileno-life-1250m%c2%b2\/","title":{"rendered":"ROBOTMURUNIIDUK GARDENA SMART SILENO LIFE 1250M\u00b2"},"content":{"rendered":"<div class=\"row\"  id=\"row-2117054030\">\n\n\t<div id=\"col-1050121647\" class=\"col medium-9 small-12 large-9\"  >\n\t\t\t\t<div class=\"col-inner\"  >\n\t\t\t\n\t\t\t\n<h2>Robotmuruniiduk Gardena Smart Sileno Life 1250m2<\/h2>\n<div class=\"message-box relative\" style=\"padding-top:15px;padding-bottom:15px;\"><div class=\"message-box-bg-image bg-fill fill\" ><\/div><div class=\"message-box-bg-overlay bg-fill fill\" ><\/div><div class=\"container relative\"><div class=\"inner last-reset\">\n<div class=\"row align-middle align-center\"  id=\"row-2015431935\">\n\n\t<div id=\"col-298354706\" class=\"col small-12 large-12\"  >\n\t\t\t\t<div class=\"col-inner text-left\"  >\n\t\t\t\n\t\t\t\n<h4>Omadused<\/h4>\n<div class=\"row\"  id=\"row-1636553345\">\n\n\t<div id=\"col-1063144669\" class=\"col medium-6 small-12 large-6\"  >\n\t\t\t\t<div class=\"col-inner\"  >\n\t\t\t\n\t\t\t\n<p><i class=\"fa fa-check fa-2x\"><\/i> <strong> Intelligentne LONA tehnoloogia<\/strong><\/p>\n<p><i class=\"fa fa-check fa-2x\"><\/i> <strong> Parem navigeerimine, eriti t\u00e4pne<\/strong><\/p>\n\t\t<\/div>\n\t\t\t\t\n<style>\n#col-1063144669 > .col-inner {\n  margin: 0px 0px 15px 0px;\n}\n<\/style>\n\t<\/div>\n\n\t\n\n\t<div id=\"col-1103281902\" class=\"col medium-6 small-12 large-6\"  >\n\t\t\t\t<div class=\"col-inner\"  >\n\t\t\t\n\t\t\t\n<p><i class=\"fa fa-check fa-2x\"><\/i> <strong> Iga ilmaga<\/strong><\/p>\n<p><i class=\"fa fa-check fa-2x\"><\/i> <strong> Nutikas k\u00fclmaandur tuvastab k\u00fclmumispunktile l\u00e4henevad temperatuurid<\/strong><\/p>\n\t\t<\/div>\n\t\t\t\t\n<style>\n#col-1103281902 > .col-inner {\n  margin: 0px 0px 15px 0px;\n}\n<\/style>\n\t<\/div>\n\n\t\n<\/div>\n\t\t<\/div>\n\t\t\t\t\t<\/div>\n\n\t\n<\/div>\n<\/div><\/div><\/div>\n\t<div id=\"gap-1215366571\" class=\"gap-element clearfix\" style=\"display:block; height:auto;\">\n\t\t\n<style>\n#gap-1215366571 {\n  padding-top: 30px;\n}\n<\/style>\n\t<\/div>\n\t\n<p><strong>Kirjeldus:<\/strong><br \/>\nSmart robotniiduk kuni 1250 m\u00b2 aedadesse.<br \/>\nKoge lihtsat muruhooldust smart robotniidukiga: GARDENA smart SILENO life, 1250 m\u00b2 komplekt! T\u00e4nu GARDENA smart s\u00fcsteemile on sinu muruniiduk t\u00e4ielikult \u00fchendatud ning EasyApp Controliga saad oma aial igal pool viibides silma peal hoida. Koge smart muruhoolduse j\u00e4rgmist taset ja t\u00e4iesti uutmoodi suhtlust oma robotniidukiga. N\u00fc\u00fcd on sellel tehisintellektil p\u00f5hinev asukohaj\u00e4litusega kaardistustehnoloogia LONA, mis \u00f5pib, kaardistab ja kohandub individuaalsete aedadega. T\u00e4nu GARDENA smart-s\u00fcsteemi rakendusele on sul alati \u00fclevaade sellest, millist piirkonda niitma hakatakse ja saad oma aeda k\u00f5ikjal j\u00e4lgida. Selle abil saad igal ajal vaadata muruhoolduse kava seadistusi. T\u00e4nu funktsioonile Zone Management saad paindlikult m\u00e4\u00e4rata, milliseid piirkondi millal ja kui tihti niita. ZoneProtect v\u00f5imaldab m\u00e4\u00e4rata kohad, kust ei tohi niita, n\u00e4iteks loodusliku rohumaa kaitsmiseks. Lisaks v\u00f5imaldab rakendus hoida igal ajal silma peal niiduki asukohal. Rakenduses GARDENA smart sisalduv LONA Intelligence muutub pidevalt t\u00e4iuslikumaks ning pakub 2022. aastal ja edaspidi meie klientidele veel p\u00f5nevamaid ja praktilisemaid omadusi. See t\u00f5hus aiaabiline on oma klassi parima m\u00fcratasemega \u2013 vaid 57 db(A) \u2013 eriti vaikne, mist\u00f5ttu saad sina rahus aeda nautida, samal ajal kui tema t\u00f6\u00f6d teeb. H\u00e4sti l\u00e4bi m\u00f5eldud CorridorCut juhib robotniidukit ilma igasuguste probleemideta piirdekaablite vahele j\u00e4\u00e4val vaid 60 cm laiusel alal ja nurkades, mis tuleb tavaliselt k\u00e4sitsi \u00fcle k\u00e4ia. CorridorCut juhib robotniiduki koguni keerulistest tupikutest v\u00e4lja. Rakendusel GARDENA smart on planeerimisabiline, mis aitab aeda korras hoida. Sinu kava alusel kuid juhituna SensorControli poolt otsustab robot ise kui tihti muru niita on vaja. See t\u00f5hus v\u00e4ike aednik asub t\u00f6\u00f6le k\u00f5ige sobivamal hetkel just siis kui vaja, v\u00f5ttes arvesse muru kasvu. Uuenduslik kohtniitmise funktsioon, spiraalniitmine, v\u00f5imaldab smart SILENO cityl t\u00f6\u00f6tada ka teistes raskesti ligip\u00e4\u00e4setavates kohtades. Kui t\u00f6\u00f6 on valmis, l\u00e4heb smart SILENO city automaatselt laadimisjaama tagasi. See vastupidav muruniiduk sobib kasutamiseks igal aastaajal, olles t\u00f5eline ilma- ja maastikuasjatundja. Robotniiduk saab aru kui pinnas on k\u00fclmunud ning peatab programmi seniks, kuni pinnas taas \u00fcles sulab. See saab hakkama koguni kuni 35% kaldega n\u00f5lvadel. Smart SILENO cityl on terve hulk kasulikke funktsioone, millega saad tutvuda rakenduses GARDENA smart. EasyConfig juhendab sind paigaldamisel, Auto Schedule\u2019iga v\u00f5id kindel olla, et smart SILENO city teab, millal ja kuidas sinu muru niita ning SmartHome\u2019i abil saad juhtida oma smart SILENO cityt h\u00e4\u00e4lk\u00e4sklustega Alexa virtuaalassistendi kaudu. Lisaks v\u00f5imaldab taimekataloog avastada k\u00f5ike, mida taimemaailmast teada on vaja. Meie GARDENA smarti tootesari pakub koos smart SILENO cityga t\u00f5esti t\u00e4ielikku smart kogemust. SILENO.<\/p>\n<p>* GARDENA smart-s\u00fcsteemi rakenduse ja GARDENA smart gardeni t\u00f6\u00f6riista funktsioonide kasutamiseks tuleb enne veebis registreerumist luua GARDENA v\u00f5i Husqvarna kontserni konto.\n<\/p>\n\t\t<\/div>\n\t\t\t\t\t<\/div>\n\n\t\n\n\t<div id=\"col-3757393\" class=\"col medium-3 small-12 large-3\"  >\n\t\t\t\t<div class=\"col-inner\"  >\n\t\t\t\n\t\t\t\n\t<div id=\"gap-1100217449\" class=\"gap-element clearfix\" style=\"display:block; height:auto;\">\n\t\t\n<style>\n#gap-1100217449 {\n  padding-top: 30px;\n}\n<\/style>\n\t<\/div>\n\t\n<div class=\"is-divider divider clearfix\" ><\/div>\n<p><strong>\u00dcksikasjalikuma n\u00f5u saamiseks v\u00f5tke \u00fchendust:<br \/><\/strong>Espak AS<br \/>Viadukti 42<br \/>11313<br \/>Tallinn<br \/>+372 6 512333<\/p>\n<div class=\"is-divider divider clearfix\" ><\/div>\n\t\t<\/div>\n\t\t\t\t\t<\/div>\n\n\t\n<\/div>\n","protected":false},"excerpt":{"rendered":"","protected":false},"featured_media":135356,"comment_status":"closed","ping_status":"closed","template":"","meta":[],"product_brand":[],"product_cat":[2789,2788,2790,3118],"product_tag":[],"class_list":{"0":"post-123639","1":"product","2":"type-product","3":"status-publish","4":"has-post-thumbnail","6":"product_cat-aiatarbed","7":"product_cat-aiatarbed-ja-kodukaubad","8":"product_cat-aiatehnika","9":"product_cat-iseliikuvad-muruniidukid","10":"pa_kaubamark-husqvarna-eesti-ou","12":"first","13":"instock","14":"sale","15":"taxable","16":"shipping-taxable","17":"purchasable","18":"product-type-simple"},"yoast_head":"<!-- This site is optimized with the Yoast SEO plugin v26.9 - https:\/\/yoast.com\/product\/yoast-seo-wordpress\/ -->\n<title>ROBOTMURUNIIDUK GARDENA SMART SILENO LIFE 1250M\u00b2 - Espak E-pood<\/title>\n<meta name=\"robots\" content=\"index, follow, max-snippet:-1, max-image-preview:large, max-video-preview:-1\" \/>\n<link rel=\"canonical\" href=\"https:\/\/espak.ee\/epood\/toode\/robotmuruniiduk-gardena-smart-sileno-life-1250m\u00b2\/\" \/>\n<meta property=\"og:locale\" content=\"et_EE\" \/>\n<meta property=\"og:type\" content=\"article\" \/>\n<meta property=\"og:title\" content=\"ROBOTMURUNIIDUK GARDENA SMART SILENO LIFE 1250M\u00b2 - Espak E-pood\" \/>\n<meta property=\"og:url\" content=\"https:\/\/espak.ee\/epood\/toode\/robotmuruniiduk-gardena-smart-sileno-life-1250m\u00b2\/\" \/>\n<meta property=\"og:site_name\" content=\"Espak E-pood\" \/>\n<meta property=\"article:modified_time\" content=\"2024-03-23T01:06:24+00:00\" \/>\n<meta property=\"og:image\" content=\"https:\/\/espak.ee\/epood\/wp-content\/uploads\/2022\/06\/MR-238701-2.jpg\" \/>\n\t<meta property=\"og:image:width\" content=\"800\" \/>\n\t<meta property=\"og:image:height\" content=\"800\" \/>\n\t<meta property=\"og:image:type\" content=\"image\/jpeg\" \/>\n<meta name=\"twitter:card\" content=\"summary_large_image\" \/>\n<meta name=\"twitter:label1\" content=\"Est. reading time\" \/>\n\t<meta name=\"twitter:data1\" content=\"3 minutit\" \/>\n<script type=\"application\/ld+json\" class=\"yoast-schema-graph\">{\"@context\":\"https:\/\/schema.org\",\"@graph\":[{\"@type\":\"WebPage\",\"@id\":\"https:\/\/espak.ee\/epood\/toode\/robotmuruniiduk-gardena-smart-sileno-life-1250m%c2%b2\/\",\"url\":\"https:\/\/espak.ee\/epood\/toode\/robotmuruniiduk-gardena-smart-sileno-life-1250m%c2%b2\/\",\"name\":\"ROBOTMURUNIIDUK GARDENA SMART SILENO LIFE 1250M\u00b2 - Espak E-pood\",\"isPartOf\":{\"@id\":\"https:\/\/espak.ee\/epood\/#website\"},\"primaryImageOfPage\":{\"@id\":\"https:\/\/espak.ee\/epood\/toode\/robotmuruniiduk-gardena-smart-sileno-life-1250m%c2%b2\/#primaryimage\"},\"image\":{\"@id\":\"https:\/\/espak.ee\/epood\/toode\/robotmuruniiduk-gardena-smart-sileno-life-1250m%c2%b2\/#primaryimage\"},\"thumbnailUrl\":\"https:\/\/espak.ee\/epood\/wp-content\/uploads\/2022\/06\/MR-238701-2.jpg\",\"datePublished\":\"2022-06-18T06:19:14+00:00\",\"dateModified\":\"2024-03-23T01:06:24+00:00\",\"breadcrumb\":{\"@id\":\"https:\/\/espak.ee\/epood\/toode\/robotmuruniiduk-gardena-smart-sileno-life-1250m%c2%b2\/#breadcrumb\"},\"inLanguage\":\"et\",\"potentialAction\":[{\"@type\":\"ReadAction\",\"target\":[\"https:\/\/espak.ee\/epood\/toode\/robotmuruniiduk-gardena-smart-sileno-life-1250m%c2%b2\/\"]}]},{\"@type\":\"ImageObject\",\"inLanguage\":\"et\",\"@id\":\"https:\/\/espak.ee\/epood\/toode\/robotmuruniiduk-gardena-smart-sileno-life-1250m%c2%b2\/#primaryimage\",\"url\":\"https:\/\/espak.ee\/epood\/wp-content\/uploads\/2022\/06\/MR-238701-2.jpg\",\"contentUrl\":\"https:\/\/espak.ee\/epood\/wp-content\/uploads\/2022\/06\/MR-238701-2.jpg\",\"width\":800,\"height\":800},{\"@type\":\"BreadcrumbList\",\"@id\":\"https:\/\/espak.ee\/epood\/toode\/robotmuruniiduk-gardena-smart-sileno-life-1250m%c2%b2\/#breadcrumb\",\"itemListElement\":[{\"@type\":\"ListItem\",\"position\":1,\"name\":\"Home\",\"item\":\"https:\/\/espak.ee\/epood\/\"},{\"@type\":\"ListItem\",\"position\":2,\"name\":\"Tootevalik\",\"item\":\"https:\/\/espak.ee\/epood\/tootevalik\/\"},{\"@type\":\"ListItem\",\"position\":3,\"name\":\"ROBOTMURUNIIDUK GARDENA SMART SILENO LIFE 1250M\u00b2\"}]},{\"@type\":\"WebSite\",\"@id\":\"https:\/\/espak.ee\/epood\/#website\",\"url\":\"https:\/\/espak.ee\/epood\/\",\"name\":\"Espak E-pood\",\"description\":\"\",\"potentialAction\":[{\"@type\":\"SearchAction\",\"target\":{\"@type\":\"EntryPoint\",\"urlTemplate\":\"https:\/\/espak.ee\/epood\/?s={search_term_string}\"},\"query-input\":{\"@type\":\"PropertyValueSpecification\",\"valueRequired\":true,\"valueName\":\"search_term_string\"}}],\"inLanguage\":\"et\"}]}<\/script>\n<!-- \/ Yoast SEO plugin. -->","yoast_head_json":{"title":"ROBOTMURUNIIDUK GARDENA SMART SILENO LIFE 1250M\u00b2 - Espak E-pood","robots":{"index":"index","follow":"follow","max-snippet":"max-snippet:-1","max-image-preview":"max-image-preview:large","max-video-preview":"max-video-preview:-1"},"canonical":"https:\/\/espak.ee\/epood\/toode\/robotmuruniiduk-gardena-smart-sileno-life-1250m\u00b2\/","og_locale":"et_EE","og_type":"article","og_title":"ROBOTMURUNIIDUK GARDENA SMART SILENO LIFE 1250M\u00b2 - Espak E-pood","og_url":"https:\/\/espak.ee\/epood\/toode\/robotmuruniiduk-gardena-smart-sileno-life-1250m\u00b2\/","og_site_name":"Espak E-pood","article_modified_time":"2024-03-23T01:06:24+00:00","og_image":[{"width":800,"height":800,"url":"https:\/\/espak.ee\/epood\/wp-content\/uploads\/2022\/06\/MR-238701-2.jpg","type":"image\/jpeg"}],"twitter_card":"summary_large_image","twitter_misc":{"Est. reading time":"3 minutit"},"schema":{"@context":"https:\/\/schema.org","@graph":[{"@type":"WebPage","@id":"https:\/\/espak.ee\/epood\/toode\/robotmuruniiduk-gardena-smart-sileno-life-1250m%c2%b2\/","url":"https:\/\/espak.ee\/epood\/toode\/robotmuruniiduk-gardena-smart-sileno-life-1250m%c2%b2\/","name":"ROBOTMURUNIIDUK GARDENA SMART SILENO LIFE 1250M\u00b2 - Espak E-pood","isPartOf":{"@id":"https:\/\/espak.ee\/epood\/#website"},"primaryImageOfPage":{"@id":"https:\/\/espak.ee\/epood\/toode\/robotmuruniiduk-gardena-smart-sileno-life-1250m%c2%b2\/#primaryimage"},"image":{"@id":"https:\/\/espak.ee\/epood\/toode\/robotmuruniiduk-gardena-smart-sileno-life-1250m%c2%b2\/#primaryimage"},"thumbnailUrl":"https:\/\/espak.ee\/epood\/wp-content\/uploads\/2022\/06\/MR-238701-2.jpg","datePublished":"2022-06-18T06:19:14+00:00","dateModified":"2024-03-23T01:06:24+00:00","breadcrumb":{"@id":"https:\/\/espak.ee\/epood\/toode\/robotmuruniiduk-gardena-smart-sileno-life-1250m%c2%b2\/#breadcrumb"},"inLanguage":"et","potentialAction":[{"@type":"ReadAction","target":["https:\/\/espak.ee\/epood\/toode\/robotmuruniiduk-gardena-smart-sileno-life-1250m%c2%b2\/"]}]},{"@type":"ImageObject","inLanguage":"et","@id":"https:\/\/espak.ee\/epood\/toode\/robotmuruniiduk-gardena-smart-sileno-life-1250m%c2%b2\/#primaryimage","url":"https:\/\/espak.ee\/epood\/wp-content\/uploads\/2022\/06\/MR-238701-2.jpg","contentUrl":"https:\/\/espak.ee\/epood\/wp-content\/uploads\/2022\/06\/MR-238701-2.jpg","width":800,"height":800},{"@type":"BreadcrumbList","@id":"https:\/\/espak.ee\/epood\/toode\/robotmuruniiduk-gardena-smart-sileno-life-1250m%c2%b2\/#breadcrumb","itemListElement":[{"@type":"ListItem","position":1,"name":"Home","item":"https:\/\/espak.ee\/epood\/"},{"@type":"ListItem","position":2,"name":"Tootevalik","item":"https:\/\/espak.ee\/epood\/tootevalik\/"},{"@type":"ListItem","position":3,"name":"ROBOTMURUNIIDUK GARDENA SMART SILENO LIFE 1250M\u00b2"}]},{"@type":"WebSite","@id":"https:\/\/espak.ee\/epood\/#website","url":"https:\/\/espak.ee\/epood\/","name":"Espak E-pood","description":"","potentialAction":[{"@type":"SearchAction","target":{"@type":"EntryPoint","urlTemplate":"https:\/\/espak.ee\/epood\/?s={search_term_string}"},"query-input":{"@type":"PropertyValueSpecification","valueRequired":true,"valueName":"search_term_string"}}],"inLanguage":"et"}]}},"_links":{"self":[{"href":"https:\/\/espak.ee\/epood\/wp-json\/wp\/v2\/product\/123639","targetHints":{"allow":["GET"]}}],"collection":[{"href":"https:\/\/espak.ee\/epood\/wp-json\/wp\/v2\/product"}],"about":[{"href":"https:\/\/espak.ee\/epood\/wp-json\/wp\/v2\/types\/product"}],"replies":[{"embeddable":true,"href":"https:\/\/espak.ee\/epood\/wp-json\/wp\/v2\/comments?post=123639"}],"wp:featuredmedia":[{"embeddable":true,"href":"https:\/\/espak.ee\/epood\/wp-json\/wp\/v2\/media\/135356"}],"wp:attachment":[{"href":"https:\/\/espak.ee\/epood\/wp-json\/wp\/v2\/media?parent=123639"}],"wp:term":[{"taxonomy":"product_brand","embeddable":true,"href":"https:\/\/espak.ee\/epood\/wp-json\/wp\/v2\/product_brand?post=123639"},{"taxonomy":"product_cat","embeddable":true,"href":"https:\/\/espak.ee\/epood\/wp-json\/wp\/v2\/product_cat?post=123639"},{"taxonomy":"product_tag","embeddable":true,"href":"https:\/\/espak.ee\/epood\/wp-json\/wp\/v2\/product_tag?post=123639"}],"curies":[{"name":"wp","href":"https:\/\/api.w.org\/{rel}","templated":true}]}}