{"id":123539,"date":"2022-06-17T01:48:02","date_gmt":"2022-06-17T01:48:02","guid":{"rendered":"https:\/\/espak.ee\/epood\/?post_type=product&#038;p=123539"},"modified":"2024-06-17T14:43:57","modified_gmt":"2024-06-17T11:43:57","slug":"wc-pott-seinapealne-uni-chrome-ravak","status":"publish","type":"product","link":"https:\/\/espak.ee\/epood\/toode\/wc-pott-seinapealne-uni-chrome-ravak\/","title":{"rendered":"WC POTT SEINAPEALNE UNI CHROME RAVAK &#8211; TELLIMISEL"},"content":{"rendered":"<div class=\"row\"  id=\"row-585849937\">\n\n\t<div id=\"col-487003272\" class=\"col medium-9 small-12 large-9\"  >\n\t\t\t\t<div class=\"col-inner\"  >\n\t\t\t\n\t\t\t\n<h2>WC-pott Uni Chrome Rim &#8211; TELLIMISEL<\/h2>\n<p>WC-pottide Uni Chrome Rim serv on spetsiaalselt vormitud nii, et see v\u00f5imaldaks lihtsamat juurdep\u00e4\u00e4su, v\u00f5rreldes klassikalise s\u00fcgava servaga. Kuna ka poti alumine, mitten\u00e4htav osa on glasuuritud, lihtsustab see WCs puhtuse hoidmist. Nende WC-pottide esteetika on niimoodi l\u00e4bi m\u00f5eldud, et see sobiks ulatusliku vannitoasarjaga Chrome, mis sisaldab vannitoa jaoks kogu sisseseadet. Kuna WC-pott Uni Chrome Rim riputatakse seinale, lihtsustab see vannitoa v\u00f5i WC p\u00f5randa koristamist. Poti kinnituskohad on niimoodi varjatud, et need ei rikuks selle puhast ja terviklikku disaini. Ilma servade ja \u00e4\u00e4rteta, kuhu v\u00f5iks koguneda mustus.<br \/>\n<div class=\"is-divider divider clearfix\" ><\/div>\nM\u00f5\u00f5tmetega 360 x 510 x 350 mm (l\/s\/k).<br \/>\nKlambers\u00fcsteem \u2013 prill-laua eemaldamise v\u00f5imalus.<br \/>\nSoft Close \u2013 prill-laua aeglase langetamise s\u00fcsteem.<br \/>\nValmistamist\u00e4psus \u2013 glasuur ilma vajaduseta pinda t\u00e4iendavalt t\u00f6\u00f6delda.<br \/>\nMaterjali terviklikkus \u2013 \u00fches t\u00fckis, kergesti hooldatav ja h\u00fcgieeniline materjal.<br \/>\nKompaktne v\u00e4limus \u2013 ilma servade ja \u00e4\u00e4rteta, kuhu v\u00f5iks koguneda mustus.<br \/>\nWC-poti komplekti ei kuulu prill-laud, mis tuleb osta eraldi.<br \/>\nGarantii: 10 aastat.\n<\/p>\n\t<div id=\"gap-724833382\" class=\"gap-element clearfix\" style=\"display:block; height:auto;\">\n\t\t\n<style>\n#gap-724833382 {\n  padding-top: 30px;\n}\n<\/style>\n\t<\/div>\n\t\n\t\t<\/div>\n\t\t\t\t\t<\/div>\n\n\t\n\n\t<div id=\"col-630290743\" class=\"col medium-3 small-12 large-3\"  >\n\t\t\t\t<div class=\"col-inner\"  >\n\t\t\t\n\t\t\t\n<h3>Tootekataloog<\/h3>\n<p><a href=\"https:\/\/espak.ee\/epood\/wp-content\/uploads\/2022\/06\/ravak_collection_2022_ee.pdf\" target=\"_blank\" rel=\"noopener noreferrer\"><i class=\"far fa-file-pdf\"><\/i> Tootekataloog (PDF)<\/a><\/p>\n<div class=\"is-divider divider clearfix\" ><\/div>\n<p><strong>\u00dcksikasjalikuma n\u00f5u saamiseks v\u00f5tke \u00fchendust:<br \/><\/strong> Ravak Baltic UAB<br \/><a href=\"mailto:info@ravak.ee\">info@ravak.ee<\/a><\/p>\n<div class=\"is-divider divider clearfix\" ><\/div>\n\t\t<\/div>\n\t\t\t\t\t<\/div>\n\n\t\n<\/div>\n","protected":false},"excerpt":{"rendered":"","protected":false},"featured_media":133149,"comment_status":"closed","ping_status":"closed","template":"","meta":[],"product_brand":[],"product_cat":[2819,2820,2839,3195],"product_tag":[],"class_list":{"0":"post-123539","1":"product","2":"type-product","3":"status-publish","4":"has-post-thumbnail","6":"product_cat-sanitaartehnika","7":"product_cat-sanitaartehnika-sanitaartehnika","8":"product_cat-wc-potid","9":"product_cat-wc-potid-seinale-paigaldatavad","10":"pa_kaubamark-ravak-baltic-uab","12":"first","13":"onbackorder","14":"sale","15":"taxable","16":"shipping-taxable","17":"purchasable","18":"product-type-simple"},"yoast_head":"<!-- This site is optimized with the Yoast SEO plugin v26.9 - https:\/\/yoast.com\/product\/yoast-seo-wordpress\/ -->\n<title>WC POTT SEINAPEALNE UNI CHROME RAVAK - TELLIMISEL - Espak E-pood<\/title>\n<meta name=\"robots\" content=\"index, follow, max-snippet:-1, max-image-preview:large, max-video-preview:-1\" \/>\n<link rel=\"canonical\" href=\"https:\/\/espak.ee\/epood\/toode\/wc-pott-seinapealne-uni-chrome-ravak\/\" \/>\n<meta property=\"og:locale\" content=\"et_EE\" \/>\n<meta property=\"og:type\" content=\"article\" \/>\n<meta property=\"og:title\" content=\"WC POTT SEINAPEALNE UNI CHROME RAVAK - TELLIMISEL - Espak E-pood\" \/>\n<meta property=\"og:url\" content=\"https:\/\/espak.ee\/epood\/toode\/wc-pott-seinapealne-uni-chrome-ravak\/\" \/>\n<meta property=\"og:site_name\" content=\"Espak E-pood\" \/>\n<meta property=\"article:modified_time\" content=\"2024-06-17T11:43:57+00:00\" \/>\n<meta property=\"og:image\" content=\"https:\/\/espak.ee\/epood\/wp-content\/uploads\/2022\/06\/wc-uni-chrome1-2.jpg\" \/>\n\t<meta property=\"og:image:width\" content=\"800\" \/>\n\t<meta property=\"og:image:height\" content=\"800\" \/>\n\t<meta property=\"og:image:type\" content=\"image\/jpeg\" \/>\n<meta name=\"twitter:card\" content=\"summary_large_image\" \/>\n<meta name=\"twitter:label1\" content=\"Est. reading time\" \/>\n\t<meta name=\"twitter:data1\" content=\"1 minut\" \/>\n<script type=\"application\/ld+json\" class=\"yoast-schema-graph\">{\"@context\":\"https:\/\/schema.org\",\"@graph\":[{\"@type\":\"WebPage\",\"@id\":\"https:\/\/espak.ee\/epood\/toode\/wc-pott-seinapealne-uni-chrome-ravak\/\",\"url\":\"https:\/\/espak.ee\/epood\/toode\/wc-pott-seinapealne-uni-chrome-ravak\/\",\"name\":\"WC POTT SEINAPEALNE UNI CHROME RAVAK - TELLIMISEL - Espak E-pood\",\"isPartOf\":{\"@id\":\"https:\/\/espak.ee\/epood\/#website\"},\"primaryImageOfPage\":{\"@id\":\"https:\/\/espak.ee\/epood\/toode\/wc-pott-seinapealne-uni-chrome-ravak\/#primaryimage\"},\"image\":{\"@id\":\"https:\/\/espak.ee\/epood\/toode\/wc-pott-seinapealne-uni-chrome-ravak\/#primaryimage\"},\"thumbnailUrl\":\"https:\/\/espak.ee\/epood\/wp-content\/uploads\/2022\/06\/wc-uni-chrome1-2.jpg\",\"datePublished\":\"2022-06-17T01:48:02+00:00\",\"dateModified\":\"2024-06-17T11:43:57+00:00\",\"breadcrumb\":{\"@id\":\"https:\/\/espak.ee\/epood\/toode\/wc-pott-seinapealne-uni-chrome-ravak\/#breadcrumb\"},\"inLanguage\":\"et\",\"potentialAction\":[{\"@type\":\"ReadAction\",\"target\":[\"https:\/\/espak.ee\/epood\/toode\/wc-pott-seinapealne-uni-chrome-ravak\/\"]}]},{\"@type\":\"ImageObject\",\"inLanguage\":\"et\",\"@id\":\"https:\/\/espak.ee\/epood\/toode\/wc-pott-seinapealne-uni-chrome-ravak\/#primaryimage\",\"url\":\"https:\/\/espak.ee\/epood\/wp-content\/uploads\/2022\/06\/wc-uni-chrome1-2.jpg\",\"contentUrl\":\"https:\/\/espak.ee\/epood\/wp-content\/uploads\/2022\/06\/wc-uni-chrome1-2.jpg\",\"width\":800,\"height\":800},{\"@type\":\"BreadcrumbList\",\"@id\":\"https:\/\/espak.ee\/epood\/toode\/wc-pott-seinapealne-uni-chrome-ravak\/#breadcrumb\",\"itemListElement\":[{\"@type\":\"ListItem\",\"position\":1,\"name\":\"Home\",\"item\":\"https:\/\/espak.ee\/epood\/\"},{\"@type\":\"ListItem\",\"position\":2,\"name\":\"Tootevalik\",\"item\":\"https:\/\/espak.ee\/epood\/tootevalik\/\"},{\"@type\":\"ListItem\",\"position\":3,\"name\":\"WC POTT SEINAPEALNE UNI CHROME RAVAK &#8211; TELLIMISEL\"}]},{\"@type\":\"WebSite\",\"@id\":\"https:\/\/espak.ee\/epood\/#website\",\"url\":\"https:\/\/espak.ee\/epood\/\",\"name\":\"Espak E-pood\",\"description\":\"\",\"potentialAction\":[{\"@type\":\"SearchAction\",\"target\":{\"@type\":\"EntryPoint\",\"urlTemplate\":\"https:\/\/espak.ee\/epood\/?s={search_term_string}\"},\"query-input\":{\"@type\":\"PropertyValueSpecification\",\"valueRequired\":true,\"valueName\":\"search_term_string\"}}],\"inLanguage\":\"et\"}]}<\/script>\n<!-- \/ Yoast SEO plugin. -->","yoast_head_json":{"title":"WC POTT SEINAPEALNE UNI CHROME RAVAK - TELLIMISEL - Espak E-pood","robots":{"index":"index","follow":"follow","max-snippet":"max-snippet:-1","max-image-preview":"max-image-preview:large","max-video-preview":"max-video-preview:-1"},"canonical":"https:\/\/espak.ee\/epood\/toode\/wc-pott-seinapealne-uni-chrome-ravak\/","og_locale":"et_EE","og_type":"article","og_title":"WC POTT SEINAPEALNE UNI CHROME RAVAK - TELLIMISEL - Espak E-pood","og_url":"https:\/\/espak.ee\/epood\/toode\/wc-pott-seinapealne-uni-chrome-ravak\/","og_site_name":"Espak E-pood","article_modified_time":"2024-06-17T11:43:57+00:00","og_image":[{"width":800,"height":800,"url":"https:\/\/espak.ee\/epood\/wp-content\/uploads\/2022\/06\/wc-uni-chrome1-2.jpg","type":"image\/jpeg"}],"twitter_card":"summary_large_image","twitter_misc":{"Est. reading time":"1 minut"},"schema":{"@context":"https:\/\/schema.org","@graph":[{"@type":"WebPage","@id":"https:\/\/espak.ee\/epood\/toode\/wc-pott-seinapealne-uni-chrome-ravak\/","url":"https:\/\/espak.ee\/epood\/toode\/wc-pott-seinapealne-uni-chrome-ravak\/","name":"WC POTT SEINAPEALNE UNI CHROME RAVAK - TELLIMISEL - Espak E-pood","isPartOf":{"@id":"https:\/\/espak.ee\/epood\/#website"},"primaryImageOfPage":{"@id":"https:\/\/espak.ee\/epood\/toode\/wc-pott-seinapealne-uni-chrome-ravak\/#primaryimage"},"image":{"@id":"https:\/\/espak.ee\/epood\/toode\/wc-pott-seinapealne-uni-chrome-ravak\/#primaryimage"},"thumbnailUrl":"https:\/\/espak.ee\/epood\/wp-content\/uploads\/2022\/06\/wc-uni-chrome1-2.jpg","datePublished":"2022-06-17T01:48:02+00:00","dateModified":"2024-06-17T11:43:57+00:00","breadcrumb":{"@id":"https:\/\/espak.ee\/epood\/toode\/wc-pott-seinapealne-uni-chrome-ravak\/#breadcrumb"},"inLanguage":"et","potentialAction":[{"@type":"ReadAction","target":["https:\/\/espak.ee\/epood\/toode\/wc-pott-seinapealne-uni-chrome-ravak\/"]}]},{"@type":"ImageObject","inLanguage":"et","@id":"https:\/\/espak.ee\/epood\/toode\/wc-pott-seinapealne-uni-chrome-ravak\/#primaryimage","url":"https:\/\/espak.ee\/epood\/wp-content\/uploads\/2022\/06\/wc-uni-chrome1-2.jpg","contentUrl":"https:\/\/espak.ee\/epood\/wp-content\/uploads\/2022\/06\/wc-uni-chrome1-2.jpg","width":800,"height":800},{"@type":"BreadcrumbList","@id":"https:\/\/espak.ee\/epood\/toode\/wc-pott-seinapealne-uni-chrome-ravak\/#breadcrumb","itemListElement":[{"@type":"ListItem","position":1,"name":"Home","item":"https:\/\/espak.ee\/epood\/"},{"@type":"ListItem","position":2,"name":"Tootevalik","item":"https:\/\/espak.ee\/epood\/tootevalik\/"},{"@type":"ListItem","position":3,"name":"WC POTT SEINAPEALNE UNI CHROME RAVAK &#8211; TELLIMISEL"}]},{"@type":"WebSite","@id":"https:\/\/espak.ee\/epood\/#website","url":"https:\/\/espak.ee\/epood\/","name":"Espak E-pood","description":"","potentialAction":[{"@type":"SearchAction","target":{"@type":"EntryPoint","urlTemplate":"https:\/\/espak.ee\/epood\/?s={search_term_string}"},"query-input":{"@type":"PropertyValueSpecification","valueRequired":true,"valueName":"search_term_string"}}],"inLanguage":"et"}]}},"_links":{"self":[{"href":"https:\/\/espak.ee\/epood\/wp-json\/wp\/v2\/product\/123539","targetHints":{"allow":["GET"]}}],"collection":[{"href":"https:\/\/espak.ee\/epood\/wp-json\/wp\/v2\/product"}],"about":[{"href":"https:\/\/espak.ee\/epood\/wp-json\/wp\/v2\/types\/product"}],"replies":[{"embeddable":true,"href":"https:\/\/espak.ee\/epood\/wp-json\/wp\/v2\/comments?post=123539"}],"wp:featuredmedia":[{"embeddable":true,"href":"https:\/\/espak.ee\/epood\/wp-json\/wp\/v2\/media\/133149"}],"wp:attachment":[{"href":"https:\/\/espak.ee\/epood\/wp-json\/wp\/v2\/media?parent=123539"}],"wp:term":[{"taxonomy":"product_brand","embeddable":true,"href":"https:\/\/espak.ee\/epood\/wp-json\/wp\/v2\/product_brand?post=123539"},{"taxonomy":"product_cat","embeddable":true,"href":"https:\/\/espak.ee\/epood\/wp-json\/wp\/v2\/product_cat?post=123539"},{"taxonomy":"product_tag","embeddable":true,"href":"https:\/\/espak.ee\/epood\/wp-json\/wp\/v2\/product_tag?post=123539"}],"curies":[{"name":"wp","href":"https:\/\/api.w.org\/{rel}","templated":true}]}}