{"id":123281,"date":"2022-06-16T00:00:20","date_gmt":"2022-06-16T00:00:20","guid":{"rendered":"https:\/\/espak.ee\/epood\/?post_type=product&#038;p=123281"},"modified":"2024-03-23T03:12:03","modified_gmt":"2024-03-23T01:12:03","slug":"vannisein-vs3-100-valge-plast-rain-ravak-tellimisel","status":"publish","type":"product","link":"https:\/\/espak.ee\/epood\/toode\/vannisein-vs3-100-valge-plast-rain-ravak-tellimisel\/","title":{"rendered":"VANNISEIN VS3 100 VALGE + PLAST RAIN RAVAK &#8211; TELLIMISEL"},"content":{"rendered":"<div class=\"row\"  id=\"row-612093163\">\n\n\t<div id=\"col-1538894462\" class=\"col medium-9 small-12 large-9\"  >\n\t\t\t\t<div class=\"col-inner\"  >\n\t\t\t\n\t\t\t\n<h2>Vannisein VS3 100 valge + plast Rain &#8211; TELLIMISEL<\/h2>\n<p>Kolmeosaline voldikvannisein on praktiline ja universaalne. Koosneb kolmest liikuvast osast, mis on vanni suunas t\u00e4ielikult kokku pandavad. Kohaneb as\u00fcmmeetrilise vanni BeHappy II as\u00fcmmeetrilise kujuga ja tagab mugava du\u0161i all k\u00e4imise ka k\u00f5ige v\u00e4iksemates vannitubades.<\/p>\n<div class=\"is-divider divider clearfix\" ><\/div>\n<p>M\u00f5\u00f5dud: 100 \u0441m \/115 \u0441m \/ 130 \u0441m.<br \/>\nT\u00fc\u00fcplahendus: p\u00f6\u00f6ratav toode (L\/R).<br \/>\nV\u00e4rvilahendus: profiilid &#8211; valge, satiin.<br \/>\nOhutust klaasist vitraa\u017e: 3 mm; Transparent, Grape.<br \/>\nPlastikust vitraa\u017e: Rain.<br \/>\nToote k\u00f5rgus : 140 \u0441m.<br \/>\nGarantii: 2 aastat.<\/p>\n\t<div id=\"gap-426826172\" class=\"gap-element clearfix\" style=\"display:block; height:auto;\">\n\t\t\n<style>\n#gap-426826172 {\n  padding-top: 30px;\n}\n<\/style>\n\t<\/div>\n\t\nVannisein koosneb kolmest liikuvast osast, mis on vanni sisemuse suunas kokku pandavad. Sobib vannile BeHappy ja teistele ristk\u00fclikukujulistele sirge esiservaga vannidele (Classic, Classic II, Sonata, Vanda II ja Lilia) v\u00f5i m\u00f5nele teisele klassikalisele sirge esiservaga vannile. Vanniseina standardk\u00f5rgus on 1400 mm. Vannisein VS3 100 on ette n\u00e4htud vannile BeHappy II 150 \/ 160, VS3 115 &#8211; BeHappy II 170. Kokkupandud kujul on vanniseina VS3 100 laius 340 mm VS3 115 \u2014 392 mm ja VS3 130 &#8211; 444 mm. P\u00f6\u00f6rates toodet 180\u00b0 saate vasak- v\u00f5i parempoolse lahenduse. On v\u00f5imalik mittestandardse vanniseina valmistamine.<\/p>\n\t<div id=\"gap-89998341\" class=\"gap-element clearfix\" style=\"display:block; height:auto;\">\n\t\t\n<style>\n#gap-89998341 {\n  padding-top: 30px;\n}\n<\/style>\n\t<\/div>\n\t\n\t\t<\/div>\n\t\t\t\t\t<\/div>\n\n\t\n\n\t<div id=\"col-2059580542\" class=\"col medium-3 small-12 large-3\"  >\n\t\t\t\t<div class=\"col-inner\"  >\n\t\t\t\n\t\t\t\n<h3>Tootekataloog<\/h3>\n<p><a href=\"https:\/\/espak.ee\/epood\/wp-content\/uploads\/2022\/06\/ravak_collection_2022_ee.pdf\" target=\"_blank\" rel=\"noopener noreferrer\"><i class=\"far fa-file-pdf\"><\/i> Tootekataloog (PDF)<\/a><\/p>\n<div class=\"is-divider divider clearfix\" ><\/div>\n<p><strong>\u00dcksikasjalikuma n\u00f5u saamiseks v\u00f5tke \u00fchendust:<br \/><\/strong> Ravak Baltic UAB<br \/><a href=\"mailto:info@ravak.ee\">info@ravak.ee<\/a><\/p>\n<div class=\"is-divider divider clearfix\" ><\/div>\n\t\t<\/div>\n\t\t\t\t\t<\/div>\n\n\t\n<\/div>\n","protected":false},"excerpt":{"rendered":"","protected":false},"featured_media":134288,"comment_status":"closed","ping_status":"closed","template":"","meta":[],"product_brand":[],"product_cat":[2819,2820,4495,3491],"product_tag":[],"class_list":{"0":"post-123281","1":"product","2":"type-product","3":"status-publish","4":"has-post-thumbnail","6":"product_cat-sanitaartehnika","7":"product_cat-sanitaartehnika-sanitaartehnika","8":"product_cat-vann-liht-akruul","9":"product_cat-vannid-ja-dusinurgad","10":"pa_kaubamark-ravak-baltic-uab","12":"first","13":"onbackorder","14":"sale","15":"taxable","16":"shipping-taxable","17":"purchasable","18":"product-type-simple"},"yoast_head":"<!-- This site is optimized with the Yoast SEO plugin v26.9 - https:\/\/yoast.com\/product\/yoast-seo-wordpress\/ -->\n<title>VANNISEIN VS3 100 VALGE + PLAST RAIN RAVAK - TELLIMISEL - Espak E-pood<\/title>\n<meta name=\"robots\" content=\"index, follow, max-snippet:-1, max-image-preview:large, max-video-preview:-1\" \/>\n<link rel=\"canonical\" href=\"https:\/\/espak.ee\/epood\/toode\/vannisein-vs3-100-valge-plast-rain-ravak-tellimisel\/\" \/>\n<meta property=\"og:locale\" content=\"et_EE\" \/>\n<meta property=\"og:type\" content=\"article\" \/>\n<meta property=\"og:title\" content=\"VANNISEIN VS3 100 VALGE + PLAST RAIN RAVAK - TELLIMISEL - Espak E-pood\" \/>\n<meta property=\"og:url\" content=\"https:\/\/espak.ee\/epood\/toode\/vannisein-vs3-100-valge-plast-rain-ravak-tellimisel\/\" \/>\n<meta property=\"og:site_name\" content=\"Espak E-pood\" \/>\n<meta property=\"article:modified_time\" content=\"2024-03-23T01:12:03+00:00\" \/>\n<meta property=\"og:image\" content=\"https:\/\/espak.ee\/epood\/wp-content\/uploads\/2022\/06\/koncept-behappy2-vs3.jpg\" \/>\n\t<meta property=\"og:image:width\" content=\"800\" \/>\n\t<meta property=\"og:image:height\" content=\"800\" \/>\n\t<meta property=\"og:image:type\" content=\"image\/jpeg\" \/>\n<meta name=\"twitter:card\" content=\"summary_large_image\" \/>\n<meta name=\"twitter:label1\" content=\"Est. reading time\" \/>\n\t<meta name=\"twitter:data1\" content=\"1 minut\" \/>\n<script type=\"application\/ld+json\" class=\"yoast-schema-graph\">{\"@context\":\"https:\/\/schema.org\",\"@graph\":[{\"@type\":\"WebPage\",\"@id\":\"https:\/\/espak.ee\/epood\/toode\/vannisein-vs3-100-valge-plast-rain-ravak-tellimisel\/\",\"url\":\"https:\/\/espak.ee\/epood\/toode\/vannisein-vs3-100-valge-plast-rain-ravak-tellimisel\/\",\"name\":\"VANNISEIN VS3 100 VALGE + PLAST RAIN RAVAK - TELLIMISEL - Espak E-pood\",\"isPartOf\":{\"@id\":\"https:\/\/espak.ee\/epood\/#website\"},\"primaryImageOfPage\":{\"@id\":\"https:\/\/espak.ee\/epood\/toode\/vannisein-vs3-100-valge-plast-rain-ravak-tellimisel\/#primaryimage\"},\"image\":{\"@id\":\"https:\/\/espak.ee\/epood\/toode\/vannisein-vs3-100-valge-plast-rain-ravak-tellimisel\/#primaryimage\"},\"thumbnailUrl\":\"https:\/\/espak.ee\/epood\/wp-content\/uploads\/2022\/06\/koncept-behappy2-vs3.jpg\",\"datePublished\":\"2022-06-16T00:00:20+00:00\",\"dateModified\":\"2024-03-23T01:12:03+00:00\",\"breadcrumb\":{\"@id\":\"https:\/\/espak.ee\/epood\/toode\/vannisein-vs3-100-valge-plast-rain-ravak-tellimisel\/#breadcrumb\"},\"inLanguage\":\"et\",\"potentialAction\":[{\"@type\":\"ReadAction\",\"target\":[\"https:\/\/espak.ee\/epood\/toode\/vannisein-vs3-100-valge-plast-rain-ravak-tellimisel\/\"]}]},{\"@type\":\"ImageObject\",\"inLanguage\":\"et\",\"@id\":\"https:\/\/espak.ee\/epood\/toode\/vannisein-vs3-100-valge-plast-rain-ravak-tellimisel\/#primaryimage\",\"url\":\"https:\/\/espak.ee\/epood\/wp-content\/uploads\/2022\/06\/koncept-behappy2-vs3.jpg\",\"contentUrl\":\"https:\/\/espak.ee\/epood\/wp-content\/uploads\/2022\/06\/koncept-behappy2-vs3.jpg\",\"width\":800,\"height\":800},{\"@type\":\"BreadcrumbList\",\"@id\":\"https:\/\/espak.ee\/epood\/toode\/vannisein-vs3-100-valge-plast-rain-ravak-tellimisel\/#breadcrumb\",\"itemListElement\":[{\"@type\":\"ListItem\",\"position\":1,\"name\":\"Home\",\"item\":\"https:\/\/espak.ee\/epood\/\"},{\"@type\":\"ListItem\",\"position\":2,\"name\":\"Tootevalik\",\"item\":\"https:\/\/espak.ee\/epood\/tootevalik\/\"},{\"@type\":\"ListItem\",\"position\":3,\"name\":\"VANNISEIN VS3 100 VALGE + PLAST RAIN RAVAK &#8211; TELLIMISEL\"}]},{\"@type\":\"WebSite\",\"@id\":\"https:\/\/espak.ee\/epood\/#website\",\"url\":\"https:\/\/espak.ee\/epood\/\",\"name\":\"Espak E-pood\",\"description\":\"\",\"potentialAction\":[{\"@type\":\"SearchAction\",\"target\":{\"@type\":\"EntryPoint\",\"urlTemplate\":\"https:\/\/espak.ee\/epood\/?s={search_term_string}\"},\"query-input\":{\"@type\":\"PropertyValueSpecification\",\"valueRequired\":true,\"valueName\":\"search_term_string\"}}],\"inLanguage\":\"et\"}]}<\/script>\n<!-- \/ Yoast SEO plugin. -->","yoast_head_json":{"title":"VANNISEIN VS3 100 VALGE + PLAST RAIN RAVAK - TELLIMISEL - Espak E-pood","robots":{"index":"index","follow":"follow","max-snippet":"max-snippet:-1","max-image-preview":"max-image-preview:large","max-video-preview":"max-video-preview:-1"},"canonical":"https:\/\/espak.ee\/epood\/toode\/vannisein-vs3-100-valge-plast-rain-ravak-tellimisel\/","og_locale":"et_EE","og_type":"article","og_title":"VANNISEIN VS3 100 VALGE + PLAST RAIN RAVAK - TELLIMISEL - Espak E-pood","og_url":"https:\/\/espak.ee\/epood\/toode\/vannisein-vs3-100-valge-plast-rain-ravak-tellimisel\/","og_site_name":"Espak E-pood","article_modified_time":"2024-03-23T01:12:03+00:00","og_image":[{"width":800,"height":800,"url":"https:\/\/espak.ee\/epood\/wp-content\/uploads\/2022\/06\/koncept-behappy2-vs3.jpg","type":"image\/jpeg"}],"twitter_card":"summary_large_image","twitter_misc":{"Est. reading time":"1 minut"},"schema":{"@context":"https:\/\/schema.org","@graph":[{"@type":"WebPage","@id":"https:\/\/espak.ee\/epood\/toode\/vannisein-vs3-100-valge-plast-rain-ravak-tellimisel\/","url":"https:\/\/espak.ee\/epood\/toode\/vannisein-vs3-100-valge-plast-rain-ravak-tellimisel\/","name":"VANNISEIN VS3 100 VALGE + PLAST RAIN RAVAK - TELLIMISEL - Espak E-pood","isPartOf":{"@id":"https:\/\/espak.ee\/epood\/#website"},"primaryImageOfPage":{"@id":"https:\/\/espak.ee\/epood\/toode\/vannisein-vs3-100-valge-plast-rain-ravak-tellimisel\/#primaryimage"},"image":{"@id":"https:\/\/espak.ee\/epood\/toode\/vannisein-vs3-100-valge-plast-rain-ravak-tellimisel\/#primaryimage"},"thumbnailUrl":"https:\/\/espak.ee\/epood\/wp-content\/uploads\/2022\/06\/koncept-behappy2-vs3.jpg","datePublished":"2022-06-16T00:00:20+00:00","dateModified":"2024-03-23T01:12:03+00:00","breadcrumb":{"@id":"https:\/\/espak.ee\/epood\/toode\/vannisein-vs3-100-valge-plast-rain-ravak-tellimisel\/#breadcrumb"},"inLanguage":"et","potentialAction":[{"@type":"ReadAction","target":["https:\/\/espak.ee\/epood\/toode\/vannisein-vs3-100-valge-plast-rain-ravak-tellimisel\/"]}]},{"@type":"ImageObject","inLanguage":"et","@id":"https:\/\/espak.ee\/epood\/toode\/vannisein-vs3-100-valge-plast-rain-ravak-tellimisel\/#primaryimage","url":"https:\/\/espak.ee\/epood\/wp-content\/uploads\/2022\/06\/koncept-behappy2-vs3.jpg","contentUrl":"https:\/\/espak.ee\/epood\/wp-content\/uploads\/2022\/06\/koncept-behappy2-vs3.jpg","width":800,"height":800},{"@type":"BreadcrumbList","@id":"https:\/\/espak.ee\/epood\/toode\/vannisein-vs3-100-valge-plast-rain-ravak-tellimisel\/#breadcrumb","itemListElement":[{"@type":"ListItem","position":1,"name":"Home","item":"https:\/\/espak.ee\/epood\/"},{"@type":"ListItem","position":2,"name":"Tootevalik","item":"https:\/\/espak.ee\/epood\/tootevalik\/"},{"@type":"ListItem","position":3,"name":"VANNISEIN VS3 100 VALGE + PLAST RAIN RAVAK &#8211; TELLIMISEL"}]},{"@type":"WebSite","@id":"https:\/\/espak.ee\/epood\/#website","url":"https:\/\/espak.ee\/epood\/","name":"Espak E-pood","description":"","potentialAction":[{"@type":"SearchAction","target":{"@type":"EntryPoint","urlTemplate":"https:\/\/espak.ee\/epood\/?s={search_term_string}"},"query-input":{"@type":"PropertyValueSpecification","valueRequired":true,"valueName":"search_term_string"}}],"inLanguage":"et"}]}},"_links":{"self":[{"href":"https:\/\/espak.ee\/epood\/wp-json\/wp\/v2\/product\/123281","targetHints":{"allow":["GET"]}}],"collection":[{"href":"https:\/\/espak.ee\/epood\/wp-json\/wp\/v2\/product"}],"about":[{"href":"https:\/\/espak.ee\/epood\/wp-json\/wp\/v2\/types\/product"}],"replies":[{"embeddable":true,"href":"https:\/\/espak.ee\/epood\/wp-json\/wp\/v2\/comments?post=123281"}],"wp:featuredmedia":[{"embeddable":true,"href":"https:\/\/espak.ee\/epood\/wp-json\/wp\/v2\/media\/134288"}],"wp:attachment":[{"href":"https:\/\/espak.ee\/epood\/wp-json\/wp\/v2\/media?parent=123281"}],"wp:term":[{"taxonomy":"product_brand","embeddable":true,"href":"https:\/\/espak.ee\/epood\/wp-json\/wp\/v2\/product_brand?post=123281"},{"taxonomy":"product_cat","embeddable":true,"href":"https:\/\/espak.ee\/epood\/wp-json\/wp\/v2\/product_cat?post=123281"},{"taxonomy":"product_tag","embeddable":true,"href":"https:\/\/espak.ee\/epood\/wp-json\/wp\/v2\/product_tag?post=123281"}],"curies":[{"name":"wp","href":"https:\/\/api.w.org\/{rel}","templated":true}]}}