{"id":123279,"date":"2022-06-15T23:58:47","date_gmt":"2022-06-15T23:58:47","guid":{"rendered":"https:\/\/espak.ee\/epood\/?post_type=product&#038;p=123279"},"modified":"2025-04-07T21:52:10","modified_gmt":"2025-04-07T18:52:10","slug":"vann-vanda-ii-17070cm-ravak-tellimisel","status":"publish","type":"product","link":"https:\/\/espak.ee\/epood\/toode\/vann-vanda-ii-17070cm-ravak-tellimisel\/","title":{"rendered":"VANN VANDA II 170*70CM RAVAK"},"content":{"rendered":"<div class=\"row\"  id=\"row-1841932571\">\n\n\t<div id=\"col-1115071029\" class=\"col medium-9 small-12 large-9\"  >\n\t\t\t\t<div class=\"col-inner\"  >\n\t\t\t\n\t\t\t\n<h2>Vann Vanda II 170x70cm<\/h2>\n<p>Kui Te teate t\u00e4pselt, mis Teile rahuldust pakub. Saage tuttavaks RAVAK sortimendi enim armastatud ristk\u00fclikukujulise vanniga. Vanni Vanda II iseloomustavad ergonoomilised k\u00fc\u00fcnartoed, mille abil on vannis mugavam p\u00fcsti t\u00f5usta v\u00f5i raamatut lugeda. Vann Vanda on sedav\u00f5rd populaarne, et seda pakutakse kolmes erinevas pikkusm\u00f5\u00f5dus. Valige just see vann, mis sobib k\u00f5ige paremini Teie vannituppa. Ristk\u00fclikukujulise vanni Vanda II siseruum on selgelt liigendatud. K\u00fc\u00fcnartugesid hindavad v\u00e4\u00e4riliselt lugemishuvilised, samuti h\u00f5lbustavad need vannis p\u00fcsti t\u00f5usmist. Vastavalt oma soovidele ja vajadustele saate vanni t\u00e4iustada. Alternatiiviks viimistlemisele keraamilise plaadiga v\u00f5ib olla ergonoomiline esipaneel. Suur valik vanniga sobivaid seinu h\u00f5lbustab du\u0161i all k\u00e4imist.<br \/>\n<div class=\"is-divider divider clearfix\" ><\/div>\nM\u00f5\u00f5dud: 170 x 70 \u0441m.<br \/>\nMaterjal: valatud akr\u00fc\u00fcl.<br \/>\nTugevdamise v\u00f5imalus: LA &#8211; klaaskiud.<br \/>\nMaht: 195 l.<br \/>\nVannisein: VS2, VS3, VS5, PVS1, NVS1, BVS1, BVS2, CVS2, AVDP3.<br \/>\nGarantii: 10 aastat &#8211; Garantii tingimus on seda t\u00fc\u00fcpi vannile m\u00f5eldud firma RAVAK Originaaltoe (jalgade) kasutamine vastavalt paigaldusjuhendile.<br \/>\nAksessuaarid: esi- ja k\u00fclgpaneelid, vanni \u00e4ravoolukomplekt.<br \/>\n\t<div id=\"gap-1579139289\" class=\"gap-element clearfix\" style=\"display:block; height:auto;\">\n\t\t\n<style>\n#gap-1579139289 {\n  padding-top: 30px;\n}\n<\/style>\n\t<\/div>\n\t\nVannile on v\u00f5imalik juurde osta tugi, vanni \u00e4ravoolukomplekt ja praktilised aksessuaarid: esi- ja k\u00fclgpaneelid, k\u00e4epidemed, vanniseinad (VS2, VS3, VS5, PVS1, NVS1, BVS1, BVS2, CVS2), vajadusel ka vanniuksed AVDP3.\n<\/p>\n\t<div id=\"gap-799900297\" class=\"gap-element clearfix\" style=\"display:block; height:auto;\">\n\t\t\n<style>\n#gap-799900297 {\n  padding-top: 30px;\n}\n<\/style>\n\t<\/div>\n\t\n\t\t<\/div>\n\t\t\t\t\t<\/div>\n\n\t\n\n\t<div id=\"col-1607218127\" class=\"col medium-3 small-12 large-3\"  >\n\t\t\t\t<div class=\"col-inner\"  >\n\t\t\t\n\t\t\t\n<h3>Tootekataloog<\/h3>\n<p><a href=\"https:\/\/espak.ee\/epood\/wp-content\/uploads\/2022\/06\/ravak_collection_2022_ee.pdf\" target=\"_blank\" rel=\"noopener noreferrer\"><i class=\"far fa-file-pdf\"><\/i> Tootekataloog (PDF)<\/a><\/p>\n<div class=\"is-divider divider clearfix\" ><\/div>\n<p><strong>\u00dcksikasjalikuma n\u00f5u saamiseks v\u00f5tke \u00fchendust:<br \/><\/strong> Ravak Baltic UAB<br \/><a href=\"mailto:info@ravak.ee\">info@ravak.ee<\/a><\/p>\n<div class=\"is-divider divider clearfix\" ><\/div>\n\t\t<\/div>\n\t\t\t\t\t<\/div>\n\n\t\n<\/div>\n","protected":false},"excerpt":{"rendered":"","protected":false},"featured_media":132965,"comment_status":"closed","ping_status":"closed","template":"","meta":[],"product_brand":[],"product_cat":[2820,2819,4495,3491],"product_tag":[],"class_list":{"0":"post-123279","1":"product","2":"type-product","3":"status-publish","4":"has-post-thumbnail","6":"product_cat-sanitaartehnika-sanitaartehnika","7":"product_cat-sanitaartehnika","8":"product_cat-vann-liht-akruul","9":"product_cat-vannid-ja-dusinurgad","10":"pa_kaubamark-ravak-baltic-uab","12":"first","13":"instock","14":"sale","15":"taxable","16":"shipping-taxable","17":"purchasable","18":"product-type-simple"},"yoast_head":"<!-- This site is optimized with the Yoast SEO plugin v26.9 - https:\/\/yoast.com\/product\/yoast-seo-wordpress\/ -->\n<title>VANN VANDA II 170*70CM RAVAK - Espak E-pood<\/title>\n<meta name=\"robots\" content=\"index, follow, max-snippet:-1, max-image-preview:large, max-video-preview:-1\" \/>\n<link rel=\"canonical\" href=\"https:\/\/espak.ee\/epood\/toode\/vann-vanda-ii-17070cm-ravak-tellimisel\/\" \/>\n<meta property=\"og:locale\" content=\"et_EE\" \/>\n<meta property=\"og:type\" content=\"article\" \/>\n<meta property=\"og:title\" content=\"VANN VANDA II 170*70CM RAVAK - Espak E-pood\" \/>\n<meta property=\"og:url\" content=\"https:\/\/espak.ee\/epood\/toode\/vann-vanda-ii-17070cm-ravak-tellimisel\/\" \/>\n<meta property=\"og:site_name\" content=\"Espak E-pood\" \/>\n<meta property=\"article:modified_time\" content=\"2025-04-07T18:52:10+00:00\" \/>\n<meta property=\"og:image\" content=\"https:\/\/espak.ee\/epood\/wp-content\/uploads\/2022\/06\/vanda-ii1.jpg\" \/>\n\t<meta property=\"og:image:width\" content=\"800\" \/>\n\t<meta property=\"og:image:height\" content=\"800\" \/>\n\t<meta property=\"og:image:type\" content=\"image\/jpeg\" \/>\n<meta name=\"twitter:card\" content=\"summary_large_image\" \/>\n<meta name=\"twitter:label1\" content=\"Est. reading time\" \/>\n\t<meta name=\"twitter:data1\" content=\"1 minut\" \/>\n<script type=\"application\/ld+json\" class=\"yoast-schema-graph\">{\"@context\":\"https:\/\/schema.org\",\"@graph\":[{\"@type\":\"WebPage\",\"@id\":\"https:\/\/espak.ee\/epood\/toode\/vann-vanda-ii-17070cm-ravak-tellimisel\/\",\"url\":\"https:\/\/espak.ee\/epood\/toode\/vann-vanda-ii-17070cm-ravak-tellimisel\/\",\"name\":\"VANN VANDA II 170*70CM RAVAK - Espak E-pood\",\"isPartOf\":{\"@id\":\"https:\/\/espak.ee\/epood\/#website\"},\"primaryImageOfPage\":{\"@id\":\"https:\/\/espak.ee\/epood\/toode\/vann-vanda-ii-17070cm-ravak-tellimisel\/#primaryimage\"},\"image\":{\"@id\":\"https:\/\/espak.ee\/epood\/toode\/vann-vanda-ii-17070cm-ravak-tellimisel\/#primaryimage\"},\"thumbnailUrl\":\"https:\/\/espak.ee\/epood\/wp-content\/uploads\/2022\/06\/vanda-ii1.jpg\",\"datePublished\":\"2022-06-15T23:58:47+00:00\",\"dateModified\":\"2025-04-07T18:52:10+00:00\",\"breadcrumb\":{\"@id\":\"https:\/\/espak.ee\/epood\/toode\/vann-vanda-ii-17070cm-ravak-tellimisel\/#breadcrumb\"},\"inLanguage\":\"et\",\"potentialAction\":[{\"@type\":\"ReadAction\",\"target\":[\"https:\/\/espak.ee\/epood\/toode\/vann-vanda-ii-17070cm-ravak-tellimisel\/\"]}]},{\"@type\":\"ImageObject\",\"inLanguage\":\"et\",\"@id\":\"https:\/\/espak.ee\/epood\/toode\/vann-vanda-ii-17070cm-ravak-tellimisel\/#primaryimage\",\"url\":\"https:\/\/espak.ee\/epood\/wp-content\/uploads\/2022\/06\/vanda-ii1.jpg\",\"contentUrl\":\"https:\/\/espak.ee\/epood\/wp-content\/uploads\/2022\/06\/vanda-ii1.jpg\",\"width\":800,\"height\":800},{\"@type\":\"BreadcrumbList\",\"@id\":\"https:\/\/espak.ee\/epood\/toode\/vann-vanda-ii-17070cm-ravak-tellimisel\/#breadcrumb\",\"itemListElement\":[{\"@type\":\"ListItem\",\"position\":1,\"name\":\"Home\",\"item\":\"https:\/\/espak.ee\/epood\/\"},{\"@type\":\"ListItem\",\"position\":2,\"name\":\"Tootevalik\",\"item\":\"https:\/\/espak.ee\/epood\/tootevalik\/\"},{\"@type\":\"ListItem\",\"position\":3,\"name\":\"VANN VANDA II 170*70CM RAVAK\"}]},{\"@type\":\"WebSite\",\"@id\":\"https:\/\/espak.ee\/epood\/#website\",\"url\":\"https:\/\/espak.ee\/epood\/\",\"name\":\"Espak E-pood\",\"description\":\"\",\"potentialAction\":[{\"@type\":\"SearchAction\",\"target\":{\"@type\":\"EntryPoint\",\"urlTemplate\":\"https:\/\/espak.ee\/epood\/?s={search_term_string}\"},\"query-input\":{\"@type\":\"PropertyValueSpecification\",\"valueRequired\":true,\"valueName\":\"search_term_string\"}}],\"inLanguage\":\"et\"}]}<\/script>\n<!-- \/ Yoast SEO plugin. -->","yoast_head_json":{"title":"VANN VANDA II 170*70CM RAVAK - Espak E-pood","robots":{"index":"index","follow":"follow","max-snippet":"max-snippet:-1","max-image-preview":"max-image-preview:large","max-video-preview":"max-video-preview:-1"},"canonical":"https:\/\/espak.ee\/epood\/toode\/vann-vanda-ii-17070cm-ravak-tellimisel\/","og_locale":"et_EE","og_type":"article","og_title":"VANN VANDA II 170*70CM RAVAK - Espak E-pood","og_url":"https:\/\/espak.ee\/epood\/toode\/vann-vanda-ii-17070cm-ravak-tellimisel\/","og_site_name":"Espak E-pood","article_modified_time":"2025-04-07T18:52:10+00:00","og_image":[{"width":800,"height":800,"url":"https:\/\/espak.ee\/epood\/wp-content\/uploads\/2022\/06\/vanda-ii1.jpg","type":"image\/jpeg"}],"twitter_card":"summary_large_image","twitter_misc":{"Est. reading time":"1 minut"},"schema":{"@context":"https:\/\/schema.org","@graph":[{"@type":"WebPage","@id":"https:\/\/espak.ee\/epood\/toode\/vann-vanda-ii-17070cm-ravak-tellimisel\/","url":"https:\/\/espak.ee\/epood\/toode\/vann-vanda-ii-17070cm-ravak-tellimisel\/","name":"VANN VANDA II 170*70CM RAVAK - Espak E-pood","isPartOf":{"@id":"https:\/\/espak.ee\/epood\/#website"},"primaryImageOfPage":{"@id":"https:\/\/espak.ee\/epood\/toode\/vann-vanda-ii-17070cm-ravak-tellimisel\/#primaryimage"},"image":{"@id":"https:\/\/espak.ee\/epood\/toode\/vann-vanda-ii-17070cm-ravak-tellimisel\/#primaryimage"},"thumbnailUrl":"https:\/\/espak.ee\/epood\/wp-content\/uploads\/2022\/06\/vanda-ii1.jpg","datePublished":"2022-06-15T23:58:47+00:00","dateModified":"2025-04-07T18:52:10+00:00","breadcrumb":{"@id":"https:\/\/espak.ee\/epood\/toode\/vann-vanda-ii-17070cm-ravak-tellimisel\/#breadcrumb"},"inLanguage":"et","potentialAction":[{"@type":"ReadAction","target":["https:\/\/espak.ee\/epood\/toode\/vann-vanda-ii-17070cm-ravak-tellimisel\/"]}]},{"@type":"ImageObject","inLanguage":"et","@id":"https:\/\/espak.ee\/epood\/toode\/vann-vanda-ii-17070cm-ravak-tellimisel\/#primaryimage","url":"https:\/\/espak.ee\/epood\/wp-content\/uploads\/2022\/06\/vanda-ii1.jpg","contentUrl":"https:\/\/espak.ee\/epood\/wp-content\/uploads\/2022\/06\/vanda-ii1.jpg","width":800,"height":800},{"@type":"BreadcrumbList","@id":"https:\/\/espak.ee\/epood\/toode\/vann-vanda-ii-17070cm-ravak-tellimisel\/#breadcrumb","itemListElement":[{"@type":"ListItem","position":1,"name":"Home","item":"https:\/\/espak.ee\/epood\/"},{"@type":"ListItem","position":2,"name":"Tootevalik","item":"https:\/\/espak.ee\/epood\/tootevalik\/"},{"@type":"ListItem","position":3,"name":"VANN VANDA II 170*70CM RAVAK"}]},{"@type":"WebSite","@id":"https:\/\/espak.ee\/epood\/#website","url":"https:\/\/espak.ee\/epood\/","name":"Espak E-pood","description":"","potentialAction":[{"@type":"SearchAction","target":{"@type":"EntryPoint","urlTemplate":"https:\/\/espak.ee\/epood\/?s={search_term_string}"},"query-input":{"@type":"PropertyValueSpecification","valueRequired":true,"valueName":"search_term_string"}}],"inLanguage":"et"}]}},"_links":{"self":[{"href":"https:\/\/espak.ee\/epood\/wp-json\/wp\/v2\/product\/123279","targetHints":{"allow":["GET"]}}],"collection":[{"href":"https:\/\/espak.ee\/epood\/wp-json\/wp\/v2\/product"}],"about":[{"href":"https:\/\/espak.ee\/epood\/wp-json\/wp\/v2\/types\/product"}],"replies":[{"embeddable":true,"href":"https:\/\/espak.ee\/epood\/wp-json\/wp\/v2\/comments?post=123279"}],"wp:featuredmedia":[{"embeddable":true,"href":"https:\/\/espak.ee\/epood\/wp-json\/wp\/v2\/media\/132965"}],"wp:attachment":[{"href":"https:\/\/espak.ee\/epood\/wp-json\/wp\/v2\/media?parent=123279"}],"wp:term":[{"taxonomy":"product_brand","embeddable":true,"href":"https:\/\/espak.ee\/epood\/wp-json\/wp\/v2\/product_brand?post=123279"},{"taxonomy":"product_cat","embeddable":true,"href":"https:\/\/espak.ee\/epood\/wp-json\/wp\/v2\/product_cat?post=123279"},{"taxonomy":"product_tag","embeddable":true,"href":"https:\/\/espak.ee\/epood\/wp-json\/wp\/v2\/product_tag?post=123279"}],"curies":[{"name":"wp","href":"https:\/\/api.w.org\/{rel}","templated":true}]}}