{"id":122848,"date":"2022-06-14T00:00:53","date_gmt":"2022-06-14T00:00:53","guid":{"rendered":"https:\/\/espak.ee\/epood\/?post_type=product&#038;p=122848"},"modified":"2024-03-23T03:19:39","modified_gmt":"2024-03-23T01:19:39","slug":"aravoolu-kork-click-clack-valamule-kroom-ravak","status":"publish","type":"product","link":"https:\/\/espak.ee\/epood\/toode\/aravoolu-kork-click-clack-valamule-kroom-ravak\/","title":{"rendered":"\u00c4RAVOOLU KORK CLICK-CLACK VALAMULE KROOM RAVAK"},"content":{"rendered":"<div class=\"row\"  id=\"row-1024478797\">\n\n\t<div id=\"col-1504410645\" class=\"col medium-9 small-12 large-9\"  >\n\t\t\t\t<div class=\"col-inner\"  >\n\t\t\t\n\t\t\t\n<h2>\u00c4ravoolu kork valamutele kroomitud Click-Clack<\/h2>\n<p>Universaalsed valamute \u00e4ravoolud. Sobivad k\u00f5ikide RAVAK valamutega.<br \/>\n<div class=\"is-divider divider clearfix\" ><\/div>\nSobivad: k\u00f5igile valamutele \u00e4ravooluga 46 mm.<br \/>\nMaterjal: metallteostus.<br \/>\nGarantii: 3 aastat.<br \/>\nS\u00fcsteem Click-Clack \u2013 vajutades sifooni kaant vee vool lakkab, uuesti vajutades \u2013 j\u00e4tkub.<br \/>\n\t<div id=\"gap-2136609565\" class=\"gap-element clearfix\" style=\"display:block; height:auto;\">\n\t\t\n<style>\n#gap-2136609565 {\n  padding-top: 30px;\n}\n<\/style>\n\t<\/div>\n\t\n\t<div id=\"gap-620926528\" class=\"gap-element clearfix\" style=\"display:block; height:auto;\">\n\t\t\n<style>\n#gap-620926528 {\n  padding-top: 30px;\n}\n<\/style>\n\t<\/div>\n\t\n\t\t<\/div>\n\t\t\t\t\t<\/div>\n\n\t\n\n\t<div id=\"col-328663816\" class=\"col medium-3 small-12 large-3\"  >\n\t\t\t\t<div class=\"col-inner\"  >\n\t\t\t\n\t\t\t\n<h3>Tootekataloog<\/h3>\n<p><a href=\"https:\/\/espak.ee\/epood\/wp-content\/uploads\/2022\/06\/ravak_collection_2022_ee.pdf\" target=\"_blank\" rel=\"noopener noreferrer\"><i class=\"far fa-file-pdf\"><\/i> Tootekataloog (PDF)<\/a><\/p>\n<div class=\"is-divider divider clearfix\" ><\/div>\n<p><strong>\u00dcksikasjalikuma n\u00f5u saamiseks v\u00f5tke \u00fchendust:<br \/><\/strong> Ravak Baltic UAB<br \/><a href=\"mailto:info@ravak.ee\">info@ravak.ee<\/a><\/p>\n<div class=\"is-divider divider clearfix\" ><\/div>\n\t\t<\/div>\n\t\t\t\t\t<\/div>\n\n\t\n<\/div>\n","protected":false},"excerpt":{"rendered":"","protected":false},"featured_media":131735,"comment_status":"closed","ping_status":"closed","template":"","meta":[],"product_brand":[],"product_cat":[2819,2820,3526,3525],"product_tag":[],"class_list":{"0":"post-122848","1":"product","2":"type-product","3":"status-publish","4":"has-post-thumbnail","6":"product_cat-sanitaartehnika","7":"product_cat-sanitaartehnika-sanitaartehnika","8":"product_cat-vannitoa-moobel","9":"product_cat-vannitoasisustus","10":"pa_kaubamark-ravak-baltic-uab","12":"first","13":"instock","14":"sale","15":"taxable","16":"shipping-taxable","17":"purchasable","18":"product-type-simple"},"yoast_head":"<!-- This site is optimized with the Yoast SEO plugin v26.9 - https:\/\/yoast.com\/product\/yoast-seo-wordpress\/ -->\n<title>\u00c4RAVOOLU KORK CLICK-CLACK VALAMULE KROOM RAVAK - Espak E-pood<\/title>\n<meta name=\"robots\" content=\"index, follow, max-snippet:-1, max-image-preview:large, max-video-preview:-1\" \/>\n<link rel=\"canonical\" href=\"https:\/\/espak.ee\/epood\/toode\/aravoolu-kork-click-clack-valamule-kroom-ravak\/\" \/>\n<meta property=\"og:locale\" content=\"et_EE\" \/>\n<meta property=\"og:type\" content=\"article\" \/>\n<meta property=\"og:title\" content=\"\u00c4RAVOOLU KORK CLICK-CLACK VALAMULE KROOM RAVAK - Espak E-pood\" \/>\n<meta property=\"og:url\" content=\"https:\/\/espak.ee\/epood\/toode\/aravoolu-kork-click-clack-valamule-kroom-ravak\/\" \/>\n<meta property=\"og:site_name\" content=\"Espak E-pood\" \/>\n<meta property=\"article:modified_time\" content=\"2024-03-23T01:19:39+00:00\" \/>\n<meta property=\"og:image\" content=\"https:\/\/espak.ee\/epood\/wp-content\/uploads\/2022\/06\/pileta-clickclack-2.jpg\" \/>\n\t<meta property=\"og:image:width\" content=\"800\" \/>\n\t<meta property=\"og:image:height\" content=\"800\" \/>\n\t<meta property=\"og:image:type\" content=\"image\/jpeg\" \/>\n<meta name=\"twitter:card\" content=\"summary_large_image\" \/>\n<script type=\"application\/ld+json\" class=\"yoast-schema-graph\">{\"@context\":\"https:\/\/schema.org\",\"@graph\":[{\"@type\":\"WebPage\",\"@id\":\"https:\/\/espak.ee\/epood\/toode\/aravoolu-kork-click-clack-valamule-kroom-ravak\/\",\"url\":\"https:\/\/espak.ee\/epood\/toode\/aravoolu-kork-click-clack-valamule-kroom-ravak\/\",\"name\":\"\u00c4RAVOOLU KORK CLICK-CLACK VALAMULE KROOM RAVAK - Espak E-pood\",\"isPartOf\":{\"@id\":\"https:\/\/espak.ee\/epood\/#website\"},\"primaryImageOfPage\":{\"@id\":\"https:\/\/espak.ee\/epood\/toode\/aravoolu-kork-click-clack-valamule-kroom-ravak\/#primaryimage\"},\"image\":{\"@id\":\"https:\/\/espak.ee\/epood\/toode\/aravoolu-kork-click-clack-valamule-kroom-ravak\/#primaryimage\"},\"thumbnailUrl\":\"https:\/\/espak.ee\/epood\/wp-content\/uploads\/2022\/06\/pileta-clickclack-2.jpg\",\"datePublished\":\"2022-06-14T00:00:53+00:00\",\"dateModified\":\"2024-03-23T01:19:39+00:00\",\"breadcrumb\":{\"@id\":\"https:\/\/espak.ee\/epood\/toode\/aravoolu-kork-click-clack-valamule-kroom-ravak\/#breadcrumb\"},\"inLanguage\":\"et\",\"potentialAction\":[{\"@type\":\"ReadAction\",\"target\":[\"https:\/\/espak.ee\/epood\/toode\/aravoolu-kork-click-clack-valamule-kroom-ravak\/\"]}]},{\"@type\":\"ImageObject\",\"inLanguage\":\"et\",\"@id\":\"https:\/\/espak.ee\/epood\/toode\/aravoolu-kork-click-clack-valamule-kroom-ravak\/#primaryimage\",\"url\":\"https:\/\/espak.ee\/epood\/wp-content\/uploads\/2022\/06\/pileta-clickclack-2.jpg\",\"contentUrl\":\"https:\/\/espak.ee\/epood\/wp-content\/uploads\/2022\/06\/pileta-clickclack-2.jpg\",\"width\":800,\"height\":800},{\"@type\":\"BreadcrumbList\",\"@id\":\"https:\/\/espak.ee\/epood\/toode\/aravoolu-kork-click-clack-valamule-kroom-ravak\/#breadcrumb\",\"itemListElement\":[{\"@type\":\"ListItem\",\"position\":1,\"name\":\"Home\",\"item\":\"https:\/\/espak.ee\/epood\/\"},{\"@type\":\"ListItem\",\"position\":2,\"name\":\"Tootevalik\",\"item\":\"https:\/\/espak.ee\/epood\/tootevalik\/\"},{\"@type\":\"ListItem\",\"position\":3,\"name\":\"\u00c4RAVOOLU KORK CLICK-CLACK VALAMULE KROOM RAVAK\"}]},{\"@type\":\"WebSite\",\"@id\":\"https:\/\/espak.ee\/epood\/#website\",\"url\":\"https:\/\/espak.ee\/epood\/\",\"name\":\"Espak E-pood\",\"description\":\"\",\"potentialAction\":[{\"@type\":\"SearchAction\",\"target\":{\"@type\":\"EntryPoint\",\"urlTemplate\":\"https:\/\/espak.ee\/epood\/?s={search_term_string}\"},\"query-input\":{\"@type\":\"PropertyValueSpecification\",\"valueRequired\":true,\"valueName\":\"search_term_string\"}}],\"inLanguage\":\"et\"}]}<\/script>\n<!-- \/ Yoast SEO plugin. -->","yoast_head_json":{"title":"\u00c4RAVOOLU KORK CLICK-CLACK VALAMULE KROOM RAVAK - Espak E-pood","robots":{"index":"index","follow":"follow","max-snippet":"max-snippet:-1","max-image-preview":"max-image-preview:large","max-video-preview":"max-video-preview:-1"},"canonical":"https:\/\/espak.ee\/epood\/toode\/aravoolu-kork-click-clack-valamule-kroom-ravak\/","og_locale":"et_EE","og_type":"article","og_title":"\u00c4RAVOOLU KORK CLICK-CLACK VALAMULE KROOM RAVAK - Espak E-pood","og_url":"https:\/\/espak.ee\/epood\/toode\/aravoolu-kork-click-clack-valamule-kroom-ravak\/","og_site_name":"Espak E-pood","article_modified_time":"2024-03-23T01:19:39+00:00","og_image":[{"width":800,"height":800,"url":"https:\/\/espak.ee\/epood\/wp-content\/uploads\/2022\/06\/pileta-clickclack-2.jpg","type":"image\/jpeg"}],"twitter_card":"summary_large_image","schema":{"@context":"https:\/\/schema.org","@graph":[{"@type":"WebPage","@id":"https:\/\/espak.ee\/epood\/toode\/aravoolu-kork-click-clack-valamule-kroom-ravak\/","url":"https:\/\/espak.ee\/epood\/toode\/aravoolu-kork-click-clack-valamule-kroom-ravak\/","name":"\u00c4RAVOOLU KORK CLICK-CLACK VALAMULE KROOM RAVAK - Espak E-pood","isPartOf":{"@id":"https:\/\/espak.ee\/epood\/#website"},"primaryImageOfPage":{"@id":"https:\/\/espak.ee\/epood\/toode\/aravoolu-kork-click-clack-valamule-kroom-ravak\/#primaryimage"},"image":{"@id":"https:\/\/espak.ee\/epood\/toode\/aravoolu-kork-click-clack-valamule-kroom-ravak\/#primaryimage"},"thumbnailUrl":"https:\/\/espak.ee\/epood\/wp-content\/uploads\/2022\/06\/pileta-clickclack-2.jpg","datePublished":"2022-06-14T00:00:53+00:00","dateModified":"2024-03-23T01:19:39+00:00","breadcrumb":{"@id":"https:\/\/espak.ee\/epood\/toode\/aravoolu-kork-click-clack-valamule-kroom-ravak\/#breadcrumb"},"inLanguage":"et","potentialAction":[{"@type":"ReadAction","target":["https:\/\/espak.ee\/epood\/toode\/aravoolu-kork-click-clack-valamule-kroom-ravak\/"]}]},{"@type":"ImageObject","inLanguage":"et","@id":"https:\/\/espak.ee\/epood\/toode\/aravoolu-kork-click-clack-valamule-kroom-ravak\/#primaryimage","url":"https:\/\/espak.ee\/epood\/wp-content\/uploads\/2022\/06\/pileta-clickclack-2.jpg","contentUrl":"https:\/\/espak.ee\/epood\/wp-content\/uploads\/2022\/06\/pileta-clickclack-2.jpg","width":800,"height":800},{"@type":"BreadcrumbList","@id":"https:\/\/espak.ee\/epood\/toode\/aravoolu-kork-click-clack-valamule-kroom-ravak\/#breadcrumb","itemListElement":[{"@type":"ListItem","position":1,"name":"Home","item":"https:\/\/espak.ee\/epood\/"},{"@type":"ListItem","position":2,"name":"Tootevalik","item":"https:\/\/espak.ee\/epood\/tootevalik\/"},{"@type":"ListItem","position":3,"name":"\u00c4RAVOOLU KORK CLICK-CLACK VALAMULE KROOM RAVAK"}]},{"@type":"WebSite","@id":"https:\/\/espak.ee\/epood\/#website","url":"https:\/\/espak.ee\/epood\/","name":"Espak E-pood","description":"","potentialAction":[{"@type":"SearchAction","target":{"@type":"EntryPoint","urlTemplate":"https:\/\/espak.ee\/epood\/?s={search_term_string}"},"query-input":{"@type":"PropertyValueSpecification","valueRequired":true,"valueName":"search_term_string"}}],"inLanguage":"et"}]}},"_links":{"self":[{"href":"https:\/\/espak.ee\/epood\/wp-json\/wp\/v2\/product\/122848","targetHints":{"allow":["GET"]}}],"collection":[{"href":"https:\/\/espak.ee\/epood\/wp-json\/wp\/v2\/product"}],"about":[{"href":"https:\/\/espak.ee\/epood\/wp-json\/wp\/v2\/types\/product"}],"replies":[{"embeddable":true,"href":"https:\/\/espak.ee\/epood\/wp-json\/wp\/v2\/comments?post=122848"}],"wp:featuredmedia":[{"embeddable":true,"href":"https:\/\/espak.ee\/epood\/wp-json\/wp\/v2\/media\/131735"}],"wp:attachment":[{"href":"https:\/\/espak.ee\/epood\/wp-json\/wp\/v2\/media?parent=122848"}],"wp:term":[{"taxonomy":"product_brand","embeddable":true,"href":"https:\/\/espak.ee\/epood\/wp-json\/wp\/v2\/product_brand?post=122848"},{"taxonomy":"product_cat","embeddable":true,"href":"https:\/\/espak.ee\/epood\/wp-json\/wp\/v2\/product_cat?post=122848"},{"taxonomy":"product_tag","embeddable":true,"href":"https:\/\/espak.ee\/epood\/wp-json\/wp\/v2\/product_tag?post=122848"}],"curies":[{"name":"wp","href":"https:\/\/api.w.org\/{rel}","templated":true}]}}