{"id":122403,"date":"2022-06-09T06:01:01","date_gmt":"2022-06-09T06:01:01","guid":{"rendered":"https:\/\/espak.ee\/epood\/?post_type=product&#038;p=122403"},"modified":"2024-04-16T22:27:46","modified_gmt":"2024-04-16T19:27:46","slug":"kruvi-kuuskant-topkon-hex-8100-t40-c4","status":"publish","type":"product","link":"https:\/\/espak.ee\/epood\/toode\/kruvi-kuuskant-topkon-hex-8100-t40-c4\/","title":{"rendered":"KRUVI KUUSKANT TOPKON HEX  8*100 T40 C4"},"content":{"rendered":"<div class=\"row\"  id=\"row-1567625963\">\n\n\t<div id=\"col-82016331\" class=\"col medium-9 small-12 large-9\"  >\n\t\t\t\t<div class=\"col-inner\"  >\n\t\t\t\n\t\t\t\n<h3>Kruvi kuuskant TOPKON HEX C4 8&#215;100 T40<\/h3>\n<p>Tugev universaalne kuuskantpeaga puidukruvi v\u00e4listingimustes kasutamiseks.<br \/>\n<div class=\"is-divider divider clearfix\" ><\/div>\n&#8211; Tugev \u00e4\u00e4rikkuuskantpeaga kruvi kindlaks kinnitamiseks<br \/>\n&#8211; J\u00e4me keere tagab kiire kinnituse ja suure v\u00e4ljat\u00f5mbev\u00e4\u00e4rtuse<br \/>\n&#8211; NKT-kinnitite TX-s\u00fcvend tagab usaldusv\u00e4\u00e4rse juhitavuse<br \/>\n&#8211; CE-sertifikaat heakskiidetud kandvate puittarindite jaoks<\/p>\n\t\t<\/div>\n\t\t\t\t\t<\/div>\n\n\t\n\n\t<div id=\"col-1196959068\" class=\"col medium-3 small-12 large-3\"  >\n\t\t\t\t<div class=\"col-inner\"  >\n\t\t\t\n\t\t\t\n\t<div id=\"gap-1996975628\" class=\"gap-element clearfix\" style=\"display:block; height:auto;\">\n\t\t\n<style>\n#gap-1996975628 {\n  padding-top: 30px;\n}\n<\/style>\n\t<\/div>\n\t\n<p><strong>\u00dcksikasjalikuma n\u00f5u saamiseks v\u00f5tke \u00fchendust:<br \/><\/strong>ITW Construction Products O\u00dc<br \/> T\u00fcri 10D <br \/>11313 Tallinn<br \/>info@itwconstruction.ee <\/p>\n\t\t<\/div>\n\t\t\t\t\t<\/div>\n\n\t\n<\/div>\n","protected":false},"excerpt":{"rendered":"","protected":false},"featured_media":121924,"comment_status":"closed","ping_status":"closed","template":"","meta":[],"product_brand":[],"product_cat":[2917,2938,4486,2893],"product_tag":[],"class_list":{"0":"post-122403","1":"product","2":"type-product","3":"status-publish","4":"has-post-thumbnail","6":"product_cat-kinnitustarvikud","7":"product_cat-kruvid","8":"product_cat-puidukruvid-kuuskant-c4","9":"product_cat-rauakaubad","10":"pa_kaubamark-nkt-fasteners","12":"first","13":"instock","14":"sale","15":"taxable","16":"shipping-taxable","17":"purchasable","18":"product-type-simple"},"yoast_head":"<!-- This site is optimized with the Yoast SEO plugin v26.9 - https:\/\/yoast.com\/product\/yoast-seo-wordpress\/ -->\n<title>KRUVI KUUSKANT TOPKON HEX 8*100 T40 C4 - Espak E-pood<\/title>\n<meta name=\"robots\" content=\"index, follow, max-snippet:-1, max-image-preview:large, max-video-preview:-1\" \/>\n<link rel=\"canonical\" href=\"https:\/\/espak.ee\/epood\/toode\/kruvi-kuuskant-topkon-hex-8100-t40-c4\/\" \/>\n<meta property=\"og:locale\" content=\"et_EE\" \/>\n<meta property=\"og:type\" content=\"article\" \/>\n<meta property=\"og:title\" content=\"KRUVI KUUSKANT TOPKON HEX 8*100 T40 C4 - Espak E-pood\" \/>\n<meta property=\"og:url\" content=\"https:\/\/espak.ee\/epood\/toode\/kruvi-kuuskant-topkon-hex-8100-t40-c4\/\" \/>\n<meta property=\"og:site_name\" content=\"Espak E-pood\" \/>\n<meta property=\"article:modified_time\" content=\"2024-04-16T19:27:46+00:00\" \/>\n<meta property=\"og:image\" content=\"https:\/\/espak.ee\/epood\/wp-content\/uploads\/2022\/06\/246455.jpg\" \/>\n\t<meta property=\"og:image:width\" content=\"800\" \/>\n\t<meta property=\"og:image:height\" content=\"800\" \/>\n\t<meta property=\"og:image:type\" content=\"image\/jpeg\" \/>\n<meta name=\"twitter:card\" content=\"summary_large_image\" \/>\n<script type=\"application\/ld+json\" class=\"yoast-schema-graph\">{\"@context\":\"https:\/\/schema.org\",\"@graph\":[{\"@type\":\"WebPage\",\"@id\":\"https:\/\/espak.ee\/epood\/toode\/kruvi-kuuskant-topkon-hex-8100-t40-c4\/\",\"url\":\"https:\/\/espak.ee\/epood\/toode\/kruvi-kuuskant-topkon-hex-8100-t40-c4\/\",\"name\":\"KRUVI KUUSKANT TOPKON HEX 8*100 T40 C4 - Espak E-pood\",\"isPartOf\":{\"@id\":\"https:\/\/espak.ee\/epood\/#website\"},\"primaryImageOfPage\":{\"@id\":\"https:\/\/espak.ee\/epood\/toode\/kruvi-kuuskant-topkon-hex-8100-t40-c4\/#primaryimage\"},\"image\":{\"@id\":\"https:\/\/espak.ee\/epood\/toode\/kruvi-kuuskant-topkon-hex-8100-t40-c4\/#primaryimage\"},\"thumbnailUrl\":\"https:\/\/espak.ee\/epood\/wp-content\/uploads\/2022\/06\/246455.jpg\",\"datePublished\":\"2022-06-09T06:01:01+00:00\",\"dateModified\":\"2024-04-16T19:27:46+00:00\",\"breadcrumb\":{\"@id\":\"https:\/\/espak.ee\/epood\/toode\/kruvi-kuuskant-topkon-hex-8100-t40-c4\/#breadcrumb\"},\"inLanguage\":\"et\",\"potentialAction\":[{\"@type\":\"ReadAction\",\"target\":[\"https:\/\/espak.ee\/epood\/toode\/kruvi-kuuskant-topkon-hex-8100-t40-c4\/\"]}]},{\"@type\":\"ImageObject\",\"inLanguage\":\"et\",\"@id\":\"https:\/\/espak.ee\/epood\/toode\/kruvi-kuuskant-topkon-hex-8100-t40-c4\/#primaryimage\",\"url\":\"https:\/\/espak.ee\/epood\/wp-content\/uploads\/2022\/06\/246455.jpg\",\"contentUrl\":\"https:\/\/espak.ee\/epood\/wp-content\/uploads\/2022\/06\/246455.jpg\",\"width\":800,\"height\":800},{\"@type\":\"BreadcrumbList\",\"@id\":\"https:\/\/espak.ee\/epood\/toode\/kruvi-kuuskant-topkon-hex-8100-t40-c4\/#breadcrumb\",\"itemListElement\":[{\"@type\":\"ListItem\",\"position\":1,\"name\":\"Home\",\"item\":\"https:\/\/espak.ee\/epood\/\"},{\"@type\":\"ListItem\",\"position\":2,\"name\":\"Tootevalik\",\"item\":\"https:\/\/espak.ee\/epood\/tootevalik\/\"},{\"@type\":\"ListItem\",\"position\":3,\"name\":\"KRUVI KUUSKANT TOPKON HEX 8*100 T40 C4\"}]},{\"@type\":\"WebSite\",\"@id\":\"https:\/\/espak.ee\/epood\/#website\",\"url\":\"https:\/\/espak.ee\/epood\/\",\"name\":\"Espak E-pood\",\"description\":\"\",\"potentialAction\":[{\"@type\":\"SearchAction\",\"target\":{\"@type\":\"EntryPoint\",\"urlTemplate\":\"https:\/\/espak.ee\/epood\/?s={search_term_string}\"},\"query-input\":{\"@type\":\"PropertyValueSpecification\",\"valueRequired\":true,\"valueName\":\"search_term_string\"}}],\"inLanguage\":\"et\"}]}<\/script>\n<!-- \/ Yoast SEO plugin. -->","yoast_head_json":{"title":"KRUVI KUUSKANT TOPKON HEX 8*100 T40 C4 - Espak E-pood","robots":{"index":"index","follow":"follow","max-snippet":"max-snippet:-1","max-image-preview":"max-image-preview:large","max-video-preview":"max-video-preview:-1"},"canonical":"https:\/\/espak.ee\/epood\/toode\/kruvi-kuuskant-topkon-hex-8100-t40-c4\/","og_locale":"et_EE","og_type":"article","og_title":"KRUVI KUUSKANT TOPKON HEX 8*100 T40 C4 - Espak E-pood","og_url":"https:\/\/espak.ee\/epood\/toode\/kruvi-kuuskant-topkon-hex-8100-t40-c4\/","og_site_name":"Espak E-pood","article_modified_time":"2024-04-16T19:27:46+00:00","og_image":[{"width":800,"height":800,"url":"https:\/\/espak.ee\/epood\/wp-content\/uploads\/2022\/06\/246455.jpg","type":"image\/jpeg"}],"twitter_card":"summary_large_image","schema":{"@context":"https:\/\/schema.org","@graph":[{"@type":"WebPage","@id":"https:\/\/espak.ee\/epood\/toode\/kruvi-kuuskant-topkon-hex-8100-t40-c4\/","url":"https:\/\/espak.ee\/epood\/toode\/kruvi-kuuskant-topkon-hex-8100-t40-c4\/","name":"KRUVI KUUSKANT TOPKON HEX 8*100 T40 C4 - Espak E-pood","isPartOf":{"@id":"https:\/\/espak.ee\/epood\/#website"},"primaryImageOfPage":{"@id":"https:\/\/espak.ee\/epood\/toode\/kruvi-kuuskant-topkon-hex-8100-t40-c4\/#primaryimage"},"image":{"@id":"https:\/\/espak.ee\/epood\/toode\/kruvi-kuuskant-topkon-hex-8100-t40-c4\/#primaryimage"},"thumbnailUrl":"https:\/\/espak.ee\/epood\/wp-content\/uploads\/2022\/06\/246455.jpg","datePublished":"2022-06-09T06:01:01+00:00","dateModified":"2024-04-16T19:27:46+00:00","breadcrumb":{"@id":"https:\/\/espak.ee\/epood\/toode\/kruvi-kuuskant-topkon-hex-8100-t40-c4\/#breadcrumb"},"inLanguage":"et","potentialAction":[{"@type":"ReadAction","target":["https:\/\/espak.ee\/epood\/toode\/kruvi-kuuskant-topkon-hex-8100-t40-c4\/"]}]},{"@type":"ImageObject","inLanguage":"et","@id":"https:\/\/espak.ee\/epood\/toode\/kruvi-kuuskant-topkon-hex-8100-t40-c4\/#primaryimage","url":"https:\/\/espak.ee\/epood\/wp-content\/uploads\/2022\/06\/246455.jpg","contentUrl":"https:\/\/espak.ee\/epood\/wp-content\/uploads\/2022\/06\/246455.jpg","width":800,"height":800},{"@type":"BreadcrumbList","@id":"https:\/\/espak.ee\/epood\/toode\/kruvi-kuuskant-topkon-hex-8100-t40-c4\/#breadcrumb","itemListElement":[{"@type":"ListItem","position":1,"name":"Home","item":"https:\/\/espak.ee\/epood\/"},{"@type":"ListItem","position":2,"name":"Tootevalik","item":"https:\/\/espak.ee\/epood\/tootevalik\/"},{"@type":"ListItem","position":3,"name":"KRUVI KUUSKANT TOPKON HEX 8*100 T40 C4"}]},{"@type":"WebSite","@id":"https:\/\/espak.ee\/epood\/#website","url":"https:\/\/espak.ee\/epood\/","name":"Espak E-pood","description":"","potentialAction":[{"@type":"SearchAction","target":{"@type":"EntryPoint","urlTemplate":"https:\/\/espak.ee\/epood\/?s={search_term_string}"},"query-input":{"@type":"PropertyValueSpecification","valueRequired":true,"valueName":"search_term_string"}}],"inLanguage":"et"}]}},"_links":{"self":[{"href":"https:\/\/espak.ee\/epood\/wp-json\/wp\/v2\/product\/122403","targetHints":{"allow":["GET"]}}],"collection":[{"href":"https:\/\/espak.ee\/epood\/wp-json\/wp\/v2\/product"}],"about":[{"href":"https:\/\/espak.ee\/epood\/wp-json\/wp\/v2\/types\/product"}],"replies":[{"embeddable":true,"href":"https:\/\/espak.ee\/epood\/wp-json\/wp\/v2\/comments?post=122403"}],"wp:featuredmedia":[{"embeddable":true,"href":"https:\/\/espak.ee\/epood\/wp-json\/wp\/v2\/media\/121924"}],"wp:attachment":[{"href":"https:\/\/espak.ee\/epood\/wp-json\/wp\/v2\/media?parent=122403"}],"wp:term":[{"taxonomy":"product_brand","embeddable":true,"href":"https:\/\/espak.ee\/epood\/wp-json\/wp\/v2\/product_brand?post=122403"},{"taxonomy":"product_cat","embeddable":true,"href":"https:\/\/espak.ee\/epood\/wp-json\/wp\/v2\/product_cat?post=122403"},{"taxonomy":"product_tag","embeddable":true,"href":"https:\/\/espak.ee\/epood\/wp-json\/wp\/v2\/product_tag?post=122403"}],"curies":[{"name":"wp","href":"https:\/\/api.w.org\/{rel}","templated":true}]}}