{"id":122203,"date":"2022-06-08T04:07:39","date_gmt":"2022-06-08T04:07:39","guid":{"rendered":"https:\/\/espak.ee\/epood\/?post_type=product&#038;p=122203"},"modified":"2024-03-23T03:28:14","modified_gmt":"2024-03-23T01:28:14","slug":"dusinurk-matrix-msdps-120-80-r-laige-klaas-transparent-ravak-tellimisel","status":"publish","type":"product","link":"https:\/\/espak.ee\/epood\/toode\/dusinurk-matrix-msdps-120-80-r-laige-klaas-transparent-ravak-tellimisel\/","title":{"rendered":"DU\u0160INURK MATRIX MSDPS-120\/80 R L\u00c4IGE + KLAAS TRANSPARENT RAVAK &#8211; TELLIMISEL"},"content":{"rendered":"<div class=\"row\"  id=\"row-47750380\">\n\n\t<div id=\"col-1527000797\" class=\"col medium-9 small-12 large-9\"  >\n\t\t\t\t<div class=\"col-inner\"  >\n\t\t\t\n\t\t\t\n<h2>Du\u0161inurk Matrix MSDPS-120\/80 R l\u00e4ige + transparent &#8211; TELLIMISEL<\/h2>\n<p>Neid \u00e4ravahetamatu v\u00e4limusega du\u0161ikabiine valmistame me parimatest materjalidest, mist\u00f5ttu Matrix on k\u00f5ige elegantsem praktiline lahendus meie l\u00fckandustega du\u0161ikabiinide valikust.<br \/>\nKaheosaliste uste l\u00fckands\u00fcsteemil on hooldust mittevajavate roostevabade laagritega varustatud 20 mm l\u00e4bim\u00f5\u00f5duga rattad, mis liiguvad soontes. See mehhanism v\u00e4ldib l\u00fckanduste kinnikiilumist ja ristiminekut ning tagab uste t\u00f5rgeteta ja vaikse liikumise. L\u00fckanduksed ei v\u00f5ta vannitoas ruumi \u00e4ra ega j\u00e4\u00e4 ette ning neilt ei tilgu vett p\u00f5randale.<br \/>\nDu\u0161ikabiin Matrix on luksuslik du\u0161inurk liuguksega; kujunduses on du\u0161iuks kombineeritud liikumatu seinaga. Du\u0161inurga m\u00f5\u00f5tmete valimisel tuleb silmas pidada vannitoa suurust. V\u00f5rratu disain, mida r\u00f5hutavad \u00fclemine ja k\u00fclgprofiil.<\/p>\n<div class=\"is-divider divider clearfix\" ><\/div>\nM\u00f5\u00f5tmed: 100 x 100, 100 x 80, 110 x 80, 120 x 80, 120 x 90 cm.<br \/>\nT\u00fc\u00fcpvariant: vasak ja parem (L \/ R).<br \/>\nV\u00e4rv: Profiilide v\u00e4rvid: valge, poleeritud alumiinium, satiin; k\u00e4epidemed ja \u00fchenduselemendid on kaetud kroomiga.<br \/>\nValmistatud turvaklaasist: 8\/6 mm; l\u00e4bipaistev.<br \/>\nToote k\u00f5rgus: 195 cm.<br \/>\nGarantii: 5 aastat.<\/p>\n\t<div id=\"gap-478400487\" class=\"gap-element clearfix\" style=\"display:block; height:auto;\">\n\t\t\n<style>\n#gap-478400487 {\n  padding-top: 30px;\n}\n<\/style>\n\t<\/div>\n\t\nToode koosneb kahest du\u0161iukse elemendist (fikseeritud ja liuglevast osast) + fikseeritud seinaosast. Toote vasak- v\u00f5i parempoolne variant m\u00e4\u00e4ratakse liugukse avamissuuna j\u00e4rgi, v\u00e4ljastpoolt vaadates. Paigaldatakse plaatidega kaetud vannitoa nurka du\u0161ialusele Perseus Pro Chrome, Gigant Pro Chrome v\u00f5i otse integreeritud \u00e4ravoolurenniga p\u00f5randale v\u00f5i drenaa\u017eiauguga p\u00f5randale.<\/p>\n\t<div id=\"gap-533564053\" class=\"gap-element clearfix\" style=\"display:block; height:auto;\">\n\t\t\n<style>\n#gap-533564053 {\n  padding-top: 30px;\n}\n<\/style>\n\t<\/div>\n\t\n\t\t<\/div>\n\t\t\t\t\t<\/div>\n\n\t\n\n\t<div id=\"col-872880090\" class=\"col medium-3 small-12 large-3\"  >\n\t\t\t\t<div class=\"col-inner\"  >\n\t\t\t\n\t\t\t\n<h3>Tootekataloog<\/h3>\n<p><a href=\"https:\/\/espak.ee\/epood\/wp-content\/uploads\/2022\/06\/ravak_collection_2022_ee.pdf\" target=\"_blank\" rel=\"noopener noreferrer\"><i class=\"far fa-file-pdf\"><\/i> Tootekataloog (PDF)<\/a><\/p>\n<div class=\"is-divider divider clearfix\" ><\/div>\n<p><strong>\u00dcksikasjalikuma n\u00f5u saamiseks v\u00f5tke \u00fchendust:<br \/><\/strong> Ravak Baltic UAB<br \/><a href=\"mailto:info@ravak.ee\">info@ravak.ee<\/a><\/p>\n<div class=\"is-divider divider clearfix\" ><\/div>\n\t\t<\/div>\n\t\t\t\t\t<\/div>\n\n\t\n<\/div>\n","protected":false},"excerpt":{"rendered":"","protected":false},"featured_media":133359,"comment_status":"closed","ping_status":"closed","template":"","meta":[],"product_brand":[],"product_cat":[2820,2819,3492,3491],"product_tag":[],"class_list":{"0":"post-122203","1":"product","2":"type-product","3":"status-publish","4":"has-post-thumbnail","6":"product_cat-sanitaartehnika-sanitaartehnika","7":"product_cat-sanitaartehnika","8":"product_cat-vann-dusikabiinid","9":"product_cat-vannid-ja-dusinurgad","10":"pa_kaubamark-ravak-baltic-uab","12":"first","13":"onbackorder","14":"sale","15":"taxable","16":"shipping-taxable","17":"purchasable","18":"product-type-simple"},"yoast_head":"<!-- This site is optimized with the Yoast SEO plugin v26.9 - https:\/\/yoast.com\/product\/yoast-seo-wordpress\/ -->\n<title>DU\u0160INURK MATRIX MSDPS-120\/80 R L\u00c4IGE + KLAAS TRANSPARENT RAVAK - TELLIMISEL - Espak E-pood<\/title>\n<meta name=\"robots\" content=\"index, follow, max-snippet:-1, max-image-preview:large, max-video-preview:-1\" \/>\n<link rel=\"canonical\" href=\"https:\/\/espak.ee\/epood\/toode\/dusinurk-matrix-msdps-120-80-r-laige-klaas-transparent-ravak-tellimisel\/\" \/>\n<meta property=\"og:locale\" content=\"et_EE\" \/>\n<meta property=\"og:type\" content=\"article\" \/>\n<meta property=\"og:title\" content=\"DU\u0160INURK MATRIX MSDPS-120\/80 R L\u00c4IGE + KLAAS TRANSPARENT RAVAK - TELLIMISEL - Espak E-pood\" \/>\n<meta property=\"og:url\" content=\"https:\/\/espak.ee\/epood\/toode\/dusinurk-matrix-msdps-120-80-r-laige-klaas-transparent-ravak-tellimisel\/\" \/>\n<meta property=\"og:site_name\" content=\"Espak E-pood\" \/>\n<meta property=\"article:modified_time\" content=\"2024-03-23T01:28:14+00:00\" \/>\n<meta property=\"og:image\" content=\"https:\/\/espak.ee\/epood\/wp-content\/uploads\/2022\/06\/msdps1.jpg\" \/>\n\t<meta property=\"og:image:width\" content=\"800\" \/>\n\t<meta property=\"og:image:height\" content=\"800\" \/>\n\t<meta property=\"og:image:type\" content=\"image\/jpeg\" \/>\n<meta name=\"twitter:card\" content=\"summary_large_image\" \/>\n<meta name=\"twitter:label1\" content=\"Est. reading time\" \/>\n\t<meta name=\"twitter:data1\" content=\"1 minut\" \/>\n<script type=\"application\/ld+json\" class=\"yoast-schema-graph\">{\"@context\":\"https:\/\/schema.org\",\"@graph\":[{\"@type\":\"WebPage\",\"@id\":\"https:\/\/espak.ee\/epood\/toode\/dusinurk-matrix-msdps-120-80-r-laige-klaas-transparent-ravak-tellimisel\/\",\"url\":\"https:\/\/espak.ee\/epood\/toode\/dusinurk-matrix-msdps-120-80-r-laige-klaas-transparent-ravak-tellimisel\/\",\"name\":\"DU\u0160INURK MATRIX MSDPS-120\/80 R L\u00c4IGE + KLAAS TRANSPARENT RAVAK - TELLIMISEL - Espak E-pood\",\"isPartOf\":{\"@id\":\"https:\/\/espak.ee\/epood\/#website\"},\"primaryImageOfPage\":{\"@id\":\"https:\/\/espak.ee\/epood\/toode\/dusinurk-matrix-msdps-120-80-r-laige-klaas-transparent-ravak-tellimisel\/#primaryimage\"},\"image\":{\"@id\":\"https:\/\/espak.ee\/epood\/toode\/dusinurk-matrix-msdps-120-80-r-laige-klaas-transparent-ravak-tellimisel\/#primaryimage\"},\"thumbnailUrl\":\"https:\/\/espak.ee\/epood\/wp-content\/uploads\/2022\/06\/msdps1.jpg\",\"datePublished\":\"2022-06-08T04:07:39+00:00\",\"dateModified\":\"2024-03-23T01:28:14+00:00\",\"breadcrumb\":{\"@id\":\"https:\/\/espak.ee\/epood\/toode\/dusinurk-matrix-msdps-120-80-r-laige-klaas-transparent-ravak-tellimisel\/#breadcrumb\"},\"inLanguage\":\"et\",\"potentialAction\":[{\"@type\":\"ReadAction\",\"target\":[\"https:\/\/espak.ee\/epood\/toode\/dusinurk-matrix-msdps-120-80-r-laige-klaas-transparent-ravak-tellimisel\/\"]}]},{\"@type\":\"ImageObject\",\"inLanguage\":\"et\",\"@id\":\"https:\/\/espak.ee\/epood\/toode\/dusinurk-matrix-msdps-120-80-r-laige-klaas-transparent-ravak-tellimisel\/#primaryimage\",\"url\":\"https:\/\/espak.ee\/epood\/wp-content\/uploads\/2022\/06\/msdps1.jpg\",\"contentUrl\":\"https:\/\/espak.ee\/epood\/wp-content\/uploads\/2022\/06\/msdps1.jpg\",\"width\":800,\"height\":800},{\"@type\":\"BreadcrumbList\",\"@id\":\"https:\/\/espak.ee\/epood\/toode\/dusinurk-matrix-msdps-120-80-r-laige-klaas-transparent-ravak-tellimisel\/#breadcrumb\",\"itemListElement\":[{\"@type\":\"ListItem\",\"position\":1,\"name\":\"Home\",\"item\":\"https:\/\/espak.ee\/epood\/\"},{\"@type\":\"ListItem\",\"position\":2,\"name\":\"Tootevalik\",\"item\":\"https:\/\/espak.ee\/epood\/tootevalik\/\"},{\"@type\":\"ListItem\",\"position\":3,\"name\":\"DU\u0160INURK MATRIX MSDPS-120\/80 R L\u00c4IGE + KLAAS TRANSPARENT RAVAK &#8211; TELLIMISEL\"}]},{\"@type\":\"WebSite\",\"@id\":\"https:\/\/espak.ee\/epood\/#website\",\"url\":\"https:\/\/espak.ee\/epood\/\",\"name\":\"Espak E-pood\",\"description\":\"\",\"potentialAction\":[{\"@type\":\"SearchAction\",\"target\":{\"@type\":\"EntryPoint\",\"urlTemplate\":\"https:\/\/espak.ee\/epood\/?s={search_term_string}\"},\"query-input\":{\"@type\":\"PropertyValueSpecification\",\"valueRequired\":true,\"valueName\":\"search_term_string\"}}],\"inLanguage\":\"et\"}]}<\/script>\n<!-- \/ Yoast SEO plugin. -->","yoast_head_json":{"title":"DU\u0160INURK MATRIX MSDPS-120\/80 R L\u00c4IGE + KLAAS TRANSPARENT RAVAK - TELLIMISEL - Espak E-pood","robots":{"index":"index","follow":"follow","max-snippet":"max-snippet:-1","max-image-preview":"max-image-preview:large","max-video-preview":"max-video-preview:-1"},"canonical":"https:\/\/espak.ee\/epood\/toode\/dusinurk-matrix-msdps-120-80-r-laige-klaas-transparent-ravak-tellimisel\/","og_locale":"et_EE","og_type":"article","og_title":"DU\u0160INURK MATRIX MSDPS-120\/80 R L\u00c4IGE + KLAAS TRANSPARENT RAVAK - TELLIMISEL - Espak E-pood","og_url":"https:\/\/espak.ee\/epood\/toode\/dusinurk-matrix-msdps-120-80-r-laige-klaas-transparent-ravak-tellimisel\/","og_site_name":"Espak E-pood","article_modified_time":"2024-03-23T01:28:14+00:00","og_image":[{"width":800,"height":800,"url":"https:\/\/espak.ee\/epood\/wp-content\/uploads\/2022\/06\/msdps1.jpg","type":"image\/jpeg"}],"twitter_card":"summary_large_image","twitter_misc":{"Est. reading time":"1 minut"},"schema":{"@context":"https:\/\/schema.org","@graph":[{"@type":"WebPage","@id":"https:\/\/espak.ee\/epood\/toode\/dusinurk-matrix-msdps-120-80-r-laige-klaas-transparent-ravak-tellimisel\/","url":"https:\/\/espak.ee\/epood\/toode\/dusinurk-matrix-msdps-120-80-r-laige-klaas-transparent-ravak-tellimisel\/","name":"DU\u0160INURK MATRIX MSDPS-120\/80 R L\u00c4IGE + KLAAS TRANSPARENT RAVAK - TELLIMISEL - Espak E-pood","isPartOf":{"@id":"https:\/\/espak.ee\/epood\/#website"},"primaryImageOfPage":{"@id":"https:\/\/espak.ee\/epood\/toode\/dusinurk-matrix-msdps-120-80-r-laige-klaas-transparent-ravak-tellimisel\/#primaryimage"},"image":{"@id":"https:\/\/espak.ee\/epood\/toode\/dusinurk-matrix-msdps-120-80-r-laige-klaas-transparent-ravak-tellimisel\/#primaryimage"},"thumbnailUrl":"https:\/\/espak.ee\/epood\/wp-content\/uploads\/2022\/06\/msdps1.jpg","datePublished":"2022-06-08T04:07:39+00:00","dateModified":"2024-03-23T01:28:14+00:00","breadcrumb":{"@id":"https:\/\/espak.ee\/epood\/toode\/dusinurk-matrix-msdps-120-80-r-laige-klaas-transparent-ravak-tellimisel\/#breadcrumb"},"inLanguage":"et","potentialAction":[{"@type":"ReadAction","target":["https:\/\/espak.ee\/epood\/toode\/dusinurk-matrix-msdps-120-80-r-laige-klaas-transparent-ravak-tellimisel\/"]}]},{"@type":"ImageObject","inLanguage":"et","@id":"https:\/\/espak.ee\/epood\/toode\/dusinurk-matrix-msdps-120-80-r-laige-klaas-transparent-ravak-tellimisel\/#primaryimage","url":"https:\/\/espak.ee\/epood\/wp-content\/uploads\/2022\/06\/msdps1.jpg","contentUrl":"https:\/\/espak.ee\/epood\/wp-content\/uploads\/2022\/06\/msdps1.jpg","width":800,"height":800},{"@type":"BreadcrumbList","@id":"https:\/\/espak.ee\/epood\/toode\/dusinurk-matrix-msdps-120-80-r-laige-klaas-transparent-ravak-tellimisel\/#breadcrumb","itemListElement":[{"@type":"ListItem","position":1,"name":"Home","item":"https:\/\/espak.ee\/epood\/"},{"@type":"ListItem","position":2,"name":"Tootevalik","item":"https:\/\/espak.ee\/epood\/tootevalik\/"},{"@type":"ListItem","position":3,"name":"DU\u0160INURK MATRIX MSDPS-120\/80 R L\u00c4IGE + KLAAS TRANSPARENT RAVAK &#8211; TELLIMISEL"}]},{"@type":"WebSite","@id":"https:\/\/espak.ee\/epood\/#website","url":"https:\/\/espak.ee\/epood\/","name":"Espak E-pood","description":"","potentialAction":[{"@type":"SearchAction","target":{"@type":"EntryPoint","urlTemplate":"https:\/\/espak.ee\/epood\/?s={search_term_string}"},"query-input":{"@type":"PropertyValueSpecification","valueRequired":true,"valueName":"search_term_string"}}],"inLanguage":"et"}]}},"_links":{"self":[{"href":"https:\/\/espak.ee\/epood\/wp-json\/wp\/v2\/product\/122203","targetHints":{"allow":["GET"]}}],"collection":[{"href":"https:\/\/espak.ee\/epood\/wp-json\/wp\/v2\/product"}],"about":[{"href":"https:\/\/espak.ee\/epood\/wp-json\/wp\/v2\/types\/product"}],"replies":[{"embeddable":true,"href":"https:\/\/espak.ee\/epood\/wp-json\/wp\/v2\/comments?post=122203"}],"wp:featuredmedia":[{"embeddable":true,"href":"https:\/\/espak.ee\/epood\/wp-json\/wp\/v2\/media\/133359"}],"wp:attachment":[{"href":"https:\/\/espak.ee\/epood\/wp-json\/wp\/v2\/media?parent=122203"}],"wp:term":[{"taxonomy":"product_brand","embeddable":true,"href":"https:\/\/espak.ee\/epood\/wp-json\/wp\/v2\/product_brand?post=122203"},{"taxonomy":"product_cat","embeddable":true,"href":"https:\/\/espak.ee\/epood\/wp-json\/wp\/v2\/product_cat?post=122203"},{"taxonomy":"product_tag","embeddable":true,"href":"https:\/\/espak.ee\/epood\/wp-json\/wp\/v2\/product_tag?post=122203"}],"curies":[{"name":"wp","href":"https:\/\/api.w.org\/{rel}","templated":true}]}}