{"id":122175,"date":"2022-06-08T01:06:42","date_gmt":"2022-06-08T01:06:42","guid":{"rendered":"https:\/\/espak.ee\/epood\/?post_type=product&#038;p=122175"},"modified":"2024-03-23T03:28:32","modified_gmt":"2024-03-23T01:28:32","slug":"termostaatsegisti-dusikomplektiga-te-093-00-150-ravak-tellimisel","status":"publish","type":"product","link":"https:\/\/espak.ee\/epood\/toode\/termostaatsegisti-dusikomplektiga-te-093-00-150-ravak-tellimisel\/","title":{"rendered":"TERMOSTAATSEGISTI DU\u0160IKOMPLEKTIGA TE 093.00\/150 RAVAK &#8211; TELLIMISEL"},"content":{"rendered":"<div class=\"row\"  id=\"row-1851985793\">\n\n\t<div id=\"col-270842961\" class=\"col medium-9 small-12 large-9\"  >\n\t\t\t\t<div class=\"col-inner\"  >\n\t\t\t\n\t\t\t\n<h2>Termastaatsegisti du\u0161ikomplektiga kroom\/valge- TELLIMISEL<\/h2>\n<p>Vee p\u00fcsiva temperatuuri tagamiseks. Tasakaalustab hetkega vee surve ja temperatuuri k\u00f5ikumised torustikus ning tagab nii, et vesi on alati just teie m\u00e4\u00e4ratud temperatuuriga. Kes on kord termostaatsegistit proovinud, ei soovi enam teistsugust.<br \/>\n<div class=\"is-divider divider clearfix\" ><\/div>\nTermostaatsegistiga du\u0161itoru k\u00f5rgus: reguleeritav vahemikus 84\u2013131 cm.<br \/>\nKassett: termostaatiline, vee temperatuuri reguleerimiseks.<br \/>\nTeostus: temperatuuri regulaator vasakul \u2013 CoolFeel.<br \/>\n\u00dchendusvoolikud: segisti \u00fchenduste vahekaugus: 150 mm.<br \/>\nTeostus: ruudukujuline peadu\u0161\u0161 ABS 25 cm; k\u00e4sidu\u0161\u0161 \u2013 3 funktsiooniga, peadu\u0161\u0161i saab p\u00f6\u00f6rata ka k\u00fclgedele.<br \/>\nTeostus: kroomitud\/valge  \/ kroomitud.<br \/>\nGarantii segistile: 5 aastat.<br \/>\nSobib: k\u00f5igisse RAVAKi du\u0161ikabiinidesse.<br \/>\n\t<div id=\"gap-2081535675\" class=\"gap-element clearfix\" style=\"display:block; height:auto;\">\n\t\t\n<style>\n#gap-2081535675 {\n  padding-top: 30px;\n}\n<\/style>\n\t<\/div>\n\t\nDu\u0161i termostaatsegistit saab kombineerida RAVAKi teiste toodetega. V\u00e4liseks puhastamiseks soovitame kasutada vahendit RAVAK Cleaner Chrome.\n<\/p>\n\t<div id=\"gap-1735839315\" class=\"gap-element clearfix\" style=\"display:block; height:auto;\">\n\t\t\n<style>\n#gap-1735839315 {\n  padding-top: 30px;\n}\n<\/style>\n\t<\/div>\n\t\n\t\t<\/div>\n\t\t\t\t\t<\/div>\n\n\t\n\n\t<div id=\"col-459493138\" class=\"col medium-3 small-12 large-3\"  >\n\t\t\t\t<div class=\"col-inner\"  >\n\t\t\t\n\t\t\t\n<h3>Tootekataloog<\/h3>\n<p><a href=\"https:\/\/espak.ee\/epood\/wp-content\/uploads\/2022\/06\/ravak_collection_2022_ee.pdf\" target=\"_blank\" rel=\"noopener noreferrer\"><i class=\"far fa-file-pdf\"><\/i> Tootekataloog (PDF)<\/a><\/p>\n<div class=\"is-divider divider clearfix\" ><\/div>\n<p><strong>\u00dcksikasjalikuma n\u00f5u saamiseks v\u00f5tke \u00fchendust:<br \/><\/strong> Ravak Baltic UAB<br \/><a href=\"mailto:info@ravak.ee\">info@ravak.ee<\/a><\/p>\n<div class=\"is-divider divider clearfix\" ><\/div>\n\t\t<\/div>\n\t\t\t\t\t<\/div>\n\n\t\n<\/div>\n","protected":false},"excerpt":{"rendered":"","protected":false},"featured_media":132100,"comment_status":"closed","ping_status":"closed","template":"","meta":[],"product_brand":[],"product_cat":[2819,2820,2838,2821],"product_tag":[],"class_list":{"0":"post-122175","1":"product","2":"type-product","3":"status-publish","4":"has-post-thumbnail","6":"product_cat-sanitaartehnika","7":"product_cat-sanitaartehnika-sanitaartehnika","8":"product_cat-seg-termostaat","9":"product_cat-segistid","10":"pa_kaubamark-ravak-baltic-uab","12":"first","13":"onbackorder","14":"sale","15":"taxable","16":"shipping-taxable","17":"purchasable","18":"product-type-simple"},"yoast_head":"<!-- This site is optimized with the Yoast SEO plugin v26.9 - https:\/\/yoast.com\/product\/yoast-seo-wordpress\/ -->\n<title>TERMOSTAATSEGISTI DU\u0160IKOMPLEKTIGA TE 093.00\/150 RAVAK - TELLIMISEL - Espak E-pood<\/title>\n<meta name=\"robots\" content=\"index, follow, max-snippet:-1, max-image-preview:large, max-video-preview:-1\" \/>\n<link rel=\"canonical\" href=\"https:\/\/espak.ee\/epood\/toode\/termostaatsegisti-dusikomplektiga-te-093-00-150-ravak-tellimisel\/\" \/>\n<meta property=\"og:locale\" content=\"et_EE\" \/>\n<meta property=\"og:type\" content=\"article\" \/>\n<meta property=\"og:title\" content=\"TERMOSTAATSEGISTI DU\u0160IKOMPLEKTIGA TE 093.00\/150 RAVAK - TELLIMISEL - Espak E-pood\" \/>\n<meta property=\"og:url\" content=\"https:\/\/espak.ee\/epood\/toode\/termostaatsegisti-dusikomplektiga-te-093-00-150-ravak-tellimisel\/\" \/>\n<meta property=\"og:site_name\" content=\"Espak E-pood\" \/>\n<meta property=\"article:modified_time\" content=\"2024-03-23T01:28:32+00:00\" \/>\n<meta property=\"og:image\" content=\"https:\/\/espak.ee\/epood\/wp-content\/uploads\/2022\/06\/te093.jpg\" \/>\n\t<meta property=\"og:image:width\" content=\"800\" \/>\n\t<meta property=\"og:image:height\" content=\"800\" \/>\n\t<meta property=\"og:image:type\" content=\"image\/jpeg\" \/>\n<meta name=\"twitter:card\" content=\"summary_large_image\" \/>\n<meta name=\"twitter:label1\" content=\"Est. reading time\" \/>\n\t<meta name=\"twitter:data1\" content=\"1 minut\" \/>\n<script type=\"application\/ld+json\" class=\"yoast-schema-graph\">{\"@context\":\"https:\/\/schema.org\",\"@graph\":[{\"@type\":\"WebPage\",\"@id\":\"https:\/\/espak.ee\/epood\/toode\/termostaatsegisti-dusikomplektiga-te-093-00-150-ravak-tellimisel\/\",\"url\":\"https:\/\/espak.ee\/epood\/toode\/termostaatsegisti-dusikomplektiga-te-093-00-150-ravak-tellimisel\/\",\"name\":\"TERMOSTAATSEGISTI DU\u0160IKOMPLEKTIGA TE 093.00\/150 RAVAK - TELLIMISEL - Espak E-pood\",\"isPartOf\":{\"@id\":\"https:\/\/espak.ee\/epood\/#website\"},\"primaryImageOfPage\":{\"@id\":\"https:\/\/espak.ee\/epood\/toode\/termostaatsegisti-dusikomplektiga-te-093-00-150-ravak-tellimisel\/#primaryimage\"},\"image\":{\"@id\":\"https:\/\/espak.ee\/epood\/toode\/termostaatsegisti-dusikomplektiga-te-093-00-150-ravak-tellimisel\/#primaryimage\"},\"thumbnailUrl\":\"https:\/\/espak.ee\/epood\/wp-content\/uploads\/2022\/06\/te093.jpg\",\"datePublished\":\"2022-06-08T01:06:42+00:00\",\"dateModified\":\"2024-03-23T01:28:32+00:00\",\"breadcrumb\":{\"@id\":\"https:\/\/espak.ee\/epood\/toode\/termostaatsegisti-dusikomplektiga-te-093-00-150-ravak-tellimisel\/#breadcrumb\"},\"inLanguage\":\"et\",\"potentialAction\":[{\"@type\":\"ReadAction\",\"target\":[\"https:\/\/espak.ee\/epood\/toode\/termostaatsegisti-dusikomplektiga-te-093-00-150-ravak-tellimisel\/\"]}]},{\"@type\":\"ImageObject\",\"inLanguage\":\"et\",\"@id\":\"https:\/\/espak.ee\/epood\/toode\/termostaatsegisti-dusikomplektiga-te-093-00-150-ravak-tellimisel\/#primaryimage\",\"url\":\"https:\/\/espak.ee\/epood\/wp-content\/uploads\/2022\/06\/te093.jpg\",\"contentUrl\":\"https:\/\/espak.ee\/epood\/wp-content\/uploads\/2022\/06\/te093.jpg\",\"width\":800,\"height\":800},{\"@type\":\"BreadcrumbList\",\"@id\":\"https:\/\/espak.ee\/epood\/toode\/termostaatsegisti-dusikomplektiga-te-093-00-150-ravak-tellimisel\/#breadcrumb\",\"itemListElement\":[{\"@type\":\"ListItem\",\"position\":1,\"name\":\"Home\",\"item\":\"https:\/\/espak.ee\/epood\/\"},{\"@type\":\"ListItem\",\"position\":2,\"name\":\"Tootevalik\",\"item\":\"https:\/\/espak.ee\/epood\/tootevalik\/\"},{\"@type\":\"ListItem\",\"position\":3,\"name\":\"TERMOSTAATSEGISTI DU\u0160IKOMPLEKTIGA TE 093.00\/150 RAVAK &#8211; TELLIMISEL\"}]},{\"@type\":\"WebSite\",\"@id\":\"https:\/\/espak.ee\/epood\/#website\",\"url\":\"https:\/\/espak.ee\/epood\/\",\"name\":\"Espak E-pood\",\"description\":\"\",\"potentialAction\":[{\"@type\":\"SearchAction\",\"target\":{\"@type\":\"EntryPoint\",\"urlTemplate\":\"https:\/\/espak.ee\/epood\/?s={search_term_string}\"},\"query-input\":{\"@type\":\"PropertyValueSpecification\",\"valueRequired\":true,\"valueName\":\"search_term_string\"}}],\"inLanguage\":\"et\"}]}<\/script>\n<!-- \/ Yoast SEO plugin. -->","yoast_head_json":{"title":"TERMOSTAATSEGISTI DU\u0160IKOMPLEKTIGA TE 093.00\/150 RAVAK - TELLIMISEL - Espak E-pood","robots":{"index":"index","follow":"follow","max-snippet":"max-snippet:-1","max-image-preview":"max-image-preview:large","max-video-preview":"max-video-preview:-1"},"canonical":"https:\/\/espak.ee\/epood\/toode\/termostaatsegisti-dusikomplektiga-te-093-00-150-ravak-tellimisel\/","og_locale":"et_EE","og_type":"article","og_title":"TERMOSTAATSEGISTI DU\u0160IKOMPLEKTIGA TE 093.00\/150 RAVAK - TELLIMISEL - Espak E-pood","og_url":"https:\/\/espak.ee\/epood\/toode\/termostaatsegisti-dusikomplektiga-te-093-00-150-ravak-tellimisel\/","og_site_name":"Espak E-pood","article_modified_time":"2024-03-23T01:28:32+00:00","og_image":[{"width":800,"height":800,"url":"https:\/\/espak.ee\/epood\/wp-content\/uploads\/2022\/06\/te093.jpg","type":"image\/jpeg"}],"twitter_card":"summary_large_image","twitter_misc":{"Est. reading time":"1 minut"},"schema":{"@context":"https:\/\/schema.org","@graph":[{"@type":"WebPage","@id":"https:\/\/espak.ee\/epood\/toode\/termostaatsegisti-dusikomplektiga-te-093-00-150-ravak-tellimisel\/","url":"https:\/\/espak.ee\/epood\/toode\/termostaatsegisti-dusikomplektiga-te-093-00-150-ravak-tellimisel\/","name":"TERMOSTAATSEGISTI DU\u0160IKOMPLEKTIGA TE 093.00\/150 RAVAK - TELLIMISEL - Espak E-pood","isPartOf":{"@id":"https:\/\/espak.ee\/epood\/#website"},"primaryImageOfPage":{"@id":"https:\/\/espak.ee\/epood\/toode\/termostaatsegisti-dusikomplektiga-te-093-00-150-ravak-tellimisel\/#primaryimage"},"image":{"@id":"https:\/\/espak.ee\/epood\/toode\/termostaatsegisti-dusikomplektiga-te-093-00-150-ravak-tellimisel\/#primaryimage"},"thumbnailUrl":"https:\/\/espak.ee\/epood\/wp-content\/uploads\/2022\/06\/te093.jpg","datePublished":"2022-06-08T01:06:42+00:00","dateModified":"2024-03-23T01:28:32+00:00","breadcrumb":{"@id":"https:\/\/espak.ee\/epood\/toode\/termostaatsegisti-dusikomplektiga-te-093-00-150-ravak-tellimisel\/#breadcrumb"},"inLanguage":"et","potentialAction":[{"@type":"ReadAction","target":["https:\/\/espak.ee\/epood\/toode\/termostaatsegisti-dusikomplektiga-te-093-00-150-ravak-tellimisel\/"]}]},{"@type":"ImageObject","inLanguage":"et","@id":"https:\/\/espak.ee\/epood\/toode\/termostaatsegisti-dusikomplektiga-te-093-00-150-ravak-tellimisel\/#primaryimage","url":"https:\/\/espak.ee\/epood\/wp-content\/uploads\/2022\/06\/te093.jpg","contentUrl":"https:\/\/espak.ee\/epood\/wp-content\/uploads\/2022\/06\/te093.jpg","width":800,"height":800},{"@type":"BreadcrumbList","@id":"https:\/\/espak.ee\/epood\/toode\/termostaatsegisti-dusikomplektiga-te-093-00-150-ravak-tellimisel\/#breadcrumb","itemListElement":[{"@type":"ListItem","position":1,"name":"Home","item":"https:\/\/espak.ee\/epood\/"},{"@type":"ListItem","position":2,"name":"Tootevalik","item":"https:\/\/espak.ee\/epood\/tootevalik\/"},{"@type":"ListItem","position":3,"name":"TERMOSTAATSEGISTI DU\u0160IKOMPLEKTIGA TE 093.00\/150 RAVAK &#8211; TELLIMISEL"}]},{"@type":"WebSite","@id":"https:\/\/espak.ee\/epood\/#website","url":"https:\/\/espak.ee\/epood\/","name":"Espak E-pood","description":"","potentialAction":[{"@type":"SearchAction","target":{"@type":"EntryPoint","urlTemplate":"https:\/\/espak.ee\/epood\/?s={search_term_string}"},"query-input":{"@type":"PropertyValueSpecification","valueRequired":true,"valueName":"search_term_string"}}],"inLanguage":"et"}]}},"_links":{"self":[{"href":"https:\/\/espak.ee\/epood\/wp-json\/wp\/v2\/product\/122175","targetHints":{"allow":["GET"]}}],"collection":[{"href":"https:\/\/espak.ee\/epood\/wp-json\/wp\/v2\/product"}],"about":[{"href":"https:\/\/espak.ee\/epood\/wp-json\/wp\/v2\/types\/product"}],"replies":[{"embeddable":true,"href":"https:\/\/espak.ee\/epood\/wp-json\/wp\/v2\/comments?post=122175"}],"wp:featuredmedia":[{"embeddable":true,"href":"https:\/\/espak.ee\/epood\/wp-json\/wp\/v2\/media\/132100"}],"wp:attachment":[{"href":"https:\/\/espak.ee\/epood\/wp-json\/wp\/v2\/media?parent=122175"}],"wp:term":[{"taxonomy":"product_brand","embeddable":true,"href":"https:\/\/espak.ee\/epood\/wp-json\/wp\/v2\/product_brand?post=122175"},{"taxonomy":"product_cat","embeddable":true,"href":"https:\/\/espak.ee\/epood\/wp-json\/wp\/v2\/product_cat?post=122175"},{"taxonomy":"product_tag","embeddable":true,"href":"https:\/\/espak.ee\/epood\/wp-json\/wp\/v2\/product_tag?post=122175"}],"curies":[{"name":"wp","href":"https:\/\/api.w.org\/{rel}","templated":true}]}}