{"id":122153,"date":"2022-06-08T00:19:59","date_gmt":"2022-06-08T00:19:59","guid":{"rendered":"https:\/\/espak.ee\/epood\/?post_type=product&#038;p=122153"},"modified":"2024-03-23T03:29:38","modified_gmt":"2024-03-23T01:29:38","slug":"dusikabiin-blix-sabina-blcp4-90-valge-klaas-transparent-ravak-tellimisel","status":"publish","type":"product","link":"https:\/\/espak.ee\/epood\/toode\/dusikabiin-blix-sabina-blcp4-90-valge-klaas-transparent-ravak-tellimisel\/","title":{"rendered":"DU\u0160IKABIIN BLIX SABINA BLCP4-90 VALGE + KLAAS TRANSPARENT RAVAK &#8211; TELLIMISEL"},"content":{"rendered":"<div class=\"row\"  id=\"row-918197757\">\n\n\t<div id=\"col-630914060\" class=\"col medium-9 small-12 large-9\"  >\n\t\t\t\t<div class=\"col-inner\"  >\n\t\t\t\n\t\t\t\n<h2>Kabiin Blix BLCP4-90 Sabina valge + transparent &#8211; TELLIMISEL<\/h2>\n<p>Madal du\u0161ikabiin Blix on neljaosaline kumera disaini ja liugustega du\u0161inurk.<br \/>\nSuurep\u00e4rane lahendus vannituppa, millesse ei mahu vann. On ette n\u00e4htud kombinatsiooniks s\u00fcgava du\u0161ialusega Sabina, t\u00e4nu millele \u00fchendab endas vanni ja du\u0161inurga eeliseid.<br \/>\n Madala du\u0161ikabiini ja s\u00fcgava du\u0161ialuse k\u00f5rgus on 2170 mm.<br \/>\n<div class=\"is-divider divider clearfix\" ><\/div>\nM\u00f5\u00f5dud: 80, 90 \u0441m.<br \/>\nV\u00e4rvilahendus: profiil &#8211; valge, poleeritud alumiinium, satiin; poleeritud alumiiniumist k\u00e4epidemed.<br \/>\nOhutust klaasist vitraa\u017e: 6 mm; Transparent, Grape.<br \/>\nToote k\u00f5rgus: 175 \u0441m.<br \/>\nGarantii: 5 aastat.<\/p>\n\t<div id=\"gap-940064328\" class=\"gap-element clearfix\" style=\"display:block; height:auto;\">\n\t\t\n<style>\n#gap-940064328 {\n  padding-top: 30px;\n}\n<\/style>\n\t<\/div>\n\t\nL\u00fchendatud kumera disainiga du\u0161inurk Blix on vaid 1750 mm k\u00f5rgune, seega saab selle paigaldada s\u00fcgavale istmega du\u0161ialuse Sabina. See kombinatsioon kujutab endast unikaalset ruumis\u00e4\u00e4stvat lahendust, mis v\u00f5imaldab nautida nii du\u0161i- kui vannim\u00f5nusid piiratud ruumis. 27 cm s\u00fcgavune akr\u00fc\u00fclist du\u0161ialus on mugav laste vannitamiseks, pesu leotamiseks ning kasutatav ka istmena. Du\u0161inurga Blix liugustega s\u00fcsteem garanteerib tehniliselt t\u00e4iusliku lahenduse, milles on \u00fchendatud poleeritud profiilide ja efektsete ohutust klaasist pindadega trendikas disain. Paigaldatakse plaadiga viimistletud vannitoanurka s\u00fcgavale du\u0161ilausele Sabina.<\/p>\n\t<div id=\"gap-918398495\" class=\"gap-element clearfix\" style=\"display:block; height:auto;\">\n\t\t\n<style>\n#gap-918398495 {\n  padding-top: 30px;\n}\n<\/style>\n\t<\/div>\n\t\n\t\t<\/div>\n\t\t\t\t\t<\/div>\n\n\t\n\n\t<div id=\"col-1552299447\" class=\"col medium-3 small-12 large-3\"  >\n\t\t\t\t<div class=\"col-inner\"  >\n\t\t\t\n\t\t\t\n<h3>Tootekataloog<\/h3>\n<p><a href=\"https:\/\/espak.ee\/epood\/wp-content\/uploads\/2022\/06\/ravak_collection_2022_ee.pdf\" target=\"_blank\" rel=\"noopener noreferrer\"><i class=\"far fa-file-pdf\"><\/i> Tootekataloog (PDF)<\/a><\/p>\n<div class=\"is-divider divider clearfix\" ><\/div>\n<p><strong>\u00dcksikasjalikuma n\u00f5u saamiseks v\u00f5tke \u00fchendust:<br \/><\/strong> Ravak Baltic UAB<br \/><a href=\"mailto:info@ravak.ee\">info@ravak.ee<\/a><\/p>\n<div class=\"is-divider divider clearfix\" ><\/div>\n\t\t<\/div>\n\t\t\t\t\t<\/div>\n\n\t\n<\/div>\n","protected":false},"excerpt":{"rendered":"","protected":false},"featured_media":133310,"comment_status":"closed","ping_status":"closed","template":"","meta":[],"product_brand":[],"product_cat":[2819,2820,3492,3491],"product_tag":[],"class_list":{"0":"post-122153","1":"product","2":"type-product","3":"status-publish","4":"has-post-thumbnail","6":"product_cat-sanitaartehnika","7":"product_cat-sanitaartehnika-sanitaartehnika","8":"product_cat-vann-dusikabiinid","9":"product_cat-vannid-ja-dusinurgad","10":"pa_kaubamark-ravak-baltic-uab","12":"first","13":"onbackorder","14":"sale","15":"taxable","16":"shipping-taxable","17":"purchasable","18":"product-type-simple"},"yoast_head":"<!-- This site is optimized with the Yoast SEO plugin v26.9 - https:\/\/yoast.com\/product\/yoast-seo-wordpress\/ -->\n<title>DU\u0160IKABIIN BLIX SABINA BLCP4-90 VALGE + KLAAS TRANSPARENT RAVAK - TELLIMISEL - Espak E-pood<\/title>\n<meta name=\"robots\" content=\"index, follow, max-snippet:-1, max-image-preview:large, max-video-preview:-1\" \/>\n<link rel=\"canonical\" href=\"https:\/\/espak.ee\/epood\/toode\/dusikabiin-blix-sabina-blcp4-90-valge-klaas-transparent-ravak-tellimisel\/\" \/>\n<meta property=\"og:locale\" content=\"et_EE\" \/>\n<meta property=\"og:type\" content=\"article\" \/>\n<meta property=\"og:title\" content=\"DU\u0160IKABIIN BLIX SABINA BLCP4-90 VALGE + KLAAS TRANSPARENT RAVAK - TELLIMISEL - Espak E-pood\" \/>\n<meta property=\"og:url\" content=\"https:\/\/espak.ee\/epood\/toode\/dusikabiin-blix-sabina-blcp4-90-valge-klaas-transparent-ravak-tellimisel\/\" \/>\n<meta property=\"og:site_name\" content=\"Espak E-pood\" \/>\n<meta property=\"article:modified_time\" content=\"2024-03-23T01:29:38+00:00\" \/>\n<meta property=\"og:image\" content=\"https:\/\/espak.ee\/epood\/wp-content\/uploads\/2022\/06\/blcp4-sabina1.jpg\" \/>\n\t<meta property=\"og:image:width\" content=\"800\" \/>\n\t<meta property=\"og:image:height\" content=\"800\" \/>\n\t<meta property=\"og:image:type\" content=\"image\/jpeg\" \/>\n<meta name=\"twitter:card\" content=\"summary_large_image\" \/>\n<meta name=\"twitter:label1\" content=\"Est. reading time\" \/>\n\t<meta name=\"twitter:data1\" content=\"1 minut\" \/>\n<script type=\"application\/ld+json\" class=\"yoast-schema-graph\">{\"@context\":\"https:\/\/schema.org\",\"@graph\":[{\"@type\":\"WebPage\",\"@id\":\"https:\/\/espak.ee\/epood\/toode\/dusikabiin-blix-sabina-blcp4-90-valge-klaas-transparent-ravak-tellimisel\/\",\"url\":\"https:\/\/espak.ee\/epood\/toode\/dusikabiin-blix-sabina-blcp4-90-valge-klaas-transparent-ravak-tellimisel\/\",\"name\":\"DU\u0160IKABIIN BLIX SABINA BLCP4-90 VALGE + KLAAS TRANSPARENT RAVAK - TELLIMISEL - Espak E-pood\",\"isPartOf\":{\"@id\":\"https:\/\/espak.ee\/epood\/#website\"},\"primaryImageOfPage\":{\"@id\":\"https:\/\/espak.ee\/epood\/toode\/dusikabiin-blix-sabina-blcp4-90-valge-klaas-transparent-ravak-tellimisel\/#primaryimage\"},\"image\":{\"@id\":\"https:\/\/espak.ee\/epood\/toode\/dusikabiin-blix-sabina-blcp4-90-valge-klaas-transparent-ravak-tellimisel\/#primaryimage\"},\"thumbnailUrl\":\"https:\/\/espak.ee\/epood\/wp-content\/uploads\/2022\/06\/blcp4-sabina1.jpg\",\"datePublished\":\"2022-06-08T00:19:59+00:00\",\"dateModified\":\"2024-03-23T01:29:38+00:00\",\"breadcrumb\":{\"@id\":\"https:\/\/espak.ee\/epood\/toode\/dusikabiin-blix-sabina-blcp4-90-valge-klaas-transparent-ravak-tellimisel\/#breadcrumb\"},\"inLanguage\":\"et\",\"potentialAction\":[{\"@type\":\"ReadAction\",\"target\":[\"https:\/\/espak.ee\/epood\/toode\/dusikabiin-blix-sabina-blcp4-90-valge-klaas-transparent-ravak-tellimisel\/\"]}]},{\"@type\":\"ImageObject\",\"inLanguage\":\"et\",\"@id\":\"https:\/\/espak.ee\/epood\/toode\/dusikabiin-blix-sabina-blcp4-90-valge-klaas-transparent-ravak-tellimisel\/#primaryimage\",\"url\":\"https:\/\/espak.ee\/epood\/wp-content\/uploads\/2022\/06\/blcp4-sabina1.jpg\",\"contentUrl\":\"https:\/\/espak.ee\/epood\/wp-content\/uploads\/2022\/06\/blcp4-sabina1.jpg\",\"width\":800,\"height\":800},{\"@type\":\"BreadcrumbList\",\"@id\":\"https:\/\/espak.ee\/epood\/toode\/dusikabiin-blix-sabina-blcp4-90-valge-klaas-transparent-ravak-tellimisel\/#breadcrumb\",\"itemListElement\":[{\"@type\":\"ListItem\",\"position\":1,\"name\":\"Home\",\"item\":\"https:\/\/espak.ee\/epood\/\"},{\"@type\":\"ListItem\",\"position\":2,\"name\":\"Tootevalik\",\"item\":\"https:\/\/espak.ee\/epood\/tootevalik\/\"},{\"@type\":\"ListItem\",\"position\":3,\"name\":\"DU\u0160IKABIIN BLIX SABINA BLCP4-90 VALGE + KLAAS TRANSPARENT RAVAK &#8211; TELLIMISEL\"}]},{\"@type\":\"WebSite\",\"@id\":\"https:\/\/espak.ee\/epood\/#website\",\"url\":\"https:\/\/espak.ee\/epood\/\",\"name\":\"Espak E-pood\",\"description\":\"\",\"potentialAction\":[{\"@type\":\"SearchAction\",\"target\":{\"@type\":\"EntryPoint\",\"urlTemplate\":\"https:\/\/espak.ee\/epood\/?s={search_term_string}\"},\"query-input\":{\"@type\":\"PropertyValueSpecification\",\"valueRequired\":true,\"valueName\":\"search_term_string\"}}],\"inLanguage\":\"et\"}]}<\/script>\n<!-- \/ Yoast SEO plugin. -->","yoast_head_json":{"title":"DU\u0160IKABIIN BLIX SABINA BLCP4-90 VALGE + KLAAS TRANSPARENT RAVAK - TELLIMISEL - Espak E-pood","robots":{"index":"index","follow":"follow","max-snippet":"max-snippet:-1","max-image-preview":"max-image-preview:large","max-video-preview":"max-video-preview:-1"},"canonical":"https:\/\/espak.ee\/epood\/toode\/dusikabiin-blix-sabina-blcp4-90-valge-klaas-transparent-ravak-tellimisel\/","og_locale":"et_EE","og_type":"article","og_title":"DU\u0160IKABIIN BLIX SABINA BLCP4-90 VALGE + KLAAS TRANSPARENT RAVAK - TELLIMISEL - Espak E-pood","og_url":"https:\/\/espak.ee\/epood\/toode\/dusikabiin-blix-sabina-blcp4-90-valge-klaas-transparent-ravak-tellimisel\/","og_site_name":"Espak E-pood","article_modified_time":"2024-03-23T01:29:38+00:00","og_image":[{"width":800,"height":800,"url":"https:\/\/espak.ee\/epood\/wp-content\/uploads\/2022\/06\/blcp4-sabina1.jpg","type":"image\/jpeg"}],"twitter_card":"summary_large_image","twitter_misc":{"Est. reading time":"1 minut"},"schema":{"@context":"https:\/\/schema.org","@graph":[{"@type":"WebPage","@id":"https:\/\/espak.ee\/epood\/toode\/dusikabiin-blix-sabina-blcp4-90-valge-klaas-transparent-ravak-tellimisel\/","url":"https:\/\/espak.ee\/epood\/toode\/dusikabiin-blix-sabina-blcp4-90-valge-klaas-transparent-ravak-tellimisel\/","name":"DU\u0160IKABIIN BLIX SABINA BLCP4-90 VALGE + KLAAS TRANSPARENT RAVAK - TELLIMISEL - Espak E-pood","isPartOf":{"@id":"https:\/\/espak.ee\/epood\/#website"},"primaryImageOfPage":{"@id":"https:\/\/espak.ee\/epood\/toode\/dusikabiin-blix-sabina-blcp4-90-valge-klaas-transparent-ravak-tellimisel\/#primaryimage"},"image":{"@id":"https:\/\/espak.ee\/epood\/toode\/dusikabiin-blix-sabina-blcp4-90-valge-klaas-transparent-ravak-tellimisel\/#primaryimage"},"thumbnailUrl":"https:\/\/espak.ee\/epood\/wp-content\/uploads\/2022\/06\/blcp4-sabina1.jpg","datePublished":"2022-06-08T00:19:59+00:00","dateModified":"2024-03-23T01:29:38+00:00","breadcrumb":{"@id":"https:\/\/espak.ee\/epood\/toode\/dusikabiin-blix-sabina-blcp4-90-valge-klaas-transparent-ravak-tellimisel\/#breadcrumb"},"inLanguage":"et","potentialAction":[{"@type":"ReadAction","target":["https:\/\/espak.ee\/epood\/toode\/dusikabiin-blix-sabina-blcp4-90-valge-klaas-transparent-ravak-tellimisel\/"]}]},{"@type":"ImageObject","inLanguage":"et","@id":"https:\/\/espak.ee\/epood\/toode\/dusikabiin-blix-sabina-blcp4-90-valge-klaas-transparent-ravak-tellimisel\/#primaryimage","url":"https:\/\/espak.ee\/epood\/wp-content\/uploads\/2022\/06\/blcp4-sabina1.jpg","contentUrl":"https:\/\/espak.ee\/epood\/wp-content\/uploads\/2022\/06\/blcp4-sabina1.jpg","width":800,"height":800},{"@type":"BreadcrumbList","@id":"https:\/\/espak.ee\/epood\/toode\/dusikabiin-blix-sabina-blcp4-90-valge-klaas-transparent-ravak-tellimisel\/#breadcrumb","itemListElement":[{"@type":"ListItem","position":1,"name":"Home","item":"https:\/\/espak.ee\/epood\/"},{"@type":"ListItem","position":2,"name":"Tootevalik","item":"https:\/\/espak.ee\/epood\/tootevalik\/"},{"@type":"ListItem","position":3,"name":"DU\u0160IKABIIN BLIX SABINA BLCP4-90 VALGE + KLAAS TRANSPARENT RAVAK &#8211; TELLIMISEL"}]},{"@type":"WebSite","@id":"https:\/\/espak.ee\/epood\/#website","url":"https:\/\/espak.ee\/epood\/","name":"Espak E-pood","description":"","potentialAction":[{"@type":"SearchAction","target":{"@type":"EntryPoint","urlTemplate":"https:\/\/espak.ee\/epood\/?s={search_term_string}"},"query-input":{"@type":"PropertyValueSpecification","valueRequired":true,"valueName":"search_term_string"}}],"inLanguage":"et"}]}},"_links":{"self":[{"href":"https:\/\/espak.ee\/epood\/wp-json\/wp\/v2\/product\/122153","targetHints":{"allow":["GET"]}}],"collection":[{"href":"https:\/\/espak.ee\/epood\/wp-json\/wp\/v2\/product"}],"about":[{"href":"https:\/\/espak.ee\/epood\/wp-json\/wp\/v2\/types\/product"}],"replies":[{"embeddable":true,"href":"https:\/\/espak.ee\/epood\/wp-json\/wp\/v2\/comments?post=122153"}],"wp:featuredmedia":[{"embeddable":true,"href":"https:\/\/espak.ee\/epood\/wp-json\/wp\/v2\/media\/133310"}],"wp:attachment":[{"href":"https:\/\/espak.ee\/epood\/wp-json\/wp\/v2\/media?parent=122153"}],"wp:term":[{"taxonomy":"product_brand","embeddable":true,"href":"https:\/\/espak.ee\/epood\/wp-json\/wp\/v2\/product_brand?post=122153"},{"taxonomy":"product_cat","embeddable":true,"href":"https:\/\/espak.ee\/epood\/wp-json\/wp\/v2\/product_cat?post=122153"},{"taxonomy":"product_tag","embeddable":true,"href":"https:\/\/espak.ee\/epood\/wp-json\/wp\/v2\/product_tag?post=122153"}],"curies":[{"name":"wp","href":"https:\/\/api.w.org\/{rel}","templated":true}]}}