{"id":12117,"date":"2019-12-03T02:45:48","date_gmt":"2019-12-03T00:45:48","guid":{"rendered":"https:\/\/espak.ee\/hinnakiri\/?post_type=product&#038;p=12117"},"modified":"2024-03-23T00:08:44","modified_gmt":"2024-03-22T22:08:44","slug":"siseuks-tradition-51-mand-viimistlusvalmis-1020","status":"publish","type":"product","link":"https:\/\/espak.ee\/epood\/toode\/siseuks-tradition-51-mand-viimistlusvalmis-1020\/","title":{"rendered":"SISEUKS TRADITION 51 M\u00c4ND VIIMISTLUSVALMIS 10*20"},"content":{"rendered":"<div class=\"row\"  id=\"row-1066151761\">\n\n\t<div id=\"col-222661594\" class=\"col medium-9 small-12 large-9\"  >\n\t\t\t\t<div class=\"col-inner\"  >\n\t\t\t\n\t\t\t\n<h2>Siseuks Tradition 51<\/h2>\n<p>Tradition m\u00e4nnipuidust uksed toovad ruumidesse loodusl\u00e4heduse t\u00e4nu n\u00e4htavale puidumustrile, mis on igal uksel unikaalne. Viimistlusvalmis tooted pakuvad v\u00f5imalusi v\u00e4ga erinevateks t\u00f6\u00f6tlusteks saavutamaks just teile sobiva ainulaadse tulemuse. Manteluste tootevalikus on ka lakitud ja valge toonlakiga t\u00f6\u00f6deldud tooted.<\/p>\n<div class=\"message-box relative\" style=\"padding-top:15px;padding-bottom:15px;\"><div class=\"message-box-bg-image bg-fill fill\" ><\/div><div class=\"message-box-bg-overlay bg-fill fill\" ><\/div><div class=\"container relative\"><div class=\"inner last-reset\">\n<div class=\"row align-middle align-center\"  id=\"row-1164224659\">\n\n\t<div id=\"col-233959668\" class=\"col small-12 large-12\"  >\n\t\t\t\t<div class=\"col-inner text-left\"  >\n\t\t\t\n\t\t\t\n<h4>Omadused<\/h4>\n<div class=\"row\"  id=\"row-2038223212\">\n\n\t<div id=\"col-842720260\" class=\"col medium-6 small-12 large-6\"  >\n\t\t\t\t<div class=\"col-inner\"  >\n\t\t\t\n\t\t\t\n<p><i class=\"fa fa-check fa-2x\"><\/i> <strong>Massiivse konstruktsiooniga<\/strong><\/p>\n\t\t<\/div>\n\t\t\t\t\n<style>\n#col-842720260 > .col-inner {\n  margin: 0px 0px 15px 0px;\n}\n<\/style>\n\t<\/div>\n\n\t\n<\/div>\n\t\t<\/div>\n\t\t\t\t\t<\/div>\n\n\t\n<\/div>\n<\/div><\/div><\/div>\n\t<div id=\"gap-591863058\" class=\"gap-element clearfix\" style=\"display:block; height:auto;\">\n\t\t\n<style>\n#gap-591863058 {\n  padding-top: 30px;\n}\n<\/style>\n\t<\/div>\n\t\n\t\t<\/div>\n\t\t\t\t\t<\/div>\n\n\t\n\n\t<div id=\"col-1457769071\" class=\"col medium-3 small-12 large-3\"  >\n\t\t\t\t<div class=\"col-inner\"  >\n\t\t\t\n\t\t\t\n\t<div id=\"gap-1007879165\" class=\"gap-element clearfix\" style=\"display:block; height:auto;\">\n\t\t\n<style>\n#gap-1007879165 {\n  padding-top: 30px;\n}\n<\/style>\n\t<\/div>\n\t\n<div class=\"is-divider divider clearfix\" ><\/div>\n<p><strong>\u00dcksikasjalikuma n\u00f5u saamiseks v\u00f5tke \u00fchendust:<br \/><\/strong>JELD-WEN Eesti AS<br \/>K\u00f5rtsi tee 9, Lehmja<br \/>76505<br \/>Harju maakond<\/p>\n<div class=\"is-divider divider clearfix\" ><\/div>\n\t\t<\/div>\n\t\t\t\t\t<\/div>\n\n\t\n<\/div>\n","protected":false},"excerpt":{"rendered":"","protected":false},"featured_media":11470,"comment_status":"closed","ping_status":"open","template":"","meta":[],"product_brand":[],"product_cat":[2848,2856,2845,2683],"product_tag":[],"class_list":{"0":"post-12117","1":"product","2":"type-product","3":"status-publish","4":"has-post-thumbnail","6":"product_cat-siseuksed","7":"product_cat-siseuksed-puidust","8":"product_cat-uksed","9":"product_cat-viimistluskaubad","10":"pa_kaubamark-jeld-wen-eesti-as","12":"first","13":"instock","14":"sale","15":"taxable","16":"shipping-taxable","17":"purchasable","18":"product-type-simple"},"yoast_head":"<!-- This site is optimized with the Yoast SEO plugin v26.9 - https:\/\/yoast.com\/product\/yoast-seo-wordpress\/ -->\n<title>SISEUKS TRADITION 51 M\u00c4ND VIIMISTLUSVALMIS 10*20 - Espak E-pood<\/title>\n<meta name=\"robots\" content=\"index, follow, max-snippet:-1, max-image-preview:large, max-video-preview:-1\" \/>\n<link rel=\"canonical\" href=\"https:\/\/espak.ee\/epood\/toode\/siseuks-tradition-51-mand-viimistlusvalmis-1020\/\" \/>\n<meta property=\"og:locale\" content=\"et_EE\" \/>\n<meta property=\"og:type\" content=\"article\" \/>\n<meta property=\"og:title\" content=\"SISEUKS TRADITION 51 M\u00c4ND VIIMISTLUSVALMIS 10*20 - Espak E-pood\" \/>\n<meta property=\"og:url\" content=\"https:\/\/espak.ee\/epood\/toode\/siseuks-tradition-51-mand-viimistlusvalmis-1020\/\" \/>\n<meta property=\"og:site_name\" content=\"Espak E-pood\" \/>\n<meta property=\"article:modified_time\" content=\"2024-03-22T22:08:44+00:00\" \/>\n<meta property=\"og:image\" content=\"https:\/\/espak.ee\/epood\/wp-content\/uploads\/tradition51.jpg\" \/>\n\t<meta property=\"og:image:width\" content=\"2048\" \/>\n\t<meta property=\"og:image:height\" content=\"2048\" \/>\n\t<meta property=\"og:image:type\" content=\"image\/jpeg\" \/>\n<meta name=\"twitter:card\" content=\"summary_large_image\" \/>\n<meta name=\"twitter:label1\" content=\"Est. reading time\" \/>\n\t<meta name=\"twitter:data1\" content=\"1 minut\" \/>\n<script type=\"application\/ld+json\" class=\"yoast-schema-graph\">{\"@context\":\"https:\/\/schema.org\",\"@graph\":[{\"@type\":\"WebPage\",\"@id\":\"https:\/\/espak.ee\/epood\/toode\/siseuks-tradition-51-mand-viimistlusvalmis-1020\/\",\"url\":\"https:\/\/espak.ee\/epood\/toode\/siseuks-tradition-51-mand-viimistlusvalmis-1020\/\",\"name\":\"SISEUKS TRADITION 51 M\u00c4ND VIIMISTLUSVALMIS 10*20 - Espak E-pood\",\"isPartOf\":{\"@id\":\"https:\/\/espak.ee\/epood\/#website\"},\"primaryImageOfPage\":{\"@id\":\"https:\/\/espak.ee\/epood\/toode\/siseuks-tradition-51-mand-viimistlusvalmis-1020\/#primaryimage\"},\"image\":{\"@id\":\"https:\/\/espak.ee\/epood\/toode\/siseuks-tradition-51-mand-viimistlusvalmis-1020\/#primaryimage\"},\"thumbnailUrl\":\"https:\/\/espak.ee\/epood\/wp-content\/uploads\/tradition51.jpg\",\"datePublished\":\"2019-12-03T00:45:48+00:00\",\"dateModified\":\"2024-03-22T22:08:44+00:00\",\"breadcrumb\":{\"@id\":\"https:\/\/espak.ee\/epood\/toode\/siseuks-tradition-51-mand-viimistlusvalmis-1020\/#breadcrumb\"},\"inLanguage\":\"et\",\"potentialAction\":[{\"@type\":\"ReadAction\",\"target\":[\"https:\/\/espak.ee\/epood\/toode\/siseuks-tradition-51-mand-viimistlusvalmis-1020\/\"]}]},{\"@type\":\"ImageObject\",\"inLanguage\":\"et\",\"@id\":\"https:\/\/espak.ee\/epood\/toode\/siseuks-tradition-51-mand-viimistlusvalmis-1020\/#primaryimage\",\"url\":\"https:\/\/espak.ee\/epood\/wp-content\/uploads\/tradition51.jpg\",\"contentUrl\":\"https:\/\/espak.ee\/epood\/wp-content\/uploads\/tradition51.jpg\",\"width\":2048,\"height\":2048},{\"@type\":\"BreadcrumbList\",\"@id\":\"https:\/\/espak.ee\/epood\/toode\/siseuks-tradition-51-mand-viimistlusvalmis-1020\/#breadcrumb\",\"itemListElement\":[{\"@type\":\"ListItem\",\"position\":1,\"name\":\"Home\",\"item\":\"https:\/\/espak.ee\/epood\/\"},{\"@type\":\"ListItem\",\"position\":2,\"name\":\"Tootevalik\",\"item\":\"https:\/\/espak.ee\/epood\/tootevalik\/\"},{\"@type\":\"ListItem\",\"position\":3,\"name\":\"SISEUKS TRADITION 51 M\u00c4ND VIIMISTLUSVALMIS 10*20\"}]},{\"@type\":\"WebSite\",\"@id\":\"https:\/\/espak.ee\/epood\/#website\",\"url\":\"https:\/\/espak.ee\/epood\/\",\"name\":\"Espak E-pood\",\"description\":\"\",\"potentialAction\":[{\"@type\":\"SearchAction\",\"target\":{\"@type\":\"EntryPoint\",\"urlTemplate\":\"https:\/\/espak.ee\/epood\/?s={search_term_string}\"},\"query-input\":{\"@type\":\"PropertyValueSpecification\",\"valueRequired\":true,\"valueName\":\"search_term_string\"}}],\"inLanguage\":\"et\"}]}<\/script>\n<!-- \/ Yoast SEO plugin. -->","yoast_head_json":{"title":"SISEUKS TRADITION 51 M\u00c4ND VIIMISTLUSVALMIS 10*20 - Espak E-pood","robots":{"index":"index","follow":"follow","max-snippet":"max-snippet:-1","max-image-preview":"max-image-preview:large","max-video-preview":"max-video-preview:-1"},"canonical":"https:\/\/espak.ee\/epood\/toode\/siseuks-tradition-51-mand-viimistlusvalmis-1020\/","og_locale":"et_EE","og_type":"article","og_title":"SISEUKS TRADITION 51 M\u00c4ND VIIMISTLUSVALMIS 10*20 - Espak E-pood","og_url":"https:\/\/espak.ee\/epood\/toode\/siseuks-tradition-51-mand-viimistlusvalmis-1020\/","og_site_name":"Espak E-pood","article_modified_time":"2024-03-22T22:08:44+00:00","og_image":[{"width":2048,"height":2048,"url":"https:\/\/espak.ee\/epood\/wp-content\/uploads\/tradition51.jpg","type":"image\/jpeg"}],"twitter_card":"summary_large_image","twitter_misc":{"Est. reading time":"1 minut"},"schema":{"@context":"https:\/\/schema.org","@graph":[{"@type":"WebPage","@id":"https:\/\/espak.ee\/epood\/toode\/siseuks-tradition-51-mand-viimistlusvalmis-1020\/","url":"https:\/\/espak.ee\/epood\/toode\/siseuks-tradition-51-mand-viimistlusvalmis-1020\/","name":"SISEUKS TRADITION 51 M\u00c4ND VIIMISTLUSVALMIS 10*20 - Espak E-pood","isPartOf":{"@id":"https:\/\/espak.ee\/epood\/#website"},"primaryImageOfPage":{"@id":"https:\/\/espak.ee\/epood\/toode\/siseuks-tradition-51-mand-viimistlusvalmis-1020\/#primaryimage"},"image":{"@id":"https:\/\/espak.ee\/epood\/toode\/siseuks-tradition-51-mand-viimistlusvalmis-1020\/#primaryimage"},"thumbnailUrl":"https:\/\/espak.ee\/epood\/wp-content\/uploads\/tradition51.jpg","datePublished":"2019-12-03T00:45:48+00:00","dateModified":"2024-03-22T22:08:44+00:00","breadcrumb":{"@id":"https:\/\/espak.ee\/epood\/toode\/siseuks-tradition-51-mand-viimistlusvalmis-1020\/#breadcrumb"},"inLanguage":"et","potentialAction":[{"@type":"ReadAction","target":["https:\/\/espak.ee\/epood\/toode\/siseuks-tradition-51-mand-viimistlusvalmis-1020\/"]}]},{"@type":"ImageObject","inLanguage":"et","@id":"https:\/\/espak.ee\/epood\/toode\/siseuks-tradition-51-mand-viimistlusvalmis-1020\/#primaryimage","url":"https:\/\/espak.ee\/epood\/wp-content\/uploads\/tradition51.jpg","contentUrl":"https:\/\/espak.ee\/epood\/wp-content\/uploads\/tradition51.jpg","width":2048,"height":2048},{"@type":"BreadcrumbList","@id":"https:\/\/espak.ee\/epood\/toode\/siseuks-tradition-51-mand-viimistlusvalmis-1020\/#breadcrumb","itemListElement":[{"@type":"ListItem","position":1,"name":"Home","item":"https:\/\/espak.ee\/epood\/"},{"@type":"ListItem","position":2,"name":"Tootevalik","item":"https:\/\/espak.ee\/epood\/tootevalik\/"},{"@type":"ListItem","position":3,"name":"SISEUKS TRADITION 51 M\u00c4ND VIIMISTLUSVALMIS 10*20"}]},{"@type":"WebSite","@id":"https:\/\/espak.ee\/epood\/#website","url":"https:\/\/espak.ee\/epood\/","name":"Espak E-pood","description":"","potentialAction":[{"@type":"SearchAction","target":{"@type":"EntryPoint","urlTemplate":"https:\/\/espak.ee\/epood\/?s={search_term_string}"},"query-input":{"@type":"PropertyValueSpecification","valueRequired":true,"valueName":"search_term_string"}}],"inLanguage":"et"}]}},"_links":{"self":[{"href":"https:\/\/espak.ee\/epood\/wp-json\/wp\/v2\/product\/12117","targetHints":{"allow":["GET"]}}],"collection":[{"href":"https:\/\/espak.ee\/epood\/wp-json\/wp\/v2\/product"}],"about":[{"href":"https:\/\/espak.ee\/epood\/wp-json\/wp\/v2\/types\/product"}],"replies":[{"embeddable":true,"href":"https:\/\/espak.ee\/epood\/wp-json\/wp\/v2\/comments?post=12117"}],"wp:featuredmedia":[{"embeddable":true,"href":"https:\/\/espak.ee\/epood\/wp-json\/wp\/v2\/media\/11470"}],"wp:attachment":[{"href":"https:\/\/espak.ee\/epood\/wp-json\/wp\/v2\/media?parent=12117"}],"wp:term":[{"taxonomy":"product_brand","embeddable":true,"href":"https:\/\/espak.ee\/epood\/wp-json\/wp\/v2\/product_brand?post=12117"},{"taxonomy":"product_cat","embeddable":true,"href":"https:\/\/espak.ee\/epood\/wp-json\/wp\/v2\/product_cat?post=12117"},{"taxonomy":"product_tag","embeddable":true,"href":"https:\/\/espak.ee\/epood\/wp-json\/wp\/v2\/product_tag?post=12117"}],"curies":[{"name":"wp","href":"https:\/\/api.w.org\/{rel}","templated":true}]}}