{"id":120403,"date":"2022-05-26T05:46:32","date_gmt":"2022-05-26T05:46:32","guid":{"rendered":"https:\/\/espak.ee\/epood\/?post_type=product&#038;p=120403"},"modified":"2026-03-27T15:29:22","modified_gmt":"2026-03-27T13:29:22","slug":"boiler-atlantic-steatite-genius-80-18kw-75l-wifi","status":"publish","type":"product","link":"https:\/\/espak.ee\/epood\/toode\/boiler-atlantic-steatite-genius-80-18kw-75l-wifi\/","title":{"rendered":"BOILER ATLANTIC STEATITE GENIUS 80 1,8KW 75L"},"content":{"rendered":"<div class=\"row\"  id=\"row-899919729\">\n\n\t<div id=\"col-1455022472\" class=\"col medium-9 small-12 large-9\"  >\n\t\t\t\t<div class=\"col-inner\"  >\n\t\t\t\n\t\t\t\n<h2>Nutikas soojaveeboiler Atlantic Steatite Genius 80 75L<\/h2>\n<p>Keraamilise k\u00fcttekehaga Atlantic boilerid liigituvad hooldusvabade boilerite kategooriasse kuna omavad keraamilist k\u00fcttekeha h\u00fclsis. H\u00fclsi \u00fclisuur pind ei kuumene nii, et ilmneks intensiivne katlakivi tekke oht h\u00fclsi pinnale. Seega on esimese hoolduse k\u00e4igus peale garantiiaja l\u00f5ppu vaja kontrollida vaid magneesiumanoodi olukorda ja vajadusel see uue vastu vahetada.<\/p>\n<p>K\u00f5rgtihendatud PU-vahust soojusisolatsioon tagab t\u00e4iendava energias\u00e4\u00e4stu. Boilerid on komplekteeritud kaitseklapiga k\u00fclmale veele, dielektrilise vahemuhviga kuumale veele ja seinale kinnitamise raamiga.<\/p>\n<p>Keraamilise k\u00fcttekehaga Atlantic boilerid Steatite Genius on komplekteeritud innovatiivse juhtpaneeliga h\u00f5lpsaks re\u017eiimi valikuks ja veetemperatuuri etteandmiseks, et saada soovitud kogus sooja vett.<\/p>\n<p>Soojaveeboilerid Steatite Genius on energias\u00e4\u00e4stlikud t\u00e4nu komplekteeritusele \u201cise\u00f5ppiva nutire\u017eiimiga\u201d, mis annab sooja vett l\u00e4htudes kasutaja varasemast harjumisest. Kiirelt maksimumkoguse sooja vett tagab kiirk\u00fcttefunktsioon BOOST.<\/p>\n<p>Wi-Fi \u00fchenduvus ja distantsjuhtimine COZYTOUCH-rakenduse abil v\u00f5imaldab monitoorida energiatarbimist, ette valmistada sooja vett koju saabumiseks, l\u00fclitada boilerit k\u00fclmumiskaitsere\u017eiimile.<\/p>\n<div class=\"message-box relative\" style=\"padding-top:15px;padding-bottom:15px;\"><div class=\"message-box-bg-image bg-fill fill\" ><\/div><div class=\"message-box-bg-overlay bg-fill fill\" ><\/div><div class=\"container relative\"><div class=\"inner last-reset\">\n<div class=\"row align-middle align-center\"  id=\"row-1008031194\">\n\n\t<div id=\"col-921489119\" class=\"col small-12 large-12\"  >\n\t\t\t\t<div class=\"col-inner text-left\"  >\n\t\t\t\n\t\t\t\n<h4>Omadused<\/h4>\n<div class=\"row\"  id=\"row-554593473\">\n\n\t<div id=\"col-381655847\" class=\"col medium-6 small-12 large-6\"  >\n\t\t\t\t<div class=\"col-inner\"  >\n\t\t\t\n\t\t\t\n<p><i class=\"fa fa-check fa-2x\"><\/i> <strong>Soojaveeboilerid on paigaldatav seinale vertikaalselt<\/strong><\/p>\n<p><i class=\"fa fa-check fa-2x\"><\/i> <strong>Keraamiline, veega mitte kokku puutuv k\u00fcttekeha h\u00fclsis<\/strong><\/p>\n\t\t<\/div>\n\t\t\t\t\n<style>\n#col-381655847 > .col-inner {\n  margin: 0px 0px 15px 0px;\n}\n<\/style>\n\t<\/div>\n\n\t\n\n\t<div id=\"col-1822943260\" class=\"col medium-6 small-12 large-6\"  >\n\t\t\t\t<div class=\"col-inner\"  >\n\t\t\t\n\t\t\t\n<p><i class=\"fa fa-check fa-2x\"><\/i> <strong>Nutire\u017eiim \u2013 sooja vee ettevalmistamine senise tarbimisharjumuse p\u00f5hjal<\/strong><\/p>\n<p><i class=\"fa fa-check fa-2x\"><\/i> <strong>Korrosioonikaitseks magneesiumanood<\/strong><\/p>\n\t\t<\/div>\n\t\t\t\t\n<style>\n#col-1822943260 > .col-inner {\n  margin: 0px 0px 15px 0px;\n}\n<\/style>\n\t<\/div>\n\n\t\n<\/div>\n\t\t<\/div>\n\t\t\t\t\t<\/div>\n\n\t\n<\/div>\n<\/div><\/div><\/div>\n\t<div id=\"gap-2018570803\" class=\"gap-element clearfix\" style=\"display:block; height:auto;\">\n\t\t\n<style>\n#gap-2018570803 {\n  padding-top: 30px;\n}\n<\/style>\n\t<\/div>\n\t\n\t\t<\/div>\n\t\t\t\t\t<\/div>\n\n\t\n\n\t<div id=\"col-689701256\" class=\"col medium-3 small-12 large-3\"  >\n\t\t\t\t<div class=\"col-inner\"  >\n\t\t\t\n\t\t\t\n\t<div id=\"gap-1862266834\" class=\"gap-element clearfix\" style=\"display:block; height:auto;\">\n\t\t\n<style>\n#gap-1862266834 {\n  padding-top: 30px;\n}\n<\/style>\n\t<\/div>\n\t\n<h3>Paigaldus- ja kasutusjuhend<\/h3>\n<p><a href=\"https:\/\/espak.ee\/epood\/wp-content\/uploads\/2022\/05\/Paigaldus-ja-kasutusjuhend-STEATITE-GENIUS.pdf\"target=\"_blank\" rel=\"noopener noreferrer\"><i class=\"far fa-file-pdf\"><\/i> Paigaldus- ja kasutusjuhend (PDF)<\/a><\/p>\n<div class=\"is-divider divider clearfix\" ><\/div>\n<p><strong>\u00dcksikasjalikuma n\u00f5u saamiseks v\u00f5tke \u00fchendust:<br \/><\/strong>PLASTOR AS<br \/>Hoiu 7<br \/>76401<br \/>Laagri, Harju maakond<br \/>+372 6796756<\/p>\n<div class=\"is-divider divider clearfix\" ><\/div>\n\t\t<\/div>\n\t\t\t\t\t<\/div>\n\n\t\n<\/div>\n","protected":false},"excerpt":{"rendered":"","protected":false},"featured_media":121463,"comment_status":"closed","ping_status":"closed","template":"","meta":[],"product_brand":[],"product_cat":[3038,3037,2819,2820],"product_tag":[],"class_list":{"0":"post-120403","1":"product","2":"type-product","3":"status-publish","4":"has-post-thumbnail","6":"product_cat-boilerid","7":"product_cat-elektriboilerid","8":"product_cat-sanitaartehnika","9":"product_cat-sanitaartehnika-sanitaartehnika","10":"pa_kaubamark-plastor-as","12":"first","13":"instock","14":"sale","15":"taxable","16":"shipping-taxable","17":"purchasable","18":"product-type-simple"},"yoast_head":"<!-- This site is optimized with the Yoast SEO plugin v26.9 - https:\/\/yoast.com\/product\/yoast-seo-wordpress\/ -->\n<title>BOILER ATLANTIC STEATITE GENIUS 80 1,8KW 75L - Espak E-pood<\/title>\n<meta name=\"robots\" content=\"index, follow, max-snippet:-1, max-image-preview:large, max-video-preview:-1\" \/>\n<link rel=\"canonical\" href=\"https:\/\/espak.ee\/epood\/toode\/boiler-atlantic-steatite-genius-80-18kw-75l-wifi\/\" \/>\n<meta property=\"og:locale\" content=\"et_EE\" \/>\n<meta property=\"og:type\" content=\"article\" \/>\n<meta property=\"og:title\" content=\"BOILER ATLANTIC STEATITE GENIUS 80 1,8KW 75L - Espak E-pood\" \/>\n<meta property=\"og:url\" content=\"https:\/\/espak.ee\/epood\/toode\/boiler-atlantic-steatite-genius-80-18kw-75l-wifi\/\" \/>\n<meta property=\"og:site_name\" content=\"Espak E-pood\" \/>\n<meta property=\"article:modified_time\" content=\"2026-03-27T13:29:22+00:00\" \/>\n<meta property=\"og:image\" content=\"https:\/\/espak.ee\/epood\/wp-content\/uploads\/2022\/05\/GENIUS-wifi-pur-1.jpg\" \/>\n\t<meta property=\"og:image:width\" content=\"800\" \/>\n\t<meta property=\"og:image:height\" content=\"800\" \/>\n\t<meta property=\"og:image:type\" content=\"image\/jpeg\" \/>\n<meta name=\"twitter:card\" content=\"summary_large_image\" \/>\n<meta name=\"twitter:label1\" content=\"Est. reading time\" \/>\n\t<meta name=\"twitter:data1\" content=\"1 minut\" \/>\n<script type=\"application\/ld+json\" class=\"yoast-schema-graph\">{\"@context\":\"https:\/\/schema.org\",\"@graph\":[{\"@type\":\"WebPage\",\"@id\":\"https:\/\/espak.ee\/epood\/toode\/boiler-atlantic-steatite-genius-80-18kw-75l-wifi\/\",\"url\":\"https:\/\/espak.ee\/epood\/toode\/boiler-atlantic-steatite-genius-80-18kw-75l-wifi\/\",\"name\":\"BOILER ATLANTIC STEATITE GENIUS 80 1,8KW 75L - Espak E-pood\",\"isPartOf\":{\"@id\":\"https:\/\/espak.ee\/epood\/#website\"},\"primaryImageOfPage\":{\"@id\":\"https:\/\/espak.ee\/epood\/toode\/boiler-atlantic-steatite-genius-80-18kw-75l-wifi\/#primaryimage\"},\"image\":{\"@id\":\"https:\/\/espak.ee\/epood\/toode\/boiler-atlantic-steatite-genius-80-18kw-75l-wifi\/#primaryimage\"},\"thumbnailUrl\":\"https:\/\/espak.ee\/epood\/wp-content\/uploads\/2022\/05\/GENIUS-wifi-pur-1.jpg\",\"datePublished\":\"2022-05-26T05:46:32+00:00\",\"dateModified\":\"2026-03-27T13:29:22+00:00\",\"breadcrumb\":{\"@id\":\"https:\/\/espak.ee\/epood\/toode\/boiler-atlantic-steatite-genius-80-18kw-75l-wifi\/#breadcrumb\"},\"inLanguage\":\"et\",\"potentialAction\":[{\"@type\":\"ReadAction\",\"target\":[\"https:\/\/espak.ee\/epood\/toode\/boiler-atlantic-steatite-genius-80-18kw-75l-wifi\/\"]}]},{\"@type\":\"ImageObject\",\"inLanguage\":\"et\",\"@id\":\"https:\/\/espak.ee\/epood\/toode\/boiler-atlantic-steatite-genius-80-18kw-75l-wifi\/#primaryimage\",\"url\":\"https:\/\/espak.ee\/epood\/wp-content\/uploads\/2022\/05\/GENIUS-wifi-pur-1.jpg\",\"contentUrl\":\"https:\/\/espak.ee\/epood\/wp-content\/uploads\/2022\/05\/GENIUS-wifi-pur-1.jpg\",\"width\":800,\"height\":800},{\"@type\":\"BreadcrumbList\",\"@id\":\"https:\/\/espak.ee\/epood\/toode\/boiler-atlantic-steatite-genius-80-18kw-75l-wifi\/#breadcrumb\",\"itemListElement\":[{\"@type\":\"ListItem\",\"position\":1,\"name\":\"Home\",\"item\":\"https:\/\/espak.ee\/epood\/\"},{\"@type\":\"ListItem\",\"position\":2,\"name\":\"Tootevalik\",\"item\":\"https:\/\/espak.ee\/epood\/tootevalik\/\"},{\"@type\":\"ListItem\",\"position\":3,\"name\":\"BOILER ATLANTIC STEATITE GENIUS 80 1,8KW 75L\"}]},{\"@type\":\"WebSite\",\"@id\":\"https:\/\/espak.ee\/epood\/#website\",\"url\":\"https:\/\/espak.ee\/epood\/\",\"name\":\"Espak E-pood\",\"description\":\"\",\"potentialAction\":[{\"@type\":\"SearchAction\",\"target\":{\"@type\":\"EntryPoint\",\"urlTemplate\":\"https:\/\/espak.ee\/epood\/?s={search_term_string}\"},\"query-input\":{\"@type\":\"PropertyValueSpecification\",\"valueRequired\":true,\"valueName\":\"search_term_string\"}}],\"inLanguage\":\"et\"}]}<\/script>\n<!-- \/ Yoast SEO plugin. -->","yoast_head_json":{"title":"BOILER ATLANTIC STEATITE GENIUS 80 1,8KW 75L - Espak E-pood","robots":{"index":"index","follow":"follow","max-snippet":"max-snippet:-1","max-image-preview":"max-image-preview:large","max-video-preview":"max-video-preview:-1"},"canonical":"https:\/\/espak.ee\/epood\/toode\/boiler-atlantic-steatite-genius-80-18kw-75l-wifi\/","og_locale":"et_EE","og_type":"article","og_title":"BOILER ATLANTIC STEATITE GENIUS 80 1,8KW 75L - Espak E-pood","og_url":"https:\/\/espak.ee\/epood\/toode\/boiler-atlantic-steatite-genius-80-18kw-75l-wifi\/","og_site_name":"Espak E-pood","article_modified_time":"2026-03-27T13:29:22+00:00","og_image":[{"width":800,"height":800,"url":"https:\/\/espak.ee\/epood\/wp-content\/uploads\/2022\/05\/GENIUS-wifi-pur-1.jpg","type":"image\/jpeg"}],"twitter_card":"summary_large_image","twitter_misc":{"Est. reading time":"1 minut"},"schema":{"@context":"https:\/\/schema.org","@graph":[{"@type":"WebPage","@id":"https:\/\/espak.ee\/epood\/toode\/boiler-atlantic-steatite-genius-80-18kw-75l-wifi\/","url":"https:\/\/espak.ee\/epood\/toode\/boiler-atlantic-steatite-genius-80-18kw-75l-wifi\/","name":"BOILER ATLANTIC STEATITE GENIUS 80 1,8KW 75L - Espak E-pood","isPartOf":{"@id":"https:\/\/espak.ee\/epood\/#website"},"primaryImageOfPage":{"@id":"https:\/\/espak.ee\/epood\/toode\/boiler-atlantic-steatite-genius-80-18kw-75l-wifi\/#primaryimage"},"image":{"@id":"https:\/\/espak.ee\/epood\/toode\/boiler-atlantic-steatite-genius-80-18kw-75l-wifi\/#primaryimage"},"thumbnailUrl":"https:\/\/espak.ee\/epood\/wp-content\/uploads\/2022\/05\/GENIUS-wifi-pur-1.jpg","datePublished":"2022-05-26T05:46:32+00:00","dateModified":"2026-03-27T13:29:22+00:00","breadcrumb":{"@id":"https:\/\/espak.ee\/epood\/toode\/boiler-atlantic-steatite-genius-80-18kw-75l-wifi\/#breadcrumb"},"inLanguage":"et","potentialAction":[{"@type":"ReadAction","target":["https:\/\/espak.ee\/epood\/toode\/boiler-atlantic-steatite-genius-80-18kw-75l-wifi\/"]}]},{"@type":"ImageObject","inLanguage":"et","@id":"https:\/\/espak.ee\/epood\/toode\/boiler-atlantic-steatite-genius-80-18kw-75l-wifi\/#primaryimage","url":"https:\/\/espak.ee\/epood\/wp-content\/uploads\/2022\/05\/GENIUS-wifi-pur-1.jpg","contentUrl":"https:\/\/espak.ee\/epood\/wp-content\/uploads\/2022\/05\/GENIUS-wifi-pur-1.jpg","width":800,"height":800},{"@type":"BreadcrumbList","@id":"https:\/\/espak.ee\/epood\/toode\/boiler-atlantic-steatite-genius-80-18kw-75l-wifi\/#breadcrumb","itemListElement":[{"@type":"ListItem","position":1,"name":"Home","item":"https:\/\/espak.ee\/epood\/"},{"@type":"ListItem","position":2,"name":"Tootevalik","item":"https:\/\/espak.ee\/epood\/tootevalik\/"},{"@type":"ListItem","position":3,"name":"BOILER ATLANTIC STEATITE GENIUS 80 1,8KW 75L"}]},{"@type":"WebSite","@id":"https:\/\/espak.ee\/epood\/#website","url":"https:\/\/espak.ee\/epood\/","name":"Espak E-pood","description":"","potentialAction":[{"@type":"SearchAction","target":{"@type":"EntryPoint","urlTemplate":"https:\/\/espak.ee\/epood\/?s={search_term_string}"},"query-input":{"@type":"PropertyValueSpecification","valueRequired":true,"valueName":"search_term_string"}}],"inLanguage":"et"}]}},"_links":{"self":[{"href":"https:\/\/espak.ee\/epood\/wp-json\/wp\/v2\/product\/120403","targetHints":{"allow":["GET"]}}],"collection":[{"href":"https:\/\/espak.ee\/epood\/wp-json\/wp\/v2\/product"}],"about":[{"href":"https:\/\/espak.ee\/epood\/wp-json\/wp\/v2\/types\/product"}],"replies":[{"embeddable":true,"href":"https:\/\/espak.ee\/epood\/wp-json\/wp\/v2\/comments?post=120403"}],"wp:featuredmedia":[{"embeddable":true,"href":"https:\/\/espak.ee\/epood\/wp-json\/wp\/v2\/media\/121463"}],"wp:attachment":[{"href":"https:\/\/espak.ee\/epood\/wp-json\/wp\/v2\/media?parent=120403"}],"wp:term":[{"taxonomy":"product_brand","embeddable":true,"href":"https:\/\/espak.ee\/epood\/wp-json\/wp\/v2\/product_brand?post=120403"},{"taxonomy":"product_cat","embeddable":true,"href":"https:\/\/espak.ee\/epood\/wp-json\/wp\/v2\/product_cat?post=120403"},{"taxonomy":"product_tag","embeddable":true,"href":"https:\/\/espak.ee\/epood\/wp-json\/wp\/v2\/product_tag?post=120403"}],"curies":[{"name":"wp","href":"https:\/\/api.w.org\/{rel}","templated":true}]}}