{"id":119289,"date":"2022-05-18T05:42:42","date_gmt":"2022-05-18T05:42:42","guid":{"rendered":"https:\/\/espak.ee\/epood\/?post_type=product&#038;p=119289"},"modified":"2024-03-23T03:41:47","modified_gmt":"2024-03-23T01:41:47","slug":"fassaadikruvi-blue-power-c4-74x380-tx40","status":"publish","type":"product","link":"https:\/\/espak.ee\/epood\/toode\/fassaadikruvi-blue-power-c4-74x380-tx40\/","title":{"rendered":"FASSAADIKRUVI BLUE POWER C4 7,4&#215;380 TX40"},"content":{"rendered":"<div class=\"row\"  id=\"row-1271114940\">\n\n\t<div id=\"col-1096149686\" class=\"col medium-9 small-12 large-9\"  >\n\t\t\t\t<div class=\"col-inner\"  >\n\t\t\t\n\t\t\t\n<h3>Fassaadikruvi Blue Power C4 7,4&#215;380 TX40<\/h3>\n<p>Puittarindite kinnitamiseks betoonile v\u00f5i m\u00fc\u00fcritisele. Fassaadi kinnituss\u00fcsteem Blue-Power on kiire ja lihtne lahendus k\u00f5ikjal, kus puittarandid tuleb kinnitada soojustatud betoonile v\u00f5i m\u00fc\u00fcritisele. Blue-Power-s\u00fcsteemi kruvid hajutavad nii t\u00f5mbe- kui ka nihkej\u00f5udude m\u00f5jusid. Kui s\u00fcsteem paigaldatakse fassaadisoojustusele, kanduvad tuuler\u00f5hust tulenevad j\u00f5ud soojustusele. Seet\u00f5ttu peab soojustustoote survetugevus 10% deformatsioonil olema v\u00e4hemalt 50 kPa. C24 roovlattide ristl\u00f5ige peaks olema v\u00e4hemalt 30 \u00d7 50 mm. <\/p>\n<p><strong>Kasutusalad:<\/strong><br \/>\n&#8211; V\u00e4ljas: tuulutatav rippsein koos fassaadisoojustusega<br \/>\n&#8211; Sees: nt ripplaed, sisevoodrilauad jne<\/p>\n<div class=\"message-box relative\" style=\"padding-top:15px;padding-bottom:15px;\"><div class=\"message-box-bg-image bg-fill fill\" ><\/div><div class=\"message-box-bg-overlay bg-fill fill\" ><\/div><div class=\"container relative\"><div class=\"inner last-reset\">\n<div class=\"row\"  id=\"row-88127400\">\n\n\t<div id=\"col-2139467068\" class=\"col medium-6 small-12 large-6\"  >\n\t\t\t\t<div class=\"col-inner\"  >\n\t\t\t\n\t\t\t\n<p><i class=\"fa fa-check fa-2x\"><\/i><strong> Paigaldus ilma t\u00fc\u00fcbliteta<\/strong><\/p>\n\t\t<\/div>\n\t\t\t\t\n<style>\n#col-2139467068 > .col-inner {\n  margin: 0px 0px 15px 0px;\n}\n<\/style>\n\t<\/div>\n\n\t\n\n\t<div id=\"col-942830060\" class=\"col medium-6 small-12 large-6\"  >\n\t\t\t\t<div class=\"col-inner\"  >\n\t\t\t\n\t\t\t\n<p><i class=\"fa fa-check fa-2x\"><\/i><strong> L\u00fchike paigaldusaeg<\/strong><\/p>\n\t\t<\/div>\n\t\t\t\t\n<style>\n#col-942830060 > .col-inner {\n  margin: 0px 0px 15px 0px;\n}\n<\/style>\n\t<\/div>\n\n\t\n<\/div>\n<\/div><\/div><\/div>\n\t<div id=\"gap-595500209\" class=\"gap-element clearfix\" style=\"display:block; height:auto;\">\n\t\t\n<style>\n#gap-595500209 {\n  padding-top: 30px;\n}\n<\/style>\n\t<\/div>\n\t\n<p><strong>Materjal:<\/strong><br \/>\nPindkarastatud s\u00fcsinikteras, tsingip\u00f5hine kate<\/p>\n<p>\u00b7 Korrosioonikindel<br \/>\n\u00b7 Kasutamiseks koormusklassides 1 ja 2 standardi EN 1995-1-1 (Eurokoodeks 5) kohaselt<br \/>\n\u00b7 Kasutamiseks keskkonnaklassis C4 (k\u00f5rge korrosioon) ja C5-M (v\u00e4ga k\u00f5rge korrosioon \u2013 merendus) standardi EN 12944-6 kohaselt<br \/>\n\u00b7 Suur paindetugevus kruvi suure voolavusmomendi t\u00f5ttu<br \/>\n\u00b7<strong> Mitte kasutada tanniinirikkast puidust valmistatud roovlattide korral<\/strong><\/p>\n\t\t<\/div>\n\t\t\t\t\t<\/div>\n\n\t\n\n\t<div id=\"col-681189161\" class=\"col medium-3 small-12 large-3\"  >\n\t\t\t\t<div class=\"col-inner\"  >\n\t\t\t\n\t\t\t\n\t<div id=\"gap-1108138410\" class=\"gap-element clearfix\" style=\"display:block; height:auto;\">\n\t\t\n<style>\n#gap-1108138410 {\n  padding-top: 30px;\n}\n<\/style>\n\t<\/div>\n\t\n<h3>Toote andmeleht<\/h3>\n<p><a href=\"https:\/\/espak.ee\/epood\/wp-content\/uploads\/2022\/05\/Product_data_sheet_Blue-Power_Systemschraube_ET2.pdf\"target=\"_blank\" rel=\"noopener noreferrer\"><i class=\"far fa-file-pdf\"><\/i> Toote andmeleht (PDF)<\/a><\/p>\n<div class=\"is-divider divider clearfix\" ><\/div>\n<a href=\"https:\/\/espak.ee\/epood\/wp-content\/uploads\/2022\/05\/BLUE-POWER-SYSTEM-EE-PAIGALDUS-PARANDATUD.pdf\"target=\"_blank\" rel=\"noopener noreferrer\"><i class=\"far fa-file-pdf\"><\/i> BLUE POWER Fassaadis\u00fcsteem (PDF)<\/a><br \/>\n<div class=\"is-divider divider clearfix\" ><\/div>\n<p><strong>\u00dcksikasjalikuma n\u00f5u saamiseks v\u00f5tke \u00fchendust:<br \/><\/strong>Espak AS<br \/>Viadukti 42<br \/>11313<br \/>Tallinn<br \/>+372 6 512333<\/p>\n\t\t<\/div>\n\t\t\t\t\t<\/div>\n\n\t\n<\/div>\n","protected":false},"excerpt":{"rendered":"","protected":false},"featured_media":119548,"comment_status":"closed","ping_status":"closed","template":"","meta":[],"product_brand":[],"product_cat":[4428,2917,2938,2893],"product_tag":[],"class_list":{"0":"post-119289","1":"product","2":"type-product","3":"status-publish","4":"has-post-thumbnail","6":"product_cat-fassaadi-kruvid","7":"product_cat-kinnitustarvikud","8":"product_cat-kruvid","9":"product_cat-rauakaubad","10":"pa_kaubamark-eurotec-gmbh","12":"first","13":"instock","14":"sale","15":"taxable","16":"shipping-taxable","17":"purchasable","18":"product-type-simple"},"yoast_head":"<!-- This site is optimized with the Yoast SEO plugin v26.9 - https:\/\/yoast.com\/product\/yoast-seo-wordpress\/ -->\n<title>FASSAADIKRUVI BLUE POWER C4 7,4x380 TX40 - Espak E-pood<\/title>\n<meta name=\"robots\" content=\"index, follow, max-snippet:-1, max-image-preview:large, max-video-preview:-1\" \/>\n<link rel=\"canonical\" href=\"https:\/\/espak.ee\/epood\/toode\/fassaadikruvi-blue-power-c4-74x380-tx40\/\" \/>\n<meta property=\"og:locale\" content=\"et_EE\" \/>\n<meta property=\"og:type\" content=\"article\" \/>\n<meta property=\"og:title\" content=\"FASSAADIKRUVI BLUE POWER C4 7,4x380 TX40 - Espak E-pood\" \/>\n<meta property=\"og:url\" content=\"https:\/\/espak.ee\/epood\/toode\/fassaadikruvi-blue-power-c4-74x380-tx40\/\" \/>\n<meta property=\"og:site_name\" content=\"Espak E-pood\" \/>\n<meta property=\"article:modified_time\" content=\"2024-03-23T01:41:47+00:00\" \/>\n<meta property=\"og:image\" content=\"https:\/\/espak.ee\/epood\/wp-content\/uploads\/2022\/05\/110390_Blue_Power_7_4x260_F1_mit_Wasserzeichen.jpg\" \/>\n\t<meta property=\"og:image:width\" content=\"1000\" \/>\n\t<meta property=\"og:image:height\" content=\"1000\" \/>\n\t<meta property=\"og:image:type\" content=\"image\/jpeg\" \/>\n<meta name=\"twitter:card\" content=\"summary_large_image\" \/>\n<meta name=\"twitter:label1\" content=\"Est. reading time\" \/>\n\t<meta name=\"twitter:data1\" content=\"1 minut\" \/>\n<script type=\"application\/ld+json\" class=\"yoast-schema-graph\">{\"@context\":\"https:\/\/schema.org\",\"@graph\":[{\"@type\":\"WebPage\",\"@id\":\"https:\/\/espak.ee\/epood\/toode\/fassaadikruvi-blue-power-c4-74x380-tx40\/\",\"url\":\"https:\/\/espak.ee\/epood\/toode\/fassaadikruvi-blue-power-c4-74x380-tx40\/\",\"name\":\"FASSAADIKRUVI BLUE POWER C4 7,4x380 TX40 - Espak E-pood\",\"isPartOf\":{\"@id\":\"https:\/\/espak.ee\/epood\/#website\"},\"primaryImageOfPage\":{\"@id\":\"https:\/\/espak.ee\/epood\/toode\/fassaadikruvi-blue-power-c4-74x380-tx40\/#primaryimage\"},\"image\":{\"@id\":\"https:\/\/espak.ee\/epood\/toode\/fassaadikruvi-blue-power-c4-74x380-tx40\/#primaryimage\"},\"thumbnailUrl\":\"https:\/\/espak.ee\/epood\/wp-content\/uploads\/2022\/05\/110390_Blue_Power_7_4x260_F1_mit_Wasserzeichen.jpg\",\"datePublished\":\"2022-05-18T05:42:42+00:00\",\"dateModified\":\"2024-03-23T01:41:47+00:00\",\"breadcrumb\":{\"@id\":\"https:\/\/espak.ee\/epood\/toode\/fassaadikruvi-blue-power-c4-74x380-tx40\/#breadcrumb\"},\"inLanguage\":\"et\",\"potentialAction\":[{\"@type\":\"ReadAction\",\"target\":[\"https:\/\/espak.ee\/epood\/toode\/fassaadikruvi-blue-power-c4-74x380-tx40\/\"]}]},{\"@type\":\"ImageObject\",\"inLanguage\":\"et\",\"@id\":\"https:\/\/espak.ee\/epood\/toode\/fassaadikruvi-blue-power-c4-74x380-tx40\/#primaryimage\",\"url\":\"https:\/\/espak.ee\/epood\/wp-content\/uploads\/2022\/05\/110390_Blue_Power_7_4x260_F1_mit_Wasserzeichen.jpg\",\"contentUrl\":\"https:\/\/espak.ee\/epood\/wp-content\/uploads\/2022\/05\/110390_Blue_Power_7_4x260_F1_mit_Wasserzeichen.jpg\",\"width\":1000,\"height\":1000},{\"@type\":\"BreadcrumbList\",\"@id\":\"https:\/\/espak.ee\/epood\/toode\/fassaadikruvi-blue-power-c4-74x380-tx40\/#breadcrumb\",\"itemListElement\":[{\"@type\":\"ListItem\",\"position\":1,\"name\":\"Home\",\"item\":\"https:\/\/espak.ee\/epood\/\"},{\"@type\":\"ListItem\",\"position\":2,\"name\":\"Tootevalik\",\"item\":\"https:\/\/espak.ee\/epood\/tootevalik\/\"},{\"@type\":\"ListItem\",\"position\":3,\"name\":\"FASSAADIKRUVI BLUE POWER C4 7,4&#215;380 TX40\"}]},{\"@type\":\"WebSite\",\"@id\":\"https:\/\/espak.ee\/epood\/#website\",\"url\":\"https:\/\/espak.ee\/epood\/\",\"name\":\"Espak E-pood\",\"description\":\"\",\"potentialAction\":[{\"@type\":\"SearchAction\",\"target\":{\"@type\":\"EntryPoint\",\"urlTemplate\":\"https:\/\/espak.ee\/epood\/?s={search_term_string}\"},\"query-input\":{\"@type\":\"PropertyValueSpecification\",\"valueRequired\":true,\"valueName\":\"search_term_string\"}}],\"inLanguage\":\"et\"}]}<\/script>\n<!-- \/ Yoast SEO plugin. -->","yoast_head_json":{"title":"FASSAADIKRUVI BLUE POWER C4 7,4x380 TX40 - Espak E-pood","robots":{"index":"index","follow":"follow","max-snippet":"max-snippet:-1","max-image-preview":"max-image-preview:large","max-video-preview":"max-video-preview:-1"},"canonical":"https:\/\/espak.ee\/epood\/toode\/fassaadikruvi-blue-power-c4-74x380-tx40\/","og_locale":"et_EE","og_type":"article","og_title":"FASSAADIKRUVI BLUE POWER C4 7,4x380 TX40 - Espak E-pood","og_url":"https:\/\/espak.ee\/epood\/toode\/fassaadikruvi-blue-power-c4-74x380-tx40\/","og_site_name":"Espak E-pood","article_modified_time":"2024-03-23T01:41:47+00:00","og_image":[{"width":1000,"height":1000,"url":"https:\/\/espak.ee\/epood\/wp-content\/uploads\/2022\/05\/110390_Blue_Power_7_4x260_F1_mit_Wasserzeichen.jpg","type":"image\/jpeg"}],"twitter_card":"summary_large_image","twitter_misc":{"Est. reading time":"1 minut"},"schema":{"@context":"https:\/\/schema.org","@graph":[{"@type":"WebPage","@id":"https:\/\/espak.ee\/epood\/toode\/fassaadikruvi-blue-power-c4-74x380-tx40\/","url":"https:\/\/espak.ee\/epood\/toode\/fassaadikruvi-blue-power-c4-74x380-tx40\/","name":"FASSAADIKRUVI BLUE POWER C4 7,4x380 TX40 - Espak E-pood","isPartOf":{"@id":"https:\/\/espak.ee\/epood\/#website"},"primaryImageOfPage":{"@id":"https:\/\/espak.ee\/epood\/toode\/fassaadikruvi-blue-power-c4-74x380-tx40\/#primaryimage"},"image":{"@id":"https:\/\/espak.ee\/epood\/toode\/fassaadikruvi-blue-power-c4-74x380-tx40\/#primaryimage"},"thumbnailUrl":"https:\/\/espak.ee\/epood\/wp-content\/uploads\/2022\/05\/110390_Blue_Power_7_4x260_F1_mit_Wasserzeichen.jpg","datePublished":"2022-05-18T05:42:42+00:00","dateModified":"2024-03-23T01:41:47+00:00","breadcrumb":{"@id":"https:\/\/espak.ee\/epood\/toode\/fassaadikruvi-blue-power-c4-74x380-tx40\/#breadcrumb"},"inLanguage":"et","potentialAction":[{"@type":"ReadAction","target":["https:\/\/espak.ee\/epood\/toode\/fassaadikruvi-blue-power-c4-74x380-tx40\/"]}]},{"@type":"ImageObject","inLanguage":"et","@id":"https:\/\/espak.ee\/epood\/toode\/fassaadikruvi-blue-power-c4-74x380-tx40\/#primaryimage","url":"https:\/\/espak.ee\/epood\/wp-content\/uploads\/2022\/05\/110390_Blue_Power_7_4x260_F1_mit_Wasserzeichen.jpg","contentUrl":"https:\/\/espak.ee\/epood\/wp-content\/uploads\/2022\/05\/110390_Blue_Power_7_4x260_F1_mit_Wasserzeichen.jpg","width":1000,"height":1000},{"@type":"BreadcrumbList","@id":"https:\/\/espak.ee\/epood\/toode\/fassaadikruvi-blue-power-c4-74x380-tx40\/#breadcrumb","itemListElement":[{"@type":"ListItem","position":1,"name":"Home","item":"https:\/\/espak.ee\/epood\/"},{"@type":"ListItem","position":2,"name":"Tootevalik","item":"https:\/\/espak.ee\/epood\/tootevalik\/"},{"@type":"ListItem","position":3,"name":"FASSAADIKRUVI BLUE POWER C4 7,4&#215;380 TX40"}]},{"@type":"WebSite","@id":"https:\/\/espak.ee\/epood\/#website","url":"https:\/\/espak.ee\/epood\/","name":"Espak E-pood","description":"","potentialAction":[{"@type":"SearchAction","target":{"@type":"EntryPoint","urlTemplate":"https:\/\/espak.ee\/epood\/?s={search_term_string}"},"query-input":{"@type":"PropertyValueSpecification","valueRequired":true,"valueName":"search_term_string"}}],"inLanguage":"et"}]}},"_links":{"self":[{"href":"https:\/\/espak.ee\/epood\/wp-json\/wp\/v2\/product\/119289","targetHints":{"allow":["GET"]}}],"collection":[{"href":"https:\/\/espak.ee\/epood\/wp-json\/wp\/v2\/product"}],"about":[{"href":"https:\/\/espak.ee\/epood\/wp-json\/wp\/v2\/types\/product"}],"replies":[{"embeddable":true,"href":"https:\/\/espak.ee\/epood\/wp-json\/wp\/v2\/comments?post=119289"}],"wp:featuredmedia":[{"embeddable":true,"href":"https:\/\/espak.ee\/epood\/wp-json\/wp\/v2\/media\/119548"}],"wp:attachment":[{"href":"https:\/\/espak.ee\/epood\/wp-json\/wp\/v2\/media?parent=119289"}],"wp:term":[{"taxonomy":"product_brand","embeddable":true,"href":"https:\/\/espak.ee\/epood\/wp-json\/wp\/v2\/product_brand?post=119289"},{"taxonomy":"product_cat","embeddable":true,"href":"https:\/\/espak.ee\/epood\/wp-json\/wp\/v2\/product_cat?post=119289"},{"taxonomy":"product_tag","embeddable":true,"href":"https:\/\/espak.ee\/epood\/wp-json\/wp\/v2\/product_tag?post=119289"}],"curies":[{"name":"wp","href":"https:\/\/api.w.org\/{rel}","templated":true}]}}