{"id":118986,"date":"2022-05-17T03:36:59","date_gmt":"2022-05-17T03:36:59","guid":{"rendered":"https:\/\/espak.ee\/epood\/?post_type=product&#038;p=118986"},"modified":"2025-05-19T14:50:33","modified_gmt":"2025-05-19T11:50:33","slug":"akumurutrimmer-makita-dur368az","status":"publish","type":"product","link":"https:\/\/espak.ee\/epood\/toode\/akumurutrimmer-makita-dur368az\/","title":{"rendered":"AKUMURUTRIMMER MAKITA DUR368AZ"},"content":{"rendered":"<div class=\"row\"  id=\"row-1808776984\">\n\n\t<div id=\"col-1488493778\" class=\"col medium-9 small-12 large-9\"  >\n\t\t\t\t<div class=\"col-inner\"  >\n\t\t\t\n\t\t\t\n<h3>Akumurutrimmer Makita <\/h3>\n<p>\u00dclimalt efektiivne akutrimmer harjavaba mootori ja ADT (Automatic Torque Drive) tehnoloogiaga.<br \/>\n Akutrimmer, millele on lisatud uudne ADT (Automatic Torque Drive) tehnoloogia \u2013 tegemist on t\u00f6\u00f6riista sisse ehitatud automaatikaga, mis suurendab v\u00f5i v\u00e4hendab t\u00f6\u00f6riista v\u00f5imsust vastavalt tehtava t\u00f6\u00f6 iseloomule. Kui t\u00f6\u00f6riist tunnetab, et t\u00f6\u00f6 tegemiseks pole nii palju v\u00f5imsust vaja, v\u00e4hendab ta p\u00f6\u00f6rlemiskiirust ja v\u00f5imsust, samal ajal pikendades akude t\u00f6\u00f6aega.<br \/>\n 3 erinevat valitavat p\u00f6\u00f6rlemiskiirust ja reeversliikumine kinni j\u00e4\u00e4nud\/kiilunud trimmipea\/l\u00f5iketera puhastamiseks\/vabastamiseks heinast. Ergonoomiline k\u00e4epide mugavaks kasutamiseks.<br \/>\n V\u00e4ga madal m\u00fcratase \u2013 v\u00f5imaldab masinat kasutada ka varahommikutel, avalikes kohtades, koolide ja haiglate l\u00e4heduses, puhkekodude ning hotellide l\u00e4heduses. <\/p>\n<div class=\"message-box relative\" style=\"padding-top:15px;padding-bottom:15px;\"><div class=\"message-box-bg-image bg-fill fill\" ><\/div><div class=\"message-box-bg-overlay bg-fill fill\" ><\/div><div class=\"container relative\"><div class=\"inner last-reset\">\n<div class=\"row\"  id=\"row-1356845929\">\n\n\t<div id=\"col-2116396345\" class=\"col medium-6 small-12 large-6\"  >\n\t\t\t\t<div class=\"col-inner\"  >\n\t\t\t\n\t\t\t\n<p><i class=\"fa fa-check fa-2x\"><\/i><strong> 36V j\u00f5udlus kahest 18V akust. Seadmel on kaks akupesa<\/strong><\/p>\n<p><i class=\"fa fa-check fa-2x\"><\/i><strong> T\u00f5hus ja vastupidav ilma s\u00fcsiharjadeta mootor<\/strong><\/p>\n\t\t<\/div>\n\t\t\t\t\n<style>\n#col-2116396345 > .col-inner {\n  margin: 0px 0px 15px 0px;\n}\n<\/style>\n\t<\/div>\n\n\t\n\n\t<div id=\"col-1336063067\" class=\"col medium-6 small-12 large-6\"  >\n\t\t\t\t<div class=\"col-inner\"  >\n\t\t\t\n\t\t\t\n<p><i class=\"fa fa-check fa-2x\"><\/i><strong> Aku madalast laadimistasemest teavitav m\u00e4rgutuli<\/strong><\/p>\n<p><i class=\"fa fa-check fa-2x\"><\/i><strong> Tugev reguleeritav abik\u00e4epide<\/strong><\/p>\n\t\t<\/div>\n\t\t\t\t\n<style>\n#col-1336063067 > .col-inner {\n  margin: 0px 0px 15px 0px;\n}\n<\/style>\n\t<\/div>\n\n\t\n<\/div>\n<\/div><\/div><\/div>\n\t<div id=\"gap-845371476\" class=\"gap-element clearfix\" style=\"display:block; height:auto;\">\n\t\t\n<style>\n#gap-845371476 {\n  padding-top: 30px;\n}\n<\/style>\n\t<\/div>\n\t\n<p><strong>Aku ja laadijata mudel \u2013 tarnitakse ilma akuta ja laadimisseadmeta.<\/strong><\/p>\n\t\t<\/div>\n\t\t\t\t\t<\/div>\n\n\t\n\n\t<div id=\"col-1451182019\" class=\"col medium-3 small-12 large-3\"  >\n\t\t\t\t<div class=\"col-inner\"  >\n\t\t\t\n\t\t\t\n\t<div id=\"gap-310959737\" class=\"gap-element clearfix\" style=\"display:block; height:auto;\">\n\t\t\n<style>\n#gap-310959737 {\n  padding-top: 30px;\n}\n<\/style>\n\t<\/div>\n\t\n<h3>Kasutusjuhend<\/h3>\n<p><a href=\"https:\/\/espak.ee\/epood\/wp-content\/uploads\/2022\/05\/DUR368A.pdf\"target=\"_blank\" rel=\"noopener noreferrer\"><i class=\"far fa-file-pdf\"><\/i> Kasutusjuhend (PDF)<\/a><\/p>\n<div class=\"is-divider divider clearfix\" ><\/div>\n<p><strong>\u00dcksikasjalikuma n\u00f5u saamiseks v\u00f5tke \u00fchendust:<br \/><\/strong>Espak AS<br \/>Viadukti 42<br \/>11313<br \/>Tallinn<br \/>+372 6 512333<\/p>\n\t\t<\/div>\n\t\t\t\t\t<\/div>\n\n\t\n<\/div>\n","protected":false},"excerpt":{"rendered":"","protected":false},"featured_media":119316,"comment_status":"closed","ping_status":"closed","template":"","meta":[],"product_brand":[],"product_cat":[2789,2788,2790,3117],"product_tag":[],"class_list":{"0":"post-118986","1":"product","2":"type-product","3":"status-publish","4":"has-post-thumbnail","6":"product_cat-aiatarbed","7":"product_cat-aiatarbed-ja-kodukaubad","8":"product_cat-aiatehnika","9":"product_cat-murutrimmerid","10":"pa_kaubamark-makita","12":"first","13":"instock","14":"sale","15":"taxable","16":"shipping-taxable","17":"purchasable","18":"product-type-simple"},"yoast_head":"<!-- This site is optimized with the Yoast SEO plugin v26.9 - https:\/\/yoast.com\/product\/yoast-seo-wordpress\/ -->\n<title>AKUMURUTRIMMER MAKITA DUR368AZ - Espak E-pood<\/title>\n<meta name=\"robots\" content=\"index, follow, max-snippet:-1, max-image-preview:large, max-video-preview:-1\" \/>\n<link rel=\"canonical\" href=\"https:\/\/espak.ee\/epood\/toode\/akumurutrimmer-makita-dur368az\/\" \/>\n<meta property=\"og:locale\" content=\"et_EE\" \/>\n<meta property=\"og:type\" content=\"article\" \/>\n<meta property=\"og:title\" content=\"AKUMURUTRIMMER MAKITA DUR368AZ - Espak E-pood\" \/>\n<meta property=\"og:url\" content=\"https:\/\/espak.ee\/epood\/toode\/akumurutrimmer-makita-dur368az\/\" \/>\n<meta property=\"og:site_name\" content=\"Espak E-pood\" \/>\n<meta property=\"article:modified_time\" content=\"2025-05-19T11:50:33+00:00\" \/>\n<meta property=\"og:image\" content=\"https:\/\/espak.ee\/epood\/wp-content\/uploads\/2022\/05\/DUR368AZ_C2L0-2.jpg\" \/>\n\t<meta property=\"og:image:width\" content=\"800\" \/>\n\t<meta property=\"og:image:height\" content=\"800\" \/>\n\t<meta property=\"og:image:type\" content=\"image\/jpeg\" \/>\n<meta name=\"twitter:card\" content=\"summary_large_image\" \/>\n<meta name=\"twitter:label1\" content=\"Est. reading time\" \/>\n\t<meta name=\"twitter:data1\" content=\"1 minut\" \/>\n<script type=\"application\/ld+json\" class=\"yoast-schema-graph\">{\"@context\":\"https:\/\/schema.org\",\"@graph\":[{\"@type\":\"WebPage\",\"@id\":\"https:\/\/espak.ee\/epood\/toode\/akumurutrimmer-makita-dur368az\/\",\"url\":\"https:\/\/espak.ee\/epood\/toode\/akumurutrimmer-makita-dur368az\/\",\"name\":\"AKUMURUTRIMMER MAKITA DUR368AZ - Espak E-pood\",\"isPartOf\":{\"@id\":\"https:\/\/espak.ee\/epood\/#website\"},\"primaryImageOfPage\":{\"@id\":\"https:\/\/espak.ee\/epood\/toode\/akumurutrimmer-makita-dur368az\/#primaryimage\"},\"image\":{\"@id\":\"https:\/\/espak.ee\/epood\/toode\/akumurutrimmer-makita-dur368az\/#primaryimage\"},\"thumbnailUrl\":\"https:\/\/espak.ee\/epood\/wp-content\/uploads\/2022\/05\/DUR368AZ_C2L0-2.jpg\",\"datePublished\":\"2022-05-17T03:36:59+00:00\",\"dateModified\":\"2025-05-19T11:50:33+00:00\",\"breadcrumb\":{\"@id\":\"https:\/\/espak.ee\/epood\/toode\/akumurutrimmer-makita-dur368az\/#breadcrumb\"},\"inLanguage\":\"et\",\"potentialAction\":[{\"@type\":\"ReadAction\",\"target\":[\"https:\/\/espak.ee\/epood\/toode\/akumurutrimmer-makita-dur368az\/\"]}]},{\"@type\":\"ImageObject\",\"inLanguage\":\"et\",\"@id\":\"https:\/\/espak.ee\/epood\/toode\/akumurutrimmer-makita-dur368az\/#primaryimage\",\"url\":\"https:\/\/espak.ee\/epood\/wp-content\/uploads\/2022\/05\/DUR368AZ_C2L0-2.jpg\",\"contentUrl\":\"https:\/\/espak.ee\/epood\/wp-content\/uploads\/2022\/05\/DUR368AZ_C2L0-2.jpg\",\"width\":800,\"height\":800},{\"@type\":\"BreadcrumbList\",\"@id\":\"https:\/\/espak.ee\/epood\/toode\/akumurutrimmer-makita-dur368az\/#breadcrumb\",\"itemListElement\":[{\"@type\":\"ListItem\",\"position\":1,\"name\":\"Home\",\"item\":\"https:\/\/espak.ee\/epood\/\"},{\"@type\":\"ListItem\",\"position\":2,\"name\":\"Tootevalik\",\"item\":\"https:\/\/espak.ee\/epood\/tootevalik\/\"},{\"@type\":\"ListItem\",\"position\":3,\"name\":\"AKUMURUTRIMMER MAKITA DUR368AZ\"}]},{\"@type\":\"WebSite\",\"@id\":\"https:\/\/espak.ee\/epood\/#website\",\"url\":\"https:\/\/espak.ee\/epood\/\",\"name\":\"Espak E-pood\",\"description\":\"\",\"potentialAction\":[{\"@type\":\"SearchAction\",\"target\":{\"@type\":\"EntryPoint\",\"urlTemplate\":\"https:\/\/espak.ee\/epood\/?s={search_term_string}\"},\"query-input\":{\"@type\":\"PropertyValueSpecification\",\"valueRequired\":true,\"valueName\":\"search_term_string\"}}],\"inLanguage\":\"et\"}]}<\/script>\n<!-- \/ Yoast SEO plugin. -->","yoast_head_json":{"title":"AKUMURUTRIMMER MAKITA DUR368AZ - Espak E-pood","robots":{"index":"index","follow":"follow","max-snippet":"max-snippet:-1","max-image-preview":"max-image-preview:large","max-video-preview":"max-video-preview:-1"},"canonical":"https:\/\/espak.ee\/epood\/toode\/akumurutrimmer-makita-dur368az\/","og_locale":"et_EE","og_type":"article","og_title":"AKUMURUTRIMMER MAKITA DUR368AZ - Espak E-pood","og_url":"https:\/\/espak.ee\/epood\/toode\/akumurutrimmer-makita-dur368az\/","og_site_name":"Espak E-pood","article_modified_time":"2025-05-19T11:50:33+00:00","og_image":[{"width":800,"height":800,"url":"https:\/\/espak.ee\/epood\/wp-content\/uploads\/2022\/05\/DUR368AZ_C2L0-2.jpg","type":"image\/jpeg"}],"twitter_card":"summary_large_image","twitter_misc":{"Est. reading time":"1 minut"},"schema":{"@context":"https:\/\/schema.org","@graph":[{"@type":"WebPage","@id":"https:\/\/espak.ee\/epood\/toode\/akumurutrimmer-makita-dur368az\/","url":"https:\/\/espak.ee\/epood\/toode\/akumurutrimmer-makita-dur368az\/","name":"AKUMURUTRIMMER MAKITA DUR368AZ - Espak E-pood","isPartOf":{"@id":"https:\/\/espak.ee\/epood\/#website"},"primaryImageOfPage":{"@id":"https:\/\/espak.ee\/epood\/toode\/akumurutrimmer-makita-dur368az\/#primaryimage"},"image":{"@id":"https:\/\/espak.ee\/epood\/toode\/akumurutrimmer-makita-dur368az\/#primaryimage"},"thumbnailUrl":"https:\/\/espak.ee\/epood\/wp-content\/uploads\/2022\/05\/DUR368AZ_C2L0-2.jpg","datePublished":"2022-05-17T03:36:59+00:00","dateModified":"2025-05-19T11:50:33+00:00","breadcrumb":{"@id":"https:\/\/espak.ee\/epood\/toode\/akumurutrimmer-makita-dur368az\/#breadcrumb"},"inLanguage":"et","potentialAction":[{"@type":"ReadAction","target":["https:\/\/espak.ee\/epood\/toode\/akumurutrimmer-makita-dur368az\/"]}]},{"@type":"ImageObject","inLanguage":"et","@id":"https:\/\/espak.ee\/epood\/toode\/akumurutrimmer-makita-dur368az\/#primaryimage","url":"https:\/\/espak.ee\/epood\/wp-content\/uploads\/2022\/05\/DUR368AZ_C2L0-2.jpg","contentUrl":"https:\/\/espak.ee\/epood\/wp-content\/uploads\/2022\/05\/DUR368AZ_C2L0-2.jpg","width":800,"height":800},{"@type":"BreadcrumbList","@id":"https:\/\/espak.ee\/epood\/toode\/akumurutrimmer-makita-dur368az\/#breadcrumb","itemListElement":[{"@type":"ListItem","position":1,"name":"Home","item":"https:\/\/espak.ee\/epood\/"},{"@type":"ListItem","position":2,"name":"Tootevalik","item":"https:\/\/espak.ee\/epood\/tootevalik\/"},{"@type":"ListItem","position":3,"name":"AKUMURUTRIMMER MAKITA DUR368AZ"}]},{"@type":"WebSite","@id":"https:\/\/espak.ee\/epood\/#website","url":"https:\/\/espak.ee\/epood\/","name":"Espak E-pood","description":"","potentialAction":[{"@type":"SearchAction","target":{"@type":"EntryPoint","urlTemplate":"https:\/\/espak.ee\/epood\/?s={search_term_string}"},"query-input":{"@type":"PropertyValueSpecification","valueRequired":true,"valueName":"search_term_string"}}],"inLanguage":"et"}]}},"_links":{"self":[{"href":"https:\/\/espak.ee\/epood\/wp-json\/wp\/v2\/product\/118986","targetHints":{"allow":["GET"]}}],"collection":[{"href":"https:\/\/espak.ee\/epood\/wp-json\/wp\/v2\/product"}],"about":[{"href":"https:\/\/espak.ee\/epood\/wp-json\/wp\/v2\/types\/product"}],"replies":[{"embeddable":true,"href":"https:\/\/espak.ee\/epood\/wp-json\/wp\/v2\/comments?post=118986"}],"wp:featuredmedia":[{"embeddable":true,"href":"https:\/\/espak.ee\/epood\/wp-json\/wp\/v2\/media\/119316"}],"wp:attachment":[{"href":"https:\/\/espak.ee\/epood\/wp-json\/wp\/v2\/media?parent=118986"}],"wp:term":[{"taxonomy":"product_brand","embeddable":true,"href":"https:\/\/espak.ee\/epood\/wp-json\/wp\/v2\/product_brand?post=118986"},{"taxonomy":"product_cat","embeddable":true,"href":"https:\/\/espak.ee\/epood\/wp-json\/wp\/v2\/product_cat?post=118986"},{"taxonomy":"product_tag","embeddable":true,"href":"https:\/\/espak.ee\/epood\/wp-json\/wp\/v2\/product_tag?post=118986"}],"curies":[{"name":"wp","href":"https:\/\/api.w.org\/{rel}","templated":true}]}}