{"id":118677,"date":"2022-05-13T05:42:04","date_gmt":"2022-05-13T05:42:04","guid":{"rendered":"https:\/\/espak.ee\/epood\/?post_type=product&#038;p=118677"},"modified":"2024-03-23T03:44:21","modified_gmt":"2024-03-23T01:44:21","slug":"multidetektor-bosch-d-tect-120","status":"publish","type":"product","link":"https:\/\/espak.ee\/epood\/toode\/multidetektor-bosch-d-tect-120\/","title":{"rendered":"MULTIDETEKTOR BOSCH D-TECT 120"},"content":{"rendered":"<div class=\"row\"  id=\"row-1946719598\">\n\n\t<div id=\"col-675392036\" class=\"col medium-9 small-12 large-9\"  >\n\t\t\t\t<div class=\"col-inner\"  >\n\t\t\t\n\t\t\t\n<h3>Multidetektor Bosch D-TECT 120 <\/h3>\n<p>Lokaliseerimisseade D-tect 120 on intuitiivne radarsk\u00e4nner, mis on m\u00f5eldud peaaegu k\u00f5ikidele materjalidele. Punktm\u00f5\u00f5tmine tagab t\u00e4pse tuvastamise kitsastel pindadel ning keskpunktisihik n\u00e4itab objekti keskme t\u00e4pset asukohta. Lisaks v\u00f5imaldab topelttoiteallika tehnoloogia kasutada toiteallikaks nii 12 V liitium-ioonakut kui standardseid Alkaline-patareisid.<br \/>\nSee sobib suurele hulgale ehitusaladele, nt veega t\u00e4idetud torude ja kaablite leidmiseks ning puurimisega seotud \u00e4parduste v\u00e4ltimiseks nt tislerit\u00f6\u00f6del, torustike, elektri-, k\u00fctte-, ventilatsiooni- ja kliimas\u00fcsteemide paigaldamisel.\n<\/p>\n<div class=\"message-box relative\" style=\"padding-top:15px;padding-bottom:15px;\"><div class=\"message-box-bg-image bg-fill fill\" ><\/div><div class=\"message-box-bg-overlay bg-fill fill\" ><\/div><div class=\"container relative\"><div class=\"inner last-reset\">\n<div class=\"row align-middle align-center\"  id=\"row-1347093498\">\n\n\t<div id=\"col-817449293\" class=\"col small-12 large-12\"  >\n\t\t\t\t<div class=\"col-inner text-left\"  >\n\t\t\t\n\t\t\t\n<h4>Omadused<\/h4>\n<div class=\"row\"  id=\"row-1725328046\">\n\n\t<div id=\"col-2141063809\" class=\"col medium-6 small-12 large-6\"  >\n\t\t\t\t<div class=\"col-inner\"  >\n\t\t\t\n\t\t\t\n<p><i class=\"far fa-check-circle fa-2x\"><\/i><strong>\u00a0Punktm\u00f5\u00f5tmine tagab t\u00e4pse tuvastamise kitsastel pindadel<\/strong><\/p>\n<p><i class=\"far fa-check-circle fa-2x\"><\/i><strong> Keskpunktisihik pakub visuaalseid juhiseid objekti keskme selgeks ja t\u00e4pseks lokaliseerimiseks<\/strong><\/p>\n\t\t<\/div>\n\t\t\t\t\n<style>\n#col-2141063809 > .col-inner {\n  margin: 0px 0px 15px 0px;\n}\n<\/style>\n\t<\/div>\n\n\t\n\n\t<div id=\"col-997831486\" class=\"col medium-6 small-12 large-6\"  >\n\t\t\t\t<div class=\"col-inner\"  >\n\t\t\t\n\t\t\t\n<p><i class=\"far fa-check-circle fa-2x\"><\/i><strong> Topelttoiteallikas v\u00f5imaldab seadet kasutada koos 12 V liitium-ioonaku v\u00f5i standardsete Alkaline-patareidega<\/strong><\/p>\n\t\t<\/div>\n\t\t\t\t\n<style>\n#col-997831486 > .col-inner {\n  margin: 0px 0px 15px 0px;\n}\n<\/style>\n\t<\/div>\n\n\t\n<\/div>\n\t\t<\/div>\n\t\t\t\t\t<\/div>\n\n\t\n<\/div>\n<\/div><\/div><\/div>\n<p>Lokaliseerimisseadmel D-tect 120 Professional on erinevate rakenduste jaoks kohandamiseks lihtne kolme juhistega valikunupuga kasutajaliides ning seade on v\u00f5imeline tuvastama objekte kuni 12 cm s\u00fcgavuselt. Objektide tuvastamisest seinas annab seade kasutajale m\u00e4rku helilise ja optilise signaaliga.<\/p>\n\t\t<\/div>\n\t\t\t\t\t<\/div>\n\n\t\n\n\t<div id=\"col-528293226\" class=\"col medium-3 small-12 large-3\"  >\n\t\t\t\t<div class=\"col-inner\"  >\n\t\t\t\n\t\t\t\n<h3>Tooteleht<\/h3>\n<p><a href=\"https:\/\/espak.ee\/epood\/wp-content\/uploads\/2022\/05\/wallscanner-d-tect-120-sheet.pdf\"target=\"_blank\" rel=\"noopener noreferrer\"><i class=\"far fa-file-pdf\"><\/i> Tooteleht (PDF)<\/a><\/p>\n<h3>Kasutusjuhend<\/h3>\n<p><a href=\"https:\/\/espak.ee\/epood\/wp-content\/uploads\/2022\/05\/o387667v21_160992A7KZ_202205.pdf\"target=\"_blank\" rel=\"noopener noreferrer\"><i class=\"far fa-file-pdf\"><\/i> Kasutusjuhend (PDF)<\/a><\/p>\n<div class=\"is-divider divider clearfix\" ><\/div>\n<p><strong>\u00dcksikasjalikuma n\u00f5u saamiseks v\u00f5tke \u00fchendust:<br \/><\/strong>Espak AS<br \/>Viadukti 42<br \/>11313<br \/>Tallinn<br \/> T\u00f6\u00f6riista osakond +372 6512 335<br \/><a href=\"mailto:tooriist@espak.ee\">tooriist@espak.ee<\/a><\/p>\n\t\t<\/div>\n\t\t\t\t\t<\/div>\n\n\t\n<\/div>\n","protected":false},"excerpt":{"rendered":"","protected":false},"featured_media":131490,"comment_status":"closed","ping_status":"closed","template":"","meta":[],"product_brand":[],"product_cat":[2771,2772,3182,2679],"product_tag":[],"class_list":{"0":"post-118677","1":"product","2":"type-product","3":"status-publish","4":"has-post-thumbnail","6":"product_cat-kasitooriistad","7":"product_cat-mooteriistad","8":"product_cat-testrid","9":"product_cat-tooriistad","10":"pa_kaubamark-bosch","12":"first","13":"instock","14":"sale","15":"taxable","16":"shipping-taxable","17":"purchasable","18":"product-type-simple"},"yoast_head":"<!-- This site is optimized with the Yoast SEO plugin v26.9 - https:\/\/yoast.com\/product\/yoast-seo-wordpress\/ -->\n<title>MULTIDETEKTOR BOSCH D-TECT 120 - Espak E-pood<\/title>\n<meta name=\"robots\" content=\"index, follow, max-snippet:-1, max-image-preview:large, max-video-preview:-1\" \/>\n<link rel=\"canonical\" href=\"https:\/\/espak.ee\/epood\/toode\/multidetektor-bosch-d-tect-120\/\" \/>\n<meta property=\"og:locale\" content=\"et_EE\" \/>\n<meta property=\"og:type\" content=\"article\" \/>\n<meta property=\"og:title\" content=\"MULTIDETEKTOR BOSCH D-TECT 120 - Espak E-pood\" \/>\n<meta property=\"og:url\" content=\"https:\/\/espak.ee\/epood\/toode\/multidetektor-bosch-d-tect-120\/\" \/>\n<meta property=\"og:site_name\" content=\"Espak E-pood\" \/>\n<meta property=\"article:modified_time\" content=\"2024-03-23T01:44:21+00:00\" \/>\n<meta property=\"og:image\" content=\"https:\/\/espak.ee\/epood\/wp-content\/uploads\/2022\/05\/3165140780063_1.jpg\" \/>\n\t<meta property=\"og:image:width\" content=\"800\" \/>\n\t<meta property=\"og:image:height\" content=\"800\" \/>\n\t<meta property=\"og:image:type\" content=\"image\/jpeg\" \/>\n<meta name=\"twitter:card\" content=\"summary_large_image\" \/>\n<meta name=\"twitter:label1\" content=\"Est. reading time\" \/>\n\t<meta name=\"twitter:data1\" content=\"1 minut\" \/>\n<script type=\"application\/ld+json\" class=\"yoast-schema-graph\">{\"@context\":\"https:\/\/schema.org\",\"@graph\":[{\"@type\":\"WebPage\",\"@id\":\"https:\/\/espak.ee\/epood\/toode\/multidetektor-bosch-d-tect-120\/\",\"url\":\"https:\/\/espak.ee\/epood\/toode\/multidetektor-bosch-d-tect-120\/\",\"name\":\"MULTIDETEKTOR BOSCH D-TECT 120 - Espak E-pood\",\"isPartOf\":{\"@id\":\"https:\/\/espak.ee\/epood\/#website\"},\"primaryImageOfPage\":{\"@id\":\"https:\/\/espak.ee\/epood\/toode\/multidetektor-bosch-d-tect-120\/#primaryimage\"},\"image\":{\"@id\":\"https:\/\/espak.ee\/epood\/toode\/multidetektor-bosch-d-tect-120\/#primaryimage\"},\"thumbnailUrl\":\"https:\/\/espak.ee\/epood\/wp-content\/uploads\/2022\/05\/3165140780063_1.jpg\",\"datePublished\":\"2022-05-13T05:42:04+00:00\",\"dateModified\":\"2024-03-23T01:44:21+00:00\",\"breadcrumb\":{\"@id\":\"https:\/\/espak.ee\/epood\/toode\/multidetektor-bosch-d-tect-120\/#breadcrumb\"},\"inLanguage\":\"et\",\"potentialAction\":[{\"@type\":\"ReadAction\",\"target\":[\"https:\/\/espak.ee\/epood\/toode\/multidetektor-bosch-d-tect-120\/\"]}]},{\"@type\":\"ImageObject\",\"inLanguage\":\"et\",\"@id\":\"https:\/\/espak.ee\/epood\/toode\/multidetektor-bosch-d-tect-120\/#primaryimage\",\"url\":\"https:\/\/espak.ee\/epood\/wp-content\/uploads\/2022\/05\/3165140780063_1.jpg\",\"contentUrl\":\"https:\/\/espak.ee\/epood\/wp-content\/uploads\/2022\/05\/3165140780063_1.jpg\",\"width\":800,\"height\":800},{\"@type\":\"BreadcrumbList\",\"@id\":\"https:\/\/espak.ee\/epood\/toode\/multidetektor-bosch-d-tect-120\/#breadcrumb\",\"itemListElement\":[{\"@type\":\"ListItem\",\"position\":1,\"name\":\"Home\",\"item\":\"https:\/\/espak.ee\/epood\/\"},{\"@type\":\"ListItem\",\"position\":2,\"name\":\"Tootevalik\",\"item\":\"https:\/\/espak.ee\/epood\/tootevalik\/\"},{\"@type\":\"ListItem\",\"position\":3,\"name\":\"MULTIDETEKTOR BOSCH D-TECT 120\"}]},{\"@type\":\"WebSite\",\"@id\":\"https:\/\/espak.ee\/epood\/#website\",\"url\":\"https:\/\/espak.ee\/epood\/\",\"name\":\"Espak E-pood\",\"description\":\"\",\"potentialAction\":[{\"@type\":\"SearchAction\",\"target\":{\"@type\":\"EntryPoint\",\"urlTemplate\":\"https:\/\/espak.ee\/epood\/?s={search_term_string}\"},\"query-input\":{\"@type\":\"PropertyValueSpecification\",\"valueRequired\":true,\"valueName\":\"search_term_string\"}}],\"inLanguage\":\"et\"}]}<\/script>\n<!-- \/ Yoast SEO plugin. -->","yoast_head_json":{"title":"MULTIDETEKTOR BOSCH D-TECT 120 - Espak E-pood","robots":{"index":"index","follow":"follow","max-snippet":"max-snippet:-1","max-image-preview":"max-image-preview:large","max-video-preview":"max-video-preview:-1"},"canonical":"https:\/\/espak.ee\/epood\/toode\/multidetektor-bosch-d-tect-120\/","og_locale":"et_EE","og_type":"article","og_title":"MULTIDETEKTOR BOSCH D-TECT 120 - Espak E-pood","og_url":"https:\/\/espak.ee\/epood\/toode\/multidetektor-bosch-d-tect-120\/","og_site_name":"Espak E-pood","article_modified_time":"2024-03-23T01:44:21+00:00","og_image":[{"width":800,"height":800,"url":"https:\/\/espak.ee\/epood\/wp-content\/uploads\/2022\/05\/3165140780063_1.jpg","type":"image\/jpeg"}],"twitter_card":"summary_large_image","twitter_misc":{"Est. reading time":"1 minut"},"schema":{"@context":"https:\/\/schema.org","@graph":[{"@type":"WebPage","@id":"https:\/\/espak.ee\/epood\/toode\/multidetektor-bosch-d-tect-120\/","url":"https:\/\/espak.ee\/epood\/toode\/multidetektor-bosch-d-tect-120\/","name":"MULTIDETEKTOR BOSCH D-TECT 120 - Espak E-pood","isPartOf":{"@id":"https:\/\/espak.ee\/epood\/#website"},"primaryImageOfPage":{"@id":"https:\/\/espak.ee\/epood\/toode\/multidetektor-bosch-d-tect-120\/#primaryimage"},"image":{"@id":"https:\/\/espak.ee\/epood\/toode\/multidetektor-bosch-d-tect-120\/#primaryimage"},"thumbnailUrl":"https:\/\/espak.ee\/epood\/wp-content\/uploads\/2022\/05\/3165140780063_1.jpg","datePublished":"2022-05-13T05:42:04+00:00","dateModified":"2024-03-23T01:44:21+00:00","breadcrumb":{"@id":"https:\/\/espak.ee\/epood\/toode\/multidetektor-bosch-d-tect-120\/#breadcrumb"},"inLanguage":"et","potentialAction":[{"@type":"ReadAction","target":["https:\/\/espak.ee\/epood\/toode\/multidetektor-bosch-d-tect-120\/"]}]},{"@type":"ImageObject","inLanguage":"et","@id":"https:\/\/espak.ee\/epood\/toode\/multidetektor-bosch-d-tect-120\/#primaryimage","url":"https:\/\/espak.ee\/epood\/wp-content\/uploads\/2022\/05\/3165140780063_1.jpg","contentUrl":"https:\/\/espak.ee\/epood\/wp-content\/uploads\/2022\/05\/3165140780063_1.jpg","width":800,"height":800},{"@type":"BreadcrumbList","@id":"https:\/\/espak.ee\/epood\/toode\/multidetektor-bosch-d-tect-120\/#breadcrumb","itemListElement":[{"@type":"ListItem","position":1,"name":"Home","item":"https:\/\/espak.ee\/epood\/"},{"@type":"ListItem","position":2,"name":"Tootevalik","item":"https:\/\/espak.ee\/epood\/tootevalik\/"},{"@type":"ListItem","position":3,"name":"MULTIDETEKTOR BOSCH D-TECT 120"}]},{"@type":"WebSite","@id":"https:\/\/espak.ee\/epood\/#website","url":"https:\/\/espak.ee\/epood\/","name":"Espak E-pood","description":"","potentialAction":[{"@type":"SearchAction","target":{"@type":"EntryPoint","urlTemplate":"https:\/\/espak.ee\/epood\/?s={search_term_string}"},"query-input":{"@type":"PropertyValueSpecification","valueRequired":true,"valueName":"search_term_string"}}],"inLanguage":"et"}]}},"_links":{"self":[{"href":"https:\/\/espak.ee\/epood\/wp-json\/wp\/v2\/product\/118677","targetHints":{"allow":["GET"]}}],"collection":[{"href":"https:\/\/espak.ee\/epood\/wp-json\/wp\/v2\/product"}],"about":[{"href":"https:\/\/espak.ee\/epood\/wp-json\/wp\/v2\/types\/product"}],"replies":[{"embeddable":true,"href":"https:\/\/espak.ee\/epood\/wp-json\/wp\/v2\/comments?post=118677"}],"wp:featuredmedia":[{"embeddable":true,"href":"https:\/\/espak.ee\/epood\/wp-json\/wp\/v2\/media\/131490"}],"wp:attachment":[{"href":"https:\/\/espak.ee\/epood\/wp-json\/wp\/v2\/media?parent=118677"}],"wp:term":[{"taxonomy":"product_brand","embeddable":true,"href":"https:\/\/espak.ee\/epood\/wp-json\/wp\/v2\/product_brand?post=118677"},{"taxonomy":"product_cat","embeddable":true,"href":"https:\/\/espak.ee\/epood\/wp-json\/wp\/v2\/product_cat?post=118677"},{"taxonomy":"product_tag","embeddable":true,"href":"https:\/\/espak.ee\/epood\/wp-json\/wp\/v2\/product_tag?post=118677"}],"curies":[{"name":"wp","href":"https:\/\/api.w.org\/{rel}","templated":true}]}}