{"id":118675,"date":"2022-05-13T05:42:04","date_gmt":"2022-05-13T05:42:04","guid":{"rendered":"https:\/\/espak.ee\/epood\/?post_type=product&#038;p=118675"},"modified":"2025-06-25T10:42:19","modified_gmt":"2025-06-25T07:42:19","slug":"korrevaht-makroflex-greenq-std-750ml","status":"publish","type":"product","link":"https:\/\/espak.ee\/epood\/toode\/korrevaht-makroflex-greenq-std-750ml\/","title":{"rendered":"K\u00d5RREVAHT MAKROFLEX GREENQ STD 750ML"},"content":{"rendered":"<div class=\"row\"  id=\"row-1168474588\">\n\n\t<div id=\"col-1888940626\" class=\"col medium-9 small-12 large-9\"  >\n\t\t\t\t<div class=\"col-inner\"  >\n\t\t\t\n\t\t\t\n<h2>K\u00f5rrevaht Makroflex GREENQ STD 750ml<\/h2>\n<p>Suvine k\u00f5rrevaht taaskasutatud koostisosadega.<\/p>\n<p>\u00dchekomponentne niiskuse toimel tahkuv poolj\u00e4ik v\u00e4ga hea avatud ja suletud k\u00e4rgede tasakaalu ning suure mehhaanilise tugevusega pol\u00fcuretaanvaht. Toode on t\u00e4nu kaasasolevale k\u00f5rrele h\u00f5lpsasti kasutatav ja pealekantav. Tegemist on isepaisuva vahuga, mis paisub tahkudes umbes 2 korda. Tootel on suurep\u00e4rane nakkuvus enamike ehitusmaterjalidega nagu puit, betoon, kivi, metall jne. Teatud metallpinnad v\u00f5ivad nakkumise parandamiseks vajada eelt\u00f6\u00f6tlust (kruntimist). \u00dclevoolanud vahu l\u00f5ikeaeg oleneb suures osas tingimustest.<br \/>\nT\u00e4ielik mehaaniline tugevus saavutatakse 24 tunni jooksul.<br \/>\nKuivanud vahu saagis s\u00f5ltub suurel m\u00e4\u00e4ral t\u00f6\u00f6tingimustest &#8211;<br \/>\ntemperatuurist, \u00f5huniiskusest, paisumisruumist jne. Toode on valmistatud osaliselt taast\u00f6\u00f6deldud materjalidest, mis annavad vahule iseloomuliku hallika varjundi. Kuni 16% taaskasutatud koostisaineid ja ringlussev\u00f5etud plasti kasutamine pakendi<br \/>\nerinevate plastosade juures aitavad v\u00e4hendada toote s\u00fcsinikujalaj\u00e4lge. Suurep\u00e4rased soojusisolatsiooni n\u00e4itajad ja pealekantud kuivanud pol\u00fcuretaanvahu pikaajaline stabiilsus aitavad muuta hooneid energias\u00e4\u00e4stlikumaks, v\u00e4hendades seega veelgi s\u00fcsinikujalaj\u00e4lge. Toode ei sisalda CFC-kandegaase.<\/p>\n<div class=\"message-box relative\" style=\"padding-top:15px;padding-bottom:15px;\"><div class=\"message-box-bg-image bg-fill fill\" ><\/div><div class=\"message-box-bg-overlay bg-fill fill\" ><\/div><div class=\"container relative\"><div class=\"inner last-reset\">\n<div class=\"row align-middle align-center\"  id=\"row-345340774\">\n\n\t<div id=\"col-162488774\" class=\"col small-12 large-12\"  >\n\t\t\t\t<div class=\"col-inner text-left\"  >\n\t\t\t\n\t\t\t\n<h4>Omadused<\/h4>\n<div class=\"row\"  id=\"row-1612263947\">\n\n\t<div id=\"col-754321523\" class=\"col medium-6 small-12 large-6\"  >\n\t\t\t\t<div class=\"col-inner\"  >\n\t\t\t\n\t\t\t\n<p><i class=\"fa fa-check fa-2x\"><\/i> <strong> H\u00f5lpsasti kasutatav ja pealekantav<\/strong><\/p>\n<p><i class=\"fa fa-check fa-2x\"><\/i> <strong> Suurep\u00e4rane nakkuvus enamike ehitusmaterjalidega<\/strong><\/p>\n\t\t<\/div>\n\t\t\t\t\n<style>\n#col-754321523 > .col-inner {\n  margin: 0px 0px 15px 0px;\n}\n<\/style>\n\t<\/div>\n\n\t\n\n\t<div id=\"col-1020007840\" class=\"col medium-6 small-12 large-6\"  >\n\t\t\t\t<div class=\"col-inner\"  >\n\t\t\t\n\t\t\t\n<p><i class=\"fa fa-check fa-2x\"><\/i> <strong> Valmistatud osaliselt taast\u00f6\u00f6deldud materjalidest<\/strong><\/p>\n<p><i class=\"fa fa-check fa-2x\"><\/i> <strong> Suurep\u00e4rased soojusisolatsiooni n\u00e4itajad<\/strong><\/p>\n\t\t<\/div>\n\t\t\t\t\n<style>\n#col-1020007840 > .col-inner {\n  margin: 0px 0px 15px 0px;\n}\n<\/style>\n\t<\/div>\n\n\t\n<\/div>\n\t\t<\/div>\n\t\t\t\t\t<\/div>\n\n\t\n<\/div>\n<\/div><\/div><\/div>\n\t<div id=\"gap-955018381\" class=\"gap-element clearfix\" style=\"display:block; height:auto;\">\n\t\t\n<style>\n#gap-955018381 {\n  padding-top: 30px;\n}\n<\/style>\n\t<\/div>\n\t\n<h3>Kasutamise \u00fcksikasjad<\/h3>\n<p><strong>Kasutusvaldkond:<\/strong><br \/>\n&#8211; Vuukide tihendamine akende ja uste \u00fcmber.<br \/>\n&#8211; Katusekonstruktsioonides ja isolatsioonis olevate avade t\u00e4itmine.<br \/>\n&#8211; Helikindlate vaheseinte tihendamine.<br \/>\n&#8211; Avauste t\u00e4itmine juhtmete v\u00f5i torustiku l\u00e4biviigukohtade \u00fcmber.<\/p>\n\t\t<\/div>\n\t\t\t\t\t<\/div>\n\n\t\n\n\t<div id=\"col-283680923\" class=\"col medium-3 small-12 large-3\"  >\n\t\t\t\t<div class=\"col-inner\"  >\n\t\t\t\n\t\t\t\n<h3>Tehniline informatsioon<\/h3>\n<p><a href=\"https:\/\/espak.ee\/epood\/wp-content\/uploads\/2022\/05\/MF-GreenQ-STD-TDS-EST-03_22.pdf\"target=\"_blank\" rel=\"noopener noreferrer\"><i class=\"far fa-file-pdf\"><\/i> Tehniline info (PDF)<\/a><\/p>\n<div class=\"is-divider divider clearfix\" ><\/div>\n<p><strong>\u00dcksikasjalikuma n\u00f5u saamiseks v\u00f5tke \u00fchendust:<br \/><\/strong>Henkel Balti O\u00dc<br \/>S\u00f5bra 56B<br \/>51013<br \/>Tartu<br \/>+ 372 7305800<\/p>\n<div class=\"is-divider divider clearfix\" ><\/div>\n\t\t<\/div>\n\t\t\t\t\t<\/div>\n\n\t\n<\/div>\n","protected":false},"excerpt":{"rendered":"","protected":false},"featured_media":152906,"comment_status":"closed","ping_status":"closed","template":"","meta":[],"product_brand":[],"product_cat":[2703,2708,2710,2683],"product_tag":[],"class_list":{"0":"post-118675","1":"product","2":"type-product","3":"status-publish","4":"has-post-thumbnail","6":"product_cat-ehituskeemia","7":"product_cat-hermeetikud","8":"product_cat-montaazivahud","9":"product_cat-viimistluskaubad","10":"pa_kaubamark-henkel-balti-ou","12":"first","13":"instock","14":"sale","15":"taxable","16":"shipping-taxable","17":"purchasable","18":"product-type-simple"},"yoast_head":"<!-- This site is optimized with the Yoast SEO plugin v26.9 - https:\/\/yoast.com\/product\/yoast-seo-wordpress\/ -->\n<title>K\u00d5RREVAHT MAKROFLEX GREENQ STD 750ML - Espak E-pood<\/title>\n<meta name=\"robots\" content=\"index, follow, max-snippet:-1, max-image-preview:large, max-video-preview:-1\" \/>\n<link rel=\"canonical\" href=\"https:\/\/espak.ee\/epood\/toode\/korrevaht-makroflex-greenq-std-750ml\/\" \/>\n<meta property=\"og:locale\" content=\"et_EE\" \/>\n<meta property=\"og:type\" content=\"article\" \/>\n<meta property=\"og:title\" content=\"K\u00d5RREVAHT MAKROFLEX GREENQ STD 750ML - Espak E-pood\" \/>\n<meta property=\"og:url\" content=\"https:\/\/espak.ee\/epood\/toode\/korrevaht-makroflex-greenq-std-750ml\/\" \/>\n<meta property=\"og:site_name\" content=\"Espak E-pood\" \/>\n<meta property=\"article:modified_time\" content=\"2025-06-25T07:42:19+00:00\" \/>\n<meta property=\"og:image\" content=\"https:\/\/espak.ee\/epood\/wp-content\/uploads\/2022\/05\/MF-GreenQ-STD.jpg\" \/>\n\t<meta property=\"og:image:width\" content=\"800\" \/>\n\t<meta property=\"og:image:height\" content=\"800\" \/>\n\t<meta property=\"og:image:type\" content=\"image\/jpeg\" \/>\n<meta name=\"twitter:card\" content=\"summary_large_image\" \/>\n<meta name=\"twitter:label1\" content=\"Est. reading time\" \/>\n\t<meta name=\"twitter:data1\" content=\"2 minutit\" \/>\n<script type=\"application\/ld+json\" class=\"yoast-schema-graph\">{\"@context\":\"https:\/\/schema.org\",\"@graph\":[{\"@type\":\"WebPage\",\"@id\":\"https:\/\/espak.ee\/epood\/toode\/korrevaht-makroflex-greenq-std-750ml\/\",\"url\":\"https:\/\/espak.ee\/epood\/toode\/korrevaht-makroflex-greenq-std-750ml\/\",\"name\":\"K\u00d5RREVAHT MAKROFLEX GREENQ STD 750ML - Espak E-pood\",\"isPartOf\":{\"@id\":\"https:\/\/espak.ee\/epood\/#website\"},\"primaryImageOfPage\":{\"@id\":\"https:\/\/espak.ee\/epood\/toode\/korrevaht-makroflex-greenq-std-750ml\/#primaryimage\"},\"image\":{\"@id\":\"https:\/\/espak.ee\/epood\/toode\/korrevaht-makroflex-greenq-std-750ml\/#primaryimage\"},\"thumbnailUrl\":\"https:\/\/espak.ee\/epood\/wp-content\/uploads\/2022\/05\/MF-GreenQ-STD.jpg\",\"datePublished\":\"2022-05-13T05:42:04+00:00\",\"dateModified\":\"2025-06-25T07:42:19+00:00\",\"breadcrumb\":{\"@id\":\"https:\/\/espak.ee\/epood\/toode\/korrevaht-makroflex-greenq-std-750ml\/#breadcrumb\"},\"inLanguage\":\"et\",\"potentialAction\":[{\"@type\":\"ReadAction\",\"target\":[\"https:\/\/espak.ee\/epood\/toode\/korrevaht-makroflex-greenq-std-750ml\/\"]}]},{\"@type\":\"ImageObject\",\"inLanguage\":\"et\",\"@id\":\"https:\/\/espak.ee\/epood\/toode\/korrevaht-makroflex-greenq-std-750ml\/#primaryimage\",\"url\":\"https:\/\/espak.ee\/epood\/wp-content\/uploads\/2022\/05\/MF-GreenQ-STD.jpg\",\"contentUrl\":\"https:\/\/espak.ee\/epood\/wp-content\/uploads\/2022\/05\/MF-GreenQ-STD.jpg\",\"width\":800,\"height\":800},{\"@type\":\"BreadcrumbList\",\"@id\":\"https:\/\/espak.ee\/epood\/toode\/korrevaht-makroflex-greenq-std-750ml\/#breadcrumb\",\"itemListElement\":[{\"@type\":\"ListItem\",\"position\":1,\"name\":\"Home\",\"item\":\"https:\/\/espak.ee\/epood\/\"},{\"@type\":\"ListItem\",\"position\":2,\"name\":\"Tootevalik\",\"item\":\"https:\/\/espak.ee\/epood\/tootevalik\/\"},{\"@type\":\"ListItem\",\"position\":3,\"name\":\"K\u00d5RREVAHT MAKROFLEX GREENQ STD 750ML\"}]},{\"@type\":\"WebSite\",\"@id\":\"https:\/\/espak.ee\/epood\/#website\",\"url\":\"https:\/\/espak.ee\/epood\/\",\"name\":\"Espak E-pood\",\"description\":\"\",\"potentialAction\":[{\"@type\":\"SearchAction\",\"target\":{\"@type\":\"EntryPoint\",\"urlTemplate\":\"https:\/\/espak.ee\/epood\/?s={search_term_string}\"},\"query-input\":{\"@type\":\"PropertyValueSpecification\",\"valueRequired\":true,\"valueName\":\"search_term_string\"}}],\"inLanguage\":\"et\"}]}<\/script>\n<!-- \/ Yoast SEO plugin. -->","yoast_head_json":{"title":"K\u00d5RREVAHT MAKROFLEX GREENQ STD 750ML - Espak E-pood","robots":{"index":"index","follow":"follow","max-snippet":"max-snippet:-1","max-image-preview":"max-image-preview:large","max-video-preview":"max-video-preview:-1"},"canonical":"https:\/\/espak.ee\/epood\/toode\/korrevaht-makroflex-greenq-std-750ml\/","og_locale":"et_EE","og_type":"article","og_title":"K\u00d5RREVAHT MAKROFLEX GREENQ STD 750ML - Espak E-pood","og_url":"https:\/\/espak.ee\/epood\/toode\/korrevaht-makroflex-greenq-std-750ml\/","og_site_name":"Espak E-pood","article_modified_time":"2025-06-25T07:42:19+00:00","og_image":[{"width":800,"height":800,"url":"https:\/\/espak.ee\/epood\/wp-content\/uploads\/2022\/05\/MF-GreenQ-STD.jpg","type":"image\/jpeg"}],"twitter_card":"summary_large_image","twitter_misc":{"Est. reading time":"2 minutit"},"schema":{"@context":"https:\/\/schema.org","@graph":[{"@type":"WebPage","@id":"https:\/\/espak.ee\/epood\/toode\/korrevaht-makroflex-greenq-std-750ml\/","url":"https:\/\/espak.ee\/epood\/toode\/korrevaht-makroflex-greenq-std-750ml\/","name":"K\u00d5RREVAHT MAKROFLEX GREENQ STD 750ML - Espak E-pood","isPartOf":{"@id":"https:\/\/espak.ee\/epood\/#website"},"primaryImageOfPage":{"@id":"https:\/\/espak.ee\/epood\/toode\/korrevaht-makroflex-greenq-std-750ml\/#primaryimage"},"image":{"@id":"https:\/\/espak.ee\/epood\/toode\/korrevaht-makroflex-greenq-std-750ml\/#primaryimage"},"thumbnailUrl":"https:\/\/espak.ee\/epood\/wp-content\/uploads\/2022\/05\/MF-GreenQ-STD.jpg","datePublished":"2022-05-13T05:42:04+00:00","dateModified":"2025-06-25T07:42:19+00:00","breadcrumb":{"@id":"https:\/\/espak.ee\/epood\/toode\/korrevaht-makroflex-greenq-std-750ml\/#breadcrumb"},"inLanguage":"et","potentialAction":[{"@type":"ReadAction","target":["https:\/\/espak.ee\/epood\/toode\/korrevaht-makroflex-greenq-std-750ml\/"]}]},{"@type":"ImageObject","inLanguage":"et","@id":"https:\/\/espak.ee\/epood\/toode\/korrevaht-makroflex-greenq-std-750ml\/#primaryimage","url":"https:\/\/espak.ee\/epood\/wp-content\/uploads\/2022\/05\/MF-GreenQ-STD.jpg","contentUrl":"https:\/\/espak.ee\/epood\/wp-content\/uploads\/2022\/05\/MF-GreenQ-STD.jpg","width":800,"height":800},{"@type":"BreadcrumbList","@id":"https:\/\/espak.ee\/epood\/toode\/korrevaht-makroflex-greenq-std-750ml\/#breadcrumb","itemListElement":[{"@type":"ListItem","position":1,"name":"Home","item":"https:\/\/espak.ee\/epood\/"},{"@type":"ListItem","position":2,"name":"Tootevalik","item":"https:\/\/espak.ee\/epood\/tootevalik\/"},{"@type":"ListItem","position":3,"name":"K\u00d5RREVAHT MAKROFLEX GREENQ STD 750ML"}]},{"@type":"WebSite","@id":"https:\/\/espak.ee\/epood\/#website","url":"https:\/\/espak.ee\/epood\/","name":"Espak E-pood","description":"","potentialAction":[{"@type":"SearchAction","target":{"@type":"EntryPoint","urlTemplate":"https:\/\/espak.ee\/epood\/?s={search_term_string}"},"query-input":{"@type":"PropertyValueSpecification","valueRequired":true,"valueName":"search_term_string"}}],"inLanguage":"et"}]}},"_links":{"self":[{"href":"https:\/\/espak.ee\/epood\/wp-json\/wp\/v2\/product\/118675","targetHints":{"allow":["GET"]}}],"collection":[{"href":"https:\/\/espak.ee\/epood\/wp-json\/wp\/v2\/product"}],"about":[{"href":"https:\/\/espak.ee\/epood\/wp-json\/wp\/v2\/types\/product"}],"replies":[{"embeddable":true,"href":"https:\/\/espak.ee\/epood\/wp-json\/wp\/v2\/comments?post=118675"}],"wp:featuredmedia":[{"embeddable":true,"href":"https:\/\/espak.ee\/epood\/wp-json\/wp\/v2\/media\/152906"}],"wp:attachment":[{"href":"https:\/\/espak.ee\/epood\/wp-json\/wp\/v2\/media?parent=118675"}],"wp:term":[{"taxonomy":"product_brand","embeddable":true,"href":"https:\/\/espak.ee\/epood\/wp-json\/wp\/v2\/product_brand?post=118675"},{"taxonomy":"product_cat","embeddable":true,"href":"https:\/\/espak.ee\/epood\/wp-json\/wp\/v2\/product_cat?post=118675"},{"taxonomy":"product_tag","embeddable":true,"href":"https:\/\/espak.ee\/epood\/wp-json\/wp\/v2\/product_tag?post=118675"}],"curies":[{"name":"wp","href":"https:\/\/api.w.org\/{rel}","templated":true}]}}