{"id":118570,"date":"2022-05-12T22:19:12","date_gmt":"2022-05-12T22:19:12","guid":{"rendered":"https:\/\/espak.ee\/epood\/?post_type=product&#038;p=118570"},"modified":"2025-12-20T11:48:51","modified_gmt":"2025-12-20T09:48:51","slug":"korvaklapid-earline-max-500-30db","status":"publish","type":"product","link":"https:\/\/espak.ee\/epood\/toode\/korvaklapid-earline-max-500-30db\/","title":{"rendered":"K\u00d5RVAKLAPID EARLINE MAX 500 30DB"},"content":{"rendered":"<div class=\"row\"  id=\"row-334584374\">\n\n\t<div id=\"col-465776317\" class=\"col medium-9 small-12 large-9\"  >\n\t\t\t\t<div class=\"col-inner\"  >\n\t\t\t\n\t\t\t\n<h2>K\u00f5rvaklapid Earline Max 500 30dB<\/h2>\n<p>EARLINE MAX 500 k\u00f5rvaklapid 31050 sobivad keskmise ja suurema m\u00fcra summutamiseks. K\u00f5rvaklapid kaitsevad k\u00f5rvu kahjuliku m\u00fcra eest ning ennetavad kuulmiskahjustuste teket. Peav\u00f5ru saab erineva peakuju j\u00e4rgi reguleerida, mille t\u00f5ttu on need mugav kanda ka pikema aja jooksul. K\u00f5rvaklappe on mugav kaasas kanda kuna need on kompaktsed ning neid saab kokku panna.<\/p>\n<p>EARLINE k\u00f5rvaklapid omavad EN 352-1 k\u00f5rvaklappide \u00fcldstandardit.<\/p>\n<p>&#8211; EN 352-1<br \/>\n&#8211; SNR 30 dB<br \/>\n&#8211; Kaal 255 g<\/p>\n\t\t<\/div>\n\t\t\t\t\t<\/div>\n\n\t\n\n\t<div id=\"col-1054511009\" class=\"col medium-3 small-12 large-3\"  >\n\t\t\t\t<div class=\"col-inner\"  >\n\t\t\t\n\t\t\t\n\t<div id=\"gap-37043147\" class=\"gap-element clearfix\" style=\"display:block; height:auto;\">\n\t\t\n<style>\n#gap-37043147 {\n  padding-top: 30px;\n}\n<\/style>\n\t<\/div>\n\t\n<div class=\"is-divider divider clearfix\" ><\/div>\n<p><strong>\u00dcksikasjalikuma n\u00f5u saamiseks v\u00f5tke \u00fchendust:<br \/><\/strong>Becky AS<br \/>Laki 30A \/ Kadaka tee 129<br \/>12915<br \/>Tallinn<br \/>+372 670 6880<\/p>\n<div class=\"is-divider divider clearfix\" ><\/div>\n\t\t<\/div>\n\t\t\t\t\t<\/div>\n\n\t\n<\/div>\n","protected":false},"excerpt":{"rendered":"","protected":false},"featured_media":118713,"comment_status":"closed","ping_status":"closed","template":"","meta":[],"product_brand":[],"product_cat":[2788,2973,2975,2972],"product_tag":[],"class_list":{"0":"post-118570","1":"product","2":"type-product","3":"status-publish","4":"has-post-thumbnail","6":"product_cat-aiatarbed-ja-kodukaubad","7":"product_cat-isikukaitsevahendid","8":"product_cat-kuulmiskaitsed","9":"product_cat-tookaitsevahendid","10":"pa_kaubamark-becky-as","12":"first","13":"instock","14":"sale","15":"taxable","16":"shipping-taxable","17":"purchasable","18":"product-type-simple"},"yoast_head":"<!-- This site is optimized with the Yoast SEO plugin v26.9 - https:\/\/yoast.com\/product\/yoast-seo-wordpress\/ -->\n<title>K\u00d5RVAKLAPID EARLINE MAX 500 30DB - Espak E-pood<\/title>\n<meta name=\"robots\" content=\"index, follow, max-snippet:-1, max-image-preview:large, max-video-preview:-1\" \/>\n<link rel=\"canonical\" href=\"https:\/\/espak.ee\/epood\/toode\/korvaklapid-earline-max-500-30db\/\" \/>\n<meta property=\"og:locale\" content=\"et_EE\" \/>\n<meta property=\"og:type\" content=\"article\" \/>\n<meta property=\"og:title\" content=\"K\u00d5RVAKLAPID EARLINE MAX 500 30DB - Espak E-pood\" \/>\n<meta property=\"og:url\" content=\"https:\/\/espak.ee\/epood\/toode\/korvaklapid-earline-max-500-30db\/\" \/>\n<meta property=\"og:site_name\" content=\"Espak E-pood\" \/>\n<meta property=\"article:modified_time\" content=\"2025-12-20T09:48:51+00:00\" \/>\n<meta property=\"og:image\" content=\"https:\/\/espak.ee\/epood\/wp-content\/uploads\/2022\/05\/max500.jpg\" \/>\n\t<meta property=\"og:image:width\" content=\"1180\" \/>\n\t<meta property=\"og:image:height\" content=\"1300\" \/>\n\t<meta property=\"og:image:type\" content=\"image\/jpeg\" \/>\n<meta name=\"twitter:card\" content=\"summary_large_image\" \/>\n<meta name=\"twitter:label1\" content=\"Est. reading time\" \/>\n\t<meta name=\"twitter:data1\" content=\"1 minut\" \/>\n<script type=\"application\/ld+json\" class=\"yoast-schema-graph\">{\"@context\":\"https:\/\/schema.org\",\"@graph\":[{\"@type\":\"WebPage\",\"@id\":\"https:\/\/espak.ee\/epood\/toode\/korvaklapid-earline-max-500-30db\/\",\"url\":\"https:\/\/espak.ee\/epood\/toode\/korvaklapid-earline-max-500-30db\/\",\"name\":\"K\u00d5RVAKLAPID EARLINE MAX 500 30DB - Espak E-pood\",\"isPartOf\":{\"@id\":\"https:\/\/espak.ee\/epood\/#website\"},\"primaryImageOfPage\":{\"@id\":\"https:\/\/espak.ee\/epood\/toode\/korvaklapid-earline-max-500-30db\/#primaryimage\"},\"image\":{\"@id\":\"https:\/\/espak.ee\/epood\/toode\/korvaklapid-earline-max-500-30db\/#primaryimage\"},\"thumbnailUrl\":\"https:\/\/espak.ee\/epood\/wp-content\/uploads\/2022\/05\/max500.jpg\",\"datePublished\":\"2022-05-12T22:19:12+00:00\",\"dateModified\":\"2025-12-20T09:48:51+00:00\",\"breadcrumb\":{\"@id\":\"https:\/\/espak.ee\/epood\/toode\/korvaklapid-earline-max-500-30db\/#breadcrumb\"},\"inLanguage\":\"et\",\"potentialAction\":[{\"@type\":\"ReadAction\",\"target\":[\"https:\/\/espak.ee\/epood\/toode\/korvaklapid-earline-max-500-30db\/\"]}]},{\"@type\":\"ImageObject\",\"inLanguage\":\"et\",\"@id\":\"https:\/\/espak.ee\/epood\/toode\/korvaklapid-earline-max-500-30db\/#primaryimage\",\"url\":\"https:\/\/espak.ee\/epood\/wp-content\/uploads\/2022\/05\/max500.jpg\",\"contentUrl\":\"https:\/\/espak.ee\/epood\/wp-content\/uploads\/2022\/05\/max500.jpg\",\"width\":1180,\"height\":1300},{\"@type\":\"BreadcrumbList\",\"@id\":\"https:\/\/espak.ee\/epood\/toode\/korvaklapid-earline-max-500-30db\/#breadcrumb\",\"itemListElement\":[{\"@type\":\"ListItem\",\"position\":1,\"name\":\"Home\",\"item\":\"https:\/\/espak.ee\/epood\/\"},{\"@type\":\"ListItem\",\"position\":2,\"name\":\"Tootevalik\",\"item\":\"https:\/\/espak.ee\/epood\/tootevalik\/\"},{\"@type\":\"ListItem\",\"position\":3,\"name\":\"K\u00d5RVAKLAPID EARLINE MAX 500 30DB\"}]},{\"@type\":\"WebSite\",\"@id\":\"https:\/\/espak.ee\/epood\/#website\",\"url\":\"https:\/\/espak.ee\/epood\/\",\"name\":\"Espak E-pood\",\"description\":\"\",\"potentialAction\":[{\"@type\":\"SearchAction\",\"target\":{\"@type\":\"EntryPoint\",\"urlTemplate\":\"https:\/\/espak.ee\/epood\/?s={search_term_string}\"},\"query-input\":{\"@type\":\"PropertyValueSpecification\",\"valueRequired\":true,\"valueName\":\"search_term_string\"}}],\"inLanguage\":\"et\"}]}<\/script>\n<!-- \/ Yoast SEO plugin. -->","yoast_head_json":{"title":"K\u00d5RVAKLAPID EARLINE MAX 500 30DB - Espak E-pood","robots":{"index":"index","follow":"follow","max-snippet":"max-snippet:-1","max-image-preview":"max-image-preview:large","max-video-preview":"max-video-preview:-1"},"canonical":"https:\/\/espak.ee\/epood\/toode\/korvaklapid-earline-max-500-30db\/","og_locale":"et_EE","og_type":"article","og_title":"K\u00d5RVAKLAPID EARLINE MAX 500 30DB - Espak E-pood","og_url":"https:\/\/espak.ee\/epood\/toode\/korvaklapid-earline-max-500-30db\/","og_site_name":"Espak E-pood","article_modified_time":"2025-12-20T09:48:51+00:00","og_image":[{"width":1180,"height":1300,"url":"https:\/\/espak.ee\/epood\/wp-content\/uploads\/2022\/05\/max500.jpg","type":"image\/jpeg"}],"twitter_card":"summary_large_image","twitter_misc":{"Est. reading time":"1 minut"},"schema":{"@context":"https:\/\/schema.org","@graph":[{"@type":"WebPage","@id":"https:\/\/espak.ee\/epood\/toode\/korvaklapid-earline-max-500-30db\/","url":"https:\/\/espak.ee\/epood\/toode\/korvaklapid-earline-max-500-30db\/","name":"K\u00d5RVAKLAPID EARLINE MAX 500 30DB - Espak E-pood","isPartOf":{"@id":"https:\/\/espak.ee\/epood\/#website"},"primaryImageOfPage":{"@id":"https:\/\/espak.ee\/epood\/toode\/korvaklapid-earline-max-500-30db\/#primaryimage"},"image":{"@id":"https:\/\/espak.ee\/epood\/toode\/korvaklapid-earline-max-500-30db\/#primaryimage"},"thumbnailUrl":"https:\/\/espak.ee\/epood\/wp-content\/uploads\/2022\/05\/max500.jpg","datePublished":"2022-05-12T22:19:12+00:00","dateModified":"2025-12-20T09:48:51+00:00","breadcrumb":{"@id":"https:\/\/espak.ee\/epood\/toode\/korvaklapid-earline-max-500-30db\/#breadcrumb"},"inLanguage":"et","potentialAction":[{"@type":"ReadAction","target":["https:\/\/espak.ee\/epood\/toode\/korvaklapid-earline-max-500-30db\/"]}]},{"@type":"ImageObject","inLanguage":"et","@id":"https:\/\/espak.ee\/epood\/toode\/korvaklapid-earline-max-500-30db\/#primaryimage","url":"https:\/\/espak.ee\/epood\/wp-content\/uploads\/2022\/05\/max500.jpg","contentUrl":"https:\/\/espak.ee\/epood\/wp-content\/uploads\/2022\/05\/max500.jpg","width":1180,"height":1300},{"@type":"BreadcrumbList","@id":"https:\/\/espak.ee\/epood\/toode\/korvaklapid-earline-max-500-30db\/#breadcrumb","itemListElement":[{"@type":"ListItem","position":1,"name":"Home","item":"https:\/\/espak.ee\/epood\/"},{"@type":"ListItem","position":2,"name":"Tootevalik","item":"https:\/\/espak.ee\/epood\/tootevalik\/"},{"@type":"ListItem","position":3,"name":"K\u00d5RVAKLAPID EARLINE MAX 500 30DB"}]},{"@type":"WebSite","@id":"https:\/\/espak.ee\/epood\/#website","url":"https:\/\/espak.ee\/epood\/","name":"Espak E-pood","description":"","potentialAction":[{"@type":"SearchAction","target":{"@type":"EntryPoint","urlTemplate":"https:\/\/espak.ee\/epood\/?s={search_term_string}"},"query-input":{"@type":"PropertyValueSpecification","valueRequired":true,"valueName":"search_term_string"}}],"inLanguage":"et"}]}},"_links":{"self":[{"href":"https:\/\/espak.ee\/epood\/wp-json\/wp\/v2\/product\/118570","targetHints":{"allow":["GET"]}}],"collection":[{"href":"https:\/\/espak.ee\/epood\/wp-json\/wp\/v2\/product"}],"about":[{"href":"https:\/\/espak.ee\/epood\/wp-json\/wp\/v2\/types\/product"}],"replies":[{"embeddable":true,"href":"https:\/\/espak.ee\/epood\/wp-json\/wp\/v2\/comments?post=118570"}],"wp:featuredmedia":[{"embeddable":true,"href":"https:\/\/espak.ee\/epood\/wp-json\/wp\/v2\/media\/118713"}],"wp:attachment":[{"href":"https:\/\/espak.ee\/epood\/wp-json\/wp\/v2\/media?parent=118570"}],"wp:term":[{"taxonomy":"product_brand","embeddable":true,"href":"https:\/\/espak.ee\/epood\/wp-json\/wp\/v2\/product_brand?post=118570"},{"taxonomy":"product_cat","embeddable":true,"href":"https:\/\/espak.ee\/epood\/wp-json\/wp\/v2\/product_cat?post=118570"},{"taxonomy":"product_tag","embeddable":true,"href":"https:\/\/espak.ee\/epood\/wp-json\/wp\/v2\/product_tag?post=118570"}],"curies":[{"name":"wp","href":"https:\/\/api.w.org\/{rel}","templated":true}]}}