{"id":118526,"date":"2022-05-12T05:30:03","date_gmt":"2022-05-12T05:30:03","guid":{"rendered":"https:\/\/espak.ee\/epood\/?post_type=product&#038;p=118526"},"modified":"2024-03-23T03:47:38","modified_gmt":"2024-03-23T01:47:38","slug":"toosokid-stapp-quarter-47-50-2paari-pk","status":"publish","type":"product","link":"https:\/\/espak.ee\/epood\/toode\/toosokid-stapp-quarter-47-50-2paari-pk\/","title":{"rendered":"T\u00d6\u00d6SOKID STAPP QUARTER 47-50 2PAARI\/PK"},"content":{"rendered":"<div class=\"row\"  id=\"row-1828386706\">\n\n\t<div id=\"col-832808837\" class=\"col medium-9 small-12 large-9\"  >\n\t\t\t\t<div class=\"col-inner\"  >\n\t\t\t\n\t\t\t\n<h2>STAPP QUARTER t\u00f6\u00f6sokid, 2 paari 47-50<\/h2>\n<p>STAPP QUARTER t\u00f6\u00f6sokid on v\u00e4ga mugavad ja vastupidavad. Niiskust imavad ja hingavad sokid hoiavad jalad kuivana, et v\u00e4ltida villide ning ebameeldiva l\u00f5hna teket. Veniva p\u00e4kaosaga sokkidel on mittetuntav \u00f5huke \u00f5mblus varvaste kohal, mis v\u00e4listab h\u00f5\u00f5rdumise. Antibakteriaalsete omadustega sokkidel on tugevdatud kanna- ja varbaosa.<br \/>\n Komplektis on kaks paari sokke.<\/p>\n<p>&#8211; Niiskust imavad ja hingavad<br \/>\n&#8211; Veniva p\u00e4kaosaga<br \/>\n&#8211; Mittetuntav \u00f5huke \u00f5mblus varvastel<br \/>\n&#8211; Antibakteriaalsete omadustega<br \/>\n&#8211; Tugevdatud kanna- ja varbaosa<br \/>\n&#8211; Materjal: 51% Coolmax, 21% Puuvill, 21% Pol\u00fcamiid, 2% Elastaan<\/p>\n\t\t<\/div>\n\t\t\t\t\t<\/div>\n\n\t\n\n\t<div id=\"col-1452511727\" class=\"col medium-3 small-12 large-3\"  >\n\t\t\t\t<div class=\"col-inner\"  >\n\t\t\t\n\t\t\t\n\t<div id=\"gap-518451726\" class=\"gap-element clearfix\" style=\"display:block; height:auto;\">\n\t\t\n<style>\n#gap-518451726 {\n  padding-top: 30px;\n}\n<\/style>\n\t<\/div>\n\t\n<div class=\"is-divider divider clearfix\" ><\/div>\n<p><strong>\u00dcksikasjalikuma n\u00f5u saamiseks v\u00f5tke \u00fchendust:<br \/><\/strong>Becky AS<br \/>Laki 30A \/ Kadaka tee 129<br \/>12915<br \/>Tallinn<br \/>+372 670 6880<\/p>\n<div class=\"is-divider divider clearfix\" ><\/div>\n\t\t<\/div>\n\t\t\t\t\t<\/div>\n\n\t\n<\/div>\n","protected":false},"excerpt":{"rendered":"","protected":false},"featured_media":118721,"comment_status":"closed","ping_status":"closed","template":"","meta":[],"product_brand":[],"product_cat":[2788,3025,2972,3023],"product_tag":[],"class_list":{"0":"post-118526","1":"product","2":"type-product","3":"status-publish","4":"has-post-thumbnail","6":"product_cat-aiatarbed-ja-kodukaubad","7":"product_cat-riided","8":"product_cat-tookaitsevahendid","9":"product_cat-tooroivad","10":"pa_kaubamark-becky-as","12":"first","13":"outofstock","14":"sale","15":"taxable","16":"shipping-taxable","17":"purchasable","18":"product-type-simple"},"yoast_head":"<!-- This site is optimized with the Yoast SEO plugin v26.9 - https:\/\/yoast.com\/product\/yoast-seo-wordpress\/ -->\n<title>T\u00d6\u00d6SOKID STAPP QUARTER 47-50 2PAARI\/PK - Espak E-pood<\/title>\n<meta name=\"robots\" content=\"index, follow, max-snippet:-1, max-image-preview:large, max-video-preview:-1\" \/>\n<link rel=\"canonical\" href=\"https:\/\/espak.ee\/epood\/toode\/toosokid-stapp-quarter-47-50-2paari-pk\/\" \/>\n<meta property=\"og:locale\" content=\"et_EE\" \/>\n<meta property=\"og:type\" content=\"article\" \/>\n<meta property=\"og:title\" content=\"T\u00d6\u00d6SOKID STAPP QUARTER 47-50 2PAARI\/PK - Espak E-pood\" \/>\n<meta property=\"og:url\" content=\"https:\/\/espak.ee\/epood\/toode\/toosokid-stapp-quarter-47-50-2paari-pk\/\" \/>\n<meta property=\"og:site_name\" content=\"Espak E-pood\" \/>\n<meta property=\"article:modified_time\" content=\"2024-03-23T01:47:38+00:00\" \/>\n<meta property=\"og:image\" content=\"https:\/\/espak.ee\/epood\/wp-content\/uploads\/2022\/05\/Stapp-QUARTER-toosokid.jpg\" \/>\n\t<meta property=\"og:image:width\" content=\"1024\" \/>\n\t<meta property=\"og:image:height\" content=\"1024\" \/>\n\t<meta property=\"og:image:type\" content=\"image\/jpeg\" \/>\n<meta name=\"twitter:card\" content=\"summary_large_image\" \/>\n<meta name=\"twitter:label1\" content=\"Est. reading time\" \/>\n\t<meta name=\"twitter:data1\" content=\"1 minut\" \/>\n<script type=\"application\/ld+json\" class=\"yoast-schema-graph\">{\"@context\":\"https:\/\/schema.org\",\"@graph\":[{\"@type\":\"WebPage\",\"@id\":\"https:\/\/espak.ee\/epood\/toode\/toosokid-stapp-quarter-47-50-2paari-pk\/\",\"url\":\"https:\/\/espak.ee\/epood\/toode\/toosokid-stapp-quarter-47-50-2paari-pk\/\",\"name\":\"T\u00d6\u00d6SOKID STAPP QUARTER 47-50 2PAARI\/PK - Espak E-pood\",\"isPartOf\":{\"@id\":\"https:\/\/espak.ee\/epood\/#website\"},\"primaryImageOfPage\":{\"@id\":\"https:\/\/espak.ee\/epood\/toode\/toosokid-stapp-quarter-47-50-2paari-pk\/#primaryimage\"},\"image\":{\"@id\":\"https:\/\/espak.ee\/epood\/toode\/toosokid-stapp-quarter-47-50-2paari-pk\/#primaryimage\"},\"thumbnailUrl\":\"https:\/\/espak.ee\/epood\/wp-content\/uploads\/2022\/05\/Stapp-QUARTER-toosokid.jpg\",\"datePublished\":\"2022-05-12T05:30:03+00:00\",\"dateModified\":\"2024-03-23T01:47:38+00:00\",\"breadcrumb\":{\"@id\":\"https:\/\/espak.ee\/epood\/toode\/toosokid-stapp-quarter-47-50-2paari-pk\/#breadcrumb\"},\"inLanguage\":\"et\",\"potentialAction\":[{\"@type\":\"ReadAction\",\"target\":[\"https:\/\/espak.ee\/epood\/toode\/toosokid-stapp-quarter-47-50-2paari-pk\/\"]}]},{\"@type\":\"ImageObject\",\"inLanguage\":\"et\",\"@id\":\"https:\/\/espak.ee\/epood\/toode\/toosokid-stapp-quarter-47-50-2paari-pk\/#primaryimage\",\"url\":\"https:\/\/espak.ee\/epood\/wp-content\/uploads\/2022\/05\/Stapp-QUARTER-toosokid.jpg\",\"contentUrl\":\"https:\/\/espak.ee\/epood\/wp-content\/uploads\/2022\/05\/Stapp-QUARTER-toosokid.jpg\",\"width\":1024,\"height\":1024},{\"@type\":\"BreadcrumbList\",\"@id\":\"https:\/\/espak.ee\/epood\/toode\/toosokid-stapp-quarter-47-50-2paari-pk\/#breadcrumb\",\"itemListElement\":[{\"@type\":\"ListItem\",\"position\":1,\"name\":\"Home\",\"item\":\"https:\/\/espak.ee\/epood\/\"},{\"@type\":\"ListItem\",\"position\":2,\"name\":\"Tootevalik\",\"item\":\"https:\/\/espak.ee\/epood\/tootevalik\/\"},{\"@type\":\"ListItem\",\"position\":3,\"name\":\"T\u00d6\u00d6SOKID STAPP QUARTER 47-50 2PAARI\/PK\"}]},{\"@type\":\"WebSite\",\"@id\":\"https:\/\/espak.ee\/epood\/#website\",\"url\":\"https:\/\/espak.ee\/epood\/\",\"name\":\"Espak E-pood\",\"description\":\"\",\"potentialAction\":[{\"@type\":\"SearchAction\",\"target\":{\"@type\":\"EntryPoint\",\"urlTemplate\":\"https:\/\/espak.ee\/epood\/?s={search_term_string}\"},\"query-input\":{\"@type\":\"PropertyValueSpecification\",\"valueRequired\":true,\"valueName\":\"search_term_string\"}}],\"inLanguage\":\"et\"}]}<\/script>\n<!-- \/ Yoast SEO plugin. -->","yoast_head_json":{"title":"T\u00d6\u00d6SOKID STAPP QUARTER 47-50 2PAARI\/PK - Espak E-pood","robots":{"index":"index","follow":"follow","max-snippet":"max-snippet:-1","max-image-preview":"max-image-preview:large","max-video-preview":"max-video-preview:-1"},"canonical":"https:\/\/espak.ee\/epood\/toode\/toosokid-stapp-quarter-47-50-2paari-pk\/","og_locale":"et_EE","og_type":"article","og_title":"T\u00d6\u00d6SOKID STAPP QUARTER 47-50 2PAARI\/PK - Espak E-pood","og_url":"https:\/\/espak.ee\/epood\/toode\/toosokid-stapp-quarter-47-50-2paari-pk\/","og_site_name":"Espak E-pood","article_modified_time":"2024-03-23T01:47:38+00:00","og_image":[{"width":1024,"height":1024,"url":"https:\/\/espak.ee\/epood\/wp-content\/uploads\/2022\/05\/Stapp-QUARTER-toosokid.jpg","type":"image\/jpeg"}],"twitter_card":"summary_large_image","twitter_misc":{"Est. reading time":"1 minut"},"schema":{"@context":"https:\/\/schema.org","@graph":[{"@type":"WebPage","@id":"https:\/\/espak.ee\/epood\/toode\/toosokid-stapp-quarter-47-50-2paari-pk\/","url":"https:\/\/espak.ee\/epood\/toode\/toosokid-stapp-quarter-47-50-2paari-pk\/","name":"T\u00d6\u00d6SOKID STAPP QUARTER 47-50 2PAARI\/PK - Espak E-pood","isPartOf":{"@id":"https:\/\/espak.ee\/epood\/#website"},"primaryImageOfPage":{"@id":"https:\/\/espak.ee\/epood\/toode\/toosokid-stapp-quarter-47-50-2paari-pk\/#primaryimage"},"image":{"@id":"https:\/\/espak.ee\/epood\/toode\/toosokid-stapp-quarter-47-50-2paari-pk\/#primaryimage"},"thumbnailUrl":"https:\/\/espak.ee\/epood\/wp-content\/uploads\/2022\/05\/Stapp-QUARTER-toosokid.jpg","datePublished":"2022-05-12T05:30:03+00:00","dateModified":"2024-03-23T01:47:38+00:00","breadcrumb":{"@id":"https:\/\/espak.ee\/epood\/toode\/toosokid-stapp-quarter-47-50-2paari-pk\/#breadcrumb"},"inLanguage":"et","potentialAction":[{"@type":"ReadAction","target":["https:\/\/espak.ee\/epood\/toode\/toosokid-stapp-quarter-47-50-2paari-pk\/"]}]},{"@type":"ImageObject","inLanguage":"et","@id":"https:\/\/espak.ee\/epood\/toode\/toosokid-stapp-quarter-47-50-2paari-pk\/#primaryimage","url":"https:\/\/espak.ee\/epood\/wp-content\/uploads\/2022\/05\/Stapp-QUARTER-toosokid.jpg","contentUrl":"https:\/\/espak.ee\/epood\/wp-content\/uploads\/2022\/05\/Stapp-QUARTER-toosokid.jpg","width":1024,"height":1024},{"@type":"BreadcrumbList","@id":"https:\/\/espak.ee\/epood\/toode\/toosokid-stapp-quarter-47-50-2paari-pk\/#breadcrumb","itemListElement":[{"@type":"ListItem","position":1,"name":"Home","item":"https:\/\/espak.ee\/epood\/"},{"@type":"ListItem","position":2,"name":"Tootevalik","item":"https:\/\/espak.ee\/epood\/tootevalik\/"},{"@type":"ListItem","position":3,"name":"T\u00d6\u00d6SOKID STAPP QUARTER 47-50 2PAARI\/PK"}]},{"@type":"WebSite","@id":"https:\/\/espak.ee\/epood\/#website","url":"https:\/\/espak.ee\/epood\/","name":"Espak E-pood","description":"","potentialAction":[{"@type":"SearchAction","target":{"@type":"EntryPoint","urlTemplate":"https:\/\/espak.ee\/epood\/?s={search_term_string}"},"query-input":{"@type":"PropertyValueSpecification","valueRequired":true,"valueName":"search_term_string"}}],"inLanguage":"et"}]}},"_links":{"self":[{"href":"https:\/\/espak.ee\/epood\/wp-json\/wp\/v2\/product\/118526","targetHints":{"allow":["GET"]}}],"collection":[{"href":"https:\/\/espak.ee\/epood\/wp-json\/wp\/v2\/product"}],"about":[{"href":"https:\/\/espak.ee\/epood\/wp-json\/wp\/v2\/types\/product"}],"replies":[{"embeddable":true,"href":"https:\/\/espak.ee\/epood\/wp-json\/wp\/v2\/comments?post=118526"}],"wp:featuredmedia":[{"embeddable":true,"href":"https:\/\/espak.ee\/epood\/wp-json\/wp\/v2\/media\/118721"}],"wp:attachment":[{"href":"https:\/\/espak.ee\/epood\/wp-json\/wp\/v2\/media?parent=118526"}],"wp:term":[{"taxonomy":"product_brand","embeddable":true,"href":"https:\/\/espak.ee\/epood\/wp-json\/wp\/v2\/product_brand?post=118526"},{"taxonomy":"product_cat","embeddable":true,"href":"https:\/\/espak.ee\/epood\/wp-json\/wp\/v2\/product_cat?post=118526"},{"taxonomy":"product_tag","embeddable":true,"href":"https:\/\/espak.ee\/epood\/wp-json\/wp\/v2\/product_tag?post=118526"}],"curies":[{"name":"wp","href":"https:\/\/api.w.org\/{rel}","templated":true}]}}