{"id":118430,"date":"2022-05-11T05:45:43","date_gmt":"2022-05-11T05:45:43","guid":{"rendered":"https:\/\/espak.ee\/epood\/?post_type=product&#038;p=118430"},"modified":"2024-03-23T03:46:46","modified_gmt":"2024-03-23T01:46:46","slug":"auruti-sc3-easyfix-karcher-2","status":"publish","type":"product","link":"https:\/\/espak.ee\/epood\/toode\/auruti-sc3-easyfix-karcher-2\/","title":{"rendered":"AURUTI SC3 EASYFIX, K\u00c4RCHER"},"content":{"rendered":"<div class=\"row\"  id=\"row-921281801\">\n\n\t<div id=\"col-692032929\" class=\"col medium-9 small-12 large-9\"  >\n\t\t\t\t<div class=\"col-inner\"  >\n\t\t\t\n\t\t\t\n<h3>Auruti SC 3 EasyFix K\u00e4rcher<\/h3>\n<p>P\u00f5randaotsakuga EasyFix ja katlakivieemalduss\u00fcsteemiga aurupesur SC 3 EasyFix v\u00f5imaldab katkestusteta puhastust t\u00e4nu pidevalt t\u00e4idetavale veepaagile. Kuum aur on valmis vaid 30 sekundiga.<\/p>\n<div class=\"message-box relative\" style=\"padding-top:15px;padding-bottom:15px;\"><div class=\"message-box-bg-image bg-fill fill\" ><\/div><div class=\"message-box-bg-overlay bg-fill fill\" ><\/div><div class=\"container relative\"><div class=\"inner last-reset\">\n<div class=\"row align-middle align-center\"  id=\"row-610040336\">\n\n\t<div id=\"col-653134332\" class=\"col small-12 large-12\"  >\n\t\t\t\t<div class=\"col-inner text-left\"  >\n\t\t\t\n\t\t\t\n<h4>Omadused<\/h4>\n<div class=\"row\"  id=\"row-1304066195\">\n\n\t<div id=\"col-1941267821\" class=\"col medium-6 small-12 large-6\"  >\n\t\t\t\t<div class=\"col-inner\"  >\n\t\t\t\n\t\t\t\n<p><i class=\"fa fa-check fa-2x\"><\/i> <strong> L\u00fchike soojenemisaeg<\/strong><\/p>\n<p><i class=\"fa fa-check fa-2x\"><\/i> <strong> P\u00f5randapuhastuskomplekt EasyFix, kuhu kuuluvad painduva \u00fchendusega p\u00f5randaotsak ning mugav takjapaelkinnitus p\u00f5randalapi jaoks<\/strong><\/p>\n\t\t<\/div>\n\t\t\t\t\n<style>\n#col-1941267821 > .col-inner {\n  margin: 0px 0px 15px 0px;\n}\n<\/style>\n\t<\/div>\n\n\t\n\n\t<div id=\"col-2123468525\" class=\"col medium-6 small-12 large-6\"  >\n\t\t\t\t<div class=\"col-inner\"  >\n\t\t\t\n\t\t\t\n<p><i class=\"fa fa-check fa-2x\"><\/i> <strong> Katkestusteta aur ja integreeritud katlakivieemalduskassett<\/strong><\/p>\n\t\t<\/div>\n\t\t\t\t\n<style>\n#col-2123468525 > .col-inner {\n  margin: 0px 0px 15px 0px;\n}\n<\/style>\n\t<\/div>\n\n\t\n<\/div>\n\t\t<\/div>\n\t\t\t\t\t<\/div>\n\n\t\n<\/div>\n<\/div><\/div><\/div>\n\t<div id=\"gap-829737896\" class=\"gap-element clearfix\" style=\"display:block; height:auto;\">\n\t\t\n<style>\n#gap-829737896 {\n  padding-top: 30px;\n}\n<\/style>\n\t<\/div>\n\t\n<p>SC 3 EasyFix on kahtlemata k\u00f5ige kiirem aurupesur: see on kasutusvalmis p\u00e4rast k\u00f5igest 30 sek soojenemist!<br \/>\n Pidevalt t\u00e4idetav veepaak tagab katkestusteta puhastuse. Autonoomselt kasutatav katlakivieemalduskassett puhastab vee, pikendades nii seadme kasutusiga. Aurupesur SC 3 EasyFix puhastab kemikaalideta ning seda saab kasutada k\u00f5ikjal kodumajapidamises k\u00f5igi k\u00f5vade pindade puhastamiseks. P\u00f5hjalik puhastus K\u00e4rcheri aurupesuriga eemaldab 99,999% koroonaviirustest* 99,99% k\u00f5igist tavap\u00e4rastest kodumajapidamiste k\u00f5vadel pindadel leiduvatest bakteritest**.<br \/>\n Erinevaid lisatarvikuid saab kasutada keraamiliste plaatide, pliidiraudade, pliidikubude ja ka v\u00e4ikeste pragude h\u00fcgieeniliseks puhastamiseks \u2013 ka k\u00f5ige t\u00f5rksama mustuse eemaldamiseks. Painduva \u00fchendusega p\u00f5randaotsak EasyFix muudab seadme ergonoomiliseks ning tagab t\u00e4nu lamelltehnoloogiale t\u00e4iusliku puhtuse. T\u00e4nu mugavale takjapaelkinnitusele saab mikrokiudlappi kiiresti ja lihtsasti p\u00f5randaotsaku k\u00fclge kinnitada ja sealt j\u00e4lle eemaldada, ilma mustusega kokku puutumata. 2-astmelise aurujoa reguleerimisv\u00f5imalusega saab aurujoa intensiivsust kohandada vastavalt puhastatavale pinnale ja mustusele. Seadmel on ka lisatarvikute hoidik ja parkimisasend p\u00f5randaotsakule.<\/p>\n\t\t<\/div>\n\t\t\t\t\t<\/div>\n\n\t\n\n\t<div id=\"col-607056137\" class=\"col medium-3 small-12 large-3\"  >\n\t\t\t\t<div class=\"col-inner\"  >\n\t\t\t\n\t\t\t\n<h3>Toote informatsioon<\/h3>\n<p><a href=\"https:\/\/espak.ee\/epood\/wp-content\/uploads\/2022\/03\/1.513-110.0_PI_et_EE.pdf\"target=\"_blank\" rel=\"noopener noreferrer\"><i class=\"far fa-file-pdf\"><\/i> Toote info (PDF)<\/a><\/p>\n<h3>Kasutusjuhend<\/h3>\n<p><a href=\"https:\/\/espak.ee\/epood\/wp-content\/uploads\/2022\/03\/BTA-5544676-000-05.pdf\"target=\"_blank\" rel=\"noopener noreferrer\"><i class=\"far fa-file-pdf\"><\/i> Kasutusjuhend (PDF)<\/a><\/p>\n<div class=\"is-divider divider clearfix\" ><\/div>\n<p><strong>\u00dcksikasjalikuma n\u00f5u saamiseks v\u00f5tke \u00fchendust:<br \/><\/strong>Espak AS<br \/>Viadukti 42<br \/>11313<br \/>Tallinn<br \/>+372 6 512333<\/p>\n\t\t<\/div>\n\t\t\t\t\t<\/div>\n\n\t\n<\/div>\n","protected":false},"excerpt":{"rendered":"","protected":false},"featured_media":121123,"comment_status":"closed","ping_status":"closed","template":"","meta":[],"product_brand":[],"product_cat":[4403,2680,2785,2679],"product_tag":[],"class_list":{"0":"post-118430","1":"product","2":"type-product","3":"status-publish","4":"has-post-thumbnail","6":"product_cat-aurupesurid","7":"product_cat-elektritooriistad","8":"product_cat-koristusseadmed","9":"product_cat-tooriistad","10":"pa_kaubamark-karcher","12":"first","13":"outofstock","14":"sale","15":"taxable","16":"shipping-taxable","17":"purchasable","18":"product-type-simple"},"yoast_head":"<!-- This site is optimized with the Yoast SEO plugin v26.9 - https:\/\/yoast.com\/product\/yoast-seo-wordpress\/ -->\n<title>AURUTI SC3 EASYFIX, K\u00c4RCHER - Espak E-pood<\/title>\n<meta name=\"robots\" content=\"index, follow, max-snippet:-1, max-image-preview:large, max-video-preview:-1\" \/>\n<link rel=\"canonical\" href=\"https:\/\/espak.ee\/epood\/toode\/auruti-sc3-easyfix-karcher-2\/\" \/>\n<meta property=\"og:locale\" content=\"et_EE\" \/>\n<meta property=\"og:type\" content=\"article\" \/>\n<meta property=\"og:title\" content=\"AURUTI SC3 EASYFIX, K\u00c4RCHER - Espak E-pood\" \/>\n<meta property=\"og:url\" content=\"https:\/\/espak.ee\/epood\/toode\/auruti-sc3-easyfix-karcher-2\/\" \/>\n<meta property=\"og:site_name\" content=\"Espak E-pood\" \/>\n<meta property=\"article:modified_time\" content=\"2024-03-23T01:46:46+00:00\" \/>\n<meta property=\"og:image\" content=\"https:\/\/espak.ee\/epood\/wp-content\/uploads\/2022\/05\/d2-3.jpg\" \/>\n\t<meta property=\"og:image:width\" content=\"800\" \/>\n\t<meta property=\"og:image:height\" content=\"800\" \/>\n\t<meta property=\"og:image:type\" content=\"image\/jpeg\" \/>\n<meta name=\"twitter:card\" content=\"summary_large_image\" \/>\n<meta name=\"twitter:label1\" content=\"Est. reading time\" \/>\n\t<meta name=\"twitter:data1\" content=\"1 minut\" \/>\n<script type=\"application\/ld+json\" class=\"yoast-schema-graph\">{\"@context\":\"https:\/\/schema.org\",\"@graph\":[{\"@type\":\"WebPage\",\"@id\":\"https:\/\/espak.ee\/epood\/toode\/auruti-sc3-easyfix-karcher-2\/\",\"url\":\"https:\/\/espak.ee\/epood\/toode\/auruti-sc3-easyfix-karcher-2\/\",\"name\":\"AURUTI SC3 EASYFIX, K\u00c4RCHER - Espak E-pood\",\"isPartOf\":{\"@id\":\"https:\/\/espak.ee\/epood\/#website\"},\"primaryImageOfPage\":{\"@id\":\"https:\/\/espak.ee\/epood\/toode\/auruti-sc3-easyfix-karcher-2\/#primaryimage\"},\"image\":{\"@id\":\"https:\/\/espak.ee\/epood\/toode\/auruti-sc3-easyfix-karcher-2\/#primaryimage\"},\"thumbnailUrl\":\"https:\/\/espak.ee\/epood\/wp-content\/uploads\/2022\/05\/d2-3.jpg\",\"datePublished\":\"2022-05-11T05:45:43+00:00\",\"dateModified\":\"2024-03-23T01:46:46+00:00\",\"breadcrumb\":{\"@id\":\"https:\/\/espak.ee\/epood\/toode\/auruti-sc3-easyfix-karcher-2\/#breadcrumb\"},\"inLanguage\":\"et\",\"potentialAction\":[{\"@type\":\"ReadAction\",\"target\":[\"https:\/\/espak.ee\/epood\/toode\/auruti-sc3-easyfix-karcher-2\/\"]}]},{\"@type\":\"ImageObject\",\"inLanguage\":\"et\",\"@id\":\"https:\/\/espak.ee\/epood\/toode\/auruti-sc3-easyfix-karcher-2\/#primaryimage\",\"url\":\"https:\/\/espak.ee\/epood\/wp-content\/uploads\/2022\/05\/d2-3.jpg\",\"contentUrl\":\"https:\/\/espak.ee\/epood\/wp-content\/uploads\/2022\/05\/d2-3.jpg\",\"width\":800,\"height\":800},{\"@type\":\"BreadcrumbList\",\"@id\":\"https:\/\/espak.ee\/epood\/toode\/auruti-sc3-easyfix-karcher-2\/#breadcrumb\",\"itemListElement\":[{\"@type\":\"ListItem\",\"position\":1,\"name\":\"Home\",\"item\":\"https:\/\/espak.ee\/epood\/\"},{\"@type\":\"ListItem\",\"position\":2,\"name\":\"Tootevalik\",\"item\":\"https:\/\/espak.ee\/epood\/tootevalik\/\"},{\"@type\":\"ListItem\",\"position\":3,\"name\":\"AURUTI SC3 EASYFIX, K\u00c4RCHER\"}]},{\"@type\":\"WebSite\",\"@id\":\"https:\/\/espak.ee\/epood\/#website\",\"url\":\"https:\/\/espak.ee\/epood\/\",\"name\":\"Espak E-pood\",\"description\":\"\",\"potentialAction\":[{\"@type\":\"SearchAction\",\"target\":{\"@type\":\"EntryPoint\",\"urlTemplate\":\"https:\/\/espak.ee\/epood\/?s={search_term_string}\"},\"query-input\":{\"@type\":\"PropertyValueSpecification\",\"valueRequired\":true,\"valueName\":\"search_term_string\"}}],\"inLanguage\":\"et\"}]}<\/script>\n<!-- \/ Yoast SEO plugin. -->","yoast_head_json":{"title":"AURUTI SC3 EASYFIX, K\u00c4RCHER - Espak E-pood","robots":{"index":"index","follow":"follow","max-snippet":"max-snippet:-1","max-image-preview":"max-image-preview:large","max-video-preview":"max-video-preview:-1"},"canonical":"https:\/\/espak.ee\/epood\/toode\/auruti-sc3-easyfix-karcher-2\/","og_locale":"et_EE","og_type":"article","og_title":"AURUTI SC3 EASYFIX, K\u00c4RCHER - Espak E-pood","og_url":"https:\/\/espak.ee\/epood\/toode\/auruti-sc3-easyfix-karcher-2\/","og_site_name":"Espak E-pood","article_modified_time":"2024-03-23T01:46:46+00:00","og_image":[{"width":800,"height":800,"url":"https:\/\/espak.ee\/epood\/wp-content\/uploads\/2022\/05\/d2-3.jpg","type":"image\/jpeg"}],"twitter_card":"summary_large_image","twitter_misc":{"Est. reading time":"1 minut"},"schema":{"@context":"https:\/\/schema.org","@graph":[{"@type":"WebPage","@id":"https:\/\/espak.ee\/epood\/toode\/auruti-sc3-easyfix-karcher-2\/","url":"https:\/\/espak.ee\/epood\/toode\/auruti-sc3-easyfix-karcher-2\/","name":"AURUTI SC3 EASYFIX, K\u00c4RCHER - Espak E-pood","isPartOf":{"@id":"https:\/\/espak.ee\/epood\/#website"},"primaryImageOfPage":{"@id":"https:\/\/espak.ee\/epood\/toode\/auruti-sc3-easyfix-karcher-2\/#primaryimage"},"image":{"@id":"https:\/\/espak.ee\/epood\/toode\/auruti-sc3-easyfix-karcher-2\/#primaryimage"},"thumbnailUrl":"https:\/\/espak.ee\/epood\/wp-content\/uploads\/2022\/05\/d2-3.jpg","datePublished":"2022-05-11T05:45:43+00:00","dateModified":"2024-03-23T01:46:46+00:00","breadcrumb":{"@id":"https:\/\/espak.ee\/epood\/toode\/auruti-sc3-easyfix-karcher-2\/#breadcrumb"},"inLanguage":"et","potentialAction":[{"@type":"ReadAction","target":["https:\/\/espak.ee\/epood\/toode\/auruti-sc3-easyfix-karcher-2\/"]}]},{"@type":"ImageObject","inLanguage":"et","@id":"https:\/\/espak.ee\/epood\/toode\/auruti-sc3-easyfix-karcher-2\/#primaryimage","url":"https:\/\/espak.ee\/epood\/wp-content\/uploads\/2022\/05\/d2-3.jpg","contentUrl":"https:\/\/espak.ee\/epood\/wp-content\/uploads\/2022\/05\/d2-3.jpg","width":800,"height":800},{"@type":"BreadcrumbList","@id":"https:\/\/espak.ee\/epood\/toode\/auruti-sc3-easyfix-karcher-2\/#breadcrumb","itemListElement":[{"@type":"ListItem","position":1,"name":"Home","item":"https:\/\/espak.ee\/epood\/"},{"@type":"ListItem","position":2,"name":"Tootevalik","item":"https:\/\/espak.ee\/epood\/tootevalik\/"},{"@type":"ListItem","position":3,"name":"AURUTI SC3 EASYFIX, K\u00c4RCHER"}]},{"@type":"WebSite","@id":"https:\/\/espak.ee\/epood\/#website","url":"https:\/\/espak.ee\/epood\/","name":"Espak E-pood","description":"","potentialAction":[{"@type":"SearchAction","target":{"@type":"EntryPoint","urlTemplate":"https:\/\/espak.ee\/epood\/?s={search_term_string}"},"query-input":{"@type":"PropertyValueSpecification","valueRequired":true,"valueName":"search_term_string"}}],"inLanguage":"et"}]}},"_links":{"self":[{"href":"https:\/\/espak.ee\/epood\/wp-json\/wp\/v2\/product\/118430","targetHints":{"allow":["GET"]}}],"collection":[{"href":"https:\/\/espak.ee\/epood\/wp-json\/wp\/v2\/product"}],"about":[{"href":"https:\/\/espak.ee\/epood\/wp-json\/wp\/v2\/types\/product"}],"replies":[{"embeddable":true,"href":"https:\/\/espak.ee\/epood\/wp-json\/wp\/v2\/comments?post=118430"}],"wp:featuredmedia":[{"embeddable":true,"href":"https:\/\/espak.ee\/epood\/wp-json\/wp\/v2\/media\/121123"}],"wp:attachment":[{"href":"https:\/\/espak.ee\/epood\/wp-json\/wp\/v2\/media?parent=118430"}],"wp:term":[{"taxonomy":"product_brand","embeddable":true,"href":"https:\/\/espak.ee\/epood\/wp-json\/wp\/v2\/product_brand?post=118430"},{"taxonomy":"product_cat","embeddable":true,"href":"https:\/\/espak.ee\/epood\/wp-json\/wp\/v2\/product_cat?post=118430"},{"taxonomy":"product_tag","embeddable":true,"href":"https:\/\/espak.ee\/epood\/wp-json\/wp\/v2\/product_tag?post=118430"}],"curies":[{"name":"wp","href":"https:\/\/api.w.org\/{rel}","templated":true}]}}