{"id":117838,"date":"2022-05-05T05:16:16","date_gmt":"2022-05-05T05:16:16","guid":{"rendered":"https:\/\/espak.ee\/epood\/?post_type=product&#038;p=117838"},"modified":"2024-03-23T03:48:24","modified_gmt":"2024-03-23T01:48:24","slug":"meditsiiniline-kaitsemask-must-50tk","status":"publish","type":"product","link":"https:\/\/espak.ee\/epood\/toode\/meditsiiniline-kaitsemask-must-50tk\/","title":{"rendered":"MEDITSIINILINE KAITSEMASK MUST 50TK"},"content":{"rendered":"<div class=\"row\"  id=\"row-750344589\">\n\n\t<div id=\"col-1336552743\" class=\"col medium-9 small-12 large-9\"  >\n\t\t\t\t<div class=\"col-inner\"  >\n\t\t\t\n\t\t\t\n<h2>Meditsiiniline kaitsemask must 50tk\/pk<\/h2>\n<p>Meditsiiniline kaitsemask, t\u00fc\u00fcp IIR, 50 tk. Kolmekihiline meditsiiniline n\u00e4omask on valmistatud mittekoelisest materjalist. Elastsete kummiaasadega ja ninapealistraadiga.<\/p>\n<p>Maski soovitatav maksimaalne kandmisaeg on kuni 4 tundi. Kaitsemaski ei tohi kasutada korduvalt. Hoida kuivas, toatemperatuuriga ruumis, kaitstuna otsese p\u00e4ikesevalguse eest. Vastab EN 14683 meditsiinilise maski \u00fcldstandardile.<\/p>\n<p>Meditsiinilise kaitsemaski eesm\u00e4rk on p\u00fc\u00fcda kinni v\u00f5imalikult palju maskikandja s\u00fcljepiisakesi, mis v\u00f5ivad viirusi ja baktereid teistele edasi kanda. Ilma maskita v\u00f5ivad osakesed k\u00f6himisel ja aevastamisel levida mitme meetri kaugusele, n\u00e4omask v\u00e4hendab seda ohtu. N\u00e4omaski eesm\u00e4rk pole kaitsta kandjat \u00f5hus levivate bakterite v\u00f5i viiruseosakeste sissehingamise eest. NB! Meditsiiniline kaitsemask ei ole isikukaitsevahend ega kaitse kandjat tolmu ega muude kahjulike ainete sisse hingamise eest!<\/p>\n<p><strong>Kasutusjuhend:<\/strong><\/p>\n<p>\u2013 Enne maski puudutamist puhastage k\u00e4ed \u2013 peske k\u00e4ed vee ja seebiga v\u00f5i kasutage alkoholip\u00f5hist k\u00e4te desinfitseerimisvahendit.<\/p>\n<p>\u2013 Asetage mask n\u00e4ole kattes nina ja suu. Pigistage maski metallribaga j\u00e4ik serv nii, et see vormub \u00fcmber teie nina. Veenduge, et mask kataks nina, suu ja l\u00f5ua.<\/p>\n<p>\u2013 Juhul, kui kannate prille, asetage need maski peale.<\/p>\n<p>\u2013 P\u00e4rast kasutamist eemaldage mask.<\/p>\n<p>\u2013 Visake mask kohe p\u00e4rast kasutamist \u00e4ra.<\/p>\n<p>\u2013 P\u00e4rast maski puudutamist v\u00f5i selle eest v\u00f5tmist puhastage uuesti k\u00e4ed.\n<\/p>\n\t\t<\/div>\n\t\t\t\t\t<\/div>\n\n\t\n\n\t<div id=\"col-678271470\" class=\"col medium-3 small-12 large-3\"  >\n\t\t\t\t<div class=\"col-inner\"  >\n\t\t\t\n\t\t\t\n\t<div id=\"gap-358398217\" class=\"gap-element clearfix\" style=\"display:block; height:auto;\">\n\t\t\n<style>\n#gap-358398217 {\n  padding-top: 30px;\n}\n<\/style>\n\t<\/div>\n\t\n<div class=\"is-divider divider clearfix\" ><\/div>\n<p><strong>\u00dcksikasjalikuma n\u00f5u saamiseks v\u00f5tke \u00fchendust:<br \/><\/strong>BECKY AS<br \/>Laki 30A\/ Kadaka tee 129<br \/>12915<br \/>Tallinn<br \/>+372 670 6880<\/p>\n<div class=\"is-divider divider clearfix\" ><\/div>\n\t\t<\/div>\n\t\t\t\t\t<\/div>\n\n\t\n<\/div>\n","protected":false},"excerpt":{"rendered":"","protected":false},"featured_media":118315,"comment_status":"closed","ping_status":"closed","template":"","meta":[],"product_brand":[],"product_cat":[2788,2973,3026,2972],"product_tag":[],"class_list":{"0":"post-117838","1":"product","2":"type-product","3":"status-publish","4":"has-post-thumbnail","6":"product_cat-aiatarbed-ja-kodukaubad","7":"product_cat-isikukaitsevahendid","8":"product_cat-naokaitsed","9":"product_cat-tookaitsevahendid","10":"pa_kaubamark-becky-as","12":"first","13":"outofstock","14":"sale","15":"taxable","16":"shipping-taxable","17":"purchasable","18":"product-type-simple"},"yoast_head":"<!-- This site is optimized with the Yoast SEO plugin v26.9 - https:\/\/yoast.com\/product\/yoast-seo-wordpress\/ -->\n<title>MEDITSIINILINE KAITSEMASK MUST 50TK - Espak E-pood<\/title>\n<meta name=\"robots\" content=\"index, follow, max-snippet:-1, max-image-preview:large, max-video-preview:-1\" \/>\n<link rel=\"canonical\" href=\"https:\/\/espak.ee\/epood\/toode\/meditsiiniline-kaitsemask-must-50tk\/\" \/>\n<meta property=\"og:locale\" content=\"et_EE\" \/>\n<meta property=\"og:type\" content=\"article\" \/>\n<meta property=\"og:title\" content=\"MEDITSIINILINE KAITSEMASK MUST 50TK - Espak E-pood\" \/>\n<meta property=\"og:url\" content=\"https:\/\/espak.ee\/epood\/toode\/meditsiiniline-kaitsemask-must-50tk\/\" \/>\n<meta property=\"og:site_name\" content=\"Espak E-pood\" \/>\n<meta property=\"article:modified_time\" content=\"2024-03-23T01:48:24+00:00\" \/>\n<meta property=\"og:image\" content=\"https:\/\/espak.ee\/epood\/wp-content\/uploads\/2022\/05\/facemask-black-must-meditsiiniline-mask.jpg\" \/>\n\t<meta property=\"og:image:width\" content=\"800\" \/>\n\t<meta property=\"og:image:height\" content=\"800\" \/>\n\t<meta property=\"og:image:type\" content=\"image\/jpeg\" \/>\n<meta name=\"twitter:card\" content=\"summary_large_image\" \/>\n<meta name=\"twitter:label1\" content=\"Est. reading time\" \/>\n\t<meta name=\"twitter:data1\" content=\"1 minut\" \/>\n<script type=\"application\/ld+json\" class=\"yoast-schema-graph\">{\"@context\":\"https:\/\/schema.org\",\"@graph\":[{\"@type\":\"WebPage\",\"@id\":\"https:\/\/espak.ee\/epood\/toode\/meditsiiniline-kaitsemask-must-50tk\/\",\"url\":\"https:\/\/espak.ee\/epood\/toode\/meditsiiniline-kaitsemask-must-50tk\/\",\"name\":\"MEDITSIINILINE KAITSEMASK MUST 50TK - Espak E-pood\",\"isPartOf\":{\"@id\":\"https:\/\/espak.ee\/epood\/#website\"},\"primaryImageOfPage\":{\"@id\":\"https:\/\/espak.ee\/epood\/toode\/meditsiiniline-kaitsemask-must-50tk\/#primaryimage\"},\"image\":{\"@id\":\"https:\/\/espak.ee\/epood\/toode\/meditsiiniline-kaitsemask-must-50tk\/#primaryimage\"},\"thumbnailUrl\":\"https:\/\/espak.ee\/epood\/wp-content\/uploads\/2022\/05\/facemask-black-must-meditsiiniline-mask.jpg\",\"datePublished\":\"2022-05-05T05:16:16+00:00\",\"dateModified\":\"2024-03-23T01:48:24+00:00\",\"breadcrumb\":{\"@id\":\"https:\/\/espak.ee\/epood\/toode\/meditsiiniline-kaitsemask-must-50tk\/#breadcrumb\"},\"inLanguage\":\"et\",\"potentialAction\":[{\"@type\":\"ReadAction\",\"target\":[\"https:\/\/espak.ee\/epood\/toode\/meditsiiniline-kaitsemask-must-50tk\/\"]}]},{\"@type\":\"ImageObject\",\"inLanguage\":\"et\",\"@id\":\"https:\/\/espak.ee\/epood\/toode\/meditsiiniline-kaitsemask-must-50tk\/#primaryimage\",\"url\":\"https:\/\/espak.ee\/epood\/wp-content\/uploads\/2022\/05\/facemask-black-must-meditsiiniline-mask.jpg\",\"contentUrl\":\"https:\/\/espak.ee\/epood\/wp-content\/uploads\/2022\/05\/facemask-black-must-meditsiiniline-mask.jpg\",\"width\":800,\"height\":800},{\"@type\":\"BreadcrumbList\",\"@id\":\"https:\/\/espak.ee\/epood\/toode\/meditsiiniline-kaitsemask-must-50tk\/#breadcrumb\",\"itemListElement\":[{\"@type\":\"ListItem\",\"position\":1,\"name\":\"Home\",\"item\":\"https:\/\/espak.ee\/epood\/\"},{\"@type\":\"ListItem\",\"position\":2,\"name\":\"Tootevalik\",\"item\":\"https:\/\/espak.ee\/epood\/tootevalik\/\"},{\"@type\":\"ListItem\",\"position\":3,\"name\":\"MEDITSIINILINE KAITSEMASK MUST 50TK\"}]},{\"@type\":\"WebSite\",\"@id\":\"https:\/\/espak.ee\/epood\/#website\",\"url\":\"https:\/\/espak.ee\/epood\/\",\"name\":\"Espak E-pood\",\"description\":\"\",\"potentialAction\":[{\"@type\":\"SearchAction\",\"target\":{\"@type\":\"EntryPoint\",\"urlTemplate\":\"https:\/\/espak.ee\/epood\/?s={search_term_string}\"},\"query-input\":{\"@type\":\"PropertyValueSpecification\",\"valueRequired\":true,\"valueName\":\"search_term_string\"}}],\"inLanguage\":\"et\"}]}<\/script>\n<!-- \/ Yoast SEO plugin. -->","yoast_head_json":{"title":"MEDITSIINILINE KAITSEMASK MUST 50TK - Espak E-pood","robots":{"index":"index","follow":"follow","max-snippet":"max-snippet:-1","max-image-preview":"max-image-preview:large","max-video-preview":"max-video-preview:-1"},"canonical":"https:\/\/espak.ee\/epood\/toode\/meditsiiniline-kaitsemask-must-50tk\/","og_locale":"et_EE","og_type":"article","og_title":"MEDITSIINILINE KAITSEMASK MUST 50TK - Espak E-pood","og_url":"https:\/\/espak.ee\/epood\/toode\/meditsiiniline-kaitsemask-must-50tk\/","og_site_name":"Espak E-pood","article_modified_time":"2024-03-23T01:48:24+00:00","og_image":[{"width":800,"height":800,"url":"https:\/\/espak.ee\/epood\/wp-content\/uploads\/2022\/05\/facemask-black-must-meditsiiniline-mask.jpg","type":"image\/jpeg"}],"twitter_card":"summary_large_image","twitter_misc":{"Est. reading time":"1 minut"},"schema":{"@context":"https:\/\/schema.org","@graph":[{"@type":"WebPage","@id":"https:\/\/espak.ee\/epood\/toode\/meditsiiniline-kaitsemask-must-50tk\/","url":"https:\/\/espak.ee\/epood\/toode\/meditsiiniline-kaitsemask-must-50tk\/","name":"MEDITSIINILINE KAITSEMASK MUST 50TK - Espak E-pood","isPartOf":{"@id":"https:\/\/espak.ee\/epood\/#website"},"primaryImageOfPage":{"@id":"https:\/\/espak.ee\/epood\/toode\/meditsiiniline-kaitsemask-must-50tk\/#primaryimage"},"image":{"@id":"https:\/\/espak.ee\/epood\/toode\/meditsiiniline-kaitsemask-must-50tk\/#primaryimage"},"thumbnailUrl":"https:\/\/espak.ee\/epood\/wp-content\/uploads\/2022\/05\/facemask-black-must-meditsiiniline-mask.jpg","datePublished":"2022-05-05T05:16:16+00:00","dateModified":"2024-03-23T01:48:24+00:00","breadcrumb":{"@id":"https:\/\/espak.ee\/epood\/toode\/meditsiiniline-kaitsemask-must-50tk\/#breadcrumb"},"inLanguage":"et","potentialAction":[{"@type":"ReadAction","target":["https:\/\/espak.ee\/epood\/toode\/meditsiiniline-kaitsemask-must-50tk\/"]}]},{"@type":"ImageObject","inLanguage":"et","@id":"https:\/\/espak.ee\/epood\/toode\/meditsiiniline-kaitsemask-must-50tk\/#primaryimage","url":"https:\/\/espak.ee\/epood\/wp-content\/uploads\/2022\/05\/facemask-black-must-meditsiiniline-mask.jpg","contentUrl":"https:\/\/espak.ee\/epood\/wp-content\/uploads\/2022\/05\/facemask-black-must-meditsiiniline-mask.jpg","width":800,"height":800},{"@type":"BreadcrumbList","@id":"https:\/\/espak.ee\/epood\/toode\/meditsiiniline-kaitsemask-must-50tk\/#breadcrumb","itemListElement":[{"@type":"ListItem","position":1,"name":"Home","item":"https:\/\/espak.ee\/epood\/"},{"@type":"ListItem","position":2,"name":"Tootevalik","item":"https:\/\/espak.ee\/epood\/tootevalik\/"},{"@type":"ListItem","position":3,"name":"MEDITSIINILINE KAITSEMASK MUST 50TK"}]},{"@type":"WebSite","@id":"https:\/\/espak.ee\/epood\/#website","url":"https:\/\/espak.ee\/epood\/","name":"Espak E-pood","description":"","potentialAction":[{"@type":"SearchAction","target":{"@type":"EntryPoint","urlTemplate":"https:\/\/espak.ee\/epood\/?s={search_term_string}"},"query-input":{"@type":"PropertyValueSpecification","valueRequired":true,"valueName":"search_term_string"}}],"inLanguage":"et"}]}},"_links":{"self":[{"href":"https:\/\/espak.ee\/epood\/wp-json\/wp\/v2\/product\/117838","targetHints":{"allow":["GET"]}}],"collection":[{"href":"https:\/\/espak.ee\/epood\/wp-json\/wp\/v2\/product"}],"about":[{"href":"https:\/\/espak.ee\/epood\/wp-json\/wp\/v2\/types\/product"}],"replies":[{"embeddable":true,"href":"https:\/\/espak.ee\/epood\/wp-json\/wp\/v2\/comments?post=117838"}],"wp:featuredmedia":[{"embeddable":true,"href":"https:\/\/espak.ee\/epood\/wp-json\/wp\/v2\/media\/118315"}],"wp:attachment":[{"href":"https:\/\/espak.ee\/epood\/wp-json\/wp\/v2\/media?parent=117838"}],"wp:term":[{"taxonomy":"product_brand","embeddable":true,"href":"https:\/\/espak.ee\/epood\/wp-json\/wp\/v2\/product_brand?post=117838"},{"taxonomy":"product_cat","embeddable":true,"href":"https:\/\/espak.ee\/epood\/wp-json\/wp\/v2\/product_cat?post=117838"},{"taxonomy":"product_tag","embeddable":true,"href":"https:\/\/espak.ee\/epood\/wp-json\/wp\/v2\/product_tag?post=117838"}],"curies":[{"name":"wp","href":"https:\/\/api.w.org\/{rel}","templated":true}]}}