{"id":117811,"date":"2022-05-05T00:34:45","date_gmt":"2022-05-05T00:34:45","guid":{"rendered":"https:\/\/espak.ee\/epood\/?post_type=product&#038;p=117811"},"modified":"2024-03-23T03:49:19","modified_gmt":"2024-03-23T01:49:19","slug":"voodriga-kummikud-dunlop-blizzard-nr42","status":"publish","type":"product","link":"https:\/\/espak.ee\/epood\/toode\/voodriga-kummikud-dunlop-blizzard-nr42\/","title":{"rendered":"VOODRIGA KUMMIKUD DUNLOP BLIZZARD NR42"},"content":{"rendered":"<div class=\"row\"  id=\"row-738639601\">\n\n\t<div id=\"col-1347544151\" class=\"col medium-9 small-12 large-9\"  >\n\t\t\t\t<div class=\"col-inner\"  >\n\t\t\t\n\t\t\t\n<h2>Voodriga kummikud Dunlop Blizzard NR42<\/h2>\n<p>DUNLOP BLIZZARD voodriga kummikud sobivad talvistesse oludesse. Veekindlatel saabastel on s\u00e4\u00e4reosa paelaga pingutatav, et v\u00e4ltida vee ja lume kummikusse sattumist. V\u00e4listalla muster tagab hea pidavuse ka libedates oludes. Kummiku vahetald on p\u00f5rutusi neelav. Kummikutel on unikaalse molekulaarse struktuuriga, mis hoiavad jalad soojas ka -15\u00b0C juures.<\/p>\n<p>Mugava ja pehme fliisvoodriga kummikud on ilma turvaelementideta. Keskkonnas\u00f5bralik (raskemetallide vaba) PVC on vastupidav ning ei murene ega rabene nii k\u00fclma kui ka sooja ilmaga. Dunlop kummikud on jalas v\u00e4ga mugavad ning neid on lihtne hooldada.<\/p>\n<p>-V\u00e4lismaterjal \u2013 PVC<br \/>\n-Vooder \u2013 fliis\n<\/p>\n\t\t<\/div>\n\t\t\t\t\t<\/div>\n\n\t\n\n\t<div id=\"col-1328342680\" class=\"col medium-3 small-12 large-3\"  >\n\t\t\t\t<div class=\"col-inner\"  >\n\t\t\t\n\t\t\t\n\t<div id=\"gap-1155007654\" class=\"gap-element clearfix\" style=\"display:block; height:auto;\">\n\t\t\n<style>\n#gap-1155007654 {\n  padding-top: 30px;\n}\n<\/style>\n\t<\/div>\n\t\n<div class=\"is-divider divider clearfix\" ><\/div>\n<p><strong>\u00dcksikasjalikuma n\u00f5u saamiseks v\u00f5tke \u00fchendust:<br \/><\/strong>Becky AS<br \/>Laki 30A \/ Kadaka tee 129<br \/>12915<br \/>Tallinn<br \/>+372 670 6880<\/p>\n<div class=\"is-divider divider clearfix\" ><\/div>\n\t\t<\/div>\n\t\t\t\t\t<\/div>\n\n\t\n<\/div>\n","protected":false},"excerpt":{"rendered":"","protected":false},"featured_media":118348,"comment_status":"closed","ping_status":"closed","template":"","meta":[],"product_brand":[],"product_cat":[2788,3031,3034,2972],"product_tag":[],"class_list":{"0":"post-117811","1":"product","2":"type-product","3":"status-publish","4":"has-post-thumbnail","6":"product_cat-aiatarbed-ja-kodukaubad","7":"product_cat-jalanoud","8":"product_cat-kummikud","9":"product_cat-tookaitsevahendid","10":"pa_kaubamark-becky-as","12":"first","13":"outofstock","14":"sale","15":"taxable","16":"shipping-taxable","17":"purchasable","18":"product-type-simple"},"yoast_head":"<!-- This site is optimized with the Yoast SEO plugin v26.9 - https:\/\/yoast.com\/product\/yoast-seo-wordpress\/ -->\n<title>VOODRIGA KUMMIKUD DUNLOP BLIZZARD NR42 - Espak E-pood<\/title>\n<meta name=\"robots\" content=\"index, follow, max-snippet:-1, max-image-preview:large, max-video-preview:-1\" \/>\n<link rel=\"canonical\" href=\"https:\/\/espak.ee\/epood\/toode\/voodriga-kummikud-dunlop-blizzard-nr42\/\" \/>\n<meta property=\"og:locale\" content=\"et_EE\" \/>\n<meta property=\"og:type\" content=\"article\" \/>\n<meta property=\"og:title\" content=\"VOODRIGA KUMMIKUD DUNLOP BLIZZARD NR42 - Espak E-pood\" \/>\n<meta property=\"og:url\" content=\"https:\/\/espak.ee\/epood\/toode\/voodriga-kummikud-dunlop-blizzard-nr42\/\" \/>\n<meta property=\"og:site_name\" content=\"Espak E-pood\" \/>\n<meta property=\"article:modified_time\" content=\"2024-03-23T01:49:19+00:00\" \/>\n<meta property=\"og:image\" content=\"https:\/\/espak.ee\/epood\/wp-content\/uploads\/2022\/05\/blizzard.jpg\" \/>\n\t<meta property=\"og:image:width\" content=\"380\" \/>\n\t<meta property=\"og:image:height\" content=\"380\" \/>\n\t<meta property=\"og:image:type\" content=\"image\/jpeg\" \/>\n<meta name=\"twitter:card\" content=\"summary_large_image\" \/>\n<meta name=\"twitter:label1\" content=\"Est. reading time\" \/>\n\t<meta name=\"twitter:data1\" content=\"1 minut\" \/>\n<script type=\"application\/ld+json\" class=\"yoast-schema-graph\">{\"@context\":\"https:\/\/schema.org\",\"@graph\":[{\"@type\":\"WebPage\",\"@id\":\"https:\/\/espak.ee\/epood\/toode\/voodriga-kummikud-dunlop-blizzard-nr42\/\",\"url\":\"https:\/\/espak.ee\/epood\/toode\/voodriga-kummikud-dunlop-blizzard-nr42\/\",\"name\":\"VOODRIGA KUMMIKUD DUNLOP BLIZZARD NR42 - Espak E-pood\",\"isPartOf\":{\"@id\":\"https:\/\/espak.ee\/epood\/#website\"},\"primaryImageOfPage\":{\"@id\":\"https:\/\/espak.ee\/epood\/toode\/voodriga-kummikud-dunlop-blizzard-nr42\/#primaryimage\"},\"image\":{\"@id\":\"https:\/\/espak.ee\/epood\/toode\/voodriga-kummikud-dunlop-blizzard-nr42\/#primaryimage\"},\"thumbnailUrl\":\"https:\/\/espak.ee\/epood\/wp-content\/uploads\/2022\/05\/blizzard.jpg\",\"datePublished\":\"2022-05-05T00:34:45+00:00\",\"dateModified\":\"2024-03-23T01:49:19+00:00\",\"breadcrumb\":{\"@id\":\"https:\/\/espak.ee\/epood\/toode\/voodriga-kummikud-dunlop-blizzard-nr42\/#breadcrumb\"},\"inLanguage\":\"et\",\"potentialAction\":[{\"@type\":\"ReadAction\",\"target\":[\"https:\/\/espak.ee\/epood\/toode\/voodriga-kummikud-dunlop-blizzard-nr42\/\"]}]},{\"@type\":\"ImageObject\",\"inLanguage\":\"et\",\"@id\":\"https:\/\/espak.ee\/epood\/toode\/voodriga-kummikud-dunlop-blizzard-nr42\/#primaryimage\",\"url\":\"https:\/\/espak.ee\/epood\/wp-content\/uploads\/2022\/05\/blizzard.jpg\",\"contentUrl\":\"https:\/\/espak.ee\/epood\/wp-content\/uploads\/2022\/05\/blizzard.jpg\",\"width\":380,\"height\":380},{\"@type\":\"BreadcrumbList\",\"@id\":\"https:\/\/espak.ee\/epood\/toode\/voodriga-kummikud-dunlop-blizzard-nr42\/#breadcrumb\",\"itemListElement\":[{\"@type\":\"ListItem\",\"position\":1,\"name\":\"Home\",\"item\":\"https:\/\/espak.ee\/epood\/\"},{\"@type\":\"ListItem\",\"position\":2,\"name\":\"Tootevalik\",\"item\":\"https:\/\/espak.ee\/epood\/tootevalik\/\"},{\"@type\":\"ListItem\",\"position\":3,\"name\":\"VOODRIGA KUMMIKUD DUNLOP BLIZZARD NR42\"}]},{\"@type\":\"WebSite\",\"@id\":\"https:\/\/espak.ee\/epood\/#website\",\"url\":\"https:\/\/espak.ee\/epood\/\",\"name\":\"Espak E-pood\",\"description\":\"\",\"potentialAction\":[{\"@type\":\"SearchAction\",\"target\":{\"@type\":\"EntryPoint\",\"urlTemplate\":\"https:\/\/espak.ee\/epood\/?s={search_term_string}\"},\"query-input\":{\"@type\":\"PropertyValueSpecification\",\"valueRequired\":true,\"valueName\":\"search_term_string\"}}],\"inLanguage\":\"et\"}]}<\/script>\n<!-- \/ Yoast SEO plugin. -->","yoast_head_json":{"title":"VOODRIGA KUMMIKUD DUNLOP BLIZZARD NR42 - Espak E-pood","robots":{"index":"index","follow":"follow","max-snippet":"max-snippet:-1","max-image-preview":"max-image-preview:large","max-video-preview":"max-video-preview:-1"},"canonical":"https:\/\/espak.ee\/epood\/toode\/voodriga-kummikud-dunlop-blizzard-nr42\/","og_locale":"et_EE","og_type":"article","og_title":"VOODRIGA KUMMIKUD DUNLOP BLIZZARD NR42 - Espak E-pood","og_url":"https:\/\/espak.ee\/epood\/toode\/voodriga-kummikud-dunlop-blizzard-nr42\/","og_site_name":"Espak E-pood","article_modified_time":"2024-03-23T01:49:19+00:00","og_image":[{"width":380,"height":380,"url":"https:\/\/espak.ee\/epood\/wp-content\/uploads\/2022\/05\/blizzard.jpg","type":"image\/jpeg"}],"twitter_card":"summary_large_image","twitter_misc":{"Est. reading time":"1 minut"},"schema":{"@context":"https:\/\/schema.org","@graph":[{"@type":"WebPage","@id":"https:\/\/espak.ee\/epood\/toode\/voodriga-kummikud-dunlop-blizzard-nr42\/","url":"https:\/\/espak.ee\/epood\/toode\/voodriga-kummikud-dunlop-blizzard-nr42\/","name":"VOODRIGA KUMMIKUD DUNLOP BLIZZARD NR42 - Espak E-pood","isPartOf":{"@id":"https:\/\/espak.ee\/epood\/#website"},"primaryImageOfPage":{"@id":"https:\/\/espak.ee\/epood\/toode\/voodriga-kummikud-dunlop-blizzard-nr42\/#primaryimage"},"image":{"@id":"https:\/\/espak.ee\/epood\/toode\/voodriga-kummikud-dunlop-blizzard-nr42\/#primaryimage"},"thumbnailUrl":"https:\/\/espak.ee\/epood\/wp-content\/uploads\/2022\/05\/blizzard.jpg","datePublished":"2022-05-05T00:34:45+00:00","dateModified":"2024-03-23T01:49:19+00:00","breadcrumb":{"@id":"https:\/\/espak.ee\/epood\/toode\/voodriga-kummikud-dunlop-blizzard-nr42\/#breadcrumb"},"inLanguage":"et","potentialAction":[{"@type":"ReadAction","target":["https:\/\/espak.ee\/epood\/toode\/voodriga-kummikud-dunlop-blizzard-nr42\/"]}]},{"@type":"ImageObject","inLanguage":"et","@id":"https:\/\/espak.ee\/epood\/toode\/voodriga-kummikud-dunlop-blizzard-nr42\/#primaryimage","url":"https:\/\/espak.ee\/epood\/wp-content\/uploads\/2022\/05\/blizzard.jpg","contentUrl":"https:\/\/espak.ee\/epood\/wp-content\/uploads\/2022\/05\/blizzard.jpg","width":380,"height":380},{"@type":"BreadcrumbList","@id":"https:\/\/espak.ee\/epood\/toode\/voodriga-kummikud-dunlop-blizzard-nr42\/#breadcrumb","itemListElement":[{"@type":"ListItem","position":1,"name":"Home","item":"https:\/\/espak.ee\/epood\/"},{"@type":"ListItem","position":2,"name":"Tootevalik","item":"https:\/\/espak.ee\/epood\/tootevalik\/"},{"@type":"ListItem","position":3,"name":"VOODRIGA KUMMIKUD DUNLOP BLIZZARD NR42"}]},{"@type":"WebSite","@id":"https:\/\/espak.ee\/epood\/#website","url":"https:\/\/espak.ee\/epood\/","name":"Espak E-pood","description":"","potentialAction":[{"@type":"SearchAction","target":{"@type":"EntryPoint","urlTemplate":"https:\/\/espak.ee\/epood\/?s={search_term_string}"},"query-input":{"@type":"PropertyValueSpecification","valueRequired":true,"valueName":"search_term_string"}}],"inLanguage":"et"}]}},"_links":{"self":[{"href":"https:\/\/espak.ee\/epood\/wp-json\/wp\/v2\/product\/117811","targetHints":{"allow":["GET"]}}],"collection":[{"href":"https:\/\/espak.ee\/epood\/wp-json\/wp\/v2\/product"}],"about":[{"href":"https:\/\/espak.ee\/epood\/wp-json\/wp\/v2\/types\/product"}],"replies":[{"embeddable":true,"href":"https:\/\/espak.ee\/epood\/wp-json\/wp\/v2\/comments?post=117811"}],"wp:featuredmedia":[{"embeddable":true,"href":"https:\/\/espak.ee\/epood\/wp-json\/wp\/v2\/media\/118348"}],"wp:attachment":[{"href":"https:\/\/espak.ee\/epood\/wp-json\/wp\/v2\/media?parent=117811"}],"wp:term":[{"taxonomy":"product_brand","embeddable":true,"href":"https:\/\/espak.ee\/epood\/wp-json\/wp\/v2\/product_brand?post=117811"},{"taxonomy":"product_cat","embeddable":true,"href":"https:\/\/espak.ee\/epood\/wp-json\/wp\/v2\/product_cat?post=117811"},{"taxonomy":"product_tag","embeddable":true,"href":"https:\/\/espak.ee\/epood\/wp-json\/wp\/v2\/product_tag?post=117811"}],"curies":[{"name":"wp","href":"https:\/\/api.w.org\/{rel}","templated":true}]}}