{"id":117554,"date":"2022-05-03T22:43:17","date_gmt":"2022-05-03T22:43:17","guid":{"rendered":"https:\/\/espak.ee\/epood\/?post_type=product&#038;p=117554"},"modified":"2024-10-25T13:23:08","modified_gmt":"2024-10-25T10:23:08","slug":"esmaabikomplekt-ettevottele-kuni-25-tootajat","status":"publish","type":"product","link":"https:\/\/espak.ee\/epood\/toode\/esmaabikomplekt-ettevottele-kuni-25-tootajat\/","title":{"rendered":"ESMAABIKOMPLEKT ETTEV\u00d5TTELE, KUNI 25 T\u00d6\u00d6TAJAT"},"content":{"rendered":"<div class=\"row\"  id=\"row-1537008046\">\n\n\t<div id=\"col-103977337\" class=\"col medium-9 small-12 large-9\"  >\n\t\t\t\t<div class=\"col-inner\"  >\n\t\t\t\n\t\t\t\n<h2>Esmaabikomplekt ettev\u00f5ttele, kuni 25 t\u00f6\u00f6tajat<\/h2>\n<p>Esmaabikomplekt ettev\u00f5ttele v\u00f5i osakonnale, milles t\u00f6\u00f6tab kuni 25 inimest (vastab TTOS 2019 soovitustele). 01.01.2019 muutus Esmaabi korralduse seadus, mille alusel peab olema soovituslikule sisule vastav esmaabikomplekt k\u00f5igis ettev\u00f5tetes ja ettev\u00f5tte osakondades, kus t\u00f6\u00f6tab kuni 25 inimest ning kus pole t\u00f6\u00f6koha riskidele tehtud eraldi anal\u00fc\u00fcsi, mis v\u00f5imaldaks soetada vaid spetsiifilisi ja reaalsetest ohtudele vajaminevaid vahendeid (a-la silmaloputus v\u00f5i p\u00f5letusvahendid). Antud esmaabikomplekt vastab nendele n\u00f5uetele.<\/p>\n<p><strong>Esmaabikomplekt ettev\u00f5ttele sisaldab:<\/strong><br \/>\n2 tk \u2013 Steriilne esmaabisideme pakend haavatampooniga<br \/>\n2 tk \u2013 Steriilne haavatampoon 10 x 10 cm<br \/>\n2 tk \u2013 Steriilne haavatampoon 7,5 x 7,5 cm<br \/>\n2 tk \u2013 Rullside 10 cm x 4m<br \/>\n2 tk \u2013 Rullside 15 cm x 4m<br \/>\n24 tk \u2013 Haavaplaastrid (erisuuruses)<br \/>\n5 tk \u2013 Haavapuhastussalvetid<br \/>\n1 tk \u2013 Rullplaaster 2,5 cm lai<br \/>\n4 tk \u2013 \u00dchekordsed vin\u00fc\u00fclkindad, ilma puudrita L-suurus<br \/>\n2 tk \u2013 \u00dchekordsed vin\u00fc\u00fclkindad, ilma puudrita M-suurus<br \/>\n1 tk \u2013 Kolmnurkr\u00e4tik (lausriidest)<br \/>\n1 tk \u2013 Turval\u00f5ikur<br \/>\n1 tk \u2013 Kunstliku hingamise mask<br \/>\n1 tk \u2013 Soojendustekk 210 x 160 cm<br \/>\n5 tk \u2013 Antiseptilised nahapuhastussalvetid<br \/>\n1 tk \u2013 \u00dchekordne k\u00fclmakompress<br \/>\n1 tk \u2013 Esmaabivahendite kasutamise piltjuhend<br \/>\n1 tk \u2013 Esmaabi Andmise juhend (teksti ja piltidega)\n<\/p>\n<p>* Antud komplekt ei sisalda p\u00f5letusvahendit ega silmaloputust, mis on toodud soovituslikus nimekirjas. Kui Teie t\u00f6\u00f6kohal on p\u00f5letusrisk, siis saate soetada p\u00f5letusvahendi eraldi juurde. Silmaloputus tuleb kliendil eraldi juurde soetada vastavalt vajadusele.<\/p>\n\t\t<\/div>\n\t\t\t\t\t<\/div>\n\n\t\n\n\t<div id=\"col-547257008\" class=\"col medium-3 small-12 large-3\"  >\n\t\t\t\t<div class=\"col-inner\"  >\n\t\t\t\n\t\t\t\n\t<div id=\"gap-1653707794\" class=\"gap-element clearfix\" style=\"display:block; height:auto;\">\n\t\t\n<style>\n#gap-1653707794 {\n  padding-top: 30px;\n}\n<\/style>\n\t<\/div>\n\t\n<div class=\"is-divider divider clearfix\" ><\/div>\n<p><strong>\u00dcksikasjalikuma n\u00f5u saamiseks v\u00f5tke \u00fchendust:<br \/><\/strong>BECKY AS<br \/>Laki 30A\/ Kadaka tee 129<br \/>12915<br \/>Tallinn<br \/>+372 670 6880<\/p>\n<div class=\"is-divider divider clearfix\" ><\/div>\n\t\t<\/div>\n\t\t\t\t\t<\/div>\n\n\t\n<\/div>\n","protected":false},"excerpt":{"rendered":"","protected":false},"featured_media":118281,"comment_status":"closed","ping_status":"closed","template":"","meta":[],"product_brand":[],"product_cat":[2788,2973,3036,2972],"product_tag":[],"class_list":{"0":"post-117554","1":"product","2":"type-product","3":"status-publish","4":"has-post-thumbnail","6":"product_cat-aiatarbed-ja-kodukaubad","7":"product_cat-isikukaitsevahendid","8":"product_cat-muud-isikukaitsevahendid","9":"product_cat-tookaitsevahendid","10":"pa_kaubamark-becky-as","12":"first","13":"instock","14":"sale","15":"taxable","16":"shipping-taxable","17":"purchasable","18":"product-type-simple"},"yoast_head":"<!-- This site is optimized with the Yoast SEO plugin v26.9 - https:\/\/yoast.com\/product\/yoast-seo-wordpress\/ -->\n<title>ESMAABIKOMPLEKT ETTEV\u00d5TTELE, KUNI 25 T\u00d6\u00d6TAJAT - Espak E-pood<\/title>\n<meta name=\"robots\" content=\"index, follow, max-snippet:-1, max-image-preview:large, max-video-preview:-1\" \/>\n<link rel=\"canonical\" href=\"https:\/\/espak.ee\/epood\/toode\/esmaabikomplekt-ettevottele-kuni-25-tootajat\/\" \/>\n<meta property=\"og:locale\" content=\"et_EE\" \/>\n<meta property=\"og:type\" content=\"article\" \/>\n<meta property=\"og:title\" content=\"ESMAABIKOMPLEKT ETTEV\u00d5TTELE, KUNI 25 T\u00d6\u00d6TAJAT - Espak E-pood\" \/>\n<meta property=\"og:url\" content=\"https:\/\/espak.ee\/epood\/toode\/esmaabikomplekt-ettevottele-kuni-25-tootajat\/\" \/>\n<meta property=\"og:site_name\" content=\"Espak E-pood\" \/>\n<meta property=\"article:modified_time\" content=\"2024-10-25T10:23:08+00:00\" \/>\n<meta property=\"og:image\" content=\"https:\/\/espak.ee\/epood\/wp-content\/uploads\/2022\/05\/60025K-2021.jpg\" \/>\n\t<meta property=\"og:image:width\" content=\"1000\" \/>\n\t<meta property=\"og:image:height\" content=\"1000\" \/>\n\t<meta property=\"og:image:type\" content=\"image\/jpeg\" \/>\n<meta name=\"twitter:card\" content=\"summary_large_image\" \/>\n<meta name=\"twitter:label1\" content=\"Est. reading time\" \/>\n\t<meta name=\"twitter:data1\" content=\"1 minut\" \/>\n<script type=\"application\/ld+json\" class=\"yoast-schema-graph\">{\"@context\":\"https:\/\/schema.org\",\"@graph\":[{\"@type\":\"WebPage\",\"@id\":\"https:\/\/espak.ee\/epood\/toode\/esmaabikomplekt-ettevottele-kuni-25-tootajat\/\",\"url\":\"https:\/\/espak.ee\/epood\/toode\/esmaabikomplekt-ettevottele-kuni-25-tootajat\/\",\"name\":\"ESMAABIKOMPLEKT ETTEV\u00d5TTELE, KUNI 25 T\u00d6\u00d6TAJAT - Espak E-pood\",\"isPartOf\":{\"@id\":\"https:\/\/espak.ee\/epood\/#website\"},\"primaryImageOfPage\":{\"@id\":\"https:\/\/espak.ee\/epood\/toode\/esmaabikomplekt-ettevottele-kuni-25-tootajat\/#primaryimage\"},\"image\":{\"@id\":\"https:\/\/espak.ee\/epood\/toode\/esmaabikomplekt-ettevottele-kuni-25-tootajat\/#primaryimage\"},\"thumbnailUrl\":\"https:\/\/espak.ee\/epood\/wp-content\/uploads\/2022\/05\/60025K-2021.jpg\",\"datePublished\":\"2022-05-03T22:43:17+00:00\",\"dateModified\":\"2024-10-25T10:23:08+00:00\",\"breadcrumb\":{\"@id\":\"https:\/\/espak.ee\/epood\/toode\/esmaabikomplekt-ettevottele-kuni-25-tootajat\/#breadcrumb\"},\"inLanguage\":\"et\",\"potentialAction\":[{\"@type\":\"ReadAction\",\"target\":[\"https:\/\/espak.ee\/epood\/toode\/esmaabikomplekt-ettevottele-kuni-25-tootajat\/\"]}]},{\"@type\":\"ImageObject\",\"inLanguage\":\"et\",\"@id\":\"https:\/\/espak.ee\/epood\/toode\/esmaabikomplekt-ettevottele-kuni-25-tootajat\/#primaryimage\",\"url\":\"https:\/\/espak.ee\/epood\/wp-content\/uploads\/2022\/05\/60025K-2021.jpg\",\"contentUrl\":\"https:\/\/espak.ee\/epood\/wp-content\/uploads\/2022\/05\/60025K-2021.jpg\",\"width\":1000,\"height\":1000},{\"@type\":\"BreadcrumbList\",\"@id\":\"https:\/\/espak.ee\/epood\/toode\/esmaabikomplekt-ettevottele-kuni-25-tootajat\/#breadcrumb\",\"itemListElement\":[{\"@type\":\"ListItem\",\"position\":1,\"name\":\"Home\",\"item\":\"https:\/\/espak.ee\/epood\/\"},{\"@type\":\"ListItem\",\"position\":2,\"name\":\"Tootevalik\",\"item\":\"https:\/\/espak.ee\/epood\/tootevalik\/\"},{\"@type\":\"ListItem\",\"position\":3,\"name\":\"ESMAABIKOMPLEKT ETTEV\u00d5TTELE, KUNI 25 T\u00d6\u00d6TAJAT\"}]},{\"@type\":\"WebSite\",\"@id\":\"https:\/\/espak.ee\/epood\/#website\",\"url\":\"https:\/\/espak.ee\/epood\/\",\"name\":\"Espak E-pood\",\"description\":\"\",\"potentialAction\":[{\"@type\":\"SearchAction\",\"target\":{\"@type\":\"EntryPoint\",\"urlTemplate\":\"https:\/\/espak.ee\/epood\/?s={search_term_string}\"},\"query-input\":{\"@type\":\"PropertyValueSpecification\",\"valueRequired\":true,\"valueName\":\"search_term_string\"}}],\"inLanguage\":\"et\"}]}<\/script>\n<!-- \/ Yoast SEO plugin. -->","yoast_head_json":{"title":"ESMAABIKOMPLEKT ETTEV\u00d5TTELE, KUNI 25 T\u00d6\u00d6TAJAT - Espak E-pood","robots":{"index":"index","follow":"follow","max-snippet":"max-snippet:-1","max-image-preview":"max-image-preview:large","max-video-preview":"max-video-preview:-1"},"canonical":"https:\/\/espak.ee\/epood\/toode\/esmaabikomplekt-ettevottele-kuni-25-tootajat\/","og_locale":"et_EE","og_type":"article","og_title":"ESMAABIKOMPLEKT ETTEV\u00d5TTELE, KUNI 25 T\u00d6\u00d6TAJAT - Espak E-pood","og_url":"https:\/\/espak.ee\/epood\/toode\/esmaabikomplekt-ettevottele-kuni-25-tootajat\/","og_site_name":"Espak E-pood","article_modified_time":"2024-10-25T10:23:08+00:00","og_image":[{"width":1000,"height":1000,"url":"https:\/\/espak.ee\/epood\/wp-content\/uploads\/2022\/05\/60025K-2021.jpg","type":"image\/jpeg"}],"twitter_card":"summary_large_image","twitter_misc":{"Est. reading time":"1 minut"},"schema":{"@context":"https:\/\/schema.org","@graph":[{"@type":"WebPage","@id":"https:\/\/espak.ee\/epood\/toode\/esmaabikomplekt-ettevottele-kuni-25-tootajat\/","url":"https:\/\/espak.ee\/epood\/toode\/esmaabikomplekt-ettevottele-kuni-25-tootajat\/","name":"ESMAABIKOMPLEKT ETTEV\u00d5TTELE, KUNI 25 T\u00d6\u00d6TAJAT - Espak E-pood","isPartOf":{"@id":"https:\/\/espak.ee\/epood\/#website"},"primaryImageOfPage":{"@id":"https:\/\/espak.ee\/epood\/toode\/esmaabikomplekt-ettevottele-kuni-25-tootajat\/#primaryimage"},"image":{"@id":"https:\/\/espak.ee\/epood\/toode\/esmaabikomplekt-ettevottele-kuni-25-tootajat\/#primaryimage"},"thumbnailUrl":"https:\/\/espak.ee\/epood\/wp-content\/uploads\/2022\/05\/60025K-2021.jpg","datePublished":"2022-05-03T22:43:17+00:00","dateModified":"2024-10-25T10:23:08+00:00","breadcrumb":{"@id":"https:\/\/espak.ee\/epood\/toode\/esmaabikomplekt-ettevottele-kuni-25-tootajat\/#breadcrumb"},"inLanguage":"et","potentialAction":[{"@type":"ReadAction","target":["https:\/\/espak.ee\/epood\/toode\/esmaabikomplekt-ettevottele-kuni-25-tootajat\/"]}]},{"@type":"ImageObject","inLanguage":"et","@id":"https:\/\/espak.ee\/epood\/toode\/esmaabikomplekt-ettevottele-kuni-25-tootajat\/#primaryimage","url":"https:\/\/espak.ee\/epood\/wp-content\/uploads\/2022\/05\/60025K-2021.jpg","contentUrl":"https:\/\/espak.ee\/epood\/wp-content\/uploads\/2022\/05\/60025K-2021.jpg","width":1000,"height":1000},{"@type":"BreadcrumbList","@id":"https:\/\/espak.ee\/epood\/toode\/esmaabikomplekt-ettevottele-kuni-25-tootajat\/#breadcrumb","itemListElement":[{"@type":"ListItem","position":1,"name":"Home","item":"https:\/\/espak.ee\/epood\/"},{"@type":"ListItem","position":2,"name":"Tootevalik","item":"https:\/\/espak.ee\/epood\/tootevalik\/"},{"@type":"ListItem","position":3,"name":"ESMAABIKOMPLEKT ETTEV\u00d5TTELE, KUNI 25 T\u00d6\u00d6TAJAT"}]},{"@type":"WebSite","@id":"https:\/\/espak.ee\/epood\/#website","url":"https:\/\/espak.ee\/epood\/","name":"Espak E-pood","description":"","potentialAction":[{"@type":"SearchAction","target":{"@type":"EntryPoint","urlTemplate":"https:\/\/espak.ee\/epood\/?s={search_term_string}"},"query-input":{"@type":"PropertyValueSpecification","valueRequired":true,"valueName":"search_term_string"}}],"inLanguage":"et"}]}},"_links":{"self":[{"href":"https:\/\/espak.ee\/epood\/wp-json\/wp\/v2\/product\/117554","targetHints":{"allow":["GET"]}}],"collection":[{"href":"https:\/\/espak.ee\/epood\/wp-json\/wp\/v2\/product"}],"about":[{"href":"https:\/\/espak.ee\/epood\/wp-json\/wp\/v2\/types\/product"}],"replies":[{"embeddable":true,"href":"https:\/\/espak.ee\/epood\/wp-json\/wp\/v2\/comments?post=117554"}],"wp:featuredmedia":[{"embeddable":true,"href":"https:\/\/espak.ee\/epood\/wp-json\/wp\/v2\/media\/118281"}],"wp:attachment":[{"href":"https:\/\/espak.ee\/epood\/wp-json\/wp\/v2\/media?parent=117554"}],"wp:term":[{"taxonomy":"product_brand","embeddable":true,"href":"https:\/\/espak.ee\/epood\/wp-json\/wp\/v2\/product_brand?post=117554"},{"taxonomy":"product_cat","embeddable":true,"href":"https:\/\/espak.ee\/epood\/wp-json\/wp\/v2\/product_cat?post=117554"},{"taxonomy":"product_tag","embeddable":true,"href":"https:\/\/espak.ee\/epood\/wp-json\/wp\/v2\/product_tag?post=117554"}],"curies":[{"name":"wp","href":"https:\/\/api.w.org\/{rel}","templated":true}]}}