{"id":117391,"date":"2022-04-30T05:27:04","date_gmt":"2022-04-30T05:27:04","guid":{"rendered":"https:\/\/espak.ee\/epood\/?post_type=product&#038;p=117391"},"modified":"2025-12-30T22:00:20","modified_gmt":"2025-12-30T20:00:20","slug":"akuga-veepump-einhell-ge-sp-18-ll-solo","status":"publish","type":"product","link":"https:\/\/espak.ee\/epood\/toode\/akuga-veepump-einhell-ge-sp-18-ll-solo\/","title":{"rendered":"AKUGA VEEPUMP EINHELL GE-SP 18 LL SOLO"},"content":{"rendered":"<div class=\"row\"  id=\"row-148191817\">\n\n\t<div id=\"col-1876013594\" class=\"col medium-9 small-12 large-9\"  >\n\t\t\t\t<div class=\"col-inner\"  >\n\t\t\t\n\t\t\t\n<h2>Akuga veepump Einhell GE-SP 18 LL SOLO<\/h2>\n<p>Akuga veepump Einhell GE-SP 18 saate puhast vett pumbata olenemata asukohast. Seda seet\u00f5ttu, et pumba toiteallikaks on 18\u00a0V laetav Power X-Change\u00b4i aku. Suure j\u00f5udlusega Power X-Change\u00b4i tootepere liikmena loodud s\u00fcsteemisarja k\u00f5iki laetavaid akusid saab s\u00fcsteemisarja t\u00f6\u00f6riistades ja aiat\u00f6\u00f6riistades paindlikult ja ilma piiranguteta kasutada.<br \/>\nT\u00e4nu oma suure j\u00f5udlusega mootorile saavutab see pump muljetavaldava tootlikkuse kuni 4500 l\/h. V\u00f5imalik imemine madalas vees kuni 1 mm, j\u00e4ttes kuivaks p\u00fchitava pinna. Vastupidavuse tagamiseks on kvaliteetne pumba korpus valmistatud l\u00f6\u00f6gikindlast plastikust. Vooliku\u00fchendus on pumba \u00fclaosas kergesti ligip\u00e4\u00e4setav.<br \/>\n Toode tarnitakse akuta ja akulaadurita. Need on saadaval eraldi, n\u00e4iteks otstarbeka Einhelli akukomplektina.<\/p>\n<div class=\"message-box relative\" style=\"padding-top:15px;padding-bottom:15px;\"><div class=\"message-box-bg-image bg-fill fill\" ><\/div><div class=\"message-box-bg-overlay bg-fill fill\" ><\/div><div class=\"container relative\"><div class=\"inner last-reset\">\n<div class=\"row align-middle align-center\"  id=\"row-496119358\">\n\n\t<div id=\"col-159017262\" class=\"col small-12 large-12\"  >\n\t\t\t\t<div class=\"col-inner text-left\"  >\n\t\t\t\n\t\t\t\n<h4>Omadused<\/h4>\n<div class=\"row\"  id=\"row-1465119675\">\n\n\t<div id=\"col-873586713\" class=\"col medium-6 small-12 large-6\"  >\n\t\t\t\t<div class=\"col-inner\"  >\n\t\t\t\n\t\t\t\n<p><i class=\"fa fa-check fa-2x\"><\/i> <strong> Vajalik \u00fcks 18\u00a0V Power X-Change\u00b4i tootepere aku<\/strong><\/p>\n<p><i class=\"fa fa-check fa-2x\"><\/i> <strong> V\u00f5imas mootor tagab suure voolukiiruse<\/strong><\/p>\n\t\t<\/div>\n\t\t\t\t\n<style>\n#col-873586713 > .col-inner {\n  margin: 0px 0px 15px 0px;\n}\n<\/style>\n\t<\/div>\n\n\t\n\n\t<div id=\"col-1487172326\" class=\"col medium-6 small-12 large-6\"  >\n\t\t\t\t<div class=\"col-inner\"  >\n\t\t\t\n\t\t\t\n<p><i class=\"fa fa-check fa-2x\"><\/i> <strong> Kergesti ligip\u00e4\u00e4setav vooliku\u00fchendus pumba peal<\/strong><\/p>\n<p><i class=\"fa fa-check fa-2x\"><\/i> <strong>Pikk kaabel<\/strong><\/p>\n<p><i class=\"fa fa-check fa-2x\"><\/i> <strong>Aku ja laadija ei kuulu tarnekomplekti<\/strong><\/p>\n\t\t<\/div>\n\t\t\t\t\n<style>\n#col-1487172326 > .col-inner {\n  margin: 0px 0px 15px 0px;\n}\n<\/style>\n\t<\/div>\n\n\t\n<\/div>\n\t\t<\/div>\n\t\t\t\t\t<\/div>\n\n\t\n<\/div>\n<\/div><\/div><\/div>\n\t<div id=\"gap-1161061636\" class=\"gap-element clearfix\" style=\"display:block; height:auto;\">\n\t\t\n<style>\n#gap-1161061636 {\n  padding-top: 30px;\n}\n<\/style>\n\t<\/div>\n\t\n\t\t<\/div>\n\t\t\t\t\t<\/div>\n\n\t\n\n\t<div id=\"col-1663400114\" class=\"col medium-3 small-12 large-3\"  >\n\t\t\t\t<div class=\"col-inner\"  >\n\t\t\t\n\t\t\t\n<img decoding=\"async\" src=\"https:\/\/espak.ee\/epood\/wp-content\/uploads\/2020\/04\/Power-x-change-logo.jpg\" alt=\"\" width=\"1772\" height=\"343\" class=\"alignnone size-full wp-image-97311\" srcset=\"https:\/\/espak.ee\/epood\/wp-content\/uploads\/2020\/04\/Power-x-change-logo.jpg 1772w, https:\/\/espak.ee\/epood\/wp-content\/uploads\/2020\/04\/Power-x-change-logo-500x97.jpg 500w, https:\/\/espak.ee\/epood\/wp-content\/uploads\/2020\/04\/Power-x-change-logo-769x149.jpg 769w, https:\/\/espak.ee\/epood\/wp-content\/uploads\/2020\/04\/Power-x-change-logo-300x58.jpg 300w, https:\/\/espak.ee\/epood\/wp-content\/uploads\/2020\/04\/Power-x-change-logo-1024x198.jpg 1024w, https:\/\/espak.ee\/epood\/wp-content\/uploads\/2020\/04\/Power-x-change-logo-150x29.jpg 150w, https:\/\/espak.ee\/epood\/wp-content\/uploads\/2020\/04\/Power-x-change-logo-768x149.jpg 768w, https:\/\/espak.ee\/epood\/wp-content\/uploads\/2020\/04\/Power-x-change-logo-1536x297.jpg 1536w\" sizes=\"(max-width: 1772px) 100vw, 1772px\" \/><br \/>\n<div class=\"is-divider divider clearfix\" ><\/div>\n<h3>Kasutusjuhend<\/h3>\n<p><a href=\"https:\/\/espak.ee\/epood\/wp-content\/uploads\/2022\/04\/Akuga_veepump_EInhell_GE-SP-18-LL_LI_SOLO_4185160_EST.pdf\"target=\"_blank\" rel=\"noopener noreferrer\"><i class=\"far fa-file-pdf\"><\/i> Kasutusjuhend (PDF)<\/a><\/p>\n<p><strong>\u00dcksikasjalikuma n\u00f5u saamiseks v\u00f5tke \u00fchendust:<br \/><\/strong>Espak AS<br \/>Viadukti 42<br \/>11313<br \/>Tallinn<br \/>+372 6 512333<\/p>\n<div class=\"is-divider divider clearfix\" ><\/div>\n\t\t<\/div>\n\t\t\t\t\t<\/div>\n\n\t\n<\/div>\n","protected":false},"excerpt":{"rendered":"","protected":false},"featured_media":119565,"comment_status":"closed","ping_status":"closed","template":"","meta":[],"product_brand":[],"product_cat":[2789,2788,2790,2791],"product_tag":[],"class_list":{"0":"post-117391","1":"product","2":"type-product","3":"status-publish","4":"has-post-thumbnail","6":"product_cat-aiatarbed","7":"product_cat-aiatarbed-ja-kodukaubad","8":"product_cat-aiatehnika","9":"product_cat-akutooriistad-aiaosakonnas","10":"pa_kaubamark-einhell","12":"first","13":"outofstock","14":"sale","15":"taxable","16":"shipping-taxable","17":"purchasable","18":"product-type-simple"},"yoast_head":"<!-- This site is optimized with the Yoast SEO plugin v26.9 - https:\/\/yoast.com\/product\/yoast-seo-wordpress\/ -->\n<title>AKUGA VEEPUMP EINHELL GE-SP 18 LL SOLO - Espak E-pood<\/title>\n<meta name=\"robots\" content=\"index, follow, max-snippet:-1, max-image-preview:large, max-video-preview:-1\" \/>\n<link rel=\"canonical\" href=\"https:\/\/espak.ee\/epood\/toode\/akuga-veepump-einhell-ge-sp-18-ll-solo\/\" \/>\n<meta property=\"og:locale\" content=\"et_EE\" \/>\n<meta property=\"og:type\" content=\"article\" \/>\n<meta property=\"og:title\" content=\"AKUGA VEEPUMP EINHELL GE-SP 18 LL SOLO - Espak E-pood\" \/>\n<meta property=\"og:url\" content=\"https:\/\/espak.ee\/epood\/toode\/akuga-veepump-einhell-ge-sp-18-ll-solo\/\" \/>\n<meta property=\"og:site_name\" content=\"Espak E-pood\" \/>\n<meta property=\"article:modified_time\" content=\"2025-12-30T20:00:20+00:00\" \/>\n<meta property=\"og:image\" content=\"https:\/\/espak.ee\/epood\/wp-content\/uploads\/2022\/04\/4181560_21011_002_GE_SP_18_LL_Li_Solo_Pic.jpg\" \/>\n\t<meta property=\"og:image:width\" content=\"1000\" \/>\n\t<meta property=\"og:image:height\" content=\"1000\" \/>\n\t<meta property=\"og:image:type\" content=\"image\/jpeg\" \/>\n<meta name=\"twitter:card\" content=\"summary_large_image\" \/>\n<meta name=\"twitter:label1\" content=\"Est. reading time\" \/>\n\t<meta name=\"twitter:data1\" content=\"1 minut\" \/>\n<script type=\"application\/ld+json\" class=\"yoast-schema-graph\">{\"@context\":\"https:\/\/schema.org\",\"@graph\":[{\"@type\":\"WebPage\",\"@id\":\"https:\/\/espak.ee\/epood\/toode\/akuga-veepump-einhell-ge-sp-18-ll-solo\/\",\"url\":\"https:\/\/espak.ee\/epood\/toode\/akuga-veepump-einhell-ge-sp-18-ll-solo\/\",\"name\":\"AKUGA VEEPUMP EINHELL GE-SP 18 LL SOLO - Espak E-pood\",\"isPartOf\":{\"@id\":\"https:\/\/espak.ee\/epood\/#website\"},\"primaryImageOfPage\":{\"@id\":\"https:\/\/espak.ee\/epood\/toode\/akuga-veepump-einhell-ge-sp-18-ll-solo\/#primaryimage\"},\"image\":{\"@id\":\"https:\/\/espak.ee\/epood\/toode\/akuga-veepump-einhell-ge-sp-18-ll-solo\/#primaryimage\"},\"thumbnailUrl\":\"https:\/\/espak.ee\/epood\/wp-content\/uploads\/2022\/04\/4181560_21011_002_GE_SP_18_LL_Li_Solo_Pic.jpg\",\"datePublished\":\"2022-04-30T05:27:04+00:00\",\"dateModified\":\"2025-12-30T20:00:20+00:00\",\"breadcrumb\":{\"@id\":\"https:\/\/espak.ee\/epood\/toode\/akuga-veepump-einhell-ge-sp-18-ll-solo\/#breadcrumb\"},\"inLanguage\":\"et\",\"potentialAction\":[{\"@type\":\"ReadAction\",\"target\":[\"https:\/\/espak.ee\/epood\/toode\/akuga-veepump-einhell-ge-sp-18-ll-solo\/\"]}]},{\"@type\":\"ImageObject\",\"inLanguage\":\"et\",\"@id\":\"https:\/\/espak.ee\/epood\/toode\/akuga-veepump-einhell-ge-sp-18-ll-solo\/#primaryimage\",\"url\":\"https:\/\/espak.ee\/epood\/wp-content\/uploads\/2022\/04\/4181560_21011_002_GE_SP_18_LL_Li_Solo_Pic.jpg\",\"contentUrl\":\"https:\/\/espak.ee\/epood\/wp-content\/uploads\/2022\/04\/4181560_21011_002_GE_SP_18_LL_Li_Solo_Pic.jpg\",\"width\":1000,\"height\":1000},{\"@type\":\"BreadcrumbList\",\"@id\":\"https:\/\/espak.ee\/epood\/toode\/akuga-veepump-einhell-ge-sp-18-ll-solo\/#breadcrumb\",\"itemListElement\":[{\"@type\":\"ListItem\",\"position\":1,\"name\":\"Home\",\"item\":\"https:\/\/espak.ee\/epood\/\"},{\"@type\":\"ListItem\",\"position\":2,\"name\":\"Tootevalik\",\"item\":\"https:\/\/espak.ee\/epood\/tootevalik\/\"},{\"@type\":\"ListItem\",\"position\":3,\"name\":\"AKUGA VEEPUMP EINHELL GE-SP 18 LL SOLO\"}]},{\"@type\":\"WebSite\",\"@id\":\"https:\/\/espak.ee\/epood\/#website\",\"url\":\"https:\/\/espak.ee\/epood\/\",\"name\":\"Espak E-pood\",\"description\":\"\",\"potentialAction\":[{\"@type\":\"SearchAction\",\"target\":{\"@type\":\"EntryPoint\",\"urlTemplate\":\"https:\/\/espak.ee\/epood\/?s={search_term_string}\"},\"query-input\":{\"@type\":\"PropertyValueSpecification\",\"valueRequired\":true,\"valueName\":\"search_term_string\"}}],\"inLanguage\":\"et\"}]}<\/script>\n<!-- \/ Yoast SEO plugin. -->","yoast_head_json":{"title":"AKUGA VEEPUMP EINHELL GE-SP 18 LL SOLO - Espak E-pood","robots":{"index":"index","follow":"follow","max-snippet":"max-snippet:-1","max-image-preview":"max-image-preview:large","max-video-preview":"max-video-preview:-1"},"canonical":"https:\/\/espak.ee\/epood\/toode\/akuga-veepump-einhell-ge-sp-18-ll-solo\/","og_locale":"et_EE","og_type":"article","og_title":"AKUGA VEEPUMP EINHELL GE-SP 18 LL SOLO - Espak E-pood","og_url":"https:\/\/espak.ee\/epood\/toode\/akuga-veepump-einhell-ge-sp-18-ll-solo\/","og_site_name":"Espak E-pood","article_modified_time":"2025-12-30T20:00:20+00:00","og_image":[{"width":1000,"height":1000,"url":"https:\/\/espak.ee\/epood\/wp-content\/uploads\/2022\/04\/4181560_21011_002_GE_SP_18_LL_Li_Solo_Pic.jpg","type":"image\/jpeg"}],"twitter_card":"summary_large_image","twitter_misc":{"Est. reading time":"1 minut"},"schema":{"@context":"https:\/\/schema.org","@graph":[{"@type":"WebPage","@id":"https:\/\/espak.ee\/epood\/toode\/akuga-veepump-einhell-ge-sp-18-ll-solo\/","url":"https:\/\/espak.ee\/epood\/toode\/akuga-veepump-einhell-ge-sp-18-ll-solo\/","name":"AKUGA VEEPUMP EINHELL GE-SP 18 LL SOLO - Espak E-pood","isPartOf":{"@id":"https:\/\/espak.ee\/epood\/#website"},"primaryImageOfPage":{"@id":"https:\/\/espak.ee\/epood\/toode\/akuga-veepump-einhell-ge-sp-18-ll-solo\/#primaryimage"},"image":{"@id":"https:\/\/espak.ee\/epood\/toode\/akuga-veepump-einhell-ge-sp-18-ll-solo\/#primaryimage"},"thumbnailUrl":"https:\/\/espak.ee\/epood\/wp-content\/uploads\/2022\/04\/4181560_21011_002_GE_SP_18_LL_Li_Solo_Pic.jpg","datePublished":"2022-04-30T05:27:04+00:00","dateModified":"2025-12-30T20:00:20+00:00","breadcrumb":{"@id":"https:\/\/espak.ee\/epood\/toode\/akuga-veepump-einhell-ge-sp-18-ll-solo\/#breadcrumb"},"inLanguage":"et","potentialAction":[{"@type":"ReadAction","target":["https:\/\/espak.ee\/epood\/toode\/akuga-veepump-einhell-ge-sp-18-ll-solo\/"]}]},{"@type":"ImageObject","inLanguage":"et","@id":"https:\/\/espak.ee\/epood\/toode\/akuga-veepump-einhell-ge-sp-18-ll-solo\/#primaryimage","url":"https:\/\/espak.ee\/epood\/wp-content\/uploads\/2022\/04\/4181560_21011_002_GE_SP_18_LL_Li_Solo_Pic.jpg","contentUrl":"https:\/\/espak.ee\/epood\/wp-content\/uploads\/2022\/04\/4181560_21011_002_GE_SP_18_LL_Li_Solo_Pic.jpg","width":1000,"height":1000},{"@type":"BreadcrumbList","@id":"https:\/\/espak.ee\/epood\/toode\/akuga-veepump-einhell-ge-sp-18-ll-solo\/#breadcrumb","itemListElement":[{"@type":"ListItem","position":1,"name":"Home","item":"https:\/\/espak.ee\/epood\/"},{"@type":"ListItem","position":2,"name":"Tootevalik","item":"https:\/\/espak.ee\/epood\/tootevalik\/"},{"@type":"ListItem","position":3,"name":"AKUGA VEEPUMP EINHELL GE-SP 18 LL SOLO"}]},{"@type":"WebSite","@id":"https:\/\/espak.ee\/epood\/#website","url":"https:\/\/espak.ee\/epood\/","name":"Espak E-pood","description":"","potentialAction":[{"@type":"SearchAction","target":{"@type":"EntryPoint","urlTemplate":"https:\/\/espak.ee\/epood\/?s={search_term_string}"},"query-input":{"@type":"PropertyValueSpecification","valueRequired":true,"valueName":"search_term_string"}}],"inLanguage":"et"}]}},"_links":{"self":[{"href":"https:\/\/espak.ee\/epood\/wp-json\/wp\/v2\/product\/117391","targetHints":{"allow":["GET"]}}],"collection":[{"href":"https:\/\/espak.ee\/epood\/wp-json\/wp\/v2\/product"}],"about":[{"href":"https:\/\/espak.ee\/epood\/wp-json\/wp\/v2\/types\/product"}],"replies":[{"embeddable":true,"href":"https:\/\/espak.ee\/epood\/wp-json\/wp\/v2\/comments?post=117391"}],"wp:featuredmedia":[{"embeddable":true,"href":"https:\/\/espak.ee\/epood\/wp-json\/wp\/v2\/media\/119565"}],"wp:attachment":[{"href":"https:\/\/espak.ee\/epood\/wp-json\/wp\/v2\/media?parent=117391"}],"wp:term":[{"taxonomy":"product_brand","embeddable":true,"href":"https:\/\/espak.ee\/epood\/wp-json\/wp\/v2\/product_brand?post=117391"},{"taxonomy":"product_cat","embeddable":true,"href":"https:\/\/espak.ee\/epood\/wp-json\/wp\/v2\/product_cat?post=117391"},{"taxonomy":"product_tag","embeddable":true,"href":"https:\/\/espak.ee\/epood\/wp-json\/wp\/v2\/product_tag?post=117391"}],"curies":[{"name":"wp","href":"https:\/\/api.w.org\/{rel}","templated":true}]}}