{"id":117290,"date":"2022-04-28T05:30:56","date_gmt":"2022-04-28T05:30:56","guid":{"rendered":"https:\/\/espak.ee\/epood\/?post_type=product&#038;p=117290"},"modified":"2024-10-17T20:17:12","modified_gmt":"2024-10-17T17:17:12","slug":"geberit-loputusplaat-delta50-kahesusteemne-loputus-valge","status":"publish","type":"product","link":"https:\/\/espak.ee\/epood\/toode\/geberit-loputusplaat-delta50-kahesusteemne-loputus-valge\/","title":{"rendered":"GEBERIT LOPUTUSPLAAT DELTA50, KAHES\u00dcSTEEMNE LOPUTUS, VALGE"},"content":{"rendered":"<div class=\"row\"  id=\"row-2072932950\">\n\n\t<div id=\"col-239793698\" class=\"col medium-9 small-12 large-9\"  >\n\t\t\t\t<div class=\"col-inner\"  >\n\t\t\t\n\t\t\t\n<h2>Geberit loputusplaat Delta50<\/h2>\n\t<div id=\"gap-393988187\" class=\"gap-element clearfix\" style=\"display:block; height:auto;\">\n\t\t\n<style>\n#gap-393988187 {\n  padding-top: 30px;\n}\n<\/style>\n\t<\/div>\n\t\n\t\t<\/div>\n\t\t\t\t\t<\/div>\n\n\t\n\n\t<div id=\"col-1684272121\" class=\"col medium-3 small-12 large-3\"  >\n\t\t\t\t<div class=\"col-inner\"  >\n\t\t\t\n\t\t\t\n\t<div id=\"gap-260319081\" class=\"gap-element clearfix\" style=\"display:block; height:auto;\">\n\t\t\n<style>\n#gap-260319081 {\n  padding-top: 30px;\n}\n<\/style>\n\t<\/div>\n\t\n<h3>Tooteleht<\/h3>\n<p><a href=\"https:\/\/espak.ee\/epood\/wp-content\/uploads\/2022\/04\/PRO_2225999.pdf\"target=\"_blank\" rel=\"noopener noreferrer\"><i class=\"far fa-file-pdf\"><\/i> Tooteleht (PDF)<\/a><\/p>\n<h3>Paigaldusjuhend<\/h3>\n<p><a href=\"https:\/\/espak.ee\/epood\/wp-content\/uploads\/2022\/04\/997.118.00.0_04.pdf\"target=\"_blank\" rel=\"noopener noreferrer\"><i class=\"far fa-file-pdf\"><\/i> Paigaldusjuhend (PDF)<\/a><\/p>\n<div class=\"is-divider divider clearfix\" ><\/div>\n<p><strong>\u00dcksikasjalikuma n\u00f5u saamiseks v\u00f5tke \u00fchendust:<br \/><\/strong>Espak AS<br \/>Viadukti 42<br \/>11313<br \/>Tallinn<br \/>+372 6 512333<\/p>\n<div class=\"is-divider divider clearfix\" ><\/div>\n\t\t<\/div>\n\t\t\t\t\t<\/div>\n\n\t\n<\/div>\n","protected":false},"excerpt":{"rendered":"","protected":false},"featured_media":168421,"comment_status":"closed","ping_status":"closed","template":"","meta":[],"product_brand":[],"product_cat":[2819,2820,2839,2840],"product_tag":[],"class_list":{"0":"post-117290","1":"product","2":"type-product","3":"status-publish","4":"has-post-thumbnail","6":"product_cat-sanitaartehnika","7":"product_cat-sanitaartehnika-sanitaartehnika","8":"product_cat-wc-potid","9":"product_cat-wc-seinaraamid","10":"pa_kaubamark-geberit-a-s","12":"first","13":"instock","14":"sale","15":"taxable","16":"shipping-taxable","17":"purchasable","18":"product-type-simple"},"yoast_head":"<!-- This site is optimized with the Yoast SEO plugin v26.9 - https:\/\/yoast.com\/product\/yoast-seo-wordpress\/ -->\n<title>GEBERIT LOPUTUSPLAAT DELTA50, KAHES\u00dcSTEEMNE LOPUTUS, VALGE - Espak E-pood<\/title>\n<meta name=\"robots\" content=\"index, follow, max-snippet:-1, max-image-preview:large, max-video-preview:-1\" \/>\n<link rel=\"canonical\" href=\"https:\/\/espak.ee\/epood\/toode\/geberit-loputusplaat-delta50-kahesusteemne-loputus-valge\/\" \/>\n<meta property=\"og:locale\" content=\"et_EE\" \/>\n<meta property=\"og:type\" content=\"article\" \/>\n<meta property=\"og:title\" content=\"GEBERIT LOPUTUSPLAAT DELTA50, KAHES\u00dcSTEEMNE LOPUTUS, VALGE - Espak E-pood\" \/>\n<meta property=\"og:url\" content=\"https:\/\/espak.ee\/epood\/toode\/geberit-loputusplaat-delta50-kahesusteemne-loputus-valge\/\" \/>\n<meta property=\"og:site_name\" content=\"Espak E-pood\" \/>\n<meta property=\"article:modified_time\" content=\"2024-10-17T17:17:12+00:00\" \/>\n<meta property=\"og:image\" content=\"https:\/\/espak.ee\/epood\/wp-content\/uploads\/2022\/04\/DAS_2227816_20210727_135953.jpg\" \/>\n\t<meta property=\"og:image:width\" content=\"800\" \/>\n\t<meta property=\"og:image:height\" content=\"800\" \/>\n\t<meta property=\"og:image:type\" content=\"image\/jpeg\" \/>\n<meta name=\"twitter:card\" content=\"summary_large_image\" \/>\n<script type=\"application\/ld+json\" class=\"yoast-schema-graph\">{\"@context\":\"https:\/\/schema.org\",\"@graph\":[{\"@type\":\"WebPage\",\"@id\":\"https:\/\/espak.ee\/epood\/toode\/geberit-loputusplaat-delta50-kahesusteemne-loputus-valge\/\",\"url\":\"https:\/\/espak.ee\/epood\/toode\/geberit-loputusplaat-delta50-kahesusteemne-loputus-valge\/\",\"name\":\"GEBERIT LOPUTUSPLAAT DELTA50, KAHES\u00dcSTEEMNE LOPUTUS, VALGE - Espak E-pood\",\"isPartOf\":{\"@id\":\"https:\/\/espak.ee\/epood\/#website\"},\"primaryImageOfPage\":{\"@id\":\"https:\/\/espak.ee\/epood\/toode\/geberit-loputusplaat-delta50-kahesusteemne-loputus-valge\/#primaryimage\"},\"image\":{\"@id\":\"https:\/\/espak.ee\/epood\/toode\/geberit-loputusplaat-delta50-kahesusteemne-loputus-valge\/#primaryimage\"},\"thumbnailUrl\":\"https:\/\/espak.ee\/epood\/wp-content\/uploads\/2022\/04\/DAS_2227816_20210727_135953.jpg\",\"datePublished\":\"2022-04-28T05:30:56+00:00\",\"dateModified\":\"2024-10-17T17:17:12+00:00\",\"breadcrumb\":{\"@id\":\"https:\/\/espak.ee\/epood\/toode\/geberit-loputusplaat-delta50-kahesusteemne-loputus-valge\/#breadcrumb\"},\"inLanguage\":\"et\",\"potentialAction\":[{\"@type\":\"ReadAction\",\"target\":[\"https:\/\/espak.ee\/epood\/toode\/geberit-loputusplaat-delta50-kahesusteemne-loputus-valge\/\"]}]},{\"@type\":\"ImageObject\",\"inLanguage\":\"et\",\"@id\":\"https:\/\/espak.ee\/epood\/toode\/geberit-loputusplaat-delta50-kahesusteemne-loputus-valge\/#primaryimage\",\"url\":\"https:\/\/espak.ee\/epood\/wp-content\/uploads\/2022\/04\/DAS_2227816_20210727_135953.jpg\",\"contentUrl\":\"https:\/\/espak.ee\/epood\/wp-content\/uploads\/2022\/04\/DAS_2227816_20210727_135953.jpg\",\"width\":800,\"height\":800},{\"@type\":\"BreadcrumbList\",\"@id\":\"https:\/\/espak.ee\/epood\/toode\/geberit-loputusplaat-delta50-kahesusteemne-loputus-valge\/#breadcrumb\",\"itemListElement\":[{\"@type\":\"ListItem\",\"position\":1,\"name\":\"Home\",\"item\":\"https:\/\/espak.ee\/epood\/\"},{\"@type\":\"ListItem\",\"position\":2,\"name\":\"Tootevalik\",\"item\":\"https:\/\/espak.ee\/epood\/tootevalik\/\"},{\"@type\":\"ListItem\",\"position\":3,\"name\":\"GEBERIT LOPUTUSPLAAT DELTA50, KAHES\u00dcSTEEMNE LOPUTUS, VALGE\"}]},{\"@type\":\"WebSite\",\"@id\":\"https:\/\/espak.ee\/epood\/#website\",\"url\":\"https:\/\/espak.ee\/epood\/\",\"name\":\"Espak E-pood\",\"description\":\"\",\"potentialAction\":[{\"@type\":\"SearchAction\",\"target\":{\"@type\":\"EntryPoint\",\"urlTemplate\":\"https:\/\/espak.ee\/epood\/?s={search_term_string}\"},\"query-input\":{\"@type\":\"PropertyValueSpecification\",\"valueRequired\":true,\"valueName\":\"search_term_string\"}}],\"inLanguage\":\"et\"}]}<\/script>\n<!-- \/ Yoast SEO plugin. -->","yoast_head_json":{"title":"GEBERIT LOPUTUSPLAAT DELTA50, KAHES\u00dcSTEEMNE LOPUTUS, VALGE - Espak E-pood","robots":{"index":"index","follow":"follow","max-snippet":"max-snippet:-1","max-image-preview":"max-image-preview:large","max-video-preview":"max-video-preview:-1"},"canonical":"https:\/\/espak.ee\/epood\/toode\/geberit-loputusplaat-delta50-kahesusteemne-loputus-valge\/","og_locale":"et_EE","og_type":"article","og_title":"GEBERIT LOPUTUSPLAAT DELTA50, KAHES\u00dcSTEEMNE LOPUTUS, VALGE - Espak E-pood","og_url":"https:\/\/espak.ee\/epood\/toode\/geberit-loputusplaat-delta50-kahesusteemne-loputus-valge\/","og_site_name":"Espak E-pood","article_modified_time":"2024-10-17T17:17:12+00:00","og_image":[{"width":800,"height":800,"url":"https:\/\/espak.ee\/epood\/wp-content\/uploads\/2022\/04\/DAS_2227816_20210727_135953.jpg","type":"image\/jpeg"}],"twitter_card":"summary_large_image","schema":{"@context":"https:\/\/schema.org","@graph":[{"@type":"WebPage","@id":"https:\/\/espak.ee\/epood\/toode\/geberit-loputusplaat-delta50-kahesusteemne-loputus-valge\/","url":"https:\/\/espak.ee\/epood\/toode\/geberit-loputusplaat-delta50-kahesusteemne-loputus-valge\/","name":"GEBERIT LOPUTUSPLAAT DELTA50, KAHES\u00dcSTEEMNE LOPUTUS, VALGE - Espak E-pood","isPartOf":{"@id":"https:\/\/espak.ee\/epood\/#website"},"primaryImageOfPage":{"@id":"https:\/\/espak.ee\/epood\/toode\/geberit-loputusplaat-delta50-kahesusteemne-loputus-valge\/#primaryimage"},"image":{"@id":"https:\/\/espak.ee\/epood\/toode\/geberit-loputusplaat-delta50-kahesusteemne-loputus-valge\/#primaryimage"},"thumbnailUrl":"https:\/\/espak.ee\/epood\/wp-content\/uploads\/2022\/04\/DAS_2227816_20210727_135953.jpg","datePublished":"2022-04-28T05:30:56+00:00","dateModified":"2024-10-17T17:17:12+00:00","breadcrumb":{"@id":"https:\/\/espak.ee\/epood\/toode\/geberit-loputusplaat-delta50-kahesusteemne-loputus-valge\/#breadcrumb"},"inLanguage":"et","potentialAction":[{"@type":"ReadAction","target":["https:\/\/espak.ee\/epood\/toode\/geberit-loputusplaat-delta50-kahesusteemne-loputus-valge\/"]}]},{"@type":"ImageObject","inLanguage":"et","@id":"https:\/\/espak.ee\/epood\/toode\/geberit-loputusplaat-delta50-kahesusteemne-loputus-valge\/#primaryimage","url":"https:\/\/espak.ee\/epood\/wp-content\/uploads\/2022\/04\/DAS_2227816_20210727_135953.jpg","contentUrl":"https:\/\/espak.ee\/epood\/wp-content\/uploads\/2022\/04\/DAS_2227816_20210727_135953.jpg","width":800,"height":800},{"@type":"BreadcrumbList","@id":"https:\/\/espak.ee\/epood\/toode\/geberit-loputusplaat-delta50-kahesusteemne-loputus-valge\/#breadcrumb","itemListElement":[{"@type":"ListItem","position":1,"name":"Home","item":"https:\/\/espak.ee\/epood\/"},{"@type":"ListItem","position":2,"name":"Tootevalik","item":"https:\/\/espak.ee\/epood\/tootevalik\/"},{"@type":"ListItem","position":3,"name":"GEBERIT LOPUTUSPLAAT DELTA50, KAHES\u00dcSTEEMNE LOPUTUS, VALGE"}]},{"@type":"WebSite","@id":"https:\/\/espak.ee\/epood\/#website","url":"https:\/\/espak.ee\/epood\/","name":"Espak E-pood","description":"","potentialAction":[{"@type":"SearchAction","target":{"@type":"EntryPoint","urlTemplate":"https:\/\/espak.ee\/epood\/?s={search_term_string}"},"query-input":{"@type":"PropertyValueSpecification","valueRequired":true,"valueName":"search_term_string"}}],"inLanguage":"et"}]}},"_links":{"self":[{"href":"https:\/\/espak.ee\/epood\/wp-json\/wp\/v2\/product\/117290","targetHints":{"allow":["GET"]}}],"collection":[{"href":"https:\/\/espak.ee\/epood\/wp-json\/wp\/v2\/product"}],"about":[{"href":"https:\/\/espak.ee\/epood\/wp-json\/wp\/v2\/types\/product"}],"replies":[{"embeddable":true,"href":"https:\/\/espak.ee\/epood\/wp-json\/wp\/v2\/comments?post=117290"}],"wp:featuredmedia":[{"embeddable":true,"href":"https:\/\/espak.ee\/epood\/wp-json\/wp\/v2\/media\/168421"}],"wp:attachment":[{"href":"https:\/\/espak.ee\/epood\/wp-json\/wp\/v2\/media?parent=117290"}],"wp:term":[{"taxonomy":"product_brand","embeddable":true,"href":"https:\/\/espak.ee\/epood\/wp-json\/wp\/v2\/product_brand?post=117290"},{"taxonomy":"product_cat","embeddable":true,"href":"https:\/\/espak.ee\/epood\/wp-json\/wp\/v2\/product_cat?post=117290"},{"taxonomy":"product_tag","embeddable":true,"href":"https:\/\/espak.ee\/epood\/wp-json\/wp\/v2\/product_tag?post=117290"}],"curies":[{"name":"wp","href":"https:\/\/api.w.org\/{rel}","templated":true}]}}