{"id":117275,"date":"2022-04-27T23:45:20","date_gmt":"2022-04-27T23:45:20","guid":{"rendered":"https:\/\/espak.ee\/epood\/?post_type=product&#038;p=117275"},"modified":"2024-10-01T16:41:40","modified_gmt":"2024-10-01T13:41:40","slug":"vuugipahtel-uniflott-imgragniert-5kg","status":"publish","type":"product","link":"https:\/\/espak.ee\/epood\/toode\/vuugipahtel-uniflott-imgragniert-5kg\/","title":{"rendered":"VUUGIPAHTEL UNIFLOTT IMGR\u00c4GNIERT 5KG"},"content":{"rendered":"<div class=\"row\"  id=\"row-1732392810\">\n\n\t<div id=\"col-577352714\" class=\"col medium-9 small-12 large-9\"  >\n\t\t\t\t<div class=\"col-inner\"  >\n\t\t\t\n\t\t\t\n<h3>Niiskuskindel vuugipahtel Knauf Uniflott Imgr\u00e4gniert 5kg<\/h3>\n<p>Erikipsil p\u00f5hinev veega segamisvalmis niiskuskindel kipsplaatide vuugipahtli (HRAK servadele ilma vuugilnindita) kuivsegu. Kulu: umbes 250 g vuugi 1 m kohta.<\/p>\n<p>&#8211; Siset\u00f6\u00f6deks niisketes ruumides<br \/>\n&#8211; Pulbriline, segamisvalmis<br \/>\n&#8211; Vetth\u00fclgav, rohelise v\u00e4rvusega<br \/>\n&#8211; Veega segatud segu on t\u00f6\u00f6deldav kuni u 45 minutit<br \/>\n&#8211; T\u00e4idab korraga plaadikihi paksuse vuugi<br \/>\n&#8211; V\u00e4hene mahukahanemine<br \/>\n&#8211; Vuugipahtel EN 13963 t\u00fc\u00fcp 4B<\/p>\n\t<div id=\"gap-9946778\" class=\"gap-element clearfix\" style=\"display:block; height:auto;\">\n\t\t\n<style>\n#gap-9946778 {\n  padding-top: 30px;\n}\n<\/style>\n\t<\/div>\n\t\n<h3>Kasutamise \u00fcksikasjad<\/h3>\n<p>Ilma vuugilindita niiskuskindlate kipsplaatide Knauf Green, Knauf Blue (Diamant) HRAK (pool\u00fcmarad \u00f5hendatud) pikiservade vaheliste vuukide pahtelduseks, muude servat\u00fc\u00fcpide korral koos vuugilindiga.<\/p>\n<p><strong>Kasutamine:<\/strong> Puistake Uniflott Impr\u00e4gniert pulbrit k\u00fclma puhta veega segukaussi kuni vee pinnale j\u00e4\u00e4vad \u201esaarekesed\u02ee (kuni 2,5 kg pahtlit 1,2 l vette). Oodake 2\u20133 minutit ja seej\u00e4rel segage kelluga, kuni segu muutub hapukooretaolise konsistenstiga massiks. T\u00e4itke kipsplaadivuugid pahtliga ja \u00f5hendusega kandiliste AK-servade korral paigaldage vuugikattelint ning siluge tasaseks. Pabervuugikattelinti mitte katta pahtliga enne j\u00e4rgmist p\u00e4eva. Ka l\u00f5igatud ja faasitud servadega kipsplaatide vuuke on soovitatav katta pabervuugikattelindiga. Enne uue pahtlikihi pealekandmist veenduge, et eelmine kiht on kuivanud. Peske t\u00f6\u00f6riistad kohe veega puhtaks.<\/p>\n\t\t<\/div>\n\t\t\t\t\t<\/div>\n\n\t\n\n\t<div id=\"col-1664572793\" class=\"col medium-3 small-12 large-3\"  >\n\t\t\t\t<div class=\"col-inner\"  >\n\t\t\t\n\t\t\t\n<h3>Ohutusalane teave<\/h3>\n<p><a href=\"https:\/\/espak.ee\/epood\/wp-content\/uploads\/2022\/04\/OK_Knauf_Uniflott_impraegniert_2015.pdf\"target=\"_blank\" rel=\"noopener noreferrer\"><i class=\"far fa-file-pdf\"><\/i> Ohutuskaart (PDF)<\/a><\/p>\n<div class=\"is-divider divider clearfix\" ><\/div>\n<p><strong>\u00dcksikasjalikuma n\u00f5u saamiseks v\u00f5tke \u00fchendust:<br \/><\/strong>Knauf Tallinn U\u00dc<br \/>J\u00e4rvevana tee 7B<br \/>10132<br \/>Tallinn<br \/>+372 6518697<\/p>\n<div class=\"is-divider divider clearfix\" ><\/div>\n\t\t<\/div>\n\t\t\t\t\t<\/div>\n\n\t\n<\/div>\n","protected":false},"excerpt":{"rendered":"","protected":false},"featured_media":117878,"comment_status":"closed","ping_status":"closed","template":"","meta":[],"product_brand":[],"product_cat":[2698,2816,2697,2842],"product_tag":[],"class_list":{"0":"post-117275","1":"product","2":"type-product","3":"status-publish","4":"has-post-thumbnail","6":"product_cat-pahtlid-ja-kuivsegud","7":"product_cat-seinatasandussegud","8":"product_cat-uldehitus","9":"product_cat-viimistluspahtlid","10":"pa_kaubamark-knauf","12":"first","13":"instock","14":"sale","15":"taxable","16":"shipping-taxable","17":"purchasable","18":"product-type-simple"},"yoast_head":"<!-- This site is optimized with the Yoast SEO plugin v26.9 - https:\/\/yoast.com\/product\/yoast-seo-wordpress\/ -->\n<title>VUUGIPAHTEL UNIFLOTT IMGR\u00c4GNIERT 5KG - Espak E-pood<\/title>\n<meta name=\"robots\" content=\"index, follow, max-snippet:-1, max-image-preview:large, max-video-preview:-1\" \/>\n<link rel=\"canonical\" href=\"https:\/\/espak.ee\/epood\/toode\/vuugipahtel-uniflott-imgragniert-5kg\/\" \/>\n<meta property=\"og:locale\" content=\"et_EE\" \/>\n<meta property=\"og:type\" content=\"article\" \/>\n<meta property=\"og:title\" content=\"VUUGIPAHTEL UNIFLOTT IMGR\u00c4GNIERT 5KG - Espak E-pood\" \/>\n<meta property=\"og:url\" content=\"https:\/\/espak.ee\/epood\/toode\/vuugipahtel-uniflott-imgragniert-5kg\/\" \/>\n<meta property=\"og:site_name\" content=\"Espak E-pood\" \/>\n<meta property=\"article:modified_time\" content=\"2024-10-01T13:41:40+00:00\" \/>\n<meta property=\"og:image\" content=\"https:\/\/espak.ee\/epood\/wp-content\/uploads\/2022\/04\/220786_683x512-2.jpg\" \/>\n\t<meta property=\"og:image:width\" content=\"800\" \/>\n\t<meta property=\"og:image:height\" content=\"800\" \/>\n\t<meta property=\"og:image:type\" content=\"image\/jpeg\" \/>\n<meta name=\"twitter:card\" content=\"summary_large_image\" \/>\n<meta name=\"twitter:label1\" content=\"Est. reading time\" \/>\n\t<meta name=\"twitter:data1\" content=\"1 minut\" \/>\n<script type=\"application\/ld+json\" class=\"yoast-schema-graph\">{\"@context\":\"https:\/\/schema.org\",\"@graph\":[{\"@type\":\"WebPage\",\"@id\":\"https:\/\/espak.ee\/epood\/toode\/vuugipahtel-uniflott-imgragniert-5kg\/\",\"url\":\"https:\/\/espak.ee\/epood\/toode\/vuugipahtel-uniflott-imgragniert-5kg\/\",\"name\":\"VUUGIPAHTEL UNIFLOTT IMGR\u00c4GNIERT 5KG - Espak E-pood\",\"isPartOf\":{\"@id\":\"https:\/\/espak.ee\/epood\/#website\"},\"primaryImageOfPage\":{\"@id\":\"https:\/\/espak.ee\/epood\/toode\/vuugipahtel-uniflott-imgragniert-5kg\/#primaryimage\"},\"image\":{\"@id\":\"https:\/\/espak.ee\/epood\/toode\/vuugipahtel-uniflott-imgragniert-5kg\/#primaryimage\"},\"thumbnailUrl\":\"https:\/\/espak.ee\/epood\/wp-content\/uploads\/2022\/04\/220786_683x512-2.jpg\",\"datePublished\":\"2022-04-27T23:45:20+00:00\",\"dateModified\":\"2024-10-01T13:41:40+00:00\",\"breadcrumb\":{\"@id\":\"https:\/\/espak.ee\/epood\/toode\/vuugipahtel-uniflott-imgragniert-5kg\/#breadcrumb\"},\"inLanguage\":\"et\",\"potentialAction\":[{\"@type\":\"ReadAction\",\"target\":[\"https:\/\/espak.ee\/epood\/toode\/vuugipahtel-uniflott-imgragniert-5kg\/\"]}]},{\"@type\":\"ImageObject\",\"inLanguage\":\"et\",\"@id\":\"https:\/\/espak.ee\/epood\/toode\/vuugipahtel-uniflott-imgragniert-5kg\/#primaryimage\",\"url\":\"https:\/\/espak.ee\/epood\/wp-content\/uploads\/2022\/04\/220786_683x512-2.jpg\",\"contentUrl\":\"https:\/\/espak.ee\/epood\/wp-content\/uploads\/2022\/04\/220786_683x512-2.jpg\",\"width\":800,\"height\":800},{\"@type\":\"BreadcrumbList\",\"@id\":\"https:\/\/espak.ee\/epood\/toode\/vuugipahtel-uniflott-imgragniert-5kg\/#breadcrumb\",\"itemListElement\":[{\"@type\":\"ListItem\",\"position\":1,\"name\":\"Home\",\"item\":\"https:\/\/espak.ee\/epood\/\"},{\"@type\":\"ListItem\",\"position\":2,\"name\":\"Tootevalik\",\"item\":\"https:\/\/espak.ee\/epood\/tootevalik\/\"},{\"@type\":\"ListItem\",\"position\":3,\"name\":\"VUUGIPAHTEL UNIFLOTT IMGR\u00c4GNIERT 5KG\"}]},{\"@type\":\"WebSite\",\"@id\":\"https:\/\/espak.ee\/epood\/#website\",\"url\":\"https:\/\/espak.ee\/epood\/\",\"name\":\"Espak E-pood\",\"description\":\"\",\"potentialAction\":[{\"@type\":\"SearchAction\",\"target\":{\"@type\":\"EntryPoint\",\"urlTemplate\":\"https:\/\/espak.ee\/epood\/?s={search_term_string}\"},\"query-input\":{\"@type\":\"PropertyValueSpecification\",\"valueRequired\":true,\"valueName\":\"search_term_string\"}}],\"inLanguage\":\"et\"}]}<\/script>\n<!-- \/ Yoast SEO plugin. -->","yoast_head_json":{"title":"VUUGIPAHTEL UNIFLOTT IMGR\u00c4GNIERT 5KG - Espak E-pood","robots":{"index":"index","follow":"follow","max-snippet":"max-snippet:-1","max-image-preview":"max-image-preview:large","max-video-preview":"max-video-preview:-1"},"canonical":"https:\/\/espak.ee\/epood\/toode\/vuugipahtel-uniflott-imgragniert-5kg\/","og_locale":"et_EE","og_type":"article","og_title":"VUUGIPAHTEL UNIFLOTT IMGR\u00c4GNIERT 5KG - Espak E-pood","og_url":"https:\/\/espak.ee\/epood\/toode\/vuugipahtel-uniflott-imgragniert-5kg\/","og_site_name":"Espak E-pood","article_modified_time":"2024-10-01T13:41:40+00:00","og_image":[{"width":800,"height":800,"url":"https:\/\/espak.ee\/epood\/wp-content\/uploads\/2022\/04\/220786_683x512-2.jpg","type":"image\/jpeg"}],"twitter_card":"summary_large_image","twitter_misc":{"Est. reading time":"1 minut"},"schema":{"@context":"https:\/\/schema.org","@graph":[{"@type":"WebPage","@id":"https:\/\/espak.ee\/epood\/toode\/vuugipahtel-uniflott-imgragniert-5kg\/","url":"https:\/\/espak.ee\/epood\/toode\/vuugipahtel-uniflott-imgragniert-5kg\/","name":"VUUGIPAHTEL UNIFLOTT IMGR\u00c4GNIERT 5KG - Espak E-pood","isPartOf":{"@id":"https:\/\/espak.ee\/epood\/#website"},"primaryImageOfPage":{"@id":"https:\/\/espak.ee\/epood\/toode\/vuugipahtel-uniflott-imgragniert-5kg\/#primaryimage"},"image":{"@id":"https:\/\/espak.ee\/epood\/toode\/vuugipahtel-uniflott-imgragniert-5kg\/#primaryimage"},"thumbnailUrl":"https:\/\/espak.ee\/epood\/wp-content\/uploads\/2022\/04\/220786_683x512-2.jpg","datePublished":"2022-04-27T23:45:20+00:00","dateModified":"2024-10-01T13:41:40+00:00","breadcrumb":{"@id":"https:\/\/espak.ee\/epood\/toode\/vuugipahtel-uniflott-imgragniert-5kg\/#breadcrumb"},"inLanguage":"et","potentialAction":[{"@type":"ReadAction","target":["https:\/\/espak.ee\/epood\/toode\/vuugipahtel-uniflott-imgragniert-5kg\/"]}]},{"@type":"ImageObject","inLanguage":"et","@id":"https:\/\/espak.ee\/epood\/toode\/vuugipahtel-uniflott-imgragniert-5kg\/#primaryimage","url":"https:\/\/espak.ee\/epood\/wp-content\/uploads\/2022\/04\/220786_683x512-2.jpg","contentUrl":"https:\/\/espak.ee\/epood\/wp-content\/uploads\/2022\/04\/220786_683x512-2.jpg","width":800,"height":800},{"@type":"BreadcrumbList","@id":"https:\/\/espak.ee\/epood\/toode\/vuugipahtel-uniflott-imgragniert-5kg\/#breadcrumb","itemListElement":[{"@type":"ListItem","position":1,"name":"Home","item":"https:\/\/espak.ee\/epood\/"},{"@type":"ListItem","position":2,"name":"Tootevalik","item":"https:\/\/espak.ee\/epood\/tootevalik\/"},{"@type":"ListItem","position":3,"name":"VUUGIPAHTEL UNIFLOTT IMGR\u00c4GNIERT 5KG"}]},{"@type":"WebSite","@id":"https:\/\/espak.ee\/epood\/#website","url":"https:\/\/espak.ee\/epood\/","name":"Espak E-pood","description":"","potentialAction":[{"@type":"SearchAction","target":{"@type":"EntryPoint","urlTemplate":"https:\/\/espak.ee\/epood\/?s={search_term_string}"},"query-input":{"@type":"PropertyValueSpecification","valueRequired":true,"valueName":"search_term_string"}}],"inLanguage":"et"}]}},"_links":{"self":[{"href":"https:\/\/espak.ee\/epood\/wp-json\/wp\/v2\/product\/117275","targetHints":{"allow":["GET"]}}],"collection":[{"href":"https:\/\/espak.ee\/epood\/wp-json\/wp\/v2\/product"}],"about":[{"href":"https:\/\/espak.ee\/epood\/wp-json\/wp\/v2\/types\/product"}],"replies":[{"embeddable":true,"href":"https:\/\/espak.ee\/epood\/wp-json\/wp\/v2\/comments?post=117275"}],"wp:featuredmedia":[{"embeddable":true,"href":"https:\/\/espak.ee\/epood\/wp-json\/wp\/v2\/media\/117878"}],"wp:attachment":[{"href":"https:\/\/espak.ee\/epood\/wp-json\/wp\/v2\/media?parent=117275"}],"wp:term":[{"taxonomy":"product_brand","embeddable":true,"href":"https:\/\/espak.ee\/epood\/wp-json\/wp\/v2\/product_brand?post=117275"},{"taxonomy":"product_cat","embeddable":true,"href":"https:\/\/espak.ee\/epood\/wp-json\/wp\/v2\/product_cat?post=117275"},{"taxonomy":"product_tag","embeddable":true,"href":"https:\/\/espak.ee\/epood\/wp-json\/wp\/v2\/product_tag?post=117275"}],"curies":[{"name":"wp","href":"https:\/\/api.w.org\/{rel}","templated":true}]}}