{"id":117272,"date":"2022-04-27T22:57:02","date_gmt":"2022-04-27T22:57:02","guid":{"rendered":"https:\/\/espak.ee\/epood\/?post_type=product&#038;p=117272"},"modified":"2025-05-08T15:12:09","modified_gmt":"2025-05-08T12:12:09","slug":"muurisegu-uninaks-naks-m200-25kg-turbapruun","status":"publish","type":"product","link":"https:\/\/espak.ee\/epood\/toode\/muurisegu-uninaks-naks-m200-25kg-turbapruun\/","title":{"rendered":"M\u00dc\u00dcRISEGU UNINAKS NAKS M200 25KG TURBAPRUUN"},"content":{"rendered":"<div class=\"row\"  id=\"row-792786173\">\n\n\t<div id=\"col-1571355124\" class=\"col medium-9 small-12 large-9\"  >\n\t\t\t\t<div class=\"col-inner\"  >\n\t\t\t\n\t\t\t\n<h3>M\u00fc\u00fcrisegu Uninaks Naks M200 25kg turbapruun<\/h3>\n<p>Keskmise teraga, pol\u00fcmeersete lisanditega. Kvaliteetm\u00fc\u00fcrisegu suure koormusega ja kandvatele seintele.<\/p>\n<p>Igasuguste ehituskivide ja plokkide ladumiseks suure koormusega v\u00f5i kandvate seinte puhul. Eritooniliste fassaadikivide ladumiseks. Vuuk j\u00e4\u00e4b tugev ja sile ning on hiljem pestav survepesuga. Normaalne segukihi paksus kahe kivi vahel 8-12 mm.  Ettetellimisel valmistatakse toonitud m\u00fc\u00fcrisegusid Uninaksi v\u00e4rvitabeli alusel.<\/p>\n<p>Talveperioodil toodetakse segu k\u00fclmumisvastase lisandiga (-10 C), v\u00e4lja arvatud v\u00e4rvilised segud.\n<\/p>\n<p><strong>Koostis:<\/strong> Kvartsliiv ( maksimaalne tera suurus 3 mm), valge v\u00f5i hall portlandtsement, lubi, pol\u00fcmeerid, plastifikaator, mineraalsed pigmendid (toonitud m\u00fc\u00fcrisegul).<\/p>\n<p><strong>Kasutatakse:<\/strong> Looduskivist, p\u00f5letatud tellistest, silikaatkividest ja igasugustest plokkidest m\u00fc\u00fcride, hoone fassaadide, korstnate ja kaminate ladumiseks.<\/p>\n<p><strong>Paigaldamine:<\/strong> Segu kantakse aluspinnale  plaatimislabidaga. Seguga kaetakse pind, mida j\u00f5uab plaatida 10-15 min jooksul. Seinale m\u00e4\u00e4ritud segukihi paksus on normaalselt 3-8 mm. Plaatide korrigeerimise aeg seinal kuni 10 min.<\/p>\n<p><strong>Ettevalmistused t\u00f6\u00f6ks:<\/strong> Vajalik kogus segupulbrit kallata segamisn\u00f5usse v\u00f5i segistisse.<br \/>\nLisada vett 13-17% segu kaalust (3,25 \u2013 4 liitrit 25 kg koti kohta)<br \/>\nSegada mehhaaniliselt v\u00f5i k\u00e4sitsi kuni segu t\u00e4ieliku m\u00e4rgumiseni.<br \/>\nLasta segul veidi seista ja segada veel kord.<br \/>\nValmissegu kasutatav 4 tundi.<\/p>\n<p><strong>M\u00fc\u00fcrisegu kulu:<\/strong> Kulu \u00fchele looduskivist plokile s\u00f5ltub kivi m\u00f5\u00f5tmetest.<br \/>\nKulu \u00fchele t\u00e4istellisele m\u00f5\u00f5tudega 250x120x65 mm ca 0,6-0,8 kg segu.<br \/>\nKulu \u00fchele auktellisele m\u00f5\u00f5tudega 250x120x65 mm ca 0,8-1,0 kg segu.<br \/>\nKulu \u00fchele betoonist fassaadikivile m\u00f5\u00f5tudega 190x90x57 mm ca 0,4-0,5 kg segu.<br \/>\nKulu \u00fchele keramsiitbetoonist plokile m\u00f5\u00f5tudega 490x200x185 mm ca 1,2-1,4 kg segu.<\/p>\n<p><strong>S\u00e4ilitamine:<\/strong> Kottides segupulbrit hoida kuivas ruumis.<br \/>\nSegupulbri s\u00e4ilimisaeg on 1 aasta.<\/p>\n\t\t<\/div>\n\t\t\t\t\t<\/div>\n\n\t\n\n\t<div id=\"col-544562083\" class=\"col medium-3 small-12 large-3\"  >\n\t\t\t\t<div class=\"col-inner\"  >\n\t\t\t\n\t\t\t\n\t<div id=\"gap-1146176251\" class=\"gap-element clearfix\" style=\"display:block; height:auto;\">\n\t\t\n<style>\n#gap-1146176251 {\n  padding-top: 30px;\n}\n<\/style>\n\t<\/div>\n\t\n<h3>Kasutusjuhend<\/h3>\n<p><a href=\"https:\/\/espak.ee\/epood\/wp-content\/uploads\/2022\/04\/MuuriseguM200-EE.pdf\"target=\"_blank\" rel=\"noopener noreferrer\"><i class=\"far fa-file-pdf\"><\/i> Kasutusjuhend (PDF)<\/a><\/p>\n<h3>Ohutusalane teave<\/h3>\n<p><a href=\"https:\/\/espak.ee\/epood\/wp-content\/uploads\/2022\/04\/Ohutuskaart-2019-EE-Lubi.pdf\"target=\"_blank\" rel=\"noopener noreferrer\"><i class=\"far fa-file-pdf\"><\/i> Ohutuskaart (PDF)<\/a><\/p>\n<div class=\"is-divider divider clearfix\" ><\/div>\n<p><strong>\u00dcksikasjalikuma n\u00f5u saamiseks v\u00f5tke \u00fchendust:<br \/><\/strong> AS Uninaks<br \/>Liivalao 11<br \/>11316<br \/>Tallinn<br \/>+372 6565744<\/p>\n<div class=\"is-divider divider clearfix\" ><\/div>\n\t\t<\/div>\n\t\t\t\t\t<\/div>\n\n\t\n<\/div>\n","protected":false},"excerpt":{"rendered":"","protected":false},"featured_media":117507,"comment_status":"closed","ping_status":"closed","template":"","meta":[],"product_brand":[],"product_cat":[2861,2698,2814,2697],"product_tag":[],"class_list":{"0":"post-117272","1":"product","2":"type-product","3":"status-publish","4":"has-post-thumbnail","6":"product_cat-muurisegud","7":"product_cat-pahtlid-ja-kuivsegud","8":"product_cat-tsementsegud","9":"product_cat-uldehitus","10":"pa_kaubamark-uninaks-as","12":"first","13":"outofstock","14":"sale","15":"taxable","16":"shipping-taxable","17":"purchasable","18":"product-type-simple"},"yoast_head":"<!-- This site is optimized with the Yoast SEO plugin v26.9 - https:\/\/yoast.com\/product\/yoast-seo-wordpress\/ -->\n<title>M\u00dc\u00dcRISEGU UNINAKS NAKS M200 25KG TURBAPRUUN - Espak E-pood<\/title>\n<meta name=\"robots\" content=\"index, follow, max-snippet:-1, max-image-preview:large, max-video-preview:-1\" \/>\n<link rel=\"canonical\" href=\"https:\/\/espak.ee\/epood\/toode\/muurisegu-uninaks-naks-m200-25kg-turbapruun\/\" \/>\n<meta property=\"og:locale\" content=\"et_EE\" \/>\n<meta property=\"og:type\" content=\"article\" \/>\n<meta property=\"og:title\" content=\"M\u00dc\u00dcRISEGU UNINAKS NAKS M200 25KG TURBAPRUUN - Espak E-pood\" \/>\n<meta property=\"og:url\" content=\"https:\/\/espak.ee\/epood\/toode\/muurisegu-uninaks-naks-m200-25kg-turbapruun\/\" \/>\n<meta property=\"og:site_name\" content=\"Espak E-pood\" \/>\n<meta property=\"article:modified_time\" content=\"2025-05-08T12:12:09+00:00\" \/>\n<meta property=\"og:image\" content=\"https:\/\/espak.ee\/epood\/wp-content\/uploads\/2022\/04\/MS200-e1550868333437-2.jpg\" \/>\n\t<meta property=\"og:image:width\" content=\"1000\" \/>\n\t<meta property=\"og:image:height\" content=\"1000\" \/>\n\t<meta property=\"og:image:type\" content=\"image\/jpeg\" \/>\n<meta name=\"twitter:card\" content=\"summary_large_image\" \/>\n<meta name=\"twitter:label1\" content=\"Est. reading time\" \/>\n\t<meta name=\"twitter:data1\" content=\"1 minut\" \/>\n<script type=\"application\/ld+json\" class=\"yoast-schema-graph\">{\"@context\":\"https:\/\/schema.org\",\"@graph\":[{\"@type\":\"WebPage\",\"@id\":\"https:\/\/espak.ee\/epood\/toode\/muurisegu-uninaks-naks-m200-25kg-turbapruun\/\",\"url\":\"https:\/\/espak.ee\/epood\/toode\/muurisegu-uninaks-naks-m200-25kg-turbapruun\/\",\"name\":\"M\u00dc\u00dcRISEGU UNINAKS NAKS M200 25KG TURBAPRUUN - Espak E-pood\",\"isPartOf\":{\"@id\":\"https:\/\/espak.ee\/epood\/#website\"},\"primaryImageOfPage\":{\"@id\":\"https:\/\/espak.ee\/epood\/toode\/muurisegu-uninaks-naks-m200-25kg-turbapruun\/#primaryimage\"},\"image\":{\"@id\":\"https:\/\/espak.ee\/epood\/toode\/muurisegu-uninaks-naks-m200-25kg-turbapruun\/#primaryimage\"},\"thumbnailUrl\":\"https:\/\/espak.ee\/epood\/wp-content\/uploads\/2022\/04\/MS200-e1550868333437-2.jpg\",\"datePublished\":\"2022-04-27T22:57:02+00:00\",\"dateModified\":\"2025-05-08T12:12:09+00:00\",\"breadcrumb\":{\"@id\":\"https:\/\/espak.ee\/epood\/toode\/muurisegu-uninaks-naks-m200-25kg-turbapruun\/#breadcrumb\"},\"inLanguage\":\"et\",\"potentialAction\":[{\"@type\":\"ReadAction\",\"target\":[\"https:\/\/espak.ee\/epood\/toode\/muurisegu-uninaks-naks-m200-25kg-turbapruun\/\"]}]},{\"@type\":\"ImageObject\",\"inLanguage\":\"et\",\"@id\":\"https:\/\/espak.ee\/epood\/toode\/muurisegu-uninaks-naks-m200-25kg-turbapruun\/#primaryimage\",\"url\":\"https:\/\/espak.ee\/epood\/wp-content\/uploads\/2022\/04\/MS200-e1550868333437-2.jpg\",\"contentUrl\":\"https:\/\/espak.ee\/epood\/wp-content\/uploads\/2022\/04\/MS200-e1550868333437-2.jpg\",\"width\":1000,\"height\":1000},{\"@type\":\"BreadcrumbList\",\"@id\":\"https:\/\/espak.ee\/epood\/toode\/muurisegu-uninaks-naks-m200-25kg-turbapruun\/#breadcrumb\",\"itemListElement\":[{\"@type\":\"ListItem\",\"position\":1,\"name\":\"Home\",\"item\":\"https:\/\/espak.ee\/epood\/\"},{\"@type\":\"ListItem\",\"position\":2,\"name\":\"Tootevalik\",\"item\":\"https:\/\/espak.ee\/epood\/tootevalik\/\"},{\"@type\":\"ListItem\",\"position\":3,\"name\":\"M\u00dc\u00dcRISEGU UNINAKS NAKS M200 25KG TURBAPRUUN\"}]},{\"@type\":\"WebSite\",\"@id\":\"https:\/\/espak.ee\/epood\/#website\",\"url\":\"https:\/\/espak.ee\/epood\/\",\"name\":\"Espak E-pood\",\"description\":\"\",\"potentialAction\":[{\"@type\":\"SearchAction\",\"target\":{\"@type\":\"EntryPoint\",\"urlTemplate\":\"https:\/\/espak.ee\/epood\/?s={search_term_string}\"},\"query-input\":{\"@type\":\"PropertyValueSpecification\",\"valueRequired\":true,\"valueName\":\"search_term_string\"}}],\"inLanguage\":\"et\"}]}<\/script>\n<!-- \/ Yoast SEO plugin. -->","yoast_head_json":{"title":"M\u00dc\u00dcRISEGU UNINAKS NAKS M200 25KG TURBAPRUUN - Espak E-pood","robots":{"index":"index","follow":"follow","max-snippet":"max-snippet:-1","max-image-preview":"max-image-preview:large","max-video-preview":"max-video-preview:-1"},"canonical":"https:\/\/espak.ee\/epood\/toode\/muurisegu-uninaks-naks-m200-25kg-turbapruun\/","og_locale":"et_EE","og_type":"article","og_title":"M\u00dc\u00dcRISEGU UNINAKS NAKS M200 25KG TURBAPRUUN - Espak E-pood","og_url":"https:\/\/espak.ee\/epood\/toode\/muurisegu-uninaks-naks-m200-25kg-turbapruun\/","og_site_name":"Espak E-pood","article_modified_time":"2025-05-08T12:12:09+00:00","og_image":[{"width":1000,"height":1000,"url":"https:\/\/espak.ee\/epood\/wp-content\/uploads\/2022\/04\/MS200-e1550868333437-2.jpg","type":"image\/jpeg"}],"twitter_card":"summary_large_image","twitter_misc":{"Est. reading time":"1 minut"},"schema":{"@context":"https:\/\/schema.org","@graph":[{"@type":"WebPage","@id":"https:\/\/espak.ee\/epood\/toode\/muurisegu-uninaks-naks-m200-25kg-turbapruun\/","url":"https:\/\/espak.ee\/epood\/toode\/muurisegu-uninaks-naks-m200-25kg-turbapruun\/","name":"M\u00dc\u00dcRISEGU UNINAKS NAKS M200 25KG TURBAPRUUN - Espak E-pood","isPartOf":{"@id":"https:\/\/espak.ee\/epood\/#website"},"primaryImageOfPage":{"@id":"https:\/\/espak.ee\/epood\/toode\/muurisegu-uninaks-naks-m200-25kg-turbapruun\/#primaryimage"},"image":{"@id":"https:\/\/espak.ee\/epood\/toode\/muurisegu-uninaks-naks-m200-25kg-turbapruun\/#primaryimage"},"thumbnailUrl":"https:\/\/espak.ee\/epood\/wp-content\/uploads\/2022\/04\/MS200-e1550868333437-2.jpg","datePublished":"2022-04-27T22:57:02+00:00","dateModified":"2025-05-08T12:12:09+00:00","breadcrumb":{"@id":"https:\/\/espak.ee\/epood\/toode\/muurisegu-uninaks-naks-m200-25kg-turbapruun\/#breadcrumb"},"inLanguage":"et","potentialAction":[{"@type":"ReadAction","target":["https:\/\/espak.ee\/epood\/toode\/muurisegu-uninaks-naks-m200-25kg-turbapruun\/"]}]},{"@type":"ImageObject","inLanguage":"et","@id":"https:\/\/espak.ee\/epood\/toode\/muurisegu-uninaks-naks-m200-25kg-turbapruun\/#primaryimage","url":"https:\/\/espak.ee\/epood\/wp-content\/uploads\/2022\/04\/MS200-e1550868333437-2.jpg","contentUrl":"https:\/\/espak.ee\/epood\/wp-content\/uploads\/2022\/04\/MS200-e1550868333437-2.jpg","width":1000,"height":1000},{"@type":"BreadcrumbList","@id":"https:\/\/espak.ee\/epood\/toode\/muurisegu-uninaks-naks-m200-25kg-turbapruun\/#breadcrumb","itemListElement":[{"@type":"ListItem","position":1,"name":"Home","item":"https:\/\/espak.ee\/epood\/"},{"@type":"ListItem","position":2,"name":"Tootevalik","item":"https:\/\/espak.ee\/epood\/tootevalik\/"},{"@type":"ListItem","position":3,"name":"M\u00dc\u00dcRISEGU UNINAKS NAKS M200 25KG TURBAPRUUN"}]},{"@type":"WebSite","@id":"https:\/\/espak.ee\/epood\/#website","url":"https:\/\/espak.ee\/epood\/","name":"Espak E-pood","description":"","potentialAction":[{"@type":"SearchAction","target":{"@type":"EntryPoint","urlTemplate":"https:\/\/espak.ee\/epood\/?s={search_term_string}"},"query-input":{"@type":"PropertyValueSpecification","valueRequired":true,"valueName":"search_term_string"}}],"inLanguage":"et"}]}},"_links":{"self":[{"href":"https:\/\/espak.ee\/epood\/wp-json\/wp\/v2\/product\/117272","targetHints":{"allow":["GET"]}}],"collection":[{"href":"https:\/\/espak.ee\/epood\/wp-json\/wp\/v2\/product"}],"about":[{"href":"https:\/\/espak.ee\/epood\/wp-json\/wp\/v2\/types\/product"}],"replies":[{"embeddable":true,"href":"https:\/\/espak.ee\/epood\/wp-json\/wp\/v2\/comments?post=117272"}],"wp:featuredmedia":[{"embeddable":true,"href":"https:\/\/espak.ee\/epood\/wp-json\/wp\/v2\/media\/117507"}],"wp:attachment":[{"href":"https:\/\/espak.ee\/epood\/wp-json\/wp\/v2\/media?parent=117272"}],"wp:term":[{"taxonomy":"product_brand","embeddable":true,"href":"https:\/\/espak.ee\/epood\/wp-json\/wp\/v2\/product_brand?post=117272"},{"taxonomy":"product_cat","embeddable":true,"href":"https:\/\/espak.ee\/epood\/wp-json\/wp\/v2\/product_cat?post=117272"},{"taxonomy":"product_tag","embeddable":true,"href":"https:\/\/espak.ee\/epood\/wp-json\/wp\/v2\/product_tag?post=117272"}],"curies":[{"name":"wp","href":"https:\/\/api.w.org\/{rel}","templated":true}]}}