{"id":117231,"date":"2022-04-27T06:19:38","date_gmt":"2022-04-27T06:19:38","guid":{"rendered":"https:\/\/espak.ee\/epood\/?post_type=product&#038;p=117231"},"modified":"2024-03-23T03:51:45","modified_gmt":"2024-03-23T01:51:45","slug":"vuugitaidis-kiilto-pro-core-444-10kg","status":"publish","type":"product","link":"https:\/\/espak.ee\/epood\/toode\/vuugitaidis-kiilto-pro-core-444-10kg\/","title":{"rendered":"VUUGIT\u00c4IDIS KIILTO PRO CORE 444 10KG"},"content":{"rendered":"<div class=\"row\"  id=\"row-1826464837\">\n\n\t<div id=\"col-1941083490\" class=\"col medium-9 small-12 large-9\"  >\n\t\t\t\t<div class=\"col-inner\"  >\n\t\t\t\n\t\t\t\n<h2>Kiilto Pro Core vuugit\u00e4idis 444 10kg<\/h2>\n<p>Spetsiaalne vuugit\u00e4idis p\u00f5randale ja seintele. P\u00f5hineb spetsiaalsel tsemendil, mis takistab soolade moodustumist. Lihtsalt ja kiirelt valmiv \u00fchtlase v\u00e4rvitooniga vuuk.<\/p>\n<div class=\"message-box relative\" style=\"padding-top:15px;padding-bottom:15px;\"><div class=\"message-box-bg-image bg-fill fill\" ><\/div><div class=\"message-box-bg-overlay bg-fill fill\" ><\/div><div class=\"container relative\"><div class=\"inner last-reset\">\n<div class=\"row align-middle align-center\"  id=\"row-918898644\">\n\n\t<div id=\"col-94739605\" class=\"col small-12 large-12\"  >\n\t\t\t\t<div class=\"col-inner text-left\"  >\n\t\t\t\n\t\t\t\n<h4>Omadused<\/h4>\n<div class=\"row\"  id=\"row-798082862\">\n\n\t<div id=\"col-1166278862\" class=\"col medium-6 small-12 large-6\"  >\n\t\t\t\t<div class=\"col-inner\"  >\n\t\t\t\n\t\t\t\n<p><i class=\"fa fa-check fa-2x\"><\/i> <strong>Murenemisvastane, kiire spetsiaalne vuugit\u00e4idis p\u00f5randa- ja seinaplaatidele<\/strong><\/p>\n<p><i class=\"fa fa-check fa-2x\"><\/i> <strong>Sobib keraamiliste plaatide ja kivide vuukimiseks elu- ja avalikes ruumides. Sise- ja v\u00e4lispindadele<\/strong><\/p>\n\t\t<\/div>\n\t\t\t\t\n<style>\n#col-1166278862 > .col-inner {\n  margin: 0px 0px 15px 0px;\n}\n<\/style>\n\t<\/div>\n\n\t\n\n\t<div id=\"col-1321693955\" class=\"col medium-6 small-12 large-6\"  >\n\t\t\t\t<div class=\"col-inner\"  >\n\t\t\t\n\t\t\t\n<p><i class=\"fa fa-check fa-2x\"><\/i> <strong>V\u00e4ga \u00f6konoomne, 0,3\u20131,5 kg\/m\u00b2 olenevalt vuugi ja plaadi suurusest<\/strong><\/p>\n<p><i class=\"fa fa-check fa-2x\"><\/i> <strong>Vuugi laius 2\u201312 mm, 8 v\u00e4rvi<\/strong><\/p>\n\t\t<\/div>\n\t\t\t\t\n<style>\n#col-1321693955 > .col-inner {\n  margin: 0px 0px 15px 0px;\n}\n<\/style>\n\t<\/div>\n\n\t\n<\/div>\n\t\t<\/div>\n\t\t\t\t\t<\/div>\n\n\t\n<\/div>\n<\/div><\/div><\/div>\n\t<div id=\"gap-1191549999\" class=\"gap-element clearfix\" style=\"display:block; height:auto;\">\n\t\t\n<style>\n#gap-1191549999 {\n  padding-top: 30px;\n}\n<\/style>\n\t<\/div>\n\t\n<h3>Kasutamise \u00fcksikasjad<\/h3>\n<p>Kiilto Pro core on kiiresti kivinev vuugit\u00e4idis keraamiliste plaatide ja kivide vuukimiseks seintel ja p\u00f5randatel. Professionaalseks kasutuseks. Kiilto Pro Core sobib 2\u201312 mm laiustele ja v\u00e4hemalt 3 mm s\u00fcgavustele vuukidele. Vuukida saab 5 h kuni 3 p\u00e4eva p\u00e4rast plaatimist (olenevalt plaadisegust, aluspinnast ja \u00fcmbritsevatest tingimustest). Ei sobi alaliselt vee all olevate pindade jaoks (nt basseinid).<\/p>\n<p><strong>Kasutusjuhis:<\/strong> Segamine: Kiilto Pro Core pulber valatakse elektrisegisti abil k\u00fclma puhta vette (segamissuhe: 5 kg pulbrit ja 1,2\u20131,3 l puhast vett) ning lastakse 1\u20132 minutit vees lahustuda ja segatakse uuesti. Segu tuleb kasutada \u00e4ra 30\u201345 minuti jooksul. Vuukide t\u00e4itmine: kandke segu kummilabidaga diagonaalselt vuukidele, t\u00e4ites need tugevalt vajutades seguga. Laske kuivada, kuni segu ei kleepu enam s\u00f5rmede k\u00fclge (tavaliselt 15\u201330 min) ja seej\u00e4rel puhastage niiske svammiga. Kuivamisaeg s\u00f5ltub plaadi t\u00fc\u00fcbist, aluspinnast, vuugi m\u00f5\u00f5tudest ja \u00fcmbritsevatest tingimustest. Liiga varajane puhastamine v\u00f5i liigse vee kasutamine v\u00f5ib muuta vuukide v\u00e4rvi. Asendage must pesuvesi regulaarselt puhtaga, et saada \u00fchtlasemad vuugid ja v\u00e4hendada lubjaj\u00e4\u00e4kide kogunemist. Kui segu on kuivanud, puhastage pind kuiva lapiga. Piisava vuukide tugevuse saamiseks niisutage vuuke 24 tunni jooksul 1\u20133 korda puhta veega (nt pihustiga). Nurgavuukide ja l\u00e4biviikude jaoks kasutage hermeetikut Kiilto Sanitaarsilikooni.<\/p>\n<p>NB! Glasuurimata plaate on soovitatav on enne vuukimist niisutada. Poorseid plaate paigaldades kontrollige eelnevalt, kui lihtne on segu plaadi pinnalt maha pesta. Poorset kivi v\u00f5i muid poorseid materjale vuukides j\u00e4rgige t\u00e4helepanelikult plaadi tootja juhiseid.<\/p>\n<p><strong>Keskkond ja ohutus:<\/strong> V\u00e4ltige kuivamata toote kokkupuudet nahaga, kandke kaitsekindaid. Tutvuge materjali ohutuskaardiga. Teavet toote ja pakendi k\u00f5rvaldamise kohta leiate veebisaidilt www.kiilto.com.<\/p>\n\t\t<\/div>\n\t\t\t\t\t<\/div>\n\n\t\n\n\t<div id=\"col-1618644304\" class=\"col medium-3 small-12 large-3\"  >\n\t\t\t\t<div class=\"col-inner\"  >\n\t\t\t\n\t\t\t\n\t<div id=\"gap-1464628690\" class=\"gap-element clearfix\" style=\"display:block; height:auto;\">\n\t\t\n<style>\n#gap-1464628690 {\n  padding-top: 30px;\n}\n<\/style>\n\t<\/div>\n\t\n<h3>Tehniline informatsioon<\/h3>\n<p><a href=\"https:\/\/espak.ee\/epood\/wp-content\/uploads\/2022\/04\/product_brochure_T4290_2022-05-30_et_EE.pdf\"target=\"_blank\" rel=\"noopener noreferrer\"><i class=\"far fa-file-pdf\"><\/i> Tehniline info (PDF)<\/a><\/p>\n<h3>Ohutusalane teave<\/h3>\n<p><a href=\"https:\/\/espak.ee\/epood\/wp-content\/uploads\/2022\/04\/kiilto-pro-core.pdf\"target=\"_blank\" rel=\"noopener noreferrer\"><i class=\"far fa-file-pdf\"><\/i> Ohutuskaart (PDF)<\/a><\/p>\n<div class=\"is-divider divider clearfix\" ><\/div>\n<p><strong>\u00dcksikasjalikuma n\u00f5u saamiseks v\u00f5tke \u00fchendust:<br \/><\/strong>Kiilto Eesti O\u00dc<br \/>L\u00e4ike tee 4<br \/>75312<br \/>Rae vald<br \/>(+372) 60 31 900<\/p>\n<div class=\"is-divider divider clearfix\" ><\/div>\n\t\t<\/div>\n\t\t\t\t\t<\/div>\n\n\t\n<\/div>\n","protected":false},"excerpt":{"rendered":"","protected":false},"featured_media":123866,"comment_status":"closed","ping_status":"closed","template":"","meta":[],"product_brand":[],"product_cat":[2698,2805,2697,2807],"product_tag":[],"class_list":{"0":"post-117231","1":"product","2":"type-product","3":"status-publish","4":"has-post-thumbnail","6":"product_cat-pahtlid-ja-kuivsegud","7":"product_cat-plaatimissegud","8":"product_cat-uldehitus","9":"product_cat-vuugisegud","10":"pa_kaubamark-kiilto-eesti-ou","12":"first","13":"outofstock","14":"sale","15":"taxable","16":"shipping-taxable","17":"purchasable","18":"product-type-simple"},"yoast_head":"<!-- This site is optimized with the Yoast SEO plugin v26.9 - https:\/\/yoast.com\/product\/yoast-seo-wordpress\/ -->\n<title>VUUGIT\u00c4IDIS KIILTO PRO CORE 444 10KG - Espak E-pood<\/title>\n<meta name=\"robots\" content=\"index, follow, max-snippet:-1, max-image-preview:large, max-video-preview:-1\" \/>\n<link rel=\"canonical\" href=\"https:\/\/espak.ee\/epood\/toode\/vuugitaidis-kiilto-pro-core-444-10kg\/\" \/>\n<meta property=\"og:locale\" content=\"et_EE\" \/>\n<meta property=\"og:type\" content=\"article\" \/>\n<meta property=\"og:title\" content=\"VUUGIT\u00c4IDIS KIILTO PRO CORE 444 10KG - Espak E-pood\" \/>\n<meta property=\"og:url\" content=\"https:\/\/espak.ee\/epood\/toode\/vuugitaidis-kiilto-pro-core-444-10kg\/\" \/>\n<meta property=\"og:site_name\" content=\"Espak E-pood\" \/>\n<meta property=\"article:modified_time\" content=\"2024-03-23T01:51:45+00:00\" \/>\n<meta property=\"og:image\" content=\"https:\/\/espak.ee\/epood\/wp-content\/uploads\/2022\/04\/pro-core.jpg\" \/>\n\t<meta property=\"og:image:width\" content=\"800\" \/>\n\t<meta property=\"og:image:height\" content=\"800\" \/>\n\t<meta property=\"og:image:type\" content=\"image\/jpeg\" \/>\n<meta name=\"twitter:card\" content=\"summary_large_image\" \/>\n<meta name=\"twitter:label1\" content=\"Est. reading time\" \/>\n\t<meta name=\"twitter:data1\" content=\"2 minutit\" \/>\n<script type=\"application\/ld+json\" class=\"yoast-schema-graph\">{\"@context\":\"https:\/\/schema.org\",\"@graph\":[{\"@type\":\"WebPage\",\"@id\":\"https:\/\/espak.ee\/epood\/toode\/vuugitaidis-kiilto-pro-core-444-10kg\/\",\"url\":\"https:\/\/espak.ee\/epood\/toode\/vuugitaidis-kiilto-pro-core-444-10kg\/\",\"name\":\"VUUGIT\u00c4IDIS KIILTO PRO CORE 444 10KG - Espak E-pood\",\"isPartOf\":{\"@id\":\"https:\/\/espak.ee\/epood\/#website\"},\"primaryImageOfPage\":{\"@id\":\"https:\/\/espak.ee\/epood\/toode\/vuugitaidis-kiilto-pro-core-444-10kg\/#primaryimage\"},\"image\":{\"@id\":\"https:\/\/espak.ee\/epood\/toode\/vuugitaidis-kiilto-pro-core-444-10kg\/#primaryimage\"},\"thumbnailUrl\":\"https:\/\/espak.ee\/epood\/wp-content\/uploads\/2022\/04\/pro-core.jpg\",\"datePublished\":\"2022-04-27T06:19:38+00:00\",\"dateModified\":\"2024-03-23T01:51:45+00:00\",\"breadcrumb\":{\"@id\":\"https:\/\/espak.ee\/epood\/toode\/vuugitaidis-kiilto-pro-core-444-10kg\/#breadcrumb\"},\"inLanguage\":\"et\",\"potentialAction\":[{\"@type\":\"ReadAction\",\"target\":[\"https:\/\/espak.ee\/epood\/toode\/vuugitaidis-kiilto-pro-core-444-10kg\/\"]}]},{\"@type\":\"ImageObject\",\"inLanguage\":\"et\",\"@id\":\"https:\/\/espak.ee\/epood\/toode\/vuugitaidis-kiilto-pro-core-444-10kg\/#primaryimage\",\"url\":\"https:\/\/espak.ee\/epood\/wp-content\/uploads\/2022\/04\/pro-core.jpg\",\"contentUrl\":\"https:\/\/espak.ee\/epood\/wp-content\/uploads\/2022\/04\/pro-core.jpg\",\"width\":800,\"height\":800},{\"@type\":\"BreadcrumbList\",\"@id\":\"https:\/\/espak.ee\/epood\/toode\/vuugitaidis-kiilto-pro-core-444-10kg\/#breadcrumb\",\"itemListElement\":[{\"@type\":\"ListItem\",\"position\":1,\"name\":\"Home\",\"item\":\"https:\/\/espak.ee\/epood\/\"},{\"@type\":\"ListItem\",\"position\":2,\"name\":\"Tootevalik\",\"item\":\"https:\/\/espak.ee\/epood\/tootevalik\/\"},{\"@type\":\"ListItem\",\"position\":3,\"name\":\"VUUGIT\u00c4IDIS KIILTO PRO CORE 444 10KG\"}]},{\"@type\":\"WebSite\",\"@id\":\"https:\/\/espak.ee\/epood\/#website\",\"url\":\"https:\/\/espak.ee\/epood\/\",\"name\":\"Espak E-pood\",\"description\":\"\",\"potentialAction\":[{\"@type\":\"SearchAction\",\"target\":{\"@type\":\"EntryPoint\",\"urlTemplate\":\"https:\/\/espak.ee\/epood\/?s={search_term_string}\"},\"query-input\":{\"@type\":\"PropertyValueSpecification\",\"valueRequired\":true,\"valueName\":\"search_term_string\"}}],\"inLanguage\":\"et\"}]}<\/script>\n<!-- \/ Yoast SEO plugin. -->","yoast_head_json":{"title":"VUUGIT\u00c4IDIS KIILTO PRO CORE 444 10KG - Espak E-pood","robots":{"index":"index","follow":"follow","max-snippet":"max-snippet:-1","max-image-preview":"max-image-preview:large","max-video-preview":"max-video-preview:-1"},"canonical":"https:\/\/espak.ee\/epood\/toode\/vuugitaidis-kiilto-pro-core-444-10kg\/","og_locale":"et_EE","og_type":"article","og_title":"VUUGIT\u00c4IDIS KIILTO PRO CORE 444 10KG - Espak E-pood","og_url":"https:\/\/espak.ee\/epood\/toode\/vuugitaidis-kiilto-pro-core-444-10kg\/","og_site_name":"Espak E-pood","article_modified_time":"2024-03-23T01:51:45+00:00","og_image":[{"width":800,"height":800,"url":"https:\/\/espak.ee\/epood\/wp-content\/uploads\/2022\/04\/pro-core.jpg","type":"image\/jpeg"}],"twitter_card":"summary_large_image","twitter_misc":{"Est. reading time":"2 minutit"},"schema":{"@context":"https:\/\/schema.org","@graph":[{"@type":"WebPage","@id":"https:\/\/espak.ee\/epood\/toode\/vuugitaidis-kiilto-pro-core-444-10kg\/","url":"https:\/\/espak.ee\/epood\/toode\/vuugitaidis-kiilto-pro-core-444-10kg\/","name":"VUUGIT\u00c4IDIS KIILTO PRO CORE 444 10KG - Espak E-pood","isPartOf":{"@id":"https:\/\/espak.ee\/epood\/#website"},"primaryImageOfPage":{"@id":"https:\/\/espak.ee\/epood\/toode\/vuugitaidis-kiilto-pro-core-444-10kg\/#primaryimage"},"image":{"@id":"https:\/\/espak.ee\/epood\/toode\/vuugitaidis-kiilto-pro-core-444-10kg\/#primaryimage"},"thumbnailUrl":"https:\/\/espak.ee\/epood\/wp-content\/uploads\/2022\/04\/pro-core.jpg","datePublished":"2022-04-27T06:19:38+00:00","dateModified":"2024-03-23T01:51:45+00:00","breadcrumb":{"@id":"https:\/\/espak.ee\/epood\/toode\/vuugitaidis-kiilto-pro-core-444-10kg\/#breadcrumb"},"inLanguage":"et","potentialAction":[{"@type":"ReadAction","target":["https:\/\/espak.ee\/epood\/toode\/vuugitaidis-kiilto-pro-core-444-10kg\/"]}]},{"@type":"ImageObject","inLanguage":"et","@id":"https:\/\/espak.ee\/epood\/toode\/vuugitaidis-kiilto-pro-core-444-10kg\/#primaryimage","url":"https:\/\/espak.ee\/epood\/wp-content\/uploads\/2022\/04\/pro-core.jpg","contentUrl":"https:\/\/espak.ee\/epood\/wp-content\/uploads\/2022\/04\/pro-core.jpg","width":800,"height":800},{"@type":"BreadcrumbList","@id":"https:\/\/espak.ee\/epood\/toode\/vuugitaidis-kiilto-pro-core-444-10kg\/#breadcrumb","itemListElement":[{"@type":"ListItem","position":1,"name":"Home","item":"https:\/\/espak.ee\/epood\/"},{"@type":"ListItem","position":2,"name":"Tootevalik","item":"https:\/\/espak.ee\/epood\/tootevalik\/"},{"@type":"ListItem","position":3,"name":"VUUGIT\u00c4IDIS KIILTO PRO CORE 444 10KG"}]},{"@type":"WebSite","@id":"https:\/\/espak.ee\/epood\/#website","url":"https:\/\/espak.ee\/epood\/","name":"Espak E-pood","description":"","potentialAction":[{"@type":"SearchAction","target":{"@type":"EntryPoint","urlTemplate":"https:\/\/espak.ee\/epood\/?s={search_term_string}"},"query-input":{"@type":"PropertyValueSpecification","valueRequired":true,"valueName":"search_term_string"}}],"inLanguage":"et"}]}},"_links":{"self":[{"href":"https:\/\/espak.ee\/epood\/wp-json\/wp\/v2\/product\/117231","targetHints":{"allow":["GET"]}}],"collection":[{"href":"https:\/\/espak.ee\/epood\/wp-json\/wp\/v2\/product"}],"about":[{"href":"https:\/\/espak.ee\/epood\/wp-json\/wp\/v2\/types\/product"}],"replies":[{"embeddable":true,"href":"https:\/\/espak.ee\/epood\/wp-json\/wp\/v2\/comments?post=117231"}],"wp:featuredmedia":[{"embeddable":true,"href":"https:\/\/espak.ee\/epood\/wp-json\/wp\/v2\/media\/123866"}],"wp:attachment":[{"href":"https:\/\/espak.ee\/epood\/wp-json\/wp\/v2\/media?parent=117231"}],"wp:term":[{"taxonomy":"product_brand","embeddable":true,"href":"https:\/\/espak.ee\/epood\/wp-json\/wp\/v2\/product_brand?post=117231"},{"taxonomy":"product_cat","embeddable":true,"href":"https:\/\/espak.ee\/epood\/wp-json\/wp\/v2\/product_cat?post=117231"},{"taxonomy":"product_tag","embeddable":true,"href":"https:\/\/espak.ee\/epood\/wp-json\/wp\/v2\/product_tag?post=117231"}],"curies":[{"name":"wp","href":"https:\/\/api.w.org\/{rel}","templated":true}]}}