{"id":117214,"date":"2022-04-27T04:28:48","date_gmt":"2022-04-27T04:28:48","guid":{"rendered":"https:\/\/espak.ee\/epood\/?post_type=product&#038;p=117214"},"modified":"2026-02-01T13:55:52","modified_gmt":"2026-02-01T11:55:52","slug":"kiilto-wc-puhastuslapid-tsitrus","status":"publish","type":"product","link":"https:\/\/espak.ee\/epood\/toode\/kiilto-wc-puhastuslapid-tsitrus\/","title":{"rendered":"KIILTO WC PUHASTUSLAPID TSITRUS"},"content":{"rendered":"<div class=\"row\"  id=\"row-1087471317\">\n\n\t<div id=\"col-1260760387\" class=\"col medium-9 small-12 large-9\"  >\n\t\t\t\t<div class=\"col-inner\"  >\n\t\t\t\n\t\t\t\n<h2>WC- puhastuslapid Kiilto Tsitrus 36tk\/pk<\/h2>\n<p>Kiilto WC-puhastuslapiga hoiate vannitoa ja tualettruumi puhtana ning v\u00e4rskena. Puhastusapp eemaldab niisket p\u00fchkimist taluvatelt pindadelt k\u00f5ik tilgaj\u00e4ljed ja muud plekid lihtsalt ning kiirelt. Teie vannituba on puhas ja v\u00e4rske t\u00e4nu kergele tsitruse l\u00f5hnale. Hea suurusega lapp sobib veelgi suuremate pindade p\u00fchkimiseks ning eemaldab t\u00f5husalt katlakivi ja muu mustuse.<\/p>\n<div class=\"message-box relative\" style=\"padding-top:15px;padding-bottom:15px;\"><div class=\"message-box-bg-image bg-fill fill\" ><\/div><div class=\"message-box-bg-overlay bg-fill fill\" ><\/div><div class=\"container relative\"><div class=\"inner last-reset\">\n<div class=\"row align-middle align-center\"  id=\"row-892656898\">\n\n\t<div id=\"col-1563706795\" class=\"col small-12 large-12\"  >\n\t\t\t\t<div class=\"col-inner text-left\"  >\n\t\t\t\n\t\t\t\n<h4>Omadused<\/h4>\n<div class=\"row\"  id=\"row-1624984640\">\n\n\t<div id=\"col-1872865872\" class=\"col medium-6 small-12 large-6\"  >\n\t\t\t\t<div class=\"col-inner\"  >\n\t\t\t\n\t\t\t\n<p><i class=\"fa fa-check fa-2x\"><\/i> <strong>Eemaldab mustuse ja lubjakivij\u00e4\u00e4gid kraanidelt ja kraanikausist<\/strong><\/p>\n<p><i class=\"fa fa-check fa-2x\"><\/i> <strong>Kasutajas\u00f5bralik<\/strong><\/p>\n\t\t<\/div>\n\t\t\t\t\n<style>\n#col-1872865872 > .col-inner {\n  margin: 0px 0px 15px 0px;\n}\n<\/style>\n\t<\/div>\n\n\t\n\n\t<div id=\"col-39393769\" class=\"col medium-6 small-12 large-6\"  >\n\t\t\t\t<div class=\"col-inner\"  >\n\t\t\t\n\t\t\t\n<p><i class=\"fa fa-check fa-2x\"><\/i> <strong>Eemaldab tilga- ja seebij\u00e4ljed<\/strong><\/p>\n<p><i class=\"fa fa-check fa-2x\"><\/i> <strong>Biolagunevad<\/strong><\/p>\n\t\t<\/div>\n\t\t\t\t\n<style>\n#col-39393769 > .col-inner {\n  margin: 0px 0px 15px 0px;\n}\n<\/style>\n\t<\/div>\n\n\t\n<\/div>\n\t\t<\/div>\n\t\t\t\t\t<\/div>\n\n\t\n<\/div>\n<\/div><\/div><\/div>\n\t<div id=\"gap-210588888\" class=\"gap-element clearfix\" style=\"display:block; height:auto;\">\n\t\t\n<style>\n#gap-210588888 {\n  padding-top: 30px;\n}\n<\/style>\n\t<\/div>\n\t\n\t\t<\/div>\n\t\t\t\t\t<\/div>\n\n\t\n\n\t<div id=\"col-2069583413\" class=\"col medium-3 small-12 large-3\"  >\n\t\t\t\t<div class=\"col-inner\"  >\n\t\t\t\n\t\t\t\n\t<div id=\"gap-1538656163\" class=\"gap-element clearfix\" style=\"display:block; height:auto;\">\n\t\t\n<style>\n#gap-1538656163 {\n  padding-top: 30px;\n}\n<\/style>\n\t<\/div>\n\t\n<h3>Tehniline informatsioon<\/h3>\n<p><a href=\"https:\/\/espak.ee\/epood\/wp-content\/uploads\/2022\/04\/Kiilto-WC-puhastuslapp.pdf\"target=\"_blank\" rel=\"noopener noreferrer\"><i class=\"far fa-file-pdf\"><\/i> Tehniline info (PDF)<\/a><\/p>\n<h3>Ohutusalane teave<\/h3>\n<p><a href=\"https:\/\/espak.ee\/epood\/wp-content\/uploads\/2022\/04\/kiilto-wc-puhastuslapp-2.pdf\"target=\"_blank\" rel=\"noopener noreferrer\"><i class=\"far fa-file-pdf\"><\/i> Ohutuskaart (PDF)<\/a><\/p>\n<div class=\"is-divider divider clearfix\" ><\/div>\n<p><strong>\u00dcksikasjalikuma n\u00f5u saamiseks v\u00f5tke \u00fchendust:<br \/><\/strong>Kiilto Eesti O\u00dc<br \/>L\u00e4ike tee 4<br \/>75312<br \/>Rae vald<br \/>(+372) 60 31 900<\/p>\n<div class=\"is-divider divider clearfix\" ><\/div>\n\t\t<\/div>\n\t\t\t\t\t<\/div>\n\n\t\n<\/div>\n","protected":false},"excerpt":{"rendered":"","protected":false},"featured_media":117745,"comment_status":"closed","ping_status":"closed","template":"","meta":[],"product_brand":[],"product_cat":[2691,3441,2684,2683],"product_tag":[],"class_list":{"0":"post-117214","1":"product","2":"type-product","3":"status-publish","4":"has-post-thumbnail","6":"product_cat-lahustid","7":"product_cat-lahustid-ja-pesuained","8":"product_cat-varvid-lakid-lahustid-puidukaitsed-olid","9":"product_cat-viimistluskaubad","10":"product_shipping_class-dpd-cold","11":"pa_kaubamark-kiilto-eesti-ou","13":"first","14":"instock","15":"sale","16":"taxable","17":"shipping-taxable","18":"purchasable","19":"product-type-simple"},"yoast_head":"<!-- This site is optimized with the Yoast SEO plugin v26.9 - https:\/\/yoast.com\/product\/yoast-seo-wordpress\/ -->\n<title>KIILTO WC PUHASTUSLAPID TSITRUS - Espak E-pood<\/title>\n<meta name=\"robots\" content=\"index, follow, max-snippet:-1, max-image-preview:large, max-video-preview:-1\" \/>\n<link rel=\"canonical\" href=\"https:\/\/espak.ee\/epood\/toode\/kiilto-wc-puhastuslapid-tsitrus\/\" \/>\n<meta property=\"og:locale\" content=\"et_EE\" \/>\n<meta property=\"og:type\" content=\"article\" \/>\n<meta property=\"og:title\" content=\"KIILTO WC PUHASTUSLAPID TSITRUS - Espak E-pood\" \/>\n<meta property=\"og:url\" content=\"https:\/\/espak.ee\/epood\/toode\/kiilto-wc-puhastuslapid-tsitrus\/\" \/>\n<meta property=\"og:site_name\" content=\"Espak E-pood\" \/>\n<meta property=\"article:modified_time\" content=\"2026-02-01T11:55:52+00:00\" \/>\n<meta property=\"og:image\" content=\"https:\/\/espak.ee\/epood\/wp-content\/uploads\/2022\/04\/Kiilto-WC-puhastuslapp.jpg\" \/>\n\t<meta property=\"og:image:width\" content=\"1000\" \/>\n\t<meta property=\"og:image:height\" content=\"1000\" \/>\n\t<meta property=\"og:image:type\" content=\"image\/jpeg\" \/>\n<meta name=\"twitter:card\" content=\"summary_large_image\" \/>\n<meta name=\"twitter:label1\" content=\"Est. reading time\" \/>\n\t<meta name=\"twitter:data1\" content=\"1 minut\" \/>\n<script type=\"application\/ld+json\" class=\"yoast-schema-graph\">{\"@context\":\"https:\/\/schema.org\",\"@graph\":[{\"@type\":\"WebPage\",\"@id\":\"https:\/\/espak.ee\/epood\/toode\/kiilto-wc-puhastuslapid-tsitrus\/\",\"url\":\"https:\/\/espak.ee\/epood\/toode\/kiilto-wc-puhastuslapid-tsitrus\/\",\"name\":\"KIILTO WC PUHASTUSLAPID TSITRUS - Espak E-pood\",\"isPartOf\":{\"@id\":\"https:\/\/espak.ee\/epood\/#website\"},\"primaryImageOfPage\":{\"@id\":\"https:\/\/espak.ee\/epood\/toode\/kiilto-wc-puhastuslapid-tsitrus\/#primaryimage\"},\"image\":{\"@id\":\"https:\/\/espak.ee\/epood\/toode\/kiilto-wc-puhastuslapid-tsitrus\/#primaryimage\"},\"thumbnailUrl\":\"https:\/\/espak.ee\/epood\/wp-content\/uploads\/2022\/04\/Kiilto-WC-puhastuslapp.jpg\",\"datePublished\":\"2022-04-27T04:28:48+00:00\",\"dateModified\":\"2026-02-01T11:55:52+00:00\",\"breadcrumb\":{\"@id\":\"https:\/\/espak.ee\/epood\/toode\/kiilto-wc-puhastuslapid-tsitrus\/#breadcrumb\"},\"inLanguage\":\"et\",\"potentialAction\":[{\"@type\":\"ReadAction\",\"target\":[\"https:\/\/espak.ee\/epood\/toode\/kiilto-wc-puhastuslapid-tsitrus\/\"]}]},{\"@type\":\"ImageObject\",\"inLanguage\":\"et\",\"@id\":\"https:\/\/espak.ee\/epood\/toode\/kiilto-wc-puhastuslapid-tsitrus\/#primaryimage\",\"url\":\"https:\/\/espak.ee\/epood\/wp-content\/uploads\/2022\/04\/Kiilto-WC-puhastuslapp.jpg\",\"contentUrl\":\"https:\/\/espak.ee\/epood\/wp-content\/uploads\/2022\/04\/Kiilto-WC-puhastuslapp.jpg\",\"width\":1000,\"height\":1000},{\"@type\":\"BreadcrumbList\",\"@id\":\"https:\/\/espak.ee\/epood\/toode\/kiilto-wc-puhastuslapid-tsitrus\/#breadcrumb\",\"itemListElement\":[{\"@type\":\"ListItem\",\"position\":1,\"name\":\"Home\",\"item\":\"https:\/\/espak.ee\/epood\/\"},{\"@type\":\"ListItem\",\"position\":2,\"name\":\"Tootevalik\",\"item\":\"https:\/\/espak.ee\/epood\/tootevalik\/\"},{\"@type\":\"ListItem\",\"position\":3,\"name\":\"KIILTO WC PUHASTUSLAPID TSITRUS\"}]},{\"@type\":\"WebSite\",\"@id\":\"https:\/\/espak.ee\/epood\/#website\",\"url\":\"https:\/\/espak.ee\/epood\/\",\"name\":\"Espak E-pood\",\"description\":\"\",\"potentialAction\":[{\"@type\":\"SearchAction\",\"target\":{\"@type\":\"EntryPoint\",\"urlTemplate\":\"https:\/\/espak.ee\/epood\/?s={search_term_string}\"},\"query-input\":{\"@type\":\"PropertyValueSpecification\",\"valueRequired\":true,\"valueName\":\"search_term_string\"}}],\"inLanguage\":\"et\"}]}<\/script>\n<!-- \/ Yoast SEO plugin. -->","yoast_head_json":{"title":"KIILTO WC PUHASTUSLAPID TSITRUS - Espak E-pood","robots":{"index":"index","follow":"follow","max-snippet":"max-snippet:-1","max-image-preview":"max-image-preview:large","max-video-preview":"max-video-preview:-1"},"canonical":"https:\/\/espak.ee\/epood\/toode\/kiilto-wc-puhastuslapid-tsitrus\/","og_locale":"et_EE","og_type":"article","og_title":"KIILTO WC PUHASTUSLAPID TSITRUS - Espak E-pood","og_url":"https:\/\/espak.ee\/epood\/toode\/kiilto-wc-puhastuslapid-tsitrus\/","og_site_name":"Espak E-pood","article_modified_time":"2026-02-01T11:55:52+00:00","og_image":[{"width":1000,"height":1000,"url":"https:\/\/espak.ee\/epood\/wp-content\/uploads\/2022\/04\/Kiilto-WC-puhastuslapp.jpg","type":"image\/jpeg"}],"twitter_card":"summary_large_image","twitter_misc":{"Est. reading time":"1 minut"},"schema":{"@context":"https:\/\/schema.org","@graph":[{"@type":"WebPage","@id":"https:\/\/espak.ee\/epood\/toode\/kiilto-wc-puhastuslapid-tsitrus\/","url":"https:\/\/espak.ee\/epood\/toode\/kiilto-wc-puhastuslapid-tsitrus\/","name":"KIILTO WC PUHASTUSLAPID TSITRUS - Espak E-pood","isPartOf":{"@id":"https:\/\/espak.ee\/epood\/#website"},"primaryImageOfPage":{"@id":"https:\/\/espak.ee\/epood\/toode\/kiilto-wc-puhastuslapid-tsitrus\/#primaryimage"},"image":{"@id":"https:\/\/espak.ee\/epood\/toode\/kiilto-wc-puhastuslapid-tsitrus\/#primaryimage"},"thumbnailUrl":"https:\/\/espak.ee\/epood\/wp-content\/uploads\/2022\/04\/Kiilto-WC-puhastuslapp.jpg","datePublished":"2022-04-27T04:28:48+00:00","dateModified":"2026-02-01T11:55:52+00:00","breadcrumb":{"@id":"https:\/\/espak.ee\/epood\/toode\/kiilto-wc-puhastuslapid-tsitrus\/#breadcrumb"},"inLanguage":"et","potentialAction":[{"@type":"ReadAction","target":["https:\/\/espak.ee\/epood\/toode\/kiilto-wc-puhastuslapid-tsitrus\/"]}]},{"@type":"ImageObject","inLanguage":"et","@id":"https:\/\/espak.ee\/epood\/toode\/kiilto-wc-puhastuslapid-tsitrus\/#primaryimage","url":"https:\/\/espak.ee\/epood\/wp-content\/uploads\/2022\/04\/Kiilto-WC-puhastuslapp.jpg","contentUrl":"https:\/\/espak.ee\/epood\/wp-content\/uploads\/2022\/04\/Kiilto-WC-puhastuslapp.jpg","width":1000,"height":1000},{"@type":"BreadcrumbList","@id":"https:\/\/espak.ee\/epood\/toode\/kiilto-wc-puhastuslapid-tsitrus\/#breadcrumb","itemListElement":[{"@type":"ListItem","position":1,"name":"Home","item":"https:\/\/espak.ee\/epood\/"},{"@type":"ListItem","position":2,"name":"Tootevalik","item":"https:\/\/espak.ee\/epood\/tootevalik\/"},{"@type":"ListItem","position":3,"name":"KIILTO WC PUHASTUSLAPID TSITRUS"}]},{"@type":"WebSite","@id":"https:\/\/espak.ee\/epood\/#website","url":"https:\/\/espak.ee\/epood\/","name":"Espak E-pood","description":"","potentialAction":[{"@type":"SearchAction","target":{"@type":"EntryPoint","urlTemplate":"https:\/\/espak.ee\/epood\/?s={search_term_string}"},"query-input":{"@type":"PropertyValueSpecification","valueRequired":true,"valueName":"search_term_string"}}],"inLanguage":"et"}]}},"_links":{"self":[{"href":"https:\/\/espak.ee\/epood\/wp-json\/wp\/v2\/product\/117214","targetHints":{"allow":["GET"]}}],"collection":[{"href":"https:\/\/espak.ee\/epood\/wp-json\/wp\/v2\/product"}],"about":[{"href":"https:\/\/espak.ee\/epood\/wp-json\/wp\/v2\/types\/product"}],"replies":[{"embeddable":true,"href":"https:\/\/espak.ee\/epood\/wp-json\/wp\/v2\/comments?post=117214"}],"wp:featuredmedia":[{"embeddable":true,"href":"https:\/\/espak.ee\/epood\/wp-json\/wp\/v2\/media\/117745"}],"wp:attachment":[{"href":"https:\/\/espak.ee\/epood\/wp-json\/wp\/v2\/media?parent=117214"}],"wp:term":[{"taxonomy":"product_brand","embeddable":true,"href":"https:\/\/espak.ee\/epood\/wp-json\/wp\/v2\/product_brand?post=117214"},{"taxonomy":"product_cat","embeddable":true,"href":"https:\/\/espak.ee\/epood\/wp-json\/wp\/v2\/product_cat?post=117214"},{"taxonomy":"product_tag","embeddable":true,"href":"https:\/\/espak.ee\/epood\/wp-json\/wp\/v2\/product_tag?post=117214"}],"curies":[{"name":"wp","href":"https:\/\/api.w.org\/{rel}","templated":true}]}}