{"id":117207,"date":"2022-04-27T04:03:22","date_gmt":"2022-04-27T04:03:22","guid":{"rendered":"https:\/\/espak.ee\/epood\/?post_type=product&#038;p=117207"},"modified":"2024-03-23T03:52:39","modified_gmt":"2024-03-23T01:52:39","slug":"knauf-betokontakt-22kg","status":"publish","type":"product","link":"https:\/\/espak.ee\/epood\/toode\/knauf-betokontakt-22kg\/","title":{"rendered":"KNAUF BETOKONTAKT 22KG"},"content":{"rendered":"<div class=\"row\"  id=\"row-221995408\">\n\n\t<div id=\"col-1181772038\" class=\"col medium-9 small-12 large-9\"  >\n\t\t\t\t<div class=\"col-inner\"  >\n\t\t\t\n\t\t\t\n<h3>Betoonpindade nakkekrunt Knauf Betokontakt 22kg<\/h3>\n<p>Kasutamisvalmis leelisekindel roosaks toonitud kvartsliiva sisaldav s\u00fcnteetilise vaigu dispersioon aluspindadele nakkekihi tegemiseks kipskrohvidega krohvimise jaoks. Kulu: 250&#8230;300 g\/m\u00b2.<\/p>\n<p>&#8211; Siset\u00f6\u00f6deks<br \/>\n&#8211; Kasutamisvalmis koostis<br \/>\n&#8211; Loob nakkuva aluspinna<br \/>\n&#8211; Veeauru l\u00e4bilaskev<br \/>\n&#8211; Lahustivaba ja v\u00e4ga madala emissiooniga (EC1)<br \/>\n&#8211; Pinnale kantav k\u00e4sitsi v\u00f5i pritsiga<br \/>\n&#8211; Roosaks toonitud v\u00e4rvusega<\/p>\n\t<div id=\"gap-762749822\" class=\"gap-element clearfix\" style=\"display:block; height:auto;\">\n\t\t\n<style>\n#gap-762749822 {\n  padding-top: 30px;\n}\n<\/style>\n\t<\/div>\n\t\n<h3>Kasutamise \u00fcksikasjad<\/h3>\n<p>Siset\u00f6\u00f6del siledatele v\u00e4heimavatele pindadele (valubetoon, betoonelemendid, raudbetoonlaepaneelid, EPS- ja XPS-plaadid) ja muudele tihedatele mittepoorsetele pindadele nakkekihi tegemiseks enne kipskrohvide Knauf MP 75, MP 75L, Rotband, Goldband, kinnituskipsi Knauf Perlfix v\u00f5i kipspahtelkrohvi Knauf Multi-Finish pinnale kandmist.<\/p>\n<p><strong>Kasutamine:<\/strong> Segada hoolikalt enne kasutamist. Kanda pinnale lahjendamata kujul \u00fchtlase kihina veluurv\u00e4rvirulli abil k\u00e4sitsi. T\u00f6\u00f6riistad kohe p\u00e4rast kasutamist pesta veega puhtaks. Pinnad kuhu sattus kogemata Knauf Betokontakt, kohe pesta sooja veega puhtaks. Kuivanud Betokontakti saab eemaldada p\u00e4rast pehmendamist m\u00e4rja lapi abil. J\u00e4rgneva t\u00f6\u00f6ga oodata kuni Betokontakt enam ei kleepu ja on kuiv (min 12 tundi 20 \u00b0C ja RH 65% korral).<\/p>\n\t\t<\/div>\n\t\t\t\t\t<\/div>\n\n\t\n\n\t<div id=\"col-594717999\" class=\"col medium-3 small-12 large-3\"  >\n\t\t\t\t<div class=\"col-inner\"  >\n\t\t\t\n\t\t\t\n<h3>Tooteleht<\/h3>\n<p><a href=\"https:\/\/espak.ee\/epood\/wp-content\/uploads\/2022\/04\/Knauf_Betokontakt_K454_ee_2018.pdf\"target=\"_blank\" rel=\"noopener noreferrer\"><i class=\"far fa-file-pdf\"><\/i> Tooteleht (PDF)<\/a><\/p>\n<h3>Ohutusalane teave<\/h3>\n<p><a href=\"https:\/\/espak.ee\/epood\/wp-content\/uploads\/2022\/04\/ID_941169_OK_Knauf_Betokontakt_2016.pdf\"target=\"_blank\" rel=\"noopener noreferrer\"><i class=\"far fa-file-pdf\"><\/i> Ohutuskaart (PDF)<\/a><\/p>\n<div class=\"is-divider divider clearfix\" ><\/div>\n<p><strong>\u00dcksikasjalikuma n\u00f5u saamiseks v\u00f5tke \u00fchendust:<br \/><\/strong>Knauf Tallinn U\u00dc<br \/>J\u00e4rvevana tee 7B<br \/>10132<br \/>Tallinn<br \/>+372 6518697<\/p>\n<div class=\"is-divider divider clearfix\" ><\/div>\n\t\t<\/div>\n\t\t\t\t\t<\/div>\n\n\t\n<\/div>\n","protected":false},"excerpt":{"rendered":"","protected":false},"featured_media":117865,"comment_status":"closed","ping_status":"closed","template":"","meta":[],"product_brand":[],"product_cat":[2711,2712,2713,2697],"product_tag":[],"class_list":{"0":"post-117207","1":"product","2":"type-product","3":"status-publish","4":"has-post-thumbnail","6":"product_cat-fassaadimaterjalid","7":"product_cat-krundid","8":"product_cat-krundid-krundid","9":"product_cat-uldehitus","10":"pa_kaubamark-knauf","12":"first","13":"instock","14":"sale","15":"taxable","16":"shipping-taxable","17":"purchasable","18":"product-type-simple"},"yoast_head":"<!-- This site is optimized with the Yoast SEO plugin v26.9 - https:\/\/yoast.com\/product\/yoast-seo-wordpress\/ -->\n<title>KNAUF BETOKONTAKT 22KG - Espak E-pood<\/title>\n<meta name=\"robots\" content=\"index, follow, max-snippet:-1, max-image-preview:large, max-video-preview:-1\" \/>\n<link rel=\"canonical\" href=\"https:\/\/espak.ee\/epood\/toode\/knauf-betokontakt-22kg\/\" \/>\n<meta property=\"og:locale\" content=\"et_EE\" \/>\n<meta property=\"og:type\" content=\"article\" \/>\n<meta property=\"og:title\" content=\"KNAUF BETOKONTAKT 22KG - Espak E-pood\" \/>\n<meta property=\"og:url\" content=\"https:\/\/espak.ee\/epood\/toode\/knauf-betokontakt-22kg\/\" \/>\n<meta property=\"og:site_name\" content=\"Espak E-pood\" \/>\n<meta property=\"article:modified_time\" content=\"2024-03-23T01:52:39+00:00\" \/>\n<meta property=\"og:image\" content=\"https:\/\/espak.ee\/epood\/wp-content\/uploads\/2022\/04\/875058_683x512-2.jpg\" \/>\n\t<meta property=\"og:image:width\" content=\"1000\" \/>\n\t<meta property=\"og:image:height\" content=\"1000\" \/>\n\t<meta property=\"og:image:type\" content=\"image\/jpeg\" \/>\n<meta name=\"twitter:card\" content=\"summary_large_image\" \/>\n<meta name=\"twitter:label1\" content=\"Est. reading time\" \/>\n\t<meta name=\"twitter:data1\" content=\"1 minut\" \/>\n<script type=\"application\/ld+json\" class=\"yoast-schema-graph\">{\"@context\":\"https:\/\/schema.org\",\"@graph\":[{\"@type\":\"WebPage\",\"@id\":\"https:\/\/espak.ee\/epood\/toode\/knauf-betokontakt-22kg\/\",\"url\":\"https:\/\/espak.ee\/epood\/toode\/knauf-betokontakt-22kg\/\",\"name\":\"KNAUF BETOKONTAKT 22KG - Espak E-pood\",\"isPartOf\":{\"@id\":\"https:\/\/espak.ee\/epood\/#website\"},\"primaryImageOfPage\":{\"@id\":\"https:\/\/espak.ee\/epood\/toode\/knauf-betokontakt-22kg\/#primaryimage\"},\"image\":{\"@id\":\"https:\/\/espak.ee\/epood\/toode\/knauf-betokontakt-22kg\/#primaryimage\"},\"thumbnailUrl\":\"https:\/\/espak.ee\/epood\/wp-content\/uploads\/2022\/04\/875058_683x512-2.jpg\",\"datePublished\":\"2022-04-27T04:03:22+00:00\",\"dateModified\":\"2024-03-23T01:52:39+00:00\",\"breadcrumb\":{\"@id\":\"https:\/\/espak.ee\/epood\/toode\/knauf-betokontakt-22kg\/#breadcrumb\"},\"inLanguage\":\"et\",\"potentialAction\":[{\"@type\":\"ReadAction\",\"target\":[\"https:\/\/espak.ee\/epood\/toode\/knauf-betokontakt-22kg\/\"]}]},{\"@type\":\"ImageObject\",\"inLanguage\":\"et\",\"@id\":\"https:\/\/espak.ee\/epood\/toode\/knauf-betokontakt-22kg\/#primaryimage\",\"url\":\"https:\/\/espak.ee\/epood\/wp-content\/uploads\/2022\/04\/875058_683x512-2.jpg\",\"contentUrl\":\"https:\/\/espak.ee\/epood\/wp-content\/uploads\/2022\/04\/875058_683x512-2.jpg\",\"width\":1000,\"height\":1000},{\"@type\":\"BreadcrumbList\",\"@id\":\"https:\/\/espak.ee\/epood\/toode\/knauf-betokontakt-22kg\/#breadcrumb\",\"itemListElement\":[{\"@type\":\"ListItem\",\"position\":1,\"name\":\"Home\",\"item\":\"https:\/\/espak.ee\/epood\/\"},{\"@type\":\"ListItem\",\"position\":2,\"name\":\"Tootevalik\",\"item\":\"https:\/\/espak.ee\/epood\/tootevalik\/\"},{\"@type\":\"ListItem\",\"position\":3,\"name\":\"KNAUF BETOKONTAKT 22KG\"}]},{\"@type\":\"WebSite\",\"@id\":\"https:\/\/espak.ee\/epood\/#website\",\"url\":\"https:\/\/espak.ee\/epood\/\",\"name\":\"Espak E-pood\",\"description\":\"\",\"potentialAction\":[{\"@type\":\"SearchAction\",\"target\":{\"@type\":\"EntryPoint\",\"urlTemplate\":\"https:\/\/espak.ee\/epood\/?s={search_term_string}\"},\"query-input\":{\"@type\":\"PropertyValueSpecification\",\"valueRequired\":true,\"valueName\":\"search_term_string\"}}],\"inLanguage\":\"et\"}]}<\/script>\n<!-- \/ Yoast SEO plugin. -->","yoast_head_json":{"title":"KNAUF BETOKONTAKT 22KG - Espak E-pood","robots":{"index":"index","follow":"follow","max-snippet":"max-snippet:-1","max-image-preview":"max-image-preview:large","max-video-preview":"max-video-preview:-1"},"canonical":"https:\/\/espak.ee\/epood\/toode\/knauf-betokontakt-22kg\/","og_locale":"et_EE","og_type":"article","og_title":"KNAUF BETOKONTAKT 22KG - Espak E-pood","og_url":"https:\/\/espak.ee\/epood\/toode\/knauf-betokontakt-22kg\/","og_site_name":"Espak E-pood","article_modified_time":"2024-03-23T01:52:39+00:00","og_image":[{"width":1000,"height":1000,"url":"https:\/\/espak.ee\/epood\/wp-content\/uploads\/2022\/04\/875058_683x512-2.jpg","type":"image\/jpeg"}],"twitter_card":"summary_large_image","twitter_misc":{"Est. reading time":"1 minut"},"schema":{"@context":"https:\/\/schema.org","@graph":[{"@type":"WebPage","@id":"https:\/\/espak.ee\/epood\/toode\/knauf-betokontakt-22kg\/","url":"https:\/\/espak.ee\/epood\/toode\/knauf-betokontakt-22kg\/","name":"KNAUF BETOKONTAKT 22KG - Espak E-pood","isPartOf":{"@id":"https:\/\/espak.ee\/epood\/#website"},"primaryImageOfPage":{"@id":"https:\/\/espak.ee\/epood\/toode\/knauf-betokontakt-22kg\/#primaryimage"},"image":{"@id":"https:\/\/espak.ee\/epood\/toode\/knauf-betokontakt-22kg\/#primaryimage"},"thumbnailUrl":"https:\/\/espak.ee\/epood\/wp-content\/uploads\/2022\/04\/875058_683x512-2.jpg","datePublished":"2022-04-27T04:03:22+00:00","dateModified":"2024-03-23T01:52:39+00:00","breadcrumb":{"@id":"https:\/\/espak.ee\/epood\/toode\/knauf-betokontakt-22kg\/#breadcrumb"},"inLanguage":"et","potentialAction":[{"@type":"ReadAction","target":["https:\/\/espak.ee\/epood\/toode\/knauf-betokontakt-22kg\/"]}]},{"@type":"ImageObject","inLanguage":"et","@id":"https:\/\/espak.ee\/epood\/toode\/knauf-betokontakt-22kg\/#primaryimage","url":"https:\/\/espak.ee\/epood\/wp-content\/uploads\/2022\/04\/875058_683x512-2.jpg","contentUrl":"https:\/\/espak.ee\/epood\/wp-content\/uploads\/2022\/04\/875058_683x512-2.jpg","width":1000,"height":1000},{"@type":"BreadcrumbList","@id":"https:\/\/espak.ee\/epood\/toode\/knauf-betokontakt-22kg\/#breadcrumb","itemListElement":[{"@type":"ListItem","position":1,"name":"Home","item":"https:\/\/espak.ee\/epood\/"},{"@type":"ListItem","position":2,"name":"Tootevalik","item":"https:\/\/espak.ee\/epood\/tootevalik\/"},{"@type":"ListItem","position":3,"name":"KNAUF BETOKONTAKT 22KG"}]},{"@type":"WebSite","@id":"https:\/\/espak.ee\/epood\/#website","url":"https:\/\/espak.ee\/epood\/","name":"Espak E-pood","description":"","potentialAction":[{"@type":"SearchAction","target":{"@type":"EntryPoint","urlTemplate":"https:\/\/espak.ee\/epood\/?s={search_term_string}"},"query-input":{"@type":"PropertyValueSpecification","valueRequired":true,"valueName":"search_term_string"}}],"inLanguage":"et"}]}},"_links":{"self":[{"href":"https:\/\/espak.ee\/epood\/wp-json\/wp\/v2\/product\/117207","targetHints":{"allow":["GET"]}}],"collection":[{"href":"https:\/\/espak.ee\/epood\/wp-json\/wp\/v2\/product"}],"about":[{"href":"https:\/\/espak.ee\/epood\/wp-json\/wp\/v2\/types\/product"}],"replies":[{"embeddable":true,"href":"https:\/\/espak.ee\/epood\/wp-json\/wp\/v2\/comments?post=117207"}],"wp:featuredmedia":[{"embeddable":true,"href":"https:\/\/espak.ee\/epood\/wp-json\/wp\/v2\/media\/117865"}],"wp:attachment":[{"href":"https:\/\/espak.ee\/epood\/wp-json\/wp\/v2\/media?parent=117207"}],"wp:term":[{"taxonomy":"product_brand","embeddable":true,"href":"https:\/\/espak.ee\/epood\/wp-json\/wp\/v2\/product_brand?post=117207"},{"taxonomy":"product_cat","embeddable":true,"href":"https:\/\/espak.ee\/epood\/wp-json\/wp\/v2\/product_cat?post=117207"},{"taxonomy":"product_tag","embeddable":true,"href":"https:\/\/espak.ee\/epood\/wp-json\/wp\/v2\/product_tag?post=117207"}],"curies":[{"name":"wp","href":"https:\/\/api.w.org\/{rel}","templated":true}]}}