{"id":117206,"date":"2022-04-27T03:40:30","date_gmt":"2022-04-27T03:40:30","guid":{"rendered":"https:\/\/espak.ee\/epood\/?post_type=product&#038;p=117206"},"modified":"2024-08-20T19:06:50","modified_gmt":"2024-08-20T16:06:50","slug":"universaalne-liimi-ja-tihendusmass-kiilto-masa-600ml-helehall","status":"publish","type":"product","link":"https:\/\/espak.ee\/epood\/toode\/universaalne-liimi-ja-tihendusmass-kiilto-masa-600ml-helehall\/","title":{"rendered":"UNIVERSAALNE LIIMI- JA TIHENDUSMASS KIILTO MASA 600ML HELEHALL"},"content":{"rendered":"<div class=\"row\"  id=\"row-1030615247\">\n\n\t<div id=\"col-10686416\" class=\"col medium-9 small-12 large-9\"  >\n\t\t\t\t<div class=\"col-inner\"  >\n\t\t\t\n\t\t\t\n<h2>Universaalne liimi- ja tihendusmass Kiilto Masa 600ml helehall<\/h2>\n<p>Kiilto Masa on \u00fchekomponentne sil\u00fc\u00fclmodifitseeritud mitmeotstarbeline liimi- ja tihendusmass ehituses, laeva-, jahi ja autot\u00f6\u00f6ses. Samuti liistude, ehitusplaatide, metallide, klaaskiu ja erinevate plastmaterjalide liimimiseks. Sobib ka suure mehaanilise koormusega nihkevuukide tihendamiseks. Hea vastupidavus ilmastikutingimustele ja UV kiirgusele \u00dclev\u00e4rvitav. Lahustivaba.<\/p>\n<div class=\"message-box relative\" style=\"padding-top:15px;padding-bottom:15px;\"><div class=\"message-box-bg-image bg-fill fill\" ><\/div><div class=\"message-box-bg-overlay bg-fill fill\" ><\/div><div class=\"container relative\"><div class=\"inner last-reset\">\n<div class=\"row align-middle align-center\"  id=\"row-925107465\">\n\n\t<div id=\"col-551191947\" class=\"col small-12 large-12\"  >\n\t\t\t\t<div class=\"col-inner text-left\"  >\n\t\t\t\n\t\t\t\n<h4>Omadused<\/h4>\n<div class=\"row\"  id=\"row-94090498\">\n\n\t<div id=\"col-922021472\" class=\"col medium-6 small-12 large-6\"  >\n\t\t\t\t<div class=\"col-inner\"  >\n\t\t\t\n\t\t\t\n<p><i class=\"fa fa-check fa-2x\"><\/i> <strong>Hea nake ernevate materjalidega, hea vastupidavus ilmastikule ja UV kiirgusele ja kemikaalidele, saadaval mitmes v\u00e4rvitoonis<\/strong><\/p>\n<p><i class=\"fa fa-check fa-2x\"><\/i> <strong>NSF-is registreeritud: tohib kasutada kohtades, kus k\u00e4ideldakse toiduaineid<\/strong><\/p>\n\t\t<\/div>\n\t\t\t\t\n<style>\n#col-922021472 > .col-inner {\n  margin: 0px 0px 15px 0px;\n}\n<\/style>\n\t<\/div>\n\n\t\n\n\t<div id=\"col-282178144\" class=\"col medium-6 small-12 large-6\"  >\n\t\t\t\t<div class=\"col-inner\"  >\n\t\t\t\n\t\t\t\n<p><i class=\"fa fa-check fa-2x\"><\/i> <strong>Sobib l\u00e4biviikude ja trapi tihendamiseks m\u00e4rgades ruumides<\/strong><\/p>\n<p><i class=\"fa fa-check fa-2x\"><\/i> <strong>Sobib sise- ja v\u00e4listingimustesse, v\u00e4listingimustes nt katuse l\u00e4biviikude ja aknaplekkide tihendamiseks<\/strong><\/p>\n\t\t<\/div>\n\t\t\t\t\n<style>\n#col-282178144 > .col-inner {\n  margin: 0px 0px 15px 0px;\n}\n<\/style>\n\t<\/div>\n\n\t\n<\/div>\n\t\t<\/div>\n\t\t\t\t\t<\/div>\n\n\t\n<\/div>\n<\/div><\/div><\/div>\n\t<div id=\"gap-2059092246\" class=\"gap-element clearfix\" style=\"display:block; height:auto;\">\n\t\t\n<style>\n#gap-2059092246 {\n  padding-top: 30px;\n}\n<\/style>\n\t<\/div>\n\t\n\t<div id=\"gap-339928527\" class=\"gap-element clearfix\" style=\"display:block; height:auto;\">\n\t\t\n<style>\n#gap-339928527 {\n  padding-top: 30px;\n}\n<\/style>\n\t<\/div>\n\t\n<h3>Kasutamise \u00fcksikasjad<\/h3>\n<p><strong>Kasutusalad:<\/strong> Hea liimuvus mitmesuguste kivipindade, betooni, enamuse metallide, puidu, klaasi ja emailpindadega, samuti epoksiid- ja pol\u00fcesterpindadega. Enne plastmaterjalide liimimist on soovitatav teha prooviliimimine tegelikes kasutustingimustes. Ehitusmaterjalide heitkoguste klassifikatsioon M1. Lahustivaba, ei sisalda isots\u00fcanaate ja ftalaate. \u00dclev\u00e4rvitav enamike veep\u00f5histe v\u00e4rvidega (enne kasutamist alati katseliselt kontrollida). V\u00e4ga hea ilmastikukindlus, vastupidav ultraviolettkiirgusele. Hea vastupidavus kemikaalidele (lahjad lahused). Vastupidav soolasele veele. Ei ole lakitav.\n<\/p>\n<p><strong>Kasutusjuhis:<\/strong>Kasutatavad materjalid peavad olema tolmuvabad, kuivad ning rasu- ja \u00f5livabad. Suurte \u00fchetaoliste pindade v\u00f5i v\u00e4ga kuivade pindade liimimisel on soovitatav pinnad kergelt veega \u00fcle pritsida (u 5\u201310 g\/m\u00b2). Soovitame puhastada pinnad tootega Kiilto Cleaner 303 ja eelt\u00f6\u00f6delda tootega Kiiltoflex Metalliprimer.<\/p>\n<p>L\u00f5igake tuubi koonusots lahti. Keerake v\u00e4ljutusotsik oma kohale ja l\u00f5igake vuugi laiusega sobivasse suurusesse. Kandke liim pinnale k\u00e4si- v\u00f5i suru\u00f5hup\u00fcstoliga ja vajaduse korral siluge liimilabidaga. Sulgege pakend p\u00e4rast kasutamist hoolikalt. K\u00f5vastumata toote saab eemaldada lakibensiini v\u00f5i atsetooniga. K\u00f5vastunud toodet saab eemaldada ainult mehaaniliselt. Valitsevad tingimused nagu \u00f5hu niiskus ja temperatuur, aluspinna materjal ja niiskus, samuti pealekantud liimi kogus, m\u00f5jutavad oluliselt puutekuivuse saavutamise ja l\u00f5pliku kuivamise aega.<\/p>\n<p><strong>Keskkond ja ohutus:<\/strong> V\u00e4ltige kuivamata toote kokkupuudet nahaga, kasutage kaitsekindaid.<\/p>\n\t\t<\/div>\n\t\t\t\t\t<\/div>\n\n\t\n\n\t<div id=\"col-1008383543\" class=\"col medium-3 small-12 large-3\"  >\n\t\t\t\t<div class=\"col-inner\"  >\n\t\t\t\n\t\t\t\n\t<div id=\"gap-1231696362\" class=\"gap-element clearfix\" style=\"display:block; height:auto;\">\n\t\t\n<style>\n#gap-1231696362 {\n  padding-top: 30px;\n}\n<\/style>\n\t<\/div>\n\t\n<h3>Tehniline informatsioon<\/h3>\n<p><a href=\"https:\/\/espak.ee\/epood\/wp-content\/uploads\/2022\/04\/KIILTO-MASA-TEH.pdf\"target=\"_blank\" rel=\"noopener noreferrer\"><i class=\"far fa-file-pdf\"><\/i> Tehniline info (PDF)<\/a><\/p>\n<h3>Ohutusalane teave<\/h3>\n<p><a href=\"https:\/\/espak.ee\/epood\/wp-content\/uploads\/2022\/04\/KIILTO-MASA-OH.pdf\"target=\"_blank\" rel=\"noopener noreferrer\"><i class=\"far fa-file-pdf\"><\/i> Ohutuskaart (PDF)<\/a><\/p>\n<div class=\"is-divider divider clearfix\" ><\/div>\n<p><strong>\u00dcksikasjalikuma n\u00f5u saamiseks v\u00f5tke \u00fchendust:<br \/><\/strong>Kiilto Eesti O\u00dc<br \/>L\u00e4ike tee 4<br \/>75312<br \/>Rae vald<br \/>(+372) 60 31 900<\/p>\n<div class=\"is-divider divider clearfix\" ><\/div>\n\t\t<\/div>\n\t\t\t\t\t<\/div>\n\n\t\n<\/div>\n","protected":false},"excerpt":{"rendered":"","protected":false},"featured_media":152928,"comment_status":"closed","ping_status":"closed","template":"","meta":[],"product_brand":[],"product_cat":[2703,2706,2707,2683],"product_tag":[],"class_list":{"0":"post-117206","1":"product","2":"type-product","3":"status-publish","4":"has-post-thumbnail","6":"product_cat-ehituskeemia","7":"product_cat-liimid","8":"product_cat-universaalliimid","9":"product_cat-viimistluskaubad","10":"pa_kaubamark-kiilto-eesti-ou","12":"first","13":"instock","14":"sale","15":"taxable","16":"shipping-taxable","17":"purchasable","18":"product-type-simple"},"yoast_head":"<!-- This site is optimized with the Yoast SEO plugin v26.9 - https:\/\/yoast.com\/product\/yoast-seo-wordpress\/ -->\n<title>UNIVERSAALNE LIIMI- JA TIHENDUSMASS KIILTO MASA 600ML HELEHALL - Espak E-pood<\/title>\n<meta name=\"robots\" content=\"index, follow, max-snippet:-1, max-image-preview:large, max-video-preview:-1\" \/>\n<link rel=\"canonical\" href=\"https:\/\/espak.ee\/epood\/toode\/universaalne-liimi-ja-tihendusmass-kiilto-masa-600ml-helehall\/\" \/>\n<meta property=\"og:locale\" content=\"et_EE\" \/>\n<meta property=\"og:type\" content=\"article\" \/>\n<meta property=\"og:title\" content=\"UNIVERSAALNE LIIMI- JA TIHENDUSMASS KIILTO MASA 600ML HELEHALL - Espak E-pood\" \/>\n<meta property=\"og:url\" content=\"https:\/\/espak.ee\/epood\/toode\/universaalne-liimi-ja-tihendusmass-kiilto-masa-600ml-helehall\/\" \/>\n<meta property=\"og:site_name\" content=\"Espak E-pood\" \/>\n<meta property=\"article:modified_time\" content=\"2024-08-20T16:06:50+00:00\" \/>\n<meta property=\"og:image\" content=\"https:\/\/espak.ee\/epood\/wp-content\/uploads\/2022\/04\/KIILTO-MASA-600.jpg\" \/>\n\t<meta property=\"og:image:width\" content=\"800\" \/>\n\t<meta property=\"og:image:height\" content=\"800\" \/>\n\t<meta property=\"og:image:type\" content=\"image\/jpeg\" \/>\n<meta name=\"twitter:card\" content=\"summary_large_image\" \/>\n<meta name=\"twitter:label1\" content=\"Est. reading time\" \/>\n\t<meta name=\"twitter:data1\" content=\"2 minutit\" \/>\n<script type=\"application\/ld+json\" class=\"yoast-schema-graph\">{\"@context\":\"https:\/\/schema.org\",\"@graph\":[{\"@type\":\"WebPage\",\"@id\":\"https:\/\/espak.ee\/epood\/toode\/universaalne-liimi-ja-tihendusmass-kiilto-masa-600ml-helehall\/\",\"url\":\"https:\/\/espak.ee\/epood\/toode\/universaalne-liimi-ja-tihendusmass-kiilto-masa-600ml-helehall\/\",\"name\":\"UNIVERSAALNE LIIMI- JA TIHENDUSMASS KIILTO MASA 600ML HELEHALL - Espak E-pood\",\"isPartOf\":{\"@id\":\"https:\/\/espak.ee\/epood\/#website\"},\"primaryImageOfPage\":{\"@id\":\"https:\/\/espak.ee\/epood\/toode\/universaalne-liimi-ja-tihendusmass-kiilto-masa-600ml-helehall\/#primaryimage\"},\"image\":{\"@id\":\"https:\/\/espak.ee\/epood\/toode\/universaalne-liimi-ja-tihendusmass-kiilto-masa-600ml-helehall\/#primaryimage\"},\"thumbnailUrl\":\"https:\/\/espak.ee\/epood\/wp-content\/uploads\/2022\/04\/KIILTO-MASA-600.jpg\",\"datePublished\":\"2022-04-27T03:40:30+00:00\",\"dateModified\":\"2024-08-20T16:06:50+00:00\",\"breadcrumb\":{\"@id\":\"https:\/\/espak.ee\/epood\/toode\/universaalne-liimi-ja-tihendusmass-kiilto-masa-600ml-helehall\/#breadcrumb\"},\"inLanguage\":\"et\",\"potentialAction\":[{\"@type\":\"ReadAction\",\"target\":[\"https:\/\/espak.ee\/epood\/toode\/universaalne-liimi-ja-tihendusmass-kiilto-masa-600ml-helehall\/\"]}]},{\"@type\":\"ImageObject\",\"inLanguage\":\"et\",\"@id\":\"https:\/\/espak.ee\/epood\/toode\/universaalne-liimi-ja-tihendusmass-kiilto-masa-600ml-helehall\/#primaryimage\",\"url\":\"https:\/\/espak.ee\/epood\/wp-content\/uploads\/2022\/04\/KIILTO-MASA-600.jpg\",\"contentUrl\":\"https:\/\/espak.ee\/epood\/wp-content\/uploads\/2022\/04\/KIILTO-MASA-600.jpg\",\"width\":800,\"height\":800},{\"@type\":\"BreadcrumbList\",\"@id\":\"https:\/\/espak.ee\/epood\/toode\/universaalne-liimi-ja-tihendusmass-kiilto-masa-600ml-helehall\/#breadcrumb\",\"itemListElement\":[{\"@type\":\"ListItem\",\"position\":1,\"name\":\"Home\",\"item\":\"https:\/\/espak.ee\/epood\/\"},{\"@type\":\"ListItem\",\"position\":2,\"name\":\"Tootevalik\",\"item\":\"https:\/\/espak.ee\/epood\/tootevalik\/\"},{\"@type\":\"ListItem\",\"position\":3,\"name\":\"UNIVERSAALNE LIIMI- JA TIHENDUSMASS KIILTO MASA 600ML HELEHALL\"}]},{\"@type\":\"WebSite\",\"@id\":\"https:\/\/espak.ee\/epood\/#website\",\"url\":\"https:\/\/espak.ee\/epood\/\",\"name\":\"Espak E-pood\",\"description\":\"\",\"potentialAction\":[{\"@type\":\"SearchAction\",\"target\":{\"@type\":\"EntryPoint\",\"urlTemplate\":\"https:\/\/espak.ee\/epood\/?s={search_term_string}\"},\"query-input\":{\"@type\":\"PropertyValueSpecification\",\"valueRequired\":true,\"valueName\":\"search_term_string\"}}],\"inLanguage\":\"et\"}]}<\/script>\n<!-- \/ Yoast SEO plugin. -->","yoast_head_json":{"title":"UNIVERSAALNE LIIMI- JA TIHENDUSMASS KIILTO MASA 600ML HELEHALL - Espak E-pood","robots":{"index":"index","follow":"follow","max-snippet":"max-snippet:-1","max-image-preview":"max-image-preview:large","max-video-preview":"max-video-preview:-1"},"canonical":"https:\/\/espak.ee\/epood\/toode\/universaalne-liimi-ja-tihendusmass-kiilto-masa-600ml-helehall\/","og_locale":"et_EE","og_type":"article","og_title":"UNIVERSAALNE LIIMI- JA TIHENDUSMASS KIILTO MASA 600ML HELEHALL - Espak E-pood","og_url":"https:\/\/espak.ee\/epood\/toode\/universaalne-liimi-ja-tihendusmass-kiilto-masa-600ml-helehall\/","og_site_name":"Espak E-pood","article_modified_time":"2024-08-20T16:06:50+00:00","og_image":[{"width":800,"height":800,"url":"https:\/\/espak.ee\/epood\/wp-content\/uploads\/2022\/04\/KIILTO-MASA-600.jpg","type":"image\/jpeg"}],"twitter_card":"summary_large_image","twitter_misc":{"Est. reading time":"2 minutit"},"schema":{"@context":"https:\/\/schema.org","@graph":[{"@type":"WebPage","@id":"https:\/\/espak.ee\/epood\/toode\/universaalne-liimi-ja-tihendusmass-kiilto-masa-600ml-helehall\/","url":"https:\/\/espak.ee\/epood\/toode\/universaalne-liimi-ja-tihendusmass-kiilto-masa-600ml-helehall\/","name":"UNIVERSAALNE LIIMI- JA TIHENDUSMASS KIILTO MASA 600ML HELEHALL - Espak E-pood","isPartOf":{"@id":"https:\/\/espak.ee\/epood\/#website"},"primaryImageOfPage":{"@id":"https:\/\/espak.ee\/epood\/toode\/universaalne-liimi-ja-tihendusmass-kiilto-masa-600ml-helehall\/#primaryimage"},"image":{"@id":"https:\/\/espak.ee\/epood\/toode\/universaalne-liimi-ja-tihendusmass-kiilto-masa-600ml-helehall\/#primaryimage"},"thumbnailUrl":"https:\/\/espak.ee\/epood\/wp-content\/uploads\/2022\/04\/KIILTO-MASA-600.jpg","datePublished":"2022-04-27T03:40:30+00:00","dateModified":"2024-08-20T16:06:50+00:00","breadcrumb":{"@id":"https:\/\/espak.ee\/epood\/toode\/universaalne-liimi-ja-tihendusmass-kiilto-masa-600ml-helehall\/#breadcrumb"},"inLanguage":"et","potentialAction":[{"@type":"ReadAction","target":["https:\/\/espak.ee\/epood\/toode\/universaalne-liimi-ja-tihendusmass-kiilto-masa-600ml-helehall\/"]}]},{"@type":"ImageObject","inLanguage":"et","@id":"https:\/\/espak.ee\/epood\/toode\/universaalne-liimi-ja-tihendusmass-kiilto-masa-600ml-helehall\/#primaryimage","url":"https:\/\/espak.ee\/epood\/wp-content\/uploads\/2022\/04\/KIILTO-MASA-600.jpg","contentUrl":"https:\/\/espak.ee\/epood\/wp-content\/uploads\/2022\/04\/KIILTO-MASA-600.jpg","width":800,"height":800},{"@type":"BreadcrumbList","@id":"https:\/\/espak.ee\/epood\/toode\/universaalne-liimi-ja-tihendusmass-kiilto-masa-600ml-helehall\/#breadcrumb","itemListElement":[{"@type":"ListItem","position":1,"name":"Home","item":"https:\/\/espak.ee\/epood\/"},{"@type":"ListItem","position":2,"name":"Tootevalik","item":"https:\/\/espak.ee\/epood\/tootevalik\/"},{"@type":"ListItem","position":3,"name":"UNIVERSAALNE LIIMI- JA TIHENDUSMASS KIILTO MASA 600ML HELEHALL"}]},{"@type":"WebSite","@id":"https:\/\/espak.ee\/epood\/#website","url":"https:\/\/espak.ee\/epood\/","name":"Espak E-pood","description":"","potentialAction":[{"@type":"SearchAction","target":{"@type":"EntryPoint","urlTemplate":"https:\/\/espak.ee\/epood\/?s={search_term_string}"},"query-input":{"@type":"PropertyValueSpecification","valueRequired":true,"valueName":"search_term_string"}}],"inLanguage":"et"}]}},"_links":{"self":[{"href":"https:\/\/espak.ee\/epood\/wp-json\/wp\/v2\/product\/117206","targetHints":{"allow":["GET"]}}],"collection":[{"href":"https:\/\/espak.ee\/epood\/wp-json\/wp\/v2\/product"}],"about":[{"href":"https:\/\/espak.ee\/epood\/wp-json\/wp\/v2\/types\/product"}],"replies":[{"embeddable":true,"href":"https:\/\/espak.ee\/epood\/wp-json\/wp\/v2\/comments?post=117206"}],"wp:featuredmedia":[{"embeddable":true,"href":"https:\/\/espak.ee\/epood\/wp-json\/wp\/v2\/media\/152928"}],"wp:attachment":[{"href":"https:\/\/espak.ee\/epood\/wp-json\/wp\/v2\/media?parent=117206"}],"wp:term":[{"taxonomy":"product_brand","embeddable":true,"href":"https:\/\/espak.ee\/epood\/wp-json\/wp\/v2\/product_brand?post=117206"},{"taxonomy":"product_cat","embeddable":true,"href":"https:\/\/espak.ee\/epood\/wp-json\/wp\/v2\/product_cat?post=117206"},{"taxonomy":"product_tag","embeddable":true,"href":"https:\/\/espak.ee\/epood\/wp-json\/wp\/v2\/product_tag?post=117206"}],"curies":[{"name":"wp","href":"https:\/\/api.w.org\/{rel}","templated":true}]}}