{"id":11702,"date":"2019-11-26T02:46:23","date_gmt":"2019-11-26T00:46:23","guid":{"rendered":"https:\/\/espak.ee\/hinnakiri\/?post_type=product&#038;p=11702"},"modified":"2026-02-16T18:41:51","modified_gmt":"2026-02-16T16:41:51","slug":"kiirkivinev-betoonpindade-ja-elementide-remintsegu-sakret-rs-20kg","status":"publish","type":"product","link":"https:\/\/espak.ee\/epood\/toode\/kiirkivinev-betoonpindade-ja-elementide-remintsegu-sakret-rs-20kg\/","title":{"rendered":"KIIRKIVINEV BETOONPINDADE JA -ELEMENTIDE REMINTSEGU SAKRET RS 20KG"},"content":{"rendered":"<div class=\"row\"  id=\"row-175587934\">\n\n\t<div id=\"col-900664443\" class=\"col medium-9 small-12 large-9\"  >\n\t\t\t\t<div class=\"col-inner\"  >\n\t\t\t\n\t\t\t\n<h2>RS Kiirkivinev betoonpindade ja -elementide remontsegu<\/h2>\n<div class=\"message-box relative\" style=\"padding-top:15px;padding-bottom:15px;\"><div class=\"message-box-bg-image bg-fill fill\" ><\/div><div class=\"message-box-bg-overlay bg-fill fill\" ><\/div><div class=\"container relative\"><div class=\"inner last-reset\">\n<div class=\"row align-middle align-center\"  id=\"row-2081394752\">\n\n\t<div id=\"col-795887944\" class=\"col small-12 large-12\"  >\n\t\t\t\t<div class=\"col-inner text-left\"  >\n\t\t\t\n\t\t\t\n<h4>Omadused<\/h4>\n<div class=\"row\"  id=\"row-682783033\">\n\n\t<div id=\"col-1435534784\" class=\"col medium-6 small-12 large-6\"  >\n\t\t\t\t<div class=\"col-inner\"  >\n\t\t\t\n\t\t\t\n<p><i class=\"fa fa-check fa-2x\"><\/i> <strong>Sise- ja v\u00e4list\u00f6\u00f6deks<\/strong><\/p>\n<p><i class=\"fa fa-check fa-2x\"><\/i> <strong>Vee- ja k\u00fclmakindel<\/strong><\/p>\n\t\t<\/div>\n\t\t\t\t\n<style>\n#col-1435534784 > .col-inner {\n  margin: 0px 0px 15px 0px;\n}\n<\/style>\n\t<\/div>\n\n\t\n\n\t<div id=\"col-1808437571\" class=\"col medium-6 small-12 large-6\"  >\n\t\t\t\t<div class=\"col-inner\"  >\n\t\t\t\n\t\t\t\n<p><i class=\"fa fa-check fa-2x\"><\/i> <strong>Betoonivalu defektide remondiks<\/strong><\/p>\n<p><i class=\"fa fa-check fa-2x\"><\/i> <strong>Aukude ja \u00fcle 5 mm laiuste pragude t\u00e4itmiseks<\/strong><\/p>\n\t\t<\/div>\n\t\t\t\t\n<style>\n#col-1808437571 > .col-inner {\n  margin: 0px 0px 15px 0px;\n}\n<\/style>\n\t<\/div>\n\n\t\n<\/div>\n\t\t<\/div>\n\t\t\t\t\t<\/div>\n\n\t\n<\/div>\n<\/div><\/div><\/div>\n\t<div id=\"gap-243108445\" class=\"gap-element clearfix\" style=\"display:block; height:auto;\">\n\t\t\n<style>\n#gap-243108445 {\n  padding-top: 30px;\n}\n<\/style>\n\t<\/div>\n\t\n<h3>Kasutamise \u00fcksikasjad<\/h3>\n<p><strong>Aluspinna ettevalmistus:<\/strong> Aluspind peab olema puhas ja kuiv. Puhastada pind v\u00e4hemtugevatest pindmistest kihtidest, tolmust, rasvast, v\u00e4rvij\u00e4\u00e4kidest jms. Vajadusel kruntida aluspinnad krundiga Sakret UG (lahjendada veega 1:3).<\/p>\n<p><strong>Kasutamine:<\/strong> Segada kuivsegu puhta k\u00fclma veega \u00fchtlaseks t\u00fckivabaks massiks kasutades mikserit (600 p\u00f6\u00f6ret\/min). Valmism\u00f6rdi kasutusaeg on ca 10 minutit, tardumiseag 25-30 min. Tarduma hakkavasse materjali mitte segada vett! Kanda aluspinnale roostevabast pahtlilabidaga v\u00f5i kelluga. Suuremate defektide remontimiseks kasutada saalungit. Kihipaksus \u00fchekordsel pealekandmisel kuni 25 mm. Parandatud horisontaalpinnad on k\u00e4idavad 3 h m\u00f6\u00f6dudes, t\u00e4iendavalt viimistletavad 24 h m\u00f6\u00f6dudes. Pahteldatud kohad on vajadusel lihvitavad kuni 12 h m\u00f6\u00f6dumisel pealekandmisest.<\/p>\n\t\t<\/div>\n\t\t\t\t\t<\/div>\n\n\t\n\n\t<div id=\"col-1990922897\" class=\"col medium-3 small-12 large-3\"  >\n\t\t\t\t<div class=\"col-inner\"  >\n\t\t\t\n\t\t\t\n\t<div id=\"gap-249573237\" class=\"gap-element clearfix\" style=\"display:block; height:auto;\">\n\t\t\n<style>\n#gap-249573237 {\n  padding-top: 30px;\n}\n<\/style>\n\t<\/div>\n\t\n<h3>Ohutusalane teave<\/h3>\n<p><a href=\"https:\/\/espak.ee\/epood\/wp-content\/uploads\/RS-ohutuskaart.pdf\" target=\"_blank\" rel=\"noopener noreferrer\"><i class=\"far fa-file-pdf\"><\/i> Ohutusalane teave (PDF)<\/a><\/p>\n<div class=\"is-divider divider clearfix\" ><\/div>\n<p><strong>\u00dcksikasjalikuma n\u00f5u saamiseks v\u00f5tke \u00fchendust:<br \/><\/strong>Sakret O\u00dc<br \/>M\u00e4o k\u00fcla<br \/>Paide linn<br \/>J\u00e4rvamaa<br \/>72751<\/p>\n<div class=\"is-divider divider clearfix\" ><\/div>\n\t\t<\/div>\n\t\t\t\t\t<\/div>\n\n\t\n<\/div>\n","protected":false},"excerpt":{"rendered":"","protected":false},"featured_media":11940,"comment_status":"closed","ping_status":"open","template":"","meta":[],"product_brand":[],"product_cat":[2809,2698,2803,2697],"product_tag":[],"class_list":{"0":"post-11702","1":"product","2":"type-product","3":"status-publish","4":"has-post-thumbnail","6":"product_cat-erisegud","7":"product_cat-pahtlid-ja-kuivsegud","8":"product_cat-porandasegud","9":"product_cat-uldehitus","10":"pa_kaubamark-sakret-ou","12":"first","13":"instock","14":"sale","15":"taxable","16":"shipping-taxable","17":"purchasable","18":"product-type-simple"},"yoast_head":"<!-- This site is optimized with the Yoast SEO plugin v26.9 - https:\/\/yoast.com\/product\/yoast-seo-wordpress\/ -->\n<title>KIIRKIVINEV BETOONPINDADE JA -ELEMENTIDE REMINTSEGU SAKRET RS 20KG - Espak E-pood<\/title>\n<meta name=\"robots\" content=\"index, follow, max-snippet:-1, max-image-preview:large, max-video-preview:-1\" \/>\n<link rel=\"canonical\" href=\"https:\/\/espak.ee\/epood\/toode\/kiirkivinev-betoonpindade-ja-elementide-remintsegu-sakret-rs-20kg\/\" \/>\n<meta property=\"og:locale\" content=\"et_EE\" \/>\n<meta property=\"og:type\" content=\"article\" \/>\n<meta property=\"og:title\" content=\"KIIRKIVINEV BETOONPINDADE JA -ELEMENTIDE REMINTSEGU SAKRET RS 20KG - Espak E-pood\" \/>\n<meta property=\"og:url\" content=\"https:\/\/espak.ee\/epood\/toode\/kiirkivinev-betoonpindade-ja-elementide-remintsegu-sakret-rs-20kg\/\" \/>\n<meta property=\"og:site_name\" content=\"Espak E-pood\" \/>\n<meta property=\"article:modified_time\" content=\"2026-02-16T16:41:51+00:00\" \/>\n<meta property=\"og:image\" content=\"https:\/\/espak.ee\/epood\/wp-content\/uploads\/RS.png\" \/>\n\t<meta property=\"og:image:width\" content=\"1024\" \/>\n\t<meta property=\"og:image:height\" content=\"1024\" \/>\n\t<meta property=\"og:image:type\" content=\"image\/png\" \/>\n<meta name=\"twitter:card\" content=\"summary_large_image\" \/>\n<meta name=\"twitter:label1\" content=\"Est. reading time\" \/>\n\t<meta name=\"twitter:data1\" content=\"1 minut\" \/>\n<script type=\"application\/ld+json\" class=\"yoast-schema-graph\">{\"@context\":\"https:\/\/schema.org\",\"@graph\":[{\"@type\":\"WebPage\",\"@id\":\"https:\/\/espak.ee\/epood\/toode\/kiirkivinev-betoonpindade-ja-elementide-remintsegu-sakret-rs-20kg\/\",\"url\":\"https:\/\/espak.ee\/epood\/toode\/kiirkivinev-betoonpindade-ja-elementide-remintsegu-sakret-rs-20kg\/\",\"name\":\"KIIRKIVINEV BETOONPINDADE JA -ELEMENTIDE REMINTSEGU SAKRET RS 20KG - Espak E-pood\",\"isPartOf\":{\"@id\":\"https:\/\/espak.ee\/epood\/#website\"},\"primaryImageOfPage\":{\"@id\":\"https:\/\/espak.ee\/epood\/toode\/kiirkivinev-betoonpindade-ja-elementide-remintsegu-sakret-rs-20kg\/#primaryimage\"},\"image\":{\"@id\":\"https:\/\/espak.ee\/epood\/toode\/kiirkivinev-betoonpindade-ja-elementide-remintsegu-sakret-rs-20kg\/#primaryimage\"},\"thumbnailUrl\":\"https:\/\/espak.ee\/epood\/wp-content\/uploads\/RS.png\",\"datePublished\":\"2019-11-26T00:46:23+00:00\",\"dateModified\":\"2026-02-16T16:41:51+00:00\",\"breadcrumb\":{\"@id\":\"https:\/\/espak.ee\/epood\/toode\/kiirkivinev-betoonpindade-ja-elementide-remintsegu-sakret-rs-20kg\/#breadcrumb\"},\"inLanguage\":\"et\",\"potentialAction\":[{\"@type\":\"ReadAction\",\"target\":[\"https:\/\/espak.ee\/epood\/toode\/kiirkivinev-betoonpindade-ja-elementide-remintsegu-sakret-rs-20kg\/\"]}]},{\"@type\":\"ImageObject\",\"inLanguage\":\"et\",\"@id\":\"https:\/\/espak.ee\/epood\/toode\/kiirkivinev-betoonpindade-ja-elementide-remintsegu-sakret-rs-20kg\/#primaryimage\",\"url\":\"https:\/\/espak.ee\/epood\/wp-content\/uploads\/RS.png\",\"contentUrl\":\"https:\/\/espak.ee\/epood\/wp-content\/uploads\/RS.png\",\"width\":1024,\"height\":1024},{\"@type\":\"BreadcrumbList\",\"@id\":\"https:\/\/espak.ee\/epood\/toode\/kiirkivinev-betoonpindade-ja-elementide-remintsegu-sakret-rs-20kg\/#breadcrumb\",\"itemListElement\":[{\"@type\":\"ListItem\",\"position\":1,\"name\":\"Home\",\"item\":\"https:\/\/espak.ee\/epood\/\"},{\"@type\":\"ListItem\",\"position\":2,\"name\":\"Tootevalik\",\"item\":\"https:\/\/espak.ee\/epood\/tootevalik\/\"},{\"@type\":\"ListItem\",\"position\":3,\"name\":\"KIIRKIVINEV BETOONPINDADE JA -ELEMENTIDE REMINTSEGU SAKRET RS 20KG\"}]},{\"@type\":\"WebSite\",\"@id\":\"https:\/\/espak.ee\/epood\/#website\",\"url\":\"https:\/\/espak.ee\/epood\/\",\"name\":\"Espak E-pood\",\"description\":\"\",\"potentialAction\":[{\"@type\":\"SearchAction\",\"target\":{\"@type\":\"EntryPoint\",\"urlTemplate\":\"https:\/\/espak.ee\/epood\/?s={search_term_string}\"},\"query-input\":{\"@type\":\"PropertyValueSpecification\",\"valueRequired\":true,\"valueName\":\"search_term_string\"}}],\"inLanguage\":\"et\"}]}<\/script>\n<!-- \/ Yoast SEO plugin. -->","yoast_head_json":{"title":"KIIRKIVINEV BETOONPINDADE JA -ELEMENTIDE REMINTSEGU SAKRET RS 20KG - Espak E-pood","robots":{"index":"index","follow":"follow","max-snippet":"max-snippet:-1","max-image-preview":"max-image-preview:large","max-video-preview":"max-video-preview:-1"},"canonical":"https:\/\/espak.ee\/epood\/toode\/kiirkivinev-betoonpindade-ja-elementide-remintsegu-sakret-rs-20kg\/","og_locale":"et_EE","og_type":"article","og_title":"KIIRKIVINEV BETOONPINDADE JA -ELEMENTIDE REMINTSEGU SAKRET RS 20KG - Espak E-pood","og_url":"https:\/\/espak.ee\/epood\/toode\/kiirkivinev-betoonpindade-ja-elementide-remintsegu-sakret-rs-20kg\/","og_site_name":"Espak E-pood","article_modified_time":"2026-02-16T16:41:51+00:00","og_image":[{"width":1024,"height":1024,"url":"https:\/\/espak.ee\/epood\/wp-content\/uploads\/RS.png","type":"image\/png"}],"twitter_card":"summary_large_image","twitter_misc":{"Est. reading time":"1 minut"},"schema":{"@context":"https:\/\/schema.org","@graph":[{"@type":"WebPage","@id":"https:\/\/espak.ee\/epood\/toode\/kiirkivinev-betoonpindade-ja-elementide-remintsegu-sakret-rs-20kg\/","url":"https:\/\/espak.ee\/epood\/toode\/kiirkivinev-betoonpindade-ja-elementide-remintsegu-sakret-rs-20kg\/","name":"KIIRKIVINEV BETOONPINDADE JA -ELEMENTIDE REMINTSEGU SAKRET RS 20KG - Espak E-pood","isPartOf":{"@id":"https:\/\/espak.ee\/epood\/#website"},"primaryImageOfPage":{"@id":"https:\/\/espak.ee\/epood\/toode\/kiirkivinev-betoonpindade-ja-elementide-remintsegu-sakret-rs-20kg\/#primaryimage"},"image":{"@id":"https:\/\/espak.ee\/epood\/toode\/kiirkivinev-betoonpindade-ja-elementide-remintsegu-sakret-rs-20kg\/#primaryimage"},"thumbnailUrl":"https:\/\/espak.ee\/epood\/wp-content\/uploads\/RS.png","datePublished":"2019-11-26T00:46:23+00:00","dateModified":"2026-02-16T16:41:51+00:00","breadcrumb":{"@id":"https:\/\/espak.ee\/epood\/toode\/kiirkivinev-betoonpindade-ja-elementide-remintsegu-sakret-rs-20kg\/#breadcrumb"},"inLanguage":"et","potentialAction":[{"@type":"ReadAction","target":["https:\/\/espak.ee\/epood\/toode\/kiirkivinev-betoonpindade-ja-elementide-remintsegu-sakret-rs-20kg\/"]}]},{"@type":"ImageObject","inLanguage":"et","@id":"https:\/\/espak.ee\/epood\/toode\/kiirkivinev-betoonpindade-ja-elementide-remintsegu-sakret-rs-20kg\/#primaryimage","url":"https:\/\/espak.ee\/epood\/wp-content\/uploads\/RS.png","contentUrl":"https:\/\/espak.ee\/epood\/wp-content\/uploads\/RS.png","width":1024,"height":1024},{"@type":"BreadcrumbList","@id":"https:\/\/espak.ee\/epood\/toode\/kiirkivinev-betoonpindade-ja-elementide-remintsegu-sakret-rs-20kg\/#breadcrumb","itemListElement":[{"@type":"ListItem","position":1,"name":"Home","item":"https:\/\/espak.ee\/epood\/"},{"@type":"ListItem","position":2,"name":"Tootevalik","item":"https:\/\/espak.ee\/epood\/tootevalik\/"},{"@type":"ListItem","position":3,"name":"KIIRKIVINEV BETOONPINDADE JA -ELEMENTIDE REMINTSEGU SAKRET RS 20KG"}]},{"@type":"WebSite","@id":"https:\/\/espak.ee\/epood\/#website","url":"https:\/\/espak.ee\/epood\/","name":"Espak E-pood","description":"","potentialAction":[{"@type":"SearchAction","target":{"@type":"EntryPoint","urlTemplate":"https:\/\/espak.ee\/epood\/?s={search_term_string}"},"query-input":{"@type":"PropertyValueSpecification","valueRequired":true,"valueName":"search_term_string"}}],"inLanguage":"et"}]}},"_links":{"self":[{"href":"https:\/\/espak.ee\/epood\/wp-json\/wp\/v2\/product\/11702","targetHints":{"allow":["GET"]}}],"collection":[{"href":"https:\/\/espak.ee\/epood\/wp-json\/wp\/v2\/product"}],"about":[{"href":"https:\/\/espak.ee\/epood\/wp-json\/wp\/v2\/types\/product"}],"replies":[{"embeddable":true,"href":"https:\/\/espak.ee\/epood\/wp-json\/wp\/v2\/comments?post=11702"}],"wp:featuredmedia":[{"embeddable":true,"href":"https:\/\/espak.ee\/epood\/wp-json\/wp\/v2\/media\/11940"}],"wp:attachment":[{"href":"https:\/\/espak.ee\/epood\/wp-json\/wp\/v2\/media?parent=11702"}],"wp:term":[{"taxonomy":"product_brand","embeddable":true,"href":"https:\/\/espak.ee\/epood\/wp-json\/wp\/v2\/product_brand?post=11702"},{"taxonomy":"product_cat","embeddable":true,"href":"https:\/\/espak.ee\/epood\/wp-json\/wp\/v2\/product_cat?post=11702"},{"taxonomy":"product_tag","embeddable":true,"href":"https:\/\/espak.ee\/epood\/wp-json\/wp\/v2\/product_tag?post=11702"}],"curies":[{"name":"wp","href":"https:\/\/api.w.org\/{rel}","templated":true}]}}