{"id":11694,"date":"2019-11-26T02:46:23","date_gmt":"2019-11-26T00:46:23","guid":{"rendered":"https:\/\/espak.ee\/hinnakiri\/?post_type=product&#038;p=11694"},"modified":"2024-03-23T00:09:35","modified_gmt":"2024-03-22T22:09:35","slug":"dekoratiivkrohvi-nakkekrunt-sakret-pg-15kg","status":"publish","type":"product","link":"https:\/\/espak.ee\/epood\/toode\/dekoratiivkrohvi-nakkekrunt-sakret-pg-15kg\/","title":{"rendered":"DEKORATIIVKROHVI NAKKEKRUNT SAKRET PG 15KG"},"content":{"rendered":"<div class=\"row\"  id=\"row-1260175777\">\n\n\t<div id=\"col-1700401775\" class=\"col medium-9 small-12 large-9\"  >\n\t\t\t\t<div class=\"col-inner\"  >\n\t\t\t\n\t\t\t\n<h2>PG Dekoratiivkrohvi nakkekrunt<\/h2>\n<div class=\"message-box relative\" style=\"padding-top:15px;padding-bottom:15px;\"><div class=\"message-box-bg-image bg-fill fill\" ><\/div><div class=\"message-box-bg-overlay bg-fill fill\" ><\/div><div class=\"container relative\"><div class=\"inner last-reset\">\n<div class=\"row align-middle align-center\"  id=\"row-1983674670\">\n\n\t<div id=\"col-2020834643\" class=\"col small-12 large-12\"  >\n\t\t\t\t<div class=\"col-inner text-left\"  >\n\t\t\t\n\t\t\t\n<h4>Omadused<\/h4>\n<div class=\"row\"  id=\"row-1724833745\">\n\n\t<div id=\"col-980958998\" class=\"col medium-6 small-12 large-6\"  >\n\t\t\t\t<div class=\"col-inner\"  >\n\t\t\t\n\t\t\t\n<p><i class=\"fa fa-check fa-2x\"><\/i> <strong>V\u00e4lis- ja siset\u00f6\u00f6deks<\/strong><\/p>\n<p><i class=\"fa fa-check fa-2x\"><\/i> <strong>Mineraalsetele pindadele<\/strong><\/p>\n\t\t<\/div>\n\t\t\t\t\n<style>\n#col-980958998 > .col-inner {\n  margin: 0px 0px 15px 0px;\n}\n<\/style>\n\t<\/div>\n\n\t\n\n\t<div id=\"col-111276953\" class=\"col medium-6 small-12 large-6\"  >\n\t\t\t\t<div class=\"col-inner\"  >\n\t\t\t\n\t\t\t\n<p><i class=\"fa fa-check fa-2x\"><\/i> <strong>Vee baasil<\/strong><\/p>\n<p><i class=\"fa fa-check fa-2x\"><\/i> <strong>Sisaldab kvartsliiva<\/strong><\/p>\n\t\t<\/div>\n\t\t\t\t\n<style>\n#col-111276953 > .col-inner {\n  margin: 0px 0px 15px 0px;\n}\n<\/style>\n\t<\/div>\n\n\t\n<\/div>\n\t\t<\/div>\n\t\t\t\t\t<\/div>\n\n\t\n<\/div>\n<\/div><\/div><\/div>\n\t<div id=\"gap-2086161580\" class=\"gap-element clearfix\" style=\"display:block; height:auto;\">\n\t\t\n<style>\n#gap-2086161580 {\n  padding-top: 30px;\n}\n<\/style>\n\t<\/div>\n\t\n<h3>Kasutamise \u00fcksikasjad<\/h3>\n<p><strong>Kasutamine:<\/strong> Pind peab olema puhas ja kuiv. Fassadi armeeritud pindu v\u00f5ib kruntida mitte varem, kui 24 h m\u00f6\u00f6dumisel armeerimist\u00f6\u00f6dest. Pind puhastada lahtistest osakestest, \u00f5list, mustusest. Enne kasutamist segada. Krunt kanda aluspinnale lahjendamata kujul maalrirulli v\u00f5i pintsliga. Soovitav kuivamisaeg enne dekoratiivkrohvi pealekandmist 12 tundi. T\u00f6\u00f6vahendid pesta kohe peale kruntimist veega.<\/p>\n\t\t<\/div>\n\t\t\t\t\t<\/div>\n\n\t\n\n\t<div id=\"col-1587544213\" class=\"col medium-3 small-12 large-3\"  >\n\t\t\t\t<div class=\"col-inner\"  >\n\t\t\t\n\t\t\t\n\t<div id=\"gap-984268054\" class=\"gap-element clearfix\" style=\"display:block; height:auto;\">\n\t\t\n<style>\n#gap-984268054 {\n  padding-top: 30px;\n}\n<\/style>\n\t<\/div>\n\t\n<h3>Tehniline informatsioon<\/h3>\n<p><a href=\"https:\/\/espak.ee\/epood\/wp-content\/uploads\/PG-tooteleht-1.pdf\" target=\"_blank\" rel=\"noopener noreferrer\"><i class=\"far fa-file-pdf\"><\/i> Tehniline info (PDF)<\/a><\/p>\n<div class=\"is-divider divider clearfix\" ><\/div>\n<p><strong>\u00dcksikasjalikuma n\u00f5u saamiseks v\u00f5tke \u00fchendust:<br \/><\/strong>Sakret O\u00dc<br \/>M\u00e4o k\u00fcla<br \/>Paide linn<br \/>J\u00e4rvamaa<br \/>72751<\/p>\n<div class=\"is-divider divider clearfix\" ><\/div>\n\t\t<\/div>\n\t\t\t\t\t<\/div>\n\n\t\n<\/div>\n","protected":false},"excerpt":{"rendered":"","protected":false},"featured_media":12038,"comment_status":"closed","ping_status":"open","template":"","meta":[],"product_brand":[],"product_cat":[2711,2712,2713,2697],"product_tag":[],"class_list":{"0":"post-11694","1":"product","2":"type-product","3":"status-publish","4":"has-post-thumbnail","6":"product_cat-fassaadimaterjalid","7":"product_cat-krundid","8":"product_cat-krundid-krundid","9":"product_cat-uldehitus","10":"pa_kaubamark-sakret-ou","12":"first","13":"instock","14":"sale","15":"taxable","16":"shipping-taxable","17":"purchasable","18":"product-type-simple"},"yoast_head":"<!-- This site is optimized with the Yoast SEO plugin v26.9 - https:\/\/yoast.com\/product\/yoast-seo-wordpress\/ -->\n<title>DEKORATIIVKROHVI NAKKEKRUNT SAKRET PG 15KG - Espak E-pood<\/title>\n<meta name=\"robots\" content=\"index, follow, max-snippet:-1, max-image-preview:large, max-video-preview:-1\" \/>\n<link rel=\"canonical\" href=\"https:\/\/espak.ee\/epood\/toode\/dekoratiivkrohvi-nakkekrunt-sakret-pg-15kg\/\" \/>\n<meta property=\"og:locale\" content=\"et_EE\" \/>\n<meta property=\"og:type\" content=\"article\" \/>\n<meta property=\"og:title\" content=\"DEKORATIIVKROHVI NAKKEKRUNT SAKRET PG 15KG - Espak E-pood\" \/>\n<meta property=\"og:url\" content=\"https:\/\/espak.ee\/epood\/toode\/dekoratiivkrohvi-nakkekrunt-sakret-pg-15kg\/\" \/>\n<meta property=\"og:site_name\" content=\"Espak E-pood\" \/>\n<meta property=\"article:modified_time\" content=\"2024-03-22T22:09:35+00:00\" \/>\n<meta property=\"og:image\" content=\"https:\/\/espak.ee\/epood\/wp-content\/uploads\/PG-1.png\" \/>\n\t<meta property=\"og:image:width\" content=\"768\" \/>\n\t<meta property=\"og:image:height\" content=\"768\" \/>\n\t<meta property=\"og:image:type\" content=\"image\/png\" \/>\n<meta name=\"twitter:card\" content=\"summary_large_image\" \/>\n<meta name=\"twitter:label1\" content=\"Est. reading time\" \/>\n\t<meta name=\"twitter:data1\" content=\"1 minut\" \/>\n<script type=\"application\/ld+json\" class=\"yoast-schema-graph\">{\"@context\":\"https:\/\/schema.org\",\"@graph\":[{\"@type\":\"WebPage\",\"@id\":\"https:\/\/espak.ee\/epood\/toode\/dekoratiivkrohvi-nakkekrunt-sakret-pg-15kg\/\",\"url\":\"https:\/\/espak.ee\/epood\/toode\/dekoratiivkrohvi-nakkekrunt-sakret-pg-15kg\/\",\"name\":\"DEKORATIIVKROHVI NAKKEKRUNT SAKRET PG 15KG - Espak E-pood\",\"isPartOf\":{\"@id\":\"https:\/\/espak.ee\/epood\/#website\"},\"primaryImageOfPage\":{\"@id\":\"https:\/\/espak.ee\/epood\/toode\/dekoratiivkrohvi-nakkekrunt-sakret-pg-15kg\/#primaryimage\"},\"image\":{\"@id\":\"https:\/\/espak.ee\/epood\/toode\/dekoratiivkrohvi-nakkekrunt-sakret-pg-15kg\/#primaryimage\"},\"thumbnailUrl\":\"https:\/\/espak.ee\/epood\/wp-content\/uploads\/PG-1.png\",\"datePublished\":\"2019-11-26T00:46:23+00:00\",\"dateModified\":\"2024-03-22T22:09:35+00:00\",\"breadcrumb\":{\"@id\":\"https:\/\/espak.ee\/epood\/toode\/dekoratiivkrohvi-nakkekrunt-sakret-pg-15kg\/#breadcrumb\"},\"inLanguage\":\"et\",\"potentialAction\":[{\"@type\":\"ReadAction\",\"target\":[\"https:\/\/espak.ee\/epood\/toode\/dekoratiivkrohvi-nakkekrunt-sakret-pg-15kg\/\"]}]},{\"@type\":\"ImageObject\",\"inLanguage\":\"et\",\"@id\":\"https:\/\/espak.ee\/epood\/toode\/dekoratiivkrohvi-nakkekrunt-sakret-pg-15kg\/#primaryimage\",\"url\":\"https:\/\/espak.ee\/epood\/wp-content\/uploads\/PG-1.png\",\"contentUrl\":\"https:\/\/espak.ee\/epood\/wp-content\/uploads\/PG-1.png\",\"width\":768,\"height\":768},{\"@type\":\"BreadcrumbList\",\"@id\":\"https:\/\/espak.ee\/epood\/toode\/dekoratiivkrohvi-nakkekrunt-sakret-pg-15kg\/#breadcrumb\",\"itemListElement\":[{\"@type\":\"ListItem\",\"position\":1,\"name\":\"Home\",\"item\":\"https:\/\/espak.ee\/epood\/\"},{\"@type\":\"ListItem\",\"position\":2,\"name\":\"Tootevalik\",\"item\":\"https:\/\/espak.ee\/epood\/tootevalik\/\"},{\"@type\":\"ListItem\",\"position\":3,\"name\":\"DEKORATIIVKROHVI NAKKEKRUNT SAKRET PG 15KG\"}]},{\"@type\":\"WebSite\",\"@id\":\"https:\/\/espak.ee\/epood\/#website\",\"url\":\"https:\/\/espak.ee\/epood\/\",\"name\":\"Espak E-pood\",\"description\":\"\",\"potentialAction\":[{\"@type\":\"SearchAction\",\"target\":{\"@type\":\"EntryPoint\",\"urlTemplate\":\"https:\/\/espak.ee\/epood\/?s={search_term_string}\"},\"query-input\":{\"@type\":\"PropertyValueSpecification\",\"valueRequired\":true,\"valueName\":\"search_term_string\"}}],\"inLanguage\":\"et\"}]}<\/script>\n<!-- \/ Yoast SEO plugin. -->","yoast_head_json":{"title":"DEKORATIIVKROHVI NAKKEKRUNT SAKRET PG 15KG - Espak E-pood","robots":{"index":"index","follow":"follow","max-snippet":"max-snippet:-1","max-image-preview":"max-image-preview:large","max-video-preview":"max-video-preview:-1"},"canonical":"https:\/\/espak.ee\/epood\/toode\/dekoratiivkrohvi-nakkekrunt-sakret-pg-15kg\/","og_locale":"et_EE","og_type":"article","og_title":"DEKORATIIVKROHVI NAKKEKRUNT SAKRET PG 15KG - Espak E-pood","og_url":"https:\/\/espak.ee\/epood\/toode\/dekoratiivkrohvi-nakkekrunt-sakret-pg-15kg\/","og_site_name":"Espak E-pood","article_modified_time":"2024-03-22T22:09:35+00:00","og_image":[{"width":768,"height":768,"url":"https:\/\/espak.ee\/epood\/wp-content\/uploads\/PG-1.png","type":"image\/png"}],"twitter_card":"summary_large_image","twitter_misc":{"Est. reading time":"1 minut"},"schema":{"@context":"https:\/\/schema.org","@graph":[{"@type":"WebPage","@id":"https:\/\/espak.ee\/epood\/toode\/dekoratiivkrohvi-nakkekrunt-sakret-pg-15kg\/","url":"https:\/\/espak.ee\/epood\/toode\/dekoratiivkrohvi-nakkekrunt-sakret-pg-15kg\/","name":"DEKORATIIVKROHVI NAKKEKRUNT SAKRET PG 15KG - Espak E-pood","isPartOf":{"@id":"https:\/\/espak.ee\/epood\/#website"},"primaryImageOfPage":{"@id":"https:\/\/espak.ee\/epood\/toode\/dekoratiivkrohvi-nakkekrunt-sakret-pg-15kg\/#primaryimage"},"image":{"@id":"https:\/\/espak.ee\/epood\/toode\/dekoratiivkrohvi-nakkekrunt-sakret-pg-15kg\/#primaryimage"},"thumbnailUrl":"https:\/\/espak.ee\/epood\/wp-content\/uploads\/PG-1.png","datePublished":"2019-11-26T00:46:23+00:00","dateModified":"2024-03-22T22:09:35+00:00","breadcrumb":{"@id":"https:\/\/espak.ee\/epood\/toode\/dekoratiivkrohvi-nakkekrunt-sakret-pg-15kg\/#breadcrumb"},"inLanguage":"et","potentialAction":[{"@type":"ReadAction","target":["https:\/\/espak.ee\/epood\/toode\/dekoratiivkrohvi-nakkekrunt-sakret-pg-15kg\/"]}]},{"@type":"ImageObject","inLanguage":"et","@id":"https:\/\/espak.ee\/epood\/toode\/dekoratiivkrohvi-nakkekrunt-sakret-pg-15kg\/#primaryimage","url":"https:\/\/espak.ee\/epood\/wp-content\/uploads\/PG-1.png","contentUrl":"https:\/\/espak.ee\/epood\/wp-content\/uploads\/PG-1.png","width":768,"height":768},{"@type":"BreadcrumbList","@id":"https:\/\/espak.ee\/epood\/toode\/dekoratiivkrohvi-nakkekrunt-sakret-pg-15kg\/#breadcrumb","itemListElement":[{"@type":"ListItem","position":1,"name":"Home","item":"https:\/\/espak.ee\/epood\/"},{"@type":"ListItem","position":2,"name":"Tootevalik","item":"https:\/\/espak.ee\/epood\/tootevalik\/"},{"@type":"ListItem","position":3,"name":"DEKORATIIVKROHVI NAKKEKRUNT SAKRET PG 15KG"}]},{"@type":"WebSite","@id":"https:\/\/espak.ee\/epood\/#website","url":"https:\/\/espak.ee\/epood\/","name":"Espak E-pood","description":"","potentialAction":[{"@type":"SearchAction","target":{"@type":"EntryPoint","urlTemplate":"https:\/\/espak.ee\/epood\/?s={search_term_string}"},"query-input":{"@type":"PropertyValueSpecification","valueRequired":true,"valueName":"search_term_string"}}],"inLanguage":"et"}]}},"_links":{"self":[{"href":"https:\/\/espak.ee\/epood\/wp-json\/wp\/v2\/product\/11694","targetHints":{"allow":["GET"]}}],"collection":[{"href":"https:\/\/espak.ee\/epood\/wp-json\/wp\/v2\/product"}],"about":[{"href":"https:\/\/espak.ee\/epood\/wp-json\/wp\/v2\/types\/product"}],"replies":[{"embeddable":true,"href":"https:\/\/espak.ee\/epood\/wp-json\/wp\/v2\/comments?post=11694"}],"wp:featuredmedia":[{"embeddable":true,"href":"https:\/\/espak.ee\/epood\/wp-json\/wp\/v2\/media\/12038"}],"wp:attachment":[{"href":"https:\/\/espak.ee\/epood\/wp-json\/wp\/v2\/media?parent=11694"}],"wp:term":[{"taxonomy":"product_brand","embeddable":true,"href":"https:\/\/espak.ee\/epood\/wp-json\/wp\/v2\/product_brand?post=11694"},{"taxonomy":"product_cat","embeddable":true,"href":"https:\/\/espak.ee\/epood\/wp-json\/wp\/v2\/product_cat?post=11694"},{"taxonomy":"product_tag","embeddable":true,"href":"https:\/\/espak.ee\/epood\/wp-json\/wp\/v2\/product_tag?post=11694"}],"curies":[{"name":"wp","href":"https:\/\/api.w.org\/{rel}","templated":true}]}}