{"id":11687,"date":"2019-11-26T02:46:16","date_gmt":"2019-11-26T00:46:16","guid":{"rendered":"https:\/\/espak.ee\/hinnakiri\/?post_type=product&#038;p=11687"},"modified":"2024-03-23T00:09:35","modified_gmt":"2024-03-22T22:09:35","slug":"kasutusvalmis-peenviimistluspahtel-sakret-lh-15kg","status":"publish","type":"product","link":"https:\/\/espak.ee\/epood\/toode\/kasutusvalmis-peenviimistluspahtel-sakret-lh-15kg\/","title":{"rendered":"KASUTUSVALMIS PEENVIIMISTLUSPAHTEL SAKRET LH 15KG"},"content":{"rendered":"<div class=\"row\"  id=\"row-694347155\">\n\n\t<div id=\"col-1500470071\" class=\"col medium-9 small-12 large-9\"  >\n\t\t\t\t<div class=\"col-inner\"  >\n\t\t\t\n\t\t\t\n<h2>LH Kasutusvalmis peenviimistluspahtel<\/h2>\n<div class=\"message-box relative\" style=\"padding-top:15px;padding-bottom:15px;\"><div class=\"message-box-bg-image bg-fill fill\" ><\/div><div class=\"message-box-bg-overlay bg-fill fill\" ><\/div><div class=\"container relative\"><div class=\"inner last-reset\">\n<div class=\"row align-middle align-center\"  id=\"row-2145983755\">\n\n\t<div id=\"col-285425172\" class=\"col small-12 large-12\"  >\n\t\t\t\t<div class=\"col-inner text-left\"  >\n\t\t\t\n\t\t\t\n<h4>Omadused<\/h4>\n<div class=\"row\"  id=\"row-1133027777\">\n\n\t<div id=\"col-487002953\" class=\"col medium-6 small-12 large-6\"  >\n\t\t\t\t<div class=\"col-inner\"  >\n\t\t\t\n\t\t\t\n<p><i class=\"fa fa-check fa-2x\"><\/i> <strong>Siset\u00f6\u00f6deks seintele ja lagedele<\/strong><\/p>\n<p><i class=\"fa fa-check fa-2x\"><\/i> <strong>Kuivadesse ruumidesse<\/strong><\/p>\n\t\t<\/div>\n\t\t\t\t\n<style>\n#col-487002953 > .col-inner {\n  margin: 0px 0px 15px 0px;\n}\n<\/style>\n\t<\/div>\n\n\t\n\n\t<div id=\"col-1820461071\" class=\"col medium-6 small-12 large-6\"  >\n\t\t\t\t<div class=\"col-inner\"  >\n\t\t\t\n\t\t\t\n<p><i class=\"fa fa-check fa-2x\"><\/i> <strong>Krohvile, betoonile, v\u00e4rvitud pindadele<\/strong><\/p>\n<p><i class=\"fa fa-check fa-2x\"><\/i> <strong>V\u00e4ga kergelt peale kantav<\/strong><\/p>\n\t\t<\/div>\n\t\t\t\t\n<style>\n#col-1820461071 > .col-inner {\n  margin: 0px 0px 15px 0px;\n}\n<\/style>\n\t<\/div>\n\n\t\n<\/div>\n\t\t<\/div>\n\t\t\t\t\t<\/div>\n\n\t\n<\/div>\n<\/div><\/div><\/div>\n\t<div id=\"gap-2006636338\" class=\"gap-element clearfix\" style=\"display:block; height:auto;\">\n\t\t\n<style>\n#gap-2006636338 {\n  padding-top: 30px;\n}\n<\/style>\n\t<\/div>\n\t\n<h3>Kasutamise \u00fcksikasjad<\/h3>\n<p><strong>Aluspinna ettevalmistus:<\/strong> Aluspind peab olema puhas, tugev ja kuiv, puhastatud liimi-, krohvi ja v\u00e4rviosakestest. Kinni katta kohad, mis ei ole ette n\u00e4htud pahteldamiseks (metallpinnad, aknaraamid, klaasid jne). Aluspinnad tuleb eelnevalt kruntida s\u00fcvakrundiga SAKRET TGW, ehituskrundiga SAKRET BG v\u00f5i universaalkrundiga SAKRET UG (lahjendada veega s\u00f5ltuvalt alusmaterjalist). Eelnevalt v\u00e4rvitud pinnad on soovitav karestada.<\/p>\n<p><strong>Kasutamine:<\/strong> Kanda peale pahtlilabidaga kuni 1-3 mm kihina. Peale kuivamist lihvida liivapaberiga tera suurusega 150-240 tm. Defektide v\u00f5i ebatasasuste katmiseks kanda peale uus kiht. Kuivamisaeg enne j\u00e4rgmise kihi peale kandmist ca 1 h, enne v\u00e4rvimist 12 h. Aluspinna ja keskkonna temperatuur v\u00e4rvimise ja kuivamise ajal peab olema +10\u00b0C kuni +25\u00b0C ning suhteline \u00f5huniiskus ei tohi olla \u00fcle 80%. Liiga k\u00f5rge v\u00f5i madal \u00f5hutemperatuur ja t\u00f5mbetuul siseruumides v\u00f5ivad p\u00f5hjustada pahtlikihi ebakvaliteetse kuivamise.<\/p>\n\t\t<\/div>\n\t\t\t\t\t<\/div>\n\n\t\n\n\t<div id=\"col-1670525328\" class=\"col medium-3 small-12 large-3\"  >\n\t\t\t\t<div class=\"col-inner\"  >\n\t\t\t\n\t\t\t\n\t<div id=\"gap-557144414\" class=\"gap-element clearfix\" style=\"display:block; height:auto;\">\n\t\t\n<style>\n#gap-557144414 {\n  padding-top: 30px;\n}\n<\/style>\n\t<\/div>\n\t\n<h3>Ohutusalane teave<\/h3>\n<p><a href=\"https:\/\/espak.ee\/epood\/wp-content\/uploads\/LH-ohutuskaart-1.pdf\" target=\"_blank\" rel=\"noopener noreferrer\"><i class=\"far fa-file-pdf\"><\/i> Ohutusalane teave (PDF)<\/a><\/p>\n<div class=\"is-divider divider clearfix\" ><\/div>\n<p><strong>\u00dcksikasjalikuma n\u00f5u saamiseks v\u00f5tke \u00fchendust:<br \/><\/strong>Sakret O\u00dc<br \/>M\u00e4o k\u00fcla<br \/>Paide linn<br \/>J\u00e4rvamaa<br \/>72751<\/p>\n<div class=\"is-divider divider clearfix\" ><\/div>\n\t\t<\/div>\n\t\t\t\t\t<\/div>\n\n\t\n<\/div>\n","protected":false},"excerpt":{"rendered":"","protected":false},"featured_media":11883,"comment_status":"closed","ping_status":"open","template":"","meta":[],"product_brand":[],"product_cat":[2698,2816,2697,2842],"product_tag":[],"class_list":{"0":"post-11687","1":"product","2":"type-product","3":"status-publish","4":"has-post-thumbnail","6":"product_cat-pahtlid-ja-kuivsegud","7":"product_cat-seinatasandussegud","8":"product_cat-uldehitus","9":"product_cat-viimistluspahtlid","10":"pa_kaubamark-sakret-ou","12":"first","13":"outofstock","14":"sale","15":"taxable","16":"shipping-taxable","17":"purchasable","18":"product-type-simple"},"yoast_head":"<!-- This site is optimized with the Yoast SEO plugin v26.9 - https:\/\/yoast.com\/product\/yoast-seo-wordpress\/ -->\n<title>KASUTUSVALMIS PEENVIIMISTLUSPAHTEL SAKRET LH 15KG - Espak E-pood<\/title>\n<meta name=\"robots\" content=\"index, follow, max-snippet:-1, max-image-preview:large, max-video-preview:-1\" \/>\n<link rel=\"canonical\" href=\"https:\/\/espak.ee\/epood\/toode\/kasutusvalmis-peenviimistluspahtel-sakret-lh-15kg\/\" \/>\n<meta property=\"og:locale\" content=\"et_EE\" \/>\n<meta property=\"og:type\" content=\"article\" \/>\n<meta property=\"og:title\" content=\"KASUTUSVALMIS PEENVIIMISTLUSPAHTEL SAKRET LH 15KG - Espak E-pood\" \/>\n<meta property=\"og:url\" content=\"https:\/\/espak.ee\/epood\/toode\/kasutusvalmis-peenviimistluspahtel-sakret-lh-15kg\/\" \/>\n<meta property=\"og:site_name\" content=\"Espak E-pood\" \/>\n<meta property=\"article:modified_time\" content=\"2024-03-22T22:09:35+00:00\" \/>\n<meta property=\"og:image\" content=\"https:\/\/espak.ee\/epood\/wp-content\/uploads\/LH-1.png\" \/>\n\t<meta property=\"og:image:width\" content=\"768\" \/>\n\t<meta property=\"og:image:height\" content=\"768\" \/>\n\t<meta property=\"og:image:type\" content=\"image\/png\" \/>\n<meta name=\"twitter:card\" content=\"summary_large_image\" \/>\n<meta name=\"twitter:label1\" content=\"Est. reading time\" \/>\n\t<meta name=\"twitter:data1\" content=\"1 minut\" \/>\n<script type=\"application\/ld+json\" class=\"yoast-schema-graph\">{\"@context\":\"https:\/\/schema.org\",\"@graph\":[{\"@type\":\"WebPage\",\"@id\":\"https:\/\/espak.ee\/epood\/toode\/kasutusvalmis-peenviimistluspahtel-sakret-lh-15kg\/\",\"url\":\"https:\/\/espak.ee\/epood\/toode\/kasutusvalmis-peenviimistluspahtel-sakret-lh-15kg\/\",\"name\":\"KASUTUSVALMIS PEENVIIMISTLUSPAHTEL SAKRET LH 15KG - Espak E-pood\",\"isPartOf\":{\"@id\":\"https:\/\/espak.ee\/epood\/#website\"},\"primaryImageOfPage\":{\"@id\":\"https:\/\/espak.ee\/epood\/toode\/kasutusvalmis-peenviimistluspahtel-sakret-lh-15kg\/#primaryimage\"},\"image\":{\"@id\":\"https:\/\/espak.ee\/epood\/toode\/kasutusvalmis-peenviimistluspahtel-sakret-lh-15kg\/#primaryimage\"},\"thumbnailUrl\":\"https:\/\/espak.ee\/epood\/wp-content\/uploads\/LH-1.png\",\"datePublished\":\"2019-11-26T00:46:16+00:00\",\"dateModified\":\"2024-03-22T22:09:35+00:00\",\"breadcrumb\":{\"@id\":\"https:\/\/espak.ee\/epood\/toode\/kasutusvalmis-peenviimistluspahtel-sakret-lh-15kg\/#breadcrumb\"},\"inLanguage\":\"et\",\"potentialAction\":[{\"@type\":\"ReadAction\",\"target\":[\"https:\/\/espak.ee\/epood\/toode\/kasutusvalmis-peenviimistluspahtel-sakret-lh-15kg\/\"]}]},{\"@type\":\"ImageObject\",\"inLanguage\":\"et\",\"@id\":\"https:\/\/espak.ee\/epood\/toode\/kasutusvalmis-peenviimistluspahtel-sakret-lh-15kg\/#primaryimage\",\"url\":\"https:\/\/espak.ee\/epood\/wp-content\/uploads\/LH-1.png\",\"contentUrl\":\"https:\/\/espak.ee\/epood\/wp-content\/uploads\/LH-1.png\",\"width\":768,\"height\":768},{\"@type\":\"BreadcrumbList\",\"@id\":\"https:\/\/espak.ee\/epood\/toode\/kasutusvalmis-peenviimistluspahtel-sakret-lh-15kg\/#breadcrumb\",\"itemListElement\":[{\"@type\":\"ListItem\",\"position\":1,\"name\":\"Home\",\"item\":\"https:\/\/espak.ee\/epood\/\"},{\"@type\":\"ListItem\",\"position\":2,\"name\":\"Tootevalik\",\"item\":\"https:\/\/espak.ee\/epood\/tootevalik\/\"},{\"@type\":\"ListItem\",\"position\":3,\"name\":\"KASUTUSVALMIS PEENVIIMISTLUSPAHTEL SAKRET LH 15KG\"}]},{\"@type\":\"WebSite\",\"@id\":\"https:\/\/espak.ee\/epood\/#website\",\"url\":\"https:\/\/espak.ee\/epood\/\",\"name\":\"Espak E-pood\",\"description\":\"\",\"potentialAction\":[{\"@type\":\"SearchAction\",\"target\":{\"@type\":\"EntryPoint\",\"urlTemplate\":\"https:\/\/espak.ee\/epood\/?s={search_term_string}\"},\"query-input\":{\"@type\":\"PropertyValueSpecification\",\"valueRequired\":true,\"valueName\":\"search_term_string\"}}],\"inLanguage\":\"et\"}]}<\/script>\n<!-- \/ Yoast SEO plugin. -->","yoast_head_json":{"title":"KASUTUSVALMIS PEENVIIMISTLUSPAHTEL SAKRET LH 15KG - Espak E-pood","robots":{"index":"index","follow":"follow","max-snippet":"max-snippet:-1","max-image-preview":"max-image-preview:large","max-video-preview":"max-video-preview:-1"},"canonical":"https:\/\/espak.ee\/epood\/toode\/kasutusvalmis-peenviimistluspahtel-sakret-lh-15kg\/","og_locale":"et_EE","og_type":"article","og_title":"KASUTUSVALMIS PEENVIIMISTLUSPAHTEL SAKRET LH 15KG - Espak E-pood","og_url":"https:\/\/espak.ee\/epood\/toode\/kasutusvalmis-peenviimistluspahtel-sakret-lh-15kg\/","og_site_name":"Espak E-pood","article_modified_time":"2024-03-22T22:09:35+00:00","og_image":[{"width":768,"height":768,"url":"https:\/\/espak.ee\/epood\/wp-content\/uploads\/LH-1.png","type":"image\/png"}],"twitter_card":"summary_large_image","twitter_misc":{"Est. reading time":"1 minut"},"schema":{"@context":"https:\/\/schema.org","@graph":[{"@type":"WebPage","@id":"https:\/\/espak.ee\/epood\/toode\/kasutusvalmis-peenviimistluspahtel-sakret-lh-15kg\/","url":"https:\/\/espak.ee\/epood\/toode\/kasutusvalmis-peenviimistluspahtel-sakret-lh-15kg\/","name":"KASUTUSVALMIS PEENVIIMISTLUSPAHTEL SAKRET LH 15KG - Espak E-pood","isPartOf":{"@id":"https:\/\/espak.ee\/epood\/#website"},"primaryImageOfPage":{"@id":"https:\/\/espak.ee\/epood\/toode\/kasutusvalmis-peenviimistluspahtel-sakret-lh-15kg\/#primaryimage"},"image":{"@id":"https:\/\/espak.ee\/epood\/toode\/kasutusvalmis-peenviimistluspahtel-sakret-lh-15kg\/#primaryimage"},"thumbnailUrl":"https:\/\/espak.ee\/epood\/wp-content\/uploads\/LH-1.png","datePublished":"2019-11-26T00:46:16+00:00","dateModified":"2024-03-22T22:09:35+00:00","breadcrumb":{"@id":"https:\/\/espak.ee\/epood\/toode\/kasutusvalmis-peenviimistluspahtel-sakret-lh-15kg\/#breadcrumb"},"inLanguage":"et","potentialAction":[{"@type":"ReadAction","target":["https:\/\/espak.ee\/epood\/toode\/kasutusvalmis-peenviimistluspahtel-sakret-lh-15kg\/"]}]},{"@type":"ImageObject","inLanguage":"et","@id":"https:\/\/espak.ee\/epood\/toode\/kasutusvalmis-peenviimistluspahtel-sakret-lh-15kg\/#primaryimage","url":"https:\/\/espak.ee\/epood\/wp-content\/uploads\/LH-1.png","contentUrl":"https:\/\/espak.ee\/epood\/wp-content\/uploads\/LH-1.png","width":768,"height":768},{"@type":"BreadcrumbList","@id":"https:\/\/espak.ee\/epood\/toode\/kasutusvalmis-peenviimistluspahtel-sakret-lh-15kg\/#breadcrumb","itemListElement":[{"@type":"ListItem","position":1,"name":"Home","item":"https:\/\/espak.ee\/epood\/"},{"@type":"ListItem","position":2,"name":"Tootevalik","item":"https:\/\/espak.ee\/epood\/tootevalik\/"},{"@type":"ListItem","position":3,"name":"KASUTUSVALMIS PEENVIIMISTLUSPAHTEL SAKRET LH 15KG"}]},{"@type":"WebSite","@id":"https:\/\/espak.ee\/epood\/#website","url":"https:\/\/espak.ee\/epood\/","name":"Espak E-pood","description":"","potentialAction":[{"@type":"SearchAction","target":{"@type":"EntryPoint","urlTemplate":"https:\/\/espak.ee\/epood\/?s={search_term_string}"},"query-input":{"@type":"PropertyValueSpecification","valueRequired":true,"valueName":"search_term_string"}}],"inLanguage":"et"}]}},"_links":{"self":[{"href":"https:\/\/espak.ee\/epood\/wp-json\/wp\/v2\/product\/11687","targetHints":{"allow":["GET"]}}],"collection":[{"href":"https:\/\/espak.ee\/epood\/wp-json\/wp\/v2\/product"}],"about":[{"href":"https:\/\/espak.ee\/epood\/wp-json\/wp\/v2\/types\/product"}],"replies":[{"embeddable":true,"href":"https:\/\/espak.ee\/epood\/wp-json\/wp\/v2\/comments?post=11687"}],"wp:featuredmedia":[{"embeddable":true,"href":"https:\/\/espak.ee\/epood\/wp-json\/wp\/v2\/media\/11883"}],"wp:attachment":[{"href":"https:\/\/espak.ee\/epood\/wp-json\/wp\/v2\/media?parent=11687"}],"wp:term":[{"taxonomy":"product_brand","embeddable":true,"href":"https:\/\/espak.ee\/epood\/wp-json\/wp\/v2\/product_brand?post=11687"},{"taxonomy":"product_cat","embeddable":true,"href":"https:\/\/espak.ee\/epood\/wp-json\/wp\/v2\/product_cat?post=11687"},{"taxonomy":"product_tag","embeddable":true,"href":"https:\/\/espak.ee\/epood\/wp-json\/wp\/v2\/product_tag?post=11687"}],"curies":[{"name":"wp","href":"https:\/\/api.w.org\/{rel}","templated":true}]}}