{"id":11686,"date":"2019-11-26T02:46:16","date_gmt":"2019-11-26T00:46:16","guid":{"rendered":"https:\/\/espak.ee\/hinnakiri\/?post_type=product&#038;p=11686"},"modified":"2025-08-17T22:57:20","modified_gmt":"2025-08-17T19:57:20","slug":"pae-ja-looduskivi-ladumissegu-sakret-kzm-2-25kg","status":"publish","type":"product","link":"https:\/\/espak.ee\/epood\/toode\/pae-ja-looduskivi-ladumissegu-sakret-kzm-2-25kg\/","title":{"rendered":"PAE- JA LOODUSKIVI LADUMISSEGU SAKRET KZM-2 25KG"},"content":{"rendered":"<div class=\"row\"  id=\"row-1288086866\">\n\n\t<div id=\"col-789006751\" class=\"col medium-9 small-12 large-9\"  >\n\t\t\t\t<div class=\"col-inner\"  >\n\t\t\t\n\t\t\t\n<h2>KZM-2 Pae- ja looduskivi ladumissegu<\/h2>\n<div class=\"message-box relative\" style=\"padding-top:15px;padding-bottom:15px;\"><div class=\"message-box-bg-image bg-fill fill\" ><\/div><div class=\"message-box-bg-overlay bg-fill fill\" ><\/div><div class=\"container relative\"><div class=\"inner last-reset\">\n<div class=\"row align-middle align-center\"  id=\"row-1847599304\">\n\n\t<div id=\"col-1066444748\" class=\"col small-12 large-12\"  >\n\t\t\t\t<div class=\"col-inner text-left\"  >\n\t\t\t\n\t\t\t\n<h4>Omadused<\/h4>\n<div class=\"row\"  id=\"row-301777081\">\n\n\t<div id=\"col-556316756\" class=\"col medium-6 small-12 large-6\"  >\n\t\t\t\t<div class=\"col-inner\"  >\n\t\t\t\n\t\t\t\n<p><i class=\"fa fa-check fa-2x\"><\/i> <strong>V\u00e4lis- ja siset\u00f6\u00f6deks<\/strong><\/p>\n<p><i class=\"fa fa-check fa-2x\"><\/i> <strong>Lubja ja valge tsemendi sideainel<\/strong><\/p>\n\t\t<\/div>\n\t\t\t\t\n<style>\n#col-556316756 > .col-inner {\n  margin: 0px 0px 15px 0px;\n}\n<\/style>\n\t<\/div>\n\n\t\n\n\t<div id=\"col-620031565\" class=\"col medium-6 small-12 large-6\"  >\n\t\t\t\t<div class=\"col-inner\"  >\n\t\t\t\n\t\t\t\n<p><i class=\"fa fa-check fa-2x\"><\/i> <strong>Hea veeauru l\u00e4bilaskvusega<\/strong><\/p>\n<p><i class=\"fa fa-check fa-2x\"><\/i> <strong>Sobilik puhta vuugiga ladumiseks<\/strong><\/p>\n\t\t<\/div>\n\t\t\t\t\n<style>\n#col-620031565 > .col-inner {\n  margin: 0px 0px 15px 0px;\n}\n<\/style>\n\t<\/div>\n\n\t\n<\/div>\n\t\t<\/div>\n\t\t\t\t\t<\/div>\n\n\t\n<\/div>\n<\/div><\/div><\/div>\n\t<div id=\"gap-2133010671\" class=\"gap-element clearfix\" style=\"display:block; height:auto;\">\n\t\t\n<style>\n#gap-2133010671 {\n  padding-top: 30px;\n}\n<\/style>\n\t<\/div>\n\t\n<h3>Kasutamise \u00fcksikasjad<\/h3>\n<p><strong>Segu ettevalmistus:<\/strong> Segada kuivsegu puhta k\u00fclma veega \u00fchtlaseks t\u00fckivabaks massiks kasutades segistit, segamisaeg 4-8 min. Tarduma hakkavasse segusse vett mitte lisada! Optimaalne t\u00f6\u00f6temperatuur +5\u00b0\u0421 kuni +30\u00b0\u0421. K\u00f5rgemad temperatuurid kiirendavad segu tardumist, madalamad pikendavad. Mitte kasutada miinuskraadidega ilma k\u00fclmumisvastase lisandita! Talvistes tingimustes kuni -5\u00b0C k\u00fclmaga ladudes lisada 25kg koti segu kohta umbes 50 ml k\u00fclmalisandit Sakret AF. Kaitsta laotavat m\u00fc\u00fcri sademete ja muude ohustavate ilmastikum\u00f5jude eest.<\/p>\n<p><strong>M\u00fc\u00fcriladumine:<\/strong> Kivid ei tohi olla j\u00e4\u00e4tunud, tugevalt m\u00e4\u00e4rdunud kivid puhastada veega. Segu kanda kividele kellu abil. Peale seguga nakkumist m\u00fc\u00fcrimaterjali mitte liigutada! Vuukimisel puhastada olemasolevad vuugid mustusest, mullast, savit\u00e4itest, lahtisest m\u00f6rdist. Segu kanda vuukidesse vuugikellu abil. Vuuke on v\u00f5imalik modelleerida k\u00f5ikide traditsiooniliste abivahenditega. Sile vuugipind saavutatakse pestes piisavalt tardunud segu k\u00e4snaga.<\/p>\n\t\t<\/div>\n\t\t\t\t\t<\/div>\n\n\t\n\n\t<div id=\"col-932120612\" class=\"col medium-3 small-12 large-3\"  >\n\t\t\t\t<div class=\"col-inner\"  >\n\t\t\t\n\t\t\t\n\t<div id=\"gap-861692946\" class=\"gap-element clearfix\" style=\"display:block; height:auto;\">\n\t\t\n<style>\n#gap-861692946 {\n  padding-top: 30px;\n}\n<\/style>\n\t<\/div>\n\t\n<h3>Ohutusalane teave<\/h3>\n<p><a href=\"https:\/\/espak.ee\/epood\/wp-content\/uploads\/KZM-2-tooteohutuskaart.pdf\" target=\"_blank\" rel=\"noopener noreferrer\"><i class=\"far fa-file-pdf\"><\/i> Ohutusalane teave (PDF)<\/a><\/p>\n<div class=\"is-divider divider clearfix\" ><\/div>\n<p><strong>\u00dcksikasjalikuma n\u00f5u saamiseks v\u00f5tke \u00fchendust:<br \/><\/strong>Sakret O\u00dc<br \/>M\u00e4o k\u00fcla<br \/>Paide linn<br \/>J\u00e4rvamaa<br \/>72751<\/p>\n<div class=\"is-divider divider clearfix\" ><\/div>\n\t\t<\/div>\n\t\t\t\t\t<\/div>\n\n\t\n<\/div>\n","protected":false},"excerpt":{"rendered":"","protected":false},"featured_media":12030,"comment_status":"closed","ping_status":"open","template":"","meta":[],"product_brand":[],"product_cat":[2861,2698,2814,2697],"product_tag":[],"class_list":{"0":"post-11686","1":"product","2":"type-product","3":"status-publish","4":"has-post-thumbnail","6":"product_cat-muurisegud","7":"product_cat-pahtlid-ja-kuivsegud","8":"product_cat-tsementsegud","9":"product_cat-uldehitus","10":"pa_kaubamark-sakret-ou","12":"first","13":"instock","14":"sale","15":"taxable","16":"shipping-taxable","17":"purchasable","18":"product-type-simple"},"yoast_head":"<!-- This site is optimized with the Yoast SEO plugin v26.9 - https:\/\/yoast.com\/product\/yoast-seo-wordpress\/ -->\n<title>PAE- JA LOODUSKIVI LADUMISSEGU SAKRET KZM-2 25KG - Espak E-pood<\/title>\n<meta name=\"robots\" content=\"index, follow, max-snippet:-1, max-image-preview:large, max-video-preview:-1\" \/>\n<link rel=\"canonical\" href=\"https:\/\/espak.ee\/epood\/toode\/pae-ja-looduskivi-ladumissegu-sakret-kzm-2-25kg\/\" \/>\n<meta property=\"og:locale\" content=\"et_EE\" \/>\n<meta property=\"og:type\" content=\"article\" \/>\n<meta property=\"og:title\" content=\"PAE- JA LOODUSKIVI LADUMISSEGU SAKRET KZM-2 25KG - Espak E-pood\" \/>\n<meta property=\"og:url\" content=\"https:\/\/espak.ee\/epood\/toode\/pae-ja-looduskivi-ladumissegu-sakret-kzm-2-25kg\/\" \/>\n<meta property=\"og:site_name\" content=\"Espak E-pood\" \/>\n<meta property=\"article:modified_time\" content=\"2025-08-17T19:57:20+00:00\" \/>\n<meta property=\"og:image\" content=\"https:\/\/espak.ee\/epood\/wp-content\/uploads\/KZM-2.png\" \/>\n\t<meta property=\"og:image:width\" content=\"1024\" \/>\n\t<meta property=\"og:image:height\" content=\"1024\" \/>\n\t<meta property=\"og:image:type\" content=\"image\/png\" \/>\n<meta name=\"twitter:card\" content=\"summary_large_image\" \/>\n<meta name=\"twitter:label1\" content=\"Est. reading time\" \/>\n\t<meta name=\"twitter:data1\" content=\"1 minut\" \/>\n<script type=\"application\/ld+json\" class=\"yoast-schema-graph\">{\"@context\":\"https:\/\/schema.org\",\"@graph\":[{\"@type\":\"WebPage\",\"@id\":\"https:\/\/espak.ee\/epood\/toode\/pae-ja-looduskivi-ladumissegu-sakret-kzm-2-25kg\/\",\"url\":\"https:\/\/espak.ee\/epood\/toode\/pae-ja-looduskivi-ladumissegu-sakret-kzm-2-25kg\/\",\"name\":\"PAE- JA LOODUSKIVI LADUMISSEGU SAKRET KZM-2 25KG - Espak E-pood\",\"isPartOf\":{\"@id\":\"https:\/\/espak.ee\/epood\/#website\"},\"primaryImageOfPage\":{\"@id\":\"https:\/\/espak.ee\/epood\/toode\/pae-ja-looduskivi-ladumissegu-sakret-kzm-2-25kg\/#primaryimage\"},\"image\":{\"@id\":\"https:\/\/espak.ee\/epood\/toode\/pae-ja-looduskivi-ladumissegu-sakret-kzm-2-25kg\/#primaryimage\"},\"thumbnailUrl\":\"https:\/\/espak.ee\/epood\/wp-content\/uploads\/KZM-2.png\",\"datePublished\":\"2019-11-26T00:46:16+00:00\",\"dateModified\":\"2025-08-17T19:57:20+00:00\",\"breadcrumb\":{\"@id\":\"https:\/\/espak.ee\/epood\/toode\/pae-ja-looduskivi-ladumissegu-sakret-kzm-2-25kg\/#breadcrumb\"},\"inLanguage\":\"et\",\"potentialAction\":[{\"@type\":\"ReadAction\",\"target\":[\"https:\/\/espak.ee\/epood\/toode\/pae-ja-looduskivi-ladumissegu-sakret-kzm-2-25kg\/\"]}]},{\"@type\":\"ImageObject\",\"inLanguage\":\"et\",\"@id\":\"https:\/\/espak.ee\/epood\/toode\/pae-ja-looduskivi-ladumissegu-sakret-kzm-2-25kg\/#primaryimage\",\"url\":\"https:\/\/espak.ee\/epood\/wp-content\/uploads\/KZM-2.png\",\"contentUrl\":\"https:\/\/espak.ee\/epood\/wp-content\/uploads\/KZM-2.png\",\"width\":1024,\"height\":1024},{\"@type\":\"BreadcrumbList\",\"@id\":\"https:\/\/espak.ee\/epood\/toode\/pae-ja-looduskivi-ladumissegu-sakret-kzm-2-25kg\/#breadcrumb\",\"itemListElement\":[{\"@type\":\"ListItem\",\"position\":1,\"name\":\"Home\",\"item\":\"https:\/\/espak.ee\/epood\/\"},{\"@type\":\"ListItem\",\"position\":2,\"name\":\"Tootevalik\",\"item\":\"https:\/\/espak.ee\/epood\/tootevalik\/\"},{\"@type\":\"ListItem\",\"position\":3,\"name\":\"PAE- JA LOODUSKIVI LADUMISSEGU SAKRET KZM-2 25KG\"}]},{\"@type\":\"WebSite\",\"@id\":\"https:\/\/espak.ee\/epood\/#website\",\"url\":\"https:\/\/espak.ee\/epood\/\",\"name\":\"Espak E-pood\",\"description\":\"\",\"potentialAction\":[{\"@type\":\"SearchAction\",\"target\":{\"@type\":\"EntryPoint\",\"urlTemplate\":\"https:\/\/espak.ee\/epood\/?s={search_term_string}\"},\"query-input\":{\"@type\":\"PropertyValueSpecification\",\"valueRequired\":true,\"valueName\":\"search_term_string\"}}],\"inLanguage\":\"et\"}]}<\/script>\n<!-- \/ Yoast SEO plugin. -->","yoast_head_json":{"title":"PAE- JA LOODUSKIVI LADUMISSEGU SAKRET KZM-2 25KG - Espak E-pood","robots":{"index":"index","follow":"follow","max-snippet":"max-snippet:-1","max-image-preview":"max-image-preview:large","max-video-preview":"max-video-preview:-1"},"canonical":"https:\/\/espak.ee\/epood\/toode\/pae-ja-looduskivi-ladumissegu-sakret-kzm-2-25kg\/","og_locale":"et_EE","og_type":"article","og_title":"PAE- JA LOODUSKIVI LADUMISSEGU SAKRET KZM-2 25KG - Espak E-pood","og_url":"https:\/\/espak.ee\/epood\/toode\/pae-ja-looduskivi-ladumissegu-sakret-kzm-2-25kg\/","og_site_name":"Espak E-pood","article_modified_time":"2025-08-17T19:57:20+00:00","og_image":[{"width":1024,"height":1024,"url":"https:\/\/espak.ee\/epood\/wp-content\/uploads\/KZM-2.png","type":"image\/png"}],"twitter_card":"summary_large_image","twitter_misc":{"Est. reading time":"1 minut"},"schema":{"@context":"https:\/\/schema.org","@graph":[{"@type":"WebPage","@id":"https:\/\/espak.ee\/epood\/toode\/pae-ja-looduskivi-ladumissegu-sakret-kzm-2-25kg\/","url":"https:\/\/espak.ee\/epood\/toode\/pae-ja-looduskivi-ladumissegu-sakret-kzm-2-25kg\/","name":"PAE- JA LOODUSKIVI LADUMISSEGU SAKRET KZM-2 25KG - Espak E-pood","isPartOf":{"@id":"https:\/\/espak.ee\/epood\/#website"},"primaryImageOfPage":{"@id":"https:\/\/espak.ee\/epood\/toode\/pae-ja-looduskivi-ladumissegu-sakret-kzm-2-25kg\/#primaryimage"},"image":{"@id":"https:\/\/espak.ee\/epood\/toode\/pae-ja-looduskivi-ladumissegu-sakret-kzm-2-25kg\/#primaryimage"},"thumbnailUrl":"https:\/\/espak.ee\/epood\/wp-content\/uploads\/KZM-2.png","datePublished":"2019-11-26T00:46:16+00:00","dateModified":"2025-08-17T19:57:20+00:00","breadcrumb":{"@id":"https:\/\/espak.ee\/epood\/toode\/pae-ja-looduskivi-ladumissegu-sakret-kzm-2-25kg\/#breadcrumb"},"inLanguage":"et","potentialAction":[{"@type":"ReadAction","target":["https:\/\/espak.ee\/epood\/toode\/pae-ja-looduskivi-ladumissegu-sakret-kzm-2-25kg\/"]}]},{"@type":"ImageObject","inLanguage":"et","@id":"https:\/\/espak.ee\/epood\/toode\/pae-ja-looduskivi-ladumissegu-sakret-kzm-2-25kg\/#primaryimage","url":"https:\/\/espak.ee\/epood\/wp-content\/uploads\/KZM-2.png","contentUrl":"https:\/\/espak.ee\/epood\/wp-content\/uploads\/KZM-2.png","width":1024,"height":1024},{"@type":"BreadcrumbList","@id":"https:\/\/espak.ee\/epood\/toode\/pae-ja-looduskivi-ladumissegu-sakret-kzm-2-25kg\/#breadcrumb","itemListElement":[{"@type":"ListItem","position":1,"name":"Home","item":"https:\/\/espak.ee\/epood\/"},{"@type":"ListItem","position":2,"name":"Tootevalik","item":"https:\/\/espak.ee\/epood\/tootevalik\/"},{"@type":"ListItem","position":3,"name":"PAE- JA LOODUSKIVI LADUMISSEGU SAKRET KZM-2 25KG"}]},{"@type":"WebSite","@id":"https:\/\/espak.ee\/epood\/#website","url":"https:\/\/espak.ee\/epood\/","name":"Espak E-pood","description":"","potentialAction":[{"@type":"SearchAction","target":{"@type":"EntryPoint","urlTemplate":"https:\/\/espak.ee\/epood\/?s={search_term_string}"},"query-input":{"@type":"PropertyValueSpecification","valueRequired":true,"valueName":"search_term_string"}}],"inLanguage":"et"}]}},"_links":{"self":[{"href":"https:\/\/espak.ee\/epood\/wp-json\/wp\/v2\/product\/11686","targetHints":{"allow":["GET"]}}],"collection":[{"href":"https:\/\/espak.ee\/epood\/wp-json\/wp\/v2\/product"}],"about":[{"href":"https:\/\/espak.ee\/epood\/wp-json\/wp\/v2\/types\/product"}],"replies":[{"embeddable":true,"href":"https:\/\/espak.ee\/epood\/wp-json\/wp\/v2\/comments?post=11686"}],"wp:featuredmedia":[{"embeddable":true,"href":"https:\/\/espak.ee\/epood\/wp-json\/wp\/v2\/media\/12030"}],"wp:attachment":[{"href":"https:\/\/espak.ee\/epood\/wp-json\/wp\/v2\/media?parent=11686"}],"wp:term":[{"taxonomy":"product_brand","embeddable":true,"href":"https:\/\/espak.ee\/epood\/wp-json\/wp\/v2\/product_brand?post=11686"},{"taxonomy":"product_cat","embeddable":true,"href":"https:\/\/espak.ee\/epood\/wp-json\/wp\/v2\/product_cat?post=11686"},{"taxonomy":"product_tag","embeddable":true,"href":"https:\/\/espak.ee\/epood\/wp-json\/wp\/v2\/product_tag?post=11686"}],"curies":[{"name":"wp","href":"https:\/\/api.w.org\/{rel}","templated":true}]}}