{"id":116815,"date":"2022-04-21T10:04:24","date_gmt":"2022-04-21T10:04:24","guid":{"rendered":"https:\/\/espak.ee\/epood\/?post_type=product&#038;p=116815"},"modified":"2026-03-21T10:05:07","modified_gmt":"2026-03-21T08:05:07","slug":"tsink-alumiiniumvarv-k2-zyncaluminium-120c-400ml","status":"publish","type":"product","link":"https:\/\/espak.ee\/epood\/toode\/tsink-alumiiniumvarv-k2-zyncaluminium-120c-400ml\/","title":{"rendered":"TSINK-ALUMIINIUMV\u00c4RV K2 ZYNC+ALUMINIUM +120\u00b0C 400ML"},"content":{"rendered":"<div class=\"row\"  id=\"row-2142021953\">\n\n\t<div id=\"col-1887888106\" class=\"col medium-9 small-12 large-9\"  >\n\t\t\t\t<div class=\"col-inner\"  >\n\t\t\t\n\t\t\t\n<h3>Tsink-Alumiiniumv\u00e4rv K2 Zync+Aluminium +120\u00b0C 400ml<\/h3>\n<p>Tsingi ja alumiiniumi baasil valmistatud korrosioonikaitsevahend. Sobib kasutamiseks keeviste ja l\u00f5ikeservade kaitseks korrosiooni eest. Sobib ka eelnevalt galvaniseeritud pindade parandamiseks nagu autokered, haagised ja metallkonstruktsioonid. Moodustab elastse, kiirelt kuivava ja k\u00f5rget temperatuuri (+120\u00b0C) kannatava kaitsekihi. T\u00f6\u00f6deldud pindade katmiseks sobivad enamus tavap\u00e4raseid viimistlusvahendeid.<\/p>\n\t\t<\/div>\n\t\t\t\t\t<\/div>\n\n\t\n\n\t<div id=\"col-330746417\" class=\"col medium-3 small-12 large-3\"  >\n\t\t\t\t<div class=\"col-inner\"  >\n\t\t\t\n\t\t\t\n\t<div id=\"gap-1889749195\" class=\"gap-element clearfix\" style=\"display:block; height:auto;\">\n\t\t\n<style>\n#gap-1889749195 {\n  padding-top: 30px;\n}\n<\/style>\n\t<\/div>\n\t\n<p><strong>\u00dcksikasjalikuma n\u00f5u saamiseks v\u00f5tke \u00fchendust:<br \/><\/strong>MOTORAL EESTI AS<br \/>Tala 6<br \/>11415<br \/>Tallinn<br \/> Telefon +372 620 1464<\/p>\n\t\t<\/div>\n\t\t\t\t\t<\/div>\n\n\t\n<\/div>\n","protected":false},"excerpt":{"rendered":"","protected":false},"featured_media":116876,"comment_status":"closed","ping_status":"closed","template":"","meta":[],"product_brand":[],"product_cat":[2691,3441,2684,2683],"product_tag":[],"class_list":{"0":"post-116815","1":"product","2":"type-product","3":"status-publish","4":"has-post-thumbnail","6":"product_cat-lahustid","7":"product_cat-lahustid-ja-pesuained","8":"product_cat-varvid-lakid-lahustid-puidukaitsed-olid","9":"product_cat-viimistluskaubad","10":"product_shipping_class-dpd-cold","11":"pa_kaubamark-motoral-eesti-as","13":"first","14":"instock","15":"sale","16":"taxable","17":"shipping-taxable","18":"purchasable","19":"product-type-simple"},"yoast_head":"<!-- This site is optimized with the Yoast SEO plugin v26.9 - https:\/\/yoast.com\/product\/yoast-seo-wordpress\/ -->\n<title>TSINK-ALUMIINIUMV\u00c4RV K2 ZYNC+ALUMINIUM +120\u00b0C 400ML - Espak E-pood<\/title>\n<meta name=\"robots\" content=\"index, follow, max-snippet:-1, max-image-preview:large, max-video-preview:-1\" \/>\n<link rel=\"canonical\" href=\"https:\/\/espak.ee\/epood\/toode\/tsink-alumiiniumvarv-k2-zyncaluminium-120c-400ml\/\" \/>\n<meta property=\"og:locale\" content=\"et_EE\" \/>\n<meta property=\"og:type\" content=\"article\" \/>\n<meta property=\"og:title\" content=\"TSINK-ALUMIINIUMV\u00c4RV K2 ZYNC+ALUMINIUM +120\u00b0C 400ML - Espak E-pood\" \/>\n<meta property=\"og:url\" content=\"https:\/\/espak.ee\/epood\/toode\/tsink-alumiiniumvarv-k2-zyncaluminium-120c-400ml\/\" \/>\n<meta property=\"og:site_name\" content=\"Espak E-pood\" \/>\n<meta property=\"article:modified_time\" content=\"2026-03-21T08:05:07+00:00\" \/>\n<meta property=\"og:image\" content=\"https:\/\/espak.ee\/epood\/wp-content\/uploads\/2022\/04\/K2L352-2.jpg\" \/>\n\t<meta property=\"og:image:width\" content=\"800\" \/>\n\t<meta property=\"og:image:height\" content=\"800\" \/>\n\t<meta property=\"og:image:type\" content=\"image\/jpeg\" \/>\n<meta name=\"twitter:card\" content=\"summary_large_image\" \/>\n<script type=\"application\/ld+json\" class=\"yoast-schema-graph\">{\"@context\":\"https:\/\/schema.org\",\"@graph\":[{\"@type\":\"WebPage\",\"@id\":\"https:\/\/espak.ee\/epood\/toode\/tsink-alumiiniumvarv-k2-zyncaluminium-120c-400ml\/\",\"url\":\"https:\/\/espak.ee\/epood\/toode\/tsink-alumiiniumvarv-k2-zyncaluminium-120c-400ml\/\",\"name\":\"TSINK-ALUMIINIUMV\u00c4RV K2 ZYNC+ALUMINIUM +120\u00b0C 400ML - Espak E-pood\",\"isPartOf\":{\"@id\":\"https:\/\/espak.ee\/epood\/#website\"},\"primaryImageOfPage\":{\"@id\":\"https:\/\/espak.ee\/epood\/toode\/tsink-alumiiniumvarv-k2-zyncaluminium-120c-400ml\/#primaryimage\"},\"image\":{\"@id\":\"https:\/\/espak.ee\/epood\/toode\/tsink-alumiiniumvarv-k2-zyncaluminium-120c-400ml\/#primaryimage\"},\"thumbnailUrl\":\"https:\/\/espak.ee\/epood\/wp-content\/uploads\/2022\/04\/K2L352-2.jpg\",\"datePublished\":\"2022-04-21T10:04:24+00:00\",\"dateModified\":\"2026-03-21T08:05:07+00:00\",\"breadcrumb\":{\"@id\":\"https:\/\/espak.ee\/epood\/toode\/tsink-alumiiniumvarv-k2-zyncaluminium-120c-400ml\/#breadcrumb\"},\"inLanguage\":\"et\",\"potentialAction\":[{\"@type\":\"ReadAction\",\"target\":[\"https:\/\/espak.ee\/epood\/toode\/tsink-alumiiniumvarv-k2-zyncaluminium-120c-400ml\/\"]}]},{\"@type\":\"ImageObject\",\"inLanguage\":\"et\",\"@id\":\"https:\/\/espak.ee\/epood\/toode\/tsink-alumiiniumvarv-k2-zyncaluminium-120c-400ml\/#primaryimage\",\"url\":\"https:\/\/espak.ee\/epood\/wp-content\/uploads\/2022\/04\/K2L352-2.jpg\",\"contentUrl\":\"https:\/\/espak.ee\/epood\/wp-content\/uploads\/2022\/04\/K2L352-2.jpg\",\"width\":800,\"height\":800},{\"@type\":\"BreadcrumbList\",\"@id\":\"https:\/\/espak.ee\/epood\/toode\/tsink-alumiiniumvarv-k2-zyncaluminium-120c-400ml\/#breadcrumb\",\"itemListElement\":[{\"@type\":\"ListItem\",\"position\":1,\"name\":\"Home\",\"item\":\"https:\/\/espak.ee\/epood\/\"},{\"@type\":\"ListItem\",\"position\":2,\"name\":\"Tootevalik\",\"item\":\"https:\/\/espak.ee\/epood\/tootevalik\/\"},{\"@type\":\"ListItem\",\"position\":3,\"name\":\"TSINK-ALUMIINIUMV\u00c4RV K2 ZYNC+ALUMINIUM +120\u00b0C 400ML\"}]},{\"@type\":\"WebSite\",\"@id\":\"https:\/\/espak.ee\/epood\/#website\",\"url\":\"https:\/\/espak.ee\/epood\/\",\"name\":\"Espak E-pood\",\"description\":\"\",\"potentialAction\":[{\"@type\":\"SearchAction\",\"target\":{\"@type\":\"EntryPoint\",\"urlTemplate\":\"https:\/\/espak.ee\/epood\/?s={search_term_string}\"},\"query-input\":{\"@type\":\"PropertyValueSpecification\",\"valueRequired\":true,\"valueName\":\"search_term_string\"}}],\"inLanguage\":\"et\"}]}<\/script>\n<!-- \/ Yoast SEO plugin. -->","yoast_head_json":{"title":"TSINK-ALUMIINIUMV\u00c4RV K2 ZYNC+ALUMINIUM +120\u00b0C 400ML - Espak E-pood","robots":{"index":"index","follow":"follow","max-snippet":"max-snippet:-1","max-image-preview":"max-image-preview:large","max-video-preview":"max-video-preview:-1"},"canonical":"https:\/\/espak.ee\/epood\/toode\/tsink-alumiiniumvarv-k2-zyncaluminium-120c-400ml\/","og_locale":"et_EE","og_type":"article","og_title":"TSINK-ALUMIINIUMV\u00c4RV K2 ZYNC+ALUMINIUM +120\u00b0C 400ML - Espak E-pood","og_url":"https:\/\/espak.ee\/epood\/toode\/tsink-alumiiniumvarv-k2-zyncaluminium-120c-400ml\/","og_site_name":"Espak E-pood","article_modified_time":"2026-03-21T08:05:07+00:00","og_image":[{"width":800,"height":800,"url":"https:\/\/espak.ee\/epood\/wp-content\/uploads\/2022\/04\/K2L352-2.jpg","type":"image\/jpeg"}],"twitter_card":"summary_large_image","schema":{"@context":"https:\/\/schema.org","@graph":[{"@type":"WebPage","@id":"https:\/\/espak.ee\/epood\/toode\/tsink-alumiiniumvarv-k2-zyncaluminium-120c-400ml\/","url":"https:\/\/espak.ee\/epood\/toode\/tsink-alumiiniumvarv-k2-zyncaluminium-120c-400ml\/","name":"TSINK-ALUMIINIUMV\u00c4RV K2 ZYNC+ALUMINIUM +120\u00b0C 400ML - Espak E-pood","isPartOf":{"@id":"https:\/\/espak.ee\/epood\/#website"},"primaryImageOfPage":{"@id":"https:\/\/espak.ee\/epood\/toode\/tsink-alumiiniumvarv-k2-zyncaluminium-120c-400ml\/#primaryimage"},"image":{"@id":"https:\/\/espak.ee\/epood\/toode\/tsink-alumiiniumvarv-k2-zyncaluminium-120c-400ml\/#primaryimage"},"thumbnailUrl":"https:\/\/espak.ee\/epood\/wp-content\/uploads\/2022\/04\/K2L352-2.jpg","datePublished":"2022-04-21T10:04:24+00:00","dateModified":"2026-03-21T08:05:07+00:00","breadcrumb":{"@id":"https:\/\/espak.ee\/epood\/toode\/tsink-alumiiniumvarv-k2-zyncaluminium-120c-400ml\/#breadcrumb"},"inLanguage":"et","potentialAction":[{"@type":"ReadAction","target":["https:\/\/espak.ee\/epood\/toode\/tsink-alumiiniumvarv-k2-zyncaluminium-120c-400ml\/"]}]},{"@type":"ImageObject","inLanguage":"et","@id":"https:\/\/espak.ee\/epood\/toode\/tsink-alumiiniumvarv-k2-zyncaluminium-120c-400ml\/#primaryimage","url":"https:\/\/espak.ee\/epood\/wp-content\/uploads\/2022\/04\/K2L352-2.jpg","contentUrl":"https:\/\/espak.ee\/epood\/wp-content\/uploads\/2022\/04\/K2L352-2.jpg","width":800,"height":800},{"@type":"BreadcrumbList","@id":"https:\/\/espak.ee\/epood\/toode\/tsink-alumiiniumvarv-k2-zyncaluminium-120c-400ml\/#breadcrumb","itemListElement":[{"@type":"ListItem","position":1,"name":"Home","item":"https:\/\/espak.ee\/epood\/"},{"@type":"ListItem","position":2,"name":"Tootevalik","item":"https:\/\/espak.ee\/epood\/tootevalik\/"},{"@type":"ListItem","position":3,"name":"TSINK-ALUMIINIUMV\u00c4RV K2 ZYNC+ALUMINIUM +120\u00b0C 400ML"}]},{"@type":"WebSite","@id":"https:\/\/espak.ee\/epood\/#website","url":"https:\/\/espak.ee\/epood\/","name":"Espak E-pood","description":"","potentialAction":[{"@type":"SearchAction","target":{"@type":"EntryPoint","urlTemplate":"https:\/\/espak.ee\/epood\/?s={search_term_string}"},"query-input":{"@type":"PropertyValueSpecification","valueRequired":true,"valueName":"search_term_string"}}],"inLanguage":"et"}]}},"_links":{"self":[{"href":"https:\/\/espak.ee\/epood\/wp-json\/wp\/v2\/product\/116815","targetHints":{"allow":["GET"]}}],"collection":[{"href":"https:\/\/espak.ee\/epood\/wp-json\/wp\/v2\/product"}],"about":[{"href":"https:\/\/espak.ee\/epood\/wp-json\/wp\/v2\/types\/product"}],"replies":[{"embeddable":true,"href":"https:\/\/espak.ee\/epood\/wp-json\/wp\/v2\/comments?post=116815"}],"wp:featuredmedia":[{"embeddable":true,"href":"https:\/\/espak.ee\/epood\/wp-json\/wp\/v2\/media\/116876"}],"wp:attachment":[{"href":"https:\/\/espak.ee\/epood\/wp-json\/wp\/v2\/media?parent=116815"}],"wp:term":[{"taxonomy":"product_brand","embeddable":true,"href":"https:\/\/espak.ee\/epood\/wp-json\/wp\/v2\/product_brand?post=116815"},{"taxonomy":"product_cat","embeddable":true,"href":"https:\/\/espak.ee\/epood\/wp-json\/wp\/v2\/product_cat?post=116815"},{"taxonomy":"product_tag","embeddable":true,"href":"https:\/\/espak.ee\/epood\/wp-json\/wp\/v2\/product_tag?post=116815"}],"curies":[{"name":"wp","href":"https:\/\/api.w.org\/{rel}","templated":true}]}}